{"id":11613,"date":"2026-03-05T15:23:29","date_gmt":"2026-03-05T15:23:29","guid":{"rendered":"https:\/\/ksproducts.ca\/?post_type=product&#038;p=11613"},"modified":"2026-03-16T16:23:46","modified_gmt":"2026-03-16T16:23:46","slug":"turtle-wax-4-piece-carnauba-wash-wax-kit","status":"publish","type":"product","link":"https:\/\/ksproducts.ca\/fr\/product\/turtle-wax-4-piece-carnauba-wash-wax-kit\/","title":{"rendered":"Kit de lavage et de cirage au carnauba 4 pi\u00e8ces de Turtle Wax"},"content":{"rendered":"<ul>\n<li data-start=\"190\" data-end=\"277\">Comprend le lavage et la cire Carnauba, la cire nettoyante en p\u00e2te Carnauba et la cire en spray Express Shine.<\/li>\n<li data-start=\"280\" data-end=\"347\">Aide \u00e0 nettoyer, faire briller et prot\u00e9ger la peinture des v\u00e9hicules en trois \u00e9tapes faciles<\/li>\n<li data-start=\"350\" data-end=\"405\">La formule \u00e0 base de cire de carnauba am\u00e9liore la brillance et le perlage de l'eau.<\/li>\n<li data-start=\"408\" data-end=\"474\">Kit id\u00e9al pour conserver une finition durable, digne d'une salle de spectacle<\/li>\n<\/ul>","protected":false},"excerpt":{"rendered":"<p>Kit complet de nettoyage ext\u00e9rieur de 3 pi\u00e8ces avec des produits \u00e0 base de cire de Carnauba con\u00e7us pour laver, nettoyer et prot\u00e9ger la peinture de votre v\u00e9hicule pour une brillance intense.<\/p>","protected":false},"featured_media":11614,"comment_status":"open","ping_status":"closed","template":"","meta":[],"product_cat":[430],"product_tag":[],"class_list":{"0":"post-11613","1":"product","2":"type-product","3":"status-publish","4":"has-post-thumbnail","6":"product_cat-automotive-gear","7":"product_shipping_class-class-1","9":"first","10":"instock","11":"taxable","12":"shipping-taxable","13":"purchasable","14":"product-type-simple"},"yoast_head":"<!-- This site is optimized with the Yoast SEO plugin v27.3 - https:\/\/yoast.com\/product\/yoast-seo-wordpress\/ -->\n<title>Turtle Wax 4-piece Carnauba Wash &amp; Wax Kit - Ks Products<\/title>\n<meta name=\"robots\" content=\"index, follow, max-snippet:-1, max-image-preview:large, max-video-preview:-1\" \/>\n<link rel=\"canonical\" href=\"https:\/\/ksproducts.ca\/fr\/product\/turtle-wax-4-piece-carnauba-wash-wax-kit\/\" \/>\n<meta property=\"og:locale\" content=\"fr_CA\" \/>\n<meta property=\"og:type\" content=\"article\" \/>\n<meta property=\"og:title\" content=\"Turtle Wax 4-piece Carnauba Wash &amp; Wax Kit - Ks Products\" \/>\n<meta property=\"og:description\" content=\"Complete 3-piece car exterior cleaning kit with Carnauba wax products designed to wash, clean, and protect your vehicle\u2019s paint for a deep shine.\" \/>\n<meta property=\"og:url\" content=\"https:\/\/ksproducts.ca\/fr\/product\/turtle-wax-4-piece-carnauba-wash-wax-kit\/\" \/>\n<meta property=\"og:site_name\" content=\"Ks Products\" \/>\n<meta property=\"article:modified_time\" content=\"2026-03-16T16:23:46+00:00\" \/>\n<meta property=\"og:image\" content=\"https:\/\/ksproducts.ca\/wp-content\/uploads\/2026\/03\/Turtle-Wax-4-piece-Carnauba-Wash-Wax-Kit-1.jpg\" \/>\n\t<meta property=\"og:image:width\" content=\"600\" \/>\n\t<meta property=\"og:image:height\" content=\"600\" \/>\n\t<meta property=\"og:image:type\" content=\"image\/jpeg\" \/>\n<meta name=\"twitter:card\" content=\"summary_large_image\" \/>\n<meta name=\"twitter:label1\" content=\"Estimation du temps de lecture\" \/>\n\t<meta name=\"twitter:data1\" content=\"1 minute\" \/>\n<script type=\"application\/ld+json\" class=\"yoast-schema-graph\">{\"@context\":\"https:\\\/\\\/schema.org\",\"@graph\":[{\"@type\":\"WebPage\",\"@id\":\"https:\\\/\\\/ksproducts.ca\\\/product\\\/turtle-wax-4-piece-carnauba-wash-wax-kit\\\/\",\"url\":\"https:\\\/\\\/ksproducts.ca\\\/product\\\/turtle-wax-4-piece-carnauba-wash-wax-kit\\\/\",\"name\":\"Turtle Wax 4-piece Carnauba Wash & Wax Kit - Ks Products\",\"isPartOf\":{\"@id\":\"https:\\\/\\\/ksproducts.ca\\\/#website\"},\"primaryImageOfPage\":{\"@id\":\"https:\\\/\\\/ksproducts.ca\\\/product\\\/turtle-wax-4-piece-carnauba-wash-wax-kit\\\/#primaryimage\"},\"image\":{\"@id\":\"https:\\\/\\\/ksproducts.ca\\\/product\\\/turtle-wax-4-piece-carnauba-wash-wax-kit\\\/#primaryimage\"},\"thumbnailUrl\":\"https:\\\/\\\/ksproducts.ca\\\/wp-content\\\/uploads\\\/2026\\\/03\\\/Turtle-Wax-4-piece-Carnauba-Wash-Wax-Kit-1.jpg\",\"datePublished\":\"2026-03-05T15:23:29+00:00\",\"dateModified\":\"2026-03-16T16:23:46+00:00\",\"breadcrumb\":{\"@id\":\"https:\\\/\\\/ksproducts.ca\\\/product\\\/turtle-wax-4-piece-carnauba-wash-wax-kit\\\/#breadcrumb\"},\"inLanguage\":\"fr-CA\",\"potentialAction\":[{\"@type\":\"ReadAction\",\"target\":[\"https:\\\/\\\/ksproducts.ca\\\/product\\\/turtle-wax-4-piece-carnauba-wash-wax-kit\\\/\"]}]},{\"@type\":\"ImageObject\",\"inLanguage\":\"fr-CA\",\"@id\":\"https:\\\/\\\/ksproducts.ca\\\/product\\\/turtle-wax-4-piece-carnauba-wash-wax-kit\\\/#primaryimage\",\"url\":\"https:\\\/\\\/ksproducts.ca\\\/wp-content\\\/uploads\\\/2026\\\/03\\\/Turtle-Wax-4-piece-Carnauba-Wash-Wax-Kit-1.jpg\",\"contentUrl\":\"https:\\\/\\\/ksproducts.ca\\\/wp-content\\\/uploads\\\/2026\\\/03\\\/Turtle-Wax-4-piece-Carnauba-Wash-Wax-Kit-1.jpg\",\"width\":600,\"height\":600,\"caption\":\"Turtle Wax 4 piece Carnauba Wash & Wax Kit\"},{\"@type\":\"BreadcrumbList\",\"@id\":\"https:\\\/\\\/ksproducts.ca\\\/product\\\/turtle-wax-4-piece-carnauba-wash-wax-kit\\\/#breadcrumb\",\"itemListElement\":[{\"@type\":\"ListItem\",\"position\":1,\"name\":\"Home\",\"item\":\"https:\\\/\\\/ksproducts.ca\\\/\"},{\"@type\":\"ListItem\",\"position\":2,\"name\":\"Shop\",\"item\":\"https:\\\/\\\/ksproducts.ca\\\/shop\\\/\"},{\"@type\":\"ListItem\",\"position\":3,\"name\":\"Turtle Wax 4-piece Carnauba Wash &#038; Wax Kit\"}]},{\"@type\":\"WebSite\",\"@id\":\"https:\\\/\\\/ksproducts.ca\\\/#website\",\"url\":\"https:\\\/\\\/ksproducts.ca\\\/\",\"name\":\"Ks Products\",\"description\":\"Outdoor cooking and living, made easy in Canada\",\"publisher\":{\"@id\":\"https:\\\/\\\/ksproducts.ca\\\/#organization\"},\"potentialAction\":[{\"@type\":\"SearchAction\",\"target\":{\"@type\":\"EntryPoint\",\"urlTemplate\":\"https:\\\/\\\/ksproducts.ca\\\/?s={search_term_string}\"},\"query-input\":{\"@type\":\"PropertyValueSpecification\",\"valueRequired\":true,\"valueName\":\"search_term_string\"}}],\"inLanguage\":\"fr-CA\"},{\"@type\":\"Organization\",\"@id\":\"https:\\\/\\\/ksproducts.ca\\\/#organization\",\"name\":\"Ks Products\",\"url\":\"https:\\\/\\\/ksproducts.ca\\\/\",\"logo\":{\"@type\":\"ImageObject\",\"inLanguage\":\"fr-CA\",\"@id\":\"https:\\\/\\\/ksproducts.ca\\\/#\\\/schema\\\/logo\\\/image\\\/\",\"url\":\"https:\\\/\\\/ksproducts.ca\\\/wp-content\\\/uploads\\\/2023\\\/09\\\/Kennedy-Sales-Logo-header-1.png\",\"contentUrl\":\"https:\\\/\\\/ksproducts.ca\\\/wp-content\\\/uploads\\\/2023\\\/09\\\/Kennedy-Sales-Logo-header-1.png\",\"width\":150,\"height\":77,\"caption\":\"Ks Products\"},\"image\":{\"@id\":\"https:\\\/\\\/ksproducts.ca\\\/#\\\/schema\\\/logo\\\/image\\\/\"}}]}<\/script>\n<!-- \/ Yoast SEO plugin. -->","yoast_head_json":{"title":"Kit de lavage et de cirage au carnauba 4 pi\u00e8ces de Turtle Wax - Ks Products","robots":{"index":"index","follow":"follow","max-snippet":"max-snippet:-1","max-image-preview":"max-image-preview:large","max-video-preview":"max-video-preview:-1"},"canonical":"https:\/\/ksproducts.ca\/fr\/product\/turtle-wax-4-piece-carnauba-wash-wax-kit\/","og_locale":"fr_CA","og_type":"article","og_title":"Turtle Wax 4-piece Carnauba Wash & Wax Kit - Ks Products","og_description":"Complete 3-piece car exterior cleaning kit with Carnauba wax products designed to wash, clean, and protect your vehicle\u2019s paint for a deep shine.","og_url":"https:\/\/ksproducts.ca\/fr\/product\/turtle-wax-4-piece-carnauba-wash-wax-kit\/","og_site_name":"Ks Products","article_modified_time":"2026-03-16T16:23:46+00:00","og_image":[{"width":600,"height":600,"url":"https:\/\/ksproducts.ca\/wp-content\/uploads\/2026\/03\/Turtle-Wax-4-piece-Carnauba-Wash-Wax-Kit-1.jpg","type":"image\/jpeg"}],"twitter_card":"summary_large_image","twitter_misc":{"Estimation du temps de lecture":"1 minute"},"schema":{"@context":"https:\/\/schema.org","@graph":[{"@type":"WebPage","@id":"https:\/\/ksproducts.ca\/product\/turtle-wax-4-piece-carnauba-wash-wax-kit\/","url":"https:\/\/ksproducts.ca\/product\/turtle-wax-4-piece-carnauba-wash-wax-kit\/","name":"Kit de lavage et de cirage au carnauba 4 pi\u00e8ces de Turtle Wax - Ks Products","isPartOf":{"@id":"https:\/\/ksproducts.ca\/#website"},"primaryImageOfPage":{"@id":"https:\/\/ksproducts.ca\/product\/turtle-wax-4-piece-carnauba-wash-wax-kit\/#primaryimage"},"image":{"@id":"https:\/\/ksproducts.ca\/product\/turtle-wax-4-piece-carnauba-wash-wax-kit\/#primaryimage"},"thumbnailUrl":"https:\/\/ksproducts.ca\/wp-content\/uploads\/2026\/03\/Turtle-Wax-4-piece-Carnauba-Wash-Wax-Kit-1.jpg","datePublished":"2026-03-05T15:23:29+00:00","dateModified":"2026-03-16T16:23:46+00:00","breadcrumb":{"@id":"https:\/\/ksproducts.ca\/product\/turtle-wax-4-piece-carnauba-wash-wax-kit\/#breadcrumb"},"inLanguage":"fr-CA","potentialAction":[{"@type":"ReadAction","target":["https:\/\/ksproducts.ca\/product\/turtle-wax-4-piece-carnauba-wash-wax-kit\/"]}]},{"@type":"ImageObject","inLanguage":"fr-CA","@id":"https:\/\/ksproducts.ca\/product\/turtle-wax-4-piece-carnauba-wash-wax-kit\/#primaryimage","url":"https:\/\/ksproducts.ca\/wp-content\/uploads\/2026\/03\/Turtle-Wax-4-piece-Carnauba-Wash-Wax-Kit-1.jpg","contentUrl":"https:\/\/ksproducts.ca\/wp-content\/uploads\/2026\/03\/Turtle-Wax-4-piece-Carnauba-Wash-Wax-Kit-1.jpg","width":600,"height":600,"caption":"Turtle Wax 4 piece Carnauba Wash & Wax Kit"},{"@type":"BreadcrumbList","@id":"https:\/\/ksproducts.ca\/product\/turtle-wax-4-piece-carnauba-wash-wax-kit\/#breadcrumb","itemListElement":[{"@type":"ListItem","position":1,"name":"Home","item":"https:\/\/ksproducts.ca\/"},{"@type":"ListItem","position":2,"name":"Shop","item":"https:\/\/ksproducts.ca\/shop\/"},{"@type":"ListItem","position":3,"name":"Turtle Wax 4-piece Carnauba Wash &#038; Wax Kit"}]},{"@type":"WebSite","@id":"https:\/\/ksproducts.ca\/#website","url":"https:\/\/ksproducts.ca\/","name":"Produits Ks","description":"Cuisiner et vivre en plein air, c'est facile au Canada","publisher":{"@id":"https:\/\/ksproducts.ca\/#organization"},"potentialAction":[{"@type":"SearchAction","target":{"@type":"EntryPoint","urlTemplate":"https:\/\/ksproducts.ca\/?s={search_term_string}"},"query-input":{"@type":"PropertyValueSpecification","valueRequired":true,"valueName":"search_term_string"}}],"inLanguage":"fr-CA"},{"@type":"Organization","@id":"https:\/\/ksproducts.ca\/#organization","name":"Produits Ks","url":"https:\/\/ksproducts.ca\/","logo":{"@type":"ImageObject","inLanguage":"fr-CA","@id":"https:\/\/ksproducts.ca\/#\/schema\/logo\/image\/","url":"https:\/\/ksproducts.ca\/wp-content\/uploads\/2023\/09\/Kennedy-Sales-Logo-header-1.png","contentUrl":"https:\/\/ksproducts.ca\/wp-content\/uploads\/2023\/09\/Kennedy-Sales-Logo-header-1.png","width":150,"height":77,"caption":"Ks Products"},"image":{"@id":"https:\/\/ksproducts.ca\/#\/schema\/logo\/image\/"}}]}},"_links":{"self":[{"href":"https:\/\/ksproducts.ca\/fr\/wp-json\/wp\/v2\/product\/11613","targetHints":{"allow":["GET"]}}],"collection":[{"href":"https:\/\/ksproducts.ca\/fr\/wp-json\/wp\/v2\/product"}],"about":[{"href":"https:\/\/ksproducts.ca\/fr\/wp-json\/wp\/v2\/types\/product"}],"replies":[{"embeddable":true,"href":"https:\/\/ksproducts.ca\/fr\/wp-json\/wp\/v2\/comments?post=11613"}],"version-history":[{"count":2,"href":"https:\/\/ksproducts.ca\/fr\/wp-json\/wp\/v2\/product\/11613\/revisions"}],"predecessor-version":[{"id":12689,"href":"https:\/\/ksproducts.ca\/fr\/wp-json\/wp\/v2\/product\/11613\/revisions\/12689"}],"wp:featuredmedia":[{"embeddable":true,"href":"https:\/\/ksproducts.ca\/fr\/wp-json\/wp\/v2\/media\/11614"}],"wp:attachment":[{"href":"https:\/\/ksproducts.ca\/fr\/wp-json\/wp\/v2\/media?parent=11613"}],"wp:term":[{"taxonomy":"product_cat","embeddable":true,"href":"https:\/\/ksproducts.ca\/fr\/wp-json\/wp\/v2\/product_cat?post=11613"},{"taxonomy":"product_tag","embeddable":true,"href":"https:\/\/ksproducts.ca\/fr\/wp-json\/wp\/v2\/product_tag?post=11613"}],"curies":[{"name":"wp","href":"https:\/\/api.w.org\/{rel}","templated":true}]}}