{"id":11622,"date":"2026-03-05T15:37:25","date_gmt":"2026-03-05T15:37:25","guid":{"rendered":"https:\/\/ksproducts.ca\/?post_type=product&#038;p=11622"},"modified":"2026-03-05T15:37:25","modified_gmt":"2026-03-05T15:37:25","slug":"turtle-wax-interior-1-multi-purpose-cleaner-stain-remover-with-oxi-power","status":"publish","type":"product","link":"https:\/\/ksproducts.ca\/fr\/product\/turtle-wax-interior-1-multi-purpose-cleaner-stain-remover-with-oxi-power\/","title":{"rendered":"Turtle Wax Interior 1 Nettoyant et d\u00e9tachant multi-usages avec Oxi Power"},"content":{"rendered":"<p>&nbsp;<\/p>\n<ul>\n<li>La formule de nettoyage avanc\u00e9e nettoie en profondeur et d\u00e9sodorise les tapis et les tissus d'ameublement en une seule \u00e9tape.<\/li>\n<li>Formul\u00e9 avec des nettoyants oxyg\u00e9n\u00e9s pour un nettoyage incroyable et une \u00e9limination puissante des taches.<\/li>\n<li>Nettoie en profondeur, d\u00e9sodorise et prot\u00e8ge les tapis et les tissus.<\/li>\n<li>Encapsule et \u00e9limine les odeurs caus\u00e9es par la fum\u00e9e, les animaux domestiques, la nourriture, etc.<\/li>\n<li>Utilisation dans la voiture, le bateau, le camping-car et la maison<\/li>\n<\/ul>","protected":false},"excerpt":{"rendered":"<div class=\"mb3\">\n<div class=\"dangerous-html mb3\">La solution tout-en-un la plus simple pour \u00e9liminer les taches et les odeurs sur toutes les surfaces int\u00e9rieures, y compris les moquettes, les tissus d'ameublement, le plastique et le vinyle. La toute nouvelle micro-brosse en instance de brevet nettoie en profondeur les fibres des tissus et se d\u00e9tache pour une facilit\u00e9 d'utilisation ultime et un nettoyage cibl\u00e9 en profondeur. La formule triple action nettoie, d\u00e9sodorise et prot\u00e8ge le tissu, le vinyle et la moquette. Formul\u00e9e avec des nettoyants oxyg\u00e9n\u00e9s qui encapsulent et \u00e9liminent les odeurs caus\u00e9es par la fum\u00e9e, les animaux domestiques et la nourriture. \u00c9limine puissamment les taches incrust\u00e9es, le caf\u00e9, le jus, la graisse, le maquillage, le ketchup, l'huile, l'encre, la moutarde et bien d'autres encore !<br \/>\nLa formule de nettoyage avanc\u00e9e nettoie en profondeur et d\u00e9sodorise les tapis et les tissus d'ameublement en une seule \u00e9tape.<br \/>\nFormul\u00e9 avec des nettoyants oxyg\u00e9n\u00e9s pour un nettoyage incroyable et une \u00e9limination puissante des taches.<br \/>\nNettoie en profondeur, d\u00e9sodorise et prot\u00e8ge les tapis et les tissus.<br \/>\nEncapsule et \u00e9limine les odeurs caus\u00e9es par la fum\u00e9e, les animaux domestiques, la nourriture, etc.<br \/>\nA utiliser dans la voiture, le bateau, le camping-car et la maison.<\/div>\n<\/div>","protected":false},"featured_media":11624,"comment_status":"open","ping_status":"closed","template":"","meta":[],"product_cat":[430],"product_tag":[],"class_list":{"0":"post-11622","1":"product","2":"type-product","3":"status-publish","4":"has-post-thumbnail","6":"product_cat-automotive-gear","7":"product_shipping_class-class-1","9":"first","10":"instock","11":"taxable","12":"shipping-taxable","13":"purchasable","14":"product-type-simple"},"yoast_head":"<!-- This site is optimized with the Yoast SEO plugin v27.3 - https:\/\/yoast.com\/product\/yoast-seo-wordpress\/ -->\n<title>Turtle Wax Interior 1 Multi-Purpose Cleaner &amp; Stain Remover with Oxi Power - Ks Products<\/title>\n<meta name=\"robots\" content=\"index, follow, max-snippet:-1, max-image-preview:large, max-video-preview:-1\" \/>\n<link rel=\"canonical\" href=\"https:\/\/ksproducts.ca\/fr\/product\/turtle-wax-interior-1-multi-purpose-cleaner-stain-remover-with-oxi-power\/\" \/>\n<meta property=\"og:locale\" content=\"fr_CA\" \/>\n<meta property=\"og:type\" content=\"article\" \/>\n<meta property=\"og:title\" content=\"Turtle Wax Interior 1 Multi-Purpose Cleaner &amp; Stain Remover with Oxi Power - Ks Products\" \/>\n<meta property=\"og:description\" content=\"The easiest all-in-one solution for removing stains &amp; odors on every interior surface, including carpets, upholstery fabrics, plastic &amp; vinyl. The all-new patent pending micro-scrub brush cleans deep into fabric fibers, and detaches for ultimate ease of use and deep, targeted cleaning. Triple action formula cleans, deodorizes and protects fabric, vinyl and carpet. Formulated with oxygenated cleaners that encapsulate and eliminate odors caused by smoke, pets and food. Powerfully removes ground-in stains, coffee, juice, grease, makeup, ketchup, oil, ink, mustard and more! Advanced cleaning formula deep cleans and deodorizes carpet and upholstery in one step. Formulated with oxygenated cleaners for incredible cleaning and powerful stain removal. Deep cleans, deodorizes, and protects carpet and fabrics. Encapsulates and removes odors caused by smoke, pets, food and more. Use in the car, boat, RV and home.\" \/>\n<meta property=\"og:url\" content=\"https:\/\/ksproducts.ca\/fr\/product\/turtle-wax-interior-1-multi-purpose-cleaner-stain-remover-with-oxi-power\/\" \/>\n<meta property=\"og:site_name\" content=\"Ks Products\" \/>\n<meta property=\"og:image\" content=\"https:\/\/ksproducts.ca\/wp-content\/uploads\/2026\/03\/Turtle-Wax-Interior-1-Multi-Purpose-Cleaner-Stain-Remover-with-Oxi-Power.webp\" \/>\n\t<meta property=\"og:image:width\" content=\"640\" \/>\n\t<meta property=\"og:image:height\" content=\"640\" \/>\n\t<meta property=\"og:image:type\" content=\"image\/webp\" \/>\n<meta name=\"twitter:card\" content=\"summary_large_image\" \/>\n<meta name=\"twitter:label1\" content=\"Estimation du temps de lecture\" \/>\n\t<meta name=\"twitter:data1\" content=\"1 minute\" \/>\n<script type=\"application\/ld+json\" class=\"yoast-schema-graph\">{\"@context\":\"https:\\\/\\\/schema.org\",\"@graph\":[{\"@type\":\"WebPage\",\"@id\":\"https:\\\/\\\/ksproducts.ca\\\/product\\\/turtle-wax-interior-1-multi-purpose-cleaner-stain-remover-with-oxi-power\\\/\",\"url\":\"https:\\\/\\\/ksproducts.ca\\\/product\\\/turtle-wax-interior-1-multi-purpose-cleaner-stain-remover-with-oxi-power\\\/\",\"name\":\"Turtle Wax Interior 1 Multi-Purpose Cleaner & Stain Remover with Oxi Power - Ks Products\",\"isPartOf\":{\"@id\":\"https:\\\/\\\/ksproducts.ca\\\/#website\"},\"primaryImageOfPage\":{\"@id\":\"https:\\\/\\\/ksproducts.ca\\\/product\\\/turtle-wax-interior-1-multi-purpose-cleaner-stain-remover-with-oxi-power\\\/#primaryimage\"},\"image\":{\"@id\":\"https:\\\/\\\/ksproducts.ca\\\/product\\\/turtle-wax-interior-1-multi-purpose-cleaner-stain-remover-with-oxi-power\\\/#primaryimage\"},\"thumbnailUrl\":\"https:\\\/\\\/ksproducts.ca\\\/wp-content\\\/uploads\\\/2026\\\/03\\\/Turtle-Wax-Interior-1-Multi-Purpose-Cleaner-Stain-Remover-with-Oxi-Power.webp\",\"datePublished\":\"2026-03-05T15:37:25+00:00\",\"breadcrumb\":{\"@id\":\"https:\\\/\\\/ksproducts.ca\\\/product\\\/turtle-wax-interior-1-multi-purpose-cleaner-stain-remover-with-oxi-power\\\/#breadcrumb\"},\"inLanguage\":\"fr-CA\",\"potentialAction\":[{\"@type\":\"ReadAction\",\"target\":[\"https:\\\/\\\/ksproducts.ca\\\/product\\\/turtle-wax-interior-1-multi-purpose-cleaner-stain-remover-with-oxi-power\\\/\"]}]},{\"@type\":\"ImageObject\",\"inLanguage\":\"fr-CA\",\"@id\":\"https:\\\/\\\/ksproducts.ca\\\/product\\\/turtle-wax-interior-1-multi-purpose-cleaner-stain-remover-with-oxi-power\\\/#primaryimage\",\"url\":\"https:\\\/\\\/ksproducts.ca\\\/wp-content\\\/uploads\\\/2026\\\/03\\\/Turtle-Wax-Interior-1-Multi-Purpose-Cleaner-Stain-Remover-with-Oxi-Power.webp\",\"contentUrl\":\"https:\\\/\\\/ksproducts.ca\\\/wp-content\\\/uploads\\\/2026\\\/03\\\/Turtle-Wax-Interior-1-Multi-Purpose-Cleaner-Stain-Remover-with-Oxi-Power.webp\",\"width\":640,\"height\":640,\"caption\":\"Turtle Wax Interior 1 Multi Purpose Cleaner & Stain Remover with Oxi Power\"},{\"@type\":\"BreadcrumbList\",\"@id\":\"https:\\\/\\\/ksproducts.ca\\\/product\\\/turtle-wax-interior-1-multi-purpose-cleaner-stain-remover-with-oxi-power\\\/#breadcrumb\",\"itemListElement\":[{\"@type\":\"ListItem\",\"position\":1,\"name\":\"Home\",\"item\":\"https:\\\/\\\/ksproducts.ca\\\/\"},{\"@type\":\"ListItem\",\"position\":2,\"name\":\"Shop\",\"item\":\"https:\\\/\\\/ksproducts.ca\\\/shop\\\/\"},{\"@type\":\"ListItem\",\"position\":3,\"name\":\"Turtle Wax Interior 1 Multi-Purpose Cleaner &#038; Stain Remover with Oxi Power\"}]},{\"@type\":\"WebSite\",\"@id\":\"https:\\\/\\\/ksproducts.ca\\\/#website\",\"url\":\"https:\\\/\\\/ksproducts.ca\\\/\",\"name\":\"Ks Products\",\"description\":\"Outdoor cooking and living, made easy in Canada\",\"publisher\":{\"@id\":\"https:\\\/\\\/ksproducts.ca\\\/#organization\"},\"potentialAction\":[{\"@type\":\"SearchAction\",\"target\":{\"@type\":\"EntryPoint\",\"urlTemplate\":\"https:\\\/\\\/ksproducts.ca\\\/?s={search_term_string}\"},\"query-input\":{\"@type\":\"PropertyValueSpecification\",\"valueRequired\":true,\"valueName\":\"search_term_string\"}}],\"inLanguage\":\"fr-CA\"},{\"@type\":\"Organization\",\"@id\":\"https:\\\/\\\/ksproducts.ca\\\/#organization\",\"name\":\"Ks Products\",\"url\":\"https:\\\/\\\/ksproducts.ca\\\/\",\"logo\":{\"@type\":\"ImageObject\",\"inLanguage\":\"fr-CA\",\"@id\":\"https:\\\/\\\/ksproducts.ca\\\/#\\\/schema\\\/logo\\\/image\\\/\",\"url\":\"https:\\\/\\\/ksproducts.ca\\\/wp-content\\\/uploads\\\/2023\\\/09\\\/Kennedy-Sales-Logo-header-1.png\",\"contentUrl\":\"https:\\\/\\\/ksproducts.ca\\\/wp-content\\\/uploads\\\/2023\\\/09\\\/Kennedy-Sales-Logo-header-1.png\",\"width\":150,\"height\":77,\"caption\":\"Ks Products\"},\"image\":{\"@id\":\"https:\\\/\\\/ksproducts.ca\\\/#\\\/schema\\\/logo\\\/image\\\/\"}}]}<\/script>\n<!-- \/ Yoast SEO plugin. -->","yoast_head_json":{"title":"Turtle Wax Interior 1 Nettoyant et d\u00e9tachant multi-usages avec Oxi Power - Ks Products","robots":{"index":"index","follow":"follow","max-snippet":"max-snippet:-1","max-image-preview":"max-image-preview:large","max-video-preview":"max-video-preview:-1"},"canonical":"https:\/\/ksproducts.ca\/fr\/product\/turtle-wax-interior-1-multi-purpose-cleaner-stain-remover-with-oxi-power\/","og_locale":"fr_CA","og_type":"article","og_title":"Turtle Wax Interior 1 Multi-Purpose Cleaner & Stain Remover with Oxi Power - Ks Products","og_description":"The easiest all-in-one solution for removing stains &amp; odors on every interior surface, including carpets, upholstery fabrics, plastic &amp; vinyl. The all-new patent pending micro-scrub brush cleans deep into fabric fibers, and detaches for ultimate ease of use and deep, targeted cleaning. Triple action formula cleans, deodorizes and protects fabric, vinyl and carpet. Formulated with oxygenated cleaners that encapsulate and eliminate odors caused by smoke, pets and food. Powerfully removes ground-in stains, coffee, juice, grease, makeup, ketchup, oil, ink, mustard and more! Advanced cleaning formula deep cleans and deodorizes carpet and upholstery in one step. Formulated with oxygenated cleaners for incredible cleaning and powerful stain removal. Deep cleans, deodorizes, and protects carpet and fabrics. Encapsulates and removes odors caused by smoke, pets, food and more. Use in the car, boat, RV and home.","og_url":"https:\/\/ksproducts.ca\/fr\/product\/turtle-wax-interior-1-multi-purpose-cleaner-stain-remover-with-oxi-power\/","og_site_name":"Ks Products","og_image":[{"width":640,"height":640,"url":"https:\/\/ksproducts.ca\/wp-content\/uploads\/2026\/03\/Turtle-Wax-Interior-1-Multi-Purpose-Cleaner-Stain-Remover-with-Oxi-Power.webp","type":"image\/webp"}],"twitter_card":"summary_large_image","twitter_misc":{"Estimation du temps de lecture":"1 minute"},"schema":{"@context":"https:\/\/schema.org","@graph":[{"@type":"WebPage","@id":"https:\/\/ksproducts.ca\/product\/turtle-wax-interior-1-multi-purpose-cleaner-stain-remover-with-oxi-power\/","url":"https:\/\/ksproducts.ca\/product\/turtle-wax-interior-1-multi-purpose-cleaner-stain-remover-with-oxi-power\/","name":"Turtle Wax Interior 1 Nettoyant et d\u00e9tachant multi-usages avec Oxi Power - Ks Products","isPartOf":{"@id":"https:\/\/ksproducts.ca\/#website"},"primaryImageOfPage":{"@id":"https:\/\/ksproducts.ca\/product\/turtle-wax-interior-1-multi-purpose-cleaner-stain-remover-with-oxi-power\/#primaryimage"},"image":{"@id":"https:\/\/ksproducts.ca\/product\/turtle-wax-interior-1-multi-purpose-cleaner-stain-remover-with-oxi-power\/#primaryimage"},"thumbnailUrl":"https:\/\/ksproducts.ca\/wp-content\/uploads\/2026\/03\/Turtle-Wax-Interior-1-Multi-Purpose-Cleaner-Stain-Remover-with-Oxi-Power.webp","datePublished":"2026-03-05T15:37:25+00:00","breadcrumb":{"@id":"https:\/\/ksproducts.ca\/product\/turtle-wax-interior-1-multi-purpose-cleaner-stain-remover-with-oxi-power\/#breadcrumb"},"inLanguage":"fr-CA","potentialAction":[{"@type":"ReadAction","target":["https:\/\/ksproducts.ca\/product\/turtle-wax-interior-1-multi-purpose-cleaner-stain-remover-with-oxi-power\/"]}]},{"@type":"ImageObject","inLanguage":"fr-CA","@id":"https:\/\/ksproducts.ca\/product\/turtle-wax-interior-1-multi-purpose-cleaner-stain-remover-with-oxi-power\/#primaryimage","url":"https:\/\/ksproducts.ca\/wp-content\/uploads\/2026\/03\/Turtle-Wax-Interior-1-Multi-Purpose-Cleaner-Stain-Remover-with-Oxi-Power.webp","contentUrl":"https:\/\/ksproducts.ca\/wp-content\/uploads\/2026\/03\/Turtle-Wax-Interior-1-Multi-Purpose-Cleaner-Stain-Remover-with-Oxi-Power.webp","width":640,"height":640,"caption":"Turtle Wax Interior 1 Multi Purpose Cleaner & Stain Remover with Oxi Power"},{"@type":"BreadcrumbList","@id":"https:\/\/ksproducts.ca\/product\/turtle-wax-interior-1-multi-purpose-cleaner-stain-remover-with-oxi-power\/#breadcrumb","itemListElement":[{"@type":"ListItem","position":1,"name":"Home","item":"https:\/\/ksproducts.ca\/"},{"@type":"ListItem","position":2,"name":"Shop","item":"https:\/\/ksproducts.ca\/shop\/"},{"@type":"ListItem","position":3,"name":"Turtle Wax Interior 1 Multi-Purpose Cleaner &#038; Stain Remover with Oxi Power"}]},{"@type":"WebSite","@id":"https:\/\/ksproducts.ca\/#website","url":"https:\/\/ksproducts.ca\/","name":"Produits Ks","description":"Cuisiner et vivre en plein air, c'est facile au Canada","publisher":{"@id":"https:\/\/ksproducts.ca\/#organization"},"potentialAction":[{"@type":"SearchAction","target":{"@type":"EntryPoint","urlTemplate":"https:\/\/ksproducts.ca\/?s={search_term_string}"},"query-input":{"@type":"PropertyValueSpecification","valueRequired":true,"valueName":"search_term_string"}}],"inLanguage":"fr-CA"},{"@type":"Organization","@id":"https:\/\/ksproducts.ca\/#organization","name":"Produits Ks","url":"https:\/\/ksproducts.ca\/","logo":{"@type":"ImageObject","inLanguage":"fr-CA","@id":"https:\/\/ksproducts.ca\/#\/schema\/logo\/image\/","url":"https:\/\/ksproducts.ca\/wp-content\/uploads\/2023\/09\/Kennedy-Sales-Logo-header-1.png","contentUrl":"https:\/\/ksproducts.ca\/wp-content\/uploads\/2023\/09\/Kennedy-Sales-Logo-header-1.png","width":150,"height":77,"caption":"Ks Products"},"image":{"@id":"https:\/\/ksproducts.ca\/#\/schema\/logo\/image\/"}}]}},"_links":{"self":[{"href":"https:\/\/ksproducts.ca\/fr\/wp-json\/wp\/v2\/product\/11622","targetHints":{"allow":["GET"]}}],"collection":[{"href":"https:\/\/ksproducts.ca\/fr\/wp-json\/wp\/v2\/product"}],"about":[{"href":"https:\/\/ksproducts.ca\/fr\/wp-json\/wp\/v2\/types\/product"}],"replies":[{"embeddable":true,"href":"https:\/\/ksproducts.ca\/fr\/wp-json\/wp\/v2\/comments?post=11622"}],"version-history":[{"count":1,"href":"https:\/\/ksproducts.ca\/fr\/wp-json\/wp\/v2\/product\/11622\/revisions"}],"predecessor-version":[{"id":11625,"href":"https:\/\/ksproducts.ca\/fr\/wp-json\/wp\/v2\/product\/11622\/revisions\/11625"}],"wp:featuredmedia":[{"embeddable":true,"href":"https:\/\/ksproducts.ca\/fr\/wp-json\/wp\/v2\/media\/11624"}],"wp:attachment":[{"href":"https:\/\/ksproducts.ca\/fr\/wp-json\/wp\/v2\/media?parent=11622"}],"wp:term":[{"taxonomy":"product_cat","embeddable":true,"href":"https:\/\/ksproducts.ca\/fr\/wp-json\/wp\/v2\/product_cat?post=11622"},{"taxonomy":"product_tag","embeddable":true,"href":"https:\/\/ksproducts.ca\/fr\/wp-json\/wp\/v2\/product_tag?post=11622"}],"curies":[{"name":"wp","href":"https:\/\/api.w.org\/{rel}","templated":true}]}}