{"id":11626,"date":"2026-03-05T15:41:18","date_gmt":"2026-03-05T15:41:18","guid":{"rendered":"https:\/\/ksproducts.ca\/?post_type=product&#038;p=11626"},"modified":"2026-03-05T15:41:18","modified_gmt":"2026-03-05T15:41:18","slug":"turtle-wax-scratch-repair-renew-with-heal-seal-technology","status":"publish","type":"product","link":"https:\/\/ksproducts.ca\/fr\/product\/turtle-wax-scratch-repair-renew-with-heal-seal-technology\/","title":{"rendered":"Turtle Wax Scratch Repair &amp; Renew avec la technologie Heal &amp; Seal"},"content":{"rendered":"<ul>\n<li>Easy-to-use product can be applied by hand or machine<\/li>\n<li>Repairs years of damage in 1 use<\/li>\n<li>Protective resins deposit a barrier for permanent paint restoration<\/li>\n<li>Turtle Wax Scratch Repair &amp; Renew<\/li>\n<\/ul>","protected":false},"excerpt":{"rendered":"<p>Le #1, le plus vendu des dissolvants de rayures pour voitures - Repair &amp; Renew r\u00e9pare les rayures l\u00e9g\u00e8res \u00e0 fortes et scelle la peinture restaur\u00e9e pour une brillance \u00e9tincelante. Formul\u00e9 avec des plaquettes de pr\u00e9cision \u00e0 alignement automatique, le compos\u00e9 attaque les rayures de mani\u00e8re agressive, mais il est sans danger pour toutes les peintures et tous les vernis, ce qui en fait un moyen incroyablement facile et efficace de polir les rayures sur les surfaces des voitures. Et pour prot\u00e9ger la peinture restaur\u00e9e, la formule comprend la technologie Heat &amp; Seal, qui fournit un scellant protecteur de longue dur\u00e9e dans une action 2 en 1. Une fois la r\u00e9paration des rayures termin\u00e9e, il n'est pas n\u00e9cessaire d'appliquer de la cire sur la zone trait\u00e9e. C'est d\u00e9j\u00e0 fait !<br \/>\nR\u00e9pare les rayures l\u00e9g\u00e8res \u00e0 fortes, les tourbillons, les taches d'eau et la contamination de la peinture gr\u00e2ce \u00e0 la technologie des plaquettes de pr\u00e9cision.<br \/>\nRestaure et scelle la peinture en une seule \u00e9tape pour une protection durable.<br \/>\nLes r\u00e9sultats ne s'effacent pas comme ceux d'autres marques<\/p>","protected":false},"featured_media":11628,"comment_status":"open","ping_status":"closed","template":"","meta":[],"product_cat":[430],"product_tag":[],"class_list":{"0":"post-11626","1":"product","2":"type-product","3":"status-publish","4":"has-post-thumbnail","6":"product_cat-automotive-gear","7":"product_shipping_class-class-1","9":"first","10":"instock","11":"taxable","12":"shipping-taxable","13":"purchasable","14":"product-type-simple"},"yoast_head":"<!-- This site is optimized with the Yoast SEO plugin v27.3 - https:\/\/yoast.com\/product\/yoast-seo-wordpress\/ -->\n<title>Turtle Wax Scratch Repair &amp; Renew with Heal &amp; Seal Technology - Ks Products<\/title>\n<meta name=\"robots\" content=\"index, follow, max-snippet:-1, max-image-preview:large, max-video-preview:-1\" \/>\n<link rel=\"canonical\" href=\"https:\/\/ksproducts.ca\/fr\/product\/turtle-wax-scratch-repair-renew-with-heal-seal-technology\/\" \/>\n<meta property=\"og:locale\" content=\"fr_CA\" \/>\n<meta property=\"og:type\" content=\"article\" \/>\n<meta property=\"og:title\" content=\"Turtle Wax Scratch Repair &amp; Renew with Heal &amp; Seal Technology - Ks Products\" \/>\n<meta property=\"og:description\" content=\"The #1 selling scratch remover for cars - Repair &amp; Renew repairs light to heavy scratches and seals in the restored paint for sparkling gloss. We\u2019ve heard from car owners time and time again why they love this product so much.Formulated with self-aligning precision platelets, the compound attacks scratches aggressively but it\u2019s safe for all paints and clearcoats, making it an incredibly easy and effective way to buff out scratches on car surfaces. And to help protect that restored paint, the formula includes Heat &amp; Seal technology, providing a long-lasting protective sealant in a 2-in-1 action. Once you\u2019ve finished your car paint scratch repair, there\u2019s no need to apply car wax to the treated area. It\u2019s already done! Repairs light to heavy scratches, swirls, water spots and paint contamination with precision platelet technology Restores and seals paint in one easy step for long-lasting protection Results won\u2019t wash away like other brands\" \/>\n<meta property=\"og:url\" content=\"https:\/\/ksproducts.ca\/fr\/product\/turtle-wax-scratch-repair-renew-with-heal-seal-technology\/\" \/>\n<meta property=\"og:site_name\" content=\"Ks Products\" \/>\n<meta property=\"og:image\" content=\"https:\/\/ksproducts.ca\/wp-content\/uploads\/2026\/03\/Turtle-Wax-Scratch-Repair-Renew-with-Heal-Seal-Technology.webp\" \/>\n\t<meta property=\"og:image:width\" content=\"640\" \/>\n\t<meta property=\"og:image:height\" content=\"640\" \/>\n\t<meta property=\"og:image:type\" content=\"image\/webp\" \/>\n<meta name=\"twitter:card\" content=\"summary_large_image\" \/>\n<meta name=\"twitter:label1\" content=\"Estimation du temps de lecture\" \/>\n\t<meta name=\"twitter:data1\" content=\"1 minute\" \/>\n<script type=\"application\/ld+json\" class=\"yoast-schema-graph\">{\"@context\":\"https:\\\/\\\/schema.org\",\"@graph\":[{\"@type\":\"WebPage\",\"@id\":\"https:\\\/\\\/ksproducts.ca\\\/product\\\/turtle-wax-scratch-repair-renew-with-heal-seal-technology\\\/\",\"url\":\"https:\\\/\\\/ksproducts.ca\\\/product\\\/turtle-wax-scratch-repair-renew-with-heal-seal-technology\\\/\",\"name\":\"Turtle Wax Scratch Repair & Renew with Heal & Seal Technology - Ks Products\",\"isPartOf\":{\"@id\":\"https:\\\/\\\/ksproducts.ca\\\/#website\"},\"primaryImageOfPage\":{\"@id\":\"https:\\\/\\\/ksproducts.ca\\\/product\\\/turtle-wax-scratch-repair-renew-with-heal-seal-technology\\\/#primaryimage\"},\"image\":{\"@id\":\"https:\\\/\\\/ksproducts.ca\\\/product\\\/turtle-wax-scratch-repair-renew-with-heal-seal-technology\\\/#primaryimage\"},\"thumbnailUrl\":\"https:\\\/\\\/ksproducts.ca\\\/wp-content\\\/uploads\\\/2026\\\/03\\\/Turtle-Wax-Scratch-Repair-Renew-with-Heal-Seal-Technology.webp\",\"datePublished\":\"2026-03-05T15:41:18+00:00\",\"breadcrumb\":{\"@id\":\"https:\\\/\\\/ksproducts.ca\\\/product\\\/turtle-wax-scratch-repair-renew-with-heal-seal-technology\\\/#breadcrumb\"},\"inLanguage\":\"fr-CA\",\"potentialAction\":[{\"@type\":\"ReadAction\",\"target\":[\"https:\\\/\\\/ksproducts.ca\\\/product\\\/turtle-wax-scratch-repair-renew-with-heal-seal-technology\\\/\"]}]},{\"@type\":\"ImageObject\",\"inLanguage\":\"fr-CA\",\"@id\":\"https:\\\/\\\/ksproducts.ca\\\/product\\\/turtle-wax-scratch-repair-renew-with-heal-seal-technology\\\/#primaryimage\",\"url\":\"https:\\\/\\\/ksproducts.ca\\\/wp-content\\\/uploads\\\/2026\\\/03\\\/Turtle-Wax-Scratch-Repair-Renew-with-Heal-Seal-Technology.webp\",\"contentUrl\":\"https:\\\/\\\/ksproducts.ca\\\/wp-content\\\/uploads\\\/2026\\\/03\\\/Turtle-Wax-Scratch-Repair-Renew-with-Heal-Seal-Technology.webp\",\"width\":640,\"height\":640,\"caption\":\"Turtle Wax Scratch Repair & Renew with Heal & Seal Technology\"},{\"@type\":\"BreadcrumbList\",\"@id\":\"https:\\\/\\\/ksproducts.ca\\\/product\\\/turtle-wax-scratch-repair-renew-with-heal-seal-technology\\\/#breadcrumb\",\"itemListElement\":[{\"@type\":\"ListItem\",\"position\":1,\"name\":\"Home\",\"item\":\"https:\\\/\\\/ksproducts.ca\\\/\"},{\"@type\":\"ListItem\",\"position\":2,\"name\":\"Shop\",\"item\":\"https:\\\/\\\/ksproducts.ca\\\/shop\\\/\"},{\"@type\":\"ListItem\",\"position\":3,\"name\":\"Turtle Wax Scratch Repair &#038; Renew with Heal &#038; Seal Technology\"}]},{\"@type\":\"WebSite\",\"@id\":\"https:\\\/\\\/ksproducts.ca\\\/#website\",\"url\":\"https:\\\/\\\/ksproducts.ca\\\/\",\"name\":\"Ks Products\",\"description\":\"Outdoor cooking and living, made easy in Canada\",\"publisher\":{\"@id\":\"https:\\\/\\\/ksproducts.ca\\\/#organization\"},\"potentialAction\":[{\"@type\":\"SearchAction\",\"target\":{\"@type\":\"EntryPoint\",\"urlTemplate\":\"https:\\\/\\\/ksproducts.ca\\\/?s={search_term_string}\"},\"query-input\":{\"@type\":\"PropertyValueSpecification\",\"valueRequired\":true,\"valueName\":\"search_term_string\"}}],\"inLanguage\":\"fr-CA\"},{\"@type\":\"Organization\",\"@id\":\"https:\\\/\\\/ksproducts.ca\\\/#organization\",\"name\":\"Ks Products\",\"url\":\"https:\\\/\\\/ksproducts.ca\\\/\",\"logo\":{\"@type\":\"ImageObject\",\"inLanguage\":\"fr-CA\",\"@id\":\"https:\\\/\\\/ksproducts.ca\\\/#\\\/schema\\\/logo\\\/image\\\/\",\"url\":\"https:\\\/\\\/ksproducts.ca\\\/wp-content\\\/uploads\\\/2023\\\/09\\\/Kennedy-Sales-Logo-header-1.png\",\"contentUrl\":\"https:\\\/\\\/ksproducts.ca\\\/wp-content\\\/uploads\\\/2023\\\/09\\\/Kennedy-Sales-Logo-header-1.png\",\"width\":150,\"height\":77,\"caption\":\"Ks Products\"},\"image\":{\"@id\":\"https:\\\/\\\/ksproducts.ca\\\/#\\\/schema\\\/logo\\\/image\\\/\"}}]}<\/script>\n<!-- \/ Yoast SEO plugin. -->","yoast_head_json":{"title":"Turtle Wax Scratch Repair & Renew with Heal & Seal Technology - Ks Products","robots":{"index":"index","follow":"follow","max-snippet":"max-snippet:-1","max-image-preview":"max-image-preview:large","max-video-preview":"max-video-preview:-1"},"canonical":"https:\/\/ksproducts.ca\/fr\/product\/turtle-wax-scratch-repair-renew-with-heal-seal-technology\/","og_locale":"fr_CA","og_type":"article","og_title":"Turtle Wax Scratch Repair & Renew with Heal & Seal Technology - Ks Products","og_description":"The #1 selling scratch remover for cars - Repair &amp; Renew repairs light to heavy scratches and seals in the restored paint for sparkling gloss. We\u2019ve heard from car owners time and time again why they love this product so much.Formulated with self-aligning precision platelets, the compound attacks scratches aggressively but it\u2019s safe for all paints and clearcoats, making it an incredibly easy and effective way to buff out scratches on car surfaces. And to help protect that restored paint, the formula includes Heat &amp; Seal technology, providing a long-lasting protective sealant in a 2-in-1 action. Once you\u2019ve finished your car paint scratch repair, there\u2019s no need to apply car wax to the treated area. It\u2019s already done! Repairs light to heavy scratches, swirls, water spots and paint contamination with precision platelet technology Restores and seals paint in one easy step for long-lasting protection Results won\u2019t wash away like other brands","og_url":"https:\/\/ksproducts.ca\/fr\/product\/turtle-wax-scratch-repair-renew-with-heal-seal-technology\/","og_site_name":"Ks Products","og_image":[{"width":640,"height":640,"url":"https:\/\/ksproducts.ca\/wp-content\/uploads\/2026\/03\/Turtle-Wax-Scratch-Repair-Renew-with-Heal-Seal-Technology.webp","type":"image\/webp"}],"twitter_card":"summary_large_image","twitter_misc":{"Estimation du temps de lecture":"1 minute"},"schema":{"@context":"https:\/\/schema.org","@graph":[{"@type":"WebPage","@id":"https:\/\/ksproducts.ca\/product\/turtle-wax-scratch-repair-renew-with-heal-seal-technology\/","url":"https:\/\/ksproducts.ca\/product\/turtle-wax-scratch-repair-renew-with-heal-seal-technology\/","name":"Turtle Wax Scratch Repair & Renew with Heal & Seal Technology - Ks Products","isPartOf":{"@id":"https:\/\/ksproducts.ca\/#website"},"primaryImageOfPage":{"@id":"https:\/\/ksproducts.ca\/product\/turtle-wax-scratch-repair-renew-with-heal-seal-technology\/#primaryimage"},"image":{"@id":"https:\/\/ksproducts.ca\/product\/turtle-wax-scratch-repair-renew-with-heal-seal-technology\/#primaryimage"},"thumbnailUrl":"https:\/\/ksproducts.ca\/wp-content\/uploads\/2026\/03\/Turtle-Wax-Scratch-Repair-Renew-with-Heal-Seal-Technology.webp","datePublished":"2026-03-05T15:41:18+00:00","breadcrumb":{"@id":"https:\/\/ksproducts.ca\/product\/turtle-wax-scratch-repair-renew-with-heal-seal-technology\/#breadcrumb"},"inLanguage":"fr-CA","potentialAction":[{"@type":"ReadAction","target":["https:\/\/ksproducts.ca\/product\/turtle-wax-scratch-repair-renew-with-heal-seal-technology\/"]}]},{"@type":"ImageObject","inLanguage":"fr-CA","@id":"https:\/\/ksproducts.ca\/product\/turtle-wax-scratch-repair-renew-with-heal-seal-technology\/#primaryimage","url":"https:\/\/ksproducts.ca\/wp-content\/uploads\/2026\/03\/Turtle-Wax-Scratch-Repair-Renew-with-Heal-Seal-Technology.webp","contentUrl":"https:\/\/ksproducts.ca\/wp-content\/uploads\/2026\/03\/Turtle-Wax-Scratch-Repair-Renew-with-Heal-Seal-Technology.webp","width":640,"height":640,"caption":"Turtle Wax Scratch Repair & Renew with Heal & Seal Technology"},{"@type":"BreadcrumbList","@id":"https:\/\/ksproducts.ca\/product\/turtle-wax-scratch-repair-renew-with-heal-seal-technology\/#breadcrumb","itemListElement":[{"@type":"ListItem","position":1,"name":"Home","item":"https:\/\/ksproducts.ca\/"},{"@type":"ListItem","position":2,"name":"Shop","item":"https:\/\/ksproducts.ca\/shop\/"},{"@type":"ListItem","position":3,"name":"Turtle Wax Scratch Repair &#038; Renew with Heal &#038; Seal Technology"}]},{"@type":"WebSite","@id":"https:\/\/ksproducts.ca\/#website","url":"https:\/\/ksproducts.ca\/","name":"Produits Ks","description":"Cuisiner et vivre en plein air, c'est facile au Canada","publisher":{"@id":"https:\/\/ksproducts.ca\/#organization"},"potentialAction":[{"@type":"SearchAction","target":{"@type":"EntryPoint","urlTemplate":"https:\/\/ksproducts.ca\/?s={search_term_string}"},"query-input":{"@type":"PropertyValueSpecification","valueRequired":true,"valueName":"search_term_string"}}],"inLanguage":"fr-CA"},{"@type":"Organization","@id":"https:\/\/ksproducts.ca\/#organization","name":"Produits Ks","url":"https:\/\/ksproducts.ca\/","logo":{"@type":"ImageObject","inLanguage":"fr-CA","@id":"https:\/\/ksproducts.ca\/#\/schema\/logo\/image\/","url":"https:\/\/ksproducts.ca\/wp-content\/uploads\/2023\/09\/Kennedy-Sales-Logo-header-1.png","contentUrl":"https:\/\/ksproducts.ca\/wp-content\/uploads\/2023\/09\/Kennedy-Sales-Logo-header-1.png","width":150,"height":77,"caption":"Ks Products"},"image":{"@id":"https:\/\/ksproducts.ca\/#\/schema\/logo\/image\/"}}]}},"_links":{"self":[{"href":"https:\/\/ksproducts.ca\/fr\/wp-json\/wp\/v2\/product\/11626","targetHints":{"allow":["GET"]}}],"collection":[{"href":"https:\/\/ksproducts.ca\/fr\/wp-json\/wp\/v2\/product"}],"about":[{"href":"https:\/\/ksproducts.ca\/fr\/wp-json\/wp\/v2\/types\/product"}],"replies":[{"embeddable":true,"href":"https:\/\/ksproducts.ca\/fr\/wp-json\/wp\/v2\/comments?post=11626"}],"version-history":[{"count":1,"href":"https:\/\/ksproducts.ca\/fr\/wp-json\/wp\/v2\/product\/11626\/revisions"}],"predecessor-version":[{"id":11629,"href":"https:\/\/ksproducts.ca\/fr\/wp-json\/wp\/v2\/product\/11626\/revisions\/11629"}],"wp:featuredmedia":[{"embeddable":true,"href":"https:\/\/ksproducts.ca\/fr\/wp-json\/wp\/v2\/media\/11628"}],"wp:attachment":[{"href":"https:\/\/ksproducts.ca\/fr\/wp-json\/wp\/v2\/media?parent=11626"}],"wp:term":[{"taxonomy":"product_cat","embeddable":true,"href":"https:\/\/ksproducts.ca\/fr\/wp-json\/wp\/v2\/product_cat?post=11626"},{"taxonomy":"product_tag","embeddable":true,"href":"https:\/\/ksproducts.ca\/fr\/wp-json\/wp\/v2\/product_tag?post=11626"}],"curies":[{"name":"wp","href":"https:\/\/api.w.org\/{rel}","templated":true}]}}