{"id":11633,"date":"2026-03-05T15:51:40","date_gmt":"2026-03-05T15:51:40","guid":{"rendered":"https:\/\/ksproducts.ca\/?post_type=product&#038;p=11633"},"modified":"2026-03-16T16:29:43","modified_gmt":"2026-03-16T16:29:43","slug":"turtle-wax-spray-wipe-protectant-kit-20-wipes-236ml","status":"publish","type":"product","link":"https:\/\/ksproducts.ca\/fr\/product\/turtle-wax-spray-wipe-protectant-kit-20-wipes-236ml\/","title":{"rendered":"Kit de protection Turtle Wax Spray &amp; Wipe - 20 lingettes - 236ml"},"content":{"rendered":"<ul>\n<li class=\"nl-features__information\">Turtle Wax Protectant Spray Wipes combine the control and performance of the traditional spray trigger bottle and microfiber towel with the convenience of the automotive cleaning wipe<\/li>\n<li class=\"nl-features__information\">Interior specific 4-in-1 formula cleans, shines, protects and removes common dirt and dust leaving surfaces non-greasy and UV protected<\/li>\n<li class=\"nl-features__information\">Prevents fading, cracking and drying on plastic, vinyl and rubber surfaces<\/li>\n<li class=\"nl-features__information\">Size: 263 mL (8.9 oz)<\/li>\n<\/ul>","protected":false},"excerpt":{"rendered":"<p>Lingettes de nettoyage int\u00e9rieur pratiques con\u00e7ues pour nettoyer, faire briller et prot\u00e9ger les surfaces des v\u00e9hicules tout en pr\u00e9venant la d\u00e9coloration et les craquelures.<\/p>","protected":false},"featured_media":12691,"comment_status":"open","ping_status":"closed","template":"","meta":[],"product_cat":[430],"product_tag":[],"class_list":{"0":"post-11633","1":"product","2":"type-product","3":"status-publish","4":"has-post-thumbnail","6":"product_cat-automotive-gear","7":"product_shipping_class-class-1","9":"first","10":"instock","11":"taxable","12":"shipping-taxable","13":"purchasable","14":"product-type-simple"},"yoast_head":"<!-- This site is optimized with the Yoast SEO plugin v27.3 - https:\/\/yoast.com\/product\/yoast-seo-wordpress\/ -->\n<title>Turtle Wax Spray &amp; Wipe Protectant Kit - 20 wipes - 236ml - Ks Products<\/title>\n<meta name=\"robots\" content=\"index, follow, max-snippet:-1, max-image-preview:large, max-video-preview:-1\" \/>\n<link rel=\"canonical\" href=\"https:\/\/ksproducts.ca\/fr\/product\/turtle-wax-spray-wipe-protectant-kit-20-wipes-236ml\/\" \/>\n<meta property=\"og:locale\" content=\"fr_CA\" \/>\n<meta property=\"og:type\" content=\"article\" \/>\n<meta property=\"og:title\" content=\"Turtle Wax Spray &amp; Wipe Protectant Kit - 20 wipes - 236ml - Ks Products\" \/>\n<meta property=\"og:description\" content=\"Convenient interior cleaning wipes designed to clean, shine, and protect vehicle surfaces while preventing fading and cracking.\" \/>\n<meta property=\"og:url\" content=\"https:\/\/ksproducts.ca\/fr\/product\/turtle-wax-spray-wipe-protectant-kit-20-wipes-236ml\/\" \/>\n<meta property=\"og:site_name\" content=\"Ks Products\" \/>\n<meta property=\"article:modified_time\" content=\"2026-03-16T16:29:43+00:00\" \/>\n<meta property=\"og:image\" content=\"https:\/\/ksproducts.ca\/wp-content\/uploads\/2026\/03\/Turtle-Wax-Spray-Wipe-Protectant-Kit-\u2013-20-wipes-\u2013-236ml.webp\" \/>\n\t<meta property=\"og:image:width\" content=\"800\" \/>\n\t<meta property=\"og:image:height\" content=\"800\" \/>\n\t<meta property=\"og:image:type\" content=\"image\/webp\" \/>\n<meta name=\"twitter:card\" content=\"summary_large_image\" \/>\n<meta name=\"twitter:label1\" content=\"Estimation du temps de lecture\" \/>\n\t<meta name=\"twitter:data1\" content=\"1 minute\" \/>\n<script type=\"application\/ld+json\" class=\"yoast-schema-graph\">{\"@context\":\"https:\\\/\\\/schema.org\",\"@graph\":[{\"@type\":\"WebPage\",\"@id\":\"https:\\\/\\\/ksproducts.ca\\\/product\\\/turtle-wax-spray-wipe-protectant-kit-20-wipes-236ml\\\/\",\"url\":\"https:\\\/\\\/ksproducts.ca\\\/product\\\/turtle-wax-spray-wipe-protectant-kit-20-wipes-236ml\\\/\",\"name\":\"Turtle Wax Spray & Wipe Protectant Kit - 20 wipes - 236ml - Ks Products\",\"isPartOf\":{\"@id\":\"https:\\\/\\\/ksproducts.ca\\\/#website\"},\"primaryImageOfPage\":{\"@id\":\"https:\\\/\\\/ksproducts.ca\\\/product\\\/turtle-wax-spray-wipe-protectant-kit-20-wipes-236ml\\\/#primaryimage\"},\"image\":{\"@id\":\"https:\\\/\\\/ksproducts.ca\\\/product\\\/turtle-wax-spray-wipe-protectant-kit-20-wipes-236ml\\\/#primaryimage\"},\"thumbnailUrl\":\"https:\\\/\\\/ksproducts.ca\\\/wp-content\\\/uploads\\\/2026\\\/03\\\/Turtle-Wax-Spray-Wipe-Protectant-Kit-\u2013-20-wipes-\u2013-236ml.webp\",\"datePublished\":\"2026-03-05T15:51:40+00:00\",\"dateModified\":\"2026-03-16T16:29:43+00:00\",\"breadcrumb\":{\"@id\":\"https:\\\/\\\/ksproducts.ca\\\/product\\\/turtle-wax-spray-wipe-protectant-kit-20-wipes-236ml\\\/#breadcrumb\"},\"inLanguage\":\"fr-CA\",\"potentialAction\":[{\"@type\":\"ReadAction\",\"target\":[\"https:\\\/\\\/ksproducts.ca\\\/product\\\/turtle-wax-spray-wipe-protectant-kit-20-wipes-236ml\\\/\"]}]},{\"@type\":\"ImageObject\",\"inLanguage\":\"fr-CA\",\"@id\":\"https:\\\/\\\/ksproducts.ca\\\/product\\\/turtle-wax-spray-wipe-protectant-kit-20-wipes-236ml\\\/#primaryimage\",\"url\":\"https:\\\/\\\/ksproducts.ca\\\/wp-content\\\/uploads\\\/2026\\\/03\\\/Turtle-Wax-Spray-Wipe-Protectant-Kit-\u2013-20-wipes-\u2013-236ml.webp\",\"contentUrl\":\"https:\\\/\\\/ksproducts.ca\\\/wp-content\\\/uploads\\\/2026\\\/03\\\/Turtle-Wax-Spray-Wipe-Protectant-Kit-\u2013-20-wipes-\u2013-236ml.webp\",\"width\":800,\"height\":800,\"caption\":\"Turtle Wax Spray & Wipe Protectant Kit \u2013 20 wipes \u2013 236ml\"},{\"@type\":\"BreadcrumbList\",\"@id\":\"https:\\\/\\\/ksproducts.ca\\\/product\\\/turtle-wax-spray-wipe-protectant-kit-20-wipes-236ml\\\/#breadcrumb\",\"itemListElement\":[{\"@type\":\"ListItem\",\"position\":1,\"name\":\"Home\",\"item\":\"https:\\\/\\\/ksproducts.ca\\\/\"},{\"@type\":\"ListItem\",\"position\":2,\"name\":\"Shop\",\"item\":\"https:\\\/\\\/ksproducts.ca\\\/shop\\\/\"},{\"@type\":\"ListItem\",\"position\":3,\"name\":\"Turtle Wax Spray &#038; Wipe Protectant Kit &#8211; 20 wipes &#8211; 236ml\"}]},{\"@type\":\"WebSite\",\"@id\":\"https:\\\/\\\/ksproducts.ca\\\/#website\",\"url\":\"https:\\\/\\\/ksproducts.ca\\\/\",\"name\":\"Ks Products\",\"description\":\"Outdoor cooking and living, made easy in Canada\",\"publisher\":{\"@id\":\"https:\\\/\\\/ksproducts.ca\\\/#organization\"},\"potentialAction\":[{\"@type\":\"SearchAction\",\"target\":{\"@type\":\"EntryPoint\",\"urlTemplate\":\"https:\\\/\\\/ksproducts.ca\\\/?s={search_term_string}\"},\"query-input\":{\"@type\":\"PropertyValueSpecification\",\"valueRequired\":true,\"valueName\":\"search_term_string\"}}],\"inLanguage\":\"fr-CA\"},{\"@type\":\"Organization\",\"@id\":\"https:\\\/\\\/ksproducts.ca\\\/#organization\",\"name\":\"Ks Products\",\"url\":\"https:\\\/\\\/ksproducts.ca\\\/\",\"logo\":{\"@type\":\"ImageObject\",\"inLanguage\":\"fr-CA\",\"@id\":\"https:\\\/\\\/ksproducts.ca\\\/#\\\/schema\\\/logo\\\/image\\\/\",\"url\":\"https:\\\/\\\/ksproducts.ca\\\/wp-content\\\/uploads\\\/2023\\\/09\\\/Kennedy-Sales-Logo-header-1.png\",\"contentUrl\":\"https:\\\/\\\/ksproducts.ca\\\/wp-content\\\/uploads\\\/2023\\\/09\\\/Kennedy-Sales-Logo-header-1.png\",\"width\":150,\"height\":77,\"caption\":\"Ks Products\"},\"image\":{\"@id\":\"https:\\\/\\\/ksproducts.ca\\\/#\\\/schema\\\/logo\\\/image\\\/\"}}]}<\/script>\n<!-- \/ Yoast SEO plugin. -->","yoast_head_json":{"title":"Turtle Wax Spray & Wipe Protectant Kit - 20 wipes - 236ml - Ks Products","robots":{"index":"index","follow":"follow","max-snippet":"max-snippet:-1","max-image-preview":"max-image-preview:large","max-video-preview":"max-video-preview:-1"},"canonical":"https:\/\/ksproducts.ca\/fr\/product\/turtle-wax-spray-wipe-protectant-kit-20-wipes-236ml\/","og_locale":"fr_CA","og_type":"article","og_title":"Turtle Wax Spray & Wipe Protectant Kit - 20 wipes - 236ml - Ks Products","og_description":"Convenient interior cleaning wipes designed to clean, shine, and protect vehicle surfaces while preventing fading and cracking.","og_url":"https:\/\/ksproducts.ca\/fr\/product\/turtle-wax-spray-wipe-protectant-kit-20-wipes-236ml\/","og_site_name":"Ks Products","article_modified_time":"2026-03-16T16:29:43+00:00","og_image":[{"width":800,"height":800,"url":"https:\/\/ksproducts.ca\/wp-content\/uploads\/2026\/03\/Turtle-Wax-Spray-Wipe-Protectant-Kit-\u2013-20-wipes-\u2013-236ml.webp","type":"image\/webp"}],"twitter_card":"summary_large_image","twitter_misc":{"Estimation du temps de lecture":"1 minute"},"schema":{"@context":"https:\/\/schema.org","@graph":[{"@type":"WebPage","@id":"https:\/\/ksproducts.ca\/product\/turtle-wax-spray-wipe-protectant-kit-20-wipes-236ml\/","url":"https:\/\/ksproducts.ca\/product\/turtle-wax-spray-wipe-protectant-kit-20-wipes-236ml\/","name":"Turtle Wax Spray & Wipe Protectant Kit - 20 wipes - 236ml - Ks Products","isPartOf":{"@id":"https:\/\/ksproducts.ca\/#website"},"primaryImageOfPage":{"@id":"https:\/\/ksproducts.ca\/product\/turtle-wax-spray-wipe-protectant-kit-20-wipes-236ml\/#primaryimage"},"image":{"@id":"https:\/\/ksproducts.ca\/product\/turtle-wax-spray-wipe-protectant-kit-20-wipes-236ml\/#primaryimage"},"thumbnailUrl":"https:\/\/ksproducts.ca\/wp-content\/uploads\/2026\/03\/Turtle-Wax-Spray-Wipe-Protectant-Kit-\u2013-20-wipes-\u2013-236ml.webp","datePublished":"2026-03-05T15:51:40+00:00","dateModified":"2026-03-16T16:29:43+00:00","breadcrumb":{"@id":"https:\/\/ksproducts.ca\/product\/turtle-wax-spray-wipe-protectant-kit-20-wipes-236ml\/#breadcrumb"},"inLanguage":"fr-CA","potentialAction":[{"@type":"ReadAction","target":["https:\/\/ksproducts.ca\/product\/turtle-wax-spray-wipe-protectant-kit-20-wipes-236ml\/"]}]},{"@type":"ImageObject","inLanguage":"fr-CA","@id":"https:\/\/ksproducts.ca\/product\/turtle-wax-spray-wipe-protectant-kit-20-wipes-236ml\/#primaryimage","url":"https:\/\/ksproducts.ca\/wp-content\/uploads\/2026\/03\/Turtle-Wax-Spray-Wipe-Protectant-Kit-\u2013-20-wipes-\u2013-236ml.webp","contentUrl":"https:\/\/ksproducts.ca\/wp-content\/uploads\/2026\/03\/Turtle-Wax-Spray-Wipe-Protectant-Kit-\u2013-20-wipes-\u2013-236ml.webp","width":800,"height":800,"caption":"Turtle Wax Spray & Wipe Protectant Kit \u2013 20 wipes \u2013 236ml"},{"@type":"BreadcrumbList","@id":"https:\/\/ksproducts.ca\/product\/turtle-wax-spray-wipe-protectant-kit-20-wipes-236ml\/#breadcrumb","itemListElement":[{"@type":"ListItem","position":1,"name":"Home","item":"https:\/\/ksproducts.ca\/"},{"@type":"ListItem","position":2,"name":"Shop","item":"https:\/\/ksproducts.ca\/shop\/"},{"@type":"ListItem","position":3,"name":"Turtle Wax Spray &#038; Wipe Protectant Kit &#8211; 20 wipes &#8211; 236ml"}]},{"@type":"WebSite","@id":"https:\/\/ksproducts.ca\/#website","url":"https:\/\/ksproducts.ca\/","name":"Produits Ks","description":"Cuisiner et vivre en plein air, c'est facile au Canada","publisher":{"@id":"https:\/\/ksproducts.ca\/#organization"},"potentialAction":[{"@type":"SearchAction","target":{"@type":"EntryPoint","urlTemplate":"https:\/\/ksproducts.ca\/?s={search_term_string}"},"query-input":{"@type":"PropertyValueSpecification","valueRequired":true,"valueName":"search_term_string"}}],"inLanguage":"fr-CA"},{"@type":"Organization","@id":"https:\/\/ksproducts.ca\/#organization","name":"Produits Ks","url":"https:\/\/ksproducts.ca\/","logo":{"@type":"ImageObject","inLanguage":"fr-CA","@id":"https:\/\/ksproducts.ca\/#\/schema\/logo\/image\/","url":"https:\/\/ksproducts.ca\/wp-content\/uploads\/2023\/09\/Kennedy-Sales-Logo-header-1.png","contentUrl":"https:\/\/ksproducts.ca\/wp-content\/uploads\/2023\/09\/Kennedy-Sales-Logo-header-1.png","width":150,"height":77,"caption":"Ks Products"},"image":{"@id":"https:\/\/ksproducts.ca\/#\/schema\/logo\/image\/"}}]}},"_links":{"self":[{"href":"https:\/\/ksproducts.ca\/fr\/wp-json\/wp\/v2\/product\/11633","targetHints":{"allow":["GET"]}}],"collection":[{"href":"https:\/\/ksproducts.ca\/fr\/wp-json\/wp\/v2\/product"}],"about":[{"href":"https:\/\/ksproducts.ca\/fr\/wp-json\/wp\/v2\/types\/product"}],"replies":[{"embeddable":true,"href":"https:\/\/ksproducts.ca\/fr\/wp-json\/wp\/v2\/comments?post=11633"}],"version-history":[{"count":3,"href":"https:\/\/ksproducts.ca\/fr\/wp-json\/wp\/v2\/product\/11633\/revisions"}],"predecessor-version":[{"id":12693,"href":"https:\/\/ksproducts.ca\/fr\/wp-json\/wp\/v2\/product\/11633\/revisions\/12693"}],"wp:featuredmedia":[{"embeddable":true,"href":"https:\/\/ksproducts.ca\/fr\/wp-json\/wp\/v2\/media\/12691"}],"wp:attachment":[{"href":"https:\/\/ksproducts.ca\/fr\/wp-json\/wp\/v2\/media?parent=11633"}],"wp:term":[{"taxonomy":"product_cat","embeddable":true,"href":"https:\/\/ksproducts.ca\/fr\/wp-json\/wp\/v2\/product_cat?post=11633"},{"taxonomy":"product_tag","embeddable":true,"href":"https:\/\/ksproducts.ca\/fr\/wp-json\/wp\/v2\/product_tag?post=11633"}],"curies":[{"name":"wp","href":"https:\/\/api.w.org\/{rel}","templated":true}]}}