{"id":11636,"date":"2026-03-05T16:01:19","date_gmt":"2026-03-05T16:01:19","guid":{"rendered":"https:\/\/ksproducts.ca\/?post_type=product&#038;p=11636"},"modified":"2026-03-16T16:36:33","modified_gmt":"2026-03-16T16:36:33","slug":"turtle-wax-spray-wipe-detailer","status":"publish","type":"product","link":"https:\/\/ksproducts.ca\/fr\/product\/turtle-wax-spray-wipe-detailer\/","title":{"rendered":"Spray &amp; Wipe Detailer de Turtle Wax"},"content":{"rendered":"<ul>\n<li class=\"nl-features__information\">Turtle Wax Interior Detailer Spray Wipes combine the control and performance of the traditional spray trigger bottle and microfiber towel with the convenience of the automotive cleaning wipe<\/li>\n<li class=\"nl-features__information\">Interior specific formula safely cleans and deodorizes leaving surfaces non-greasy, dust-free and UV protected<\/li>\n<li class=\"nl-features__information\">Prevents fading, cracking and drying on plastic, vinyl and rubber surfaces<\/li>\n<li class=\"nl-features__information\">Size: 263 mL (8.9 oz)<\/li>\n<\/ul>","protected":false},"excerpt":{"rendered":"<p>Lingettes nettoyantes int\u00e9rieures pratiques con\u00e7ues pour nettoyer et d\u00e9sodoriser en toute s\u00e9curit\u00e9 les surfaces des v\u00e9hicules tout en les prot\u00e9geant contre la d\u00e9coloration et les craquelures.<\/p>","protected":false},"featured_media":12697,"comment_status":"open","ping_status":"closed","template":"","meta":[],"product_cat":[430],"product_tag":[],"class_list":{"0":"post-11636","1":"product","2":"type-product","3":"status-publish","4":"has-post-thumbnail","6":"product_cat-automotive-gear","7":"product_shipping_class-class-1","9":"first","10":"instock","11":"taxable","12":"shipping-taxable","13":"purchasable","14":"product-type-simple"},"yoast_head":"<!-- This site is optimized with the Yoast SEO plugin v27.3 - https:\/\/yoast.com\/product\/yoast-seo-wordpress\/ -->\n<title>Turtle Wax Spray &amp; Wipe Detailer - Ks Products<\/title>\n<meta name=\"robots\" content=\"index, follow, max-snippet:-1, max-image-preview:large, max-video-preview:-1\" \/>\n<link rel=\"canonical\" href=\"https:\/\/ksproducts.ca\/fr\/product\/turtle-wax-spray-wipe-detailer\/\" \/>\n<meta property=\"og:locale\" content=\"fr_CA\" \/>\n<meta property=\"og:type\" content=\"article\" \/>\n<meta property=\"og:title\" content=\"Turtle Wax Spray &amp; Wipe Detailer - Ks Products\" \/>\n<meta property=\"og:description\" content=\"Convenient interior detailer wipes designed to safely clean and deodorize vehicle surfaces while protecting against fading and cracking.\" \/>\n<meta property=\"og:url\" content=\"https:\/\/ksproducts.ca\/fr\/product\/turtle-wax-spray-wipe-detailer\/\" \/>\n<meta property=\"og:site_name\" content=\"Ks Products\" \/>\n<meta property=\"article:modified_time\" content=\"2026-03-16T16:36:33+00:00\" \/>\n<meta property=\"og:image\" content=\"https:\/\/ksproducts.ca\/wp-content\/uploads\/2026\/03\/Turtle-Wax-Spray-Wipe-Detailer-4.webp\" \/>\n\t<meta property=\"og:image:width\" content=\"229\" \/>\n\t<meta property=\"og:image:height\" content=\"800\" \/>\n\t<meta property=\"og:image:type\" content=\"image\/webp\" \/>\n<meta name=\"twitter:card\" content=\"summary_large_image\" \/>\n<meta name=\"twitter:label1\" content=\"Estimation du temps de lecture\" \/>\n\t<meta name=\"twitter:data1\" content=\"1 minute\" \/>\n<script type=\"application\/ld+json\" class=\"yoast-schema-graph\">{\"@context\":\"https:\\\/\\\/schema.org\",\"@graph\":[{\"@type\":\"WebPage\",\"@id\":\"https:\\\/\\\/ksproducts.ca\\\/product\\\/turtle-wax-spray-wipe-detailer\\\/\",\"url\":\"https:\\\/\\\/ksproducts.ca\\\/product\\\/turtle-wax-spray-wipe-detailer\\\/\",\"name\":\"Turtle Wax Spray & Wipe Detailer - Ks Products\",\"isPartOf\":{\"@id\":\"https:\\\/\\\/ksproducts.ca\\\/#website\"},\"primaryImageOfPage\":{\"@id\":\"https:\\\/\\\/ksproducts.ca\\\/product\\\/turtle-wax-spray-wipe-detailer\\\/#primaryimage\"},\"image\":{\"@id\":\"https:\\\/\\\/ksproducts.ca\\\/product\\\/turtle-wax-spray-wipe-detailer\\\/#primaryimage\"},\"thumbnailUrl\":\"https:\\\/\\\/ksproducts.ca\\\/wp-content\\\/uploads\\\/2026\\\/03\\\/Turtle-Wax-Spray-Wipe-Detailer-4.webp\",\"datePublished\":\"2026-03-05T16:01:19+00:00\",\"dateModified\":\"2026-03-16T16:36:33+00:00\",\"breadcrumb\":{\"@id\":\"https:\\\/\\\/ksproducts.ca\\\/product\\\/turtle-wax-spray-wipe-detailer\\\/#breadcrumb\"},\"inLanguage\":\"fr-CA\",\"potentialAction\":[{\"@type\":\"ReadAction\",\"target\":[\"https:\\\/\\\/ksproducts.ca\\\/product\\\/turtle-wax-spray-wipe-detailer\\\/\"]}]},{\"@type\":\"ImageObject\",\"inLanguage\":\"fr-CA\",\"@id\":\"https:\\\/\\\/ksproducts.ca\\\/product\\\/turtle-wax-spray-wipe-detailer\\\/#primaryimage\",\"url\":\"https:\\\/\\\/ksproducts.ca\\\/wp-content\\\/uploads\\\/2026\\\/03\\\/Turtle-Wax-Spray-Wipe-Detailer-4.webp\",\"contentUrl\":\"https:\\\/\\\/ksproducts.ca\\\/wp-content\\\/uploads\\\/2026\\\/03\\\/Turtle-Wax-Spray-Wipe-Detailer-4.webp\",\"width\":229,\"height\":800,\"caption\":\"Turtle Wax Spray & Wipe Detailer\"},{\"@type\":\"BreadcrumbList\",\"@id\":\"https:\\\/\\\/ksproducts.ca\\\/product\\\/turtle-wax-spray-wipe-detailer\\\/#breadcrumb\",\"itemListElement\":[{\"@type\":\"ListItem\",\"position\":1,\"name\":\"Home\",\"item\":\"https:\\\/\\\/ksproducts.ca\\\/\"},{\"@type\":\"ListItem\",\"position\":2,\"name\":\"Shop\",\"item\":\"https:\\\/\\\/ksproducts.ca\\\/shop\\\/\"},{\"@type\":\"ListItem\",\"position\":3,\"name\":\"Turtle Wax Spray &#038; Wipe Detailer\"}]},{\"@type\":\"WebSite\",\"@id\":\"https:\\\/\\\/ksproducts.ca\\\/#website\",\"url\":\"https:\\\/\\\/ksproducts.ca\\\/\",\"name\":\"Ks Products\",\"description\":\"Outdoor cooking and living, made easy in Canada\",\"publisher\":{\"@id\":\"https:\\\/\\\/ksproducts.ca\\\/#organization\"},\"potentialAction\":[{\"@type\":\"SearchAction\",\"target\":{\"@type\":\"EntryPoint\",\"urlTemplate\":\"https:\\\/\\\/ksproducts.ca\\\/?s={search_term_string}\"},\"query-input\":{\"@type\":\"PropertyValueSpecification\",\"valueRequired\":true,\"valueName\":\"search_term_string\"}}],\"inLanguage\":\"fr-CA\"},{\"@type\":\"Organization\",\"@id\":\"https:\\\/\\\/ksproducts.ca\\\/#organization\",\"name\":\"Ks Products\",\"url\":\"https:\\\/\\\/ksproducts.ca\\\/\",\"logo\":{\"@type\":\"ImageObject\",\"inLanguage\":\"fr-CA\",\"@id\":\"https:\\\/\\\/ksproducts.ca\\\/#\\\/schema\\\/logo\\\/image\\\/\",\"url\":\"https:\\\/\\\/ksproducts.ca\\\/wp-content\\\/uploads\\\/2023\\\/09\\\/Kennedy-Sales-Logo-header-1.png\",\"contentUrl\":\"https:\\\/\\\/ksproducts.ca\\\/wp-content\\\/uploads\\\/2023\\\/09\\\/Kennedy-Sales-Logo-header-1.png\",\"width\":150,\"height\":77,\"caption\":\"Ks Products\"},\"image\":{\"@id\":\"https:\\\/\\\/ksproducts.ca\\\/#\\\/schema\\\/logo\\\/image\\\/\"}}]}<\/script>\n<!-- \/ Yoast SEO plugin. -->","yoast_head_json":{"title":"Turtle Wax Spray & Wipe Detailer - Ks Products","robots":{"index":"index","follow":"follow","max-snippet":"max-snippet:-1","max-image-preview":"max-image-preview:large","max-video-preview":"max-video-preview:-1"},"canonical":"https:\/\/ksproducts.ca\/fr\/product\/turtle-wax-spray-wipe-detailer\/","og_locale":"fr_CA","og_type":"article","og_title":"Turtle Wax Spray & Wipe Detailer - Ks Products","og_description":"Convenient interior detailer wipes designed to safely clean and deodorize vehicle surfaces while protecting against fading and cracking.","og_url":"https:\/\/ksproducts.ca\/fr\/product\/turtle-wax-spray-wipe-detailer\/","og_site_name":"Ks Products","article_modified_time":"2026-03-16T16:36:33+00:00","og_image":[{"width":229,"height":800,"url":"https:\/\/ksproducts.ca\/wp-content\/uploads\/2026\/03\/Turtle-Wax-Spray-Wipe-Detailer-4.webp","type":"image\/webp"}],"twitter_card":"summary_large_image","twitter_misc":{"Estimation du temps de lecture":"1 minute"},"schema":{"@context":"https:\/\/schema.org","@graph":[{"@type":"WebPage","@id":"https:\/\/ksproducts.ca\/product\/turtle-wax-spray-wipe-detailer\/","url":"https:\/\/ksproducts.ca\/product\/turtle-wax-spray-wipe-detailer\/","name":"Turtle Wax Spray & Wipe Detailer - Ks Products","isPartOf":{"@id":"https:\/\/ksproducts.ca\/#website"},"primaryImageOfPage":{"@id":"https:\/\/ksproducts.ca\/product\/turtle-wax-spray-wipe-detailer\/#primaryimage"},"image":{"@id":"https:\/\/ksproducts.ca\/product\/turtle-wax-spray-wipe-detailer\/#primaryimage"},"thumbnailUrl":"https:\/\/ksproducts.ca\/wp-content\/uploads\/2026\/03\/Turtle-Wax-Spray-Wipe-Detailer-4.webp","datePublished":"2026-03-05T16:01:19+00:00","dateModified":"2026-03-16T16:36:33+00:00","breadcrumb":{"@id":"https:\/\/ksproducts.ca\/product\/turtle-wax-spray-wipe-detailer\/#breadcrumb"},"inLanguage":"fr-CA","potentialAction":[{"@type":"ReadAction","target":["https:\/\/ksproducts.ca\/product\/turtle-wax-spray-wipe-detailer\/"]}]},{"@type":"ImageObject","inLanguage":"fr-CA","@id":"https:\/\/ksproducts.ca\/product\/turtle-wax-spray-wipe-detailer\/#primaryimage","url":"https:\/\/ksproducts.ca\/wp-content\/uploads\/2026\/03\/Turtle-Wax-Spray-Wipe-Detailer-4.webp","contentUrl":"https:\/\/ksproducts.ca\/wp-content\/uploads\/2026\/03\/Turtle-Wax-Spray-Wipe-Detailer-4.webp","width":229,"height":800,"caption":"Turtle Wax Spray & Wipe Detailer"},{"@type":"BreadcrumbList","@id":"https:\/\/ksproducts.ca\/product\/turtle-wax-spray-wipe-detailer\/#breadcrumb","itemListElement":[{"@type":"ListItem","position":1,"name":"Home","item":"https:\/\/ksproducts.ca\/"},{"@type":"ListItem","position":2,"name":"Shop","item":"https:\/\/ksproducts.ca\/shop\/"},{"@type":"ListItem","position":3,"name":"Turtle Wax Spray &#038; Wipe Detailer"}]},{"@type":"WebSite","@id":"https:\/\/ksproducts.ca\/#website","url":"https:\/\/ksproducts.ca\/","name":"Produits Ks","description":"Cuisiner et vivre en plein air, c'est facile au Canada","publisher":{"@id":"https:\/\/ksproducts.ca\/#organization"},"potentialAction":[{"@type":"SearchAction","target":{"@type":"EntryPoint","urlTemplate":"https:\/\/ksproducts.ca\/?s={search_term_string}"},"query-input":{"@type":"PropertyValueSpecification","valueRequired":true,"valueName":"search_term_string"}}],"inLanguage":"fr-CA"},{"@type":"Organization","@id":"https:\/\/ksproducts.ca\/#organization","name":"Produits Ks","url":"https:\/\/ksproducts.ca\/","logo":{"@type":"ImageObject","inLanguage":"fr-CA","@id":"https:\/\/ksproducts.ca\/#\/schema\/logo\/image\/","url":"https:\/\/ksproducts.ca\/wp-content\/uploads\/2023\/09\/Kennedy-Sales-Logo-header-1.png","contentUrl":"https:\/\/ksproducts.ca\/wp-content\/uploads\/2023\/09\/Kennedy-Sales-Logo-header-1.png","width":150,"height":77,"caption":"Ks Products"},"image":{"@id":"https:\/\/ksproducts.ca\/#\/schema\/logo\/image\/"}}]}},"_links":{"self":[{"href":"https:\/\/ksproducts.ca\/fr\/wp-json\/wp\/v2\/product\/11636","targetHints":{"allow":["GET"]}}],"collection":[{"href":"https:\/\/ksproducts.ca\/fr\/wp-json\/wp\/v2\/product"}],"about":[{"href":"https:\/\/ksproducts.ca\/fr\/wp-json\/wp\/v2\/types\/product"}],"replies":[{"embeddable":true,"href":"https:\/\/ksproducts.ca\/fr\/wp-json\/wp\/v2\/comments?post=11636"}],"version-history":[{"count":3,"href":"https:\/\/ksproducts.ca\/fr\/wp-json\/wp\/v2\/product\/11636\/revisions"}],"predecessor-version":[{"id":12699,"href":"https:\/\/ksproducts.ca\/fr\/wp-json\/wp\/v2\/product\/11636\/revisions\/12699"}],"wp:featuredmedia":[{"embeddable":true,"href":"https:\/\/ksproducts.ca\/fr\/wp-json\/wp\/v2\/media\/12697"}],"wp:attachment":[{"href":"https:\/\/ksproducts.ca\/fr\/wp-json\/wp\/v2\/media?parent=11636"}],"wp:term":[{"taxonomy":"product_cat","embeddable":true,"href":"https:\/\/ksproducts.ca\/fr\/wp-json\/wp\/v2\/product_cat?post=11636"},{"taxonomy":"product_tag","embeddable":true,"href":"https:\/\/ksproducts.ca\/fr\/wp-json\/wp\/v2\/product_tag?post=11636"}],"curies":[{"name":"wp","href":"https:\/\/api.w.org\/{rel}","templated":true}]}}