{"id":11639,"date":"2026-03-05T16:21:09","date_gmt":"2026-03-05T16:21:09","guid":{"rendered":"https:\/\/ksproducts.ca\/?post_type=product&#038;p=11639"},"modified":"2026-03-05T16:21:09","modified_gmt":"2026-03-05T16:21:09","slug":"blackstone-21-piece-original-series-all-in-one-pro-toolkit","status":"publish","type":"product","link":"https:\/\/ksproducts.ca\/fr\/product\/blackstone-21-piece-original-series-all-in-one-pro-toolkit\/","title":{"rendered":"Blackstone Original Series 21-piece All-in-one Pro Toolkit"},"content":{"rendered":"<ul>\n<li data-start=\"164\" data-end=\"247\">\n<p data-start=\"166\" data-end=\"247\">Comprend des spatules, un grattoir, une pince, une fourchette, une brosse \u00e0 badigeonner et un couvercle \u00e0 badigeonner de 12 pouces.<\/p>\n<\/li>\n<li data-start=\"248\" data-end=\"310\">\n<p data-start=\"250\" data-end=\"310\">Livr\u00e9 avec deux bouteilles de condiments de 32 oz et un tablier utilitaire.<\/p>\n<\/li>\n<li data-start=\"311\" data-end=\"371\">\n<p data-start=\"313\" data-end=\"371\">Poign\u00e9e avec 10 tampons \u00e0 r\u00e9curer pour un nettoyage efficace de la plaque de cuisson<\/p>\n<\/li>\n<li data-start=\"372\" data-end=\"438\" data-is-last-node=\"\">\n<p data-start=\"374\" data-end=\"438\" data-is-last-node=\"\">Poign\u00e9es en plastique r\u00e9sistant \u00e0 la chaleur pour une utilisation s\u00fbre et confortable<\/p>\n<\/li>\n<\/ul>","protected":false},"excerpt":{"rendered":"<p>Cuisinez, regardez et nettoyez comme un pro avec cet ensemble d'outils Blackstone de 21 pi\u00e8ces. Cet ensemble comprend deux spatules \u00e0 griller, un grattoir \u00e0 griller, des pinces, un pinceau \u00e0 badigeonner, une fourchette, un couvercle \u00e0 badigeonner de 12 pouces, deux bouteilles de condiments de 32 oz, un tablier utilitaire noir et une poign\u00e9e avec dix tampons \u00e0 r\u00e9curer. Les ustensiles de cette trousse \u00e0 outils sont dot\u00e9s de poign\u00e9es en plastique r\u00e9sistant \u00e0 la chaleur.<\/p>","protected":false},"featured_media":11640,"comment_status":"open","ping_status":"closed","template":"","meta":[],"product_cat":[436,428,438],"product_tag":[],"class_list":{"0":"post-11639","1":"product","2":"type-product","3":"status-publish","4":"has-post-thumbnail","6":"product_cat-accessories","7":"product_cat-outdoor-cooking","8":"product_cat-tools-kits","9":"product_shipping_class-class-1","11":"first","12":"instock","13":"taxable","14":"shipping-taxable","15":"purchasable","16":"product-type-simple"},"yoast_head":"<!-- This site is optimized with the Yoast SEO plugin v27.3 - https:\/\/yoast.com\/product\/yoast-seo-wordpress\/ -->\n<title>Blackstone 21-piece Original Series All-in-one Pro Toolkit - Ks Products<\/title>\n<meta name=\"robots\" content=\"index, follow, max-snippet:-1, max-image-preview:large, max-video-preview:-1\" \/>\n<link rel=\"canonical\" href=\"https:\/\/ksproducts.ca\/fr\/product\/blackstone-21-piece-original-series-all-in-one-pro-toolkit\/\" \/>\n<meta property=\"og:locale\" content=\"fr_CA\" \/>\n<meta property=\"og:type\" content=\"article\" \/>\n<meta property=\"og:title\" content=\"Blackstone 21-piece Original Series All-in-one Pro Toolkit - Ks Products\" \/>\n<meta property=\"og:description\" content=\"Cook, look, and clean like a pro with this Blackstone 21-piece tool set. Included in this set are two griddle spatulas, a griddle scraper, tongs, a basting brush, a fork, a 12-inch basting lid, two 32 oz condiment bottles, a black utility apron, and a handle with ten scour pads. The utensils in this tool kit feature heat-resistant plastic handles.\" \/>\n<meta property=\"og:url\" content=\"https:\/\/ksproducts.ca\/fr\/product\/blackstone-21-piece-original-series-all-in-one-pro-toolkit\/\" \/>\n<meta property=\"og:site_name\" content=\"Ks Products\" \/>\n<meta property=\"og:image\" content=\"https:\/\/ksproducts.ca\/wp-content\/uploads\/2026\/03\/Blackstone-21-piece-Original-Series-All-in-one-Pro-Toolkit.jpg\" \/>\n\t<meta property=\"og:image:width\" content=\"500\" \/>\n\t<meta property=\"og:image:height\" content=\"503\" \/>\n\t<meta property=\"og:image:type\" content=\"image\/jpeg\" \/>\n<meta name=\"twitter:card\" content=\"summary_large_image\" \/>\n<meta name=\"twitter:label1\" content=\"Estimation du temps de lecture\" \/>\n\t<meta name=\"twitter:data1\" content=\"1 minute\" \/>\n<script type=\"application\/ld+json\" class=\"yoast-schema-graph\">{\"@context\":\"https:\\\/\\\/schema.org\",\"@graph\":[{\"@type\":\"WebPage\",\"@id\":\"https:\\\/\\\/ksproducts.ca\\\/product\\\/blackstone-21-piece-original-series-all-in-one-pro-toolkit\\\/\",\"url\":\"https:\\\/\\\/ksproducts.ca\\\/product\\\/blackstone-21-piece-original-series-all-in-one-pro-toolkit\\\/\",\"name\":\"Blackstone 21-piece Original Series All-in-one Pro Toolkit - Ks Products\",\"isPartOf\":{\"@id\":\"https:\\\/\\\/ksproducts.ca\\\/#website\"},\"primaryImageOfPage\":{\"@id\":\"https:\\\/\\\/ksproducts.ca\\\/product\\\/blackstone-21-piece-original-series-all-in-one-pro-toolkit\\\/#primaryimage\"},\"image\":{\"@id\":\"https:\\\/\\\/ksproducts.ca\\\/product\\\/blackstone-21-piece-original-series-all-in-one-pro-toolkit\\\/#primaryimage\"},\"thumbnailUrl\":\"https:\\\/\\\/ksproducts.ca\\\/wp-content\\\/uploads\\\/2026\\\/03\\\/Blackstone-21-piece-Original-Series-All-in-one-Pro-Toolkit.jpg\",\"datePublished\":\"2026-03-05T16:21:09+00:00\",\"breadcrumb\":{\"@id\":\"https:\\\/\\\/ksproducts.ca\\\/product\\\/blackstone-21-piece-original-series-all-in-one-pro-toolkit\\\/#breadcrumb\"},\"inLanguage\":\"fr-CA\",\"potentialAction\":[{\"@type\":\"ReadAction\",\"target\":[\"https:\\\/\\\/ksproducts.ca\\\/product\\\/blackstone-21-piece-original-series-all-in-one-pro-toolkit\\\/\"]}]},{\"@type\":\"ImageObject\",\"inLanguage\":\"fr-CA\",\"@id\":\"https:\\\/\\\/ksproducts.ca\\\/product\\\/blackstone-21-piece-original-series-all-in-one-pro-toolkit\\\/#primaryimage\",\"url\":\"https:\\\/\\\/ksproducts.ca\\\/wp-content\\\/uploads\\\/2026\\\/03\\\/Blackstone-21-piece-Original-Series-All-in-one-Pro-Toolkit.jpg\",\"contentUrl\":\"https:\\\/\\\/ksproducts.ca\\\/wp-content\\\/uploads\\\/2026\\\/03\\\/Blackstone-21-piece-Original-Series-All-in-one-Pro-Toolkit.jpg\",\"width\":500,\"height\":503,\"caption\":\"Blackstone 21 piece Original Series All in one Pro Toolkit\"},{\"@type\":\"BreadcrumbList\",\"@id\":\"https:\\\/\\\/ksproducts.ca\\\/product\\\/blackstone-21-piece-original-series-all-in-one-pro-toolkit\\\/#breadcrumb\",\"itemListElement\":[{\"@type\":\"ListItem\",\"position\":1,\"name\":\"Home\",\"item\":\"https:\\\/\\\/ksproducts.ca\\\/\"},{\"@type\":\"ListItem\",\"position\":2,\"name\":\"Shop\",\"item\":\"https:\\\/\\\/ksproducts.ca\\\/shop\\\/\"},{\"@type\":\"ListItem\",\"position\":3,\"name\":\"Blackstone 21-piece Original Series All-in-one Pro Toolkit\"}]},{\"@type\":\"WebSite\",\"@id\":\"https:\\\/\\\/ksproducts.ca\\\/#website\",\"url\":\"https:\\\/\\\/ksproducts.ca\\\/\",\"name\":\"Ks Products\",\"description\":\"Outdoor cooking and living, made easy in Canada\",\"publisher\":{\"@id\":\"https:\\\/\\\/ksproducts.ca\\\/#organization\"},\"potentialAction\":[{\"@type\":\"SearchAction\",\"target\":{\"@type\":\"EntryPoint\",\"urlTemplate\":\"https:\\\/\\\/ksproducts.ca\\\/?s={search_term_string}\"},\"query-input\":{\"@type\":\"PropertyValueSpecification\",\"valueRequired\":true,\"valueName\":\"search_term_string\"}}],\"inLanguage\":\"fr-CA\"},{\"@type\":\"Organization\",\"@id\":\"https:\\\/\\\/ksproducts.ca\\\/#organization\",\"name\":\"Ks Products\",\"url\":\"https:\\\/\\\/ksproducts.ca\\\/\",\"logo\":{\"@type\":\"ImageObject\",\"inLanguage\":\"fr-CA\",\"@id\":\"https:\\\/\\\/ksproducts.ca\\\/#\\\/schema\\\/logo\\\/image\\\/\",\"url\":\"https:\\\/\\\/ksproducts.ca\\\/wp-content\\\/uploads\\\/2023\\\/09\\\/Kennedy-Sales-Logo-header-1.png\",\"contentUrl\":\"https:\\\/\\\/ksproducts.ca\\\/wp-content\\\/uploads\\\/2023\\\/09\\\/Kennedy-Sales-Logo-header-1.png\",\"width\":150,\"height\":77,\"caption\":\"Ks Products\"},\"image\":{\"@id\":\"https:\\\/\\\/ksproducts.ca\\\/#\\\/schema\\\/logo\\\/image\\\/\"}}]}<\/script>\n<!-- \/ Yoast SEO plugin. -->","yoast_head_json":{"title":"Blackstone Original Series 21-piece All-in-one Pro Toolkit - Ks Products","robots":{"index":"index","follow":"follow","max-snippet":"max-snippet:-1","max-image-preview":"max-image-preview:large","max-video-preview":"max-video-preview:-1"},"canonical":"https:\/\/ksproducts.ca\/fr\/product\/blackstone-21-piece-original-series-all-in-one-pro-toolkit\/","og_locale":"fr_CA","og_type":"article","og_title":"Blackstone 21-piece Original Series All-in-one Pro Toolkit - Ks Products","og_description":"Cook, look, and clean like a pro with this Blackstone 21-piece tool set. Included in this set are two griddle spatulas, a griddle scraper, tongs, a basting brush, a fork, a 12-inch basting lid, two 32 oz condiment bottles, a black utility apron, and a handle with ten scour pads. The utensils in this tool kit feature heat-resistant plastic handles.","og_url":"https:\/\/ksproducts.ca\/fr\/product\/blackstone-21-piece-original-series-all-in-one-pro-toolkit\/","og_site_name":"Ks Products","og_image":[{"width":500,"height":503,"url":"https:\/\/ksproducts.ca\/wp-content\/uploads\/2026\/03\/Blackstone-21-piece-Original-Series-All-in-one-Pro-Toolkit.jpg","type":"image\/jpeg"}],"twitter_card":"summary_large_image","twitter_misc":{"Estimation du temps de lecture":"1 minute"},"schema":{"@context":"https:\/\/schema.org","@graph":[{"@type":"WebPage","@id":"https:\/\/ksproducts.ca\/product\/blackstone-21-piece-original-series-all-in-one-pro-toolkit\/","url":"https:\/\/ksproducts.ca\/product\/blackstone-21-piece-original-series-all-in-one-pro-toolkit\/","name":"Blackstone Original Series 21-piece All-in-one Pro Toolkit - Ks Products","isPartOf":{"@id":"https:\/\/ksproducts.ca\/#website"},"primaryImageOfPage":{"@id":"https:\/\/ksproducts.ca\/product\/blackstone-21-piece-original-series-all-in-one-pro-toolkit\/#primaryimage"},"image":{"@id":"https:\/\/ksproducts.ca\/product\/blackstone-21-piece-original-series-all-in-one-pro-toolkit\/#primaryimage"},"thumbnailUrl":"https:\/\/ksproducts.ca\/wp-content\/uploads\/2026\/03\/Blackstone-21-piece-Original-Series-All-in-one-Pro-Toolkit.jpg","datePublished":"2026-03-05T16:21:09+00:00","breadcrumb":{"@id":"https:\/\/ksproducts.ca\/product\/blackstone-21-piece-original-series-all-in-one-pro-toolkit\/#breadcrumb"},"inLanguage":"fr-CA","potentialAction":[{"@type":"ReadAction","target":["https:\/\/ksproducts.ca\/product\/blackstone-21-piece-original-series-all-in-one-pro-toolkit\/"]}]},{"@type":"ImageObject","inLanguage":"fr-CA","@id":"https:\/\/ksproducts.ca\/product\/blackstone-21-piece-original-series-all-in-one-pro-toolkit\/#primaryimage","url":"https:\/\/ksproducts.ca\/wp-content\/uploads\/2026\/03\/Blackstone-21-piece-Original-Series-All-in-one-Pro-Toolkit.jpg","contentUrl":"https:\/\/ksproducts.ca\/wp-content\/uploads\/2026\/03\/Blackstone-21-piece-Original-Series-All-in-one-Pro-Toolkit.jpg","width":500,"height":503,"caption":"Blackstone 21 piece Original Series All in one Pro Toolkit"},{"@type":"BreadcrumbList","@id":"https:\/\/ksproducts.ca\/product\/blackstone-21-piece-original-series-all-in-one-pro-toolkit\/#breadcrumb","itemListElement":[{"@type":"ListItem","position":1,"name":"Home","item":"https:\/\/ksproducts.ca\/"},{"@type":"ListItem","position":2,"name":"Shop","item":"https:\/\/ksproducts.ca\/shop\/"},{"@type":"ListItem","position":3,"name":"Blackstone 21-piece Original Series All-in-one Pro Toolkit"}]},{"@type":"WebSite","@id":"https:\/\/ksproducts.ca\/#website","url":"https:\/\/ksproducts.ca\/","name":"Produits Ks","description":"Cuisiner et vivre en plein air, c'est facile au Canada","publisher":{"@id":"https:\/\/ksproducts.ca\/#organization"},"potentialAction":[{"@type":"SearchAction","target":{"@type":"EntryPoint","urlTemplate":"https:\/\/ksproducts.ca\/?s={search_term_string}"},"query-input":{"@type":"PropertyValueSpecification","valueRequired":true,"valueName":"search_term_string"}}],"inLanguage":"fr-CA"},{"@type":"Organization","@id":"https:\/\/ksproducts.ca\/#organization","name":"Produits Ks","url":"https:\/\/ksproducts.ca\/","logo":{"@type":"ImageObject","inLanguage":"fr-CA","@id":"https:\/\/ksproducts.ca\/#\/schema\/logo\/image\/","url":"https:\/\/ksproducts.ca\/wp-content\/uploads\/2023\/09\/Kennedy-Sales-Logo-header-1.png","contentUrl":"https:\/\/ksproducts.ca\/wp-content\/uploads\/2023\/09\/Kennedy-Sales-Logo-header-1.png","width":150,"height":77,"caption":"Ks Products"},"image":{"@id":"https:\/\/ksproducts.ca\/#\/schema\/logo\/image\/"}}]}},"_links":{"self":[{"href":"https:\/\/ksproducts.ca\/fr\/wp-json\/wp\/v2\/product\/11639","targetHints":{"allow":["GET"]}}],"collection":[{"href":"https:\/\/ksproducts.ca\/fr\/wp-json\/wp\/v2\/product"}],"about":[{"href":"https:\/\/ksproducts.ca\/fr\/wp-json\/wp\/v2\/types\/product"}],"replies":[{"embeddable":true,"href":"https:\/\/ksproducts.ca\/fr\/wp-json\/wp\/v2\/comments?post=11639"}],"version-history":[{"count":1,"href":"https:\/\/ksproducts.ca\/fr\/wp-json\/wp\/v2\/product\/11639\/revisions"}],"predecessor-version":[{"id":11641,"href":"https:\/\/ksproducts.ca\/fr\/wp-json\/wp\/v2\/product\/11639\/revisions\/11641"}],"wp:featuredmedia":[{"embeddable":true,"href":"https:\/\/ksproducts.ca\/fr\/wp-json\/wp\/v2\/media\/11640"}],"wp:attachment":[{"href":"https:\/\/ksproducts.ca\/fr\/wp-json\/wp\/v2\/media?parent=11639"}],"wp:term":[{"taxonomy":"product_cat","embeddable":true,"href":"https:\/\/ksproducts.ca\/fr\/wp-json\/wp\/v2\/product_cat?post=11639"},{"taxonomy":"product_tag","embeddable":true,"href":"https:\/\/ksproducts.ca\/fr\/wp-json\/wp\/v2\/product_tag?post=11639"}],"curies":[{"name":"wp","href":"https:\/\/api.w.org\/{rel}","templated":true}]}}