{"id":11642,"date":"2026-03-05T16:27:13","date_gmt":"2026-03-05T16:27:13","guid":{"rendered":"https:\/\/ksproducts.ca\/?post_type=product&#038;p=11642"},"modified":"2026-03-05T16:27:13","modified_gmt":"2026-03-05T16:27:13","slug":"blackstone-griddle-essentials-5-piece-griddle-accessory-kit","status":"publish","type":"product","link":"https:\/\/ksproducts.ca\/fr\/product\/blackstone-griddle-essentials-5-piece-griddle-accessory-kit\/","title":{"rendered":"Kit d'accessoires de gril 5 pi\u00e8ces Blackstone Griddle Essentials"},"content":{"rendered":"<ul>\n<li>Distributeurs de liquide de qualit\u00e9 commerciale de 16 oz.<\/li>\n<li>spatules de qualit\u00e9 commerciale - avec bords biseaut\u00e9s<\/li>\n<li>grattoir\/hachoir - pour un nettoyage rapide et facile<\/li>\n<li>Le grattoir et les spatules sont en acier inoxydable durable.<\/li>\n<\/ul>","protected":false},"excerpt":{"rendered":"<p>Obtenez les \u00e9l\u00e9ments de base dont vous avez besoin pour commencer \u00e0 cuisiner et \u00e0 prendre soin de votre plancha avec le kit de plancha original 5 pi\u00e8ces. Hachez, cuisez, retournez et grattez comme un pro avec deux spatules en acier inoxydable. Puis, avec les deux bouteilles de sauce\/liquide de 32 oz, ajoutez de la saveur et de l'humidit\u00e9 \u00e0 la demande. Vous pouvez utiliser les m\u00eames liquides pour refroidir une plaque chaude, cuire des l\u00e9gumes \u00e0 la vapeur et m\u00eame \u00e9liminer les aliments cuits. Et avec l'aide du grattoir, vous pourrez nettoyer votre plancha, pour \u00eatre pr\u00eat la prochaine fois.<\/p>","protected":false},"featured_media":11643,"comment_status":"open","ping_status":"closed","template":"","meta":[],"product_cat":[428,438],"product_tag":[],"class_list":{"0":"post-11642","1":"product","2":"type-product","3":"status-publish","4":"has-post-thumbnail","6":"product_cat-outdoor-cooking","7":"product_cat-tools-kits","8":"product_shipping_class-class-1","10":"first","11":"instock","12":"taxable","13":"shipping-taxable","14":"purchasable","15":"product-type-simple"},"yoast_head":"<!-- This site is optimized with the Yoast SEO plugin v27.4 - https:\/\/yoast.com\/product\/yoast-seo-wordpress\/ -->\n<title>Blackstone Griddle Essentials 5-Piece Griddle Accessory Kit - Ks Products<\/title>\n<meta name=\"robots\" content=\"index, follow, max-snippet:-1, max-image-preview:large, max-video-preview:-1\" \/>\n<link rel=\"canonical\" href=\"https:\/\/ksproducts.ca\/fr\/product\/blackstone-griddle-essentials-5-piece-griddle-accessory-kit\/\" \/>\n<meta property=\"og:locale\" content=\"fr_CA\" \/>\n<meta property=\"og:type\" content=\"article\" \/>\n<meta property=\"og:title\" content=\"Blackstone Griddle Essentials 5-Piece Griddle Accessory Kit - Ks Products\" \/>\n<meta property=\"og:description\" content=\"Get the basics you need to start cooking and caring for your griddle with the 5 Piece Original Griddle Kit. Chop, cook, flip and scrape like pro with two stainless steel spatulas. Then with the two 32 oz. Sauce\/Liquid Bottles, add flavor and moisture on demand. You can use the same liquids to cool down a hot griddle, steam veggies, and even remove cooked-on-food. And with the help of the Griddle Scraper, you\u2019ll be able to clean your griddle, so you\u2019ll ready to go the next time around.\" \/>\n<meta property=\"og:url\" content=\"https:\/\/ksproducts.ca\/fr\/product\/blackstone-griddle-essentials-5-piece-griddle-accessory-kit\/\" \/>\n<meta property=\"og:site_name\" content=\"Ks Products\" \/>\n<meta property=\"og:image\" content=\"https:\/\/ksproducts.ca\/wp-content\/uploads\/2026\/03\/Blackstone-Griddle-Essentials-5-Piece-Griddle-Accessory-Kit.jpg\" \/>\n\t<meta property=\"og:image:width\" content=\"714\" \/>\n\t<meta property=\"og:image:height\" content=\"614\" \/>\n\t<meta property=\"og:image:type\" content=\"image\/jpeg\" \/>\n<meta name=\"twitter:card\" content=\"summary_large_image\" \/>\n<meta name=\"twitter:label1\" content=\"Estimation du temps de lecture\" \/>\n\t<meta name=\"twitter:data1\" content=\"1 minute\" \/>\n<script type=\"application\/ld+json\" class=\"yoast-schema-graph\">{\"@context\":\"https:\\\/\\\/schema.org\",\"@graph\":[{\"@type\":\"WebPage\",\"@id\":\"https:\\\/\\\/ksproducts.ca\\\/product\\\/blackstone-griddle-essentials-5-piece-griddle-accessory-kit\\\/\",\"url\":\"https:\\\/\\\/ksproducts.ca\\\/product\\\/blackstone-griddle-essentials-5-piece-griddle-accessory-kit\\\/\",\"name\":\"Blackstone Griddle Essentials 5-Piece Griddle Accessory Kit - Ks Products\",\"isPartOf\":{\"@id\":\"https:\\\/\\\/ksproducts.ca\\\/#website\"},\"primaryImageOfPage\":{\"@id\":\"https:\\\/\\\/ksproducts.ca\\\/product\\\/blackstone-griddle-essentials-5-piece-griddle-accessory-kit\\\/#primaryimage\"},\"image\":{\"@id\":\"https:\\\/\\\/ksproducts.ca\\\/product\\\/blackstone-griddle-essentials-5-piece-griddle-accessory-kit\\\/#primaryimage\"},\"thumbnailUrl\":\"https:\\\/\\\/ksproducts.ca\\\/wp-content\\\/uploads\\\/2026\\\/03\\\/Blackstone-Griddle-Essentials-5-Piece-Griddle-Accessory-Kit.jpg\",\"datePublished\":\"2026-03-05T16:27:13+00:00\",\"breadcrumb\":{\"@id\":\"https:\\\/\\\/ksproducts.ca\\\/product\\\/blackstone-griddle-essentials-5-piece-griddle-accessory-kit\\\/#breadcrumb\"},\"inLanguage\":\"fr-CA\",\"potentialAction\":[{\"@type\":\"ReadAction\",\"target\":[\"https:\\\/\\\/ksproducts.ca\\\/product\\\/blackstone-griddle-essentials-5-piece-griddle-accessory-kit\\\/\"]}]},{\"@type\":\"ImageObject\",\"inLanguage\":\"fr-CA\",\"@id\":\"https:\\\/\\\/ksproducts.ca\\\/product\\\/blackstone-griddle-essentials-5-piece-griddle-accessory-kit\\\/#primaryimage\",\"url\":\"https:\\\/\\\/ksproducts.ca\\\/wp-content\\\/uploads\\\/2026\\\/03\\\/Blackstone-Griddle-Essentials-5-Piece-Griddle-Accessory-Kit.jpg\",\"contentUrl\":\"https:\\\/\\\/ksproducts.ca\\\/wp-content\\\/uploads\\\/2026\\\/03\\\/Blackstone-Griddle-Essentials-5-Piece-Griddle-Accessory-Kit.jpg\",\"width\":714,\"height\":614,\"caption\":\"Blackstone Griddle Essentials 5 Piece Griddle Accessory Kit\"},{\"@type\":\"BreadcrumbList\",\"@id\":\"https:\\\/\\\/ksproducts.ca\\\/product\\\/blackstone-griddle-essentials-5-piece-griddle-accessory-kit\\\/#breadcrumb\",\"itemListElement\":[{\"@type\":\"ListItem\",\"position\":1,\"name\":\"Home\",\"item\":\"https:\\\/\\\/ksproducts.ca\\\/\"},{\"@type\":\"ListItem\",\"position\":2,\"name\":\"Shop\",\"item\":\"https:\\\/\\\/ksproducts.ca\\\/shop\\\/\"},{\"@type\":\"ListItem\",\"position\":3,\"name\":\"Blackstone Griddle Essentials 5-Piece Griddle Accessory Kit\"}]},{\"@type\":\"WebSite\",\"@id\":\"https:\\\/\\\/ksproducts.ca\\\/#website\",\"url\":\"https:\\\/\\\/ksproducts.ca\\\/\",\"name\":\"Ks Products\",\"description\":\"Outdoor cooking and living, made easy in Canada\",\"publisher\":{\"@id\":\"https:\\\/\\\/ksproducts.ca\\\/#organization\"},\"potentialAction\":[{\"@type\":\"SearchAction\",\"target\":{\"@type\":\"EntryPoint\",\"urlTemplate\":\"https:\\\/\\\/ksproducts.ca\\\/?s={search_term_string}\"},\"query-input\":{\"@type\":\"PropertyValueSpecification\",\"valueRequired\":true,\"valueName\":\"search_term_string\"}}],\"inLanguage\":\"fr-CA\"},{\"@type\":\"Organization\",\"@id\":\"https:\\\/\\\/ksproducts.ca\\\/#organization\",\"name\":\"Ks Products\",\"url\":\"https:\\\/\\\/ksproducts.ca\\\/\",\"logo\":{\"@type\":\"ImageObject\",\"inLanguage\":\"fr-CA\",\"@id\":\"https:\\\/\\\/ksproducts.ca\\\/#\\\/schema\\\/logo\\\/image\\\/\",\"url\":\"https:\\\/\\\/ksproducts.ca\\\/wp-content\\\/uploads\\\/2023\\\/09\\\/Kennedy-Sales-Logo-header-1.png\",\"contentUrl\":\"https:\\\/\\\/ksproducts.ca\\\/wp-content\\\/uploads\\\/2023\\\/09\\\/Kennedy-Sales-Logo-header-1.png\",\"width\":150,\"height\":77,\"caption\":\"Ks Products\"},\"image\":{\"@id\":\"https:\\\/\\\/ksproducts.ca\\\/#\\\/schema\\\/logo\\\/image\\\/\"}}]}<\/script>\n<!-- \/ Yoast SEO plugin. -->","yoast_head_json":{"title":"Blackstone Griddle Essentials 5-Piece Griddle Accessory Kit - Ks Products","robots":{"index":"index","follow":"follow","max-snippet":"max-snippet:-1","max-image-preview":"max-image-preview:large","max-video-preview":"max-video-preview:-1"},"canonical":"https:\/\/ksproducts.ca\/fr\/product\/blackstone-griddle-essentials-5-piece-griddle-accessory-kit\/","og_locale":"fr_CA","og_type":"article","og_title":"Blackstone Griddle Essentials 5-Piece Griddle Accessory Kit - Ks Products","og_description":"Get the basics you need to start cooking and caring for your griddle with the 5 Piece Original Griddle Kit. Chop, cook, flip and scrape like pro with two stainless steel spatulas. Then with the two 32 oz. Sauce\/Liquid Bottles, add flavor and moisture on demand. You can use the same liquids to cool down a hot griddle, steam veggies, and even remove cooked-on-food. And with the help of the Griddle Scraper, you\u2019ll be able to clean your griddle, so you\u2019ll ready to go the next time around.","og_url":"https:\/\/ksproducts.ca\/fr\/product\/blackstone-griddle-essentials-5-piece-griddle-accessory-kit\/","og_site_name":"Ks Products","og_image":[{"width":714,"height":614,"url":"https:\/\/ksproducts.ca\/wp-content\/uploads\/2026\/03\/Blackstone-Griddle-Essentials-5-Piece-Griddle-Accessory-Kit.jpg","type":"image\/jpeg"}],"twitter_card":"summary_large_image","twitter_misc":{"Estimation du temps de lecture":"1 minute"},"schema":{"@context":"https:\/\/schema.org","@graph":[{"@type":"WebPage","@id":"https:\/\/ksproducts.ca\/product\/blackstone-griddle-essentials-5-piece-griddle-accessory-kit\/","url":"https:\/\/ksproducts.ca\/product\/blackstone-griddle-essentials-5-piece-griddle-accessory-kit\/","name":"Blackstone Griddle Essentials 5-Piece Griddle Accessory Kit - Ks Products","isPartOf":{"@id":"https:\/\/ksproducts.ca\/#website"},"primaryImageOfPage":{"@id":"https:\/\/ksproducts.ca\/product\/blackstone-griddle-essentials-5-piece-griddle-accessory-kit\/#primaryimage"},"image":{"@id":"https:\/\/ksproducts.ca\/product\/blackstone-griddle-essentials-5-piece-griddle-accessory-kit\/#primaryimage"},"thumbnailUrl":"https:\/\/ksproducts.ca\/wp-content\/uploads\/2026\/03\/Blackstone-Griddle-Essentials-5-Piece-Griddle-Accessory-Kit.jpg","datePublished":"2026-03-05T16:27:13+00:00","breadcrumb":{"@id":"https:\/\/ksproducts.ca\/product\/blackstone-griddle-essentials-5-piece-griddle-accessory-kit\/#breadcrumb"},"inLanguage":"fr-CA","potentialAction":[{"@type":"ReadAction","target":["https:\/\/ksproducts.ca\/product\/blackstone-griddle-essentials-5-piece-griddle-accessory-kit\/"]}]},{"@type":"ImageObject","inLanguage":"fr-CA","@id":"https:\/\/ksproducts.ca\/product\/blackstone-griddle-essentials-5-piece-griddle-accessory-kit\/#primaryimage","url":"https:\/\/ksproducts.ca\/wp-content\/uploads\/2026\/03\/Blackstone-Griddle-Essentials-5-Piece-Griddle-Accessory-Kit.jpg","contentUrl":"https:\/\/ksproducts.ca\/wp-content\/uploads\/2026\/03\/Blackstone-Griddle-Essentials-5-Piece-Griddle-Accessory-Kit.jpg","width":714,"height":614,"caption":"Blackstone Griddle Essentials 5 Piece Griddle Accessory Kit"},{"@type":"BreadcrumbList","@id":"https:\/\/ksproducts.ca\/product\/blackstone-griddle-essentials-5-piece-griddle-accessory-kit\/#breadcrumb","itemListElement":[{"@type":"ListItem","position":1,"name":"Home","item":"https:\/\/ksproducts.ca\/"},{"@type":"ListItem","position":2,"name":"Shop","item":"https:\/\/ksproducts.ca\/shop\/"},{"@type":"ListItem","position":3,"name":"Blackstone Griddle Essentials 5-Piece Griddle Accessory Kit"}]},{"@type":"WebSite","@id":"https:\/\/ksproducts.ca\/#website","url":"https:\/\/ksproducts.ca\/","name":"Produits Ks","description":"Cuisiner et vivre en plein air, c'est facile au Canada","publisher":{"@id":"https:\/\/ksproducts.ca\/#organization"},"potentialAction":[{"@type":"SearchAction","target":{"@type":"EntryPoint","urlTemplate":"https:\/\/ksproducts.ca\/?s={search_term_string}"},"query-input":{"@type":"PropertyValueSpecification","valueRequired":true,"valueName":"search_term_string"}}],"inLanguage":"fr-CA"},{"@type":"Organization","@id":"https:\/\/ksproducts.ca\/#organization","name":"Produits Ks","url":"https:\/\/ksproducts.ca\/","logo":{"@type":"ImageObject","inLanguage":"fr-CA","@id":"https:\/\/ksproducts.ca\/#\/schema\/logo\/image\/","url":"https:\/\/ksproducts.ca\/wp-content\/uploads\/2023\/09\/Kennedy-Sales-Logo-header-1.png","contentUrl":"https:\/\/ksproducts.ca\/wp-content\/uploads\/2023\/09\/Kennedy-Sales-Logo-header-1.png","width":150,"height":77,"caption":"Ks Products"},"image":{"@id":"https:\/\/ksproducts.ca\/#\/schema\/logo\/image\/"}}]}},"_links":{"self":[{"href":"https:\/\/ksproducts.ca\/fr\/wp-json\/wp\/v2\/product\/11642","targetHints":{"allow":["GET"]}}],"collection":[{"href":"https:\/\/ksproducts.ca\/fr\/wp-json\/wp\/v2\/product"}],"about":[{"href":"https:\/\/ksproducts.ca\/fr\/wp-json\/wp\/v2\/types\/product"}],"replies":[{"embeddable":true,"href":"https:\/\/ksproducts.ca\/fr\/wp-json\/wp\/v2\/comments?post=11642"}],"version-history":[{"count":1,"href":"https:\/\/ksproducts.ca\/fr\/wp-json\/wp\/v2\/product\/11642\/revisions"}],"predecessor-version":[{"id":11644,"href":"https:\/\/ksproducts.ca\/fr\/wp-json\/wp\/v2\/product\/11642\/revisions\/11644"}],"wp:featuredmedia":[{"embeddable":true,"href":"https:\/\/ksproducts.ca\/fr\/wp-json\/wp\/v2\/media\/11643"}],"wp:attachment":[{"href":"https:\/\/ksproducts.ca\/fr\/wp-json\/wp\/v2\/media?parent=11642"}],"wp:term":[{"taxonomy":"product_cat","embeddable":true,"href":"https:\/\/ksproducts.ca\/fr\/wp-json\/wp\/v2\/product_cat?post=11642"},{"taxonomy":"product_tag","embeddable":true,"href":"https:\/\/ksproducts.ca\/fr\/wp-json\/wp\/v2\/product_tag?post=11642"}],"curies":[{"name":"wp","href":"https:\/\/api.w.org\/{rel}","templated":true}]}}