{"id":11645,"date":"2026-03-05T16:34:57","date_gmt":"2026-03-05T16:34:57","guid":{"rendered":"https:\/\/ksproducts.ca\/?post_type=product&#038;p=11645"},"modified":"2026-03-05T16:34:57","modified_gmt":"2026-03-05T16:34:57","slug":"blackstone-3-in-1-griddle-cleaning-tool-featuring-scraper-scouring-pad-and-refinishing-brick-outil-de-nettoyage-de-la-plaque-de-cuisson-3-en-1-comprenant-un-grattoir-un-tampon-a-recurer-et-une-briqu","status":"publish","type":"product","link":"https:\/\/ksproducts.ca\/fr\/product\/blackstone-3-in-1-griddle-cleaning-tool-featuring-scraper-scouring-pad-and-refinishing-brick\/","title":{"rendered":"Outil de nettoyage de gril 3 en 1 de Blackstone comprenant un grattoir, un tampon \u00e0 r\u00e9curer et une brique de finition"},"content":{"rendered":"<ul>\n<li data-start=\"164\" data-end=\"243\">\n<p data-start=\"166\" data-end=\"243\">Conception 3 en 1 avec lame racleuse, brique de nettoyage abrasive et tampon \u00e0 r\u00e9curer<\/p>\n<\/li>\n<li data-start=\"244\" data-end=\"310\">\n<p data-start=\"246\" data-end=\"310\">\u00c9limine efficacement les graisses, les r\u00e9sidus alimentaires et les d\u00e9p\u00f4ts tenaces.<\/p>\n<\/li>\n<li data-start=\"311\" data-end=\"376\">\n<p data-start=\"313\" data-end=\"376\">Poign\u00e9e ergonomique r\u00e9sistante \u00e0 la chaleur pour une prise en main s\u00fbre et confortable<\/p>\n<\/li>\n<li data-start=\"377\" data-end=\"444\" data-is-last-node=\"\">\n<p data-start=\"379\" data-end=\"444\" data-is-last-node=\"\">Ouvre-bouteille int\u00e9gr\u00e9 pour une plus grande commodit\u00e9 lors des soir\u00e9es gastronomiques<\/p>\n<\/li>\n<\/ul>","protected":false},"excerpt":{"rendered":"<p>Assurez-vous d'avoir une surface de cuisson propre avant votre soir\u00e9e gr\u00e2ce \u00e0 l'outil de nettoyage de gril 3 en 1 de Blackstone. Il propose trois m\u00e9thodes diff\u00e9rentes pour \u00e9liminer la graisse, les aliments coll\u00e9s et d'autres types d'accumulation. Il y a une brique abrasive d'un c\u00f4t\u00e9 pour les gros travaux et un tampon \u00e0 r\u00e9curer pour les grilles de cuisson de l'autre c\u00f4t\u00e9 pour un r\u00e9curage plus l\u00e9ger. Enlevez les fines couches d'accumulation avec la lame du grattoir, qui est \u00e9galement amovible pour l'aiguiser ou la remplacer au besoin. Cet outil 3 en 1 est dot\u00e9 d'une poign\u00e9e ergonomique textur\u00e9e et r\u00e9sistante \u00e0 la chaleur, pour une prise en main s\u00fbre et confortable. \u00c0 l'extr\u00e9mit\u00e9 se trouve un d\u00e9capsuleur int\u00e9gr\u00e9 pour plus de commodit\u00e9. Ne manquez pas d'ajouter cet outil \u00e0 votre arsenal Blackstone.<\/p>","protected":false},"featured_media":11646,"comment_status":"open","ping_status":"closed","template":"","meta":[],"product_cat":[438],"product_tag":[],"class_list":{"0":"post-11645","1":"product","2":"type-product","3":"status-publish","4":"has-post-thumbnail","6":"product_cat-tools-kits","7":"product_shipping_class-class-1","9":"first","10":"instock","11":"taxable","12":"shipping-taxable","13":"purchasable","14":"product-type-simple"},"yoast_head":"<!-- This site is optimized with the Yoast SEO plugin v27.3 - https:\/\/yoast.com\/product\/yoast-seo-wordpress\/ -->\n<title>Blackstone 3-in-1 Griddle Cleaning Tool featuring Scraper, Scouring Pad, and Refinishing Brick - Ks Products<\/title>\n<meta name=\"robots\" content=\"index, follow, max-snippet:-1, max-image-preview:large, max-video-preview:-1\" \/>\n<link rel=\"canonical\" href=\"https:\/\/ksproducts.ca\/fr\/product\/blackstone-3-in-1-griddle-cleaning-tool-featuring-scraper-scouring-pad-and-refinishing-brick-outil-de-nettoyage-de-la-plaque-de-cuisson-3-en-1-comprenant-un-grattoir-un-tampon-a-recurer-et-une-briqu\/\" \/>\n<meta property=\"og:locale\" content=\"fr_CA\" \/>\n<meta property=\"og:type\" content=\"article\" \/>\n<meta property=\"og:title\" content=\"Blackstone 3-in-1 Griddle Cleaning Tool featuring Scraper, Scouring Pad, and Refinishing Brick - Ks Products\" \/>\n<meta property=\"og:description\" content=\"Make sure that you have a clean cooking surface before your cookout with the Blackstone 3-in-1 Griddle Cleaning Tool. It has three different methods for removing grease, stuck-on food and other kinds of build-up. There\u2019s an abrasive brick on one side for heavy-duty jobs as well as a griddle scouring pad on the other for lighter scrubbing. Remove thin layers of build-up with the scraper blade, which is also removable for sharpening or replacing as needed. This 3-in-1 tool has a textured, ergonomic handle that\u2019s also heat-resistant, so it\u2019s safe and comfortable to grip. On the end is a built-in bottle opener for added convenience. You don\u2019t want to miss out on adding this tool to your Blackstone tool arsenal.\" \/>\n<meta property=\"og:url\" content=\"https:\/\/ksproducts.ca\/fr\/product\/blackstone-3-in-1-griddle-cleaning-tool-featuring-scraper-scouring-pad-and-refinishing-brick-outil-de-nettoyage-de-la-plaque-de-cuisson-3-en-1-comprenant-un-grattoir-un-tampon-a-recurer-et-une-briqu\/\" \/>\n<meta property=\"og:site_name\" content=\"Ks Products\" \/>\n<meta property=\"og:image\" content=\"https:\/\/ksproducts.ca\/wp-content\/uploads\/2026\/03\/Blackstone-3-in-1-Griddle-Cleaning-Tool-featuring-Scraper-Scouring-Pad-and-Refinishing-Brick.jpg\" \/>\n\t<meta property=\"og:image:width\" content=\"1024\" \/>\n\t<meta property=\"og:image:height\" content=\"1024\" \/>\n\t<meta property=\"og:image:type\" content=\"image\/jpeg\" \/>\n<meta name=\"twitter:card\" content=\"summary_large_image\" \/>\n<meta name=\"twitter:label1\" content=\"Estimation du temps de lecture\" \/>\n\t<meta name=\"twitter:data1\" content=\"1 minute\" \/>\n<script type=\"application\/ld+json\" class=\"yoast-schema-graph\">{\"@context\":\"https:\\\/\\\/schema.org\",\"@graph\":[{\"@type\":\"WebPage\",\"@id\":\"https:\\\/\\\/ksproducts.ca\\\/product\\\/blackstone-3-in-1-griddle-cleaning-tool-featuring-scraper-scouring-pad-and-refinishing-brick\\\/\",\"url\":\"https:\\\/\\\/ksproducts.ca\\\/product\\\/blackstone-3-in-1-griddle-cleaning-tool-featuring-scraper-scouring-pad-and-refinishing-brick\\\/\",\"name\":\"Blackstone 3-in-1 Griddle Cleaning Tool featuring Scraper, Scouring Pad, and Refinishing Brick - Ks Products\",\"isPartOf\":{\"@id\":\"https:\\\/\\\/ksproducts.ca\\\/#website\"},\"primaryImageOfPage\":{\"@id\":\"https:\\\/\\\/ksproducts.ca\\\/product\\\/blackstone-3-in-1-griddle-cleaning-tool-featuring-scraper-scouring-pad-and-refinishing-brick\\\/#primaryimage\"},\"image\":{\"@id\":\"https:\\\/\\\/ksproducts.ca\\\/product\\\/blackstone-3-in-1-griddle-cleaning-tool-featuring-scraper-scouring-pad-and-refinishing-brick\\\/#primaryimage\"},\"thumbnailUrl\":\"https:\\\/\\\/ksproducts.ca\\\/wp-content\\\/uploads\\\/2026\\\/03\\\/Blackstone-3-in-1-Griddle-Cleaning-Tool-featuring-Scraper-Scouring-Pad-and-Refinishing-Brick.jpg\",\"datePublished\":\"2026-03-05T16:34:57+00:00\",\"breadcrumb\":{\"@id\":\"https:\\\/\\\/ksproducts.ca\\\/product\\\/blackstone-3-in-1-griddle-cleaning-tool-featuring-scraper-scouring-pad-and-refinishing-brick\\\/#breadcrumb\"},\"inLanguage\":\"fr-CA\",\"potentialAction\":[{\"@type\":\"ReadAction\",\"target\":[\"https:\\\/\\\/ksproducts.ca\\\/product\\\/blackstone-3-in-1-griddle-cleaning-tool-featuring-scraper-scouring-pad-and-refinishing-brick\\\/\"]}]},{\"@type\":\"ImageObject\",\"inLanguage\":\"fr-CA\",\"@id\":\"https:\\\/\\\/ksproducts.ca\\\/product\\\/blackstone-3-in-1-griddle-cleaning-tool-featuring-scraper-scouring-pad-and-refinishing-brick\\\/#primaryimage\",\"url\":\"https:\\\/\\\/ksproducts.ca\\\/wp-content\\\/uploads\\\/2026\\\/03\\\/Blackstone-3-in-1-Griddle-Cleaning-Tool-featuring-Scraper-Scouring-Pad-and-Refinishing-Brick.jpg\",\"contentUrl\":\"https:\\\/\\\/ksproducts.ca\\\/wp-content\\\/uploads\\\/2026\\\/03\\\/Blackstone-3-in-1-Griddle-Cleaning-Tool-featuring-Scraper-Scouring-Pad-and-Refinishing-Brick.jpg\",\"width\":1024,\"height\":1024,\"caption\":\"Blackstone 3 in 1 Griddle Cleaning Tool featuring Scraper, Scouring Pad, and Refinishing Brick\"},{\"@type\":\"BreadcrumbList\",\"@id\":\"https:\\\/\\\/ksproducts.ca\\\/product\\\/blackstone-3-in-1-griddle-cleaning-tool-featuring-scraper-scouring-pad-and-refinishing-brick\\\/#breadcrumb\",\"itemListElement\":[{\"@type\":\"ListItem\",\"position\":1,\"name\":\"Home\",\"item\":\"https:\\\/\\\/ksproducts.ca\\\/\"},{\"@type\":\"ListItem\",\"position\":2,\"name\":\"Shop\",\"item\":\"https:\\\/\\\/ksproducts.ca\\\/shop\\\/\"},{\"@type\":\"ListItem\",\"position\":3,\"name\":\"Blackstone 3-in-1 Griddle Cleaning Tool featuring Scraper, Scouring Pad, and Refinishing Brick\"}]},{\"@type\":\"WebSite\",\"@id\":\"https:\\\/\\\/ksproducts.ca\\\/#website\",\"url\":\"https:\\\/\\\/ksproducts.ca\\\/\",\"name\":\"Ks Products\",\"description\":\"Outdoor cooking and living, made easy in Canada\",\"publisher\":{\"@id\":\"https:\\\/\\\/ksproducts.ca\\\/#organization\"},\"potentialAction\":[{\"@type\":\"SearchAction\",\"target\":{\"@type\":\"EntryPoint\",\"urlTemplate\":\"https:\\\/\\\/ksproducts.ca\\\/?s={search_term_string}\"},\"query-input\":{\"@type\":\"PropertyValueSpecification\",\"valueRequired\":true,\"valueName\":\"search_term_string\"}}],\"inLanguage\":\"fr-CA\"},{\"@type\":\"Organization\",\"@id\":\"https:\\\/\\\/ksproducts.ca\\\/#organization\",\"name\":\"Ks Products\",\"url\":\"https:\\\/\\\/ksproducts.ca\\\/\",\"logo\":{\"@type\":\"ImageObject\",\"inLanguage\":\"fr-CA\",\"@id\":\"https:\\\/\\\/ksproducts.ca\\\/#\\\/schema\\\/logo\\\/image\\\/\",\"url\":\"https:\\\/\\\/ksproducts.ca\\\/wp-content\\\/uploads\\\/2023\\\/09\\\/Kennedy-Sales-Logo-header-1.png\",\"contentUrl\":\"https:\\\/\\\/ksproducts.ca\\\/wp-content\\\/uploads\\\/2023\\\/09\\\/Kennedy-Sales-Logo-header-1.png\",\"width\":150,\"height\":77,\"caption\":\"Ks Products\"},\"image\":{\"@id\":\"https:\\\/\\\/ksproducts.ca\\\/#\\\/schema\\\/logo\\\/image\\\/\"}}]}<\/script>\n<!-- \/ Yoast SEO plugin. -->","yoast_head_json":{"title":"Blackstone 3-in-1 Outil de nettoyage de gril comprenant un grattoir, un tampon \u00e0 r\u00e9curer et une brique de finition - Ks Products","robots":{"index":"index","follow":"follow","max-snippet":"max-snippet:-1","max-image-preview":"max-image-preview:large","max-video-preview":"max-video-preview:-1"},"canonical":"https:\/\/ksproducts.ca\/fr\/product\/blackstone-3-in-1-griddle-cleaning-tool-featuring-scraper-scouring-pad-and-refinishing-brick-outil-de-nettoyage-de-la-plaque-de-cuisson-3-en-1-comprenant-un-grattoir-un-tampon-a-recurer-et-une-briqu\/","og_locale":"fr_CA","og_type":"article","og_title":"Blackstone 3-in-1 Griddle Cleaning Tool featuring Scraper, Scouring Pad, and Refinishing Brick - Ks Products","og_description":"Make sure that you have a clean cooking surface before your cookout with the Blackstone 3-in-1 Griddle Cleaning Tool. It has three different methods for removing grease, stuck-on food and other kinds of build-up. There\u2019s an abrasive brick on one side for heavy-duty jobs as well as a griddle scouring pad on the other for lighter scrubbing. Remove thin layers of build-up with the scraper blade, which is also removable for sharpening or replacing as needed. This 3-in-1 tool has a textured, ergonomic handle that\u2019s also heat-resistant, so it\u2019s safe and comfortable to grip. On the end is a built-in bottle opener for added convenience. You don\u2019t want to miss out on adding this tool to your Blackstone tool arsenal.","og_url":"https:\/\/ksproducts.ca\/fr\/product\/blackstone-3-in-1-griddle-cleaning-tool-featuring-scraper-scouring-pad-and-refinishing-brick-outil-de-nettoyage-de-la-plaque-de-cuisson-3-en-1-comprenant-un-grattoir-un-tampon-a-recurer-et-une-briqu\/","og_site_name":"Ks Products","og_image":[{"width":1024,"height":1024,"url":"https:\/\/ksproducts.ca\/wp-content\/uploads\/2026\/03\/Blackstone-3-in-1-Griddle-Cleaning-Tool-featuring-Scraper-Scouring-Pad-and-Refinishing-Brick.jpg","type":"image\/jpeg"}],"twitter_card":"summary_large_image","twitter_misc":{"Estimation du temps de lecture":"1 minute"},"schema":{"@context":"https:\/\/schema.org","@graph":[{"@type":"WebPage","@id":"https:\/\/ksproducts.ca\/product\/blackstone-3-in-1-griddle-cleaning-tool-featuring-scraper-scouring-pad-and-refinishing-brick\/","url":"https:\/\/ksproducts.ca\/product\/blackstone-3-in-1-griddle-cleaning-tool-featuring-scraper-scouring-pad-and-refinishing-brick\/","name":"Blackstone 3-in-1 Outil de nettoyage de gril comprenant un grattoir, un tampon \u00e0 r\u00e9curer et une brique de finition - Ks Products","isPartOf":{"@id":"https:\/\/ksproducts.ca\/#website"},"primaryImageOfPage":{"@id":"https:\/\/ksproducts.ca\/product\/blackstone-3-in-1-griddle-cleaning-tool-featuring-scraper-scouring-pad-and-refinishing-brick\/#primaryimage"},"image":{"@id":"https:\/\/ksproducts.ca\/product\/blackstone-3-in-1-griddle-cleaning-tool-featuring-scraper-scouring-pad-and-refinishing-brick\/#primaryimage"},"thumbnailUrl":"https:\/\/ksproducts.ca\/wp-content\/uploads\/2026\/03\/Blackstone-3-in-1-Griddle-Cleaning-Tool-featuring-Scraper-Scouring-Pad-and-Refinishing-Brick.jpg","datePublished":"2026-03-05T16:34:57+00:00","breadcrumb":{"@id":"https:\/\/ksproducts.ca\/product\/blackstone-3-in-1-griddle-cleaning-tool-featuring-scraper-scouring-pad-and-refinishing-brick\/#breadcrumb"},"inLanguage":"fr-CA","potentialAction":[{"@type":"ReadAction","target":["https:\/\/ksproducts.ca\/product\/blackstone-3-in-1-griddle-cleaning-tool-featuring-scraper-scouring-pad-and-refinishing-brick\/"]}]},{"@type":"ImageObject","inLanguage":"fr-CA","@id":"https:\/\/ksproducts.ca\/product\/blackstone-3-in-1-griddle-cleaning-tool-featuring-scraper-scouring-pad-and-refinishing-brick\/#primaryimage","url":"https:\/\/ksproducts.ca\/wp-content\/uploads\/2026\/03\/Blackstone-3-in-1-Griddle-Cleaning-Tool-featuring-Scraper-Scouring-Pad-and-Refinishing-Brick.jpg","contentUrl":"https:\/\/ksproducts.ca\/wp-content\/uploads\/2026\/03\/Blackstone-3-in-1-Griddle-Cleaning-Tool-featuring-Scraper-Scouring-Pad-and-Refinishing-Brick.jpg","width":1024,"height":1024,"caption":"Blackstone 3 in 1 Griddle Cleaning Tool featuring Scraper, Scouring Pad, and Refinishing Brick"},{"@type":"BreadcrumbList","@id":"https:\/\/ksproducts.ca\/product\/blackstone-3-in-1-griddle-cleaning-tool-featuring-scraper-scouring-pad-and-refinishing-brick\/#breadcrumb","itemListElement":[{"@type":"ListItem","position":1,"name":"Home","item":"https:\/\/ksproducts.ca\/"},{"@type":"ListItem","position":2,"name":"Shop","item":"https:\/\/ksproducts.ca\/shop\/"},{"@type":"ListItem","position":3,"name":"Blackstone 3-in-1 Griddle Cleaning Tool featuring Scraper, Scouring Pad, and Refinishing Brick"}]},{"@type":"WebSite","@id":"https:\/\/ksproducts.ca\/#website","url":"https:\/\/ksproducts.ca\/","name":"Produits Ks","description":"Cuisiner et vivre en plein air, c'est facile au Canada","publisher":{"@id":"https:\/\/ksproducts.ca\/#organization"},"potentialAction":[{"@type":"SearchAction","target":{"@type":"EntryPoint","urlTemplate":"https:\/\/ksproducts.ca\/?s={search_term_string}"},"query-input":{"@type":"PropertyValueSpecification","valueRequired":true,"valueName":"search_term_string"}}],"inLanguage":"fr-CA"},{"@type":"Organization","@id":"https:\/\/ksproducts.ca\/#organization","name":"Produits Ks","url":"https:\/\/ksproducts.ca\/","logo":{"@type":"ImageObject","inLanguage":"fr-CA","@id":"https:\/\/ksproducts.ca\/#\/schema\/logo\/image\/","url":"https:\/\/ksproducts.ca\/wp-content\/uploads\/2023\/09\/Kennedy-Sales-Logo-header-1.png","contentUrl":"https:\/\/ksproducts.ca\/wp-content\/uploads\/2023\/09\/Kennedy-Sales-Logo-header-1.png","width":150,"height":77,"caption":"Ks Products"},"image":{"@id":"https:\/\/ksproducts.ca\/#\/schema\/logo\/image\/"}}]}},"_links":{"self":[{"href":"https:\/\/ksproducts.ca\/fr\/wp-json\/wp\/v2\/product\/11645","targetHints":{"allow":["GET"]}}],"collection":[{"href":"https:\/\/ksproducts.ca\/fr\/wp-json\/wp\/v2\/product"}],"about":[{"href":"https:\/\/ksproducts.ca\/fr\/wp-json\/wp\/v2\/types\/product"}],"replies":[{"embeddable":true,"href":"https:\/\/ksproducts.ca\/fr\/wp-json\/wp\/v2\/comments?post=11645"}],"version-history":[{"count":1,"href":"https:\/\/ksproducts.ca\/fr\/wp-json\/wp\/v2\/product\/11645\/revisions"}],"predecessor-version":[{"id":11647,"href":"https:\/\/ksproducts.ca\/fr\/wp-json\/wp\/v2\/product\/11645\/revisions\/11647"}],"wp:featuredmedia":[{"embeddable":true,"href":"https:\/\/ksproducts.ca\/fr\/wp-json\/wp\/v2\/media\/11646"}],"wp:attachment":[{"href":"https:\/\/ksproducts.ca\/fr\/wp-json\/wp\/v2\/media?parent=11645"}],"wp:term":[{"taxonomy":"product_cat","embeddable":true,"href":"https:\/\/ksproducts.ca\/fr\/wp-json\/wp\/v2\/product_cat?post=11645"},{"taxonomy":"product_tag","embeddable":true,"href":"https:\/\/ksproducts.ca\/fr\/wp-json\/wp\/v2\/product_tag?post=11645"}],"curies":[{"name":"wp","href":"https:\/\/api.w.org\/{rel}","templated":true}]}}