{"id":11651,"date":"2026-03-05T16:43:38","date_gmt":"2026-03-05T16:43:38","guid":{"rendered":"https:\/\/ksproducts.ca\/?post_type=product&#038;p=11651"},"modified":"2026-03-05T16:43:38","modified_gmt":"2026-03-05T16:43:38","slug":"pixiepaws-ensemble-de-toilettage-pour-animaux-de-compagnie-6-pieces-avec-etui","status":"publish","type":"product","link":"https:\/\/ksproducts.ca\/fr\/product\/pixiepaws-6-piece-pet-grooming-set-with-case\/","title":{"rendered":"PixiePaws Set de toilettage 6 pi\u00e8ces avec \u00e9tui"},"content":{"rendered":"<ul>\n<li>Brosse m\u00e9tallique (9,5 x 17,8 cm)<\/li>\n<li>Coupe-ongles (3,625 x 0,875 x 6,25 pouces)<\/li>\n<li>Peigne d\u00e9m\u00ealoir (4,1 x 2,9 x 17,8 cm)<\/li>\n<li>Peigne (8,1 x 1,9 pouces)<\/li>\n<li>Brosse \u00e0 Dents Doigt (2,16 x 0,67 po DIA)<\/li>\n<\/ul>","protected":false},"excerpt":{"rendered":"<div class=\"mb3\">\n<div class=\"dangerous-html mb3\">Le set de toilettage PixiePaws est un kit tout-en-un pour donner \u00e0 la fourrure de votre animal de compagnie un aspect lisse et soyeux. Avec une vari\u00e9t\u00e9 de brosses qui s'attaquent aux tapis, aux squames, aux m\u00e8ches, aux n\u0153uds et aux enchev\u00eatrements, votre animal vous remerciera de vous sentir \u00e0 l'aise. Le toilettage des animaux de compagnie permet de pr\u00e9venir certaines maladies de la peau ou des poils et vous \u00e9vite de vous rendre chez le toiletteur et le v\u00e9t\u00e9rinaire. Comprend une brosse \u00e0 lisser, un coupe-ongles avec \ufb01le bonus, un peigne \u00e0 d\u00e9m\u00ealer, une brosse \u00e0 \u00e9piler et un peigne. Avec en prime 2 brosses \u00e0 \ufb01nger en silicone pour nettoyer facilement l'avant et l'arri\u00e8re des dents, pour une bouche saine de votre animal.<\/div>\n<\/div>\n<div class=\"mb3 f6 mid-gray lh-title overflow-visible db\"><\/div>","protected":false},"featured_media":11652,"comment_status":"open","ping_status":"closed","template":"","meta":[],"product_cat":[424],"product_tag":[],"class_list":{"0":"post-11651","1":"product","2":"type-product","3":"status-publish","4":"has-post-thumbnail","6":"product_cat-pets","7":"product_shipping_class-class-1","9":"first","10":"instock","11":"taxable","12":"shipping-taxable","13":"purchasable","14":"product-type-simple"},"yoast_head":"<!-- This site is optimized with the Yoast SEO plugin v27.4 - https:\/\/yoast.com\/product\/yoast-seo-wordpress\/ -->\n<title>PixiePaws 6-piece Pet Grooming Set with Case - Ks Products<\/title>\n<meta name=\"robots\" content=\"index, follow, max-snippet:-1, max-image-preview:large, max-video-preview:-1\" \/>\n<link rel=\"canonical\" href=\"https:\/\/ksproducts.ca\/fr\/product\/pixiepaws-ensemble-de-toilettage-pour-animaux-de-compagnie-6-pieces-avec-etui\/\" \/>\n<meta property=\"og:locale\" content=\"fr_CA\" \/>\n<meta property=\"og:type\" content=\"article\" \/>\n<meta property=\"og:title\" content=\"PixiePaws 6-piece Pet Grooming Set with Case - Ks Products\" \/>\n<meta property=\"og:description\" content=\"The PixiePaws Grooming Set is an all-in-one kit to make your pet&#039;s fur look sleek and \ufb02u\ufb00y. With a variety of brushes tackling mats, dander, sheds, knots, and tangles, your pet will thank you for feeling comfortable. Grooming pets prevent some skin or hair diseases and save you a trip to the groomer and vet. Including a slicker brush, a nail clipper with bonus \ufb01le, a de-matting comb, a de-shedding brush, and a comb. With a bonus of 2 silicone \ufb01nger brushes to easily clean the front and back of the teeth providing a healthy mouth for your pet.\" \/>\n<meta property=\"og:url\" content=\"https:\/\/ksproducts.ca\/fr\/product\/pixiepaws-ensemble-de-toilettage-pour-animaux-de-compagnie-6-pieces-avec-etui\/\" \/>\n<meta property=\"og:site_name\" content=\"Ks Products\" \/>\n<meta property=\"og:image\" content=\"https:\/\/ksproducts.ca\/wp-content\/uploads\/2026\/03\/PixiePaws-6-piece-Pet-Grooming-Set-with-Case.webp\" \/>\n\t<meta property=\"og:image:width\" content=\"800\" \/>\n\t<meta property=\"og:image:height\" content=\"576\" \/>\n\t<meta property=\"og:image:type\" content=\"image\/webp\" \/>\n<meta name=\"twitter:card\" content=\"summary_large_image\" \/>\n<meta name=\"twitter:label1\" content=\"Estimation du temps de lecture\" \/>\n\t<meta name=\"twitter:data1\" content=\"1 minute\" \/>\n<script type=\"application\/ld+json\" class=\"yoast-schema-graph\">{\"@context\":\"https:\\\/\\\/schema.org\",\"@graph\":[{\"@type\":\"WebPage\",\"@id\":\"https:\\\/\\\/ksproducts.ca\\\/product\\\/pixiepaws-6-piece-pet-grooming-set-with-case\\\/\",\"url\":\"https:\\\/\\\/ksproducts.ca\\\/product\\\/pixiepaws-6-piece-pet-grooming-set-with-case\\\/\",\"name\":\"PixiePaws 6-piece Pet Grooming Set with Case - Ks Products\",\"isPartOf\":{\"@id\":\"https:\\\/\\\/ksproducts.ca\\\/#website\"},\"primaryImageOfPage\":{\"@id\":\"https:\\\/\\\/ksproducts.ca\\\/product\\\/pixiepaws-6-piece-pet-grooming-set-with-case\\\/#primaryimage\"},\"image\":{\"@id\":\"https:\\\/\\\/ksproducts.ca\\\/product\\\/pixiepaws-6-piece-pet-grooming-set-with-case\\\/#primaryimage\"},\"thumbnailUrl\":\"https:\\\/\\\/ksproducts.ca\\\/wp-content\\\/uploads\\\/2026\\\/03\\\/PixiePaws-6-piece-Pet-Grooming-Set-with-Case.webp\",\"datePublished\":\"2026-03-05T16:43:38+00:00\",\"breadcrumb\":{\"@id\":\"https:\\\/\\\/ksproducts.ca\\\/product\\\/pixiepaws-6-piece-pet-grooming-set-with-case\\\/#breadcrumb\"},\"inLanguage\":\"fr-CA\",\"potentialAction\":[{\"@type\":\"ReadAction\",\"target\":[\"https:\\\/\\\/ksproducts.ca\\\/product\\\/pixiepaws-6-piece-pet-grooming-set-with-case\\\/\"]}]},{\"@type\":\"ImageObject\",\"inLanguage\":\"fr-CA\",\"@id\":\"https:\\\/\\\/ksproducts.ca\\\/product\\\/pixiepaws-6-piece-pet-grooming-set-with-case\\\/#primaryimage\",\"url\":\"https:\\\/\\\/ksproducts.ca\\\/wp-content\\\/uploads\\\/2026\\\/03\\\/PixiePaws-6-piece-Pet-Grooming-Set-with-Case.webp\",\"contentUrl\":\"https:\\\/\\\/ksproducts.ca\\\/wp-content\\\/uploads\\\/2026\\\/03\\\/PixiePaws-6-piece-Pet-Grooming-Set-with-Case.webp\",\"width\":800,\"height\":576,\"caption\":\"PixiePaws 6 piece Pet Grooming Set with Case\"},{\"@type\":\"BreadcrumbList\",\"@id\":\"https:\\\/\\\/ksproducts.ca\\\/product\\\/pixiepaws-6-piece-pet-grooming-set-with-case\\\/#breadcrumb\",\"itemListElement\":[{\"@type\":\"ListItem\",\"position\":1,\"name\":\"Home\",\"item\":\"https:\\\/\\\/ksproducts.ca\\\/\"},{\"@type\":\"ListItem\",\"position\":2,\"name\":\"Shop\",\"item\":\"https:\\\/\\\/ksproducts.ca\\\/shop\\\/\"},{\"@type\":\"ListItem\",\"position\":3,\"name\":\"PixiePaws 6-piece Pet Grooming Set with Case\"}]},{\"@type\":\"WebSite\",\"@id\":\"https:\\\/\\\/ksproducts.ca\\\/#website\",\"url\":\"https:\\\/\\\/ksproducts.ca\\\/\",\"name\":\"Ks Products\",\"description\":\"Outdoor cooking and living, made easy in Canada\",\"publisher\":{\"@id\":\"https:\\\/\\\/ksproducts.ca\\\/#organization\"},\"potentialAction\":[{\"@type\":\"SearchAction\",\"target\":{\"@type\":\"EntryPoint\",\"urlTemplate\":\"https:\\\/\\\/ksproducts.ca\\\/?s={search_term_string}\"},\"query-input\":{\"@type\":\"PropertyValueSpecification\",\"valueRequired\":true,\"valueName\":\"search_term_string\"}}],\"inLanguage\":\"fr-CA\"},{\"@type\":\"Organization\",\"@id\":\"https:\\\/\\\/ksproducts.ca\\\/#organization\",\"name\":\"Ks Products\",\"url\":\"https:\\\/\\\/ksproducts.ca\\\/\",\"logo\":{\"@type\":\"ImageObject\",\"inLanguage\":\"fr-CA\",\"@id\":\"https:\\\/\\\/ksproducts.ca\\\/#\\\/schema\\\/logo\\\/image\\\/\",\"url\":\"https:\\\/\\\/ksproducts.ca\\\/wp-content\\\/uploads\\\/2023\\\/09\\\/Kennedy-Sales-Logo-header-1.png\",\"contentUrl\":\"https:\\\/\\\/ksproducts.ca\\\/wp-content\\\/uploads\\\/2023\\\/09\\\/Kennedy-Sales-Logo-header-1.png\",\"width\":150,\"height\":77,\"caption\":\"Ks Products\"},\"image\":{\"@id\":\"https:\\\/\\\/ksproducts.ca\\\/#\\\/schema\\\/logo\\\/image\\\/\"}}]}<\/script>\n<!-- \/ Yoast SEO plugin. -->","yoast_head_json":{"title":"PixiePaws Ensemble de toilettage pour animaux de compagnie 6 pi\u00e8ces avec \u00e9tui - Produits Ks","robots":{"index":"index","follow":"follow","max-snippet":"max-snippet:-1","max-image-preview":"max-image-preview:large","max-video-preview":"max-video-preview:-1"},"canonical":"https:\/\/ksproducts.ca\/fr\/product\/pixiepaws-ensemble-de-toilettage-pour-animaux-de-compagnie-6-pieces-avec-etui\/","og_locale":"fr_CA","og_type":"article","og_title":"PixiePaws 6-piece Pet Grooming Set with Case - Ks Products","og_description":"The PixiePaws Grooming Set is an all-in-one kit to make your pet's fur look sleek and \ufb02u\ufb00y. With a variety of brushes tackling mats, dander, sheds, knots, and tangles, your pet will thank you for feeling comfortable. Grooming pets prevent some skin or hair diseases and save you a trip to the groomer and vet. Including a slicker brush, a nail clipper with bonus \ufb01le, a de-matting comb, a de-shedding brush, and a comb. With a bonus of 2 silicone \ufb01nger brushes to easily clean the front and back of the teeth providing a healthy mouth for your pet.","og_url":"https:\/\/ksproducts.ca\/fr\/product\/pixiepaws-ensemble-de-toilettage-pour-animaux-de-compagnie-6-pieces-avec-etui\/","og_site_name":"Ks Products","og_image":[{"width":800,"height":576,"url":"https:\/\/ksproducts.ca\/wp-content\/uploads\/2026\/03\/PixiePaws-6-piece-Pet-Grooming-Set-with-Case.webp","type":"image\/webp"}],"twitter_card":"summary_large_image","twitter_misc":{"Estimation du temps de lecture":"1 minute"},"schema":{"@context":"https:\/\/schema.org","@graph":[{"@type":"WebPage","@id":"https:\/\/ksproducts.ca\/product\/pixiepaws-6-piece-pet-grooming-set-with-case\/","url":"https:\/\/ksproducts.ca\/product\/pixiepaws-6-piece-pet-grooming-set-with-case\/","name":"PixiePaws Ensemble de toilettage pour animaux de compagnie 6 pi\u00e8ces avec \u00e9tui - Produits Ks","isPartOf":{"@id":"https:\/\/ksproducts.ca\/#website"},"primaryImageOfPage":{"@id":"https:\/\/ksproducts.ca\/product\/pixiepaws-6-piece-pet-grooming-set-with-case\/#primaryimage"},"image":{"@id":"https:\/\/ksproducts.ca\/product\/pixiepaws-6-piece-pet-grooming-set-with-case\/#primaryimage"},"thumbnailUrl":"https:\/\/ksproducts.ca\/wp-content\/uploads\/2026\/03\/PixiePaws-6-piece-Pet-Grooming-Set-with-Case.webp","datePublished":"2026-03-05T16:43:38+00:00","breadcrumb":{"@id":"https:\/\/ksproducts.ca\/product\/pixiepaws-6-piece-pet-grooming-set-with-case\/#breadcrumb"},"inLanguage":"fr-CA","potentialAction":[{"@type":"ReadAction","target":["https:\/\/ksproducts.ca\/product\/pixiepaws-6-piece-pet-grooming-set-with-case\/"]}]},{"@type":"ImageObject","inLanguage":"fr-CA","@id":"https:\/\/ksproducts.ca\/product\/pixiepaws-6-piece-pet-grooming-set-with-case\/#primaryimage","url":"https:\/\/ksproducts.ca\/wp-content\/uploads\/2026\/03\/PixiePaws-6-piece-Pet-Grooming-Set-with-Case.webp","contentUrl":"https:\/\/ksproducts.ca\/wp-content\/uploads\/2026\/03\/PixiePaws-6-piece-Pet-Grooming-Set-with-Case.webp","width":800,"height":576,"caption":"PixiePaws 6 piece Pet Grooming Set with Case"},{"@type":"BreadcrumbList","@id":"https:\/\/ksproducts.ca\/product\/pixiepaws-6-piece-pet-grooming-set-with-case\/#breadcrumb","itemListElement":[{"@type":"ListItem","position":1,"name":"Home","item":"https:\/\/ksproducts.ca\/"},{"@type":"ListItem","position":2,"name":"Shop","item":"https:\/\/ksproducts.ca\/shop\/"},{"@type":"ListItem","position":3,"name":"PixiePaws 6-piece Pet Grooming Set with Case"}]},{"@type":"WebSite","@id":"https:\/\/ksproducts.ca\/#website","url":"https:\/\/ksproducts.ca\/","name":"Produits Ks","description":"Cuisiner et vivre en plein air, c'est facile au Canada","publisher":{"@id":"https:\/\/ksproducts.ca\/#organization"},"potentialAction":[{"@type":"SearchAction","target":{"@type":"EntryPoint","urlTemplate":"https:\/\/ksproducts.ca\/?s={search_term_string}"},"query-input":{"@type":"PropertyValueSpecification","valueRequired":true,"valueName":"search_term_string"}}],"inLanguage":"fr-CA"},{"@type":"Organization","@id":"https:\/\/ksproducts.ca\/#organization","name":"Produits Ks","url":"https:\/\/ksproducts.ca\/","logo":{"@type":"ImageObject","inLanguage":"fr-CA","@id":"https:\/\/ksproducts.ca\/#\/schema\/logo\/image\/","url":"https:\/\/ksproducts.ca\/wp-content\/uploads\/2023\/09\/Kennedy-Sales-Logo-header-1.png","contentUrl":"https:\/\/ksproducts.ca\/wp-content\/uploads\/2023\/09\/Kennedy-Sales-Logo-header-1.png","width":150,"height":77,"caption":"Ks Products"},"image":{"@id":"https:\/\/ksproducts.ca\/#\/schema\/logo\/image\/"}}]}},"_links":{"self":[{"href":"https:\/\/ksproducts.ca\/fr\/wp-json\/wp\/v2\/product\/11651","targetHints":{"allow":["GET"]}}],"collection":[{"href":"https:\/\/ksproducts.ca\/fr\/wp-json\/wp\/v2\/product"}],"about":[{"href":"https:\/\/ksproducts.ca\/fr\/wp-json\/wp\/v2\/types\/product"}],"replies":[{"embeddable":true,"href":"https:\/\/ksproducts.ca\/fr\/wp-json\/wp\/v2\/comments?post=11651"}],"version-history":[{"count":1,"href":"https:\/\/ksproducts.ca\/fr\/wp-json\/wp\/v2\/product\/11651\/revisions"}],"predecessor-version":[{"id":11653,"href":"https:\/\/ksproducts.ca\/fr\/wp-json\/wp\/v2\/product\/11651\/revisions\/11653"}],"wp:featuredmedia":[{"embeddable":true,"href":"https:\/\/ksproducts.ca\/fr\/wp-json\/wp\/v2\/media\/11652"}],"wp:attachment":[{"href":"https:\/\/ksproducts.ca\/fr\/wp-json\/wp\/v2\/media?parent=11651"}],"wp:term":[{"taxonomy":"product_cat","embeddable":true,"href":"https:\/\/ksproducts.ca\/fr\/wp-json\/wp\/v2\/product_cat?post=11651"},{"taxonomy":"product_tag","embeddable":true,"href":"https:\/\/ksproducts.ca\/fr\/wp-json\/wp\/v2\/product_tag?post=11651"}],"curies":[{"name":"wp","href":"https:\/\/api.w.org\/{rel}","templated":true}]}}