{"id":11657,"date":"2026-03-05T16:54:01","date_gmt":"2026-03-05T16:54:01","guid":{"rendered":"https:\/\/ksproducts.ca\/?post_type=product&#038;p=11657"},"modified":"2026-03-05T16:54:01","modified_gmt":"2026-03-05T16:54:01","slug":"blackstone-original-series-25-piece-ultimate-toolkit","status":"publish","type":"product","link":"https:\/\/ksproducts.ca\/fr\/product\/blackstone-original-series-25-piece-ultimate-toolkit\/","title":{"rendered":"Blackstone Original Series 25-piece Ultimate Toolkit (bo\u00eete \u00e0 outils ultime de 25 pi\u00e8ces)"},"content":{"rendered":"<ul>\n<li data-start=\"171\" data-end=\"305\">\n<p data-start=\"173\" data-end=\"305\">Comprend des spatules \u00e0 griller, un grattoir angulaire, une spatule \u00e0 hamburger, des pinces verrouillables, des bouteilles \u00e0 presser, des plateaux de service, des plateaux \u00e0 anneaux pour les \u0153ufs, etc.<\/p>\n<\/li>\n<li data-start=\"306\" data-end=\"384\">\n<p data-start=\"308\" data-end=\"384\">Livr\u00e9 avec 6 tampons de r\u00e9curage et une poign\u00e9e, ainsi qu'un bac \u00e0 graisse pour faciliter le nettoyage.<\/p>\n<\/li>\n<li data-start=\"385\" data-end=\"486\">\n<p data-start=\"387\" data-end=\"486\">Poign\u00e9es r\u00e9sistantes \u00e0 la chaleur et boucles de suspension sur les spatules, les grattoirs et les pinces pour une utilisation s\u00fbre et pratique<\/p>\n<\/li>\n<li data-start=\"487\" data-end=\"529\" data-is-last-node=\"\">\n<p data-start=\"489\" data-end=\"529\" data-is-last-node=\"\">Garantie d'un an pour la tranquillit\u00e9 d'esprit<\/p>\n<\/li>\n<\/ul>","protected":false},"excerpt":{"rendered":"<p>Kit gril tout-en-un Blackstone Ultimate Griddle con\u00e7u pour la pr\u00e9paration, la cuisson et le nettoyage, rendant l'heure des repas pratique et amusante.<\/p>","protected":false},"featured_media":11658,"comment_status":"open","ping_status":"closed","template":"","meta":[],"product_cat":[438],"product_tag":[],"class_list":{"0":"post-11657","1":"product","2":"type-product","3":"status-publish","4":"has-post-thumbnail","6":"product_cat-tools-kits","7":"product_shipping_class-class-1","9":"first","10":"instock","11":"taxable","12":"shipping-taxable","13":"purchasable","14":"product-type-simple"},"yoast_head":"<!-- This site is optimized with the Yoast SEO plugin v27.3 - https:\/\/yoast.com\/product\/yoast-seo-wordpress\/ -->\n<title>Blackstone Original Series 25-piece Ultimate Toolkit - Ks Products<\/title>\n<meta name=\"robots\" content=\"index, follow, max-snippet:-1, max-image-preview:large, max-video-preview:-1\" \/>\n<link rel=\"canonical\" href=\"https:\/\/ksproducts.ca\/fr\/product\/blackstone-original-series-25-piece-ultimate-toolkit\/\" \/>\n<meta property=\"og:locale\" content=\"fr_CA\" \/>\n<meta property=\"og:type\" content=\"article\" \/>\n<meta property=\"og:title\" content=\"Blackstone Original Series 25-piece Ultimate Toolkit - Ks Products\" \/>\n<meta property=\"og:description\" content=\"All-in-one Blackstone Ultimate Griddle Kit designed for prepping, cooking, and cleaning, making mealtime convenient and fun.\" \/>\n<meta property=\"og:url\" content=\"https:\/\/ksproducts.ca\/fr\/product\/blackstone-original-series-25-piece-ultimate-toolkit\/\" \/>\n<meta property=\"og:site_name\" content=\"Ks Products\" \/>\n<meta property=\"og:image\" content=\"https:\/\/ksproducts.ca\/wp-content\/uploads\/2026\/03\/1_5321_25pcUltimateGriddleKit_OnWhite_Sequence_WM.jpg\" \/>\n\t<meta property=\"og:image:width\" content=\"800\" \/>\n\t<meta property=\"og:image:height\" content=\"800\" \/>\n\t<meta property=\"og:image:type\" content=\"image\/jpeg\" \/>\n<meta name=\"twitter:card\" content=\"summary_large_image\" \/>\n<meta name=\"twitter:label1\" content=\"Estimation du temps de lecture\" \/>\n\t<meta name=\"twitter:data1\" content=\"1 minute\" \/>\n<script type=\"application\/ld+json\" class=\"yoast-schema-graph\">{\"@context\":\"https:\\\/\\\/schema.org\",\"@graph\":[{\"@type\":\"WebPage\",\"@id\":\"https:\\\/\\\/ksproducts.ca\\\/product\\\/blackstone-original-series-25-piece-ultimate-toolkit\\\/\",\"url\":\"https:\\\/\\\/ksproducts.ca\\\/product\\\/blackstone-original-series-25-piece-ultimate-toolkit\\\/\",\"name\":\"Blackstone Original Series 25-piece Ultimate Toolkit - Ks Products\",\"isPartOf\":{\"@id\":\"https:\\\/\\\/ksproducts.ca\\\/#website\"},\"primaryImageOfPage\":{\"@id\":\"https:\\\/\\\/ksproducts.ca\\\/product\\\/blackstone-original-series-25-piece-ultimate-toolkit\\\/#primaryimage\"},\"image\":{\"@id\":\"https:\\\/\\\/ksproducts.ca\\\/product\\\/blackstone-original-series-25-piece-ultimate-toolkit\\\/#primaryimage\"},\"thumbnailUrl\":\"https:\\\/\\\/ksproducts.ca\\\/wp-content\\\/uploads\\\/2026\\\/03\\\/1_5321_25pcUltimateGriddleKit_OnWhite_Sequence_WM.jpg\",\"datePublished\":\"2026-03-05T16:54:01+00:00\",\"breadcrumb\":{\"@id\":\"https:\\\/\\\/ksproducts.ca\\\/product\\\/blackstone-original-series-25-piece-ultimate-toolkit\\\/#breadcrumb\"},\"inLanguage\":\"fr-CA\",\"potentialAction\":[{\"@type\":\"ReadAction\",\"target\":[\"https:\\\/\\\/ksproducts.ca\\\/product\\\/blackstone-original-series-25-piece-ultimate-toolkit\\\/\"]}]},{\"@type\":\"ImageObject\",\"inLanguage\":\"fr-CA\",\"@id\":\"https:\\\/\\\/ksproducts.ca\\\/product\\\/blackstone-original-series-25-piece-ultimate-toolkit\\\/#primaryimage\",\"url\":\"https:\\\/\\\/ksproducts.ca\\\/wp-content\\\/uploads\\\/2026\\\/03\\\/1_5321_25pcUltimateGriddleKit_OnWhite_Sequence_WM.jpg\",\"contentUrl\":\"https:\\\/\\\/ksproducts.ca\\\/wp-content\\\/uploads\\\/2026\\\/03\\\/1_5321_25pcUltimateGriddleKit_OnWhite_Sequence_WM.jpg\",\"width\":800,\"height\":800,\"caption\":\"1 5321 25pcUltimateGriddleKit OnWhite Sequence WM\"},{\"@type\":\"BreadcrumbList\",\"@id\":\"https:\\\/\\\/ksproducts.ca\\\/product\\\/blackstone-original-series-25-piece-ultimate-toolkit\\\/#breadcrumb\",\"itemListElement\":[{\"@type\":\"ListItem\",\"position\":1,\"name\":\"Home\",\"item\":\"https:\\\/\\\/ksproducts.ca\\\/\"},{\"@type\":\"ListItem\",\"position\":2,\"name\":\"Shop\",\"item\":\"https:\\\/\\\/ksproducts.ca\\\/shop\\\/\"},{\"@type\":\"ListItem\",\"position\":3,\"name\":\"Blackstone Original Series 25-piece Ultimate Toolkit\"}]},{\"@type\":\"WebSite\",\"@id\":\"https:\\\/\\\/ksproducts.ca\\\/#website\",\"url\":\"https:\\\/\\\/ksproducts.ca\\\/\",\"name\":\"Ks Products\",\"description\":\"Outdoor cooking and living, made easy in Canada\",\"publisher\":{\"@id\":\"https:\\\/\\\/ksproducts.ca\\\/#organization\"},\"potentialAction\":[{\"@type\":\"SearchAction\",\"target\":{\"@type\":\"EntryPoint\",\"urlTemplate\":\"https:\\\/\\\/ksproducts.ca\\\/?s={search_term_string}\"},\"query-input\":{\"@type\":\"PropertyValueSpecification\",\"valueRequired\":true,\"valueName\":\"search_term_string\"}}],\"inLanguage\":\"fr-CA\"},{\"@type\":\"Organization\",\"@id\":\"https:\\\/\\\/ksproducts.ca\\\/#organization\",\"name\":\"Ks Products\",\"url\":\"https:\\\/\\\/ksproducts.ca\\\/\",\"logo\":{\"@type\":\"ImageObject\",\"inLanguage\":\"fr-CA\",\"@id\":\"https:\\\/\\\/ksproducts.ca\\\/#\\\/schema\\\/logo\\\/image\\\/\",\"url\":\"https:\\\/\\\/ksproducts.ca\\\/wp-content\\\/uploads\\\/2023\\\/09\\\/Kennedy-Sales-Logo-header-1.png\",\"contentUrl\":\"https:\\\/\\\/ksproducts.ca\\\/wp-content\\\/uploads\\\/2023\\\/09\\\/Kennedy-Sales-Logo-header-1.png\",\"width\":150,\"height\":77,\"caption\":\"Ks Products\"},\"image\":{\"@id\":\"https:\\\/\\\/ksproducts.ca\\\/#\\\/schema\\\/logo\\\/image\\\/\"}}]}<\/script>\n<!-- \/ Yoast SEO plugin. -->","yoast_head_json":{"title":"Blackstone Original Series 25-piece Ultimate Toolkit - Ks Products","robots":{"index":"index","follow":"follow","max-snippet":"max-snippet:-1","max-image-preview":"max-image-preview:large","max-video-preview":"max-video-preview:-1"},"canonical":"https:\/\/ksproducts.ca\/fr\/product\/blackstone-original-series-25-piece-ultimate-toolkit\/","og_locale":"fr_CA","og_type":"article","og_title":"Blackstone Original Series 25-piece Ultimate Toolkit - Ks Products","og_description":"All-in-one Blackstone Ultimate Griddle Kit designed for prepping, cooking, and cleaning, making mealtime convenient and fun.","og_url":"https:\/\/ksproducts.ca\/fr\/product\/blackstone-original-series-25-piece-ultimate-toolkit\/","og_site_name":"Ks Products","og_image":[{"width":800,"height":800,"url":"https:\/\/ksproducts.ca\/wp-content\/uploads\/2026\/03\/1_5321_25pcUltimateGriddleKit_OnWhite_Sequence_WM.jpg","type":"image\/jpeg"}],"twitter_card":"summary_large_image","twitter_misc":{"Estimation du temps de lecture":"1 minute"},"schema":{"@context":"https:\/\/schema.org","@graph":[{"@type":"WebPage","@id":"https:\/\/ksproducts.ca\/product\/blackstone-original-series-25-piece-ultimate-toolkit\/","url":"https:\/\/ksproducts.ca\/product\/blackstone-original-series-25-piece-ultimate-toolkit\/","name":"Blackstone Original Series 25-piece Ultimate Toolkit - Ks Products","isPartOf":{"@id":"https:\/\/ksproducts.ca\/#website"},"primaryImageOfPage":{"@id":"https:\/\/ksproducts.ca\/product\/blackstone-original-series-25-piece-ultimate-toolkit\/#primaryimage"},"image":{"@id":"https:\/\/ksproducts.ca\/product\/blackstone-original-series-25-piece-ultimate-toolkit\/#primaryimage"},"thumbnailUrl":"https:\/\/ksproducts.ca\/wp-content\/uploads\/2026\/03\/1_5321_25pcUltimateGriddleKit_OnWhite_Sequence_WM.jpg","datePublished":"2026-03-05T16:54:01+00:00","breadcrumb":{"@id":"https:\/\/ksproducts.ca\/product\/blackstone-original-series-25-piece-ultimate-toolkit\/#breadcrumb"},"inLanguage":"fr-CA","potentialAction":[{"@type":"ReadAction","target":["https:\/\/ksproducts.ca\/product\/blackstone-original-series-25-piece-ultimate-toolkit\/"]}]},{"@type":"ImageObject","inLanguage":"fr-CA","@id":"https:\/\/ksproducts.ca\/product\/blackstone-original-series-25-piece-ultimate-toolkit\/#primaryimage","url":"https:\/\/ksproducts.ca\/wp-content\/uploads\/2026\/03\/1_5321_25pcUltimateGriddleKit_OnWhite_Sequence_WM.jpg","contentUrl":"https:\/\/ksproducts.ca\/wp-content\/uploads\/2026\/03\/1_5321_25pcUltimateGriddleKit_OnWhite_Sequence_WM.jpg","width":800,"height":800,"caption":"1 5321 25pcUltimateGriddleKit OnWhite Sequence WM"},{"@type":"BreadcrumbList","@id":"https:\/\/ksproducts.ca\/product\/blackstone-original-series-25-piece-ultimate-toolkit\/#breadcrumb","itemListElement":[{"@type":"ListItem","position":1,"name":"Home","item":"https:\/\/ksproducts.ca\/"},{"@type":"ListItem","position":2,"name":"Shop","item":"https:\/\/ksproducts.ca\/shop\/"},{"@type":"ListItem","position":3,"name":"Blackstone Original Series 25-piece Ultimate Toolkit"}]},{"@type":"WebSite","@id":"https:\/\/ksproducts.ca\/#website","url":"https:\/\/ksproducts.ca\/","name":"Produits Ks","description":"Cuisiner et vivre en plein air, c'est facile au Canada","publisher":{"@id":"https:\/\/ksproducts.ca\/#organization"},"potentialAction":[{"@type":"SearchAction","target":{"@type":"EntryPoint","urlTemplate":"https:\/\/ksproducts.ca\/?s={search_term_string}"},"query-input":{"@type":"PropertyValueSpecification","valueRequired":true,"valueName":"search_term_string"}}],"inLanguage":"fr-CA"},{"@type":"Organization","@id":"https:\/\/ksproducts.ca\/#organization","name":"Produits Ks","url":"https:\/\/ksproducts.ca\/","logo":{"@type":"ImageObject","inLanguage":"fr-CA","@id":"https:\/\/ksproducts.ca\/#\/schema\/logo\/image\/","url":"https:\/\/ksproducts.ca\/wp-content\/uploads\/2023\/09\/Kennedy-Sales-Logo-header-1.png","contentUrl":"https:\/\/ksproducts.ca\/wp-content\/uploads\/2023\/09\/Kennedy-Sales-Logo-header-1.png","width":150,"height":77,"caption":"Ks Products"},"image":{"@id":"https:\/\/ksproducts.ca\/#\/schema\/logo\/image\/"}}]}},"_links":{"self":[{"href":"https:\/\/ksproducts.ca\/fr\/wp-json\/wp\/v2\/product\/11657","targetHints":{"allow":["GET"]}}],"collection":[{"href":"https:\/\/ksproducts.ca\/fr\/wp-json\/wp\/v2\/product"}],"about":[{"href":"https:\/\/ksproducts.ca\/fr\/wp-json\/wp\/v2\/types\/product"}],"replies":[{"embeddable":true,"href":"https:\/\/ksproducts.ca\/fr\/wp-json\/wp\/v2\/comments?post=11657"}],"version-history":[{"count":1,"href":"https:\/\/ksproducts.ca\/fr\/wp-json\/wp\/v2\/product\/11657\/revisions"}],"predecessor-version":[{"id":11659,"href":"https:\/\/ksproducts.ca\/fr\/wp-json\/wp\/v2\/product\/11657\/revisions\/11659"}],"wp:featuredmedia":[{"embeddable":true,"href":"https:\/\/ksproducts.ca\/fr\/wp-json\/wp\/v2\/media\/11658"}],"wp:attachment":[{"href":"https:\/\/ksproducts.ca\/fr\/wp-json\/wp\/v2\/media?parent=11657"}],"wp:term":[{"taxonomy":"product_cat","embeddable":true,"href":"https:\/\/ksproducts.ca\/fr\/wp-json\/wp\/v2\/product_cat?post=11657"},{"taxonomy":"product_tag","embeddable":true,"href":"https:\/\/ksproducts.ca\/fr\/wp-json\/wp\/v2\/product_tag?post=11657"}],"curies":[{"name":"wp","href":"https:\/\/api.w.org\/{rel}","templated":true}]}}