{"id":11664,"date":"2026-03-05T17:06:49","date_gmt":"2026-03-05T17:06:49","guid":{"rendered":"https:\/\/ksproducts.ca\/?post_type=product&#038;p=11664"},"modified":"2026-03-16T17:42:31","modified_gmt":"2026-03-16T17:42:31","slug":"turtle-wax-hybrid-solutions-ceramic-3-in-1-detailer-907g","status":"publish","type":"product","link":"https:\/\/ksproducts.ca\/fr\/product\/turtle-wax-hybrid-solutions-ceramic-3-in-1-detailer-907g\/","title":{"rendered":"Turtle Wax Hybrid Solutions Ceramic 3-in-1 Detailer - 907g"},"content":{"rendered":"<ul>\n<li data-start=\"197\" data-end=\"253\">La formule en spray nettoie et \u00e9limine la poussi\u00e8re sans eau<\/li>\n<li data-start=\"256\" data-end=\"312\">Maintient une finition brillante et sans traces sur votre v\u00e9hicule<\/li>\n<li data-start=\"315\" data-end=\"379\">Ajoute une couche de protection en cire c\u00e9ramique hybride haute performance<\/li>\n<li data-start=\"382\" data-end=\"436\">Am\u00e9liore la p\u00e9n\u00e9tration de l'eau et le lissage g\u00e9n\u00e9ral de la peinture<\/li>\n<\/ul>","protected":false},"excerpt":{"rendered":"<p>Ce produit d'entretien c\u00e9ramique est un moyen rapide de rafra\u00eechir l'ext\u00e9rieur de votre voiture entre les lavages, en conservant son aspect brillant et propre, tout en ajoutant une couche de protection de cire c\u00e9ramique haute performance.<\/p>\n<p>Sans une goutte d'eau, la formule lisse \u00e0 vaporiser permet d'\u00e9liminer la poussi\u00e8re en toute s\u00e9curit\u00e9 et de nettoyer la couche transparente sans rayer votre finition. Elle laisse une belle brillance sans traces et une protection exceptionnelle contre l'eau, gr\u00e2ce \u00e0 sa cire c\u00e9ramique hybride.<\/p>","protected":false},"featured_media":11665,"comment_status":"open","ping_status":"closed","template":"","meta":[],"product_cat":[430],"product_tag":[],"class_list":{"0":"post-11664","1":"product","2":"type-product","3":"status-publish","4":"has-post-thumbnail","6":"product_cat-automotive-gear","7":"product_shipping_class-class-1","9":"first","10":"instock","11":"taxable","12":"shipping-taxable","13":"purchasable","14":"product-type-simple"},"yoast_head":"<!-- This site is optimized with the Yoast SEO plugin v27.3 - https:\/\/yoast.com\/product\/yoast-seo-wordpress\/ -->\n<title>Turtle Wax Hybrid Solutions Ceramic 3-in-1 Detailer - 907g - Ks Products<\/title>\n<meta name=\"robots\" content=\"index, follow, max-snippet:-1, max-image-preview:large, max-video-preview:-1\" \/>\n<link rel=\"canonical\" href=\"https:\/\/ksproducts.ca\/fr\/product\/turtle-wax-hybrid-solutions-ceramic-3-in-1-detailer-907g\/\" \/>\n<meta property=\"og:locale\" content=\"fr_CA\" \/>\n<meta property=\"og:type\" content=\"article\" \/>\n<meta property=\"og:title\" content=\"Turtle Wax Hybrid Solutions Ceramic 3-in-1 Detailer - 907g - Ks Products\" \/>\n<meta property=\"og:description\" content=\"This ceramic detailer is a quick way to freshen up your car\u2019s exterior between washes, maintaining that shiny, clean \u201cwow factor\u201d while adding a layer of high-performance ceramic wax protection.  Without a drop of water, the slick, spray-on formula helps safely remove dust and cleans the clear coat without scratching your finish, and it leaves a nice, streak-free shine and crazy water-beading protection, thanks to its hybrid ceramic wax.\" \/>\n<meta property=\"og:url\" content=\"https:\/\/ksproducts.ca\/fr\/product\/turtle-wax-hybrid-solutions-ceramic-3-in-1-detailer-907g\/\" \/>\n<meta property=\"og:site_name\" content=\"Ks Products\" \/>\n<meta property=\"article:modified_time\" content=\"2026-03-16T17:42:31+00:00\" \/>\n<meta property=\"og:image\" content=\"https:\/\/ksproducts.ca\/wp-content\/uploads\/2026\/03\/Turtle-Wax-Hybrid-Solutions-Ceramic-3-in-1-Detailer-907g.webp\" \/>\n\t<meta property=\"og:image:width\" content=\"800\" \/>\n\t<meta property=\"og:image:height\" content=\"800\" \/>\n\t<meta property=\"og:image:type\" content=\"image\/webp\" \/>\n<meta name=\"twitter:card\" content=\"summary_large_image\" \/>\n<meta name=\"twitter:label1\" content=\"Estimation du temps de lecture\" \/>\n\t<meta name=\"twitter:data1\" content=\"1 minute\" \/>\n<script type=\"application\/ld+json\" class=\"yoast-schema-graph\">{\"@context\":\"https:\\\/\\\/schema.org\",\"@graph\":[{\"@type\":\"WebPage\",\"@id\":\"https:\\\/\\\/ksproducts.ca\\\/product\\\/turtle-wax-hybrid-solutions-ceramic-3-in-1-detailer-907g\\\/\",\"url\":\"https:\\\/\\\/ksproducts.ca\\\/product\\\/turtle-wax-hybrid-solutions-ceramic-3-in-1-detailer-907g\\\/\",\"name\":\"Turtle Wax Hybrid Solutions Ceramic 3-in-1 Detailer - 907g - Ks Products\",\"isPartOf\":{\"@id\":\"https:\\\/\\\/ksproducts.ca\\\/#website\"},\"primaryImageOfPage\":{\"@id\":\"https:\\\/\\\/ksproducts.ca\\\/product\\\/turtle-wax-hybrid-solutions-ceramic-3-in-1-detailer-907g\\\/#primaryimage\"},\"image\":{\"@id\":\"https:\\\/\\\/ksproducts.ca\\\/product\\\/turtle-wax-hybrid-solutions-ceramic-3-in-1-detailer-907g\\\/#primaryimage\"},\"thumbnailUrl\":\"https:\\\/\\\/ksproducts.ca\\\/wp-content\\\/uploads\\\/2026\\\/03\\\/Turtle-Wax-Hybrid-Solutions-Ceramic-3-in-1-Detailer-907g.webp\",\"datePublished\":\"2026-03-05T17:06:49+00:00\",\"dateModified\":\"2026-03-16T17:42:31+00:00\",\"breadcrumb\":{\"@id\":\"https:\\\/\\\/ksproducts.ca\\\/product\\\/turtle-wax-hybrid-solutions-ceramic-3-in-1-detailer-907g\\\/#breadcrumb\"},\"inLanguage\":\"fr-CA\",\"potentialAction\":[{\"@type\":\"ReadAction\",\"target\":[\"https:\\\/\\\/ksproducts.ca\\\/product\\\/turtle-wax-hybrid-solutions-ceramic-3-in-1-detailer-907g\\\/\"]}]},{\"@type\":\"ImageObject\",\"inLanguage\":\"fr-CA\",\"@id\":\"https:\\\/\\\/ksproducts.ca\\\/product\\\/turtle-wax-hybrid-solutions-ceramic-3-in-1-detailer-907g\\\/#primaryimage\",\"url\":\"https:\\\/\\\/ksproducts.ca\\\/wp-content\\\/uploads\\\/2026\\\/03\\\/Turtle-Wax-Hybrid-Solutions-Ceramic-3-in-1-Detailer-907g.webp\",\"contentUrl\":\"https:\\\/\\\/ksproducts.ca\\\/wp-content\\\/uploads\\\/2026\\\/03\\\/Turtle-Wax-Hybrid-Solutions-Ceramic-3-in-1-Detailer-907g.webp\",\"width\":800,\"height\":800,\"caption\":\"Turtle Wax Hybrid Solutions Ceramic 3 in 1 Detailer 907g\"},{\"@type\":\"BreadcrumbList\",\"@id\":\"https:\\\/\\\/ksproducts.ca\\\/product\\\/turtle-wax-hybrid-solutions-ceramic-3-in-1-detailer-907g\\\/#breadcrumb\",\"itemListElement\":[{\"@type\":\"ListItem\",\"position\":1,\"name\":\"Home\",\"item\":\"https:\\\/\\\/ksproducts.ca\\\/\"},{\"@type\":\"ListItem\",\"position\":2,\"name\":\"Shop\",\"item\":\"https:\\\/\\\/ksproducts.ca\\\/shop\\\/\"},{\"@type\":\"ListItem\",\"position\":3,\"name\":\"Turtle Wax Hybrid Solutions Ceramic 3-in-1 Detailer &#8211; 907g\"}]},{\"@type\":\"WebSite\",\"@id\":\"https:\\\/\\\/ksproducts.ca\\\/#website\",\"url\":\"https:\\\/\\\/ksproducts.ca\\\/\",\"name\":\"Ks Products\",\"description\":\"Outdoor cooking and living, made easy in Canada\",\"publisher\":{\"@id\":\"https:\\\/\\\/ksproducts.ca\\\/#organization\"},\"potentialAction\":[{\"@type\":\"SearchAction\",\"target\":{\"@type\":\"EntryPoint\",\"urlTemplate\":\"https:\\\/\\\/ksproducts.ca\\\/?s={search_term_string}\"},\"query-input\":{\"@type\":\"PropertyValueSpecification\",\"valueRequired\":true,\"valueName\":\"search_term_string\"}}],\"inLanguage\":\"fr-CA\"},{\"@type\":\"Organization\",\"@id\":\"https:\\\/\\\/ksproducts.ca\\\/#organization\",\"name\":\"Ks Products\",\"url\":\"https:\\\/\\\/ksproducts.ca\\\/\",\"logo\":{\"@type\":\"ImageObject\",\"inLanguage\":\"fr-CA\",\"@id\":\"https:\\\/\\\/ksproducts.ca\\\/#\\\/schema\\\/logo\\\/image\\\/\",\"url\":\"https:\\\/\\\/ksproducts.ca\\\/wp-content\\\/uploads\\\/2023\\\/09\\\/Kennedy-Sales-Logo-header-1.png\",\"contentUrl\":\"https:\\\/\\\/ksproducts.ca\\\/wp-content\\\/uploads\\\/2023\\\/09\\\/Kennedy-Sales-Logo-header-1.png\",\"width\":150,\"height\":77,\"caption\":\"Ks Products\"},\"image\":{\"@id\":\"https:\\\/\\\/ksproducts.ca\\\/#\\\/schema\\\/logo\\\/image\\\/\"}}]}<\/script>\n<!-- \/ Yoast SEO plugin. -->","yoast_head_json":{"title":"Turtle Wax Hybrid Solutions Ceramic 3-in-1 Detailer - 907g - Ks Products","robots":{"index":"index","follow":"follow","max-snippet":"max-snippet:-1","max-image-preview":"max-image-preview:large","max-video-preview":"max-video-preview:-1"},"canonical":"https:\/\/ksproducts.ca\/fr\/product\/turtle-wax-hybrid-solutions-ceramic-3-in-1-detailer-907g\/","og_locale":"fr_CA","og_type":"article","og_title":"Turtle Wax Hybrid Solutions Ceramic 3-in-1 Detailer - 907g - Ks Products","og_description":"This ceramic detailer is a quick way to freshen up your car\u2019s exterior between washes, maintaining that shiny, clean \u201cwow factor\u201d while adding a layer of high-performance ceramic wax protection.  Without a drop of water, the slick, spray-on formula helps safely remove dust and cleans the clear coat without scratching your finish, and it leaves a nice, streak-free shine and crazy water-beading protection, thanks to its hybrid ceramic wax.","og_url":"https:\/\/ksproducts.ca\/fr\/product\/turtle-wax-hybrid-solutions-ceramic-3-in-1-detailer-907g\/","og_site_name":"Ks Products","article_modified_time":"2026-03-16T17:42:31+00:00","og_image":[{"width":800,"height":800,"url":"https:\/\/ksproducts.ca\/wp-content\/uploads\/2026\/03\/Turtle-Wax-Hybrid-Solutions-Ceramic-3-in-1-Detailer-907g.webp","type":"image\/webp"}],"twitter_card":"summary_large_image","twitter_misc":{"Estimation du temps de lecture":"1 minute"},"schema":{"@context":"https:\/\/schema.org","@graph":[{"@type":"WebPage","@id":"https:\/\/ksproducts.ca\/product\/turtle-wax-hybrid-solutions-ceramic-3-in-1-detailer-907g\/","url":"https:\/\/ksproducts.ca\/product\/turtle-wax-hybrid-solutions-ceramic-3-in-1-detailer-907g\/","name":"Turtle Wax Hybrid Solutions Ceramic 3-in-1 Detailer - 907g - Ks Products","isPartOf":{"@id":"https:\/\/ksproducts.ca\/#website"},"primaryImageOfPage":{"@id":"https:\/\/ksproducts.ca\/product\/turtle-wax-hybrid-solutions-ceramic-3-in-1-detailer-907g\/#primaryimage"},"image":{"@id":"https:\/\/ksproducts.ca\/product\/turtle-wax-hybrid-solutions-ceramic-3-in-1-detailer-907g\/#primaryimage"},"thumbnailUrl":"https:\/\/ksproducts.ca\/wp-content\/uploads\/2026\/03\/Turtle-Wax-Hybrid-Solutions-Ceramic-3-in-1-Detailer-907g.webp","datePublished":"2026-03-05T17:06:49+00:00","dateModified":"2026-03-16T17:42:31+00:00","breadcrumb":{"@id":"https:\/\/ksproducts.ca\/product\/turtle-wax-hybrid-solutions-ceramic-3-in-1-detailer-907g\/#breadcrumb"},"inLanguage":"fr-CA","potentialAction":[{"@type":"ReadAction","target":["https:\/\/ksproducts.ca\/product\/turtle-wax-hybrid-solutions-ceramic-3-in-1-detailer-907g\/"]}]},{"@type":"ImageObject","inLanguage":"fr-CA","@id":"https:\/\/ksproducts.ca\/product\/turtle-wax-hybrid-solutions-ceramic-3-in-1-detailer-907g\/#primaryimage","url":"https:\/\/ksproducts.ca\/wp-content\/uploads\/2026\/03\/Turtle-Wax-Hybrid-Solutions-Ceramic-3-in-1-Detailer-907g.webp","contentUrl":"https:\/\/ksproducts.ca\/wp-content\/uploads\/2026\/03\/Turtle-Wax-Hybrid-Solutions-Ceramic-3-in-1-Detailer-907g.webp","width":800,"height":800,"caption":"Turtle Wax Hybrid Solutions Ceramic 3 in 1 Detailer 907g"},{"@type":"BreadcrumbList","@id":"https:\/\/ksproducts.ca\/product\/turtle-wax-hybrid-solutions-ceramic-3-in-1-detailer-907g\/#breadcrumb","itemListElement":[{"@type":"ListItem","position":1,"name":"Home","item":"https:\/\/ksproducts.ca\/"},{"@type":"ListItem","position":2,"name":"Shop","item":"https:\/\/ksproducts.ca\/shop\/"},{"@type":"ListItem","position":3,"name":"Turtle Wax Hybrid Solutions Ceramic 3-in-1 Detailer &#8211; 907g"}]},{"@type":"WebSite","@id":"https:\/\/ksproducts.ca\/#website","url":"https:\/\/ksproducts.ca\/","name":"Produits Ks","description":"Cuisiner et vivre en plein air, c'est facile au Canada","publisher":{"@id":"https:\/\/ksproducts.ca\/#organization"},"potentialAction":[{"@type":"SearchAction","target":{"@type":"EntryPoint","urlTemplate":"https:\/\/ksproducts.ca\/?s={search_term_string}"},"query-input":{"@type":"PropertyValueSpecification","valueRequired":true,"valueName":"search_term_string"}}],"inLanguage":"fr-CA"},{"@type":"Organization","@id":"https:\/\/ksproducts.ca\/#organization","name":"Produits Ks","url":"https:\/\/ksproducts.ca\/","logo":{"@type":"ImageObject","inLanguage":"fr-CA","@id":"https:\/\/ksproducts.ca\/#\/schema\/logo\/image\/","url":"https:\/\/ksproducts.ca\/wp-content\/uploads\/2023\/09\/Kennedy-Sales-Logo-header-1.png","contentUrl":"https:\/\/ksproducts.ca\/wp-content\/uploads\/2023\/09\/Kennedy-Sales-Logo-header-1.png","width":150,"height":77,"caption":"Ks Products"},"image":{"@id":"https:\/\/ksproducts.ca\/#\/schema\/logo\/image\/"}}]}},"_links":{"self":[{"href":"https:\/\/ksproducts.ca\/fr\/wp-json\/wp\/v2\/product\/11664","targetHints":{"allow":["GET"]}}],"collection":[{"href":"https:\/\/ksproducts.ca\/fr\/wp-json\/wp\/v2\/product"}],"about":[{"href":"https:\/\/ksproducts.ca\/fr\/wp-json\/wp\/v2\/types\/product"}],"replies":[{"embeddable":true,"href":"https:\/\/ksproducts.ca\/fr\/wp-json\/wp\/v2\/comments?post=11664"}],"version-history":[{"count":2,"href":"https:\/\/ksproducts.ca\/fr\/wp-json\/wp\/v2\/product\/11664\/revisions"}],"predecessor-version":[{"id":12700,"href":"https:\/\/ksproducts.ca\/fr\/wp-json\/wp\/v2\/product\/11664\/revisions\/12700"}],"wp:featuredmedia":[{"embeddable":true,"href":"https:\/\/ksproducts.ca\/fr\/wp-json\/wp\/v2\/media\/11665"}],"wp:attachment":[{"href":"https:\/\/ksproducts.ca\/fr\/wp-json\/wp\/v2\/media?parent=11664"}],"wp:term":[{"taxonomy":"product_cat","embeddable":true,"href":"https:\/\/ksproducts.ca\/fr\/wp-json\/wp\/v2\/product_cat?post=11664"},{"taxonomy":"product_tag","embeddable":true,"href":"https:\/\/ksproducts.ca\/fr\/wp-json\/wp\/v2\/product_tag?post=11664"}],"curies":[{"name":"wp","href":"https:\/\/api.w.org\/{rel}","templated":true}]}}