{"id":11674,"date":"2026-03-05T17:25:58","date_gmt":"2026-03-05T17:25:58","guid":{"rendered":"https:\/\/ksproducts.ca\/?post_type=product&#038;p=11674"},"modified":"2026-03-05T17:25:59","modified_gmt":"2026-03-05T17:25:59","slug":"turtle-wax-hybrid-solutions-ceramic-polish-wax","status":"publish","type":"product","link":"https:\/\/ksproducts.ca\/fr\/product\/turtle-wax-hybrid-solutions-ceramic-polish-wax\/","title":{"rendered":"Turtle Wax Hybrid Solutions Ceramic Polish &amp; Wax"},"content":{"rendered":"<ul class=\"nl-features__list\" data-testid=\"features\">\n<li>\n<p class=\"nl-features__information\">Turtle Wax Hybrid Solutions One-N-Done Ceramic Wax corrige la peinture, polit et prot\u00e8ge votre v\u00e9hicule en une seule \u00e9tape facile<\/p>\n<\/li>\n<li>\n<p class=\"nl-features__information\">\u00c9limine les micro-rayures, les rayures et l'oxydation gr\u00e2ce \u00e0 des agents de polissage de pr\u00e9cision<\/p>\n<\/li>\n<li>\n<p class=\"nl-features__information\">Les polym\u00e8res de SiO2 offrent une protection extr\u00eame contre l'eau et les produits chimiques qui dure des mois<\/p>\n<\/li>\n<li>\n<p class=\"nl-features__information\">Une formule activ\u00e9e par l'eau augmente la profondeur de la couleur, laissant un \u00e9clat miroir et une brillance.<\/p>\n<\/li>\n<li>\n<p class=\"nl-features__information\">Avec cette formule \u00e0 action \u00e9lev\u00e9e, une petite quantit\u00e9 suffira. Une fine application de produit est tout ce qui est n\u00e9cessaire pour cr\u00e9er une surface super hydrophobe.<\/p>\n<\/li>\n<li>\n<p class=\"nl-features__information\">La collection Hybrid Solutions propose un parfum fruit\u00e9 sucr\u00e9 qui est un d\u00e9lice pour les sens.<\/p>\n<\/li>\n<li>\n<p class=\"nl-features__information\">Taille : 473 ml<\/p>\n<\/li>\n<\/ul>","protected":false},"excerpt":{"rendered":"<p>Le liquide de polissage et de cire c\u00e9ramique One-N-Done Hybrid Solutions de Turtle Wax, en bouteille de 473 ml, est une solution unique pour l'entretien des v\u00e9hicules. Il corrige la peinture, polit et prot\u00e8ge, en \u00e9liminant sans effort les tourbillons, les rayures et l'oxydation gr\u00e2ce \u00e0 des agents de polissage de pr\u00e9cision. La formule contient \u00e9galement des polym\u00e8res SiO2 qui assurent un perlage extr\u00eame de l'eau et offrent une protection r\u00e9sistante aux produits chimiques pendant des mois. Cette solution activ\u00e9e par l'eau intensifie la profondeur de la couleur et lui conf\u00e8re une brillance et un \u00e9clat semblables \u00e0 ceux d'un miroir. Une fine application suffit pour former une surface superhydrophobe. Dot\u00e9e d'un doux parfum fruit\u00e9 pour une exp\u00e9rience sensorielle d\u00e9licieuse, une petite quantit\u00e9 de cette formule \u00e0 haute action suffit pour une longue dur\u00e9e.<\/p>","protected":false},"featured_media":11675,"comment_status":"open","ping_status":"closed","template":"","meta":[],"product_cat":[430],"product_tag":[],"class_list":{"0":"post-11674","1":"product","2":"type-product","3":"status-publish","4":"has-post-thumbnail","6":"product_cat-automotive-gear","7":"product_shipping_class-class-1","9":"first","10":"instock","11":"taxable","12":"shipping-taxable","13":"purchasable","14":"product-type-simple"},"yoast_head":"<!-- This site is optimized with the Yoast SEO plugin v27.4 - https:\/\/yoast.com\/product\/yoast-seo-wordpress\/ -->\n<title>Turtle Wax Hybrid Solutions Ceramic Polish &amp; Wax - Ks Products<\/title>\n<meta name=\"robots\" content=\"index, follow, max-snippet:-1, max-image-preview:large, max-video-preview:-1\" \/>\n<link rel=\"canonical\" href=\"https:\/\/ksproducts.ca\/fr\/product\/turtle-wax-hybrid-solutions-ceramic-polish-wax\/\" \/>\n<meta property=\"og:locale\" content=\"fr_CA\" \/>\n<meta property=\"og:type\" content=\"article\" \/>\n<meta property=\"og:title\" content=\"Turtle Wax Hybrid Solutions Ceramic Polish &amp; Wax - Ks Products\" \/>\n<meta property=\"og:description\" content=\"The Turtle Wax Hybrid Solutions One-N-Done Ceramic Liquid Polish and Wax, in a 473 ml bottle, is a one-stop solution for vehicle care. It corrects paint, polishes, and protects, effortlessly removing swirls, scratches, and oxidation with precision polishing agents. The formula also contains SiO2 polymers that ensure extreme water beading and offer chemical-resistant protection for months. This hydro-activated solution intensifies the depth of colour, imparting a mirror-like shine and gloss. A thin application is enough to form a superhydrophobic surface. Boasting a sweet fruity fragrance for a delightful sensory experience, a small amount of this high-action formula goes a long way.\" \/>\n<meta property=\"og:url\" content=\"https:\/\/ksproducts.ca\/fr\/product\/turtle-wax-hybrid-solutions-ceramic-polish-wax\/\" \/>\n<meta property=\"og:site_name\" content=\"Ks Products\" \/>\n<meta property=\"article:modified_time\" content=\"2026-03-05T17:25:59+00:00\" \/>\n<meta property=\"og:image\" content=\"https:\/\/ksproducts.ca\/wp-content\/uploads\/2026\/03\/Turtle-Wax-Hybrid-Solutions-Ceramic-Polish-Wax.jpg\" \/>\n\t<meta property=\"og:image:width\" content=\"800\" \/>\n\t<meta property=\"og:image:height\" content=\"800\" \/>\n\t<meta property=\"og:image:type\" content=\"image\/jpeg\" \/>\n<meta name=\"twitter:card\" content=\"summary_large_image\" \/>\n<meta name=\"twitter:label1\" content=\"Estimation du temps de lecture\" \/>\n\t<meta name=\"twitter:data1\" content=\"1 minute\" \/>\n<script type=\"application\/ld+json\" class=\"yoast-schema-graph\">{\"@context\":\"https:\\\/\\\/schema.org\",\"@graph\":[{\"@type\":\"WebPage\",\"@id\":\"https:\\\/\\\/ksproducts.ca\\\/product\\\/turtle-wax-hybrid-solutions-ceramic-polish-wax\\\/\",\"url\":\"https:\\\/\\\/ksproducts.ca\\\/product\\\/turtle-wax-hybrid-solutions-ceramic-polish-wax\\\/\",\"name\":\"Turtle Wax Hybrid Solutions Ceramic Polish & Wax - Ks Products\",\"isPartOf\":{\"@id\":\"https:\\\/\\\/ksproducts.ca\\\/#website\"},\"primaryImageOfPage\":{\"@id\":\"https:\\\/\\\/ksproducts.ca\\\/product\\\/turtle-wax-hybrid-solutions-ceramic-polish-wax\\\/#primaryimage\"},\"image\":{\"@id\":\"https:\\\/\\\/ksproducts.ca\\\/product\\\/turtle-wax-hybrid-solutions-ceramic-polish-wax\\\/#primaryimage\"},\"thumbnailUrl\":\"https:\\\/\\\/ksproducts.ca\\\/wp-content\\\/uploads\\\/2026\\\/03\\\/Turtle-Wax-Hybrid-Solutions-Ceramic-Polish-Wax.jpg\",\"datePublished\":\"2026-03-05T17:25:58+00:00\",\"dateModified\":\"2026-03-05T17:25:59+00:00\",\"breadcrumb\":{\"@id\":\"https:\\\/\\\/ksproducts.ca\\\/product\\\/turtle-wax-hybrid-solutions-ceramic-polish-wax\\\/#breadcrumb\"},\"inLanguage\":\"fr-CA\",\"potentialAction\":[{\"@type\":\"ReadAction\",\"target\":[\"https:\\\/\\\/ksproducts.ca\\\/product\\\/turtle-wax-hybrid-solutions-ceramic-polish-wax\\\/\"]}]},{\"@type\":\"ImageObject\",\"inLanguage\":\"fr-CA\",\"@id\":\"https:\\\/\\\/ksproducts.ca\\\/product\\\/turtle-wax-hybrid-solutions-ceramic-polish-wax\\\/#primaryimage\",\"url\":\"https:\\\/\\\/ksproducts.ca\\\/wp-content\\\/uploads\\\/2026\\\/03\\\/Turtle-Wax-Hybrid-Solutions-Ceramic-Polish-Wax.jpg\",\"contentUrl\":\"https:\\\/\\\/ksproducts.ca\\\/wp-content\\\/uploads\\\/2026\\\/03\\\/Turtle-Wax-Hybrid-Solutions-Ceramic-Polish-Wax.jpg\",\"width\":800,\"height\":800,\"caption\":\"Turtle Wax Hybrid Solutions Ceramic Polish & Wax\"},{\"@type\":\"BreadcrumbList\",\"@id\":\"https:\\\/\\\/ksproducts.ca\\\/product\\\/turtle-wax-hybrid-solutions-ceramic-polish-wax\\\/#breadcrumb\",\"itemListElement\":[{\"@type\":\"ListItem\",\"position\":1,\"name\":\"Home\",\"item\":\"https:\\\/\\\/ksproducts.ca\\\/\"},{\"@type\":\"ListItem\",\"position\":2,\"name\":\"Shop\",\"item\":\"https:\\\/\\\/ksproducts.ca\\\/shop\\\/\"},{\"@type\":\"ListItem\",\"position\":3,\"name\":\"Turtle Wax Hybrid Solutions Ceramic Polish &#038; Wax\"}]},{\"@type\":\"WebSite\",\"@id\":\"https:\\\/\\\/ksproducts.ca\\\/#website\",\"url\":\"https:\\\/\\\/ksproducts.ca\\\/\",\"name\":\"Ks Products\",\"description\":\"Outdoor cooking and living, made easy in Canada\",\"publisher\":{\"@id\":\"https:\\\/\\\/ksproducts.ca\\\/#organization\"},\"potentialAction\":[{\"@type\":\"SearchAction\",\"target\":{\"@type\":\"EntryPoint\",\"urlTemplate\":\"https:\\\/\\\/ksproducts.ca\\\/?s={search_term_string}\"},\"query-input\":{\"@type\":\"PropertyValueSpecification\",\"valueRequired\":true,\"valueName\":\"search_term_string\"}}],\"inLanguage\":\"fr-CA\"},{\"@type\":\"Organization\",\"@id\":\"https:\\\/\\\/ksproducts.ca\\\/#organization\",\"name\":\"Ks Products\",\"url\":\"https:\\\/\\\/ksproducts.ca\\\/\",\"logo\":{\"@type\":\"ImageObject\",\"inLanguage\":\"fr-CA\",\"@id\":\"https:\\\/\\\/ksproducts.ca\\\/#\\\/schema\\\/logo\\\/image\\\/\",\"url\":\"https:\\\/\\\/ksproducts.ca\\\/wp-content\\\/uploads\\\/2023\\\/09\\\/Kennedy-Sales-Logo-header-1.png\",\"contentUrl\":\"https:\\\/\\\/ksproducts.ca\\\/wp-content\\\/uploads\\\/2023\\\/09\\\/Kennedy-Sales-Logo-header-1.png\",\"width\":150,\"height\":77,\"caption\":\"Ks Products\"},\"image\":{\"@id\":\"https:\\\/\\\/ksproducts.ca\\\/#\\\/schema\\\/logo\\\/image\\\/\"}}]}<\/script>\n<!-- \/ Yoast SEO plugin. -->","yoast_head_json":{"title":"Turtle Wax Hybrid Solutions Ceramic Polish &amp; Wax - Ks Products","robots":{"index":"index","follow":"follow","max-snippet":"max-snippet:-1","max-image-preview":"max-image-preview:large","max-video-preview":"max-video-preview:-1"},"canonical":"https:\/\/ksproducts.ca\/fr\/product\/turtle-wax-hybrid-solutions-ceramic-polish-wax\/","og_locale":"fr_CA","og_type":"article","og_title":"Turtle Wax Hybrid Solutions Ceramic Polish & Wax - Ks Products","og_description":"The Turtle Wax Hybrid Solutions One-N-Done Ceramic Liquid Polish and Wax, in a 473 ml bottle, is a one-stop solution for vehicle care. It corrects paint, polishes, and protects, effortlessly removing swirls, scratches, and oxidation with precision polishing agents. The formula also contains SiO2 polymers that ensure extreme water beading and offer chemical-resistant protection for months. This hydro-activated solution intensifies the depth of colour, imparting a mirror-like shine and gloss. A thin application is enough to form a superhydrophobic surface. Boasting a sweet fruity fragrance for a delightful sensory experience, a small amount of this high-action formula goes a long way.","og_url":"https:\/\/ksproducts.ca\/fr\/product\/turtle-wax-hybrid-solutions-ceramic-polish-wax\/","og_site_name":"Ks Products","article_modified_time":"2026-03-05T17:25:59+00:00","og_image":[{"width":800,"height":800,"url":"https:\/\/ksproducts.ca\/wp-content\/uploads\/2026\/03\/Turtle-Wax-Hybrid-Solutions-Ceramic-Polish-Wax.jpg","type":"image\/jpeg"}],"twitter_card":"summary_large_image","twitter_misc":{"Estimation du temps de lecture":"1 minute"},"schema":{"@context":"https:\/\/schema.org","@graph":[{"@type":"WebPage","@id":"https:\/\/ksproducts.ca\/product\/turtle-wax-hybrid-solutions-ceramic-polish-wax\/","url":"https:\/\/ksproducts.ca\/product\/turtle-wax-hybrid-solutions-ceramic-polish-wax\/","name":"Turtle Wax Hybrid Solutions Ceramic Polish &amp; Wax - Ks Products","isPartOf":{"@id":"https:\/\/ksproducts.ca\/#website"},"primaryImageOfPage":{"@id":"https:\/\/ksproducts.ca\/product\/turtle-wax-hybrid-solutions-ceramic-polish-wax\/#primaryimage"},"image":{"@id":"https:\/\/ksproducts.ca\/product\/turtle-wax-hybrid-solutions-ceramic-polish-wax\/#primaryimage"},"thumbnailUrl":"https:\/\/ksproducts.ca\/wp-content\/uploads\/2026\/03\/Turtle-Wax-Hybrid-Solutions-Ceramic-Polish-Wax.jpg","datePublished":"2026-03-05T17:25:58+00:00","dateModified":"2026-03-05T17:25:59+00:00","breadcrumb":{"@id":"https:\/\/ksproducts.ca\/product\/turtle-wax-hybrid-solutions-ceramic-polish-wax\/#breadcrumb"},"inLanguage":"fr-CA","potentialAction":[{"@type":"ReadAction","target":["https:\/\/ksproducts.ca\/product\/turtle-wax-hybrid-solutions-ceramic-polish-wax\/"]}]},{"@type":"ImageObject","inLanguage":"fr-CA","@id":"https:\/\/ksproducts.ca\/product\/turtle-wax-hybrid-solutions-ceramic-polish-wax\/#primaryimage","url":"https:\/\/ksproducts.ca\/wp-content\/uploads\/2026\/03\/Turtle-Wax-Hybrid-Solutions-Ceramic-Polish-Wax.jpg","contentUrl":"https:\/\/ksproducts.ca\/wp-content\/uploads\/2026\/03\/Turtle-Wax-Hybrid-Solutions-Ceramic-Polish-Wax.jpg","width":800,"height":800,"caption":"Turtle Wax Hybrid Solutions Ceramic Polish & Wax"},{"@type":"BreadcrumbList","@id":"https:\/\/ksproducts.ca\/product\/turtle-wax-hybrid-solutions-ceramic-polish-wax\/#breadcrumb","itemListElement":[{"@type":"ListItem","position":1,"name":"Home","item":"https:\/\/ksproducts.ca\/"},{"@type":"ListItem","position":2,"name":"Shop","item":"https:\/\/ksproducts.ca\/shop\/"},{"@type":"ListItem","position":3,"name":"Turtle Wax Hybrid Solutions Ceramic Polish &#038; Wax"}]},{"@type":"WebSite","@id":"https:\/\/ksproducts.ca\/#website","url":"https:\/\/ksproducts.ca\/","name":"Produits Ks","description":"Cuisiner et vivre en plein air, c'est facile au Canada","publisher":{"@id":"https:\/\/ksproducts.ca\/#organization"},"potentialAction":[{"@type":"SearchAction","target":{"@type":"EntryPoint","urlTemplate":"https:\/\/ksproducts.ca\/?s={search_term_string}"},"query-input":{"@type":"PropertyValueSpecification","valueRequired":true,"valueName":"search_term_string"}}],"inLanguage":"fr-CA"},{"@type":"Organization","@id":"https:\/\/ksproducts.ca\/#organization","name":"Produits Ks","url":"https:\/\/ksproducts.ca\/","logo":{"@type":"ImageObject","inLanguage":"fr-CA","@id":"https:\/\/ksproducts.ca\/#\/schema\/logo\/image\/","url":"https:\/\/ksproducts.ca\/wp-content\/uploads\/2023\/09\/Kennedy-Sales-Logo-header-1.png","contentUrl":"https:\/\/ksproducts.ca\/wp-content\/uploads\/2023\/09\/Kennedy-Sales-Logo-header-1.png","width":150,"height":77,"caption":"Ks Products"},"image":{"@id":"https:\/\/ksproducts.ca\/#\/schema\/logo\/image\/"}}]}},"_links":{"self":[{"href":"https:\/\/ksproducts.ca\/fr\/wp-json\/wp\/v2\/product\/11674","targetHints":{"allow":["GET"]}}],"collection":[{"href":"https:\/\/ksproducts.ca\/fr\/wp-json\/wp\/v2\/product"}],"about":[{"href":"https:\/\/ksproducts.ca\/fr\/wp-json\/wp\/v2\/types\/product"}],"replies":[{"embeddable":true,"href":"https:\/\/ksproducts.ca\/fr\/wp-json\/wp\/v2\/comments?post=11674"}],"version-history":[{"count":1,"href":"https:\/\/ksproducts.ca\/fr\/wp-json\/wp\/v2\/product\/11674\/revisions"}],"predecessor-version":[{"id":11676,"href":"https:\/\/ksproducts.ca\/fr\/wp-json\/wp\/v2\/product\/11674\/revisions\/11676"}],"wp:featuredmedia":[{"embeddable":true,"href":"https:\/\/ksproducts.ca\/fr\/wp-json\/wp\/v2\/media\/11675"}],"wp:attachment":[{"href":"https:\/\/ksproducts.ca\/fr\/wp-json\/wp\/v2\/media?parent=11674"}],"wp:term":[{"taxonomy":"product_cat","embeddable":true,"href":"https:\/\/ksproducts.ca\/fr\/wp-json\/wp\/v2\/product_cat?post=11674"},{"taxonomy":"product_tag","embeddable":true,"href":"https:\/\/ksproducts.ca\/fr\/wp-json\/wp\/v2\/product_tag?post=11674"}],"curies":[{"name":"wp","href":"https:\/\/api.w.org\/{rel}","templated":true}]}}