{"id":11677,"date":"2026-03-05T17:41:12","date_gmt":"2026-03-05T17:41:12","guid":{"rendered":"https:\/\/ksproducts.ca\/?post_type=product&#038;p=11677"},"modified":"2026-03-16T16:40:16","modified_gmt":"2026-03-16T16:40:16","slug":"kit-de-reparation-de-phares-turtle-wax-avec-technologie-heal-seal","status":"publish","type":"product","link":"https:\/\/ksproducts.ca\/fr\/product\/turtle-wax-headlight-lens-repair-renew-kit-with-heal-seal-technology\/","title":{"rendered":"Kit de r\u00e9paration et de renouvellement des lentilles de phares Turtle Wax avec la technologie Heal &amp; Seal"},"content":{"rendered":"<ul class=\"a-unordered-list a-vertical a-spacing-mini\">\n<li class=\"a-spacing-mini\"><span class=\"a-list-item\">R<\/span><span class=\"a-list-item\">restaure et am\u00e9liore la clart\u00e9 des phares et des feux arri\u00e8re jaunis, oxyd\u00e9s ou endommag\u00e9s par le soleil<\/span><\/li>\n<li class=\"a-spacing-mini\"><span class=\"a-list-item\">Offre des r\u00e9sultats professionnels en quatre \u00e9tapes faciles avec des r\u00e9sultats durables<\/span><\/li>\n<li class=\"a-spacing-mini\"><span class=\"a-list-item\">Le compos\u00e9 clarifiant Lens Repair &amp; Renew est formul\u00e9 pour \u00e9liminer les rayures, les marques de remous et l'oxydation s\u00e9v\u00e8re mieux que les compos\u00e9s ordinaires<\/span><\/li>\n<li class=\"a-spacing-mini\"><span class=\"a-list-item\">Lingettes en r\u00e9sine acrylique c\u00e9ramique scellent pour prot\u00e9ger et prolonger la clart\u00e9 du plastique pendant plus d'un an<\/span><\/li>\n<li class=\"a-spacing-mini\"><span class=\"a-list-item\">Composants du kit \u2013 (1) tampon de polissage de pr\u00e9cision, (1) compos\u00e9 de r\u00e9paration et de renouvellement de lentille de phare 59 ml, (4) lingettes acryliques c\u00e9ramiques, (1) paire de gants de protection en plastique<\/span><\/li>\n<\/ul>","protected":false},"excerpt":{"rendered":"<p>R\u00e9novateur de lentilles de phares avec la technologie Heal &amp; Seal qui r\u00e9tablit la clart\u00e9 et am\u00e9liore la s\u00e9curit\u00e9 sans le co\u00fbt du remplacement.<\/p>","protected":false},"featured_media":11678,"comment_status":"open","ping_status":"closed","template":"","meta":[],"product_cat":[430],"product_tag":[],"class_list":{"0":"post-11677","1":"product","2":"type-product","3":"status-publish","4":"has-post-thumbnail","6":"product_cat-automotive-gear","7":"product_shipping_class-class-1","9":"first","10":"instock","11":"taxable","12":"shipping-taxable","13":"purchasable","14":"product-type-simple"},"yoast_head":"<!-- This site is optimized with the Yoast SEO plugin v27.3 - https:\/\/yoast.com\/product\/yoast-seo-wordpress\/ -->\n<title>Turtle Wax Headlight Lens Repair &amp; Renew Kit with Heal &amp; Seal Technology - Ks Products<\/title>\n<meta name=\"robots\" content=\"index, follow, max-snippet:-1, max-image-preview:large, max-video-preview:-1\" \/>\n<link rel=\"canonical\" href=\"https:\/\/ksproducts.ca\/fr\/product\/kit-de-reparation-de-phares-turtle-wax-avec-technologie-heal-seal\/\" \/>\n<meta property=\"og:locale\" content=\"fr_CA\" \/>\n<meta property=\"og:type\" content=\"article\" \/>\n<meta property=\"og:title\" content=\"Turtle Wax Headlight Lens Repair &amp; Renew Kit with Heal &amp; Seal Technology - Ks Products\" \/>\n<meta property=\"og:description\" content=\"Headlight lens restorer with Heal &amp; Seal technology that restores clarity and improves safety without the cost of replacement.\" \/>\n<meta property=\"og:url\" content=\"https:\/\/ksproducts.ca\/fr\/product\/kit-de-reparation-de-phares-turtle-wax-avec-technologie-heal-seal\/\" \/>\n<meta property=\"og:site_name\" content=\"Ks Products\" \/>\n<meta property=\"article:modified_time\" content=\"2026-03-16T16:40:16+00:00\" \/>\n<meta property=\"og:image\" content=\"https:\/\/ksproducts.ca\/wp-content\/uploads\/2026\/03\/Turtle-Wax-Headlight-Lens-Repair-Renew-Kit-with-Heal-Seal-Technology.jpg\" \/>\n\t<meta property=\"og:image:width\" content=\"425\" \/>\n\t<meta property=\"og:image:height\" content=\"380\" \/>\n\t<meta property=\"og:image:type\" content=\"image\/jpeg\" \/>\n<meta name=\"twitter:card\" content=\"summary_large_image\" \/>\n<meta name=\"twitter:label1\" content=\"Estimation du temps de lecture\" \/>\n\t<meta name=\"twitter:data1\" content=\"1 minute\" \/>\n<script type=\"application\/ld+json\" class=\"yoast-schema-graph\">{\"@context\":\"https:\\\/\\\/schema.org\",\"@graph\":[{\"@type\":\"WebPage\",\"@id\":\"https:\\\/\\\/ksproducts.ca\\\/product\\\/turtle-wax-headlight-lens-repair-renew-kit-with-heal-seal-technology\\\/\",\"url\":\"https:\\\/\\\/ksproducts.ca\\\/product\\\/turtle-wax-headlight-lens-repair-renew-kit-with-heal-seal-technology\\\/\",\"name\":\"Turtle Wax Headlight Lens Repair & Renew Kit with Heal & Seal Technology - Ks Products\",\"isPartOf\":{\"@id\":\"https:\\\/\\\/ksproducts.ca\\\/#website\"},\"primaryImageOfPage\":{\"@id\":\"https:\\\/\\\/ksproducts.ca\\\/product\\\/turtle-wax-headlight-lens-repair-renew-kit-with-heal-seal-technology\\\/#primaryimage\"},\"image\":{\"@id\":\"https:\\\/\\\/ksproducts.ca\\\/product\\\/turtle-wax-headlight-lens-repair-renew-kit-with-heal-seal-technology\\\/#primaryimage\"},\"thumbnailUrl\":\"https:\\\/\\\/ksproducts.ca\\\/wp-content\\\/uploads\\\/2026\\\/03\\\/Turtle-Wax-Headlight-Lens-Repair-Renew-Kit-with-Heal-Seal-Technology.jpg\",\"datePublished\":\"2026-03-05T17:41:12+00:00\",\"dateModified\":\"2026-03-16T16:40:16+00:00\",\"breadcrumb\":{\"@id\":\"https:\\\/\\\/ksproducts.ca\\\/product\\\/turtle-wax-headlight-lens-repair-renew-kit-with-heal-seal-technology\\\/#breadcrumb\"},\"inLanguage\":\"fr-CA\",\"potentialAction\":[{\"@type\":\"ReadAction\",\"target\":[\"https:\\\/\\\/ksproducts.ca\\\/product\\\/turtle-wax-headlight-lens-repair-renew-kit-with-heal-seal-technology\\\/\"]}]},{\"@type\":\"ImageObject\",\"inLanguage\":\"fr-CA\",\"@id\":\"https:\\\/\\\/ksproducts.ca\\\/product\\\/turtle-wax-headlight-lens-repair-renew-kit-with-heal-seal-technology\\\/#primaryimage\",\"url\":\"https:\\\/\\\/ksproducts.ca\\\/wp-content\\\/uploads\\\/2026\\\/03\\\/Turtle-Wax-Headlight-Lens-Repair-Renew-Kit-with-Heal-Seal-Technology.jpg\",\"contentUrl\":\"https:\\\/\\\/ksproducts.ca\\\/wp-content\\\/uploads\\\/2026\\\/03\\\/Turtle-Wax-Headlight-Lens-Repair-Renew-Kit-with-Heal-Seal-Technology.jpg\",\"width\":425,\"height\":380,\"caption\":\"Turtle Wax Headlight Lens Repair & Renew Kit with Heal & Seal Technology\"},{\"@type\":\"BreadcrumbList\",\"@id\":\"https:\\\/\\\/ksproducts.ca\\\/product\\\/turtle-wax-headlight-lens-repair-renew-kit-with-heal-seal-technology\\\/#breadcrumb\",\"itemListElement\":[{\"@type\":\"ListItem\",\"position\":1,\"name\":\"Home\",\"item\":\"https:\\\/\\\/ksproducts.ca\\\/\"},{\"@type\":\"ListItem\",\"position\":2,\"name\":\"Shop\",\"item\":\"https:\\\/\\\/ksproducts.ca\\\/shop\\\/\"},{\"@type\":\"ListItem\",\"position\":3,\"name\":\"Turtle Wax Headlight Lens Repair &#038; Renew Kit with Heal &#038; Seal Technology\"}]},{\"@type\":\"WebSite\",\"@id\":\"https:\\\/\\\/ksproducts.ca\\\/#website\",\"url\":\"https:\\\/\\\/ksproducts.ca\\\/\",\"name\":\"Ks Products\",\"description\":\"Outdoor cooking and living, made easy in Canada\",\"publisher\":{\"@id\":\"https:\\\/\\\/ksproducts.ca\\\/#organization\"},\"potentialAction\":[{\"@type\":\"SearchAction\",\"target\":{\"@type\":\"EntryPoint\",\"urlTemplate\":\"https:\\\/\\\/ksproducts.ca\\\/?s={search_term_string}\"},\"query-input\":{\"@type\":\"PropertyValueSpecification\",\"valueRequired\":true,\"valueName\":\"search_term_string\"}}],\"inLanguage\":\"fr-CA\"},{\"@type\":\"Organization\",\"@id\":\"https:\\\/\\\/ksproducts.ca\\\/#organization\",\"name\":\"Ks Products\",\"url\":\"https:\\\/\\\/ksproducts.ca\\\/\",\"logo\":{\"@type\":\"ImageObject\",\"inLanguage\":\"fr-CA\",\"@id\":\"https:\\\/\\\/ksproducts.ca\\\/#\\\/schema\\\/logo\\\/image\\\/\",\"url\":\"https:\\\/\\\/ksproducts.ca\\\/wp-content\\\/uploads\\\/2023\\\/09\\\/Kennedy-Sales-Logo-header-1.png\",\"contentUrl\":\"https:\\\/\\\/ksproducts.ca\\\/wp-content\\\/uploads\\\/2023\\\/09\\\/Kennedy-Sales-Logo-header-1.png\",\"width\":150,\"height\":77,\"caption\":\"Ks Products\"},\"image\":{\"@id\":\"https:\\\/\\\/ksproducts.ca\\\/#\\\/schema\\\/logo\\\/image\\\/\"}}]}<\/script>\n<!-- \/ Yoast SEO plugin. -->","yoast_head_json":{"title":"Kit de r\u00e9paration et de renouvellement de phares Turtle Wax avec technologie Heal &amp; Seal - Produits Ks","robots":{"index":"index","follow":"follow","max-snippet":"max-snippet:-1","max-image-preview":"max-image-preview:large","max-video-preview":"max-video-preview:-1"},"canonical":"https:\/\/ksproducts.ca\/fr\/product\/kit-de-reparation-de-phares-turtle-wax-avec-technologie-heal-seal\/","og_locale":"fr_CA","og_type":"article","og_title":"Turtle Wax Headlight Lens Repair & Renew Kit with Heal & Seal Technology - Ks Products","og_description":"Headlight lens restorer with Heal &amp; Seal technology that restores clarity and improves safety without the cost of replacement.","og_url":"https:\/\/ksproducts.ca\/fr\/product\/kit-de-reparation-de-phares-turtle-wax-avec-technologie-heal-seal\/","og_site_name":"Ks Products","article_modified_time":"2026-03-16T16:40:16+00:00","og_image":[{"width":425,"height":380,"url":"https:\/\/ksproducts.ca\/wp-content\/uploads\/2026\/03\/Turtle-Wax-Headlight-Lens-Repair-Renew-Kit-with-Heal-Seal-Technology.jpg","type":"image\/jpeg"}],"twitter_card":"summary_large_image","twitter_misc":{"Estimation du temps de lecture":"1 minute"},"schema":{"@context":"https:\/\/schema.org","@graph":[{"@type":"WebPage","@id":"https:\/\/ksproducts.ca\/product\/turtle-wax-headlight-lens-repair-renew-kit-with-heal-seal-technology\/","url":"https:\/\/ksproducts.ca\/product\/turtle-wax-headlight-lens-repair-renew-kit-with-heal-seal-technology\/","name":"Kit de r\u00e9paration et de renouvellement de phares Turtle Wax avec technologie Heal &amp; Seal - Produits Ks","isPartOf":{"@id":"https:\/\/ksproducts.ca\/#website"},"primaryImageOfPage":{"@id":"https:\/\/ksproducts.ca\/product\/turtle-wax-headlight-lens-repair-renew-kit-with-heal-seal-technology\/#primaryimage"},"image":{"@id":"https:\/\/ksproducts.ca\/product\/turtle-wax-headlight-lens-repair-renew-kit-with-heal-seal-technology\/#primaryimage"},"thumbnailUrl":"https:\/\/ksproducts.ca\/wp-content\/uploads\/2026\/03\/Turtle-Wax-Headlight-Lens-Repair-Renew-Kit-with-Heal-Seal-Technology.jpg","datePublished":"2026-03-05T17:41:12+00:00","dateModified":"2026-03-16T16:40:16+00:00","breadcrumb":{"@id":"https:\/\/ksproducts.ca\/product\/turtle-wax-headlight-lens-repair-renew-kit-with-heal-seal-technology\/#breadcrumb"},"inLanguage":"fr-CA","potentialAction":[{"@type":"ReadAction","target":["https:\/\/ksproducts.ca\/product\/turtle-wax-headlight-lens-repair-renew-kit-with-heal-seal-technology\/"]}]},{"@type":"ImageObject","inLanguage":"fr-CA","@id":"https:\/\/ksproducts.ca\/product\/turtle-wax-headlight-lens-repair-renew-kit-with-heal-seal-technology\/#primaryimage","url":"https:\/\/ksproducts.ca\/wp-content\/uploads\/2026\/03\/Turtle-Wax-Headlight-Lens-Repair-Renew-Kit-with-Heal-Seal-Technology.jpg","contentUrl":"https:\/\/ksproducts.ca\/wp-content\/uploads\/2026\/03\/Turtle-Wax-Headlight-Lens-Repair-Renew-Kit-with-Heal-Seal-Technology.jpg","width":425,"height":380,"caption":"Turtle Wax Headlight Lens Repair & Renew Kit with Heal & Seal Technology"},{"@type":"BreadcrumbList","@id":"https:\/\/ksproducts.ca\/product\/turtle-wax-headlight-lens-repair-renew-kit-with-heal-seal-technology\/#breadcrumb","itemListElement":[{"@type":"ListItem","position":1,"name":"Home","item":"https:\/\/ksproducts.ca\/"},{"@type":"ListItem","position":2,"name":"Shop","item":"https:\/\/ksproducts.ca\/shop\/"},{"@type":"ListItem","position":3,"name":"Turtle Wax Headlight Lens Repair &#038; Renew Kit with Heal &#038; Seal Technology"}]},{"@type":"WebSite","@id":"https:\/\/ksproducts.ca\/#website","url":"https:\/\/ksproducts.ca\/","name":"Produits Ks","description":"Cuisiner et vivre en plein air, c'est facile au Canada","publisher":{"@id":"https:\/\/ksproducts.ca\/#organization"},"potentialAction":[{"@type":"SearchAction","target":{"@type":"EntryPoint","urlTemplate":"https:\/\/ksproducts.ca\/?s={search_term_string}"},"query-input":{"@type":"PropertyValueSpecification","valueRequired":true,"valueName":"search_term_string"}}],"inLanguage":"fr-CA"},{"@type":"Organization","@id":"https:\/\/ksproducts.ca\/#organization","name":"Produits Ks","url":"https:\/\/ksproducts.ca\/","logo":{"@type":"ImageObject","inLanguage":"fr-CA","@id":"https:\/\/ksproducts.ca\/#\/schema\/logo\/image\/","url":"https:\/\/ksproducts.ca\/wp-content\/uploads\/2023\/09\/Kennedy-Sales-Logo-header-1.png","contentUrl":"https:\/\/ksproducts.ca\/wp-content\/uploads\/2023\/09\/Kennedy-Sales-Logo-header-1.png","width":150,"height":77,"caption":"Ks Products"},"image":{"@id":"https:\/\/ksproducts.ca\/#\/schema\/logo\/image\/"}}]}},"_links":{"self":[{"href":"https:\/\/ksproducts.ca\/fr\/wp-json\/wp\/v2\/product\/11677","targetHints":{"allow":["GET"]}}],"collection":[{"href":"https:\/\/ksproducts.ca\/fr\/wp-json\/wp\/v2\/product"}],"about":[{"href":"https:\/\/ksproducts.ca\/fr\/wp-json\/wp\/v2\/types\/product"}],"replies":[{"embeddable":true,"href":"https:\/\/ksproducts.ca\/fr\/wp-json\/wp\/v2\/comments?post=11677"}],"version-history":[{"count":2,"href":"https:\/\/ksproducts.ca\/fr\/wp-json\/wp\/v2\/product\/11677\/revisions"}],"predecessor-version":[{"id":12702,"href":"https:\/\/ksproducts.ca\/fr\/wp-json\/wp\/v2\/product\/11677\/revisions\/12702"}],"wp:featuredmedia":[{"embeddable":true,"href":"https:\/\/ksproducts.ca\/fr\/wp-json\/wp\/v2\/media\/11678"}],"wp:attachment":[{"href":"https:\/\/ksproducts.ca\/fr\/wp-json\/wp\/v2\/media?parent=11677"}],"wp:term":[{"taxonomy":"product_cat","embeddable":true,"href":"https:\/\/ksproducts.ca\/fr\/wp-json\/wp\/v2\/product_cat?post=11677"},{"taxonomy":"product_tag","embeddable":true,"href":"https:\/\/ksproducts.ca\/fr\/wp-json\/wp\/v2\/product_tag?post=11677"}],"curies":[{"name":"wp","href":"https:\/\/api.w.org\/{rel}","templated":true}]}}