{"id":11710,"date":"2026-03-05T18:21:22","date_gmt":"2026-03-05T18:21:22","guid":{"rendered":"https:\/\/ksproducts.ca\/?post_type=product&#038;p=11710"},"modified":"2026-03-05T18:21:22","modified_gmt":"2026-03-05T18:21:22","slug":"nettoyant-jantes-et-preparateur-pneus-hybride-solutions-hyper-foam-turtle-wax","status":"publish","type":"product","link":"https:\/\/ksproducts.ca\/fr\/product\/turtle-wax-hybrid-solutions-hyper-foam-wheel-cleaner-tire-prep\/","title":{"rendered":"Turtle Wax Hybrid Solutions Hyper Foam Wheel Cleaner &amp; Tire Prep"},"content":{"rendered":"<ul>\n<li data-start=\"195\" data-end=\"287\">\n<p data-start=\"197\" data-end=\"287\">Se dissout rapidement la salet\u00e9, les graisses, les r\u00e9sidus de frein tenaces et le brunissement pour des roues et des pneus propres<\/p>\n<\/li>\n<li data-start=\"288\" data-end=\"391\">\n<p data-start=\"290\" data-end=\"391\">Contient des polym\u00e8res anti-corrosion pour r\u00e9duire l'accumulation de contaminants et faciliter le nettoyage futur<\/p>\n<\/li>\n<li data-start=\"392\" data-end=\"483\">\n<p data-start=\"394\" data-end=\"483\">Application facile : appliquer, laisser agir jusqu'\u00e0 une minute, agiter et rincer ; r\u00e9p\u00e9ter si n\u00e9cessaire<\/p>\n<\/li>\n<li data-start=\"484\" data-end=\"590\">\n<p data-start=\"486\" data-end=\"590\">Pr\u00e9pare les roues et les pneus pour une brillance accrue avec le rev\u00eatement de brillance pour pneus en acrylique graph\u00e8ne Hybrid Solutions.<\/p>\n<\/li>\n<li data-start=\"591\" data-end=\"698\" data-is-last-node=\"\">\n<p data-start=\"593\" data-end=\"698\" data-is-last-node=\"\">Ne pas utiliser sur des roues peintes en usine, de l'aluminium non rev\u00eatu ou des roues de moto ; toujours tester d'abord<\/p>\n<\/li>\n<\/ul>","protected":false},"excerpt":{"rendered":"<p>Nettoyant moussant \u00e0 action rapide pour roues et pneus qui \u00e9limine la salet\u00e9, la poussi\u00e8re de frein et le brunissement tout en pr\u00e9parant les surfaces pour l'enduit ou le rev\u00eatement des pneus.<\/p>","protected":false},"featured_media":11711,"comment_status":"open","ping_status":"closed","template":"","meta":[],"product_cat":[430],"product_tag":[],"class_list":{"0":"post-11710","1":"product","2":"type-product","3":"status-publish","4":"has-post-thumbnail","6":"product_cat-automotive-gear","7":"product_shipping_class-class-1","9":"first","10":"instock","11":"taxable","12":"shipping-taxable","13":"purchasable","14":"product-type-simple"},"yoast_head":"<!-- This site is optimized with the Yoast SEO plugin v27.4 - https:\/\/yoast.com\/product\/yoast-seo-wordpress\/ -->\n<title>Turtle Wax Hybrid Solutions Hyper Foam Wheel Cleaner &amp; Tire Prep - Ks Products<\/title>\n<meta name=\"robots\" content=\"index, follow, max-snippet:-1, max-image-preview:large, max-video-preview:-1\" \/>\n<link rel=\"canonical\" href=\"https:\/\/ksproducts.ca\/fr\/product\/nettoyant-jantes-et-preparateur-pneus-hybride-solutions-hyper-foam-turtle-wax\/\" \/>\n<meta property=\"og:locale\" content=\"fr_CA\" \/>\n<meta property=\"og:type\" content=\"article\" \/>\n<meta property=\"og:title\" content=\"Turtle Wax Hybrid Solutions Hyper Foam Wheel Cleaner &amp; Tire Prep - Ks Products\" \/>\n<meta property=\"og:description\" content=\"Fast-acting foaming wheel and tire cleaner that removes dirt, grime, brake dust, and browning while prepping surfaces for tire dressing or coatings.\" \/>\n<meta property=\"og:url\" content=\"https:\/\/ksproducts.ca\/fr\/product\/nettoyant-jantes-et-preparateur-pneus-hybride-solutions-hyper-foam-turtle-wax\/\" \/>\n<meta property=\"og:site_name\" content=\"Ks Products\" \/>\n<meta property=\"og:image\" content=\"https:\/\/ksproducts.ca\/wp-content\/uploads\/2026\/03\/Turtle-Wax-Hybrid-Solutions-Hyper-Foam-Wheel-Cleaner-Tire-Prep.jpg\" \/>\n\t<meta property=\"og:image:width\" content=\"335\" \/>\n\t<meta property=\"og:image:height\" content=\"800\" \/>\n\t<meta property=\"og:image:type\" content=\"image\/jpeg\" \/>\n<meta name=\"twitter:card\" content=\"summary_large_image\" \/>\n<meta name=\"twitter:label1\" content=\"Estimation du temps de lecture\" \/>\n\t<meta name=\"twitter:data1\" content=\"1 minute\" \/>\n<script type=\"application\/ld+json\" class=\"yoast-schema-graph\">{\"@context\":\"https:\\\/\\\/schema.org\",\"@graph\":[{\"@type\":\"WebPage\",\"@id\":\"https:\\\/\\\/ksproducts.ca\\\/product\\\/turtle-wax-hybrid-solutions-hyper-foam-wheel-cleaner-tire-prep\\\/\",\"url\":\"https:\\\/\\\/ksproducts.ca\\\/product\\\/turtle-wax-hybrid-solutions-hyper-foam-wheel-cleaner-tire-prep\\\/\",\"name\":\"Turtle Wax Hybrid Solutions Hyper Foam Wheel Cleaner & Tire Prep - Ks Products\",\"isPartOf\":{\"@id\":\"https:\\\/\\\/ksproducts.ca\\\/#website\"},\"primaryImageOfPage\":{\"@id\":\"https:\\\/\\\/ksproducts.ca\\\/product\\\/turtle-wax-hybrid-solutions-hyper-foam-wheel-cleaner-tire-prep\\\/#primaryimage\"},\"image\":{\"@id\":\"https:\\\/\\\/ksproducts.ca\\\/product\\\/turtle-wax-hybrid-solutions-hyper-foam-wheel-cleaner-tire-prep\\\/#primaryimage\"},\"thumbnailUrl\":\"https:\\\/\\\/ksproducts.ca\\\/wp-content\\\/uploads\\\/2026\\\/03\\\/Turtle-Wax-Hybrid-Solutions-Hyper-Foam-Wheel-Cleaner-Tire-Prep.jpg\",\"datePublished\":\"2026-03-05T18:21:22+00:00\",\"breadcrumb\":{\"@id\":\"https:\\\/\\\/ksproducts.ca\\\/product\\\/turtle-wax-hybrid-solutions-hyper-foam-wheel-cleaner-tire-prep\\\/#breadcrumb\"},\"inLanguage\":\"fr-CA\",\"potentialAction\":[{\"@type\":\"ReadAction\",\"target\":[\"https:\\\/\\\/ksproducts.ca\\\/product\\\/turtle-wax-hybrid-solutions-hyper-foam-wheel-cleaner-tire-prep\\\/\"]}]},{\"@type\":\"ImageObject\",\"inLanguage\":\"fr-CA\",\"@id\":\"https:\\\/\\\/ksproducts.ca\\\/product\\\/turtle-wax-hybrid-solutions-hyper-foam-wheel-cleaner-tire-prep\\\/#primaryimage\",\"url\":\"https:\\\/\\\/ksproducts.ca\\\/wp-content\\\/uploads\\\/2026\\\/03\\\/Turtle-Wax-Hybrid-Solutions-Hyper-Foam-Wheel-Cleaner-Tire-Prep.jpg\",\"contentUrl\":\"https:\\\/\\\/ksproducts.ca\\\/wp-content\\\/uploads\\\/2026\\\/03\\\/Turtle-Wax-Hybrid-Solutions-Hyper-Foam-Wheel-Cleaner-Tire-Prep.jpg\",\"width\":335,\"height\":800,\"caption\":\"Turtle Wax Hybrid Solutions Hyper Foam Wheel Cleaner & Tire Prep\"},{\"@type\":\"BreadcrumbList\",\"@id\":\"https:\\\/\\\/ksproducts.ca\\\/product\\\/turtle-wax-hybrid-solutions-hyper-foam-wheel-cleaner-tire-prep\\\/#breadcrumb\",\"itemListElement\":[{\"@type\":\"ListItem\",\"position\":1,\"name\":\"Home\",\"item\":\"https:\\\/\\\/ksproducts.ca\\\/\"},{\"@type\":\"ListItem\",\"position\":2,\"name\":\"Shop\",\"item\":\"https:\\\/\\\/ksproducts.ca\\\/shop\\\/\"},{\"@type\":\"ListItem\",\"position\":3,\"name\":\"Turtle Wax Hybrid Solutions Hyper Foam Wheel Cleaner &#038; Tire Prep\"}]},{\"@type\":\"WebSite\",\"@id\":\"https:\\\/\\\/ksproducts.ca\\\/#website\",\"url\":\"https:\\\/\\\/ksproducts.ca\\\/\",\"name\":\"Ks Products\",\"description\":\"Outdoor cooking and living, made easy in Canada\",\"publisher\":{\"@id\":\"https:\\\/\\\/ksproducts.ca\\\/#organization\"},\"potentialAction\":[{\"@type\":\"SearchAction\",\"target\":{\"@type\":\"EntryPoint\",\"urlTemplate\":\"https:\\\/\\\/ksproducts.ca\\\/?s={search_term_string}\"},\"query-input\":{\"@type\":\"PropertyValueSpecification\",\"valueRequired\":true,\"valueName\":\"search_term_string\"}}],\"inLanguage\":\"fr-CA\"},{\"@type\":\"Organization\",\"@id\":\"https:\\\/\\\/ksproducts.ca\\\/#organization\",\"name\":\"Ks Products\",\"url\":\"https:\\\/\\\/ksproducts.ca\\\/\",\"logo\":{\"@type\":\"ImageObject\",\"inLanguage\":\"fr-CA\",\"@id\":\"https:\\\/\\\/ksproducts.ca\\\/#\\\/schema\\\/logo\\\/image\\\/\",\"url\":\"https:\\\/\\\/ksproducts.ca\\\/wp-content\\\/uploads\\\/2023\\\/09\\\/Kennedy-Sales-Logo-header-1.png\",\"contentUrl\":\"https:\\\/\\\/ksproducts.ca\\\/wp-content\\\/uploads\\\/2023\\\/09\\\/Kennedy-Sales-Logo-header-1.png\",\"width\":150,\"height\":77,\"caption\":\"Ks Products\"},\"image\":{\"@id\":\"https:\\\/\\\/ksproducts.ca\\\/#\\\/schema\\\/logo\\\/image\\\/\"}}]}<\/script>\n<!-- \/ Yoast SEO plugin. -->","yoast_head_json":{"title":"Turtle Wax Hybrid Solutions Hyper Foam Nettoyant Jantes et Pr\u00e9paration Pneus - Ks Products","robots":{"index":"index","follow":"follow","max-snippet":"max-snippet:-1","max-image-preview":"max-image-preview:large","max-video-preview":"max-video-preview:-1"},"canonical":"https:\/\/ksproducts.ca\/fr\/product\/nettoyant-jantes-et-preparateur-pneus-hybride-solutions-hyper-foam-turtle-wax\/","og_locale":"fr_CA","og_type":"article","og_title":"Turtle Wax Hybrid Solutions Hyper Foam Wheel Cleaner & Tire Prep - Ks Products","og_description":"Fast-acting foaming wheel and tire cleaner that removes dirt, grime, brake dust, and browning while prepping surfaces for tire dressing or coatings.","og_url":"https:\/\/ksproducts.ca\/fr\/product\/nettoyant-jantes-et-preparateur-pneus-hybride-solutions-hyper-foam-turtle-wax\/","og_site_name":"Ks Products","og_image":[{"width":335,"height":800,"url":"https:\/\/ksproducts.ca\/wp-content\/uploads\/2026\/03\/Turtle-Wax-Hybrid-Solutions-Hyper-Foam-Wheel-Cleaner-Tire-Prep.jpg","type":"image\/jpeg"}],"twitter_card":"summary_large_image","twitter_misc":{"Estimation du temps de lecture":"1 minute"},"schema":{"@context":"https:\/\/schema.org","@graph":[{"@type":"WebPage","@id":"https:\/\/ksproducts.ca\/product\/turtle-wax-hybrid-solutions-hyper-foam-wheel-cleaner-tire-prep\/","url":"https:\/\/ksproducts.ca\/product\/turtle-wax-hybrid-solutions-hyper-foam-wheel-cleaner-tire-prep\/","name":"Turtle Wax Hybrid Solutions Hyper Foam Nettoyant Jantes et Pr\u00e9paration Pneus - Ks Products","isPartOf":{"@id":"https:\/\/ksproducts.ca\/#website"},"primaryImageOfPage":{"@id":"https:\/\/ksproducts.ca\/product\/turtle-wax-hybrid-solutions-hyper-foam-wheel-cleaner-tire-prep\/#primaryimage"},"image":{"@id":"https:\/\/ksproducts.ca\/product\/turtle-wax-hybrid-solutions-hyper-foam-wheel-cleaner-tire-prep\/#primaryimage"},"thumbnailUrl":"https:\/\/ksproducts.ca\/wp-content\/uploads\/2026\/03\/Turtle-Wax-Hybrid-Solutions-Hyper-Foam-Wheel-Cleaner-Tire-Prep.jpg","datePublished":"2026-03-05T18:21:22+00:00","breadcrumb":{"@id":"https:\/\/ksproducts.ca\/product\/turtle-wax-hybrid-solutions-hyper-foam-wheel-cleaner-tire-prep\/#breadcrumb"},"inLanguage":"fr-CA","potentialAction":[{"@type":"ReadAction","target":["https:\/\/ksproducts.ca\/product\/turtle-wax-hybrid-solutions-hyper-foam-wheel-cleaner-tire-prep\/"]}]},{"@type":"ImageObject","inLanguage":"fr-CA","@id":"https:\/\/ksproducts.ca\/product\/turtle-wax-hybrid-solutions-hyper-foam-wheel-cleaner-tire-prep\/#primaryimage","url":"https:\/\/ksproducts.ca\/wp-content\/uploads\/2026\/03\/Turtle-Wax-Hybrid-Solutions-Hyper-Foam-Wheel-Cleaner-Tire-Prep.jpg","contentUrl":"https:\/\/ksproducts.ca\/wp-content\/uploads\/2026\/03\/Turtle-Wax-Hybrid-Solutions-Hyper-Foam-Wheel-Cleaner-Tire-Prep.jpg","width":335,"height":800,"caption":"Turtle Wax Hybrid Solutions Hyper Foam Wheel Cleaner & Tire Prep"},{"@type":"BreadcrumbList","@id":"https:\/\/ksproducts.ca\/product\/turtle-wax-hybrid-solutions-hyper-foam-wheel-cleaner-tire-prep\/#breadcrumb","itemListElement":[{"@type":"ListItem","position":1,"name":"Home","item":"https:\/\/ksproducts.ca\/"},{"@type":"ListItem","position":2,"name":"Shop","item":"https:\/\/ksproducts.ca\/shop\/"},{"@type":"ListItem","position":3,"name":"Turtle Wax Hybrid Solutions Hyper Foam Wheel Cleaner &#038; Tire Prep"}]},{"@type":"WebSite","@id":"https:\/\/ksproducts.ca\/#website","url":"https:\/\/ksproducts.ca\/","name":"Produits Ks","description":"Cuisiner et vivre en plein air, c'est facile au Canada","publisher":{"@id":"https:\/\/ksproducts.ca\/#organization"},"potentialAction":[{"@type":"SearchAction","target":{"@type":"EntryPoint","urlTemplate":"https:\/\/ksproducts.ca\/?s={search_term_string}"},"query-input":{"@type":"PropertyValueSpecification","valueRequired":true,"valueName":"search_term_string"}}],"inLanguage":"fr-CA"},{"@type":"Organization","@id":"https:\/\/ksproducts.ca\/#organization","name":"Produits Ks","url":"https:\/\/ksproducts.ca\/","logo":{"@type":"ImageObject","inLanguage":"fr-CA","@id":"https:\/\/ksproducts.ca\/#\/schema\/logo\/image\/","url":"https:\/\/ksproducts.ca\/wp-content\/uploads\/2023\/09\/Kennedy-Sales-Logo-header-1.png","contentUrl":"https:\/\/ksproducts.ca\/wp-content\/uploads\/2023\/09\/Kennedy-Sales-Logo-header-1.png","width":150,"height":77,"caption":"Ks Products"},"image":{"@id":"https:\/\/ksproducts.ca\/#\/schema\/logo\/image\/"}}]}},"_links":{"self":[{"href":"https:\/\/ksproducts.ca\/fr\/wp-json\/wp\/v2\/product\/11710","targetHints":{"allow":["GET"]}}],"collection":[{"href":"https:\/\/ksproducts.ca\/fr\/wp-json\/wp\/v2\/product"}],"about":[{"href":"https:\/\/ksproducts.ca\/fr\/wp-json\/wp\/v2\/types\/product"}],"replies":[{"embeddable":true,"href":"https:\/\/ksproducts.ca\/fr\/wp-json\/wp\/v2\/comments?post=11710"}],"version-history":[{"count":1,"href":"https:\/\/ksproducts.ca\/fr\/wp-json\/wp\/v2\/product\/11710\/revisions"}],"predecessor-version":[{"id":11712,"href":"https:\/\/ksproducts.ca\/fr\/wp-json\/wp\/v2\/product\/11710\/revisions\/11712"}],"wp:featuredmedia":[{"embeddable":true,"href":"https:\/\/ksproducts.ca\/fr\/wp-json\/wp\/v2\/media\/11711"}],"wp:attachment":[{"href":"https:\/\/ksproducts.ca\/fr\/wp-json\/wp\/v2\/media?parent=11710"}],"wp:term":[{"taxonomy":"product_cat","embeddable":true,"href":"https:\/\/ksproducts.ca\/fr\/wp-json\/wp\/v2\/product_cat?post=11710"},{"taxonomy":"product_tag","embeddable":true,"href":"https:\/\/ksproducts.ca\/fr\/wp-json\/wp\/v2\/product_tag?post=11710"}],"curies":[{"name":"wp","href":"https:\/\/api.w.org\/{rel}","templated":true}]}}