{"id":11717,"date":"2026-03-05T18:39:00","date_gmt":"2026-03-05T18:39:00","guid":{"rendered":"https:\/\/ksproducts.ca\/?post_type=product&#038;p=11717"},"modified":"2026-03-16T16:46:00","modified_gmt":"2026-03-16T16:46:00","slug":"turtle-wax-hybrid-solutions-streak-free-glass-cleaner-mist-spray","status":"publish","type":"product","link":"https:\/\/ksproducts.ca\/fr\/product\/turtle-wax-hybrid-solutions-streak-free-glass-cleaner-mist-spray\/","title":{"rendered":"Turtle Wax Hybrid Solutions Spray nettoyant pour vitres sans traces"},"content":{"rendered":"<ul>\n<li data-start=\"214\" data-end=\"319\">\u00c9limine efficacement les taches d'eau, les huiles, la poussi\u00e8re, les empreintes digitales, les \u00e9claboussures d'insectes, les fientes d'oiseaux et le voile de fum\u00e9e.<\/li>\n<li data-start=\"322\" data-end=\"406\">Multi-usages : sans danger pour les fen\u00eatres, pare-brise, miroirs, \u00e9crans techniques, lunettes, etc.<\/li>\n<li data-start=\"409\" data-end=\"485\">La formule infus\u00e9e de c\u00e9ramique ajoute de la protection et garde les vitres propres plus longtemps.<\/li>\n<li data-start=\"488\" data-end=\"586\">Pulv\u00e9risation fine pour une application uniforme ; essuyer avec une serviette en microfibre s\u00e8che pour des r\u00e9sultats sans traces.<\/li>\n<\/ul>","protected":false},"excerpt":{"rendered":"<p>Nettoyant pour vitres infus\u00e9 de c\u00e9ramique qui \u00e9limine la salet\u00e9, les taches et les contaminants des fen\u00eatres, des \u00e9crans technologiques et d'autres surfaces vitr\u00e9es, tout en assurant une clart\u00e9 durable.<\/p>","protected":false},"featured_media":11718,"comment_status":"open","ping_status":"closed","template":"","meta":[],"product_cat":[430],"product_tag":[],"class_list":{"0":"post-11717","1":"product","2":"type-product","3":"status-publish","4":"has-post-thumbnail","6":"product_cat-automotive-gear","7":"product_shipping_class-class-1","9":"first","10":"instock","11":"taxable","12":"shipping-taxable","13":"purchasable","14":"product-type-simple"},"yoast_head":"<!-- This site is optimized with the Yoast SEO plugin v27.4 - https:\/\/yoast.com\/product\/yoast-seo-wordpress\/ -->\n<title>Turtle Wax Hybrid Solutions Streak-Free Glass Cleaner Mist Spray - Ks Products<\/title>\n<meta name=\"robots\" content=\"index, follow, max-snippet:-1, max-image-preview:large, max-video-preview:-1\" \/>\n<link rel=\"canonical\" href=\"https:\/\/ksproducts.ca\/fr\/product\/turtle-wax-hybrid-solutions-streak-free-glass-cleaner-mist-spray\/\" \/>\n<meta property=\"og:locale\" content=\"fr_CA\" \/>\n<meta property=\"og:type\" content=\"article\" \/>\n<meta property=\"og:title\" content=\"Turtle Wax Hybrid Solutions Streak-Free Glass Cleaner Mist Spray - Ks Products\" \/>\n<meta property=\"og:description\" content=\"Ceramic-infused glass cleaner that removes dirt, smudges, and contaminants from windows, tech screens, and other glass surfaces while providing long-lasting clarity.\" \/>\n<meta property=\"og:url\" content=\"https:\/\/ksproducts.ca\/fr\/product\/turtle-wax-hybrid-solutions-streak-free-glass-cleaner-mist-spray\/\" \/>\n<meta property=\"og:site_name\" content=\"Ks Products\" \/>\n<meta property=\"article:modified_time\" content=\"2026-03-16T16:46:00+00:00\" \/>\n<meta property=\"og:image\" content=\"https:\/\/ksproducts.ca\/wp-content\/uploads\/2026\/03\/53785.jpg\" \/>\n\t<meta property=\"og:image:width\" content=\"640\" \/>\n\t<meta property=\"og:image:height\" content=\"640\" \/>\n\t<meta property=\"og:image:type\" content=\"image\/jpeg\" \/>\n<meta name=\"twitter:card\" content=\"summary_large_image\" \/>\n<meta name=\"twitter:label1\" content=\"Estimation du temps de lecture\" \/>\n\t<meta name=\"twitter:data1\" content=\"1 minute\" \/>\n<script type=\"application\/ld+json\" class=\"yoast-schema-graph\">{\"@context\":\"https:\\\/\\\/schema.org\",\"@graph\":[{\"@type\":\"WebPage\",\"@id\":\"https:\\\/\\\/ksproducts.ca\\\/product\\\/turtle-wax-hybrid-solutions-streak-free-glass-cleaner-mist-spray\\\/\",\"url\":\"https:\\\/\\\/ksproducts.ca\\\/product\\\/turtle-wax-hybrid-solutions-streak-free-glass-cleaner-mist-spray\\\/\",\"name\":\"Turtle Wax Hybrid Solutions Streak-Free Glass Cleaner Mist Spray - Ks Products\",\"isPartOf\":{\"@id\":\"https:\\\/\\\/ksproducts.ca\\\/#website\"},\"primaryImageOfPage\":{\"@id\":\"https:\\\/\\\/ksproducts.ca\\\/product\\\/turtle-wax-hybrid-solutions-streak-free-glass-cleaner-mist-spray\\\/#primaryimage\"},\"image\":{\"@id\":\"https:\\\/\\\/ksproducts.ca\\\/product\\\/turtle-wax-hybrid-solutions-streak-free-glass-cleaner-mist-spray\\\/#primaryimage\"},\"thumbnailUrl\":\"https:\\\/\\\/ksproducts.ca\\\/wp-content\\\/uploads\\\/2026\\\/03\\\/53785.jpg\",\"datePublished\":\"2026-03-05T18:39:00+00:00\",\"dateModified\":\"2026-03-16T16:46:00+00:00\",\"breadcrumb\":{\"@id\":\"https:\\\/\\\/ksproducts.ca\\\/product\\\/turtle-wax-hybrid-solutions-streak-free-glass-cleaner-mist-spray\\\/#breadcrumb\"},\"inLanguage\":\"fr-CA\",\"potentialAction\":[{\"@type\":\"ReadAction\",\"target\":[\"https:\\\/\\\/ksproducts.ca\\\/product\\\/turtle-wax-hybrid-solutions-streak-free-glass-cleaner-mist-spray\\\/\"]}]},{\"@type\":\"ImageObject\",\"inLanguage\":\"fr-CA\",\"@id\":\"https:\\\/\\\/ksproducts.ca\\\/product\\\/turtle-wax-hybrid-solutions-streak-free-glass-cleaner-mist-spray\\\/#primaryimage\",\"url\":\"https:\\\/\\\/ksproducts.ca\\\/wp-content\\\/uploads\\\/2026\\\/03\\\/53785.jpg\",\"contentUrl\":\"https:\\\/\\\/ksproducts.ca\\\/wp-content\\\/uploads\\\/2026\\\/03\\\/53785.jpg\",\"width\":640,\"height\":640,\"caption\":\"Turtle Wax Hybrid Solutions Streak-Free Glass Cleaner Mist Spray\"},{\"@type\":\"BreadcrumbList\",\"@id\":\"https:\\\/\\\/ksproducts.ca\\\/product\\\/turtle-wax-hybrid-solutions-streak-free-glass-cleaner-mist-spray\\\/#breadcrumb\",\"itemListElement\":[{\"@type\":\"ListItem\",\"position\":1,\"name\":\"Home\",\"item\":\"https:\\\/\\\/ksproducts.ca\\\/\"},{\"@type\":\"ListItem\",\"position\":2,\"name\":\"Shop\",\"item\":\"https:\\\/\\\/ksproducts.ca\\\/shop\\\/\"},{\"@type\":\"ListItem\",\"position\":3,\"name\":\"Turtle Wax Hybrid Solutions Streak-Free Glass Cleaner Mist Spray\"}]},{\"@type\":\"WebSite\",\"@id\":\"https:\\\/\\\/ksproducts.ca\\\/#website\",\"url\":\"https:\\\/\\\/ksproducts.ca\\\/\",\"name\":\"Ks Products\",\"description\":\"Outdoor cooking and living, made easy in Canada\",\"publisher\":{\"@id\":\"https:\\\/\\\/ksproducts.ca\\\/#organization\"},\"potentialAction\":[{\"@type\":\"SearchAction\",\"target\":{\"@type\":\"EntryPoint\",\"urlTemplate\":\"https:\\\/\\\/ksproducts.ca\\\/?s={search_term_string}\"},\"query-input\":{\"@type\":\"PropertyValueSpecification\",\"valueRequired\":true,\"valueName\":\"search_term_string\"}}],\"inLanguage\":\"fr-CA\"},{\"@type\":\"Organization\",\"@id\":\"https:\\\/\\\/ksproducts.ca\\\/#organization\",\"name\":\"Ks Products\",\"url\":\"https:\\\/\\\/ksproducts.ca\\\/\",\"logo\":{\"@type\":\"ImageObject\",\"inLanguage\":\"fr-CA\",\"@id\":\"https:\\\/\\\/ksproducts.ca\\\/#\\\/schema\\\/logo\\\/image\\\/\",\"url\":\"https:\\\/\\\/ksproducts.ca\\\/wp-content\\\/uploads\\\/2023\\\/09\\\/Kennedy-Sales-Logo-header-1.png\",\"contentUrl\":\"https:\\\/\\\/ksproducts.ca\\\/wp-content\\\/uploads\\\/2023\\\/09\\\/Kennedy-Sales-Logo-header-1.png\",\"width\":150,\"height\":77,\"caption\":\"Ks Products\"},\"image\":{\"@id\":\"https:\\\/\\\/ksproducts.ca\\\/#\\\/schema\\\/logo\\\/image\\\/\"}}]}<\/script>\n<!-- \/ Yoast SEO plugin. -->","yoast_head_json":{"title":"Turtle Wax Hybrid Solutions Spray nettoyant pour vitres sans traces - Ks Products","robots":{"index":"index","follow":"follow","max-snippet":"max-snippet:-1","max-image-preview":"max-image-preview:large","max-video-preview":"max-video-preview:-1"},"canonical":"https:\/\/ksproducts.ca\/fr\/product\/turtle-wax-hybrid-solutions-streak-free-glass-cleaner-mist-spray\/","og_locale":"fr_CA","og_type":"article","og_title":"Turtle Wax Hybrid Solutions Streak-Free Glass Cleaner Mist Spray - Ks Products","og_description":"Ceramic-infused glass cleaner that removes dirt, smudges, and contaminants from windows, tech screens, and other glass surfaces while providing long-lasting clarity.","og_url":"https:\/\/ksproducts.ca\/fr\/product\/turtle-wax-hybrid-solutions-streak-free-glass-cleaner-mist-spray\/","og_site_name":"Ks Products","article_modified_time":"2026-03-16T16:46:00+00:00","og_image":[{"width":640,"height":640,"url":"https:\/\/ksproducts.ca\/wp-content\/uploads\/2026\/03\/53785.jpg","type":"image\/jpeg"}],"twitter_card":"summary_large_image","twitter_misc":{"Estimation du temps de lecture":"1 minute"},"schema":{"@context":"https:\/\/schema.org","@graph":[{"@type":"WebPage","@id":"https:\/\/ksproducts.ca\/product\/turtle-wax-hybrid-solutions-streak-free-glass-cleaner-mist-spray\/","url":"https:\/\/ksproducts.ca\/product\/turtle-wax-hybrid-solutions-streak-free-glass-cleaner-mist-spray\/","name":"Turtle Wax Hybrid Solutions Spray nettoyant pour vitres sans traces - Ks Products","isPartOf":{"@id":"https:\/\/ksproducts.ca\/#website"},"primaryImageOfPage":{"@id":"https:\/\/ksproducts.ca\/product\/turtle-wax-hybrid-solutions-streak-free-glass-cleaner-mist-spray\/#primaryimage"},"image":{"@id":"https:\/\/ksproducts.ca\/product\/turtle-wax-hybrid-solutions-streak-free-glass-cleaner-mist-spray\/#primaryimage"},"thumbnailUrl":"https:\/\/ksproducts.ca\/wp-content\/uploads\/2026\/03\/53785.jpg","datePublished":"2026-03-05T18:39:00+00:00","dateModified":"2026-03-16T16:46:00+00:00","breadcrumb":{"@id":"https:\/\/ksproducts.ca\/product\/turtle-wax-hybrid-solutions-streak-free-glass-cleaner-mist-spray\/#breadcrumb"},"inLanguage":"fr-CA","potentialAction":[{"@type":"ReadAction","target":["https:\/\/ksproducts.ca\/product\/turtle-wax-hybrid-solutions-streak-free-glass-cleaner-mist-spray\/"]}]},{"@type":"ImageObject","inLanguage":"fr-CA","@id":"https:\/\/ksproducts.ca\/product\/turtle-wax-hybrid-solutions-streak-free-glass-cleaner-mist-spray\/#primaryimage","url":"https:\/\/ksproducts.ca\/wp-content\/uploads\/2026\/03\/53785.jpg","contentUrl":"https:\/\/ksproducts.ca\/wp-content\/uploads\/2026\/03\/53785.jpg","width":640,"height":640,"caption":"Turtle Wax Hybrid Solutions Streak-Free Glass Cleaner Mist Spray"},{"@type":"BreadcrumbList","@id":"https:\/\/ksproducts.ca\/product\/turtle-wax-hybrid-solutions-streak-free-glass-cleaner-mist-spray\/#breadcrumb","itemListElement":[{"@type":"ListItem","position":1,"name":"Home","item":"https:\/\/ksproducts.ca\/"},{"@type":"ListItem","position":2,"name":"Shop","item":"https:\/\/ksproducts.ca\/shop\/"},{"@type":"ListItem","position":3,"name":"Turtle Wax Hybrid Solutions Streak-Free Glass Cleaner Mist Spray"}]},{"@type":"WebSite","@id":"https:\/\/ksproducts.ca\/#website","url":"https:\/\/ksproducts.ca\/","name":"Produits Ks","description":"Cuisiner et vivre en plein air, c'est facile au Canada","publisher":{"@id":"https:\/\/ksproducts.ca\/#organization"},"potentialAction":[{"@type":"SearchAction","target":{"@type":"EntryPoint","urlTemplate":"https:\/\/ksproducts.ca\/?s={search_term_string}"},"query-input":{"@type":"PropertyValueSpecification","valueRequired":true,"valueName":"search_term_string"}}],"inLanguage":"fr-CA"},{"@type":"Organization","@id":"https:\/\/ksproducts.ca\/#organization","name":"Produits Ks","url":"https:\/\/ksproducts.ca\/","logo":{"@type":"ImageObject","inLanguage":"fr-CA","@id":"https:\/\/ksproducts.ca\/#\/schema\/logo\/image\/","url":"https:\/\/ksproducts.ca\/wp-content\/uploads\/2023\/09\/Kennedy-Sales-Logo-header-1.png","contentUrl":"https:\/\/ksproducts.ca\/wp-content\/uploads\/2023\/09\/Kennedy-Sales-Logo-header-1.png","width":150,"height":77,"caption":"Ks Products"},"image":{"@id":"https:\/\/ksproducts.ca\/#\/schema\/logo\/image\/"}}]}},"_links":{"self":[{"href":"https:\/\/ksproducts.ca\/fr\/wp-json\/wp\/v2\/product\/11717","targetHints":{"allow":["GET"]}}],"collection":[{"href":"https:\/\/ksproducts.ca\/fr\/wp-json\/wp\/v2\/product"}],"about":[{"href":"https:\/\/ksproducts.ca\/fr\/wp-json\/wp\/v2\/types\/product"}],"replies":[{"embeddable":true,"href":"https:\/\/ksproducts.ca\/fr\/wp-json\/wp\/v2\/comments?post=11717"}],"version-history":[{"count":2,"href":"https:\/\/ksproducts.ca\/fr\/wp-json\/wp\/v2\/product\/11717\/revisions"}],"predecessor-version":[{"id":12706,"href":"https:\/\/ksproducts.ca\/fr\/wp-json\/wp\/v2\/product\/11717\/revisions\/12706"}],"wp:featuredmedia":[{"embeddable":true,"href":"https:\/\/ksproducts.ca\/fr\/wp-json\/wp\/v2\/media\/11718"}],"wp:attachment":[{"href":"https:\/\/ksproducts.ca\/fr\/wp-json\/wp\/v2\/media?parent=11717"}],"wp:term":[{"taxonomy":"product_cat","embeddable":true,"href":"https:\/\/ksproducts.ca\/fr\/wp-json\/wp\/v2\/product_cat?post=11717"},{"taxonomy":"product_tag","embeddable":true,"href":"https:\/\/ksproducts.ca\/fr\/wp-json\/wp\/v2\/product_tag?post=11717"}],"curies":[{"name":"wp","href":"https:\/\/api.w.org\/{rel}","templated":true}]}}