{"id":11720,"date":"2026-03-05T19:10:48","date_gmt":"2026-03-05T19:10:48","guid":{"rendered":"https:\/\/ksproducts.ca\/?post_type=product&#038;p=11720"},"modified":"2026-04-11T11:33:20","modified_gmt":"2026-04-11T11:33:20","slug":"cire-en-pate-ceramique-graphene-hybrid-solutions-turtle-wax","status":"publish","type":"product","link":"https:\/\/ksproducts.ca\/fr\/product\/turtle-wax-hybrid-solutions-ceramic-graphene-paste-wax\/","title":{"rendered":"Turtle Wax Hybrid Solutions Ceramic &amp; Graphene Paste Wax"},"content":{"rendered":"<ul>\n<li data-start=\"234\" data-end=\"337\">M\u00e9lange unique de 10 cires avec SiO\u2082 et graph\u00e8ne pour une profondeur de couleur, une brillance et une hydrophobicit\u00e9 sup\u00e9rieures<\/li>\n<li data-start=\"340\" data-end=\"439\">L'infusion de graph\u00e8ne cr\u00e9e un R\u00c9SEAU DE PROTECTION PLUS COMPACT\u2122 pour pr\u00e9venir les taches et la d\u00e9faillance du vernis de protection.<\/li>\n<li data-start=\"442\" data-end=\"549\">Formule super-hydrophobe qui repousse l'eau et les contaminants, tout en dissipant la chaleur pour une protection UV am\u00e9lior\u00e9e<\/li>\n<li data-start=\"552\" data-end=\"658\">Offre un fini lisse et brillant, facile d'entretien, avec une r\u00e9sistance chimique et une protection durable.<\/li>\n<\/ul>","protected":false},"excerpt":{"rendered":"<p>La cire en p\u00e2te Hybrid Solutions Ceramic + Graphene combine 10 cires de qualit\u00e9 sup\u00e9rieure avec de la c\u00e9ramique (SiO\u2082) et du graph\u00e8ne pour une brillance intense, un aspect lisse, une durabilit\u00e9 et une protection contre les UV sur les surfaces des v\u00e9hicules.<\/p>","protected":false},"featured_media":11721,"comment_status":"open","ping_status":"closed","template":"","meta":[],"product_cat":[430],"product_tag":[],"class_list":{"0":"post-11720","1":"product","2":"type-product","3":"status-publish","4":"has-post-thumbnail","6":"product_cat-automotive-gear","8":"first","9":"instock","10":"taxable","11":"shipping-taxable","12":"purchasable","13":"product-type-simple"},"yoast_head":"<!-- This site is optimized with the Yoast SEO plugin v27.3 - https:\/\/yoast.com\/product\/yoast-seo-wordpress\/ -->\n<title>Turtle Wax Hybrid Solutions Ceramic &amp; Graphene Paste Wax - Ks Products<\/title>\n<meta name=\"robots\" content=\"index, follow, max-snippet:-1, max-image-preview:large, max-video-preview:-1\" \/>\n<link rel=\"canonical\" href=\"https:\/\/ksproducts.ca\/fr\/product\/cire-en-pate-ceramique-graphene-hybrid-solutions-turtle-wax\/\" \/>\n<meta property=\"og:locale\" content=\"fr_CA\" \/>\n<meta property=\"og:type\" content=\"article\" \/>\n<meta property=\"og:title\" content=\"Turtle Wax Hybrid Solutions Ceramic &amp; Graphene Paste Wax - Ks Products\" \/>\n<meta property=\"og:description\" content=\"Hybrid Solutions Ceramic + Graphene Paste Wax combines 10 premium waxes with ceramic (SiO\u2082) and graphene for intense gloss, slickness, durability, and UV protection on vehicle surfaces.\" \/>\n<meta property=\"og:url\" content=\"https:\/\/ksproducts.ca\/fr\/product\/cire-en-pate-ceramique-graphene-hybrid-solutions-turtle-wax\/\" \/>\n<meta property=\"og:site_name\" content=\"Ks Products\" \/>\n<meta property=\"article:modified_time\" content=\"2026-04-11T11:33:20+00:00\" \/>\n<meta property=\"og:image\" content=\"https:\/\/ksproducts.ca\/wp-content\/uploads\/2026\/03\/Turtle-Wax-Hybrid-Solutions-Ceramic-Graphene-Paste-Wax.webp\" \/>\n\t<meta property=\"og:image:width\" content=\"800\" \/>\n\t<meta property=\"og:image:height\" content=\"800\" \/>\n\t<meta property=\"og:image:type\" content=\"image\/webp\" \/>\n<meta name=\"twitter:card\" content=\"summary_large_image\" \/>\n<meta name=\"twitter:label1\" content=\"Estimation du temps de lecture\" \/>\n\t<meta name=\"twitter:data1\" content=\"1 minute\" \/>\n<script type=\"application\/ld+json\" class=\"yoast-schema-graph\">{\"@context\":\"https:\\\/\\\/schema.org\",\"@graph\":[{\"@type\":\"WebPage\",\"@id\":\"https:\\\/\\\/ksproducts.ca\\\/product\\\/turtle-wax-hybrid-solutions-ceramic-graphene-paste-wax\\\/\",\"url\":\"https:\\\/\\\/ksproducts.ca\\\/product\\\/turtle-wax-hybrid-solutions-ceramic-graphene-paste-wax\\\/\",\"name\":\"Turtle Wax Hybrid Solutions Ceramic & Graphene Paste Wax - Ks Products\",\"isPartOf\":{\"@id\":\"https:\\\/\\\/ksproducts.ca\\\/#website\"},\"primaryImageOfPage\":{\"@id\":\"https:\\\/\\\/ksproducts.ca\\\/product\\\/turtle-wax-hybrid-solutions-ceramic-graphene-paste-wax\\\/#primaryimage\"},\"image\":{\"@id\":\"https:\\\/\\\/ksproducts.ca\\\/product\\\/turtle-wax-hybrid-solutions-ceramic-graphene-paste-wax\\\/#primaryimage\"},\"thumbnailUrl\":\"https:\\\/\\\/ksproducts.ca\\\/wp-content\\\/uploads\\\/2026\\\/03\\\/Turtle-Wax-Hybrid-Solutions-Ceramic-Graphene-Paste-Wax.webp\",\"datePublished\":\"2026-03-05T19:10:48+00:00\",\"dateModified\":\"2026-04-11T11:33:20+00:00\",\"breadcrumb\":{\"@id\":\"https:\\\/\\\/ksproducts.ca\\\/product\\\/turtle-wax-hybrid-solutions-ceramic-graphene-paste-wax\\\/#breadcrumb\"},\"inLanguage\":\"fr-CA\",\"potentialAction\":[{\"@type\":\"ReadAction\",\"target\":[\"https:\\\/\\\/ksproducts.ca\\\/product\\\/turtle-wax-hybrid-solutions-ceramic-graphene-paste-wax\\\/\"]}]},{\"@type\":\"ImageObject\",\"inLanguage\":\"fr-CA\",\"@id\":\"https:\\\/\\\/ksproducts.ca\\\/product\\\/turtle-wax-hybrid-solutions-ceramic-graphene-paste-wax\\\/#primaryimage\",\"url\":\"https:\\\/\\\/ksproducts.ca\\\/wp-content\\\/uploads\\\/2026\\\/03\\\/Turtle-Wax-Hybrid-Solutions-Ceramic-Graphene-Paste-Wax.webp\",\"contentUrl\":\"https:\\\/\\\/ksproducts.ca\\\/wp-content\\\/uploads\\\/2026\\\/03\\\/Turtle-Wax-Hybrid-Solutions-Ceramic-Graphene-Paste-Wax.webp\",\"width\":800,\"height\":800,\"caption\":\"Turtle Wax Hybrid Solutions Ceramic & Graphene Paste Wax\"},{\"@type\":\"BreadcrumbList\",\"@id\":\"https:\\\/\\\/ksproducts.ca\\\/product\\\/turtle-wax-hybrid-solutions-ceramic-graphene-paste-wax\\\/#breadcrumb\",\"itemListElement\":[{\"@type\":\"ListItem\",\"position\":1,\"name\":\"Home\",\"item\":\"https:\\\/\\\/ksproducts.ca\\\/\"},{\"@type\":\"ListItem\",\"position\":2,\"name\":\"Shop\",\"item\":\"https:\\\/\\\/ksproducts.ca\\\/shop\\\/\"},{\"@type\":\"ListItem\",\"position\":3,\"name\":\"Turtle Wax Hybrid Solutions Ceramic &#038; Graphene Paste Wax\"}]},{\"@type\":\"WebSite\",\"@id\":\"https:\\\/\\\/ksproducts.ca\\\/#website\",\"url\":\"https:\\\/\\\/ksproducts.ca\\\/\",\"name\":\"Ks Products\",\"description\":\"Outdoor cooking and living, made easy in Canada\",\"publisher\":{\"@id\":\"https:\\\/\\\/ksproducts.ca\\\/#organization\"},\"potentialAction\":[{\"@type\":\"SearchAction\",\"target\":{\"@type\":\"EntryPoint\",\"urlTemplate\":\"https:\\\/\\\/ksproducts.ca\\\/?s={search_term_string}\"},\"query-input\":{\"@type\":\"PropertyValueSpecification\",\"valueRequired\":true,\"valueName\":\"search_term_string\"}}],\"inLanguage\":\"fr-CA\"},{\"@type\":\"Organization\",\"@id\":\"https:\\\/\\\/ksproducts.ca\\\/#organization\",\"name\":\"Ks Products\",\"url\":\"https:\\\/\\\/ksproducts.ca\\\/\",\"logo\":{\"@type\":\"ImageObject\",\"inLanguage\":\"fr-CA\",\"@id\":\"https:\\\/\\\/ksproducts.ca\\\/#\\\/schema\\\/logo\\\/image\\\/\",\"url\":\"https:\\\/\\\/ksproducts.ca\\\/wp-content\\\/uploads\\\/2023\\\/09\\\/Kennedy-Sales-Logo-header-1.png\",\"contentUrl\":\"https:\\\/\\\/ksproducts.ca\\\/wp-content\\\/uploads\\\/2023\\\/09\\\/Kennedy-Sales-Logo-header-1.png\",\"width\":150,\"height\":77,\"caption\":\"Ks Products\"},\"image\":{\"@id\":\"https:\\\/\\\/ksproducts.ca\\\/#\\\/schema\\\/logo\\\/image\\\/\"}}]}<\/script>\n<!-- \/ Yoast SEO plugin. -->","yoast_head_json":{"title":"Turtle Wax Hybrid Solutions Cire en P\u00e2te C\u00e9ramique et Graph\u00e8ne - Ks Products","robots":{"index":"index","follow":"follow","max-snippet":"max-snippet:-1","max-image-preview":"max-image-preview:large","max-video-preview":"max-video-preview:-1"},"canonical":"https:\/\/ksproducts.ca\/fr\/product\/cire-en-pate-ceramique-graphene-hybrid-solutions-turtle-wax\/","og_locale":"fr_CA","og_type":"article","og_title":"Turtle Wax Hybrid Solutions Ceramic & Graphene Paste Wax - Ks Products","og_description":"Hybrid Solutions Ceramic + Graphene Paste Wax combines 10 premium waxes with ceramic (SiO\u2082) and graphene for intense gloss, slickness, durability, and UV protection on vehicle surfaces.","og_url":"https:\/\/ksproducts.ca\/fr\/product\/cire-en-pate-ceramique-graphene-hybrid-solutions-turtle-wax\/","og_site_name":"Ks Products","article_modified_time":"2026-04-11T11:33:20+00:00","og_image":[{"width":800,"height":800,"url":"https:\/\/ksproducts.ca\/wp-content\/uploads\/2026\/03\/Turtle-Wax-Hybrid-Solutions-Ceramic-Graphene-Paste-Wax.webp","type":"image\/webp"}],"twitter_card":"summary_large_image","twitter_misc":{"Estimation du temps de lecture":"1 minute"},"schema":{"@context":"https:\/\/schema.org","@graph":[{"@type":"WebPage","@id":"https:\/\/ksproducts.ca\/product\/turtle-wax-hybrid-solutions-ceramic-graphene-paste-wax\/","url":"https:\/\/ksproducts.ca\/product\/turtle-wax-hybrid-solutions-ceramic-graphene-paste-wax\/","name":"Turtle Wax Hybrid Solutions Cire en P\u00e2te C\u00e9ramique et Graph\u00e8ne - Ks Products","isPartOf":{"@id":"https:\/\/ksproducts.ca\/#website"},"primaryImageOfPage":{"@id":"https:\/\/ksproducts.ca\/product\/turtle-wax-hybrid-solutions-ceramic-graphene-paste-wax\/#primaryimage"},"image":{"@id":"https:\/\/ksproducts.ca\/product\/turtle-wax-hybrid-solutions-ceramic-graphene-paste-wax\/#primaryimage"},"thumbnailUrl":"https:\/\/ksproducts.ca\/wp-content\/uploads\/2026\/03\/Turtle-Wax-Hybrid-Solutions-Ceramic-Graphene-Paste-Wax.webp","datePublished":"2026-03-05T19:10:48+00:00","dateModified":"2026-04-11T11:33:20+00:00","breadcrumb":{"@id":"https:\/\/ksproducts.ca\/product\/turtle-wax-hybrid-solutions-ceramic-graphene-paste-wax\/#breadcrumb"},"inLanguage":"fr-CA","potentialAction":[{"@type":"ReadAction","target":["https:\/\/ksproducts.ca\/product\/turtle-wax-hybrid-solutions-ceramic-graphene-paste-wax\/"]}]},{"@type":"ImageObject","inLanguage":"fr-CA","@id":"https:\/\/ksproducts.ca\/product\/turtle-wax-hybrid-solutions-ceramic-graphene-paste-wax\/#primaryimage","url":"https:\/\/ksproducts.ca\/wp-content\/uploads\/2026\/03\/Turtle-Wax-Hybrid-Solutions-Ceramic-Graphene-Paste-Wax.webp","contentUrl":"https:\/\/ksproducts.ca\/wp-content\/uploads\/2026\/03\/Turtle-Wax-Hybrid-Solutions-Ceramic-Graphene-Paste-Wax.webp","width":800,"height":800,"caption":"Turtle Wax Hybrid Solutions Ceramic & Graphene Paste Wax"},{"@type":"BreadcrumbList","@id":"https:\/\/ksproducts.ca\/product\/turtle-wax-hybrid-solutions-ceramic-graphene-paste-wax\/#breadcrumb","itemListElement":[{"@type":"ListItem","position":1,"name":"Home","item":"https:\/\/ksproducts.ca\/"},{"@type":"ListItem","position":2,"name":"Shop","item":"https:\/\/ksproducts.ca\/shop\/"},{"@type":"ListItem","position":3,"name":"Turtle Wax Hybrid Solutions Ceramic &#038; Graphene Paste Wax"}]},{"@type":"WebSite","@id":"https:\/\/ksproducts.ca\/#website","url":"https:\/\/ksproducts.ca\/","name":"Produits Ks","description":"Cuisiner et vivre en plein air, c'est facile au Canada","publisher":{"@id":"https:\/\/ksproducts.ca\/#organization"},"potentialAction":[{"@type":"SearchAction","target":{"@type":"EntryPoint","urlTemplate":"https:\/\/ksproducts.ca\/?s={search_term_string}"},"query-input":{"@type":"PropertyValueSpecification","valueRequired":true,"valueName":"search_term_string"}}],"inLanguage":"fr-CA"},{"@type":"Organization","@id":"https:\/\/ksproducts.ca\/#organization","name":"Produits Ks","url":"https:\/\/ksproducts.ca\/","logo":{"@type":"ImageObject","inLanguage":"fr-CA","@id":"https:\/\/ksproducts.ca\/#\/schema\/logo\/image\/","url":"https:\/\/ksproducts.ca\/wp-content\/uploads\/2023\/09\/Kennedy-Sales-Logo-header-1.png","contentUrl":"https:\/\/ksproducts.ca\/wp-content\/uploads\/2023\/09\/Kennedy-Sales-Logo-header-1.png","width":150,"height":77,"caption":"Ks Products"},"image":{"@id":"https:\/\/ksproducts.ca\/#\/schema\/logo\/image\/"}}]}},"_links":{"self":[{"href":"https:\/\/ksproducts.ca\/fr\/wp-json\/wp\/v2\/product\/11720","targetHints":{"allow":["GET"]}}],"collection":[{"href":"https:\/\/ksproducts.ca\/fr\/wp-json\/wp\/v2\/product"}],"about":[{"href":"https:\/\/ksproducts.ca\/fr\/wp-json\/wp\/v2\/types\/product"}],"replies":[{"embeddable":true,"href":"https:\/\/ksproducts.ca\/fr\/wp-json\/wp\/v2\/comments?post=11720"}],"version-history":[{"count":2,"href":"https:\/\/ksproducts.ca\/fr\/wp-json\/wp\/v2\/product\/11720\/revisions"}],"predecessor-version":[{"id":12707,"href":"https:\/\/ksproducts.ca\/fr\/wp-json\/wp\/v2\/product\/11720\/revisions\/12707"}],"wp:featuredmedia":[{"embeddable":true,"href":"https:\/\/ksproducts.ca\/fr\/wp-json\/wp\/v2\/media\/11721"}],"wp:attachment":[{"href":"https:\/\/ksproducts.ca\/fr\/wp-json\/wp\/v2\/media?parent=11720"}],"wp:term":[{"taxonomy":"product_cat","embeddable":true,"href":"https:\/\/ksproducts.ca\/fr\/wp-json\/wp\/v2\/product_cat?post=11720"},{"taxonomy":"product_tag","embeddable":true,"href":"https:\/\/ksproducts.ca\/fr\/wp-json\/wp\/v2\/product_tag?post=11720"}],"curies":[{"name":"wp","href":"https:\/\/api.w.org\/{rel}","templated":true}]}}