{"id":11723,"date":"2026-03-05T19:14:08","date_gmt":"2026-03-05T19:14:08","guid":{"rendered":"https:\/\/ksproducts.ca\/?post_type=product&#038;p=11723"},"modified":"2026-03-05T19:14:08","modified_gmt":"2026-03-05T19:14:08","slug":"nettoyant-interieur-ceramique-graphene-hybrid-solutions-turtle-wax","status":"publish","type":"product","link":"https:\/\/ksproducts.ca\/fr\/product\/turtle-wax-hybrid-solutions-ceramic-graphene-inside-job-spray-cleaner\/","title":{"rendered":"Turtle Wax Hybrid Solutions Ceramic &amp; Graphene Inside Job Spray Cleaner"},"content":{"rendered":"<ul>\n<li data-start=\"216\" data-end=\"298\">\n<p data-start=\"218\" data-end=\"298\">Nettoie et \u00e9limine la salet\u00e9, la poussi\u00e8re, la graisse et autres r\u00e9sidus gr\u00e2ce \u00e0 des enzymes naturelles<\/p>\n<\/li>\n<li data-start=\"299\" data-end=\"390\">\n<p data-start=\"301\" data-end=\"390\">D\u00e9sodorise et pi\u00e8ge les odeurs, laissant un parfum frais et durable et emp\u00eachant les nouvelles odeurs<\/p>\n<\/li>\n<li data-start=\"391\" data-end=\"488\">\n<p data-start=\"393\" data-end=\"488\">C\u00e9ramique + graph\u00e8ne r\u00e9duit l'attraction de la poussi\u00e8re, prot\u00e8ge les surfaces et maintient la clart\u00e9.<\/p>\n<\/li>\n<li data-start=\"489\" data-end=\"583\">\n<p data-start=\"491\" data-end=\"583\">Formule au pH \u00e9quilibr\u00e9 avec des huiles nourrissantes et de l'aloe vera pour un \u00e9clat lisse et non gras.<\/p>\n<\/li>\n<li data-start=\"584\" data-end=\"683\" data-is-last-node=\"\">\n<p data-start=\"586\" data-end=\"683\" data-is-last-node=\"\">Application facile : vaporisez sur une serviette en microfibre ou sur la surface, nettoyez en essuyant et lustrez pour de meilleurs r\u00e9sultats<\/p>\n<\/li>\n<\/ul>","protected":false},"excerpt":{"rendered":"<p>Nettoyant tout-en-un pour l'int\u00e9rieur des voitures qui nettoie, conditionne, d\u00e9sodorise et prot\u00e8ge les surfaces en cuir, vinyle, plastique et caoutchouc tout en am\u00e9liorant la clart\u00e9 et la protection contre les UV.<\/p>","protected":false},"featured_media":11724,"comment_status":"open","ping_status":"closed","template":"","meta":[],"product_cat":[430],"product_tag":[],"class_list":{"0":"post-11723","1":"product","2":"type-product","3":"status-publish","4":"has-post-thumbnail","6":"product_cat-automotive-gear","7":"product_shipping_class-class-1","9":"first","10":"instock","11":"taxable","12":"shipping-taxable","13":"purchasable","14":"product-type-simple"},"yoast_head":"<!-- This site is optimized with the Yoast SEO plugin v27.4 - https:\/\/yoast.com\/product\/yoast-seo-wordpress\/ -->\n<title>Turtle Wax Hybrid Solutions Ceramic &amp; Graphene Inside Job Spray Cleaner - Ks Products<\/title>\n<meta name=\"robots\" content=\"index, follow, max-snippet:-1, max-image-preview:large, max-video-preview:-1\" \/>\n<link rel=\"canonical\" href=\"https:\/\/ksproducts.ca\/fr\/product\/nettoyant-interieur-ceramique-graphene-hybrid-solutions-turtle-wax\/\" \/>\n<meta property=\"og:locale\" content=\"fr_CA\" \/>\n<meta property=\"og:type\" content=\"article\" \/>\n<meta property=\"og:title\" content=\"Turtle Wax Hybrid Solutions Ceramic &amp; Graphene Inside Job Spray Cleaner - Ks Products\" \/>\n<meta property=\"og:description\" content=\"All-in-one car interior cleaner that cleans, conditions, deodorizes, and protects leather, vinyl, plastic, and rubber surfaces while enhancing clarity and UV protection\" \/>\n<meta property=\"og:url\" content=\"https:\/\/ksproducts.ca\/fr\/product\/nettoyant-interieur-ceramique-graphene-hybrid-solutions-turtle-wax\/\" \/>\n<meta property=\"og:site_name\" content=\"Ks Products\" \/>\n<meta property=\"og:image\" content=\"https:\/\/ksproducts.ca\/wp-content\/uploads\/2026\/03\/Turtle-Wax-Hybrid-Solutions-Ceramic-Graphene-Inside-Job-Spray-Cleaner.jpg\" \/>\n\t<meta property=\"og:image:width\" content=\"322\" \/>\n\t<meta property=\"og:image:height\" content=\"800\" \/>\n\t<meta property=\"og:image:type\" content=\"image\/jpeg\" \/>\n<meta name=\"twitter:card\" content=\"summary_large_image\" \/>\n<meta name=\"twitter:label1\" content=\"Estimation du temps de lecture\" \/>\n\t<meta name=\"twitter:data1\" content=\"1 minute\" \/>\n<script type=\"application\/ld+json\" class=\"yoast-schema-graph\">{\"@context\":\"https:\\\/\\\/schema.org\",\"@graph\":[{\"@type\":\"WebPage\",\"@id\":\"https:\\\/\\\/ksproducts.ca\\\/product\\\/turtle-wax-hybrid-solutions-ceramic-graphene-inside-job-spray-cleaner\\\/\",\"url\":\"https:\\\/\\\/ksproducts.ca\\\/product\\\/turtle-wax-hybrid-solutions-ceramic-graphene-inside-job-spray-cleaner\\\/\",\"name\":\"Turtle Wax Hybrid Solutions Ceramic & Graphene Inside Job Spray Cleaner - Ks Products\",\"isPartOf\":{\"@id\":\"https:\\\/\\\/ksproducts.ca\\\/#website\"},\"primaryImageOfPage\":{\"@id\":\"https:\\\/\\\/ksproducts.ca\\\/product\\\/turtle-wax-hybrid-solutions-ceramic-graphene-inside-job-spray-cleaner\\\/#primaryimage\"},\"image\":{\"@id\":\"https:\\\/\\\/ksproducts.ca\\\/product\\\/turtle-wax-hybrid-solutions-ceramic-graphene-inside-job-spray-cleaner\\\/#primaryimage\"},\"thumbnailUrl\":\"https:\\\/\\\/ksproducts.ca\\\/wp-content\\\/uploads\\\/2026\\\/03\\\/Turtle-Wax-Hybrid-Solutions-Ceramic-Graphene-Inside-Job-Spray-Cleaner.jpg\",\"datePublished\":\"2026-03-05T19:14:08+00:00\",\"breadcrumb\":{\"@id\":\"https:\\\/\\\/ksproducts.ca\\\/product\\\/turtle-wax-hybrid-solutions-ceramic-graphene-inside-job-spray-cleaner\\\/#breadcrumb\"},\"inLanguage\":\"fr-CA\",\"potentialAction\":[{\"@type\":\"ReadAction\",\"target\":[\"https:\\\/\\\/ksproducts.ca\\\/product\\\/turtle-wax-hybrid-solutions-ceramic-graphene-inside-job-spray-cleaner\\\/\"]}]},{\"@type\":\"ImageObject\",\"inLanguage\":\"fr-CA\",\"@id\":\"https:\\\/\\\/ksproducts.ca\\\/product\\\/turtle-wax-hybrid-solutions-ceramic-graphene-inside-job-spray-cleaner\\\/#primaryimage\",\"url\":\"https:\\\/\\\/ksproducts.ca\\\/wp-content\\\/uploads\\\/2026\\\/03\\\/Turtle-Wax-Hybrid-Solutions-Ceramic-Graphene-Inside-Job-Spray-Cleaner.jpg\",\"contentUrl\":\"https:\\\/\\\/ksproducts.ca\\\/wp-content\\\/uploads\\\/2026\\\/03\\\/Turtle-Wax-Hybrid-Solutions-Ceramic-Graphene-Inside-Job-Spray-Cleaner.jpg\",\"width\":322,\"height\":800,\"caption\":\"Turtle Wax Hybrid Solutions Ceramic & Graphene Inside Job Spray Cleaner\"},{\"@type\":\"BreadcrumbList\",\"@id\":\"https:\\\/\\\/ksproducts.ca\\\/product\\\/turtle-wax-hybrid-solutions-ceramic-graphene-inside-job-spray-cleaner\\\/#breadcrumb\",\"itemListElement\":[{\"@type\":\"ListItem\",\"position\":1,\"name\":\"Home\",\"item\":\"https:\\\/\\\/ksproducts.ca\\\/\"},{\"@type\":\"ListItem\",\"position\":2,\"name\":\"Shop\",\"item\":\"https:\\\/\\\/ksproducts.ca\\\/shop\\\/\"},{\"@type\":\"ListItem\",\"position\":3,\"name\":\"Turtle Wax Hybrid Solutions Ceramic &#038; Graphene Inside Job Spray Cleaner\"}]},{\"@type\":\"WebSite\",\"@id\":\"https:\\\/\\\/ksproducts.ca\\\/#website\",\"url\":\"https:\\\/\\\/ksproducts.ca\\\/\",\"name\":\"Ks Products\",\"description\":\"Outdoor cooking and living, made easy in Canada\",\"publisher\":{\"@id\":\"https:\\\/\\\/ksproducts.ca\\\/#organization\"},\"potentialAction\":[{\"@type\":\"SearchAction\",\"target\":{\"@type\":\"EntryPoint\",\"urlTemplate\":\"https:\\\/\\\/ksproducts.ca\\\/?s={search_term_string}\"},\"query-input\":{\"@type\":\"PropertyValueSpecification\",\"valueRequired\":true,\"valueName\":\"search_term_string\"}}],\"inLanguage\":\"fr-CA\"},{\"@type\":\"Organization\",\"@id\":\"https:\\\/\\\/ksproducts.ca\\\/#organization\",\"name\":\"Ks Products\",\"url\":\"https:\\\/\\\/ksproducts.ca\\\/\",\"logo\":{\"@type\":\"ImageObject\",\"inLanguage\":\"fr-CA\",\"@id\":\"https:\\\/\\\/ksproducts.ca\\\/#\\\/schema\\\/logo\\\/image\\\/\",\"url\":\"https:\\\/\\\/ksproducts.ca\\\/wp-content\\\/uploads\\\/2023\\\/09\\\/Kennedy-Sales-Logo-header-1.png\",\"contentUrl\":\"https:\\\/\\\/ksproducts.ca\\\/wp-content\\\/uploads\\\/2023\\\/09\\\/Kennedy-Sales-Logo-header-1.png\",\"width\":150,\"height\":77,\"caption\":\"Ks Products\"},\"image\":{\"@id\":\"https:\\\/\\\/ksproducts.ca\\\/#\\\/schema\\\/logo\\\/image\\\/\"}}]}<\/script>\n<!-- \/ Yoast SEO plugin. -->","yoast_head_json":{"title":"Turtle Wax Hybrid Solutions Ceramic &amp; Graphene Inside Job Nettoyant Pulv\u00e9risateur - Ks Products","robots":{"index":"index","follow":"follow","max-snippet":"max-snippet:-1","max-image-preview":"max-image-preview:large","max-video-preview":"max-video-preview:-1"},"canonical":"https:\/\/ksproducts.ca\/fr\/product\/nettoyant-interieur-ceramique-graphene-hybrid-solutions-turtle-wax\/","og_locale":"fr_CA","og_type":"article","og_title":"Turtle Wax Hybrid Solutions Ceramic & Graphene Inside Job Spray Cleaner - Ks Products","og_description":"All-in-one car interior cleaner that cleans, conditions, deodorizes, and protects leather, vinyl, plastic, and rubber surfaces while enhancing clarity and UV protection","og_url":"https:\/\/ksproducts.ca\/fr\/product\/nettoyant-interieur-ceramique-graphene-hybrid-solutions-turtle-wax\/","og_site_name":"Ks Products","og_image":[{"width":322,"height":800,"url":"https:\/\/ksproducts.ca\/wp-content\/uploads\/2026\/03\/Turtle-Wax-Hybrid-Solutions-Ceramic-Graphene-Inside-Job-Spray-Cleaner.jpg","type":"image\/jpeg"}],"twitter_card":"summary_large_image","twitter_misc":{"Estimation du temps de lecture":"1 minute"},"schema":{"@context":"https:\/\/schema.org","@graph":[{"@type":"WebPage","@id":"https:\/\/ksproducts.ca\/product\/turtle-wax-hybrid-solutions-ceramic-graphene-inside-job-spray-cleaner\/","url":"https:\/\/ksproducts.ca\/product\/turtle-wax-hybrid-solutions-ceramic-graphene-inside-job-spray-cleaner\/","name":"Turtle Wax Hybrid Solutions Ceramic &amp; Graphene Inside Job Nettoyant Pulv\u00e9risateur - Ks Products","isPartOf":{"@id":"https:\/\/ksproducts.ca\/#website"},"primaryImageOfPage":{"@id":"https:\/\/ksproducts.ca\/product\/turtle-wax-hybrid-solutions-ceramic-graphene-inside-job-spray-cleaner\/#primaryimage"},"image":{"@id":"https:\/\/ksproducts.ca\/product\/turtle-wax-hybrid-solutions-ceramic-graphene-inside-job-spray-cleaner\/#primaryimage"},"thumbnailUrl":"https:\/\/ksproducts.ca\/wp-content\/uploads\/2026\/03\/Turtle-Wax-Hybrid-Solutions-Ceramic-Graphene-Inside-Job-Spray-Cleaner.jpg","datePublished":"2026-03-05T19:14:08+00:00","breadcrumb":{"@id":"https:\/\/ksproducts.ca\/product\/turtle-wax-hybrid-solutions-ceramic-graphene-inside-job-spray-cleaner\/#breadcrumb"},"inLanguage":"fr-CA","potentialAction":[{"@type":"ReadAction","target":["https:\/\/ksproducts.ca\/product\/turtle-wax-hybrid-solutions-ceramic-graphene-inside-job-spray-cleaner\/"]}]},{"@type":"ImageObject","inLanguage":"fr-CA","@id":"https:\/\/ksproducts.ca\/product\/turtle-wax-hybrid-solutions-ceramic-graphene-inside-job-spray-cleaner\/#primaryimage","url":"https:\/\/ksproducts.ca\/wp-content\/uploads\/2026\/03\/Turtle-Wax-Hybrid-Solutions-Ceramic-Graphene-Inside-Job-Spray-Cleaner.jpg","contentUrl":"https:\/\/ksproducts.ca\/wp-content\/uploads\/2026\/03\/Turtle-Wax-Hybrid-Solutions-Ceramic-Graphene-Inside-Job-Spray-Cleaner.jpg","width":322,"height":800,"caption":"Turtle Wax Hybrid Solutions Ceramic & Graphene Inside Job Spray Cleaner"},{"@type":"BreadcrumbList","@id":"https:\/\/ksproducts.ca\/product\/turtle-wax-hybrid-solutions-ceramic-graphene-inside-job-spray-cleaner\/#breadcrumb","itemListElement":[{"@type":"ListItem","position":1,"name":"Home","item":"https:\/\/ksproducts.ca\/"},{"@type":"ListItem","position":2,"name":"Shop","item":"https:\/\/ksproducts.ca\/shop\/"},{"@type":"ListItem","position":3,"name":"Turtle Wax Hybrid Solutions Ceramic &#038; Graphene Inside Job Spray Cleaner"}]},{"@type":"WebSite","@id":"https:\/\/ksproducts.ca\/#website","url":"https:\/\/ksproducts.ca\/","name":"Produits Ks","description":"Cuisiner et vivre en plein air, c'est facile au Canada","publisher":{"@id":"https:\/\/ksproducts.ca\/#organization"},"potentialAction":[{"@type":"SearchAction","target":{"@type":"EntryPoint","urlTemplate":"https:\/\/ksproducts.ca\/?s={search_term_string}"},"query-input":{"@type":"PropertyValueSpecification","valueRequired":true,"valueName":"search_term_string"}}],"inLanguage":"fr-CA"},{"@type":"Organization","@id":"https:\/\/ksproducts.ca\/#organization","name":"Produits Ks","url":"https:\/\/ksproducts.ca\/","logo":{"@type":"ImageObject","inLanguage":"fr-CA","@id":"https:\/\/ksproducts.ca\/#\/schema\/logo\/image\/","url":"https:\/\/ksproducts.ca\/wp-content\/uploads\/2023\/09\/Kennedy-Sales-Logo-header-1.png","contentUrl":"https:\/\/ksproducts.ca\/wp-content\/uploads\/2023\/09\/Kennedy-Sales-Logo-header-1.png","width":150,"height":77,"caption":"Ks Products"},"image":{"@id":"https:\/\/ksproducts.ca\/#\/schema\/logo\/image\/"}}]}},"_links":{"self":[{"href":"https:\/\/ksproducts.ca\/fr\/wp-json\/wp\/v2\/product\/11723","targetHints":{"allow":["GET"]}}],"collection":[{"href":"https:\/\/ksproducts.ca\/fr\/wp-json\/wp\/v2\/product"}],"about":[{"href":"https:\/\/ksproducts.ca\/fr\/wp-json\/wp\/v2\/types\/product"}],"replies":[{"embeddable":true,"href":"https:\/\/ksproducts.ca\/fr\/wp-json\/wp\/v2\/comments?post=11723"}],"version-history":[{"count":1,"href":"https:\/\/ksproducts.ca\/fr\/wp-json\/wp\/v2\/product\/11723\/revisions"}],"predecessor-version":[{"id":11725,"href":"https:\/\/ksproducts.ca\/fr\/wp-json\/wp\/v2\/product\/11723\/revisions\/11725"}],"wp:featuredmedia":[{"embeddable":true,"href":"https:\/\/ksproducts.ca\/fr\/wp-json\/wp\/v2\/media\/11724"}],"wp:attachment":[{"href":"https:\/\/ksproducts.ca\/fr\/wp-json\/wp\/v2\/media?parent=11723"}],"wp:term":[{"taxonomy":"product_cat","embeddable":true,"href":"https:\/\/ksproducts.ca\/fr\/wp-json\/wp\/v2\/product_cat?post=11723"},{"taxonomy":"product_tag","embeddable":true,"href":"https:\/\/ksproducts.ca\/fr\/wp-json\/wp\/v2\/product_tag?post=11723"}],"curies":[{"name":"wp","href":"https:\/\/api.w.org\/{rel}","templated":true}]}}