{"id":11726,"date":"2026-03-05T19:17:46","date_gmt":"2026-03-05T19:17:46","guid":{"rendered":"https:\/\/ksproducts.ca\/?post_type=product&#038;p=11726"},"modified":"2026-03-16T16:48:12","modified_gmt":"2026-03-16T16:48:12","slug":"turtle-wax-hybrid-solutions-pro-wheel-cleaner-with-rapid-decon-technology","status":"publish","type":"product","link":"https:\/\/ksproducts.ca\/fr\/product\/turtle-wax-hybrid-solutions-pro-wheel-cleaner-with-rapid-decon-technology\/","title":{"rendered":"Turtle Wax Hybrid Solutions Pro Wheel Cleaner with Rapid-Decon Technology (Nettoyant pour roues Hybrid Solutions Pro avec technologie Rapid-Decon)"},"content":{"rendered":"<ul>\n<li data-start=\"231\" data-end=\"327\">La technologie Rapid-Decon devient violette au contact pour indiquer l'\u00e9limination du fer et des retomb\u00e9es industrielles.<\/li>\n<li data-start=\"330\" data-end=\"431\">S\u00fbr pour toutes les surfaces : fonctionne sur les peintures brillantes, les couches transparentes, le m\u00e9tal poli, le chrome, le verre et les roues.<\/li>\n<li data-start=\"434\" data-end=\"526\">Le neutralisateur Scent-Lock bloque les odeurs de produits chimiques agressifs pour une exp\u00e9rience de nettoyage plus agr\u00e9able.<\/li>\n<li data-start=\"529\" data-end=\"633\">Dissout les contaminants incrust\u00e9s tels que la poussi\u00e8re de rail et les oxydes de fer pour un nettoyage en profondeur de niveau professionnel.<\/li>\n<\/ul>","protected":false},"excerpt":{"rendered":"<p>Hybrid Solutions PRO All Wheel Cleaner + Iron Remover est un nettoyant puissant qui change de couleur et qui \u00e9limine les contaminants ferreux et la salet\u00e9 de la route en toute s\u00e9curit\u00e9 sur toutes les roues et les surfaces peintes.<\/p>","protected":false},"featured_media":11727,"comment_status":"open","ping_status":"closed","template":"","meta":[],"product_cat":[430],"product_tag":[],"class_list":{"0":"post-11726","1":"product","2":"type-product","3":"status-publish","4":"has-post-thumbnail","6":"product_cat-automotive-gear","7":"product_shipping_class-class-1","9":"first","10":"instock","11":"taxable","12":"shipping-taxable","13":"purchasable","14":"product-type-simple"},"yoast_head":"<!-- This site is optimized with the Yoast SEO plugin v27.3 - https:\/\/yoast.com\/product\/yoast-seo-wordpress\/ -->\n<title>Turtle Wax Hybrid Solutions Pro Wheel Cleaner with Rapid-Decon Technology - Ks Products<\/title>\n<meta name=\"robots\" content=\"index, follow, max-snippet:-1, max-image-preview:large, max-video-preview:-1\" \/>\n<link rel=\"canonical\" href=\"https:\/\/ksproducts.ca\/fr\/product\/turtle-wax-hybrid-solutions-pro-wheel-cleaner-with-rapid-decon-technology\/\" \/>\n<meta property=\"og:locale\" content=\"fr_CA\" \/>\n<meta property=\"og:type\" content=\"article\" \/>\n<meta property=\"og:title\" content=\"Turtle Wax Hybrid Solutions Pro Wheel Cleaner with Rapid-Decon Technology - Ks Products\" \/>\n<meta property=\"og:description\" content=\"Hybrid Solutions PRO All Wheel Cleaner + Iron Remover is a powerful, color-changing cleaner that removes iron contaminants and road grime safely from all wheels and painted surfaces.\" \/>\n<meta property=\"og:url\" content=\"https:\/\/ksproducts.ca\/fr\/product\/turtle-wax-hybrid-solutions-pro-wheel-cleaner-with-rapid-decon-technology\/\" \/>\n<meta property=\"og:site_name\" content=\"Ks Products\" \/>\n<meta property=\"article:modified_time\" content=\"2026-03-16T16:48:12+00:00\" \/>\n<meta property=\"og:image\" content=\"https:\/\/ksproducts.ca\/wp-content\/uploads\/2026\/03\/Turtle-Wax-Hybrid-Solutions-Pro-Wheel-Cleaner-with-Rapid-Decon-Technology.webp\" \/>\n\t<meta property=\"og:image:width\" content=\"800\" \/>\n\t<meta property=\"og:image:height\" content=\"800\" \/>\n\t<meta property=\"og:image:type\" content=\"image\/webp\" \/>\n<meta name=\"twitter:card\" content=\"summary_large_image\" \/>\n<meta name=\"twitter:label1\" content=\"Estimation du temps de lecture\" \/>\n\t<meta name=\"twitter:data1\" content=\"1 minute\" \/>\n<script type=\"application\/ld+json\" class=\"yoast-schema-graph\">{\"@context\":\"https:\\\/\\\/schema.org\",\"@graph\":[{\"@type\":\"WebPage\",\"@id\":\"https:\\\/\\\/ksproducts.ca\\\/product\\\/turtle-wax-hybrid-solutions-pro-wheel-cleaner-with-rapid-decon-technology\\\/\",\"url\":\"https:\\\/\\\/ksproducts.ca\\\/product\\\/turtle-wax-hybrid-solutions-pro-wheel-cleaner-with-rapid-decon-technology\\\/\",\"name\":\"Turtle Wax Hybrid Solutions Pro Wheel Cleaner with Rapid-Decon Technology - Ks Products\",\"isPartOf\":{\"@id\":\"https:\\\/\\\/ksproducts.ca\\\/#website\"},\"primaryImageOfPage\":{\"@id\":\"https:\\\/\\\/ksproducts.ca\\\/product\\\/turtle-wax-hybrid-solutions-pro-wheel-cleaner-with-rapid-decon-technology\\\/#primaryimage\"},\"image\":{\"@id\":\"https:\\\/\\\/ksproducts.ca\\\/product\\\/turtle-wax-hybrid-solutions-pro-wheel-cleaner-with-rapid-decon-technology\\\/#primaryimage\"},\"thumbnailUrl\":\"https:\\\/\\\/ksproducts.ca\\\/wp-content\\\/uploads\\\/2026\\\/03\\\/Turtle-Wax-Hybrid-Solutions-Pro-Wheel-Cleaner-with-Rapid-Decon-Technology.webp\",\"datePublished\":\"2026-03-05T19:17:46+00:00\",\"dateModified\":\"2026-03-16T16:48:12+00:00\",\"breadcrumb\":{\"@id\":\"https:\\\/\\\/ksproducts.ca\\\/product\\\/turtle-wax-hybrid-solutions-pro-wheel-cleaner-with-rapid-decon-technology\\\/#breadcrumb\"},\"inLanguage\":\"fr-CA\",\"potentialAction\":[{\"@type\":\"ReadAction\",\"target\":[\"https:\\\/\\\/ksproducts.ca\\\/product\\\/turtle-wax-hybrid-solutions-pro-wheel-cleaner-with-rapid-decon-technology\\\/\"]}]},{\"@type\":\"ImageObject\",\"inLanguage\":\"fr-CA\",\"@id\":\"https:\\\/\\\/ksproducts.ca\\\/product\\\/turtle-wax-hybrid-solutions-pro-wheel-cleaner-with-rapid-decon-technology\\\/#primaryimage\",\"url\":\"https:\\\/\\\/ksproducts.ca\\\/wp-content\\\/uploads\\\/2026\\\/03\\\/Turtle-Wax-Hybrid-Solutions-Pro-Wheel-Cleaner-with-Rapid-Decon-Technology.webp\",\"contentUrl\":\"https:\\\/\\\/ksproducts.ca\\\/wp-content\\\/uploads\\\/2026\\\/03\\\/Turtle-Wax-Hybrid-Solutions-Pro-Wheel-Cleaner-with-Rapid-Decon-Technology.webp\",\"width\":800,\"height\":800,\"caption\":\"Turtle Wax Hybrid Solutions Pro Wheel Cleaner with Rapid Decon Technology\"},{\"@type\":\"BreadcrumbList\",\"@id\":\"https:\\\/\\\/ksproducts.ca\\\/product\\\/turtle-wax-hybrid-solutions-pro-wheel-cleaner-with-rapid-decon-technology\\\/#breadcrumb\",\"itemListElement\":[{\"@type\":\"ListItem\",\"position\":1,\"name\":\"Home\",\"item\":\"https:\\\/\\\/ksproducts.ca\\\/\"},{\"@type\":\"ListItem\",\"position\":2,\"name\":\"Shop\",\"item\":\"https:\\\/\\\/ksproducts.ca\\\/shop\\\/\"},{\"@type\":\"ListItem\",\"position\":3,\"name\":\"Turtle Wax Hybrid Solutions Pro Wheel Cleaner with Rapid-Decon Technology\"}]},{\"@type\":\"WebSite\",\"@id\":\"https:\\\/\\\/ksproducts.ca\\\/#website\",\"url\":\"https:\\\/\\\/ksproducts.ca\\\/\",\"name\":\"Ks Products\",\"description\":\"Outdoor cooking and living, made easy in Canada\",\"publisher\":{\"@id\":\"https:\\\/\\\/ksproducts.ca\\\/#organization\"},\"potentialAction\":[{\"@type\":\"SearchAction\",\"target\":{\"@type\":\"EntryPoint\",\"urlTemplate\":\"https:\\\/\\\/ksproducts.ca\\\/?s={search_term_string}\"},\"query-input\":{\"@type\":\"PropertyValueSpecification\",\"valueRequired\":true,\"valueName\":\"search_term_string\"}}],\"inLanguage\":\"fr-CA\"},{\"@type\":\"Organization\",\"@id\":\"https:\\\/\\\/ksproducts.ca\\\/#organization\",\"name\":\"Ks Products\",\"url\":\"https:\\\/\\\/ksproducts.ca\\\/\",\"logo\":{\"@type\":\"ImageObject\",\"inLanguage\":\"fr-CA\",\"@id\":\"https:\\\/\\\/ksproducts.ca\\\/#\\\/schema\\\/logo\\\/image\\\/\",\"url\":\"https:\\\/\\\/ksproducts.ca\\\/wp-content\\\/uploads\\\/2023\\\/09\\\/Kennedy-Sales-Logo-header-1.png\",\"contentUrl\":\"https:\\\/\\\/ksproducts.ca\\\/wp-content\\\/uploads\\\/2023\\\/09\\\/Kennedy-Sales-Logo-header-1.png\",\"width\":150,\"height\":77,\"caption\":\"Ks Products\"},\"image\":{\"@id\":\"https:\\\/\\\/ksproducts.ca\\\/#\\\/schema\\\/logo\\\/image\\\/\"}}]}<\/script>\n<!-- \/ Yoast SEO plugin. -->","yoast_head_json":{"title":"Turtle Wax Hybrid Solutions Pro Wheel Cleaner with Rapid-Decon Technology - Ks Products","robots":{"index":"index","follow":"follow","max-snippet":"max-snippet:-1","max-image-preview":"max-image-preview:large","max-video-preview":"max-video-preview:-1"},"canonical":"https:\/\/ksproducts.ca\/fr\/product\/turtle-wax-hybrid-solutions-pro-wheel-cleaner-with-rapid-decon-technology\/","og_locale":"fr_CA","og_type":"article","og_title":"Turtle Wax Hybrid Solutions Pro Wheel Cleaner with Rapid-Decon Technology - Ks Products","og_description":"Hybrid Solutions PRO All Wheel Cleaner + Iron Remover is a powerful, color-changing cleaner that removes iron contaminants and road grime safely from all wheels and painted surfaces.","og_url":"https:\/\/ksproducts.ca\/fr\/product\/turtle-wax-hybrid-solutions-pro-wheel-cleaner-with-rapid-decon-technology\/","og_site_name":"Ks Products","article_modified_time":"2026-03-16T16:48:12+00:00","og_image":[{"width":800,"height":800,"url":"https:\/\/ksproducts.ca\/wp-content\/uploads\/2026\/03\/Turtle-Wax-Hybrid-Solutions-Pro-Wheel-Cleaner-with-Rapid-Decon-Technology.webp","type":"image\/webp"}],"twitter_card":"summary_large_image","twitter_misc":{"Estimation du temps de lecture":"1 minute"},"schema":{"@context":"https:\/\/schema.org","@graph":[{"@type":"WebPage","@id":"https:\/\/ksproducts.ca\/product\/turtle-wax-hybrid-solutions-pro-wheel-cleaner-with-rapid-decon-technology\/","url":"https:\/\/ksproducts.ca\/product\/turtle-wax-hybrid-solutions-pro-wheel-cleaner-with-rapid-decon-technology\/","name":"Turtle Wax Hybrid Solutions Pro Wheel Cleaner with Rapid-Decon Technology - Ks Products","isPartOf":{"@id":"https:\/\/ksproducts.ca\/#website"},"primaryImageOfPage":{"@id":"https:\/\/ksproducts.ca\/product\/turtle-wax-hybrid-solutions-pro-wheel-cleaner-with-rapid-decon-technology\/#primaryimage"},"image":{"@id":"https:\/\/ksproducts.ca\/product\/turtle-wax-hybrid-solutions-pro-wheel-cleaner-with-rapid-decon-technology\/#primaryimage"},"thumbnailUrl":"https:\/\/ksproducts.ca\/wp-content\/uploads\/2026\/03\/Turtle-Wax-Hybrid-Solutions-Pro-Wheel-Cleaner-with-Rapid-Decon-Technology.webp","datePublished":"2026-03-05T19:17:46+00:00","dateModified":"2026-03-16T16:48:12+00:00","breadcrumb":{"@id":"https:\/\/ksproducts.ca\/product\/turtle-wax-hybrid-solutions-pro-wheel-cleaner-with-rapid-decon-technology\/#breadcrumb"},"inLanguage":"fr-CA","potentialAction":[{"@type":"ReadAction","target":["https:\/\/ksproducts.ca\/product\/turtle-wax-hybrid-solutions-pro-wheel-cleaner-with-rapid-decon-technology\/"]}]},{"@type":"ImageObject","inLanguage":"fr-CA","@id":"https:\/\/ksproducts.ca\/product\/turtle-wax-hybrid-solutions-pro-wheel-cleaner-with-rapid-decon-technology\/#primaryimage","url":"https:\/\/ksproducts.ca\/wp-content\/uploads\/2026\/03\/Turtle-Wax-Hybrid-Solutions-Pro-Wheel-Cleaner-with-Rapid-Decon-Technology.webp","contentUrl":"https:\/\/ksproducts.ca\/wp-content\/uploads\/2026\/03\/Turtle-Wax-Hybrid-Solutions-Pro-Wheel-Cleaner-with-Rapid-Decon-Technology.webp","width":800,"height":800,"caption":"Turtle Wax Hybrid Solutions Pro Wheel Cleaner with Rapid Decon Technology"},{"@type":"BreadcrumbList","@id":"https:\/\/ksproducts.ca\/product\/turtle-wax-hybrid-solutions-pro-wheel-cleaner-with-rapid-decon-technology\/#breadcrumb","itemListElement":[{"@type":"ListItem","position":1,"name":"Home","item":"https:\/\/ksproducts.ca\/"},{"@type":"ListItem","position":2,"name":"Shop","item":"https:\/\/ksproducts.ca\/shop\/"},{"@type":"ListItem","position":3,"name":"Turtle Wax Hybrid Solutions Pro Wheel Cleaner with Rapid-Decon Technology"}]},{"@type":"WebSite","@id":"https:\/\/ksproducts.ca\/#website","url":"https:\/\/ksproducts.ca\/","name":"Produits Ks","description":"Cuisiner et vivre en plein air, c'est facile au Canada","publisher":{"@id":"https:\/\/ksproducts.ca\/#organization"},"potentialAction":[{"@type":"SearchAction","target":{"@type":"EntryPoint","urlTemplate":"https:\/\/ksproducts.ca\/?s={search_term_string}"},"query-input":{"@type":"PropertyValueSpecification","valueRequired":true,"valueName":"search_term_string"}}],"inLanguage":"fr-CA"},{"@type":"Organization","@id":"https:\/\/ksproducts.ca\/#organization","name":"Produits Ks","url":"https:\/\/ksproducts.ca\/","logo":{"@type":"ImageObject","inLanguage":"fr-CA","@id":"https:\/\/ksproducts.ca\/#\/schema\/logo\/image\/","url":"https:\/\/ksproducts.ca\/wp-content\/uploads\/2023\/09\/Kennedy-Sales-Logo-header-1.png","contentUrl":"https:\/\/ksproducts.ca\/wp-content\/uploads\/2023\/09\/Kennedy-Sales-Logo-header-1.png","width":150,"height":77,"caption":"Ks Products"},"image":{"@id":"https:\/\/ksproducts.ca\/#\/schema\/logo\/image\/"}}]}},"_links":{"self":[{"href":"https:\/\/ksproducts.ca\/fr\/wp-json\/wp\/v2\/product\/11726","targetHints":{"allow":["GET"]}}],"collection":[{"href":"https:\/\/ksproducts.ca\/fr\/wp-json\/wp\/v2\/product"}],"about":[{"href":"https:\/\/ksproducts.ca\/fr\/wp-json\/wp\/v2\/types\/product"}],"replies":[{"embeddable":true,"href":"https:\/\/ksproducts.ca\/fr\/wp-json\/wp\/v2\/comments?post=11726"}],"version-history":[{"count":2,"href":"https:\/\/ksproducts.ca\/fr\/wp-json\/wp\/v2\/product\/11726\/revisions"}],"predecessor-version":[{"id":12708,"href":"https:\/\/ksproducts.ca\/fr\/wp-json\/wp\/v2\/product\/11726\/revisions\/12708"}],"wp:featuredmedia":[{"embeddable":true,"href":"https:\/\/ksproducts.ca\/fr\/wp-json\/wp\/v2\/media\/11727"}],"wp:attachment":[{"href":"https:\/\/ksproducts.ca\/fr\/wp-json\/wp\/v2\/media?parent=11726"}],"wp:term":[{"taxonomy":"product_cat","embeddable":true,"href":"https:\/\/ksproducts.ca\/fr\/wp-json\/wp\/v2\/product_cat?post=11726"},{"taxonomy":"product_tag","embeddable":true,"href":"https:\/\/ksproducts.ca\/fr\/wp-json\/wp\/v2\/product_tag?post=11726"}],"curies":[{"name":"wp","href":"https:\/\/api.w.org\/{rel}","templated":true}]}}