{"id":11732,"date":"2026-03-05T19:26:23","date_gmt":"2026-03-05T19:26:23","guid":{"rendered":"https:\/\/ksproducts.ca\/?post_type=product&#038;p=11732"},"modified":"2026-03-05T19:26:23","modified_gmt":"2026-03-05T19:26:23","slug":"restaurateur-de-garnitures-en-graphene-acrylique-hybrid-solutions-de-turtle-wax","status":"publish","type":"product","link":"https:\/\/ksproducts.ca\/fr\/product\/turtle-wax-hybrid-solutions-graphene-acrylic-trim-restorer\/","title":{"rendered":"Turtle Wax Hybrid Solutions Graphene Acrylic Trim Restorer (restaurateur de garnitures acryliques)"},"content":{"rendered":"<ul>\n<li data-start=\"201\" data-end=\"278\">\n<p data-start=\"203\" data-end=\"278\">Restaure et approfondit la couleur sur les plastiques ternes textur\u00e9s tout en rehaussant la brillance<\/p>\n<\/li>\n<li data-start=\"279\" data-end=\"359\">\n<p data-start=\"281\" data-end=\"359\">Offre une protection UV sup\u00e9rieure pour pr\u00e9venir la d\u00e9coloration, l'oxydation et les dommages caus\u00e9s par le soleil<\/p>\n<\/li>\n<li data-start=\"360\" data-end=\"463\">\n<p data-start=\"362\" data-end=\"463\">Formule \u00e0 s\u00e9chage rapide : s\u00e8che au contact en quelques minutes et r\u00e9sistante aux lavages ou \u00e0 l'exposition saisonni\u00e8re<\/p>\n<\/li>\n<li data-start=\"464\" data-end=\"569\">\n<p data-start=\"466\" data-end=\"569\">Prot\u00e8ge contre la salet\u00e9, la crasse, les sels de voirie et les \u00e9l\u00e9ments environnementaux, conservant une apparence de salle d'exposition<\/p>\n<\/li>\n<li data-start=\"570\" data-end=\"656\" data-is-last-node=\"\">\n<p data-start=\"572\" data-end=\"656\" data-is-last-node=\"\">Application facile ; une deuxi\u00e8me couche est recommand\u00e9e pour une finition uniforme et une protection maximale<\/p>\n<\/li>\n<\/ul>","protected":false},"excerpt":{"rendered":"<p>Hybrid Solutions Graphene Acrylic Trim Restorer est une formule avanc\u00e9e qui restaure et prot\u00e8ge les garnitures et plastiques ext\u00e9rieurs ternes et d\u00e9color\u00e9s. La combinaison du graph\u00e8ne et des polym\u00e8res acryliques fait briller et noircit le plastique textur\u00e9 terne, tout en offrant une protection sup\u00e9rieure contre les rayons UV. Ce rev\u00eatement durable ne s'efface pas au lavage et r\u00e9siste aux expositions saisonni\u00e8res. Il est sec au toucher dans les minutes qui suivent son application. Le r\u00e9novateur de garnitures acryliques Graphene fonctionne tout aussi bien pour prot\u00e9ger les nouvelles garnitures et le plastique de la d\u00e9coloration due aux \u00e9l\u00e9ments, au lavage des voitures et aux sels de la route.<\/p>","protected":false},"featured_media":11733,"comment_status":"open","ping_status":"closed","template":"","meta":[],"product_cat":[430],"product_tag":[],"class_list":{"0":"post-11732","1":"product","2":"type-product","3":"status-publish","4":"has-post-thumbnail","6":"product_cat-automotive-gear","7":"product_shipping_class-class-1","9":"first","10":"instock","11":"taxable","12":"shipping-taxable","13":"purchasable","14":"product-type-simple"},"yoast_head":"<!-- This site is optimized with the Yoast SEO plugin v27.3 - https:\/\/yoast.com\/product\/yoast-seo-wordpress\/ -->\n<title>Turtle Wax Hybrid Solutions Graphene Acrylic Trim Restorer - Ks Products<\/title>\n<meta name=\"robots\" content=\"index, follow, max-snippet:-1, max-image-preview:large, max-video-preview:-1\" \/>\n<link rel=\"canonical\" href=\"https:\/\/ksproducts.ca\/fr\/product\/restaurateur-de-garnitures-en-graphene-acrylique-hybrid-solutions-de-turtle-wax\/\" \/>\n<meta property=\"og:locale\" content=\"fr_CA\" \/>\n<meta property=\"og:type\" content=\"article\" \/>\n<meta property=\"og:title\" content=\"Turtle Wax Hybrid Solutions Graphene Acrylic Trim Restorer - Ks Products\" \/>\n<meta property=\"og:description\" content=\"Hybrid Solutions Graphene Acrylic Trim Restorer is an advanced formula that restores and protects dull, faded exterior trim and plastic. The combination of Graphene and Acrylic polymers shines and blackens dull textured plastic, giving superior UV protection. This durable coating doesn\u2019t wash off and will endure seasonal exposure. It is dry to the touch within minutes of applying. Graphene Acrylic Trim Restorer works just as well on protecting new trim and plastic from fading due to the elements, car washing and road salts.\" \/>\n<meta property=\"og:url\" content=\"https:\/\/ksproducts.ca\/fr\/product\/restaurateur-de-garnitures-en-graphene-acrylique-hybrid-solutions-de-turtle-wax\/\" \/>\n<meta property=\"og:site_name\" content=\"Ks Products\" \/>\n<meta property=\"og:image\" content=\"https:\/\/ksproducts.ca\/wp-content\/uploads\/2026\/03\/Turtle-Wax-Hybrid-Solutions-Graphene-Acrylic-Trim-Restorer.jpg\" \/>\n\t<meta property=\"og:image:width\" content=\"800\" \/>\n\t<meta property=\"og:image:height\" content=\"800\" \/>\n\t<meta property=\"og:image:type\" content=\"image\/jpeg\" \/>\n<meta name=\"twitter:card\" content=\"summary_large_image\" \/>\n<meta name=\"twitter:label1\" content=\"Estimation du temps de lecture\" \/>\n\t<meta name=\"twitter:data1\" content=\"1 minute\" \/>\n<script type=\"application\/ld+json\" class=\"yoast-schema-graph\">{\"@context\":\"https:\\\/\\\/schema.org\",\"@graph\":[{\"@type\":\"WebPage\",\"@id\":\"https:\\\/\\\/ksproducts.ca\\\/product\\\/turtle-wax-hybrid-solutions-graphene-acrylic-trim-restorer\\\/\",\"url\":\"https:\\\/\\\/ksproducts.ca\\\/product\\\/turtle-wax-hybrid-solutions-graphene-acrylic-trim-restorer\\\/\",\"name\":\"Turtle Wax Hybrid Solutions Graphene Acrylic Trim Restorer - Ks Products\",\"isPartOf\":{\"@id\":\"https:\\\/\\\/ksproducts.ca\\\/#website\"},\"primaryImageOfPage\":{\"@id\":\"https:\\\/\\\/ksproducts.ca\\\/product\\\/turtle-wax-hybrid-solutions-graphene-acrylic-trim-restorer\\\/#primaryimage\"},\"image\":{\"@id\":\"https:\\\/\\\/ksproducts.ca\\\/product\\\/turtle-wax-hybrid-solutions-graphene-acrylic-trim-restorer\\\/#primaryimage\"},\"thumbnailUrl\":\"https:\\\/\\\/ksproducts.ca\\\/wp-content\\\/uploads\\\/2026\\\/03\\\/Turtle-Wax-Hybrid-Solutions-Graphene-Acrylic-Trim-Restorer.jpg\",\"datePublished\":\"2026-03-05T19:26:23+00:00\",\"breadcrumb\":{\"@id\":\"https:\\\/\\\/ksproducts.ca\\\/product\\\/turtle-wax-hybrid-solutions-graphene-acrylic-trim-restorer\\\/#breadcrumb\"},\"inLanguage\":\"fr-CA\",\"potentialAction\":[{\"@type\":\"ReadAction\",\"target\":[\"https:\\\/\\\/ksproducts.ca\\\/product\\\/turtle-wax-hybrid-solutions-graphene-acrylic-trim-restorer\\\/\"]}]},{\"@type\":\"ImageObject\",\"inLanguage\":\"fr-CA\",\"@id\":\"https:\\\/\\\/ksproducts.ca\\\/product\\\/turtle-wax-hybrid-solutions-graphene-acrylic-trim-restorer\\\/#primaryimage\",\"url\":\"https:\\\/\\\/ksproducts.ca\\\/wp-content\\\/uploads\\\/2026\\\/03\\\/Turtle-Wax-Hybrid-Solutions-Graphene-Acrylic-Trim-Restorer.jpg\",\"contentUrl\":\"https:\\\/\\\/ksproducts.ca\\\/wp-content\\\/uploads\\\/2026\\\/03\\\/Turtle-Wax-Hybrid-Solutions-Graphene-Acrylic-Trim-Restorer.jpg\",\"width\":800,\"height\":800,\"caption\":\"Turtle Wax Hybrid Solutions Graphene Acrylic Trim Restorer\"},{\"@type\":\"BreadcrumbList\",\"@id\":\"https:\\\/\\\/ksproducts.ca\\\/product\\\/turtle-wax-hybrid-solutions-graphene-acrylic-trim-restorer\\\/#breadcrumb\",\"itemListElement\":[{\"@type\":\"ListItem\",\"position\":1,\"name\":\"Home\",\"item\":\"https:\\\/\\\/ksproducts.ca\\\/\"},{\"@type\":\"ListItem\",\"position\":2,\"name\":\"Shop\",\"item\":\"https:\\\/\\\/ksproducts.ca\\\/shop\\\/\"},{\"@type\":\"ListItem\",\"position\":3,\"name\":\"Turtle Wax Hybrid Solutions Graphene Acrylic Trim Restorer\"}]},{\"@type\":\"WebSite\",\"@id\":\"https:\\\/\\\/ksproducts.ca\\\/#website\",\"url\":\"https:\\\/\\\/ksproducts.ca\\\/\",\"name\":\"Ks Products\",\"description\":\"Outdoor cooking and living, made easy in Canada\",\"publisher\":{\"@id\":\"https:\\\/\\\/ksproducts.ca\\\/#organization\"},\"potentialAction\":[{\"@type\":\"SearchAction\",\"target\":{\"@type\":\"EntryPoint\",\"urlTemplate\":\"https:\\\/\\\/ksproducts.ca\\\/?s={search_term_string}\"},\"query-input\":{\"@type\":\"PropertyValueSpecification\",\"valueRequired\":true,\"valueName\":\"search_term_string\"}}],\"inLanguage\":\"fr-CA\"},{\"@type\":\"Organization\",\"@id\":\"https:\\\/\\\/ksproducts.ca\\\/#organization\",\"name\":\"Ks Products\",\"url\":\"https:\\\/\\\/ksproducts.ca\\\/\",\"logo\":{\"@type\":\"ImageObject\",\"inLanguage\":\"fr-CA\",\"@id\":\"https:\\\/\\\/ksproducts.ca\\\/#\\\/schema\\\/logo\\\/image\\\/\",\"url\":\"https:\\\/\\\/ksproducts.ca\\\/wp-content\\\/uploads\\\/2023\\\/09\\\/Kennedy-Sales-Logo-header-1.png\",\"contentUrl\":\"https:\\\/\\\/ksproducts.ca\\\/wp-content\\\/uploads\\\/2023\\\/09\\\/Kennedy-Sales-Logo-header-1.png\",\"width\":150,\"height\":77,\"caption\":\"Ks Products\"},\"image\":{\"@id\":\"https:\\\/\\\/ksproducts.ca\\\/#\\\/schema\\\/logo\\\/image\\\/\"}}]}<\/script>\n<!-- \/ Yoast SEO plugin. -->","yoast_head_json":{"title":"Turtle Wax Hybrid Solutions Graphene Acrylic Restaureur de Garnitures - Ks Products","robots":{"index":"index","follow":"follow","max-snippet":"max-snippet:-1","max-image-preview":"max-image-preview:large","max-video-preview":"max-video-preview:-1"},"canonical":"https:\/\/ksproducts.ca\/fr\/product\/restaurateur-de-garnitures-en-graphene-acrylique-hybrid-solutions-de-turtle-wax\/","og_locale":"fr_CA","og_type":"article","og_title":"Turtle Wax Hybrid Solutions Graphene Acrylic Trim Restorer - Ks Products","og_description":"Hybrid Solutions Graphene Acrylic Trim Restorer is an advanced formula that restores and protects dull, faded exterior trim and plastic. The combination of Graphene and Acrylic polymers shines and blackens dull textured plastic, giving superior UV protection. This durable coating doesn\u2019t wash off and will endure seasonal exposure. It is dry to the touch within minutes of applying. Graphene Acrylic Trim Restorer works just as well on protecting new trim and plastic from fading due to the elements, car washing and road salts.","og_url":"https:\/\/ksproducts.ca\/fr\/product\/restaurateur-de-garnitures-en-graphene-acrylique-hybrid-solutions-de-turtle-wax\/","og_site_name":"Ks Products","og_image":[{"width":800,"height":800,"url":"https:\/\/ksproducts.ca\/wp-content\/uploads\/2026\/03\/Turtle-Wax-Hybrid-Solutions-Graphene-Acrylic-Trim-Restorer.jpg","type":"image\/jpeg"}],"twitter_card":"summary_large_image","twitter_misc":{"Estimation du temps de lecture":"1 minute"},"schema":{"@context":"https:\/\/schema.org","@graph":[{"@type":"WebPage","@id":"https:\/\/ksproducts.ca\/product\/turtle-wax-hybrid-solutions-graphene-acrylic-trim-restorer\/","url":"https:\/\/ksproducts.ca\/product\/turtle-wax-hybrid-solutions-graphene-acrylic-trim-restorer\/","name":"Turtle Wax Hybrid Solutions Graphene Acrylic Restaureur de Garnitures - Ks Products","isPartOf":{"@id":"https:\/\/ksproducts.ca\/#website"},"primaryImageOfPage":{"@id":"https:\/\/ksproducts.ca\/product\/turtle-wax-hybrid-solutions-graphene-acrylic-trim-restorer\/#primaryimage"},"image":{"@id":"https:\/\/ksproducts.ca\/product\/turtle-wax-hybrid-solutions-graphene-acrylic-trim-restorer\/#primaryimage"},"thumbnailUrl":"https:\/\/ksproducts.ca\/wp-content\/uploads\/2026\/03\/Turtle-Wax-Hybrid-Solutions-Graphene-Acrylic-Trim-Restorer.jpg","datePublished":"2026-03-05T19:26:23+00:00","breadcrumb":{"@id":"https:\/\/ksproducts.ca\/product\/turtle-wax-hybrid-solutions-graphene-acrylic-trim-restorer\/#breadcrumb"},"inLanguage":"fr-CA","potentialAction":[{"@type":"ReadAction","target":["https:\/\/ksproducts.ca\/product\/turtle-wax-hybrid-solutions-graphene-acrylic-trim-restorer\/"]}]},{"@type":"ImageObject","inLanguage":"fr-CA","@id":"https:\/\/ksproducts.ca\/product\/turtle-wax-hybrid-solutions-graphene-acrylic-trim-restorer\/#primaryimage","url":"https:\/\/ksproducts.ca\/wp-content\/uploads\/2026\/03\/Turtle-Wax-Hybrid-Solutions-Graphene-Acrylic-Trim-Restorer.jpg","contentUrl":"https:\/\/ksproducts.ca\/wp-content\/uploads\/2026\/03\/Turtle-Wax-Hybrid-Solutions-Graphene-Acrylic-Trim-Restorer.jpg","width":800,"height":800,"caption":"Turtle Wax Hybrid Solutions Graphene Acrylic Trim Restorer"},{"@type":"BreadcrumbList","@id":"https:\/\/ksproducts.ca\/product\/turtle-wax-hybrid-solutions-graphene-acrylic-trim-restorer\/#breadcrumb","itemListElement":[{"@type":"ListItem","position":1,"name":"Home","item":"https:\/\/ksproducts.ca\/"},{"@type":"ListItem","position":2,"name":"Shop","item":"https:\/\/ksproducts.ca\/shop\/"},{"@type":"ListItem","position":3,"name":"Turtle Wax Hybrid Solutions Graphene Acrylic Trim Restorer"}]},{"@type":"WebSite","@id":"https:\/\/ksproducts.ca\/#website","url":"https:\/\/ksproducts.ca\/","name":"Produits Ks","description":"Cuisiner et vivre en plein air, c'est facile au Canada","publisher":{"@id":"https:\/\/ksproducts.ca\/#organization"},"potentialAction":[{"@type":"SearchAction","target":{"@type":"EntryPoint","urlTemplate":"https:\/\/ksproducts.ca\/?s={search_term_string}"},"query-input":{"@type":"PropertyValueSpecification","valueRequired":true,"valueName":"search_term_string"}}],"inLanguage":"fr-CA"},{"@type":"Organization","@id":"https:\/\/ksproducts.ca\/#organization","name":"Produits Ks","url":"https:\/\/ksproducts.ca\/","logo":{"@type":"ImageObject","inLanguage":"fr-CA","@id":"https:\/\/ksproducts.ca\/#\/schema\/logo\/image\/","url":"https:\/\/ksproducts.ca\/wp-content\/uploads\/2023\/09\/Kennedy-Sales-Logo-header-1.png","contentUrl":"https:\/\/ksproducts.ca\/wp-content\/uploads\/2023\/09\/Kennedy-Sales-Logo-header-1.png","width":150,"height":77,"caption":"Ks Products"},"image":{"@id":"https:\/\/ksproducts.ca\/#\/schema\/logo\/image\/"}}]}},"_links":{"self":[{"href":"https:\/\/ksproducts.ca\/fr\/wp-json\/wp\/v2\/product\/11732","targetHints":{"allow":["GET"]}}],"collection":[{"href":"https:\/\/ksproducts.ca\/fr\/wp-json\/wp\/v2\/product"}],"about":[{"href":"https:\/\/ksproducts.ca\/fr\/wp-json\/wp\/v2\/types\/product"}],"replies":[{"embeddable":true,"href":"https:\/\/ksproducts.ca\/fr\/wp-json\/wp\/v2\/comments?post=11732"}],"version-history":[{"count":1,"href":"https:\/\/ksproducts.ca\/fr\/wp-json\/wp\/v2\/product\/11732\/revisions"}],"predecessor-version":[{"id":11734,"href":"https:\/\/ksproducts.ca\/fr\/wp-json\/wp\/v2\/product\/11732\/revisions\/11734"}],"wp:featuredmedia":[{"embeddable":true,"href":"https:\/\/ksproducts.ca\/fr\/wp-json\/wp\/v2\/media\/11733"}],"wp:attachment":[{"href":"https:\/\/ksproducts.ca\/fr\/wp-json\/wp\/v2\/media?parent=11732"}],"wp:term":[{"taxonomy":"product_cat","embeddable":true,"href":"https:\/\/ksproducts.ca\/fr\/wp-json\/wp\/v2\/product_cat?post=11732"},{"taxonomy":"product_tag","embeddable":true,"href":"https:\/\/ksproducts.ca\/fr\/wp-json\/wp\/v2\/product_tag?post=11732"}],"curies":[{"name":"wp","href":"https:\/\/api.w.org\/{rel}","templated":true}]}}