{"id":11735,"date":"2026-03-05T19:29:20","date_gmt":"2026-03-05T19:29:20","guid":{"rendered":"https:\/\/ksproducts.ca\/?post_type=product&#038;p=11735"},"modified":"2026-03-05T19:29:20","modified_gmt":"2026-03-05T19:29:20","slug":"kit-de-reparation-des-rayures-turtle-wax-hybrid-solutions-avec-technologie-fill-seal","status":"publish","type":"product","link":"https:\/\/ksproducts.ca\/fr\/product\/turtle-wax-hybrid-solutions-scratch-repair-kit-with-fill-seal-technology\/","title":{"rendered":"Kit de r\u00e9paration des rayures Turtle Wax Hybrid Solutions avec technologie Fill &amp; Seal"},"content":{"rendered":"<ul class=\"nl-features__list\" data-testid=\"features\">\n<li>\n<p class=\"nl-features__information\">Les abrasifs de polissage de pr\u00e9cision s'alignent automatiquement pour une coupe uniforme qui \u00e9limine en toute s\u00e9curit\u00e9 les rayures, les tourbillons, les transferts de peinture, etc.<\/p>\n<\/li>\n<li>\n<p class=\"nl-features__information\">Facile \u00e0 utiliser, la solution appliqu\u00e9e \u00e0 la main donne des r\u00e9sultats dignes d'un atelier de carrosserie.<\/p>\n<\/li>\n<li>\n<p class=\"nl-features__information\">La r\u00e9sine Clear Coat remplit et prot\u00e8ge les imperfections de la peinture et les r\u00e9parations des rayures.<\/p>\n<\/li>\n<li>\n<p class=\"nl-features__information\">Kit tout-en-un qui \u00e9limine et prot\u00e8ge les rayures, les d\u00e9fauts de surface et les \u00e9raflures de la route.<\/p>\n<\/li>\n<li>\n<p class=\"nl-features__information\">\u00c9conomiser des centaines d'euros en r\u00e9parations de carrosserie<\/p>\n<\/li>\n<\/ul>","protected":false},"excerpt":{"rendered":"<p>Le kit de r\u00e9paration des rayures Hybrid Solutions avec la technologie Clear-Coat Fill &amp; Seal est une solution tout-en-un qui r\u00e9pare et renouvelle les imperfections de la peinture transparente, offrant des r\u00e9sultats dignes d'un atelier de carrosserie. Le compos\u00e9 clarifiant de premi\u00e8re qualit\u00e9 utilise la technologie des plaquettes de pr\u00e9cision pour polir en toute s\u00e9curit\u00e9 la surface de la peinture et estomper la zone de r\u00e9paration. La couche dure transparente autonivelante s'applique facilement pour une brillance instantan\u00e9e et r\u00e9tablit l'uniformit\u00e9 de la peinture. Cette solution facile \u00e0 utiliser et \u00e0 appliquer \u00e0 la main vous permettra d'\u00e9conomiser des centaines d'euros en r\u00e9parations de carrosserie.<\/p>","protected":false},"featured_media":11736,"comment_status":"open","ping_status":"closed","template":"","meta":[],"product_cat":[430],"product_tag":[],"class_list":{"0":"post-11735","1":"product","2":"type-product","3":"status-publish","4":"has-post-thumbnail","6":"product_cat-automotive-gear","7":"product_shipping_class-class-1","9":"first","10":"instock","11":"taxable","12":"shipping-taxable","13":"purchasable","14":"product-type-simple"},"yoast_head":"<!-- This site is optimized with the Yoast SEO plugin v27.3 - https:\/\/yoast.com\/product\/yoast-seo-wordpress\/ -->\n<title>Turtle Wax Hybrid Solutions Scratch Repair Kit with Fill &amp; Seal Technology - Ks Products<\/title>\n<meta name=\"robots\" content=\"index, follow, max-snippet:-1, max-image-preview:large, max-video-preview:-1\" \/>\n<link rel=\"canonical\" href=\"https:\/\/ksproducts.ca\/fr\/product\/kit-de-reparation-des-rayures-turtle-wax-hybrid-solutions-avec-technologie-fill-seal\/\" \/>\n<meta property=\"og:locale\" content=\"fr_CA\" \/>\n<meta property=\"og:type\" content=\"article\" \/>\n<meta property=\"og:title\" content=\"Turtle Wax Hybrid Solutions Scratch Repair Kit with Fill &amp; Seal Technology - Ks Products\" \/>\n<meta property=\"og:description\" content=\"Hybrid Solutions Scratch Repair Kit with Clear-Coat Fill &amp; Seal Technology is an all-in-one solution that repairs &amp; renews clear-coat paint imperfections delivering body shop results. The premium clarifying compound uses Precision Platelet Technology to safely polish paint surface and blend the repair area. The self-levelling clear hard coat easily wipes on for instant gloss &amp; restores paint uniformity. This easy-to-use, hand applied solution will save you hundreds of dollars in body shop repairs.\" \/>\n<meta property=\"og:url\" content=\"https:\/\/ksproducts.ca\/fr\/product\/kit-de-reparation-des-rayures-turtle-wax-hybrid-solutions-avec-technologie-fill-seal\/\" \/>\n<meta property=\"og:site_name\" content=\"Ks Products\" \/>\n<meta property=\"og:image\" content=\"https:\/\/ksproducts.ca\/wp-content\/uploads\/2026\/03\/Turtle-Wax-Hybrid-Solutions-Scratch-Repair-Kit-with-Fill-Seal-Technology.jpg\" \/>\n\t<meta property=\"og:image:width\" content=\"800\" \/>\n\t<meta property=\"og:image:height\" content=\"800\" \/>\n\t<meta property=\"og:image:type\" content=\"image\/jpeg\" \/>\n<meta name=\"twitter:card\" content=\"summary_large_image\" \/>\n<meta name=\"twitter:label1\" content=\"Estimation du temps de lecture\" \/>\n\t<meta name=\"twitter:data1\" content=\"1 minute\" \/>\n<script type=\"application\/ld+json\" class=\"yoast-schema-graph\">{\"@context\":\"https:\\\/\\\/schema.org\",\"@graph\":[{\"@type\":\"WebPage\",\"@id\":\"https:\\\/\\\/ksproducts.ca\\\/product\\\/turtle-wax-hybrid-solutions-scratch-repair-kit-with-fill-seal-technology\\\/\",\"url\":\"https:\\\/\\\/ksproducts.ca\\\/product\\\/turtle-wax-hybrid-solutions-scratch-repair-kit-with-fill-seal-technology\\\/\",\"name\":\"Turtle Wax Hybrid Solutions Scratch Repair Kit with Fill & Seal Technology - Ks Products\",\"isPartOf\":{\"@id\":\"https:\\\/\\\/ksproducts.ca\\\/#website\"},\"primaryImageOfPage\":{\"@id\":\"https:\\\/\\\/ksproducts.ca\\\/product\\\/turtle-wax-hybrid-solutions-scratch-repair-kit-with-fill-seal-technology\\\/#primaryimage\"},\"image\":{\"@id\":\"https:\\\/\\\/ksproducts.ca\\\/product\\\/turtle-wax-hybrid-solutions-scratch-repair-kit-with-fill-seal-technology\\\/#primaryimage\"},\"thumbnailUrl\":\"https:\\\/\\\/ksproducts.ca\\\/wp-content\\\/uploads\\\/2026\\\/03\\\/Turtle-Wax-Hybrid-Solutions-Scratch-Repair-Kit-with-Fill-Seal-Technology.jpg\",\"datePublished\":\"2026-03-05T19:29:20+00:00\",\"breadcrumb\":{\"@id\":\"https:\\\/\\\/ksproducts.ca\\\/product\\\/turtle-wax-hybrid-solutions-scratch-repair-kit-with-fill-seal-technology\\\/#breadcrumb\"},\"inLanguage\":\"fr-CA\",\"potentialAction\":[{\"@type\":\"ReadAction\",\"target\":[\"https:\\\/\\\/ksproducts.ca\\\/product\\\/turtle-wax-hybrid-solutions-scratch-repair-kit-with-fill-seal-technology\\\/\"]}]},{\"@type\":\"ImageObject\",\"inLanguage\":\"fr-CA\",\"@id\":\"https:\\\/\\\/ksproducts.ca\\\/product\\\/turtle-wax-hybrid-solutions-scratch-repair-kit-with-fill-seal-technology\\\/#primaryimage\",\"url\":\"https:\\\/\\\/ksproducts.ca\\\/wp-content\\\/uploads\\\/2026\\\/03\\\/Turtle-Wax-Hybrid-Solutions-Scratch-Repair-Kit-with-Fill-Seal-Technology.jpg\",\"contentUrl\":\"https:\\\/\\\/ksproducts.ca\\\/wp-content\\\/uploads\\\/2026\\\/03\\\/Turtle-Wax-Hybrid-Solutions-Scratch-Repair-Kit-with-Fill-Seal-Technology.jpg\",\"width\":800,\"height\":800,\"caption\":\"Turtle Wax Hybrid Solutions Scratch Repair Kit with Fill & Seal Technology\"},{\"@type\":\"BreadcrumbList\",\"@id\":\"https:\\\/\\\/ksproducts.ca\\\/product\\\/turtle-wax-hybrid-solutions-scratch-repair-kit-with-fill-seal-technology\\\/#breadcrumb\",\"itemListElement\":[{\"@type\":\"ListItem\",\"position\":1,\"name\":\"Home\",\"item\":\"https:\\\/\\\/ksproducts.ca\\\/\"},{\"@type\":\"ListItem\",\"position\":2,\"name\":\"Shop\",\"item\":\"https:\\\/\\\/ksproducts.ca\\\/shop\\\/\"},{\"@type\":\"ListItem\",\"position\":3,\"name\":\"Turtle Wax Hybrid Solutions Scratch Repair Kit with Fill &#038; Seal Technology\"}]},{\"@type\":\"WebSite\",\"@id\":\"https:\\\/\\\/ksproducts.ca\\\/#website\",\"url\":\"https:\\\/\\\/ksproducts.ca\\\/\",\"name\":\"Ks Products\",\"description\":\"Outdoor cooking and living, made easy in Canada\",\"publisher\":{\"@id\":\"https:\\\/\\\/ksproducts.ca\\\/#organization\"},\"potentialAction\":[{\"@type\":\"SearchAction\",\"target\":{\"@type\":\"EntryPoint\",\"urlTemplate\":\"https:\\\/\\\/ksproducts.ca\\\/?s={search_term_string}\"},\"query-input\":{\"@type\":\"PropertyValueSpecification\",\"valueRequired\":true,\"valueName\":\"search_term_string\"}}],\"inLanguage\":\"fr-CA\"},{\"@type\":\"Organization\",\"@id\":\"https:\\\/\\\/ksproducts.ca\\\/#organization\",\"name\":\"Ks Products\",\"url\":\"https:\\\/\\\/ksproducts.ca\\\/\",\"logo\":{\"@type\":\"ImageObject\",\"inLanguage\":\"fr-CA\",\"@id\":\"https:\\\/\\\/ksproducts.ca\\\/#\\\/schema\\\/logo\\\/image\\\/\",\"url\":\"https:\\\/\\\/ksproducts.ca\\\/wp-content\\\/uploads\\\/2023\\\/09\\\/Kennedy-Sales-Logo-header-1.png\",\"contentUrl\":\"https:\\\/\\\/ksproducts.ca\\\/wp-content\\\/uploads\\\/2023\\\/09\\\/Kennedy-Sales-Logo-header-1.png\",\"width\":150,\"height\":77,\"caption\":\"Ks Products\"},\"image\":{\"@id\":\"https:\\\/\\\/ksproducts.ca\\\/#\\\/schema\\\/logo\\\/image\\\/\"}}]}<\/script>\n<!-- \/ Yoast SEO plugin. -->","yoast_head_json":{"title":"Turtle Wax Hybrid Solutions Scratch Repair Kit with Fill &amp; Seal Technology - Ks Products","robots":{"index":"index","follow":"follow","max-snippet":"max-snippet:-1","max-image-preview":"max-image-preview:large","max-video-preview":"max-video-preview:-1"},"canonical":"https:\/\/ksproducts.ca\/fr\/product\/kit-de-reparation-des-rayures-turtle-wax-hybrid-solutions-avec-technologie-fill-seal\/","og_locale":"fr_CA","og_type":"article","og_title":"Turtle Wax Hybrid Solutions Scratch Repair Kit with Fill & Seal Technology - Ks Products","og_description":"Hybrid Solutions Scratch Repair Kit with Clear-Coat Fill &amp; Seal Technology is an all-in-one solution that repairs &amp; renews clear-coat paint imperfections delivering body shop results. The premium clarifying compound uses Precision Platelet Technology to safely polish paint surface and blend the repair area. The self-levelling clear hard coat easily wipes on for instant gloss &amp; restores paint uniformity. This easy-to-use, hand applied solution will save you hundreds of dollars in body shop repairs.","og_url":"https:\/\/ksproducts.ca\/fr\/product\/kit-de-reparation-des-rayures-turtle-wax-hybrid-solutions-avec-technologie-fill-seal\/","og_site_name":"Ks Products","og_image":[{"width":800,"height":800,"url":"https:\/\/ksproducts.ca\/wp-content\/uploads\/2026\/03\/Turtle-Wax-Hybrid-Solutions-Scratch-Repair-Kit-with-Fill-Seal-Technology.jpg","type":"image\/jpeg"}],"twitter_card":"summary_large_image","twitter_misc":{"Estimation du temps de lecture":"1 minute"},"schema":{"@context":"https:\/\/schema.org","@graph":[{"@type":"WebPage","@id":"https:\/\/ksproducts.ca\/product\/turtle-wax-hybrid-solutions-scratch-repair-kit-with-fill-seal-technology\/","url":"https:\/\/ksproducts.ca\/product\/turtle-wax-hybrid-solutions-scratch-repair-kit-with-fill-seal-technology\/","name":"Turtle Wax Hybrid Solutions Scratch Repair Kit with Fill &amp; Seal Technology - Ks Products","isPartOf":{"@id":"https:\/\/ksproducts.ca\/#website"},"primaryImageOfPage":{"@id":"https:\/\/ksproducts.ca\/product\/turtle-wax-hybrid-solutions-scratch-repair-kit-with-fill-seal-technology\/#primaryimage"},"image":{"@id":"https:\/\/ksproducts.ca\/product\/turtle-wax-hybrid-solutions-scratch-repair-kit-with-fill-seal-technology\/#primaryimage"},"thumbnailUrl":"https:\/\/ksproducts.ca\/wp-content\/uploads\/2026\/03\/Turtle-Wax-Hybrid-Solutions-Scratch-Repair-Kit-with-Fill-Seal-Technology.jpg","datePublished":"2026-03-05T19:29:20+00:00","breadcrumb":{"@id":"https:\/\/ksproducts.ca\/product\/turtle-wax-hybrid-solutions-scratch-repair-kit-with-fill-seal-technology\/#breadcrumb"},"inLanguage":"fr-CA","potentialAction":[{"@type":"ReadAction","target":["https:\/\/ksproducts.ca\/product\/turtle-wax-hybrid-solutions-scratch-repair-kit-with-fill-seal-technology\/"]}]},{"@type":"ImageObject","inLanguage":"fr-CA","@id":"https:\/\/ksproducts.ca\/product\/turtle-wax-hybrid-solutions-scratch-repair-kit-with-fill-seal-technology\/#primaryimage","url":"https:\/\/ksproducts.ca\/wp-content\/uploads\/2026\/03\/Turtle-Wax-Hybrid-Solutions-Scratch-Repair-Kit-with-Fill-Seal-Technology.jpg","contentUrl":"https:\/\/ksproducts.ca\/wp-content\/uploads\/2026\/03\/Turtle-Wax-Hybrid-Solutions-Scratch-Repair-Kit-with-Fill-Seal-Technology.jpg","width":800,"height":800,"caption":"Turtle Wax Hybrid Solutions Scratch Repair Kit with Fill & Seal Technology"},{"@type":"BreadcrumbList","@id":"https:\/\/ksproducts.ca\/product\/turtle-wax-hybrid-solutions-scratch-repair-kit-with-fill-seal-technology\/#breadcrumb","itemListElement":[{"@type":"ListItem","position":1,"name":"Home","item":"https:\/\/ksproducts.ca\/"},{"@type":"ListItem","position":2,"name":"Shop","item":"https:\/\/ksproducts.ca\/shop\/"},{"@type":"ListItem","position":3,"name":"Turtle Wax Hybrid Solutions Scratch Repair Kit with Fill &#038; Seal Technology"}]},{"@type":"WebSite","@id":"https:\/\/ksproducts.ca\/#website","url":"https:\/\/ksproducts.ca\/","name":"Produits Ks","description":"Cuisiner et vivre en plein air, c'est facile au Canada","publisher":{"@id":"https:\/\/ksproducts.ca\/#organization"},"potentialAction":[{"@type":"SearchAction","target":{"@type":"EntryPoint","urlTemplate":"https:\/\/ksproducts.ca\/?s={search_term_string}"},"query-input":{"@type":"PropertyValueSpecification","valueRequired":true,"valueName":"search_term_string"}}],"inLanguage":"fr-CA"},{"@type":"Organization","@id":"https:\/\/ksproducts.ca\/#organization","name":"Produits Ks","url":"https:\/\/ksproducts.ca\/","logo":{"@type":"ImageObject","inLanguage":"fr-CA","@id":"https:\/\/ksproducts.ca\/#\/schema\/logo\/image\/","url":"https:\/\/ksproducts.ca\/wp-content\/uploads\/2023\/09\/Kennedy-Sales-Logo-header-1.png","contentUrl":"https:\/\/ksproducts.ca\/wp-content\/uploads\/2023\/09\/Kennedy-Sales-Logo-header-1.png","width":150,"height":77,"caption":"Ks Products"},"image":{"@id":"https:\/\/ksproducts.ca\/#\/schema\/logo\/image\/"}}]}},"_links":{"self":[{"href":"https:\/\/ksproducts.ca\/fr\/wp-json\/wp\/v2\/product\/11735","targetHints":{"allow":["GET"]}}],"collection":[{"href":"https:\/\/ksproducts.ca\/fr\/wp-json\/wp\/v2\/product"}],"about":[{"href":"https:\/\/ksproducts.ca\/fr\/wp-json\/wp\/v2\/types\/product"}],"replies":[{"embeddable":true,"href":"https:\/\/ksproducts.ca\/fr\/wp-json\/wp\/v2\/comments?post=11735"}],"version-history":[{"count":2,"href":"https:\/\/ksproducts.ca\/fr\/wp-json\/wp\/v2\/product\/11735\/revisions"}],"predecessor-version":[{"id":11738,"href":"https:\/\/ksproducts.ca\/fr\/wp-json\/wp\/v2\/product\/11735\/revisions\/11738"}],"wp:featuredmedia":[{"embeddable":true,"href":"https:\/\/ksproducts.ca\/fr\/wp-json\/wp\/v2\/media\/11736"}],"wp:attachment":[{"href":"https:\/\/ksproducts.ca\/fr\/wp-json\/wp\/v2\/media?parent=11735"}],"wp:term":[{"taxonomy":"product_cat","embeddable":true,"href":"https:\/\/ksproducts.ca\/fr\/wp-json\/wp\/v2\/product_cat?post=11735"},{"taxonomy":"product_tag","embeddable":true,"href":"https:\/\/ksproducts.ca\/fr\/wp-json\/wp\/v2\/product_tag?post=11735"}],"curies":[{"name":"wp","href":"https:\/\/api.w.org\/{rel}","templated":true}]}}