{"id":11739,"date":"2026-03-05T19:34:49","date_gmt":"2026-03-05T19:34:49","guid":{"rendered":"https:\/\/ksproducts.ca\/?post_type=product&#038;p=11739"},"modified":"2026-03-05T19:34:49","modified_gmt":"2026-03-05T19:34:49","slug":"kit-de-conversion-au-gaz-naturel-pour-plancha-blackstone-avec-pare-vent","status":"publish","type":"product","link":"https:\/\/ksproducts.ca\/fr\/product\/blackstone-griddle-essentials-natural-gas-conversion-kit-with-wind-guards\/","title":{"rendered":"Blackstone Griddle Essentials Kit de conversion au gaz naturel avec pare-vent"},"content":{"rendered":"<ul>\n<li data-start=\"223\" data-end=\"380\">\n<p data-start=\"225\" data-end=\"380\">Convertit la plupart des plaques chauffantes Blackstone de 28, 30 et 36 pouces du propane au gaz naturel (exclut les mod\u00e8les Culinary Pro, Culinary Collection et certaines unit\u00e9s \u00e0 friteuse \u00e0 air).<\/p>\n<\/li>\n<li data-start=\"381\" data-end=\"464\">\n<p data-start=\"383\" data-end=\"464\">Inclut des orifices appropri\u00e9s et un tuyau de gaz naturel pour une conversion s\u00fbre et efficace<\/p>\n<\/li>\n<li data-start=\"465\" data-end=\"542\">\n<p data-start=\"467\" data-end=\"542\">N\u00e9cessite un retrait et un remplacement d\u00e9licats des orifices de soupape pour \u00e9viter tout dommage<\/p>\n<\/li>\n<li data-start=\"543\" data-end=\"657\" data-is-last-node=\"\">\n<p data-start=\"545\" data-end=\"657\" data-is-last-node=\"\">Con\u00e7u pour des performances optimales \u00e0 une pression de 7 pouces de colonne d'eau ; v\u00e9rification professionnelle de la conduite de gaz recommand\u00e9e<\/p>\n<\/li>\n<\/ul>","protected":false},"excerpt":{"rendered":"<p>Le kit de conversion au gaz naturel Blackstone avec connexion orange permet de convertir rapidement et en toute s\u00e9curit\u00e9 les plaques de cuisson au propane compatibles au gaz naturel pour une cuisine polyvalente en plein air.<\/p>","protected":false},"featured_media":11740,"comment_status":"open","ping_status":"closed","template":"","meta":[],"product_cat":[438],"product_tag":[],"class_list":{"0":"post-11739","1":"product","2":"type-product","3":"status-publish","4":"has-post-thumbnail","6":"product_cat-tools-kits","7":"product_shipping_class-class-1","9":"first","10":"instock","11":"taxable","12":"shipping-taxable","13":"purchasable","14":"product-type-simple"},"yoast_head":"<!-- This site is optimized with the Yoast SEO plugin v27.3 - https:\/\/yoast.com\/product\/yoast-seo-wordpress\/ -->\n<title>Blackstone Griddle Essentials Natural Gas Conversion Kit with Wind Guards - Ks Products<\/title>\n<meta name=\"robots\" content=\"index, follow, max-snippet:-1, max-image-preview:large, max-video-preview:-1\" \/>\n<link rel=\"canonical\" href=\"https:\/\/ksproducts.ca\/fr\/product\/kit-de-conversion-au-gaz-naturel-pour-plancha-blackstone-avec-pare-vent\/\" \/>\n<meta property=\"og:locale\" content=\"fr_CA\" \/>\n<meta property=\"og:type\" content=\"article\" \/>\n<meta property=\"og:title\" content=\"Blackstone Griddle Essentials Natural Gas Conversion Kit with Wind Guards - Ks Products\" \/>\n<meta property=\"og:description\" content=\"Blackstone Natural Gas Conversion Kit with Orange Connection allows compatible propane griddles to be converted to natural gas quickly and safely for versatile outdoor cooking.\" \/>\n<meta property=\"og:url\" content=\"https:\/\/ksproducts.ca\/fr\/product\/kit-de-conversion-au-gaz-naturel-pour-plancha-blackstone-avec-pare-vent\/\" \/>\n<meta property=\"og:site_name\" content=\"Ks Products\" \/>\n<meta property=\"og:image\" content=\"https:\/\/ksproducts.ca\/wp-content\/uploads\/2026\/03\/Blackstone-Griddle-Essentials-Natural-Gas-Conversion-Kit-with-Wind-Guards.jpg\" \/>\n\t<meta property=\"og:image:width\" content=\"800\" \/>\n\t<meta property=\"og:image:height\" content=\"720\" \/>\n\t<meta property=\"og:image:type\" content=\"image\/jpeg\" \/>\n<meta name=\"twitter:card\" content=\"summary_large_image\" \/>\n<meta name=\"twitter:label1\" content=\"Estimation du temps de lecture\" \/>\n\t<meta name=\"twitter:data1\" content=\"1 minute\" \/>\n<script type=\"application\/ld+json\" class=\"yoast-schema-graph\">{\"@context\":\"https:\\\/\\\/schema.org\",\"@graph\":[{\"@type\":\"WebPage\",\"@id\":\"https:\\\/\\\/ksproducts.ca\\\/product\\\/blackstone-griddle-essentials-natural-gas-conversion-kit-with-wind-guards\\\/\",\"url\":\"https:\\\/\\\/ksproducts.ca\\\/product\\\/blackstone-griddle-essentials-natural-gas-conversion-kit-with-wind-guards\\\/\",\"name\":\"Blackstone Griddle Essentials Natural Gas Conversion Kit with Wind Guards - Ks Products\",\"isPartOf\":{\"@id\":\"https:\\\/\\\/ksproducts.ca\\\/#website\"},\"primaryImageOfPage\":{\"@id\":\"https:\\\/\\\/ksproducts.ca\\\/product\\\/blackstone-griddle-essentials-natural-gas-conversion-kit-with-wind-guards\\\/#primaryimage\"},\"image\":{\"@id\":\"https:\\\/\\\/ksproducts.ca\\\/product\\\/blackstone-griddle-essentials-natural-gas-conversion-kit-with-wind-guards\\\/#primaryimage\"},\"thumbnailUrl\":\"https:\\\/\\\/ksproducts.ca\\\/wp-content\\\/uploads\\\/2026\\\/03\\\/Blackstone-Griddle-Essentials-Natural-Gas-Conversion-Kit-with-Wind-Guards.jpg\",\"datePublished\":\"2026-03-05T19:34:49+00:00\",\"breadcrumb\":{\"@id\":\"https:\\\/\\\/ksproducts.ca\\\/product\\\/blackstone-griddle-essentials-natural-gas-conversion-kit-with-wind-guards\\\/#breadcrumb\"},\"inLanguage\":\"fr-CA\",\"potentialAction\":[{\"@type\":\"ReadAction\",\"target\":[\"https:\\\/\\\/ksproducts.ca\\\/product\\\/blackstone-griddle-essentials-natural-gas-conversion-kit-with-wind-guards\\\/\"]}]},{\"@type\":\"ImageObject\",\"inLanguage\":\"fr-CA\",\"@id\":\"https:\\\/\\\/ksproducts.ca\\\/product\\\/blackstone-griddle-essentials-natural-gas-conversion-kit-with-wind-guards\\\/#primaryimage\",\"url\":\"https:\\\/\\\/ksproducts.ca\\\/wp-content\\\/uploads\\\/2026\\\/03\\\/Blackstone-Griddle-Essentials-Natural-Gas-Conversion-Kit-with-Wind-Guards.jpg\",\"contentUrl\":\"https:\\\/\\\/ksproducts.ca\\\/wp-content\\\/uploads\\\/2026\\\/03\\\/Blackstone-Griddle-Essentials-Natural-Gas-Conversion-Kit-with-Wind-Guards.jpg\",\"width\":800,\"height\":720,\"caption\":\"Blackstone Griddle Essentials Natural Gas Conversion Kit with Wind Guards\"},{\"@type\":\"BreadcrumbList\",\"@id\":\"https:\\\/\\\/ksproducts.ca\\\/product\\\/blackstone-griddle-essentials-natural-gas-conversion-kit-with-wind-guards\\\/#breadcrumb\",\"itemListElement\":[{\"@type\":\"ListItem\",\"position\":1,\"name\":\"Home\",\"item\":\"https:\\\/\\\/ksproducts.ca\\\/\"},{\"@type\":\"ListItem\",\"position\":2,\"name\":\"Shop\",\"item\":\"https:\\\/\\\/ksproducts.ca\\\/shop\\\/\"},{\"@type\":\"ListItem\",\"position\":3,\"name\":\"Blackstone Griddle Essentials Natural Gas Conversion Kit with Wind Guards\"}]},{\"@type\":\"WebSite\",\"@id\":\"https:\\\/\\\/ksproducts.ca\\\/#website\",\"url\":\"https:\\\/\\\/ksproducts.ca\\\/\",\"name\":\"Ks Products\",\"description\":\"Outdoor cooking and living, made easy in Canada\",\"publisher\":{\"@id\":\"https:\\\/\\\/ksproducts.ca\\\/#organization\"},\"potentialAction\":[{\"@type\":\"SearchAction\",\"target\":{\"@type\":\"EntryPoint\",\"urlTemplate\":\"https:\\\/\\\/ksproducts.ca\\\/?s={search_term_string}\"},\"query-input\":{\"@type\":\"PropertyValueSpecification\",\"valueRequired\":true,\"valueName\":\"search_term_string\"}}],\"inLanguage\":\"fr-CA\"},{\"@type\":\"Organization\",\"@id\":\"https:\\\/\\\/ksproducts.ca\\\/#organization\",\"name\":\"Ks Products\",\"url\":\"https:\\\/\\\/ksproducts.ca\\\/\",\"logo\":{\"@type\":\"ImageObject\",\"inLanguage\":\"fr-CA\",\"@id\":\"https:\\\/\\\/ksproducts.ca\\\/#\\\/schema\\\/logo\\\/image\\\/\",\"url\":\"https:\\\/\\\/ksproducts.ca\\\/wp-content\\\/uploads\\\/2023\\\/09\\\/Kennedy-Sales-Logo-header-1.png\",\"contentUrl\":\"https:\\\/\\\/ksproducts.ca\\\/wp-content\\\/uploads\\\/2023\\\/09\\\/Kennedy-Sales-Logo-header-1.png\",\"width\":150,\"height\":77,\"caption\":\"Ks Products\"},\"image\":{\"@id\":\"https:\\\/\\\/ksproducts.ca\\\/#\\\/schema\\\/logo\\\/image\\\/\"}}]}<\/script>\n<!-- \/ Yoast SEO plugin. -->","yoast_head_json":{"title":"Kit de conversion au gaz naturel pour plaque chauffante Blackstone avec protections contre le vent - Ks Products","robots":{"index":"index","follow":"follow","max-snippet":"max-snippet:-1","max-image-preview":"max-image-preview:large","max-video-preview":"max-video-preview:-1"},"canonical":"https:\/\/ksproducts.ca\/fr\/product\/kit-de-conversion-au-gaz-naturel-pour-plancha-blackstone-avec-pare-vent\/","og_locale":"fr_CA","og_type":"article","og_title":"Blackstone Griddle Essentials Natural Gas Conversion Kit with Wind Guards - Ks Products","og_description":"Blackstone Natural Gas Conversion Kit with Orange Connection allows compatible propane griddles to be converted to natural gas quickly and safely for versatile outdoor cooking.","og_url":"https:\/\/ksproducts.ca\/fr\/product\/kit-de-conversion-au-gaz-naturel-pour-plancha-blackstone-avec-pare-vent\/","og_site_name":"Ks Products","og_image":[{"width":800,"height":720,"url":"https:\/\/ksproducts.ca\/wp-content\/uploads\/2026\/03\/Blackstone-Griddle-Essentials-Natural-Gas-Conversion-Kit-with-Wind-Guards.jpg","type":"image\/jpeg"}],"twitter_card":"summary_large_image","twitter_misc":{"Estimation du temps de lecture":"1 minute"},"schema":{"@context":"https:\/\/schema.org","@graph":[{"@type":"WebPage","@id":"https:\/\/ksproducts.ca\/product\/blackstone-griddle-essentials-natural-gas-conversion-kit-with-wind-guards\/","url":"https:\/\/ksproducts.ca\/product\/blackstone-griddle-essentials-natural-gas-conversion-kit-with-wind-guards\/","name":"Kit de conversion au gaz naturel pour plaque chauffante Blackstone avec protections contre le vent - Ks Products","isPartOf":{"@id":"https:\/\/ksproducts.ca\/#website"},"primaryImageOfPage":{"@id":"https:\/\/ksproducts.ca\/product\/blackstone-griddle-essentials-natural-gas-conversion-kit-with-wind-guards\/#primaryimage"},"image":{"@id":"https:\/\/ksproducts.ca\/product\/blackstone-griddle-essentials-natural-gas-conversion-kit-with-wind-guards\/#primaryimage"},"thumbnailUrl":"https:\/\/ksproducts.ca\/wp-content\/uploads\/2026\/03\/Blackstone-Griddle-Essentials-Natural-Gas-Conversion-Kit-with-Wind-Guards.jpg","datePublished":"2026-03-05T19:34:49+00:00","breadcrumb":{"@id":"https:\/\/ksproducts.ca\/product\/blackstone-griddle-essentials-natural-gas-conversion-kit-with-wind-guards\/#breadcrumb"},"inLanguage":"fr-CA","potentialAction":[{"@type":"ReadAction","target":["https:\/\/ksproducts.ca\/product\/blackstone-griddle-essentials-natural-gas-conversion-kit-with-wind-guards\/"]}]},{"@type":"ImageObject","inLanguage":"fr-CA","@id":"https:\/\/ksproducts.ca\/product\/blackstone-griddle-essentials-natural-gas-conversion-kit-with-wind-guards\/#primaryimage","url":"https:\/\/ksproducts.ca\/wp-content\/uploads\/2026\/03\/Blackstone-Griddle-Essentials-Natural-Gas-Conversion-Kit-with-Wind-Guards.jpg","contentUrl":"https:\/\/ksproducts.ca\/wp-content\/uploads\/2026\/03\/Blackstone-Griddle-Essentials-Natural-Gas-Conversion-Kit-with-Wind-Guards.jpg","width":800,"height":720,"caption":"Blackstone Griddle Essentials Natural Gas Conversion Kit with Wind Guards"},{"@type":"BreadcrumbList","@id":"https:\/\/ksproducts.ca\/product\/blackstone-griddle-essentials-natural-gas-conversion-kit-with-wind-guards\/#breadcrumb","itemListElement":[{"@type":"ListItem","position":1,"name":"Home","item":"https:\/\/ksproducts.ca\/"},{"@type":"ListItem","position":2,"name":"Shop","item":"https:\/\/ksproducts.ca\/shop\/"},{"@type":"ListItem","position":3,"name":"Blackstone Griddle Essentials Natural Gas Conversion Kit with Wind Guards"}]},{"@type":"WebSite","@id":"https:\/\/ksproducts.ca\/#website","url":"https:\/\/ksproducts.ca\/","name":"Produits Ks","description":"Cuisiner et vivre en plein air, c'est facile au Canada","publisher":{"@id":"https:\/\/ksproducts.ca\/#organization"},"potentialAction":[{"@type":"SearchAction","target":{"@type":"EntryPoint","urlTemplate":"https:\/\/ksproducts.ca\/?s={search_term_string}"},"query-input":{"@type":"PropertyValueSpecification","valueRequired":true,"valueName":"search_term_string"}}],"inLanguage":"fr-CA"},{"@type":"Organization","@id":"https:\/\/ksproducts.ca\/#organization","name":"Produits Ks","url":"https:\/\/ksproducts.ca\/","logo":{"@type":"ImageObject","inLanguage":"fr-CA","@id":"https:\/\/ksproducts.ca\/#\/schema\/logo\/image\/","url":"https:\/\/ksproducts.ca\/wp-content\/uploads\/2023\/09\/Kennedy-Sales-Logo-header-1.png","contentUrl":"https:\/\/ksproducts.ca\/wp-content\/uploads\/2023\/09\/Kennedy-Sales-Logo-header-1.png","width":150,"height":77,"caption":"Ks Products"},"image":{"@id":"https:\/\/ksproducts.ca\/#\/schema\/logo\/image\/"}}]}},"_links":{"self":[{"href":"https:\/\/ksproducts.ca\/fr\/wp-json\/wp\/v2\/product\/11739","targetHints":{"allow":["GET"]}}],"collection":[{"href":"https:\/\/ksproducts.ca\/fr\/wp-json\/wp\/v2\/product"}],"about":[{"href":"https:\/\/ksproducts.ca\/fr\/wp-json\/wp\/v2\/types\/product"}],"replies":[{"embeddable":true,"href":"https:\/\/ksproducts.ca\/fr\/wp-json\/wp\/v2\/comments?post=11739"}],"version-history":[{"count":1,"href":"https:\/\/ksproducts.ca\/fr\/wp-json\/wp\/v2\/product\/11739\/revisions"}],"predecessor-version":[{"id":11741,"href":"https:\/\/ksproducts.ca\/fr\/wp-json\/wp\/v2\/product\/11739\/revisions\/11741"}],"wp:featuredmedia":[{"embeddable":true,"href":"https:\/\/ksproducts.ca\/fr\/wp-json\/wp\/v2\/media\/11740"}],"wp:attachment":[{"href":"https:\/\/ksproducts.ca\/fr\/wp-json\/wp\/v2\/media?parent=11739"}],"wp:term":[{"taxonomy":"product_cat","embeddable":true,"href":"https:\/\/ksproducts.ca\/fr\/wp-json\/wp\/v2\/product_cat?post=11739"},{"taxonomy":"product_tag","embeddable":true,"href":"https:\/\/ksproducts.ca\/fr\/wp-json\/wp\/v2\/product_tag?post=11739"}],"curies":[{"name":"wp","href":"https:\/\/api.w.org\/{rel}","templated":true}]}}