{"id":11742,"date":"2026-03-05T19:39:43","date_gmt":"2026-03-05T19:39:43","guid":{"rendered":"https:\/\/ksproducts.ca\/?post_type=product&#038;p=11742"},"modified":"2026-03-16T16:53:34","modified_gmt":"2026-03-16T16:53:34","slug":"turtle-wax-x-mr-cartoon-nouveau-trajet-odorisant-brouillard-57g","status":"publish","type":"product","link":"https:\/\/ksproducts.ca\/fr\/product\/turtle-wax-x-mr-cartoon-new-ride-odor-fogger-57g\/","title":{"rendered":"Turtle Wax x Mr. Cartoon New Ride Odor Fogger - 57g"},"content":{"rendered":"<ul>\n<li class=\"nl-features__information\">Profitez d'une propret\u00e9 luxueuse et d'un parfum frais qui dure jusqu'\u00e0 30 jours<\/li>\n<li class=\"nl-features__information\">Taille compacte pour un rangement pratique<\/li>\n<li class=\"nl-features__information\">Formule sans r\u00e9sidus, s\u00fbre et efficace sur les tapis, les tissus et autres surfaces, contrairement aux autres d\u00e9sodorisants.<\/li>\n<li class=\"nl-features__information\">Simple d'utilisation avec activation facile<\/li>\n<\/ul>","protected":false},"excerpt":{"rendered":"<p>Le spray rafra\u00eechissant d'air Turtle Wax X Mister Cartoon Odour Eliminating Fogger \u00e9limine rapidement et efficacement les odeurs ind\u00e9sirables de votre v\u00e9hicule, en ciblant les odeurs de fum\u00e9e, de nourriture, d'animaux domestiques et de liquides renvers\u00e9s. Con\u00e7u comme un brouillard \u00e0 usage unique, il p\u00e9n\u00e8tre dans les zones difficiles d'acc\u00e8s, y compris le syst\u00e8me de ventilation de votre voiture, pour neutraliser les odeurs au contact, laissant derri\u00e8re lui un parfum frais et propre.<\/p>","protected":false},"featured_media":12710,"comment_status":"open","ping_status":"closed","template":"","meta":[],"product_cat":[430],"product_tag":[],"class_list":{"0":"post-11742","1":"product","2":"type-product","3":"status-publish","4":"has-post-thumbnail","6":"product_cat-automotive-gear","7":"product_shipping_class-class-1","9":"first","10":"instock","11":"taxable","12":"shipping-taxable","13":"purchasable","14":"product-type-simple"},"yoast_head":"<!-- This site is optimized with the Yoast SEO plugin v27.3 - https:\/\/yoast.com\/product\/yoast-seo-wordpress\/ -->\n<title>Turtle Wax x Mr. Cartoon New Ride Odor Fogger - 57g - Ks Products<\/title>\n<meta name=\"robots\" content=\"index, follow, max-snippet:-1, max-image-preview:large, max-video-preview:-1\" \/>\n<link rel=\"canonical\" href=\"https:\/\/ksproducts.ca\/fr\/product\/turtle-wax-x-mr-cartoon-nouveau-trajet-odorisant-brouillard-57g\/\" \/>\n<meta property=\"og:locale\" content=\"fr_CA\" \/>\n<meta property=\"og:type\" content=\"article\" \/>\n<meta property=\"og:title\" content=\"Turtle Wax x Mr. Cartoon New Ride Odor Fogger - 57g - Ks Products\" \/>\n<meta property=\"og:description\" content=\"Turtle Wax X Mister Cartoon Odour Eliminating Fogger Air Refresher Spray quickly and effectively eliminates unwanted odours from your vehicle, targeting smells from smoke, food, pets and spills. Designed as a one-time-use fogging mist, it penetrates hard-to-reach areas, including your car\u2019s ventilation system, to neutralize odours on contact, leaving behind a fresh, clean scent.\" \/>\n<meta property=\"og:url\" content=\"https:\/\/ksproducts.ca\/fr\/product\/turtle-wax-x-mr-cartoon-nouveau-trajet-odorisant-brouillard-57g\/\" \/>\n<meta property=\"og:site_name\" content=\"Ks Products\" \/>\n<meta property=\"article:modified_time\" content=\"2026-03-16T16:53:34+00:00\" \/>\n<meta property=\"og:image\" content=\"https:\/\/ksproducts.ca\/wp-content\/uploads\/2023\/09\/Kennedy-Sales-Logo-header-1.png\" \/>\n\t<meta property=\"og:image:width\" content=\"150\" \/>\n\t<meta property=\"og:image:height\" content=\"77\" \/>\n\t<meta property=\"og:image:type\" content=\"image\/png\" \/>\n<meta name=\"twitter:card\" content=\"summary_large_image\" \/>\n<meta name=\"twitter:label1\" content=\"Estimation du temps de lecture\" \/>\n\t<meta name=\"twitter:data1\" content=\"1 minute\" \/>\n<script type=\"application\/ld+json\" class=\"yoast-schema-graph\">{\"@context\":\"https:\\\/\\\/schema.org\",\"@graph\":[{\"@type\":\"WebPage\",\"@id\":\"https:\\\/\\\/ksproducts.ca\\\/product\\\/turtle-wax-x-mr-cartoon-new-ride-odor-fogger-57g\\\/\",\"url\":\"https:\\\/\\\/ksproducts.ca\\\/product\\\/turtle-wax-x-mr-cartoon-new-ride-odor-fogger-57g\\\/\",\"name\":\"Turtle Wax x Mr. Cartoon New Ride Odor Fogger - 57g - Ks Products\",\"isPartOf\":{\"@id\":\"https:\\\/\\\/ksproducts.ca\\\/#website\"},\"primaryImageOfPage\":{\"@id\":\"https:\\\/\\\/ksproducts.ca\\\/product\\\/turtle-wax-x-mr-cartoon-new-ride-odor-fogger-57g\\\/#primaryimage\"},\"image\":{\"@id\":\"https:\\\/\\\/ksproducts.ca\\\/product\\\/turtle-wax-x-mr-cartoon-new-ride-odor-fogger-57g\\\/#primaryimage\"},\"thumbnailUrl\":\"https:\\\/\\\/ksproducts.ca\\\/wp-content\\\/uploads\\\/2026\\\/03\\\/Turtle-Wax-x-Mr.-Cartoon-New-Ride-Odor-Fogger-\u2013-57g.avif\",\"datePublished\":\"2026-03-05T19:39:43+00:00\",\"dateModified\":\"2026-03-16T16:53:34+00:00\",\"breadcrumb\":{\"@id\":\"https:\\\/\\\/ksproducts.ca\\\/product\\\/turtle-wax-x-mr-cartoon-new-ride-odor-fogger-57g\\\/#breadcrumb\"},\"inLanguage\":\"fr-CA\",\"potentialAction\":[{\"@type\":\"ReadAction\",\"target\":[\"https:\\\/\\\/ksproducts.ca\\\/product\\\/turtle-wax-x-mr-cartoon-new-ride-odor-fogger-57g\\\/\"]}]},{\"@type\":\"ImageObject\",\"inLanguage\":\"fr-CA\",\"@id\":\"https:\\\/\\\/ksproducts.ca\\\/product\\\/turtle-wax-x-mr-cartoon-new-ride-odor-fogger-57g\\\/#primaryimage\",\"url\":\"https:\\\/\\\/ksproducts.ca\\\/wp-content\\\/uploads\\\/2026\\\/03\\\/Turtle-Wax-x-Mr.-Cartoon-New-Ride-Odor-Fogger-\u2013-57g.avif\",\"contentUrl\":\"https:\\\/\\\/ksproducts.ca\\\/wp-content\\\/uploads\\\/2026\\\/03\\\/Turtle-Wax-x-Mr.-Cartoon-New-Ride-Odor-Fogger-\u2013-57g.avif\",\"width\":498,\"height\":498,\"caption\":\"Turtle Wax x Mr. Cartoon New Ride Odor Fogger \u2013 57g\"},{\"@type\":\"BreadcrumbList\",\"@id\":\"https:\\\/\\\/ksproducts.ca\\\/product\\\/turtle-wax-x-mr-cartoon-new-ride-odor-fogger-57g\\\/#breadcrumb\",\"itemListElement\":[{\"@type\":\"ListItem\",\"position\":1,\"name\":\"Home\",\"item\":\"https:\\\/\\\/ksproducts.ca\\\/\"},{\"@type\":\"ListItem\",\"position\":2,\"name\":\"Shop\",\"item\":\"https:\\\/\\\/ksproducts.ca\\\/shop\\\/\"},{\"@type\":\"ListItem\",\"position\":3,\"name\":\"Turtle Wax x Mr. Cartoon New Ride Odor Fogger &#8211; 57g\"}]},{\"@type\":\"WebSite\",\"@id\":\"https:\\\/\\\/ksproducts.ca\\\/#website\",\"url\":\"https:\\\/\\\/ksproducts.ca\\\/\",\"name\":\"Ks Products\",\"description\":\"Outdoor cooking and living, made easy in Canada\",\"publisher\":{\"@id\":\"https:\\\/\\\/ksproducts.ca\\\/#organization\"},\"potentialAction\":[{\"@type\":\"SearchAction\",\"target\":{\"@type\":\"EntryPoint\",\"urlTemplate\":\"https:\\\/\\\/ksproducts.ca\\\/?s={search_term_string}\"},\"query-input\":{\"@type\":\"PropertyValueSpecification\",\"valueRequired\":true,\"valueName\":\"search_term_string\"}}],\"inLanguage\":\"fr-CA\"},{\"@type\":\"Organization\",\"@id\":\"https:\\\/\\\/ksproducts.ca\\\/#organization\",\"name\":\"Ks Products\",\"url\":\"https:\\\/\\\/ksproducts.ca\\\/\",\"logo\":{\"@type\":\"ImageObject\",\"inLanguage\":\"fr-CA\",\"@id\":\"https:\\\/\\\/ksproducts.ca\\\/#\\\/schema\\\/logo\\\/image\\\/\",\"url\":\"https:\\\/\\\/ksproducts.ca\\\/wp-content\\\/uploads\\\/2023\\\/09\\\/Kennedy-Sales-Logo-header-1.png\",\"contentUrl\":\"https:\\\/\\\/ksproducts.ca\\\/wp-content\\\/uploads\\\/2023\\\/09\\\/Kennedy-Sales-Logo-header-1.png\",\"width\":150,\"height\":77,\"caption\":\"Ks Products\"},\"image\":{\"@id\":\"https:\\\/\\\/ksproducts.ca\\\/#\\\/schema\\\/logo\\\/image\\\/\"}}]}<\/script>\n<!-- \/ Yoast SEO plugin. -->","yoast_head_json":{"title":"Turtle Wax x Mr. Cartoon D\u00e9sodorisant Brouillard Nouvelle Voiture - 57g - Ks Products","robots":{"index":"index","follow":"follow","max-snippet":"max-snippet:-1","max-image-preview":"max-image-preview:large","max-video-preview":"max-video-preview:-1"},"canonical":"https:\/\/ksproducts.ca\/fr\/product\/turtle-wax-x-mr-cartoon-nouveau-trajet-odorisant-brouillard-57g\/","og_locale":"fr_CA","og_type":"article","og_title":"Turtle Wax x Mr. Cartoon New Ride Odor Fogger - 57g - Ks Products","og_description":"Turtle Wax X Mister Cartoon Odour Eliminating Fogger Air Refresher Spray quickly and effectively eliminates unwanted odours from your vehicle, targeting smells from smoke, food, pets and spills. Designed as a one-time-use fogging mist, it penetrates hard-to-reach areas, including your car\u2019s ventilation system, to neutralize odours on contact, leaving behind a fresh, clean scent.","og_url":"https:\/\/ksproducts.ca\/fr\/product\/turtle-wax-x-mr-cartoon-nouveau-trajet-odorisant-brouillard-57g\/","og_site_name":"Ks Products","article_modified_time":"2026-03-16T16:53:34+00:00","og_image":[{"width":150,"height":77,"url":"https:\/\/ksproducts.ca\/wp-content\/uploads\/2023\/09\/Kennedy-Sales-Logo-header-1.png","type":"image\/png"}],"twitter_card":"summary_large_image","twitter_misc":{"Estimation du temps de lecture":"1 minute"},"schema":{"@context":"https:\/\/schema.org","@graph":[{"@type":"WebPage","@id":"https:\/\/ksproducts.ca\/product\/turtle-wax-x-mr-cartoon-new-ride-odor-fogger-57g\/","url":"https:\/\/ksproducts.ca\/product\/turtle-wax-x-mr-cartoon-new-ride-odor-fogger-57g\/","name":"Turtle Wax x Mr. Cartoon D\u00e9sodorisant Brouillard Nouvelle Voiture - 57g - Ks Products","isPartOf":{"@id":"https:\/\/ksproducts.ca\/#website"},"primaryImageOfPage":{"@id":"https:\/\/ksproducts.ca\/product\/turtle-wax-x-mr-cartoon-new-ride-odor-fogger-57g\/#primaryimage"},"image":{"@id":"https:\/\/ksproducts.ca\/product\/turtle-wax-x-mr-cartoon-new-ride-odor-fogger-57g\/#primaryimage"},"thumbnailUrl":"https:\/\/ksproducts.ca\/wp-content\/uploads\/2026\/03\/Turtle-Wax-x-Mr.-Cartoon-New-Ride-Odor-Fogger-\u2013-57g.avif","datePublished":"2026-03-05T19:39:43+00:00","dateModified":"2026-03-16T16:53:34+00:00","breadcrumb":{"@id":"https:\/\/ksproducts.ca\/product\/turtle-wax-x-mr-cartoon-new-ride-odor-fogger-57g\/#breadcrumb"},"inLanguage":"fr-CA","potentialAction":[{"@type":"ReadAction","target":["https:\/\/ksproducts.ca\/product\/turtle-wax-x-mr-cartoon-new-ride-odor-fogger-57g\/"]}]},{"@type":"ImageObject","inLanguage":"fr-CA","@id":"https:\/\/ksproducts.ca\/product\/turtle-wax-x-mr-cartoon-new-ride-odor-fogger-57g\/#primaryimage","url":"https:\/\/ksproducts.ca\/wp-content\/uploads\/2026\/03\/Turtle-Wax-x-Mr.-Cartoon-New-Ride-Odor-Fogger-\u2013-57g.avif","contentUrl":"https:\/\/ksproducts.ca\/wp-content\/uploads\/2026\/03\/Turtle-Wax-x-Mr.-Cartoon-New-Ride-Odor-Fogger-\u2013-57g.avif","width":498,"height":498,"caption":"Turtle Wax x Mr. Cartoon New Ride Odor Fogger \u2013 57g"},{"@type":"BreadcrumbList","@id":"https:\/\/ksproducts.ca\/product\/turtle-wax-x-mr-cartoon-new-ride-odor-fogger-57g\/#breadcrumb","itemListElement":[{"@type":"ListItem","position":1,"name":"Home","item":"https:\/\/ksproducts.ca\/"},{"@type":"ListItem","position":2,"name":"Shop","item":"https:\/\/ksproducts.ca\/shop\/"},{"@type":"ListItem","position":3,"name":"Turtle Wax x Mr. Cartoon New Ride Odor Fogger &#8211; 57g"}]},{"@type":"WebSite","@id":"https:\/\/ksproducts.ca\/#website","url":"https:\/\/ksproducts.ca\/","name":"Produits Ks","description":"Cuisiner et vivre en plein air, c'est facile au Canada","publisher":{"@id":"https:\/\/ksproducts.ca\/#organization"},"potentialAction":[{"@type":"SearchAction","target":{"@type":"EntryPoint","urlTemplate":"https:\/\/ksproducts.ca\/?s={search_term_string}"},"query-input":{"@type":"PropertyValueSpecification","valueRequired":true,"valueName":"search_term_string"}}],"inLanguage":"fr-CA"},{"@type":"Organization","@id":"https:\/\/ksproducts.ca\/#organization","name":"Produits Ks","url":"https:\/\/ksproducts.ca\/","logo":{"@type":"ImageObject","inLanguage":"fr-CA","@id":"https:\/\/ksproducts.ca\/#\/schema\/logo\/image\/","url":"https:\/\/ksproducts.ca\/wp-content\/uploads\/2023\/09\/Kennedy-Sales-Logo-header-1.png","contentUrl":"https:\/\/ksproducts.ca\/wp-content\/uploads\/2023\/09\/Kennedy-Sales-Logo-header-1.png","width":150,"height":77,"caption":"Ks Products"},"image":{"@id":"https:\/\/ksproducts.ca\/#\/schema\/logo\/image\/"}}]}},"_links":{"self":[{"href":"https:\/\/ksproducts.ca\/fr\/wp-json\/wp\/v2\/product\/11742","targetHints":{"allow":["GET"]}}],"collection":[{"href":"https:\/\/ksproducts.ca\/fr\/wp-json\/wp\/v2\/product"}],"about":[{"href":"https:\/\/ksproducts.ca\/fr\/wp-json\/wp\/v2\/types\/product"}],"replies":[{"embeddable":true,"href":"https:\/\/ksproducts.ca\/fr\/wp-json\/wp\/v2\/comments?post=11742"}],"version-history":[{"count":2,"href":"https:\/\/ksproducts.ca\/fr\/wp-json\/wp\/v2\/product\/11742\/revisions"}],"predecessor-version":[{"id":12709,"href":"https:\/\/ksproducts.ca\/fr\/wp-json\/wp\/v2\/product\/11742\/revisions\/12709"}],"wp:featuredmedia":[{"embeddable":true,"href":"https:\/\/ksproducts.ca\/fr\/wp-json\/wp\/v2\/media\/12710"}],"wp:attachment":[{"href":"https:\/\/ksproducts.ca\/fr\/wp-json\/wp\/v2\/media?parent=11742"}],"wp:term":[{"taxonomy":"product_cat","embeddable":true,"href":"https:\/\/ksproducts.ca\/fr\/wp-json\/wp\/v2\/product_cat?post=11742"},{"taxonomy":"product_tag","embeddable":true,"href":"https:\/\/ksproducts.ca\/fr\/wp-json\/wp\/v2\/product_tag?post=11742"}],"curies":[{"name":"wp","href":"https:\/\/api.w.org\/{rel}","templated":true}]}}