{"id":11748,"date":"2026-03-05T19:47:21","date_gmt":"2026-03-05T19:47:21","guid":{"rendered":"https:\/\/ksproducts.ca\/?post_type=product&#038;p=11748"},"modified":"2026-03-05T19:47:21","modified_gmt":"2026-03-05T19:47:21","slug":"turtle-wax-zipwax-lave-auto-cire-avec-protection-carnauba-2-95l","status":"publish","type":"product","link":"https:\/\/ksproducts.ca\/fr\/product\/turtle-wax-zipwax-car-wash-wax-with-carnauba-protection-2-95l\/","title":{"rendered":"Turtle Wax ZipWax lavage et cire pour voiture avec protection Carnauba - 2.95L"},"content":{"rendered":"<ul>\n<li data-start=\"190\" data-end=\"272\">\n<p data-start=\"192\" data-end=\"272\">Formule \u00e0 haute mousse qui \u00e9limine la salet\u00e9, la boue et la crasse de la route pour un nettoyage sans rayures<\/p>\n<\/li>\n<li data-start=\"273\" data-end=\"343\">\n<p data-start=\"275\" data-end=\"343\">Formule \u00e0 double action lave et applique la cire de carnauba simultan\u00e9ment<\/p>\n<\/li>\n<li data-start=\"344\" data-end=\"421\">\n<p data-start=\"346\" data-end=\"421\">Laisse une couche brillante et protectrice sur la peinture pour plus d'\u00e9clat et de durabilit\u00e9.<\/p>\n<\/li>\n<li data-start=\"422\" data-end=\"500\" data-is-last-node=\"\">\n<p data-start=\"424\" data-end=\"500\" data-is-last-node=\"\">Rin\u00e7age sans traces pour des r\u00e9sultats rapides, pratiques et d'aspect professionnel<\/p>\n<\/li>\n<\/ul>","protected":false},"excerpt":{"rendered":"<p>Zip Wax Car Wash &amp; Wax est un syst\u00e8me de lavage tout-en-un qui nettoie, fait briller et prot\u00e8ge votre v\u00e9hicule en une seule \u00e9tape et sans laisser de traces.<\/p>","protected":false},"featured_media":11750,"comment_status":"open","ping_status":"closed","template":"","meta":[],"product_cat":[430],"product_tag":[],"class_list":{"0":"post-11748","1":"product","2":"type-product","3":"status-publish","4":"has-post-thumbnail","6":"product_cat-automotive-gear","7":"product_shipping_class-class-1","9":"first","10":"instock","11":"taxable","12":"shipping-taxable","13":"purchasable","14":"product-type-simple"},"yoast_head":"<!-- This site is optimized with the Yoast SEO plugin v27.4 - https:\/\/yoast.com\/product\/yoast-seo-wordpress\/ -->\n<title>Turtle Wax ZipWax Car Wash &amp; Wax with Carnauba Protection - 2.95L - Ks Products<\/title>\n<meta name=\"robots\" content=\"index, follow, max-snippet:-1, max-image-preview:large, max-video-preview:-1\" \/>\n<link rel=\"canonical\" href=\"https:\/\/ksproducts.ca\/fr\/product\/turtle-wax-zipwax-lave-auto-cire-avec-protection-carnauba-2-95l\/\" \/>\n<meta property=\"og:locale\" content=\"fr_CA\" \/>\n<meta property=\"og:type\" content=\"article\" \/>\n<meta property=\"og:title\" content=\"Turtle Wax ZipWax Car Wash &amp; Wax with Carnauba Protection - 2.95L - Ks Products\" \/>\n<meta property=\"og:description\" content=\"Zip Wax Car Wash &amp; Wax is a trusted all-in-one car wash that cleans, shines, and protects your vehicle in one easy step with spot-free results.\" \/>\n<meta property=\"og:url\" content=\"https:\/\/ksproducts.ca\/fr\/product\/turtle-wax-zipwax-lave-auto-cire-avec-protection-carnauba-2-95l\/\" \/>\n<meta property=\"og:site_name\" content=\"Ks Products\" \/>\n<meta property=\"og:image\" content=\"https:\/\/ksproducts.ca\/wp-content\/uploads\/2026\/03\/Turtle-Wax-ZipWax-Car-Wash-Wax-with-Carnauba-Protection-2.95L.webp\" \/>\n\t<meta property=\"og:image:width\" content=\"386\" \/>\n\t<meta property=\"og:image:height\" content=\"386\" \/>\n\t<meta property=\"og:image:type\" content=\"image\/webp\" \/>\n<meta name=\"twitter:card\" content=\"summary_large_image\" \/>\n<meta name=\"twitter:label1\" content=\"Estimation du temps de lecture\" \/>\n\t<meta name=\"twitter:data1\" content=\"1 minute\" \/>\n<script type=\"application\/ld+json\" class=\"yoast-schema-graph\">{\"@context\":\"https:\\\/\\\/schema.org\",\"@graph\":[{\"@type\":\"WebPage\",\"@id\":\"https:\\\/\\\/ksproducts.ca\\\/product\\\/turtle-wax-zipwax-car-wash-wax-with-carnauba-protection-2-95l\\\/\",\"url\":\"https:\\\/\\\/ksproducts.ca\\\/product\\\/turtle-wax-zipwax-car-wash-wax-with-carnauba-protection-2-95l\\\/\",\"name\":\"Turtle Wax ZipWax Car Wash & Wax with Carnauba Protection - 2.95L - Ks Products\",\"isPartOf\":{\"@id\":\"https:\\\/\\\/ksproducts.ca\\\/#website\"},\"primaryImageOfPage\":{\"@id\":\"https:\\\/\\\/ksproducts.ca\\\/product\\\/turtle-wax-zipwax-car-wash-wax-with-carnauba-protection-2-95l\\\/#primaryimage\"},\"image\":{\"@id\":\"https:\\\/\\\/ksproducts.ca\\\/product\\\/turtle-wax-zipwax-car-wash-wax-with-carnauba-protection-2-95l\\\/#primaryimage\"},\"thumbnailUrl\":\"https:\\\/\\\/ksproducts.ca\\\/wp-content\\\/uploads\\\/2026\\\/03\\\/Turtle-Wax-ZipWax-Car-Wash-Wax-with-Carnauba-Protection-2.95L.webp\",\"datePublished\":\"2026-03-05T19:47:21+00:00\",\"breadcrumb\":{\"@id\":\"https:\\\/\\\/ksproducts.ca\\\/product\\\/turtle-wax-zipwax-car-wash-wax-with-carnauba-protection-2-95l\\\/#breadcrumb\"},\"inLanguage\":\"fr-CA\",\"potentialAction\":[{\"@type\":\"ReadAction\",\"target\":[\"https:\\\/\\\/ksproducts.ca\\\/product\\\/turtle-wax-zipwax-car-wash-wax-with-carnauba-protection-2-95l\\\/\"]}]},{\"@type\":\"ImageObject\",\"inLanguage\":\"fr-CA\",\"@id\":\"https:\\\/\\\/ksproducts.ca\\\/product\\\/turtle-wax-zipwax-car-wash-wax-with-carnauba-protection-2-95l\\\/#primaryimage\",\"url\":\"https:\\\/\\\/ksproducts.ca\\\/wp-content\\\/uploads\\\/2026\\\/03\\\/Turtle-Wax-ZipWax-Car-Wash-Wax-with-Carnauba-Protection-2.95L.webp\",\"contentUrl\":\"https:\\\/\\\/ksproducts.ca\\\/wp-content\\\/uploads\\\/2026\\\/03\\\/Turtle-Wax-ZipWax-Car-Wash-Wax-with-Carnauba-Protection-2.95L.webp\",\"width\":386,\"height\":386,\"caption\":\"Turtle Wax ZipWax Car Wash & Wax with Carnauba Protection 2.95L\"},{\"@type\":\"BreadcrumbList\",\"@id\":\"https:\\\/\\\/ksproducts.ca\\\/product\\\/turtle-wax-zipwax-car-wash-wax-with-carnauba-protection-2-95l\\\/#breadcrumb\",\"itemListElement\":[{\"@type\":\"ListItem\",\"position\":1,\"name\":\"Home\",\"item\":\"https:\\\/\\\/ksproducts.ca\\\/\"},{\"@type\":\"ListItem\",\"position\":2,\"name\":\"Shop\",\"item\":\"https:\\\/\\\/ksproducts.ca\\\/shop\\\/\"},{\"@type\":\"ListItem\",\"position\":3,\"name\":\"Turtle Wax ZipWax Car Wash &#038; Wax with Carnauba Protection &#8211; 2.95L\"}]},{\"@type\":\"WebSite\",\"@id\":\"https:\\\/\\\/ksproducts.ca\\\/#website\",\"url\":\"https:\\\/\\\/ksproducts.ca\\\/\",\"name\":\"Ks Products\",\"description\":\"Outdoor cooking and living, made easy in Canada\",\"publisher\":{\"@id\":\"https:\\\/\\\/ksproducts.ca\\\/#organization\"},\"potentialAction\":[{\"@type\":\"SearchAction\",\"target\":{\"@type\":\"EntryPoint\",\"urlTemplate\":\"https:\\\/\\\/ksproducts.ca\\\/?s={search_term_string}\"},\"query-input\":{\"@type\":\"PropertyValueSpecification\",\"valueRequired\":true,\"valueName\":\"search_term_string\"}}],\"inLanguage\":\"fr-CA\"},{\"@type\":\"Organization\",\"@id\":\"https:\\\/\\\/ksproducts.ca\\\/#organization\",\"name\":\"Ks Products\",\"url\":\"https:\\\/\\\/ksproducts.ca\\\/\",\"logo\":{\"@type\":\"ImageObject\",\"inLanguage\":\"fr-CA\",\"@id\":\"https:\\\/\\\/ksproducts.ca\\\/#\\\/schema\\\/logo\\\/image\\\/\",\"url\":\"https:\\\/\\\/ksproducts.ca\\\/wp-content\\\/uploads\\\/2023\\\/09\\\/Kennedy-Sales-Logo-header-1.png\",\"contentUrl\":\"https:\\\/\\\/ksproducts.ca\\\/wp-content\\\/uploads\\\/2023\\\/09\\\/Kennedy-Sales-Logo-header-1.png\",\"width\":150,\"height\":77,\"caption\":\"Ks Products\"},\"image\":{\"@id\":\"https:\\\/\\\/ksproducts.ca\\\/#\\\/schema\\\/logo\\\/image\\\/\"}}]}<\/script>\n<!-- \/ Yoast SEO plugin. -->","yoast_head_json":{"title":"Turtle Wax ZipWax Lave-Auto et Cire avec Protection Carnauba - 2,95L - Ks Products","robots":{"index":"index","follow":"follow","max-snippet":"max-snippet:-1","max-image-preview":"max-image-preview:large","max-video-preview":"max-video-preview:-1"},"canonical":"https:\/\/ksproducts.ca\/fr\/product\/turtle-wax-zipwax-lave-auto-cire-avec-protection-carnauba-2-95l\/","og_locale":"fr_CA","og_type":"article","og_title":"Turtle Wax ZipWax Car Wash & Wax with Carnauba Protection - 2.95L - Ks Products","og_description":"Zip Wax Car Wash &amp; Wax is a trusted all-in-one car wash that cleans, shines, and protects your vehicle in one easy step with spot-free results.","og_url":"https:\/\/ksproducts.ca\/fr\/product\/turtle-wax-zipwax-lave-auto-cire-avec-protection-carnauba-2-95l\/","og_site_name":"Ks Products","og_image":[{"width":386,"height":386,"url":"https:\/\/ksproducts.ca\/wp-content\/uploads\/2026\/03\/Turtle-Wax-ZipWax-Car-Wash-Wax-with-Carnauba-Protection-2.95L.webp","type":"image\/webp"}],"twitter_card":"summary_large_image","twitter_misc":{"Estimation du temps de lecture":"1 minute"},"schema":{"@context":"https:\/\/schema.org","@graph":[{"@type":"WebPage","@id":"https:\/\/ksproducts.ca\/product\/turtle-wax-zipwax-car-wash-wax-with-carnauba-protection-2-95l\/","url":"https:\/\/ksproducts.ca\/product\/turtle-wax-zipwax-car-wash-wax-with-carnauba-protection-2-95l\/","name":"Turtle Wax ZipWax Lave-Auto et Cire avec Protection Carnauba - 2,95L - Ks Products","isPartOf":{"@id":"https:\/\/ksproducts.ca\/#website"},"primaryImageOfPage":{"@id":"https:\/\/ksproducts.ca\/product\/turtle-wax-zipwax-car-wash-wax-with-carnauba-protection-2-95l\/#primaryimage"},"image":{"@id":"https:\/\/ksproducts.ca\/product\/turtle-wax-zipwax-car-wash-wax-with-carnauba-protection-2-95l\/#primaryimage"},"thumbnailUrl":"https:\/\/ksproducts.ca\/wp-content\/uploads\/2026\/03\/Turtle-Wax-ZipWax-Car-Wash-Wax-with-Carnauba-Protection-2.95L.webp","datePublished":"2026-03-05T19:47:21+00:00","breadcrumb":{"@id":"https:\/\/ksproducts.ca\/product\/turtle-wax-zipwax-car-wash-wax-with-carnauba-protection-2-95l\/#breadcrumb"},"inLanguage":"fr-CA","potentialAction":[{"@type":"ReadAction","target":["https:\/\/ksproducts.ca\/product\/turtle-wax-zipwax-car-wash-wax-with-carnauba-protection-2-95l\/"]}]},{"@type":"ImageObject","inLanguage":"fr-CA","@id":"https:\/\/ksproducts.ca\/product\/turtle-wax-zipwax-car-wash-wax-with-carnauba-protection-2-95l\/#primaryimage","url":"https:\/\/ksproducts.ca\/wp-content\/uploads\/2026\/03\/Turtle-Wax-ZipWax-Car-Wash-Wax-with-Carnauba-Protection-2.95L.webp","contentUrl":"https:\/\/ksproducts.ca\/wp-content\/uploads\/2026\/03\/Turtle-Wax-ZipWax-Car-Wash-Wax-with-Carnauba-Protection-2.95L.webp","width":386,"height":386,"caption":"Turtle Wax ZipWax Car Wash & Wax with Carnauba Protection 2.95L"},{"@type":"BreadcrumbList","@id":"https:\/\/ksproducts.ca\/product\/turtle-wax-zipwax-car-wash-wax-with-carnauba-protection-2-95l\/#breadcrumb","itemListElement":[{"@type":"ListItem","position":1,"name":"Home","item":"https:\/\/ksproducts.ca\/"},{"@type":"ListItem","position":2,"name":"Shop","item":"https:\/\/ksproducts.ca\/shop\/"},{"@type":"ListItem","position":3,"name":"Turtle Wax ZipWax Car Wash &#038; Wax with Carnauba Protection &#8211; 2.95L"}]},{"@type":"WebSite","@id":"https:\/\/ksproducts.ca\/#website","url":"https:\/\/ksproducts.ca\/","name":"Produits Ks","description":"Cuisiner et vivre en plein air, c'est facile au Canada","publisher":{"@id":"https:\/\/ksproducts.ca\/#organization"},"potentialAction":[{"@type":"SearchAction","target":{"@type":"EntryPoint","urlTemplate":"https:\/\/ksproducts.ca\/?s={search_term_string}"},"query-input":{"@type":"PropertyValueSpecification","valueRequired":true,"valueName":"search_term_string"}}],"inLanguage":"fr-CA"},{"@type":"Organization","@id":"https:\/\/ksproducts.ca\/#organization","name":"Produits Ks","url":"https:\/\/ksproducts.ca\/","logo":{"@type":"ImageObject","inLanguage":"fr-CA","@id":"https:\/\/ksproducts.ca\/#\/schema\/logo\/image\/","url":"https:\/\/ksproducts.ca\/wp-content\/uploads\/2023\/09\/Kennedy-Sales-Logo-header-1.png","contentUrl":"https:\/\/ksproducts.ca\/wp-content\/uploads\/2023\/09\/Kennedy-Sales-Logo-header-1.png","width":150,"height":77,"caption":"Ks Products"},"image":{"@id":"https:\/\/ksproducts.ca\/#\/schema\/logo\/image\/"}}]}},"_links":{"self":[{"href":"https:\/\/ksproducts.ca\/fr\/wp-json\/wp\/v2\/product\/11748","targetHints":{"allow":["GET"]}}],"collection":[{"href":"https:\/\/ksproducts.ca\/fr\/wp-json\/wp\/v2\/product"}],"about":[{"href":"https:\/\/ksproducts.ca\/fr\/wp-json\/wp\/v2\/types\/product"}],"replies":[{"embeddable":true,"href":"https:\/\/ksproducts.ca\/fr\/wp-json\/wp\/v2\/comments?post=11748"}],"version-history":[{"count":1,"href":"https:\/\/ksproducts.ca\/fr\/wp-json\/wp\/v2\/product\/11748\/revisions"}],"predecessor-version":[{"id":11752,"href":"https:\/\/ksproducts.ca\/fr\/wp-json\/wp\/v2\/product\/11748\/revisions\/11752"}],"wp:featuredmedia":[{"embeddable":true,"href":"https:\/\/ksproducts.ca\/fr\/wp-json\/wp\/v2\/media\/11750"}],"wp:attachment":[{"href":"https:\/\/ksproducts.ca\/fr\/wp-json\/wp\/v2\/media?parent=11748"}],"wp:term":[{"taxonomy":"product_cat","embeddable":true,"href":"https:\/\/ksproducts.ca\/fr\/wp-json\/wp\/v2\/product_cat?post=11748"},{"taxonomy":"product_tag","embeddable":true,"href":"https:\/\/ksproducts.ca\/fr\/wp-json\/wp\/v2\/product_tag?post=11748"}],"curies":[{"name":"wp","href":"https:\/\/api.w.org\/{rel}","templated":true}]}}