{"id":11753,"date":"2026-03-05T19:53:24","date_gmt":"2026-03-05T19:53:24","guid":{"rendered":"https:\/\/ksproducts.ca\/?post_type=product&#038;p=11753"},"modified":"2026-03-16T16:55:07","modified_gmt":"2026-03-16T16:55:07","slug":"turtle-wax-x-mr-cartoon-nettoyant-preparation-pneus-946-ml","status":"publish","type":"product","link":"https:\/\/ksproducts.ca\/fr\/product\/turtle-wax-x-mr-cartoon-all-tire-clean-prep-946ml\/","title":{"rendered":"Turtle Wax x Mr. Cartoon All Tire Clean &amp; Prep - 946ml"},"content":{"rendered":"<ul>\n<li class=\"nl-features__information\">Turtle Wax X Mister Cartoon Nettoyant et Pr\u00e9parateur Moussant pour Pneus dissout rapidement la poussi\u00e8re de frein, la graisse, la salet\u00e9 et les anciens lustrants de pneus au contact, laissant les pneus impeccables, sans traces ni r\u00e9sidus<\/li>\n<li class=\"nl-features__information\">Redonne aux pneus ternes et sales un noir jais profond<\/li>\n<li class=\"nl-features__information\">Solution ultime pour assurer une surface de pneu propre pour une liaison optimale des brillants et des pansements pour pneus<\/li>\n<li class=\"nl-features__information\">\u00c9limine rapidement la salet\u00e9 et la crasse sans frotter<\/li>\n<li class=\"nl-features__information\">Conseils Tortue : Si le brunissement ou les taches persistent, une r\u00e9application peut \u00eatre n\u00e9cessaire. \u00c9viter tout contact avec l'aluminium non rev\u00eatu transparent et les jantes personnalis\u00e9es.<\/li>\n<\/ul>","protected":false},"excerpt":{"rendered":"<p>Le Turtle Wax X Mister Cartoon All Tire Foaming Tire Clean and Prep \u00e9limine rapidement la poussi\u00e8re de frein accumul\u00e9e, la graisse, la salet\u00e9 et les anciens rev\u00eatements de pneus pour donner aux pneus un aspect noir de jais et impeccable. Cette solution de nettoyage ultime pour la pr\u00e9paration des pneus garantit une surface parfaitement propre pour une brillance et une protection maximales contre les rev\u00eatements de pneus, sans laisser de traces ou de r\u00e9sidus. Il n'est pas n\u00e9cessaire de frotter, car il \u00e9limine sans effort la salet\u00e9 et la crasse au contact. Pour les pneus tr\u00e8s sales, une nouvelle application peut \u00eatre n\u00e9cessaire pour \u00e9liminer les taches tenaces et le brunissement. \u00c9viter le contact avec les jantes en aluminium non rev\u00eatues et les jantes personnalis\u00e9es.<\/p>","protected":false},"featured_media":11754,"comment_status":"open","ping_status":"closed","template":"","meta":[],"product_cat":[430],"product_tag":[],"class_list":{"0":"post-11753","1":"product","2":"type-product","3":"status-publish","4":"has-post-thumbnail","6":"product_cat-automotive-gear","7":"product_shipping_class-class-1","9":"first","10":"instock","11":"taxable","12":"shipping-taxable","13":"purchasable","14":"product-type-simple"},"yoast_head":"<!-- This site is optimized with the Yoast SEO plugin v27.4 - https:\/\/yoast.com\/product\/yoast-seo-wordpress\/ -->\n<title>Turtle Wax x Mr. Cartoon All Tire Clean &amp; Prep - 946ml - Ks Products<\/title>\n<meta name=\"robots\" content=\"index, follow, max-snippet:-1, max-image-preview:large, max-video-preview:-1\" \/>\n<link rel=\"canonical\" href=\"https:\/\/ksproducts.ca\/fr\/product\/turtle-wax-x-mr-cartoon-nettoyant-preparation-pneus-946-ml\/\" \/>\n<meta property=\"og:locale\" content=\"fr_CA\" \/>\n<meta property=\"og:type\" content=\"article\" \/>\n<meta property=\"og:title\" content=\"Turtle Wax x Mr. Cartoon All Tire Clean &amp; Prep - 946ml - Ks Products\" \/>\n<meta property=\"og:description\" content=\"The Turtle Wax X Mister Cartoon All Tire Foaming Tire Clean and Prep quickly lifts away built-up brake dust, grease, grime, and old tire dressings to leave tires looking jet black and spotless. This ultimate tire prep cleaning solution ensures a perfectly clean surface for maximum shine and protection from tire dressings without leaving behind streaks or residue. There&#039;s no need for scrubbing as it effortlessly removes dirt and grime upon contact. For extremely dirty tires, reapplication may be necessary to remove stubborn stains and browning. Avoid contact with uncoated aluminum and custom rims.\" \/>\n<meta property=\"og:url\" content=\"https:\/\/ksproducts.ca\/fr\/product\/turtle-wax-x-mr-cartoon-nettoyant-preparation-pneus-946-ml\/\" \/>\n<meta property=\"og:site_name\" content=\"Ks Products\" \/>\n<meta property=\"article:modified_time\" content=\"2026-03-16T16:55:07+00:00\" \/>\n<meta property=\"og:image\" content=\"https:\/\/ksproducts.ca\/wp-content\/uploads\/2026\/03\/Turtle-Wax-x-Mr.-Cartoon-All-Tire-Clean-Prep-946ml.jpg\" \/>\n\t<meta property=\"og:image:width\" content=\"800\" \/>\n\t<meta property=\"og:image:height\" content=\"800\" \/>\n\t<meta property=\"og:image:type\" content=\"image\/jpeg\" \/>\n<meta name=\"twitter:card\" content=\"summary_large_image\" \/>\n<meta name=\"twitter:label1\" content=\"Estimation du temps de lecture\" \/>\n\t<meta name=\"twitter:data1\" content=\"1 minute\" \/>\n<script type=\"application\/ld+json\" class=\"yoast-schema-graph\">{\"@context\":\"https:\\\/\\\/schema.org\",\"@graph\":[{\"@type\":\"WebPage\",\"@id\":\"https:\\\/\\\/ksproducts.ca\\\/product\\\/turtle-wax-x-mr-cartoon-all-tire-clean-prep-946ml\\\/\",\"url\":\"https:\\\/\\\/ksproducts.ca\\\/product\\\/turtle-wax-x-mr-cartoon-all-tire-clean-prep-946ml\\\/\",\"name\":\"Turtle Wax x Mr. Cartoon All Tire Clean & Prep - 946ml - Ks Products\",\"isPartOf\":{\"@id\":\"https:\\\/\\\/ksproducts.ca\\\/#website\"},\"primaryImageOfPage\":{\"@id\":\"https:\\\/\\\/ksproducts.ca\\\/product\\\/turtle-wax-x-mr-cartoon-all-tire-clean-prep-946ml\\\/#primaryimage\"},\"image\":{\"@id\":\"https:\\\/\\\/ksproducts.ca\\\/product\\\/turtle-wax-x-mr-cartoon-all-tire-clean-prep-946ml\\\/#primaryimage\"},\"thumbnailUrl\":\"https:\\\/\\\/ksproducts.ca\\\/wp-content\\\/uploads\\\/2026\\\/03\\\/Turtle-Wax-x-Mr.-Cartoon-All-Tire-Clean-Prep-946ml.jpg\",\"datePublished\":\"2026-03-05T19:53:24+00:00\",\"dateModified\":\"2026-03-16T16:55:07+00:00\",\"breadcrumb\":{\"@id\":\"https:\\\/\\\/ksproducts.ca\\\/product\\\/turtle-wax-x-mr-cartoon-all-tire-clean-prep-946ml\\\/#breadcrumb\"},\"inLanguage\":\"fr-CA\",\"potentialAction\":[{\"@type\":\"ReadAction\",\"target\":[\"https:\\\/\\\/ksproducts.ca\\\/product\\\/turtle-wax-x-mr-cartoon-all-tire-clean-prep-946ml\\\/\"]}]},{\"@type\":\"ImageObject\",\"inLanguage\":\"fr-CA\",\"@id\":\"https:\\\/\\\/ksproducts.ca\\\/product\\\/turtle-wax-x-mr-cartoon-all-tire-clean-prep-946ml\\\/#primaryimage\",\"url\":\"https:\\\/\\\/ksproducts.ca\\\/wp-content\\\/uploads\\\/2026\\\/03\\\/Turtle-Wax-x-Mr.-Cartoon-All-Tire-Clean-Prep-946ml.jpg\",\"contentUrl\":\"https:\\\/\\\/ksproducts.ca\\\/wp-content\\\/uploads\\\/2026\\\/03\\\/Turtle-Wax-x-Mr.-Cartoon-All-Tire-Clean-Prep-946ml.jpg\",\"width\":800,\"height\":800,\"caption\":\"Turtle Wax x Mr. Cartoon All Tire Clean & Prep 946ml\"},{\"@type\":\"BreadcrumbList\",\"@id\":\"https:\\\/\\\/ksproducts.ca\\\/product\\\/turtle-wax-x-mr-cartoon-all-tire-clean-prep-946ml\\\/#breadcrumb\",\"itemListElement\":[{\"@type\":\"ListItem\",\"position\":1,\"name\":\"Home\",\"item\":\"https:\\\/\\\/ksproducts.ca\\\/\"},{\"@type\":\"ListItem\",\"position\":2,\"name\":\"Shop\",\"item\":\"https:\\\/\\\/ksproducts.ca\\\/shop\\\/\"},{\"@type\":\"ListItem\",\"position\":3,\"name\":\"Turtle Wax x Mr. Cartoon All Tire Clean &#038; Prep &#8211; 946ml\"}]},{\"@type\":\"WebSite\",\"@id\":\"https:\\\/\\\/ksproducts.ca\\\/#website\",\"url\":\"https:\\\/\\\/ksproducts.ca\\\/\",\"name\":\"Ks Products\",\"description\":\"Outdoor cooking and living, made easy in Canada\",\"publisher\":{\"@id\":\"https:\\\/\\\/ksproducts.ca\\\/#organization\"},\"potentialAction\":[{\"@type\":\"SearchAction\",\"target\":{\"@type\":\"EntryPoint\",\"urlTemplate\":\"https:\\\/\\\/ksproducts.ca\\\/?s={search_term_string}\"},\"query-input\":{\"@type\":\"PropertyValueSpecification\",\"valueRequired\":true,\"valueName\":\"search_term_string\"}}],\"inLanguage\":\"fr-CA\"},{\"@type\":\"Organization\",\"@id\":\"https:\\\/\\\/ksproducts.ca\\\/#organization\",\"name\":\"Ks Products\",\"url\":\"https:\\\/\\\/ksproducts.ca\\\/\",\"logo\":{\"@type\":\"ImageObject\",\"inLanguage\":\"fr-CA\",\"@id\":\"https:\\\/\\\/ksproducts.ca\\\/#\\\/schema\\\/logo\\\/image\\\/\",\"url\":\"https:\\\/\\\/ksproducts.ca\\\/wp-content\\\/uploads\\\/2023\\\/09\\\/Kennedy-Sales-Logo-header-1.png\",\"contentUrl\":\"https:\\\/\\\/ksproducts.ca\\\/wp-content\\\/uploads\\\/2023\\\/09\\\/Kennedy-Sales-Logo-header-1.png\",\"width\":150,\"height\":77,\"caption\":\"Ks Products\"},\"image\":{\"@id\":\"https:\\\/\\\/ksproducts.ca\\\/#\\\/schema\\\/logo\\\/image\\\/\"}}]}<\/script>\n<!-- \/ Yoast SEO plugin. -->","yoast_head_json":{"title":"Turtle Wax x Mr. Cartoon Nettoyant et Pr\u00e9parateur de Pneus Tout Usage - 946ml - Ks Products","robots":{"index":"index","follow":"follow","max-snippet":"max-snippet:-1","max-image-preview":"max-image-preview:large","max-video-preview":"max-video-preview:-1"},"canonical":"https:\/\/ksproducts.ca\/fr\/product\/turtle-wax-x-mr-cartoon-nettoyant-preparation-pneus-946-ml\/","og_locale":"fr_CA","og_type":"article","og_title":"Turtle Wax x Mr. Cartoon All Tire Clean & Prep - 946ml - Ks Products","og_description":"The Turtle Wax X Mister Cartoon All Tire Foaming Tire Clean and Prep quickly lifts away built-up brake dust, grease, grime, and old tire dressings to leave tires looking jet black and spotless. This ultimate tire prep cleaning solution ensures a perfectly clean surface for maximum shine and protection from tire dressings without leaving behind streaks or residue. There's no need for scrubbing as it effortlessly removes dirt and grime upon contact. For extremely dirty tires, reapplication may be necessary to remove stubborn stains and browning. Avoid contact with uncoated aluminum and custom rims.","og_url":"https:\/\/ksproducts.ca\/fr\/product\/turtle-wax-x-mr-cartoon-nettoyant-preparation-pneus-946-ml\/","og_site_name":"Ks Products","article_modified_time":"2026-03-16T16:55:07+00:00","og_image":[{"width":800,"height":800,"url":"https:\/\/ksproducts.ca\/wp-content\/uploads\/2026\/03\/Turtle-Wax-x-Mr.-Cartoon-All-Tire-Clean-Prep-946ml.jpg","type":"image\/jpeg"}],"twitter_card":"summary_large_image","twitter_misc":{"Estimation du temps de lecture":"1 minute"},"schema":{"@context":"https:\/\/schema.org","@graph":[{"@type":"WebPage","@id":"https:\/\/ksproducts.ca\/product\/turtle-wax-x-mr-cartoon-all-tire-clean-prep-946ml\/","url":"https:\/\/ksproducts.ca\/product\/turtle-wax-x-mr-cartoon-all-tire-clean-prep-946ml\/","name":"Turtle Wax x Mr. Cartoon Nettoyant et Pr\u00e9parateur de Pneus Tout Usage - 946ml - Ks Products","isPartOf":{"@id":"https:\/\/ksproducts.ca\/#website"},"primaryImageOfPage":{"@id":"https:\/\/ksproducts.ca\/product\/turtle-wax-x-mr-cartoon-all-tire-clean-prep-946ml\/#primaryimage"},"image":{"@id":"https:\/\/ksproducts.ca\/product\/turtle-wax-x-mr-cartoon-all-tire-clean-prep-946ml\/#primaryimage"},"thumbnailUrl":"https:\/\/ksproducts.ca\/wp-content\/uploads\/2026\/03\/Turtle-Wax-x-Mr.-Cartoon-All-Tire-Clean-Prep-946ml.jpg","datePublished":"2026-03-05T19:53:24+00:00","dateModified":"2026-03-16T16:55:07+00:00","breadcrumb":{"@id":"https:\/\/ksproducts.ca\/product\/turtle-wax-x-mr-cartoon-all-tire-clean-prep-946ml\/#breadcrumb"},"inLanguage":"fr-CA","potentialAction":[{"@type":"ReadAction","target":["https:\/\/ksproducts.ca\/product\/turtle-wax-x-mr-cartoon-all-tire-clean-prep-946ml\/"]}]},{"@type":"ImageObject","inLanguage":"fr-CA","@id":"https:\/\/ksproducts.ca\/product\/turtle-wax-x-mr-cartoon-all-tire-clean-prep-946ml\/#primaryimage","url":"https:\/\/ksproducts.ca\/wp-content\/uploads\/2026\/03\/Turtle-Wax-x-Mr.-Cartoon-All-Tire-Clean-Prep-946ml.jpg","contentUrl":"https:\/\/ksproducts.ca\/wp-content\/uploads\/2026\/03\/Turtle-Wax-x-Mr.-Cartoon-All-Tire-Clean-Prep-946ml.jpg","width":800,"height":800,"caption":"Turtle Wax x Mr. Cartoon All Tire Clean & Prep 946ml"},{"@type":"BreadcrumbList","@id":"https:\/\/ksproducts.ca\/product\/turtle-wax-x-mr-cartoon-all-tire-clean-prep-946ml\/#breadcrumb","itemListElement":[{"@type":"ListItem","position":1,"name":"Home","item":"https:\/\/ksproducts.ca\/"},{"@type":"ListItem","position":2,"name":"Shop","item":"https:\/\/ksproducts.ca\/shop\/"},{"@type":"ListItem","position":3,"name":"Turtle Wax x Mr. Cartoon All Tire Clean &#038; Prep &#8211; 946ml"}]},{"@type":"WebSite","@id":"https:\/\/ksproducts.ca\/#website","url":"https:\/\/ksproducts.ca\/","name":"Produits Ks","description":"Cuisiner et vivre en plein air, c'est facile au Canada","publisher":{"@id":"https:\/\/ksproducts.ca\/#organization"},"potentialAction":[{"@type":"SearchAction","target":{"@type":"EntryPoint","urlTemplate":"https:\/\/ksproducts.ca\/?s={search_term_string}"},"query-input":{"@type":"PropertyValueSpecification","valueRequired":true,"valueName":"search_term_string"}}],"inLanguage":"fr-CA"},{"@type":"Organization","@id":"https:\/\/ksproducts.ca\/#organization","name":"Produits Ks","url":"https:\/\/ksproducts.ca\/","logo":{"@type":"ImageObject","inLanguage":"fr-CA","@id":"https:\/\/ksproducts.ca\/#\/schema\/logo\/image\/","url":"https:\/\/ksproducts.ca\/wp-content\/uploads\/2023\/09\/Kennedy-Sales-Logo-header-1.png","contentUrl":"https:\/\/ksproducts.ca\/wp-content\/uploads\/2023\/09\/Kennedy-Sales-Logo-header-1.png","width":150,"height":77,"caption":"Ks Products"},"image":{"@id":"https:\/\/ksproducts.ca\/#\/schema\/logo\/image\/"}}]}},"_links":{"self":[{"href":"https:\/\/ksproducts.ca\/fr\/wp-json\/wp\/v2\/product\/11753","targetHints":{"allow":["GET"]}}],"collection":[{"href":"https:\/\/ksproducts.ca\/fr\/wp-json\/wp\/v2\/product"}],"about":[{"href":"https:\/\/ksproducts.ca\/fr\/wp-json\/wp\/v2\/types\/product"}],"replies":[{"embeddable":true,"href":"https:\/\/ksproducts.ca\/fr\/wp-json\/wp\/v2\/comments?post=11753"}],"version-history":[{"count":2,"href":"https:\/\/ksproducts.ca\/fr\/wp-json\/wp\/v2\/product\/11753\/revisions"}],"predecessor-version":[{"id":12711,"href":"https:\/\/ksproducts.ca\/fr\/wp-json\/wp\/v2\/product\/11753\/revisions\/12711"}],"wp:featuredmedia":[{"embeddable":true,"href":"https:\/\/ksproducts.ca\/fr\/wp-json\/wp\/v2\/media\/11754"}],"wp:attachment":[{"href":"https:\/\/ksproducts.ca\/fr\/wp-json\/wp\/v2\/media?parent=11753"}],"wp:term":[{"taxonomy":"product_cat","embeddable":true,"href":"https:\/\/ksproducts.ca\/fr\/wp-json\/wp\/v2\/product_cat?post=11753"},{"taxonomy":"product_tag","embeddable":true,"href":"https:\/\/ksproducts.ca\/fr\/wp-json\/wp\/v2\/product_tag?post=11753"}],"curies":[{"name":"wp","href":"https:\/\/api.w.org\/{rel}","templated":true}]}}