{"id":11756,"date":"2026-03-05T19:57:54","date_gmt":"2026-03-05T19:57:54","guid":{"rendered":"https:\/\/ksproducts.ca\/?post_type=product&#038;p=11756"},"modified":"2026-03-05T19:57:54","modified_gmt":"2026-03-05T19:57:54","slug":"turtle-wax-x-mr-cartoon-nettoyant-toutes-roues-680ml","status":"publish","type":"product","link":"https:\/\/ksproducts.ca\/fr\/product\/turtle-wax-x-mr-cartoon-all-wheel-cleaner-680ml\/","title":{"rendered":"Turtle Wax x Mr. Cartoon Nettoyant toutes roues - 680ml"},"content":{"rendered":"<ul>\n<li data-start=\"206\" data-end=\"294\">\n<p data-start=\"208\" data-end=\"294\">\u00c9limine les contaminants de fer, la poussi\u00e8re de frein et la salet\u00e9 de la route pour un nettoyage en profondeur et professionnel<\/p>\n<\/li>\n<li data-start=\"295\" data-end=\"403\">\n<p data-start=\"297\" data-end=\"403\">Sans danger pour toutes les surfaces : finitions peintes, peinture mate, films vinyles, PPF, m\u00e9tal, chrome, verre et jantes<\/p>\n<\/li>\n<li data-start=\"404\" data-end=\"502\">\n<p data-start=\"406\" data-end=\"502\">Formule qui change de couleur devient violette au contact de particules de fer pour une action de nettoyage visible<\/p>\n<\/li>\n<li data-start=\"503\" data-end=\"595\">\n<p data-start=\"505\" data-end=\"595\">Redonne brillance et \u00e9clat aux pneus en quelques minutes ; \u00e0 utiliser sur des surfaces froides et s\u00e8ches, rincer abondamment<\/p>\n<\/li>\n<li data-start=\"596\" data-end=\"658\" data-is-last-node=\"\">\n<p data-start=\"598\" data-end=\"658\" data-is-last-node=\"\">Une agitation peut \u00eatre n\u00e9cessaire pour les zones fortement contamin\u00e9es<\/p>\n<\/li>\n<\/ul>","protected":false},"excerpt":{"rendered":"<p>Le nettoyant pour jantes offre un nettoyage puissant en \u00e9liminant les particules de fer incrust\u00e9es, la poussi\u00e8re de frein et les contaminants de la route, prolongeant ainsi la dur\u00e9e de vie des jantes et de la peinture de votre voiture. Sans danger pour toutes les surfaces, cette formule au pH neutre et sans acide convient \u00e0 diff\u00e9rents types de finitions et de mat\u00e9riaux. La formule \u00e0 couleur changeante devient violette au contact des contaminants ferreux, ce qui permet de voir facilement son action. Le neutralisateur d'odeur bloque les odeurs chimiques d\u00e9sagr\u00e9ables, am\u00e9liorant ainsi l'exp\u00e9rience de l'utilisateur. Il suffit d'appliquer le produit sur une surface fra\u00eeche et s\u00e8che, de le laisser agir pendant 2 minutes, puis de le rincer \u00e0 l'eau et de le s\u00e9cher \u00e0 l'aide d'une serviette.<\/p>","protected":false},"featured_media":11757,"comment_status":"open","ping_status":"closed","template":"","meta":[],"product_cat":[430],"product_tag":[],"class_list":{"0":"post-11756","1":"product","2":"type-product","3":"status-publish","4":"has-post-thumbnail","6":"product_cat-automotive-gear","7":"product_shipping_class-class-1","9":"first","10":"instock","11":"taxable","12":"shipping-taxable","13":"purchasable","14":"product-type-simple"},"yoast_head":"<!-- This site is optimized with the Yoast SEO plugin v27.4 - https:\/\/yoast.com\/product\/yoast-seo-wordpress\/ -->\n<title>Turtle Wax x Mr. Cartoon All Wheel Cleaner - 680ml - Ks Products<\/title>\n<meta name=\"robots\" content=\"index, follow, max-snippet:-1, max-image-preview:large, max-video-preview:-1\" \/>\n<link rel=\"canonical\" href=\"https:\/\/ksproducts.ca\/fr\/product\/turtle-wax-x-mr-cartoon-nettoyant-toutes-roues-680ml\/\" \/>\n<meta property=\"og:locale\" content=\"fr_CA\" \/>\n<meta property=\"og:type\" content=\"article\" \/>\n<meta property=\"og:title\" content=\"Turtle Wax x Mr. Cartoon All Wheel Cleaner - 680ml - Ks Products\" \/>\n<meta property=\"og:description\" content=\"The All Wheel Cleaner delivers powerful cleaning by removing embedded iron particles, brake dust, and road contaminants, extending the life of your car&#039;s wheels and paint. Safe for all surfaces, this pH neutral and acid-free formula is suitable for various finishes and materials. The colour-changing formula turns purple upon contact with iron contaminants, making it easy to see it working. The scent neutralizer blocks unpleasant chemical odors, enhancing the user experience. Simply apply to a cool, dry surface, let sit for up to 2 minutes, then rinse with water and towel dry.\" \/>\n<meta property=\"og:url\" content=\"https:\/\/ksproducts.ca\/fr\/product\/turtle-wax-x-mr-cartoon-nettoyant-toutes-roues-680ml\/\" \/>\n<meta property=\"og:site_name\" content=\"Ks Products\" \/>\n<meta property=\"og:image\" content=\"https:\/\/ksproducts.ca\/wp-content\/uploads\/2026\/03\/Turtle-Wax-x-Mr.-Cartoon-All-Wheel-Cleaner-680ml.jpg\" \/>\n\t<meta property=\"og:image:width\" content=\"800\" \/>\n\t<meta property=\"og:image:height\" content=\"800\" \/>\n\t<meta property=\"og:image:type\" content=\"image\/jpeg\" \/>\n<meta name=\"twitter:card\" content=\"summary_large_image\" \/>\n<meta name=\"twitter:label1\" content=\"Estimation du temps de lecture\" \/>\n\t<meta name=\"twitter:data1\" content=\"1 minute\" \/>\n<script type=\"application\/ld+json\" class=\"yoast-schema-graph\">{\"@context\":\"https:\\\/\\\/schema.org\",\"@graph\":[{\"@type\":\"WebPage\",\"@id\":\"https:\\\/\\\/ksproducts.ca\\\/product\\\/turtle-wax-x-mr-cartoon-all-wheel-cleaner-680ml\\\/\",\"url\":\"https:\\\/\\\/ksproducts.ca\\\/product\\\/turtle-wax-x-mr-cartoon-all-wheel-cleaner-680ml\\\/\",\"name\":\"Turtle Wax x Mr. Cartoon All Wheel Cleaner - 680ml - Ks Products\",\"isPartOf\":{\"@id\":\"https:\\\/\\\/ksproducts.ca\\\/#website\"},\"primaryImageOfPage\":{\"@id\":\"https:\\\/\\\/ksproducts.ca\\\/product\\\/turtle-wax-x-mr-cartoon-all-wheel-cleaner-680ml\\\/#primaryimage\"},\"image\":{\"@id\":\"https:\\\/\\\/ksproducts.ca\\\/product\\\/turtle-wax-x-mr-cartoon-all-wheel-cleaner-680ml\\\/#primaryimage\"},\"thumbnailUrl\":\"https:\\\/\\\/ksproducts.ca\\\/wp-content\\\/uploads\\\/2026\\\/03\\\/Turtle-Wax-x-Mr.-Cartoon-All-Wheel-Cleaner-680ml.jpg\",\"datePublished\":\"2026-03-05T19:57:54+00:00\",\"breadcrumb\":{\"@id\":\"https:\\\/\\\/ksproducts.ca\\\/product\\\/turtle-wax-x-mr-cartoon-all-wheel-cleaner-680ml\\\/#breadcrumb\"},\"inLanguage\":\"fr-CA\",\"potentialAction\":[{\"@type\":\"ReadAction\",\"target\":[\"https:\\\/\\\/ksproducts.ca\\\/product\\\/turtle-wax-x-mr-cartoon-all-wheel-cleaner-680ml\\\/\"]}]},{\"@type\":\"ImageObject\",\"inLanguage\":\"fr-CA\",\"@id\":\"https:\\\/\\\/ksproducts.ca\\\/product\\\/turtle-wax-x-mr-cartoon-all-wheel-cleaner-680ml\\\/#primaryimage\",\"url\":\"https:\\\/\\\/ksproducts.ca\\\/wp-content\\\/uploads\\\/2026\\\/03\\\/Turtle-Wax-x-Mr.-Cartoon-All-Wheel-Cleaner-680ml.jpg\",\"contentUrl\":\"https:\\\/\\\/ksproducts.ca\\\/wp-content\\\/uploads\\\/2026\\\/03\\\/Turtle-Wax-x-Mr.-Cartoon-All-Wheel-Cleaner-680ml.jpg\",\"width\":800,\"height\":800,\"caption\":\"Turtle Wax x Mr. Cartoon All Wheel Cleaner 680ml\"},{\"@type\":\"BreadcrumbList\",\"@id\":\"https:\\\/\\\/ksproducts.ca\\\/product\\\/turtle-wax-x-mr-cartoon-all-wheel-cleaner-680ml\\\/#breadcrumb\",\"itemListElement\":[{\"@type\":\"ListItem\",\"position\":1,\"name\":\"Home\",\"item\":\"https:\\\/\\\/ksproducts.ca\\\/\"},{\"@type\":\"ListItem\",\"position\":2,\"name\":\"Shop\",\"item\":\"https:\\\/\\\/ksproducts.ca\\\/shop\\\/\"},{\"@type\":\"ListItem\",\"position\":3,\"name\":\"Turtle Wax x Mr. Cartoon All Wheel Cleaner &#8211; 680ml\"}]},{\"@type\":\"WebSite\",\"@id\":\"https:\\\/\\\/ksproducts.ca\\\/#website\",\"url\":\"https:\\\/\\\/ksproducts.ca\\\/\",\"name\":\"Ks Products\",\"description\":\"Outdoor cooking and living, made easy in Canada\",\"publisher\":{\"@id\":\"https:\\\/\\\/ksproducts.ca\\\/#organization\"},\"potentialAction\":[{\"@type\":\"SearchAction\",\"target\":{\"@type\":\"EntryPoint\",\"urlTemplate\":\"https:\\\/\\\/ksproducts.ca\\\/?s={search_term_string}\"},\"query-input\":{\"@type\":\"PropertyValueSpecification\",\"valueRequired\":true,\"valueName\":\"search_term_string\"}}],\"inLanguage\":\"fr-CA\"},{\"@type\":\"Organization\",\"@id\":\"https:\\\/\\\/ksproducts.ca\\\/#organization\",\"name\":\"Ks Products\",\"url\":\"https:\\\/\\\/ksproducts.ca\\\/\",\"logo\":{\"@type\":\"ImageObject\",\"inLanguage\":\"fr-CA\",\"@id\":\"https:\\\/\\\/ksproducts.ca\\\/#\\\/schema\\\/logo\\\/image\\\/\",\"url\":\"https:\\\/\\\/ksproducts.ca\\\/wp-content\\\/uploads\\\/2023\\\/09\\\/Kennedy-Sales-Logo-header-1.png\",\"contentUrl\":\"https:\\\/\\\/ksproducts.ca\\\/wp-content\\\/uploads\\\/2023\\\/09\\\/Kennedy-Sales-Logo-header-1.png\",\"width\":150,\"height\":77,\"caption\":\"Ks Products\"},\"image\":{\"@id\":\"https:\\\/\\\/ksproducts.ca\\\/#\\\/schema\\\/logo\\\/image\\\/\"}}]}<\/script>\n<!-- \/ Yoast SEO plugin. -->","yoast_head_json":{"title":"Turtle Wax x Mr. Cartoon Nettoyant pour toutes roues - 680 ml - Ks Products","robots":{"index":"index","follow":"follow","max-snippet":"max-snippet:-1","max-image-preview":"max-image-preview:large","max-video-preview":"max-video-preview:-1"},"canonical":"https:\/\/ksproducts.ca\/fr\/product\/turtle-wax-x-mr-cartoon-nettoyant-toutes-roues-680ml\/","og_locale":"fr_CA","og_type":"article","og_title":"Turtle Wax x Mr. Cartoon All Wheel Cleaner - 680ml - Ks Products","og_description":"The All Wheel Cleaner delivers powerful cleaning by removing embedded iron particles, brake dust, and road contaminants, extending the life of your car's wheels and paint. Safe for all surfaces, this pH neutral and acid-free formula is suitable for various finishes and materials. The colour-changing formula turns purple upon contact with iron contaminants, making it easy to see it working. The scent neutralizer blocks unpleasant chemical odors, enhancing the user experience. Simply apply to a cool, dry surface, let sit for up to 2 minutes, then rinse with water and towel dry.","og_url":"https:\/\/ksproducts.ca\/fr\/product\/turtle-wax-x-mr-cartoon-nettoyant-toutes-roues-680ml\/","og_site_name":"Ks Products","og_image":[{"width":800,"height":800,"url":"https:\/\/ksproducts.ca\/wp-content\/uploads\/2026\/03\/Turtle-Wax-x-Mr.-Cartoon-All-Wheel-Cleaner-680ml.jpg","type":"image\/jpeg"}],"twitter_card":"summary_large_image","twitter_misc":{"Estimation du temps de lecture":"1 minute"},"schema":{"@context":"https:\/\/schema.org","@graph":[{"@type":"WebPage","@id":"https:\/\/ksproducts.ca\/product\/turtle-wax-x-mr-cartoon-all-wheel-cleaner-680ml\/","url":"https:\/\/ksproducts.ca\/product\/turtle-wax-x-mr-cartoon-all-wheel-cleaner-680ml\/","name":"Turtle Wax x Mr. Cartoon Nettoyant pour toutes roues - 680 ml - Ks Products","isPartOf":{"@id":"https:\/\/ksproducts.ca\/#website"},"primaryImageOfPage":{"@id":"https:\/\/ksproducts.ca\/product\/turtle-wax-x-mr-cartoon-all-wheel-cleaner-680ml\/#primaryimage"},"image":{"@id":"https:\/\/ksproducts.ca\/product\/turtle-wax-x-mr-cartoon-all-wheel-cleaner-680ml\/#primaryimage"},"thumbnailUrl":"https:\/\/ksproducts.ca\/wp-content\/uploads\/2026\/03\/Turtle-Wax-x-Mr.-Cartoon-All-Wheel-Cleaner-680ml.jpg","datePublished":"2026-03-05T19:57:54+00:00","breadcrumb":{"@id":"https:\/\/ksproducts.ca\/product\/turtle-wax-x-mr-cartoon-all-wheel-cleaner-680ml\/#breadcrumb"},"inLanguage":"fr-CA","potentialAction":[{"@type":"ReadAction","target":["https:\/\/ksproducts.ca\/product\/turtle-wax-x-mr-cartoon-all-wheel-cleaner-680ml\/"]}]},{"@type":"ImageObject","inLanguage":"fr-CA","@id":"https:\/\/ksproducts.ca\/product\/turtle-wax-x-mr-cartoon-all-wheel-cleaner-680ml\/#primaryimage","url":"https:\/\/ksproducts.ca\/wp-content\/uploads\/2026\/03\/Turtle-Wax-x-Mr.-Cartoon-All-Wheel-Cleaner-680ml.jpg","contentUrl":"https:\/\/ksproducts.ca\/wp-content\/uploads\/2026\/03\/Turtle-Wax-x-Mr.-Cartoon-All-Wheel-Cleaner-680ml.jpg","width":800,"height":800,"caption":"Turtle Wax x Mr. Cartoon All Wheel Cleaner 680ml"},{"@type":"BreadcrumbList","@id":"https:\/\/ksproducts.ca\/product\/turtle-wax-x-mr-cartoon-all-wheel-cleaner-680ml\/#breadcrumb","itemListElement":[{"@type":"ListItem","position":1,"name":"Home","item":"https:\/\/ksproducts.ca\/"},{"@type":"ListItem","position":2,"name":"Shop","item":"https:\/\/ksproducts.ca\/shop\/"},{"@type":"ListItem","position":3,"name":"Turtle Wax x Mr. Cartoon All Wheel Cleaner &#8211; 680ml"}]},{"@type":"WebSite","@id":"https:\/\/ksproducts.ca\/#website","url":"https:\/\/ksproducts.ca\/","name":"Produits Ks","description":"Cuisiner et vivre en plein air, c'est facile au Canada","publisher":{"@id":"https:\/\/ksproducts.ca\/#organization"},"potentialAction":[{"@type":"SearchAction","target":{"@type":"EntryPoint","urlTemplate":"https:\/\/ksproducts.ca\/?s={search_term_string}"},"query-input":{"@type":"PropertyValueSpecification","valueRequired":true,"valueName":"search_term_string"}}],"inLanguage":"fr-CA"},{"@type":"Organization","@id":"https:\/\/ksproducts.ca\/#organization","name":"Produits Ks","url":"https:\/\/ksproducts.ca\/","logo":{"@type":"ImageObject","inLanguage":"fr-CA","@id":"https:\/\/ksproducts.ca\/#\/schema\/logo\/image\/","url":"https:\/\/ksproducts.ca\/wp-content\/uploads\/2023\/09\/Kennedy-Sales-Logo-header-1.png","contentUrl":"https:\/\/ksproducts.ca\/wp-content\/uploads\/2023\/09\/Kennedy-Sales-Logo-header-1.png","width":150,"height":77,"caption":"Ks Products"},"image":{"@id":"https:\/\/ksproducts.ca\/#\/schema\/logo\/image\/"}}]}},"_links":{"self":[{"href":"https:\/\/ksproducts.ca\/fr\/wp-json\/wp\/v2\/product\/11756","targetHints":{"allow":["GET"]}}],"collection":[{"href":"https:\/\/ksproducts.ca\/fr\/wp-json\/wp\/v2\/product"}],"about":[{"href":"https:\/\/ksproducts.ca\/fr\/wp-json\/wp\/v2\/types\/product"}],"replies":[{"embeddable":true,"href":"https:\/\/ksproducts.ca\/fr\/wp-json\/wp\/v2\/comments?post=11756"}],"version-history":[{"count":1,"href":"https:\/\/ksproducts.ca\/fr\/wp-json\/wp\/v2\/product\/11756\/revisions"}],"predecessor-version":[{"id":11758,"href":"https:\/\/ksproducts.ca\/fr\/wp-json\/wp\/v2\/product\/11756\/revisions\/11758"}],"wp:featuredmedia":[{"embeddable":true,"href":"https:\/\/ksproducts.ca\/fr\/wp-json\/wp\/v2\/media\/11757"}],"wp:attachment":[{"href":"https:\/\/ksproducts.ca\/fr\/wp-json\/wp\/v2\/media?parent=11756"}],"wp:term":[{"taxonomy":"product_cat","embeddable":true,"href":"https:\/\/ksproducts.ca\/fr\/wp-json\/wp\/v2\/product_cat?post=11756"},{"taxonomy":"product_tag","embeddable":true,"href":"https:\/\/ksproducts.ca\/fr\/wp-json\/wp\/v2\/product_tag?post=11756"}],"curies":[{"name":"wp","href":"https:\/\/api.w.org\/{rel}","templated":true}]}}