{"id":11759,"date":"2026-03-05T20:00:56","date_gmt":"2026-03-05T20:00:56","guid":{"rendered":"https:\/\/ksproducts.ca\/?post_type=product&#038;p=11759"},"modified":"2026-03-16T16:56:34","modified_gmt":"2026-03-16T16:56:34","slug":"turtle-wax-x-mr-cartoon-nettoyant-et-protecteur-pour-cuir-vinyle-et-plastique-473-ml","status":"publish","type":"product","link":"https:\/\/ksproducts.ca\/fr\/product\/turtle-wax-x-mr-cartoon-leather-vinyl-plastic-cleaner-protectant-473ml\/","title":{"rendered":"Turtle Wax x Mr. Cartoon Leather-Vinyl-Plastic Cleaner &amp; Protectant - 473ml"},"content":{"rendered":"<ul>\n<li data-start=\"180\" data-end=\"260\">Sans danger pour toutes les surfaces int\u00e9rieures non poreuses telles que le cuir, le vinyle et les plastiques<\/li>\n<li data-start=\"263\" data-end=\"338\">La formule non grasse am\u00e9liore la clart\u00e9 de surface et conserve un aspect naturel<\/li>\n<li data-start=\"341\" data-end=\"416\">Prot\u00e8ge contre les rayons UVA et UVB pour pr\u00e9venir les craquelures, le dess\u00e8chement et la d\u00e9coloration<\/li>\n<li data-start=\"419\" data-end=\"479\">Repousse la salet\u00e9 et la poussi\u00e8re, gardant les int\u00e9rieurs plus propres plus longtemps<\/li>\n<li data-start=\"482\" data-end=\"557\">Ne pas utiliser sur le daim, le cuir non scell\u00e9 ou \u00e0 pores ouverts ; toujours tester d'abord<\/li>\n<\/ul>","protected":false},"excerpt":{"rendered":"<p>Le Turtle Wax X Mister Cartoon LVP Car Cleaner revitalise l'int\u00e9rieur de votre voiture gr\u00e2ce \u00e0 sa formule multi-surfaces facile \u00e0 utiliser. Il nettoie et prot\u00e8ge efficacement les surfaces en cuir, en vinyle et en plastique, en leur conservant leur aspect neuf et en les prot\u00e9geant des dommages caus\u00e9s par les UV.<\/p>","protected":false},"featured_media":11760,"comment_status":"open","ping_status":"closed","template":"","meta":[],"product_cat":[430],"product_tag":[],"class_list":{"0":"post-11759","1":"product","2":"type-product","3":"status-publish","4":"has-post-thumbnail","6":"product_cat-automotive-gear","7":"product_shipping_class-class-1","9":"first","10":"instock","11":"taxable","12":"shipping-taxable","13":"purchasable","14":"product-type-simple"},"yoast_head":"<!-- This site is optimized with the Yoast SEO plugin v27.4 - https:\/\/yoast.com\/product\/yoast-seo-wordpress\/ -->\n<title>Turtle Wax x Mr. Cartoon Leather-Vinyl-Plastic Cleaner &amp; Protectant - 473ml - Ks Products<\/title>\n<meta name=\"robots\" content=\"index, follow, max-snippet:-1, max-image-preview:large, max-video-preview:-1\" \/>\n<link rel=\"canonical\" href=\"https:\/\/ksproducts.ca\/fr\/product\/turtle-wax-x-mr-cartoon-nettoyant-et-protecteur-pour-cuir-vinyle-et-plastique-473-ml\/\" \/>\n<meta property=\"og:locale\" content=\"fr_CA\" \/>\n<meta property=\"og:type\" content=\"article\" \/>\n<meta property=\"og:title\" content=\"Turtle Wax x Mr. Cartoon Leather-Vinyl-Plastic Cleaner &amp; Protectant - 473ml - Ks Products\" \/>\n<meta property=\"og:description\" content=\"The Turtle Wax X Mister Cartoon LVP Car Cleaner revitalizes your car&#039;s interior with its easy-to-use, multi-surface formula. It effectively cleans and protects leather, vinyl, and plastic surfaces, keeping them looking fresh and shielded from UV damage.\" \/>\n<meta property=\"og:url\" content=\"https:\/\/ksproducts.ca\/fr\/product\/turtle-wax-x-mr-cartoon-nettoyant-et-protecteur-pour-cuir-vinyle-et-plastique-473-ml\/\" \/>\n<meta property=\"og:site_name\" content=\"Ks Products\" \/>\n<meta property=\"article:modified_time\" content=\"2026-03-16T16:56:34+00:00\" \/>\n<meta property=\"og:image\" content=\"https:\/\/ksproducts.ca\/wp-content\/uploads\/2026\/03\/Turtle-Wax-x-Mr.-Cartoon-Leather-Vinyl-Plastic-Cleaner-Protectant-473ml.jpg\" \/>\n\t<meta property=\"og:image:width\" content=\"800\" \/>\n\t<meta property=\"og:image:height\" content=\"800\" \/>\n\t<meta property=\"og:image:type\" content=\"image\/jpeg\" \/>\n<meta name=\"twitter:card\" content=\"summary_large_image\" \/>\n<meta name=\"twitter:label1\" content=\"Estimation du temps de lecture\" \/>\n\t<meta name=\"twitter:data1\" content=\"1 minute\" \/>\n<script type=\"application\/ld+json\" class=\"yoast-schema-graph\">{\"@context\":\"https:\\\/\\\/schema.org\",\"@graph\":[{\"@type\":\"WebPage\",\"@id\":\"https:\\\/\\\/ksproducts.ca\\\/product\\\/turtle-wax-x-mr-cartoon-leather-vinyl-plastic-cleaner-protectant-473ml\\\/\",\"url\":\"https:\\\/\\\/ksproducts.ca\\\/product\\\/turtle-wax-x-mr-cartoon-leather-vinyl-plastic-cleaner-protectant-473ml\\\/\",\"name\":\"Turtle Wax x Mr. Cartoon Leather-Vinyl-Plastic Cleaner & Protectant - 473ml - Ks Products\",\"isPartOf\":{\"@id\":\"https:\\\/\\\/ksproducts.ca\\\/#website\"},\"primaryImageOfPage\":{\"@id\":\"https:\\\/\\\/ksproducts.ca\\\/product\\\/turtle-wax-x-mr-cartoon-leather-vinyl-plastic-cleaner-protectant-473ml\\\/#primaryimage\"},\"image\":{\"@id\":\"https:\\\/\\\/ksproducts.ca\\\/product\\\/turtle-wax-x-mr-cartoon-leather-vinyl-plastic-cleaner-protectant-473ml\\\/#primaryimage\"},\"thumbnailUrl\":\"https:\\\/\\\/ksproducts.ca\\\/wp-content\\\/uploads\\\/2026\\\/03\\\/Turtle-Wax-x-Mr.-Cartoon-Leather-Vinyl-Plastic-Cleaner-Protectant-473ml.jpg\",\"datePublished\":\"2026-03-05T20:00:56+00:00\",\"dateModified\":\"2026-03-16T16:56:34+00:00\",\"breadcrumb\":{\"@id\":\"https:\\\/\\\/ksproducts.ca\\\/product\\\/turtle-wax-x-mr-cartoon-leather-vinyl-plastic-cleaner-protectant-473ml\\\/#breadcrumb\"},\"inLanguage\":\"fr-CA\",\"potentialAction\":[{\"@type\":\"ReadAction\",\"target\":[\"https:\\\/\\\/ksproducts.ca\\\/product\\\/turtle-wax-x-mr-cartoon-leather-vinyl-plastic-cleaner-protectant-473ml\\\/\"]}]},{\"@type\":\"ImageObject\",\"inLanguage\":\"fr-CA\",\"@id\":\"https:\\\/\\\/ksproducts.ca\\\/product\\\/turtle-wax-x-mr-cartoon-leather-vinyl-plastic-cleaner-protectant-473ml\\\/#primaryimage\",\"url\":\"https:\\\/\\\/ksproducts.ca\\\/wp-content\\\/uploads\\\/2026\\\/03\\\/Turtle-Wax-x-Mr.-Cartoon-Leather-Vinyl-Plastic-Cleaner-Protectant-473ml.jpg\",\"contentUrl\":\"https:\\\/\\\/ksproducts.ca\\\/wp-content\\\/uploads\\\/2026\\\/03\\\/Turtle-Wax-x-Mr.-Cartoon-Leather-Vinyl-Plastic-Cleaner-Protectant-473ml.jpg\",\"width\":800,\"height\":800,\"caption\":\"Turtle Wax x Mr. Cartoon Leather Vinyl Plastic Cleaner & Protectant 473ml\"},{\"@type\":\"BreadcrumbList\",\"@id\":\"https:\\\/\\\/ksproducts.ca\\\/product\\\/turtle-wax-x-mr-cartoon-leather-vinyl-plastic-cleaner-protectant-473ml\\\/#breadcrumb\",\"itemListElement\":[{\"@type\":\"ListItem\",\"position\":1,\"name\":\"Home\",\"item\":\"https:\\\/\\\/ksproducts.ca\\\/\"},{\"@type\":\"ListItem\",\"position\":2,\"name\":\"Shop\",\"item\":\"https:\\\/\\\/ksproducts.ca\\\/shop\\\/\"},{\"@type\":\"ListItem\",\"position\":3,\"name\":\"Turtle Wax x Mr. Cartoon Leather-Vinyl-Plastic Cleaner &#038; Protectant &#8211; 473ml\"}]},{\"@type\":\"WebSite\",\"@id\":\"https:\\\/\\\/ksproducts.ca\\\/#website\",\"url\":\"https:\\\/\\\/ksproducts.ca\\\/\",\"name\":\"Ks Products\",\"description\":\"Outdoor cooking and living, made easy in Canada\",\"publisher\":{\"@id\":\"https:\\\/\\\/ksproducts.ca\\\/#organization\"},\"potentialAction\":[{\"@type\":\"SearchAction\",\"target\":{\"@type\":\"EntryPoint\",\"urlTemplate\":\"https:\\\/\\\/ksproducts.ca\\\/?s={search_term_string}\"},\"query-input\":{\"@type\":\"PropertyValueSpecification\",\"valueRequired\":true,\"valueName\":\"search_term_string\"}}],\"inLanguage\":\"fr-CA\"},{\"@type\":\"Organization\",\"@id\":\"https:\\\/\\\/ksproducts.ca\\\/#organization\",\"name\":\"Ks Products\",\"url\":\"https:\\\/\\\/ksproducts.ca\\\/\",\"logo\":{\"@type\":\"ImageObject\",\"inLanguage\":\"fr-CA\",\"@id\":\"https:\\\/\\\/ksproducts.ca\\\/#\\\/schema\\\/logo\\\/image\\\/\",\"url\":\"https:\\\/\\\/ksproducts.ca\\\/wp-content\\\/uploads\\\/2023\\\/09\\\/Kennedy-Sales-Logo-header-1.png\",\"contentUrl\":\"https:\\\/\\\/ksproducts.ca\\\/wp-content\\\/uploads\\\/2023\\\/09\\\/Kennedy-Sales-Logo-header-1.png\",\"width\":150,\"height\":77,\"caption\":\"Ks Products\"},\"image\":{\"@id\":\"https:\\\/\\\/ksproducts.ca\\\/#\\\/schema\\\/logo\\\/image\\\/\"}}]}<\/script>\n<!-- \/ Yoast SEO plugin. -->","yoast_head_json":{"title":"Turtle Wax x Mr. Cartoon Nettoyant et Protecteur Cuir-Vinyle-Plastique - 473 ml - Ks Products","robots":{"index":"index","follow":"follow","max-snippet":"max-snippet:-1","max-image-preview":"max-image-preview:large","max-video-preview":"max-video-preview:-1"},"canonical":"https:\/\/ksproducts.ca\/fr\/product\/turtle-wax-x-mr-cartoon-nettoyant-et-protecteur-pour-cuir-vinyle-et-plastique-473-ml\/","og_locale":"fr_CA","og_type":"article","og_title":"Turtle Wax x Mr. Cartoon Leather-Vinyl-Plastic Cleaner & Protectant - 473ml - Ks Products","og_description":"The Turtle Wax X Mister Cartoon LVP Car Cleaner revitalizes your car's interior with its easy-to-use, multi-surface formula. It effectively cleans and protects leather, vinyl, and plastic surfaces, keeping them looking fresh and shielded from UV damage.","og_url":"https:\/\/ksproducts.ca\/fr\/product\/turtle-wax-x-mr-cartoon-nettoyant-et-protecteur-pour-cuir-vinyle-et-plastique-473-ml\/","og_site_name":"Ks Products","article_modified_time":"2026-03-16T16:56:34+00:00","og_image":[{"width":800,"height":800,"url":"https:\/\/ksproducts.ca\/wp-content\/uploads\/2026\/03\/Turtle-Wax-x-Mr.-Cartoon-Leather-Vinyl-Plastic-Cleaner-Protectant-473ml.jpg","type":"image\/jpeg"}],"twitter_card":"summary_large_image","twitter_misc":{"Estimation du temps de lecture":"1 minute"},"schema":{"@context":"https:\/\/schema.org","@graph":[{"@type":"WebPage","@id":"https:\/\/ksproducts.ca\/product\/turtle-wax-x-mr-cartoon-leather-vinyl-plastic-cleaner-protectant-473ml\/","url":"https:\/\/ksproducts.ca\/product\/turtle-wax-x-mr-cartoon-leather-vinyl-plastic-cleaner-protectant-473ml\/","name":"Turtle Wax x Mr. Cartoon Nettoyant et Protecteur Cuir-Vinyle-Plastique - 473 ml - Ks Products","isPartOf":{"@id":"https:\/\/ksproducts.ca\/#website"},"primaryImageOfPage":{"@id":"https:\/\/ksproducts.ca\/product\/turtle-wax-x-mr-cartoon-leather-vinyl-plastic-cleaner-protectant-473ml\/#primaryimage"},"image":{"@id":"https:\/\/ksproducts.ca\/product\/turtle-wax-x-mr-cartoon-leather-vinyl-plastic-cleaner-protectant-473ml\/#primaryimage"},"thumbnailUrl":"https:\/\/ksproducts.ca\/wp-content\/uploads\/2026\/03\/Turtle-Wax-x-Mr.-Cartoon-Leather-Vinyl-Plastic-Cleaner-Protectant-473ml.jpg","datePublished":"2026-03-05T20:00:56+00:00","dateModified":"2026-03-16T16:56:34+00:00","breadcrumb":{"@id":"https:\/\/ksproducts.ca\/product\/turtle-wax-x-mr-cartoon-leather-vinyl-plastic-cleaner-protectant-473ml\/#breadcrumb"},"inLanguage":"fr-CA","potentialAction":[{"@type":"ReadAction","target":["https:\/\/ksproducts.ca\/product\/turtle-wax-x-mr-cartoon-leather-vinyl-plastic-cleaner-protectant-473ml\/"]}]},{"@type":"ImageObject","inLanguage":"fr-CA","@id":"https:\/\/ksproducts.ca\/product\/turtle-wax-x-mr-cartoon-leather-vinyl-plastic-cleaner-protectant-473ml\/#primaryimage","url":"https:\/\/ksproducts.ca\/wp-content\/uploads\/2026\/03\/Turtle-Wax-x-Mr.-Cartoon-Leather-Vinyl-Plastic-Cleaner-Protectant-473ml.jpg","contentUrl":"https:\/\/ksproducts.ca\/wp-content\/uploads\/2026\/03\/Turtle-Wax-x-Mr.-Cartoon-Leather-Vinyl-Plastic-Cleaner-Protectant-473ml.jpg","width":800,"height":800,"caption":"Turtle Wax x Mr. Cartoon Leather Vinyl Plastic Cleaner & Protectant 473ml"},{"@type":"BreadcrumbList","@id":"https:\/\/ksproducts.ca\/product\/turtle-wax-x-mr-cartoon-leather-vinyl-plastic-cleaner-protectant-473ml\/#breadcrumb","itemListElement":[{"@type":"ListItem","position":1,"name":"Home","item":"https:\/\/ksproducts.ca\/"},{"@type":"ListItem","position":2,"name":"Shop","item":"https:\/\/ksproducts.ca\/shop\/"},{"@type":"ListItem","position":3,"name":"Turtle Wax x Mr. Cartoon Leather-Vinyl-Plastic Cleaner &#038; Protectant &#8211; 473ml"}]},{"@type":"WebSite","@id":"https:\/\/ksproducts.ca\/#website","url":"https:\/\/ksproducts.ca\/","name":"Produits Ks","description":"Cuisiner et vivre en plein air, c'est facile au Canada","publisher":{"@id":"https:\/\/ksproducts.ca\/#organization"},"potentialAction":[{"@type":"SearchAction","target":{"@type":"EntryPoint","urlTemplate":"https:\/\/ksproducts.ca\/?s={search_term_string}"},"query-input":{"@type":"PropertyValueSpecification","valueRequired":true,"valueName":"search_term_string"}}],"inLanguage":"fr-CA"},{"@type":"Organization","@id":"https:\/\/ksproducts.ca\/#organization","name":"Produits Ks","url":"https:\/\/ksproducts.ca\/","logo":{"@type":"ImageObject","inLanguage":"fr-CA","@id":"https:\/\/ksproducts.ca\/#\/schema\/logo\/image\/","url":"https:\/\/ksproducts.ca\/wp-content\/uploads\/2023\/09\/Kennedy-Sales-Logo-header-1.png","contentUrl":"https:\/\/ksproducts.ca\/wp-content\/uploads\/2023\/09\/Kennedy-Sales-Logo-header-1.png","width":150,"height":77,"caption":"Ks Products"},"image":{"@id":"https:\/\/ksproducts.ca\/#\/schema\/logo\/image\/"}}]}},"_links":{"self":[{"href":"https:\/\/ksproducts.ca\/fr\/wp-json\/wp\/v2\/product\/11759","targetHints":{"allow":["GET"]}}],"collection":[{"href":"https:\/\/ksproducts.ca\/fr\/wp-json\/wp\/v2\/product"}],"about":[{"href":"https:\/\/ksproducts.ca\/fr\/wp-json\/wp\/v2\/types\/product"}],"replies":[{"embeddable":true,"href":"https:\/\/ksproducts.ca\/fr\/wp-json\/wp\/v2\/comments?post=11759"}],"version-history":[{"count":2,"href":"https:\/\/ksproducts.ca\/fr\/wp-json\/wp\/v2\/product\/11759\/revisions"}],"predecessor-version":[{"id":12712,"href":"https:\/\/ksproducts.ca\/fr\/wp-json\/wp\/v2\/product\/11759\/revisions\/12712"}],"wp:featuredmedia":[{"embeddable":true,"href":"https:\/\/ksproducts.ca\/fr\/wp-json\/wp\/v2\/media\/11760"}],"wp:attachment":[{"href":"https:\/\/ksproducts.ca\/fr\/wp-json\/wp\/v2\/media?parent=11759"}],"wp:term":[{"taxonomy":"product_cat","embeddable":true,"href":"https:\/\/ksproducts.ca\/fr\/wp-json\/wp\/v2\/product_cat?post=11759"},{"taxonomy":"product_tag","embeddable":true,"href":"https:\/\/ksproducts.ca\/fr\/wp-json\/wp\/v2\/product_tag?post=11759"}],"curies":[{"name":"wp","href":"https:\/\/api.w.org\/{rel}","templated":true}]}}