{"id":11772,"date":"2026-03-05T20:16:32","date_gmt":"2026-03-05T20:16:32","guid":{"rendered":"https:\/\/ksproducts.ca\/?post_type=product&#038;p=11772"},"modified":"2026-03-16T17:04:18","modified_gmt":"2026-03-16T17:04:18","slug":"turtle-wax-x-mr-cartoon-protecteur-interieur-exterieur","status":"publish","type":"product","link":"https:\/\/ksproducts.ca\/fr\/product\/turtle-wax-x-mr-cartoon-interior-exterior-protectant\/","title":{"rendered":"Turtle Wax x Mr. Cartoon Protecteur int\u00e9rieur et ext\u00e9rieur"},"content":{"rendered":"<ul>\n<li data-start=\"207\" data-end=\"293\">Redonne un \u00e9clat riche, comme neuf, aux tableaux de bord, panneaux de portes, pneus, garnitures et moulures<\/li>\n<li data-start=\"296\" data-end=\"380\">Une formule impr\u00e9gn\u00e9e de polym\u00e8re c\u00e9ramique augmente la clart\u00e9 de la surface et repousse la salet\u00e9 et la poussi\u00e8re<\/li>\n<li data-start=\"383\" data-end=\"465\">Formule \u00e0 s\u00e9chage rapide, non grasse, adapt\u00e9e aux surfaces int\u00e9rieures et ext\u00e9rieures<\/li>\n<li data-start=\"468\" data-end=\"541\">Offre une protection UVA et UVB pour pr\u00e9venir les craquelures, le dess\u00e8chement et la d\u00e9coloration<\/li>\n<li data-start=\"544\" data-end=\"620\">Application facile avec une serviette en microfibre ou pulv\u00e9risation directe sur des surfaces propres<\/li>\n<\/ul>","protected":false},"excerpt":{"rendered":"<p>Protecteur int\u00e9rieur et ext\u00e9rieur qui redonne de l'\u00e9clat et prot\u00e8ge les surfaces en plastique, en caoutchouc et en vinyle tout en repoussant la salet\u00e9 et la poussi\u00e8re pour un aspect propre de longue dur\u00e9e.<\/p>","protected":false},"featured_media":11773,"comment_status":"open","ping_status":"closed","template":"","meta":[],"product_cat":[430],"product_tag":[],"class_list":{"0":"post-11772","1":"product","2":"type-product","3":"status-publish","4":"has-post-thumbnail","6":"product_cat-automotive-gear","7":"product_shipping_class-class-1","9":"first","10":"instock","11":"taxable","12":"shipping-taxable","13":"purchasable","14":"product-type-simple"},"yoast_head":"<!-- This site is optimized with the Yoast SEO plugin v27.3 - https:\/\/yoast.com\/product\/yoast-seo-wordpress\/ -->\n<title>Turtle Wax x Mr. Cartoon Interior &amp; Exterior Protectant - Ks Products<\/title>\n<meta name=\"robots\" content=\"index, follow, max-snippet:-1, max-image-preview:large, max-video-preview:-1\" \/>\n<link rel=\"canonical\" href=\"https:\/\/ksproducts.ca\/fr\/product\/turtle-wax-x-mr-cartoon-protecteur-interieur-exterieur\/\" \/>\n<meta property=\"og:locale\" content=\"fr_CA\" \/>\n<meta property=\"og:type\" content=\"article\" \/>\n<meta property=\"og:title\" content=\"Turtle Wax x Mr. Cartoon Interior &amp; Exterior Protectant - Ks Products\" \/>\n<meta property=\"og:description\" content=\"Interior and exterior protectant that restores shine and protects plastic, rubber, and vinyl surfaces while repelling dirt and dust for a long-lasting clean look.\" \/>\n<meta property=\"og:url\" content=\"https:\/\/ksproducts.ca\/fr\/product\/turtle-wax-x-mr-cartoon-protecteur-interieur-exterieur\/\" \/>\n<meta property=\"og:site_name\" content=\"Ks Products\" \/>\n<meta property=\"article:modified_time\" content=\"2026-03-16T17:04:18+00:00\" \/>\n<meta property=\"og:image\" content=\"https:\/\/ksproducts.ca\/wp-content\/uploads\/2026\/03\/Turtle-Wax-x-Mr.-Cartoon-Interior-Exterior-Protectant.jpg\" \/>\n\t<meta property=\"og:image:width\" content=\"800\" \/>\n\t<meta property=\"og:image:height\" content=\"800\" \/>\n\t<meta property=\"og:image:type\" content=\"image\/jpeg\" \/>\n<meta name=\"twitter:card\" content=\"summary_large_image\" \/>\n<meta name=\"twitter:label1\" content=\"Estimation du temps de lecture\" \/>\n\t<meta name=\"twitter:data1\" content=\"1 minute\" \/>\n<script type=\"application\/ld+json\" class=\"yoast-schema-graph\">{\"@context\":\"https:\\\/\\\/schema.org\",\"@graph\":[{\"@type\":\"WebPage\",\"@id\":\"https:\\\/\\\/ksproducts.ca\\\/product\\\/turtle-wax-x-mr-cartoon-interior-exterior-protectant\\\/\",\"url\":\"https:\\\/\\\/ksproducts.ca\\\/product\\\/turtle-wax-x-mr-cartoon-interior-exterior-protectant\\\/\",\"name\":\"Turtle Wax x Mr. Cartoon Interior & Exterior Protectant - Ks Products\",\"isPartOf\":{\"@id\":\"https:\\\/\\\/ksproducts.ca\\\/#website\"},\"primaryImageOfPage\":{\"@id\":\"https:\\\/\\\/ksproducts.ca\\\/product\\\/turtle-wax-x-mr-cartoon-interior-exterior-protectant\\\/#primaryimage\"},\"image\":{\"@id\":\"https:\\\/\\\/ksproducts.ca\\\/product\\\/turtle-wax-x-mr-cartoon-interior-exterior-protectant\\\/#primaryimage\"},\"thumbnailUrl\":\"https:\\\/\\\/ksproducts.ca\\\/wp-content\\\/uploads\\\/2026\\\/03\\\/Turtle-Wax-x-Mr.-Cartoon-Interior-Exterior-Protectant.jpg\",\"datePublished\":\"2026-03-05T20:16:32+00:00\",\"dateModified\":\"2026-03-16T17:04:18+00:00\",\"breadcrumb\":{\"@id\":\"https:\\\/\\\/ksproducts.ca\\\/product\\\/turtle-wax-x-mr-cartoon-interior-exterior-protectant\\\/#breadcrumb\"},\"inLanguage\":\"fr-CA\",\"potentialAction\":[{\"@type\":\"ReadAction\",\"target\":[\"https:\\\/\\\/ksproducts.ca\\\/product\\\/turtle-wax-x-mr-cartoon-interior-exterior-protectant\\\/\"]}]},{\"@type\":\"ImageObject\",\"inLanguage\":\"fr-CA\",\"@id\":\"https:\\\/\\\/ksproducts.ca\\\/product\\\/turtle-wax-x-mr-cartoon-interior-exterior-protectant\\\/#primaryimage\",\"url\":\"https:\\\/\\\/ksproducts.ca\\\/wp-content\\\/uploads\\\/2026\\\/03\\\/Turtle-Wax-x-Mr.-Cartoon-Interior-Exterior-Protectant.jpg\",\"contentUrl\":\"https:\\\/\\\/ksproducts.ca\\\/wp-content\\\/uploads\\\/2026\\\/03\\\/Turtle-Wax-x-Mr.-Cartoon-Interior-Exterior-Protectant.jpg\",\"width\":800,\"height\":800,\"caption\":\"Turtle Wax x Mr. Cartoon Interior & Exterior Protectant\"},{\"@type\":\"BreadcrumbList\",\"@id\":\"https:\\\/\\\/ksproducts.ca\\\/product\\\/turtle-wax-x-mr-cartoon-interior-exterior-protectant\\\/#breadcrumb\",\"itemListElement\":[{\"@type\":\"ListItem\",\"position\":1,\"name\":\"Home\",\"item\":\"https:\\\/\\\/ksproducts.ca\\\/\"},{\"@type\":\"ListItem\",\"position\":2,\"name\":\"Shop\",\"item\":\"https:\\\/\\\/ksproducts.ca\\\/shop\\\/\"},{\"@type\":\"ListItem\",\"position\":3,\"name\":\"Turtle Wax x Mr. Cartoon Interior &#038; Exterior Protectant\"}]},{\"@type\":\"WebSite\",\"@id\":\"https:\\\/\\\/ksproducts.ca\\\/#website\",\"url\":\"https:\\\/\\\/ksproducts.ca\\\/\",\"name\":\"Ks Products\",\"description\":\"Outdoor cooking and living, made easy in Canada\",\"publisher\":{\"@id\":\"https:\\\/\\\/ksproducts.ca\\\/#organization\"},\"potentialAction\":[{\"@type\":\"SearchAction\",\"target\":{\"@type\":\"EntryPoint\",\"urlTemplate\":\"https:\\\/\\\/ksproducts.ca\\\/?s={search_term_string}\"},\"query-input\":{\"@type\":\"PropertyValueSpecification\",\"valueRequired\":true,\"valueName\":\"search_term_string\"}}],\"inLanguage\":\"fr-CA\"},{\"@type\":\"Organization\",\"@id\":\"https:\\\/\\\/ksproducts.ca\\\/#organization\",\"name\":\"Ks Products\",\"url\":\"https:\\\/\\\/ksproducts.ca\\\/\",\"logo\":{\"@type\":\"ImageObject\",\"inLanguage\":\"fr-CA\",\"@id\":\"https:\\\/\\\/ksproducts.ca\\\/#\\\/schema\\\/logo\\\/image\\\/\",\"url\":\"https:\\\/\\\/ksproducts.ca\\\/wp-content\\\/uploads\\\/2023\\\/09\\\/Kennedy-Sales-Logo-header-1.png\",\"contentUrl\":\"https:\\\/\\\/ksproducts.ca\\\/wp-content\\\/uploads\\\/2023\\\/09\\\/Kennedy-Sales-Logo-header-1.png\",\"width\":150,\"height\":77,\"caption\":\"Ks Products\"},\"image\":{\"@id\":\"https:\\\/\\\/ksproducts.ca\\\/#\\\/schema\\\/logo\\\/image\\\/\"}}]}<\/script>\n<!-- \/ Yoast SEO plugin. -->","yoast_head_json":{"title":"Turtle Wax x Mr. Cartoon Protecteur Int\u00e9rieur et Ext\u00e9rieur - Ks Products","robots":{"index":"index","follow":"follow","max-snippet":"max-snippet:-1","max-image-preview":"max-image-preview:large","max-video-preview":"max-video-preview:-1"},"canonical":"https:\/\/ksproducts.ca\/fr\/product\/turtle-wax-x-mr-cartoon-protecteur-interieur-exterieur\/","og_locale":"fr_CA","og_type":"article","og_title":"Turtle Wax x Mr. Cartoon Interior & Exterior Protectant - Ks Products","og_description":"Interior and exterior protectant that restores shine and protects plastic, rubber, and vinyl surfaces while repelling dirt and dust for a long-lasting clean look.","og_url":"https:\/\/ksproducts.ca\/fr\/product\/turtle-wax-x-mr-cartoon-protecteur-interieur-exterieur\/","og_site_name":"Ks Products","article_modified_time":"2026-03-16T17:04:18+00:00","og_image":[{"width":800,"height":800,"url":"https:\/\/ksproducts.ca\/wp-content\/uploads\/2026\/03\/Turtle-Wax-x-Mr.-Cartoon-Interior-Exterior-Protectant.jpg","type":"image\/jpeg"}],"twitter_card":"summary_large_image","twitter_misc":{"Estimation du temps de lecture":"1 minute"},"schema":{"@context":"https:\/\/schema.org","@graph":[{"@type":"WebPage","@id":"https:\/\/ksproducts.ca\/product\/turtle-wax-x-mr-cartoon-interior-exterior-protectant\/","url":"https:\/\/ksproducts.ca\/product\/turtle-wax-x-mr-cartoon-interior-exterior-protectant\/","name":"Turtle Wax x Mr. Cartoon Protecteur Int\u00e9rieur et Ext\u00e9rieur - Ks Products","isPartOf":{"@id":"https:\/\/ksproducts.ca\/#website"},"primaryImageOfPage":{"@id":"https:\/\/ksproducts.ca\/product\/turtle-wax-x-mr-cartoon-interior-exterior-protectant\/#primaryimage"},"image":{"@id":"https:\/\/ksproducts.ca\/product\/turtle-wax-x-mr-cartoon-interior-exterior-protectant\/#primaryimage"},"thumbnailUrl":"https:\/\/ksproducts.ca\/wp-content\/uploads\/2026\/03\/Turtle-Wax-x-Mr.-Cartoon-Interior-Exterior-Protectant.jpg","datePublished":"2026-03-05T20:16:32+00:00","dateModified":"2026-03-16T17:04:18+00:00","breadcrumb":{"@id":"https:\/\/ksproducts.ca\/product\/turtle-wax-x-mr-cartoon-interior-exterior-protectant\/#breadcrumb"},"inLanguage":"fr-CA","potentialAction":[{"@type":"ReadAction","target":["https:\/\/ksproducts.ca\/product\/turtle-wax-x-mr-cartoon-interior-exterior-protectant\/"]}]},{"@type":"ImageObject","inLanguage":"fr-CA","@id":"https:\/\/ksproducts.ca\/product\/turtle-wax-x-mr-cartoon-interior-exterior-protectant\/#primaryimage","url":"https:\/\/ksproducts.ca\/wp-content\/uploads\/2026\/03\/Turtle-Wax-x-Mr.-Cartoon-Interior-Exterior-Protectant.jpg","contentUrl":"https:\/\/ksproducts.ca\/wp-content\/uploads\/2026\/03\/Turtle-Wax-x-Mr.-Cartoon-Interior-Exterior-Protectant.jpg","width":800,"height":800,"caption":"Turtle Wax x Mr. Cartoon Interior & Exterior Protectant"},{"@type":"BreadcrumbList","@id":"https:\/\/ksproducts.ca\/product\/turtle-wax-x-mr-cartoon-interior-exterior-protectant\/#breadcrumb","itemListElement":[{"@type":"ListItem","position":1,"name":"Home","item":"https:\/\/ksproducts.ca\/"},{"@type":"ListItem","position":2,"name":"Shop","item":"https:\/\/ksproducts.ca\/shop\/"},{"@type":"ListItem","position":3,"name":"Turtle Wax x Mr. Cartoon Interior &#038; Exterior Protectant"}]},{"@type":"WebSite","@id":"https:\/\/ksproducts.ca\/#website","url":"https:\/\/ksproducts.ca\/","name":"Produits Ks","description":"Cuisiner et vivre en plein air, c'est facile au Canada","publisher":{"@id":"https:\/\/ksproducts.ca\/#organization"},"potentialAction":[{"@type":"SearchAction","target":{"@type":"EntryPoint","urlTemplate":"https:\/\/ksproducts.ca\/?s={search_term_string}"},"query-input":{"@type":"PropertyValueSpecification","valueRequired":true,"valueName":"search_term_string"}}],"inLanguage":"fr-CA"},{"@type":"Organization","@id":"https:\/\/ksproducts.ca\/#organization","name":"Produits Ks","url":"https:\/\/ksproducts.ca\/","logo":{"@type":"ImageObject","inLanguage":"fr-CA","@id":"https:\/\/ksproducts.ca\/#\/schema\/logo\/image\/","url":"https:\/\/ksproducts.ca\/wp-content\/uploads\/2023\/09\/Kennedy-Sales-Logo-header-1.png","contentUrl":"https:\/\/ksproducts.ca\/wp-content\/uploads\/2023\/09\/Kennedy-Sales-Logo-header-1.png","width":150,"height":77,"caption":"Ks Products"},"image":{"@id":"https:\/\/ksproducts.ca\/#\/schema\/logo\/image\/"}}]}},"_links":{"self":[{"href":"https:\/\/ksproducts.ca\/fr\/wp-json\/wp\/v2\/product\/11772","targetHints":{"allow":["GET"]}}],"collection":[{"href":"https:\/\/ksproducts.ca\/fr\/wp-json\/wp\/v2\/product"}],"about":[{"href":"https:\/\/ksproducts.ca\/fr\/wp-json\/wp\/v2\/types\/product"}],"replies":[{"embeddable":true,"href":"https:\/\/ksproducts.ca\/fr\/wp-json\/wp\/v2\/comments?post=11772"}],"version-history":[{"count":2,"href":"https:\/\/ksproducts.ca\/fr\/wp-json\/wp\/v2\/product\/11772\/revisions"}],"predecessor-version":[{"id":12715,"href":"https:\/\/ksproducts.ca\/fr\/wp-json\/wp\/v2\/product\/11772\/revisions\/12715"}],"wp:featuredmedia":[{"embeddable":true,"href":"https:\/\/ksproducts.ca\/fr\/wp-json\/wp\/v2\/media\/11773"}],"wp:attachment":[{"href":"https:\/\/ksproducts.ca\/fr\/wp-json\/wp\/v2\/media?parent=11772"}],"wp:term":[{"taxonomy":"product_cat","embeddable":true,"href":"https:\/\/ksproducts.ca\/fr\/wp-json\/wp\/v2\/product_cat?post=11772"},{"taxonomy":"product_tag","embeddable":true,"href":"https:\/\/ksproducts.ca\/fr\/wp-json\/wp\/v2\/product_tag?post=11772"}],"curies":[{"name":"wp","href":"https:\/\/api.w.org\/{rel}","templated":true}]}}