{"id":11787,"date":"2026-03-05T20:46:18","date_gmt":"2026-03-05T20:46:18","guid":{"rendered":"https:\/\/ksproducts.ca\/?post_type=product&#038;p=11787"},"modified":"2026-03-05T20:46:19","modified_gmt":"2026-03-05T20:46:19","slug":"blackstone-culinary-series-soft-cover-for-22inch-griddle-and-pellet-grill-combo","status":"publish","type":"product","link":"https:\/\/ksproducts.ca\/fr\/product\/blackstone-culinary-series-soft-cover-for-22inch-griddle-and-pellet-grill-combo\/","title":{"rendered":"Blackstone Culinary Series Soft Cover pour gril de 22 pouces et gril \u00e0 granul\u00e9s Combo"},"content":{"rendered":"<div class=\"\">\n<section id=\"productFeature\" class=\"acl-my--x-small acl-break-word\">\n<ul class=\"acl-lheight--large acl-text-size--medium acl-list acl-list--type--bulleted acl-text-size--small\" type=\"bulleted\">\n<li class=\"acl-lheight--regular acl-my--xx-small acl-text-size--small acl-list-item\">R\u00e9sistant aux intemp\u00e9ries<\/li>\n<\/ul>\n<ul class=\"acl-lheight--large acl-text-size--medium acl-list acl-list--type--bulleted acl-text-size--small\" type=\"bulleted\">\n<li class=\"acl-lheight--regular acl-my--xx-small acl-text-size--small acl-list-item\">Boucles en polyr\u00e9sine \u00e0 fort impact<\/li>\n<\/ul>\n<ul class=\"acl-lheight--large acl-text-size--medium acl-list acl-list--type--bulleted acl-text-size--small\" type=\"bulleted\">\n<li class=\"acl-lheight--regular acl-my--xx-small acl-text-size--small acl-list-item\">Design culinaire \u00e9l\u00e9gant \u00e0 deux tons<\/li>\n<\/ul>\n<ul class=\"acl-lheight--large acl-text-size--medium acl-list acl-list--type--bulleted acl-text-size--small\" type=\"bulleted\">\n<li class=\"acl-lheight--regular acl-my--xx-small acl-text-size--small acl-list-item\">Lavage \u00e0 la main recommand\u00e9<\/li>\n<\/ul>\n<\/section>\n<\/div>","protected":false},"excerpt":{"rendered":"<p>Prot\u00e9gez votre combin\u00e9 gril et pellet 22 pouces Blackstone avec cette housse durable et r\u00e9sistante aux intemp\u00e9ries. Fabriqu\u00e9e en toile de polyester 600D trait\u00e9e contre les UV, avec des coins et des coutures renforc\u00e9s, cette housse est id\u00e9ale pour prot\u00e9ger votre gril lorsqu'il n'est pas utilis\u00e9. Les boucles en polyr\u00e9sine \u00e0 fort impact situ\u00e9es de part et d'autre de la housse sont con\u00e7ues pour se resserrer, afin que la housse reste bien ajust\u00e9e autour de votre plancha. En plus des caract\u00e9ristiques de protection de haute qualit\u00e9, vous appr\u00e9cierez le design \u00e9l\u00e9gant et bicolore Culinary de cette housse avec un logo Blackstone brod\u00e9.<\/p>","protected":false},"featured_media":11788,"comment_status":"open","ping_status":"closed","template":"","meta":[],"product_cat":[437],"product_tag":[],"class_list":{"0":"post-11787","1":"product","2":"type-product","3":"status-publish","4":"has-post-thumbnail","6":"product_cat-covers-cases","7":"product_shipping_class-class-1","9":"first","10":"instock","11":"taxable","12":"shipping-taxable","13":"purchasable","14":"product-type-simple"},"yoast_head":"<!-- This site is optimized with the Yoast SEO plugin v27.3 - https:\/\/yoast.com\/product\/yoast-seo-wordpress\/ -->\n<title>Blackstone Culinary Series Soft Cover for 22inch Griddle and Pellet Grill Combo - Ks Products<\/title>\n<meta name=\"robots\" content=\"index, follow, max-snippet:-1, max-image-preview:large, max-video-preview:-1\" \/>\n<link rel=\"canonical\" href=\"https:\/\/ksproducts.ca\/fr\/product\/blackstone-culinary-series-soft-cover-for-22inch-griddle-and-pellet-grill-combo\/\" \/>\n<meta property=\"og:locale\" content=\"fr_CA\" \/>\n<meta property=\"og:type\" content=\"article\" \/>\n<meta property=\"og:title\" content=\"Blackstone Culinary Series Soft Cover for 22inch Griddle and Pellet Grill Combo - Ks Products\" \/>\n<meta property=\"og:description\" content=\"Protect your Blackstone 22-in Griddle and Pellet Grill Combo with this durable, weather-resistant cover. Made with UV-treated 600D polyester canvas with reinforced corners and seams, this cover is great for protecting your griddle when it is not in use. High-impact poly resin buckles on both sides of the cover are made to cinch, keeping this cover fitted snugly around your griddle. In addition to high-quality protective features, enjoy the sleek, two-toned Culinary design of this cover with an embroidered Blackstone logo.\" \/>\n<meta property=\"og:url\" content=\"https:\/\/ksproducts.ca\/fr\/product\/blackstone-culinary-series-soft-cover-for-22inch-griddle-and-pellet-grill-combo\/\" \/>\n<meta property=\"og:site_name\" content=\"Ks Products\" \/>\n<meta property=\"article:modified_time\" content=\"2026-03-05T20:46:19+00:00\" \/>\n<meta property=\"og:image\" content=\"https:\/\/ksproducts.ca\/wp-content\/uploads\/2023\/09\/Kennedy-Sales-Logo-header-1.png\" \/>\n\t<meta property=\"og:image:width\" content=\"150\" \/>\n\t<meta property=\"og:image:height\" content=\"77\" \/>\n\t<meta property=\"og:image:type\" content=\"image\/png\" \/>\n<meta name=\"twitter:card\" content=\"summary_large_image\" \/>\n<meta name=\"twitter:label1\" content=\"Estimation du temps de lecture\" \/>\n\t<meta name=\"twitter:data1\" content=\"1 minute\" \/>\n<script type=\"application\/ld+json\" class=\"yoast-schema-graph\">{\"@context\":\"https:\\\/\\\/schema.org\",\"@graph\":[{\"@type\":\"WebPage\",\"@id\":\"https:\\\/\\\/ksproducts.ca\\\/product\\\/blackstone-culinary-series-soft-cover-for-22inch-griddle-and-pellet-grill-combo\\\/\",\"url\":\"https:\\\/\\\/ksproducts.ca\\\/product\\\/blackstone-culinary-series-soft-cover-for-22inch-griddle-and-pellet-grill-combo\\\/\",\"name\":\"Blackstone Culinary Series Soft Cover for 22inch Griddle and Pellet Grill Combo - Ks Products\",\"isPartOf\":{\"@id\":\"https:\\\/\\\/ksproducts.ca\\\/#website\"},\"primaryImageOfPage\":{\"@id\":\"https:\\\/\\\/ksproducts.ca\\\/product\\\/blackstone-culinary-series-soft-cover-for-22inch-griddle-and-pellet-grill-combo\\\/#primaryimage\"},\"image\":{\"@id\":\"https:\\\/\\\/ksproducts.ca\\\/product\\\/blackstone-culinary-series-soft-cover-for-22inch-griddle-and-pellet-grill-combo\\\/#primaryimage\"},\"thumbnailUrl\":\"https:\\\/\\\/ksproducts.ca\\\/wp-content\\\/uploads\\\/2026\\\/03\\\/Blackstone-Culinary-Series-Soft-Cover-for-22inch-Griddle-and-Pellet-Grill-Combo.avif\",\"datePublished\":\"2026-03-05T20:46:18+00:00\",\"dateModified\":\"2026-03-05T20:46:19+00:00\",\"breadcrumb\":{\"@id\":\"https:\\\/\\\/ksproducts.ca\\\/product\\\/blackstone-culinary-series-soft-cover-for-22inch-griddle-and-pellet-grill-combo\\\/#breadcrumb\"},\"inLanguage\":\"fr-CA\",\"potentialAction\":[{\"@type\":\"ReadAction\",\"target\":[\"https:\\\/\\\/ksproducts.ca\\\/product\\\/blackstone-culinary-series-soft-cover-for-22inch-griddle-and-pellet-grill-combo\\\/\"]}]},{\"@type\":\"ImageObject\",\"inLanguage\":\"fr-CA\",\"@id\":\"https:\\\/\\\/ksproducts.ca\\\/product\\\/blackstone-culinary-series-soft-cover-for-22inch-griddle-and-pellet-grill-combo\\\/#primaryimage\",\"url\":\"https:\\\/\\\/ksproducts.ca\\\/wp-content\\\/uploads\\\/2026\\\/03\\\/Blackstone-Culinary-Series-Soft-Cover-for-22inch-Griddle-and-Pellet-Grill-Combo.avif\",\"contentUrl\":\"https:\\\/\\\/ksproducts.ca\\\/wp-content\\\/uploads\\\/2026\\\/03\\\/Blackstone-Culinary-Series-Soft-Cover-for-22inch-Griddle-and-Pellet-Grill-Combo.avif\",\"width\":1000,\"height\":1000,\"caption\":\"Blackstone Culinary Series Soft Cover for 22inch Griddle and Pellet Grill Combo\"},{\"@type\":\"BreadcrumbList\",\"@id\":\"https:\\\/\\\/ksproducts.ca\\\/product\\\/blackstone-culinary-series-soft-cover-for-22inch-griddle-and-pellet-grill-combo\\\/#breadcrumb\",\"itemListElement\":[{\"@type\":\"ListItem\",\"position\":1,\"name\":\"Home\",\"item\":\"https:\\\/\\\/ksproducts.ca\\\/\"},{\"@type\":\"ListItem\",\"position\":2,\"name\":\"Shop\",\"item\":\"https:\\\/\\\/ksproducts.ca\\\/shop\\\/\"},{\"@type\":\"ListItem\",\"position\":3,\"name\":\"Blackstone Culinary Series Soft Cover for 22inch Griddle and Pellet Grill Combo\"}]},{\"@type\":\"WebSite\",\"@id\":\"https:\\\/\\\/ksproducts.ca\\\/#website\",\"url\":\"https:\\\/\\\/ksproducts.ca\\\/\",\"name\":\"Ks Products\",\"description\":\"Outdoor cooking and living, made easy in Canada\",\"publisher\":{\"@id\":\"https:\\\/\\\/ksproducts.ca\\\/#organization\"},\"potentialAction\":[{\"@type\":\"SearchAction\",\"target\":{\"@type\":\"EntryPoint\",\"urlTemplate\":\"https:\\\/\\\/ksproducts.ca\\\/?s={search_term_string}\"},\"query-input\":{\"@type\":\"PropertyValueSpecification\",\"valueRequired\":true,\"valueName\":\"search_term_string\"}}],\"inLanguage\":\"fr-CA\"},{\"@type\":\"Organization\",\"@id\":\"https:\\\/\\\/ksproducts.ca\\\/#organization\",\"name\":\"Ks Products\",\"url\":\"https:\\\/\\\/ksproducts.ca\\\/\",\"logo\":{\"@type\":\"ImageObject\",\"inLanguage\":\"fr-CA\",\"@id\":\"https:\\\/\\\/ksproducts.ca\\\/#\\\/schema\\\/logo\\\/image\\\/\",\"url\":\"https:\\\/\\\/ksproducts.ca\\\/wp-content\\\/uploads\\\/2023\\\/09\\\/Kennedy-Sales-Logo-header-1.png\",\"contentUrl\":\"https:\\\/\\\/ksproducts.ca\\\/wp-content\\\/uploads\\\/2023\\\/09\\\/Kennedy-Sales-Logo-header-1.png\",\"width\":150,\"height\":77,\"caption\":\"Ks Products\"},\"image\":{\"@id\":\"https:\\\/\\\/ksproducts.ca\\\/#\\\/schema\\\/logo\\\/image\\\/\"}}]}<\/script>\n<!-- \/ Yoast SEO plugin. -->","yoast_head_json":{"title":"Blackstone Culinary Series Soft Cover pour gril de 22 pouces et gril \u00e0 pellets Combo - Ks Products","robots":{"index":"index","follow":"follow","max-snippet":"max-snippet:-1","max-image-preview":"max-image-preview:large","max-video-preview":"max-video-preview:-1"},"canonical":"https:\/\/ksproducts.ca\/fr\/product\/blackstone-culinary-series-soft-cover-for-22inch-griddle-and-pellet-grill-combo\/","og_locale":"fr_CA","og_type":"article","og_title":"Blackstone Culinary Series Soft Cover for 22inch Griddle and Pellet Grill Combo - Ks Products","og_description":"Protect your Blackstone 22-in Griddle and Pellet Grill Combo with this durable, weather-resistant cover. Made with UV-treated 600D polyester canvas with reinforced corners and seams, this cover is great for protecting your griddle when it is not in use. High-impact poly resin buckles on both sides of the cover are made to cinch, keeping this cover fitted snugly around your griddle. In addition to high-quality protective features, enjoy the sleek, two-toned Culinary design of this cover with an embroidered Blackstone logo.","og_url":"https:\/\/ksproducts.ca\/fr\/product\/blackstone-culinary-series-soft-cover-for-22inch-griddle-and-pellet-grill-combo\/","og_site_name":"Ks Products","article_modified_time":"2026-03-05T20:46:19+00:00","og_image":[{"width":150,"height":77,"url":"https:\/\/ksproducts.ca\/wp-content\/uploads\/2023\/09\/Kennedy-Sales-Logo-header-1.png","type":"image\/png"}],"twitter_card":"summary_large_image","twitter_misc":{"Estimation du temps de lecture":"1 minute"},"schema":{"@context":"https:\/\/schema.org","@graph":[{"@type":"WebPage","@id":"https:\/\/ksproducts.ca\/product\/blackstone-culinary-series-soft-cover-for-22inch-griddle-and-pellet-grill-combo\/","url":"https:\/\/ksproducts.ca\/product\/blackstone-culinary-series-soft-cover-for-22inch-griddle-and-pellet-grill-combo\/","name":"Blackstone Culinary Series Soft Cover pour gril de 22 pouces et gril \u00e0 pellets Combo - Ks Products","isPartOf":{"@id":"https:\/\/ksproducts.ca\/#website"},"primaryImageOfPage":{"@id":"https:\/\/ksproducts.ca\/product\/blackstone-culinary-series-soft-cover-for-22inch-griddle-and-pellet-grill-combo\/#primaryimage"},"image":{"@id":"https:\/\/ksproducts.ca\/product\/blackstone-culinary-series-soft-cover-for-22inch-griddle-and-pellet-grill-combo\/#primaryimage"},"thumbnailUrl":"https:\/\/ksproducts.ca\/wp-content\/uploads\/2026\/03\/Blackstone-Culinary-Series-Soft-Cover-for-22inch-Griddle-and-Pellet-Grill-Combo.avif","datePublished":"2026-03-05T20:46:18+00:00","dateModified":"2026-03-05T20:46:19+00:00","breadcrumb":{"@id":"https:\/\/ksproducts.ca\/product\/blackstone-culinary-series-soft-cover-for-22inch-griddle-and-pellet-grill-combo\/#breadcrumb"},"inLanguage":"fr-CA","potentialAction":[{"@type":"ReadAction","target":["https:\/\/ksproducts.ca\/product\/blackstone-culinary-series-soft-cover-for-22inch-griddle-and-pellet-grill-combo\/"]}]},{"@type":"ImageObject","inLanguage":"fr-CA","@id":"https:\/\/ksproducts.ca\/product\/blackstone-culinary-series-soft-cover-for-22inch-griddle-and-pellet-grill-combo\/#primaryimage","url":"https:\/\/ksproducts.ca\/wp-content\/uploads\/2026\/03\/Blackstone-Culinary-Series-Soft-Cover-for-22inch-Griddle-and-Pellet-Grill-Combo.avif","contentUrl":"https:\/\/ksproducts.ca\/wp-content\/uploads\/2026\/03\/Blackstone-Culinary-Series-Soft-Cover-for-22inch-Griddle-and-Pellet-Grill-Combo.avif","width":1000,"height":1000,"caption":"Blackstone Culinary Series Soft Cover for 22inch Griddle and Pellet Grill Combo"},{"@type":"BreadcrumbList","@id":"https:\/\/ksproducts.ca\/product\/blackstone-culinary-series-soft-cover-for-22inch-griddle-and-pellet-grill-combo\/#breadcrumb","itemListElement":[{"@type":"ListItem","position":1,"name":"Home","item":"https:\/\/ksproducts.ca\/"},{"@type":"ListItem","position":2,"name":"Shop","item":"https:\/\/ksproducts.ca\/shop\/"},{"@type":"ListItem","position":3,"name":"Blackstone Culinary Series Soft Cover for 22inch Griddle and Pellet Grill Combo"}]},{"@type":"WebSite","@id":"https:\/\/ksproducts.ca\/#website","url":"https:\/\/ksproducts.ca\/","name":"Produits Ks","description":"Cuisiner et vivre en plein air, c'est facile au Canada","publisher":{"@id":"https:\/\/ksproducts.ca\/#organization"},"potentialAction":[{"@type":"SearchAction","target":{"@type":"EntryPoint","urlTemplate":"https:\/\/ksproducts.ca\/?s={search_term_string}"},"query-input":{"@type":"PropertyValueSpecification","valueRequired":true,"valueName":"search_term_string"}}],"inLanguage":"fr-CA"},{"@type":"Organization","@id":"https:\/\/ksproducts.ca\/#organization","name":"Produits Ks","url":"https:\/\/ksproducts.ca\/","logo":{"@type":"ImageObject","inLanguage":"fr-CA","@id":"https:\/\/ksproducts.ca\/#\/schema\/logo\/image\/","url":"https:\/\/ksproducts.ca\/wp-content\/uploads\/2023\/09\/Kennedy-Sales-Logo-header-1.png","contentUrl":"https:\/\/ksproducts.ca\/wp-content\/uploads\/2023\/09\/Kennedy-Sales-Logo-header-1.png","width":150,"height":77,"caption":"Ks Products"},"image":{"@id":"https:\/\/ksproducts.ca\/#\/schema\/logo\/image\/"}}]}},"_links":{"self":[{"href":"https:\/\/ksproducts.ca\/fr\/wp-json\/wp\/v2\/product\/11787","targetHints":{"allow":["GET"]}}],"collection":[{"href":"https:\/\/ksproducts.ca\/fr\/wp-json\/wp\/v2\/product"}],"about":[{"href":"https:\/\/ksproducts.ca\/fr\/wp-json\/wp\/v2\/types\/product"}],"replies":[{"embeddable":true,"href":"https:\/\/ksproducts.ca\/fr\/wp-json\/wp\/v2\/comments?post=11787"}],"version-history":[{"count":1,"href":"https:\/\/ksproducts.ca\/fr\/wp-json\/wp\/v2\/product\/11787\/revisions"}],"predecessor-version":[{"id":11789,"href":"https:\/\/ksproducts.ca\/fr\/wp-json\/wp\/v2\/product\/11787\/revisions\/11789"}],"wp:featuredmedia":[{"embeddable":true,"href":"https:\/\/ksproducts.ca\/fr\/wp-json\/wp\/v2\/media\/11788"}],"wp:attachment":[{"href":"https:\/\/ksproducts.ca\/fr\/wp-json\/wp\/v2\/media?parent=11787"}],"wp:term":[{"taxonomy":"product_cat","embeddable":true,"href":"https:\/\/ksproducts.ca\/fr\/wp-json\/wp\/v2\/product_cat?post=11787"},{"taxonomy":"product_tag","embeddable":true,"href":"https:\/\/ksproducts.ca\/fr\/wp-json\/wp\/v2\/product_tag?post=11787"}],"curies":[{"name":"wp","href":"https:\/\/api.w.org\/{rel}","templated":true}]}}