{"id":11790,"date":"2026-03-05T20:50:32","date_gmt":"2026-03-05T20:50:32","guid":{"rendered":"https:\/\/ksproducts.ca\/?post_type=product&#038;p=11790"},"modified":"2026-03-05T20:50:32","modified_gmt":"2026-03-05T20:50:32","slug":"blackstone-griddle-essentials-17inch-x-12inch-wood-griddle-top-cutting-board","status":"publish","type":"product","link":"https:\/\/ksproducts.ca\/fr\/product\/blackstone-griddle-essentials-17inch-x-12inch-wood-griddle-top-cutting-board\/","title":{"rendered":"Blackstone Griddle Essentials 17inch x 12inch Wood Griddle Top Cutting Board (planche \u00e0 d\u00e9couper en bois pour gril)"},"content":{"rendered":"<ul class=\"features-specs-list\">\n<li class=\"acumin\">Planche \u00e0 d\u00e9couper de 17\u201d x 12\u201d.<\/li>\n<li class=\"acumin\">Lavage \u00e0 la main uniquement.<\/li>\n<li class=\"acumin\">Huiler apr\u00e8s utilisation pour \u00e9viter les fissures.<\/li>\n<li class=\"acumin\">Garantie d'un an.<\/li>\n<\/ul>","protected":false},"excerpt":{"rendered":"<p>La planche \u00e0 d\u00e9couper Blackstone Griddle est indispensable \u00e0 la pr\u00e9paration des repas. Fabriqu\u00e9e en bois durable et con\u00e7ue avec des pieds sur\u00e9lev\u00e9s pour que vous puissiez la placer rapidement sur le dessus de la plaque, la planche \u00e0 d\u00e9couper pour gril est un outil parfait pour pr\u00e9parer le petit-d\u00e9jeuner, le d\u00e9jeuner et le d\u00eener.<\/p>","protected":false},"featured_media":11791,"comment_status":"open","ping_status":"closed","template":"","meta":[],"product_cat":[440],"product_tag":[],"class_list":{"0":"post-11790","1":"product","2":"type-product","3":"status-publish","4":"has-post-thumbnail","6":"product_cat-stands-prep-carts","7":"product_shipping_class-class-1","9":"first","10":"instock","11":"taxable","12":"shipping-taxable","13":"purchasable","14":"product-type-simple"},"yoast_head":"<!-- This site is optimized with the Yoast SEO plugin v27.3 - https:\/\/yoast.com\/product\/yoast-seo-wordpress\/ -->\n<title>Blackstone Griddle Essentials 17inch x 12inch Wood Griddle Top Cutting Board - Ks Products<\/title>\n<meta name=\"robots\" content=\"index, follow, max-snippet:-1, max-image-preview:large, max-video-preview:-1\" \/>\n<link rel=\"canonical\" href=\"https:\/\/ksproducts.ca\/fr\/product\/blackstone-griddle-essentials-17inch-x-12inch-wood-griddle-top-cutting-board\/\" \/>\n<meta property=\"og:locale\" content=\"fr_CA\" \/>\n<meta property=\"og:type\" content=\"article\" \/>\n<meta property=\"og:title\" content=\"Blackstone Griddle Essentials 17inch x 12inch Wood Griddle Top Cutting Board - Ks Products\" \/>\n<meta property=\"og:description\" content=\"The Blackstone Griddle Cutting Board is a must-have for your meal prep. Made from durable wood and designed with raised feet so you can place it briefly on the griddle top, the Griddle Cutting Board is a perfect tool for whipping up breakfast, lunch, and dinner.\" \/>\n<meta property=\"og:url\" content=\"https:\/\/ksproducts.ca\/fr\/product\/blackstone-griddle-essentials-17inch-x-12inch-wood-griddle-top-cutting-board\/\" \/>\n<meta property=\"og:site_name\" content=\"Ks Products\" \/>\n<meta property=\"og:image\" content=\"https:\/\/ksproducts.ca\/wp-content\/uploads\/2026\/03\/Blackstone-Griddle-Essentials-17inch-x-12inch-Wood-Griddle-Top-Cutting-Board.jpg\" \/>\n\t<meta property=\"og:image:width\" content=\"478\" \/>\n\t<meta property=\"og:image:height\" content=\"471\" \/>\n\t<meta property=\"og:image:type\" content=\"image\/jpeg\" \/>\n<meta name=\"twitter:card\" content=\"summary_large_image\" \/>\n<meta name=\"twitter:label1\" content=\"Estimation du temps de lecture\" \/>\n\t<meta name=\"twitter:data1\" content=\"1 minute\" \/>\n<script type=\"application\/ld+json\" class=\"yoast-schema-graph\">{\"@context\":\"https:\\\/\\\/schema.org\",\"@graph\":[{\"@type\":\"WebPage\",\"@id\":\"https:\\\/\\\/ksproducts.ca\\\/product\\\/blackstone-griddle-essentials-17inch-x-12inch-wood-griddle-top-cutting-board\\\/\",\"url\":\"https:\\\/\\\/ksproducts.ca\\\/product\\\/blackstone-griddle-essentials-17inch-x-12inch-wood-griddle-top-cutting-board\\\/\",\"name\":\"Blackstone Griddle Essentials 17inch x 12inch Wood Griddle Top Cutting Board - Ks Products\",\"isPartOf\":{\"@id\":\"https:\\\/\\\/ksproducts.ca\\\/#website\"},\"primaryImageOfPage\":{\"@id\":\"https:\\\/\\\/ksproducts.ca\\\/product\\\/blackstone-griddle-essentials-17inch-x-12inch-wood-griddle-top-cutting-board\\\/#primaryimage\"},\"image\":{\"@id\":\"https:\\\/\\\/ksproducts.ca\\\/product\\\/blackstone-griddle-essentials-17inch-x-12inch-wood-griddle-top-cutting-board\\\/#primaryimage\"},\"thumbnailUrl\":\"https:\\\/\\\/ksproducts.ca\\\/wp-content\\\/uploads\\\/2026\\\/03\\\/Blackstone-Griddle-Essentials-17inch-x-12inch-Wood-Griddle-Top-Cutting-Board.jpg\",\"datePublished\":\"2026-03-05T20:50:32+00:00\",\"breadcrumb\":{\"@id\":\"https:\\\/\\\/ksproducts.ca\\\/product\\\/blackstone-griddle-essentials-17inch-x-12inch-wood-griddle-top-cutting-board\\\/#breadcrumb\"},\"inLanguage\":\"fr-CA\",\"potentialAction\":[{\"@type\":\"ReadAction\",\"target\":[\"https:\\\/\\\/ksproducts.ca\\\/product\\\/blackstone-griddle-essentials-17inch-x-12inch-wood-griddle-top-cutting-board\\\/\"]}]},{\"@type\":\"ImageObject\",\"inLanguage\":\"fr-CA\",\"@id\":\"https:\\\/\\\/ksproducts.ca\\\/product\\\/blackstone-griddle-essentials-17inch-x-12inch-wood-griddle-top-cutting-board\\\/#primaryimage\",\"url\":\"https:\\\/\\\/ksproducts.ca\\\/wp-content\\\/uploads\\\/2026\\\/03\\\/Blackstone-Griddle-Essentials-17inch-x-12inch-Wood-Griddle-Top-Cutting-Board.jpg\",\"contentUrl\":\"https:\\\/\\\/ksproducts.ca\\\/wp-content\\\/uploads\\\/2026\\\/03\\\/Blackstone-Griddle-Essentials-17inch-x-12inch-Wood-Griddle-Top-Cutting-Board.jpg\",\"width\":478,\"height\":471,\"caption\":\"Blackstone Griddle Essentials 17inch x 12inch Wood Griddle Top Cutting Board\"},{\"@type\":\"BreadcrumbList\",\"@id\":\"https:\\\/\\\/ksproducts.ca\\\/product\\\/blackstone-griddle-essentials-17inch-x-12inch-wood-griddle-top-cutting-board\\\/#breadcrumb\",\"itemListElement\":[{\"@type\":\"ListItem\",\"position\":1,\"name\":\"Home\",\"item\":\"https:\\\/\\\/ksproducts.ca\\\/\"},{\"@type\":\"ListItem\",\"position\":2,\"name\":\"Shop\",\"item\":\"https:\\\/\\\/ksproducts.ca\\\/shop\\\/\"},{\"@type\":\"ListItem\",\"position\":3,\"name\":\"Blackstone Griddle Essentials 17inch x 12inch Wood Griddle Top Cutting Board\"}]},{\"@type\":\"WebSite\",\"@id\":\"https:\\\/\\\/ksproducts.ca\\\/#website\",\"url\":\"https:\\\/\\\/ksproducts.ca\\\/\",\"name\":\"Ks Products\",\"description\":\"Outdoor cooking and living, made easy in Canada\",\"publisher\":{\"@id\":\"https:\\\/\\\/ksproducts.ca\\\/#organization\"},\"potentialAction\":[{\"@type\":\"SearchAction\",\"target\":{\"@type\":\"EntryPoint\",\"urlTemplate\":\"https:\\\/\\\/ksproducts.ca\\\/?s={search_term_string}\"},\"query-input\":{\"@type\":\"PropertyValueSpecification\",\"valueRequired\":true,\"valueName\":\"search_term_string\"}}],\"inLanguage\":\"fr-CA\"},{\"@type\":\"Organization\",\"@id\":\"https:\\\/\\\/ksproducts.ca\\\/#organization\",\"name\":\"Ks Products\",\"url\":\"https:\\\/\\\/ksproducts.ca\\\/\",\"logo\":{\"@type\":\"ImageObject\",\"inLanguage\":\"fr-CA\",\"@id\":\"https:\\\/\\\/ksproducts.ca\\\/#\\\/schema\\\/logo\\\/image\\\/\",\"url\":\"https:\\\/\\\/ksproducts.ca\\\/wp-content\\\/uploads\\\/2023\\\/09\\\/Kennedy-Sales-Logo-header-1.png\",\"contentUrl\":\"https:\\\/\\\/ksproducts.ca\\\/wp-content\\\/uploads\\\/2023\\\/09\\\/Kennedy-Sales-Logo-header-1.png\",\"width\":150,\"height\":77,\"caption\":\"Ks Products\"},\"image\":{\"@id\":\"https:\\\/\\\/ksproducts.ca\\\/#\\\/schema\\\/logo\\\/image\\\/\"}}]}<\/script>\n<!-- \/ Yoast SEO plugin. -->","yoast_head_json":{"title":"Blackstone Griddle Essentials 17inch x 12inch Wood Griddle Top Cutting Board - Ks Products","robots":{"index":"index","follow":"follow","max-snippet":"max-snippet:-1","max-image-preview":"max-image-preview:large","max-video-preview":"max-video-preview:-1"},"canonical":"https:\/\/ksproducts.ca\/fr\/product\/blackstone-griddle-essentials-17inch-x-12inch-wood-griddle-top-cutting-board\/","og_locale":"fr_CA","og_type":"article","og_title":"Blackstone Griddle Essentials 17inch x 12inch Wood Griddle Top Cutting Board - Ks Products","og_description":"The Blackstone Griddle Cutting Board is a must-have for your meal prep. Made from durable wood and designed with raised feet so you can place it briefly on the griddle top, the Griddle Cutting Board is a perfect tool for whipping up breakfast, lunch, and dinner.","og_url":"https:\/\/ksproducts.ca\/fr\/product\/blackstone-griddle-essentials-17inch-x-12inch-wood-griddle-top-cutting-board\/","og_site_name":"Ks Products","og_image":[{"width":478,"height":471,"url":"https:\/\/ksproducts.ca\/wp-content\/uploads\/2026\/03\/Blackstone-Griddle-Essentials-17inch-x-12inch-Wood-Griddle-Top-Cutting-Board.jpg","type":"image\/jpeg"}],"twitter_card":"summary_large_image","twitter_misc":{"Estimation du temps de lecture":"1 minute"},"schema":{"@context":"https:\/\/schema.org","@graph":[{"@type":"WebPage","@id":"https:\/\/ksproducts.ca\/product\/blackstone-griddle-essentials-17inch-x-12inch-wood-griddle-top-cutting-board\/","url":"https:\/\/ksproducts.ca\/product\/blackstone-griddle-essentials-17inch-x-12inch-wood-griddle-top-cutting-board\/","name":"Blackstone Griddle Essentials 17inch x 12inch Wood Griddle Top Cutting Board - Ks Products","isPartOf":{"@id":"https:\/\/ksproducts.ca\/#website"},"primaryImageOfPage":{"@id":"https:\/\/ksproducts.ca\/product\/blackstone-griddle-essentials-17inch-x-12inch-wood-griddle-top-cutting-board\/#primaryimage"},"image":{"@id":"https:\/\/ksproducts.ca\/product\/blackstone-griddle-essentials-17inch-x-12inch-wood-griddle-top-cutting-board\/#primaryimage"},"thumbnailUrl":"https:\/\/ksproducts.ca\/wp-content\/uploads\/2026\/03\/Blackstone-Griddle-Essentials-17inch-x-12inch-Wood-Griddle-Top-Cutting-Board.jpg","datePublished":"2026-03-05T20:50:32+00:00","breadcrumb":{"@id":"https:\/\/ksproducts.ca\/product\/blackstone-griddle-essentials-17inch-x-12inch-wood-griddle-top-cutting-board\/#breadcrumb"},"inLanguage":"fr-CA","potentialAction":[{"@type":"ReadAction","target":["https:\/\/ksproducts.ca\/product\/blackstone-griddle-essentials-17inch-x-12inch-wood-griddle-top-cutting-board\/"]}]},{"@type":"ImageObject","inLanguage":"fr-CA","@id":"https:\/\/ksproducts.ca\/product\/blackstone-griddle-essentials-17inch-x-12inch-wood-griddle-top-cutting-board\/#primaryimage","url":"https:\/\/ksproducts.ca\/wp-content\/uploads\/2026\/03\/Blackstone-Griddle-Essentials-17inch-x-12inch-Wood-Griddle-Top-Cutting-Board.jpg","contentUrl":"https:\/\/ksproducts.ca\/wp-content\/uploads\/2026\/03\/Blackstone-Griddle-Essentials-17inch-x-12inch-Wood-Griddle-Top-Cutting-Board.jpg","width":478,"height":471,"caption":"Blackstone Griddle Essentials 17inch x 12inch Wood Griddle Top Cutting Board"},{"@type":"BreadcrumbList","@id":"https:\/\/ksproducts.ca\/product\/blackstone-griddle-essentials-17inch-x-12inch-wood-griddle-top-cutting-board\/#breadcrumb","itemListElement":[{"@type":"ListItem","position":1,"name":"Home","item":"https:\/\/ksproducts.ca\/"},{"@type":"ListItem","position":2,"name":"Shop","item":"https:\/\/ksproducts.ca\/shop\/"},{"@type":"ListItem","position":3,"name":"Blackstone Griddle Essentials 17inch x 12inch Wood Griddle Top Cutting Board"}]},{"@type":"WebSite","@id":"https:\/\/ksproducts.ca\/#website","url":"https:\/\/ksproducts.ca\/","name":"Produits Ks","description":"Cuisiner et vivre en plein air, c'est facile au Canada","publisher":{"@id":"https:\/\/ksproducts.ca\/#organization"},"potentialAction":[{"@type":"SearchAction","target":{"@type":"EntryPoint","urlTemplate":"https:\/\/ksproducts.ca\/?s={search_term_string}"},"query-input":{"@type":"PropertyValueSpecification","valueRequired":true,"valueName":"search_term_string"}}],"inLanguage":"fr-CA"},{"@type":"Organization","@id":"https:\/\/ksproducts.ca\/#organization","name":"Produits Ks","url":"https:\/\/ksproducts.ca\/","logo":{"@type":"ImageObject","inLanguage":"fr-CA","@id":"https:\/\/ksproducts.ca\/#\/schema\/logo\/image\/","url":"https:\/\/ksproducts.ca\/wp-content\/uploads\/2023\/09\/Kennedy-Sales-Logo-header-1.png","contentUrl":"https:\/\/ksproducts.ca\/wp-content\/uploads\/2023\/09\/Kennedy-Sales-Logo-header-1.png","width":150,"height":77,"caption":"Ks Products"},"image":{"@id":"https:\/\/ksproducts.ca\/#\/schema\/logo\/image\/"}}]}},"_links":{"self":[{"href":"https:\/\/ksproducts.ca\/fr\/wp-json\/wp\/v2\/product\/11790","targetHints":{"allow":["GET"]}}],"collection":[{"href":"https:\/\/ksproducts.ca\/fr\/wp-json\/wp\/v2\/product"}],"about":[{"href":"https:\/\/ksproducts.ca\/fr\/wp-json\/wp\/v2\/types\/product"}],"replies":[{"embeddable":true,"href":"https:\/\/ksproducts.ca\/fr\/wp-json\/wp\/v2\/comments?post=11790"}],"version-history":[{"count":1,"href":"https:\/\/ksproducts.ca\/fr\/wp-json\/wp\/v2\/product\/11790\/revisions"}],"predecessor-version":[{"id":11792,"href":"https:\/\/ksproducts.ca\/fr\/wp-json\/wp\/v2\/product\/11790\/revisions\/11792"}],"wp:featuredmedia":[{"embeddable":true,"href":"https:\/\/ksproducts.ca\/fr\/wp-json\/wp\/v2\/media\/11791"}],"wp:attachment":[{"href":"https:\/\/ksproducts.ca\/fr\/wp-json\/wp\/v2\/media?parent=11790"}],"wp:term":[{"taxonomy":"product_cat","embeddable":true,"href":"https:\/\/ksproducts.ca\/fr\/wp-json\/wp\/v2\/product_cat?post=11790"},{"taxonomy":"product_tag","embeddable":true,"href":"https:\/\/ksproducts.ca\/fr\/wp-json\/wp\/v2\/product_tag?post=11790"}],"curies":[{"name":"wp","href":"https:\/\/api.w.org\/{rel}","templated":true}]}}