{"id":11797,"date":"2026-03-05T20:57:52","date_gmt":"2026-03-05T20:57:52","guid":{"rendered":"https:\/\/ksproducts.ca\/?post_type=product&#038;p=11797"},"modified":"2026-03-16T14:47:26","modified_gmt":"2026-03-16T14:47:26","slug":"blackstone-professional-series-soft-cover-for-36inch-griddle","status":"publish","type":"product","link":"https:\/\/ksproducts.ca\/fr\/product\/blackstone-professional-series-soft-cover-for-36inch-griddle\/","title":{"rendered":"Blackstone Professional Series Soft Cover for 36inch Griddle (housse souple pour gril de 36 pouces)"},"content":{"rendered":"<ul>\n<li>Custom Designed To Fit the ProSeries 36\u2033 Griddle And the 36\u2033 Air Fryer.<\/li>\n<li>Deux (2) fermetures \u00e0 glissi\u00e8re avec protection pour un acc\u00e8s facile \u00e0 l'avant du gril<\/li>\n<li>Sangles en nylon gris avec clips en plastique gris pour un maintien s\u00fbr<\/li>\n<li>R\u00e9sistant aux intemp\u00e9ries pour une protection contre les conditions climatiques extr\u00eames<\/li>\n<li>Disponible en magasin uniquement<\/li>\n<\/ul>","protected":false},"excerpt":{"rendered":"<p>Prot\u00e9gez votre gril ProSeries avec la housse de gril de luxe 36\u2033 con\u00e7ue sur mesure. Cette housse offre un acc\u00e8s facile aux armoires avant du gril, une toile r\u00e9sistante aux intemp\u00e9ries avec des coins renforc\u00e9s et des boucles durables en r\u00e9sine poly\u00e9thyl\u00e8ne \u00e0 haute r\u00e9sistance aux chocs. Les sangles sont bien ajust\u00e9es et vous pouvez vous d\u00e9tendre en gardant votre ProSeries dans un \u00e9tat impeccable.<strong>Cette housse convient \u00e0 la friteuse \u00e0 air 36\u2033, article # 1868<\/strong>Dimensions : 70 1\/2\u2033 de largeur x 36\u2033 de hauteur x 26 1\/2\u2033 de profondeur<\/p>","protected":false},"featured_media":11798,"comment_status":"open","ping_status":"closed","template":"","meta":[],"product_cat":[437],"product_tag":[],"class_list":{"0":"post-11797","1":"product","2":"type-product","3":"status-publish","4":"has-post-thumbnail","6":"product_cat-covers-cases","7":"product_shipping_class-class-1","9":"first","10":"instock","11":"taxable","12":"shipping-taxable","13":"purchasable","14":"product-type-simple"},"yoast_head":"<!-- This site is optimized with the Yoast SEO plugin v27.3 - https:\/\/yoast.com\/product\/yoast-seo-wordpress\/ -->\n<title>Blackstone Professional Series Soft Cover for 36inch Griddle - Ks Products<\/title>\n<meta name=\"robots\" content=\"index, follow, max-snippet:-1, max-image-preview:large, max-video-preview:-1\" \/>\n<link rel=\"canonical\" href=\"https:\/\/ksproducts.ca\/fr\/product\/blackstone-professional-series-soft-cover-for-36inch-griddle\/\" \/>\n<meta property=\"og:locale\" content=\"fr_CA\" \/>\n<meta property=\"og:type\" content=\"article\" \/>\n<meta property=\"og:title\" content=\"Blackstone Professional Series Soft Cover for 36inch Griddle - Ks Products\" \/>\n<meta property=\"og:description\" content=\"Protect your ProSeries Griddle with the custom designed 36\u2033 Deluxe Griddle Cover. This cover features easy access to the front cabinets on the Griddle, weather resistant heavy duty canvas with reinforced corners, and durable buckles made of high impact poly resin. Cinch the straps for a secure fit and you can relax about keeping your ProSeries in pristine condition.This cover fits the 36\u2033 Air Fryer, Item # 1868Dimensions: 70 1\/2\u2033 Wide x 36\u2033 Tall x 26 1\/2\u2033 Deep\" \/>\n<meta property=\"og:url\" content=\"https:\/\/ksproducts.ca\/fr\/product\/blackstone-professional-series-soft-cover-for-36inch-griddle\/\" \/>\n<meta property=\"og:site_name\" content=\"Ks Products\" \/>\n<meta property=\"article:modified_time\" content=\"2026-03-16T14:47:26+00:00\" \/>\n<meta property=\"og:image\" content=\"https:\/\/ksproducts.ca\/wp-content\/uploads\/2026\/03\/Blackstone-Professional-Series-Soft-Cover-for-36inch-Griddle.jpg\" \/>\n\t<meta property=\"og:image:width\" content=\"798\" \/>\n\t<meta property=\"og:image:height\" content=\"580\" \/>\n\t<meta property=\"og:image:type\" content=\"image\/jpeg\" \/>\n<meta name=\"twitter:card\" content=\"summary_large_image\" \/>\n<meta name=\"twitter:label1\" content=\"Estimation du temps de lecture\" \/>\n\t<meta name=\"twitter:data1\" content=\"1 minute\" \/>\n<script type=\"application\/ld+json\" class=\"yoast-schema-graph\">{\"@context\":\"https:\\\/\\\/schema.org\",\"@graph\":[{\"@type\":\"WebPage\",\"@id\":\"https:\\\/\\\/ksproducts.ca\\\/product\\\/blackstone-professional-series-soft-cover-for-36inch-griddle\\\/\",\"url\":\"https:\\\/\\\/ksproducts.ca\\\/product\\\/blackstone-professional-series-soft-cover-for-36inch-griddle\\\/\",\"name\":\"Blackstone Professional Series Soft Cover for 36inch Griddle - Ks Products\",\"isPartOf\":{\"@id\":\"https:\\\/\\\/ksproducts.ca\\\/#website\"},\"primaryImageOfPage\":{\"@id\":\"https:\\\/\\\/ksproducts.ca\\\/product\\\/blackstone-professional-series-soft-cover-for-36inch-griddle\\\/#primaryimage\"},\"image\":{\"@id\":\"https:\\\/\\\/ksproducts.ca\\\/product\\\/blackstone-professional-series-soft-cover-for-36inch-griddle\\\/#primaryimage\"},\"thumbnailUrl\":\"https:\\\/\\\/ksproducts.ca\\\/wp-content\\\/uploads\\\/2026\\\/03\\\/Blackstone-Professional-Series-Soft-Cover-for-36inch-Griddle.jpg\",\"datePublished\":\"2026-03-05T20:57:52+00:00\",\"dateModified\":\"2026-03-16T14:47:26+00:00\",\"breadcrumb\":{\"@id\":\"https:\\\/\\\/ksproducts.ca\\\/product\\\/blackstone-professional-series-soft-cover-for-36inch-griddle\\\/#breadcrumb\"},\"inLanguage\":\"fr-CA\",\"potentialAction\":[{\"@type\":\"ReadAction\",\"target\":[\"https:\\\/\\\/ksproducts.ca\\\/product\\\/blackstone-professional-series-soft-cover-for-36inch-griddle\\\/\"]}]},{\"@type\":\"ImageObject\",\"inLanguage\":\"fr-CA\",\"@id\":\"https:\\\/\\\/ksproducts.ca\\\/product\\\/blackstone-professional-series-soft-cover-for-36inch-griddle\\\/#primaryimage\",\"url\":\"https:\\\/\\\/ksproducts.ca\\\/wp-content\\\/uploads\\\/2026\\\/03\\\/Blackstone-Professional-Series-Soft-Cover-for-36inch-Griddle.jpg\",\"contentUrl\":\"https:\\\/\\\/ksproducts.ca\\\/wp-content\\\/uploads\\\/2026\\\/03\\\/Blackstone-Professional-Series-Soft-Cover-for-36inch-Griddle.jpg\",\"width\":798,\"height\":580,\"caption\":\"Blackstone Professional Series Soft Cover for 36inch Griddle\"},{\"@type\":\"BreadcrumbList\",\"@id\":\"https:\\\/\\\/ksproducts.ca\\\/product\\\/blackstone-professional-series-soft-cover-for-36inch-griddle\\\/#breadcrumb\",\"itemListElement\":[{\"@type\":\"ListItem\",\"position\":1,\"name\":\"Home\",\"item\":\"https:\\\/\\\/ksproducts.ca\\\/\"},{\"@type\":\"ListItem\",\"position\":2,\"name\":\"Shop\",\"item\":\"https:\\\/\\\/ksproducts.ca\\\/shop\\\/\"},{\"@type\":\"ListItem\",\"position\":3,\"name\":\"Blackstone Professional Series Soft Cover for 36inch Griddle\"}]},{\"@type\":\"WebSite\",\"@id\":\"https:\\\/\\\/ksproducts.ca\\\/#website\",\"url\":\"https:\\\/\\\/ksproducts.ca\\\/\",\"name\":\"Ks Products\",\"description\":\"Outdoor cooking and living, made easy in Canada\",\"publisher\":{\"@id\":\"https:\\\/\\\/ksproducts.ca\\\/#organization\"},\"potentialAction\":[{\"@type\":\"SearchAction\",\"target\":{\"@type\":\"EntryPoint\",\"urlTemplate\":\"https:\\\/\\\/ksproducts.ca\\\/?s={search_term_string}\"},\"query-input\":{\"@type\":\"PropertyValueSpecification\",\"valueRequired\":true,\"valueName\":\"search_term_string\"}}],\"inLanguage\":\"fr-CA\"},{\"@type\":\"Organization\",\"@id\":\"https:\\\/\\\/ksproducts.ca\\\/#organization\",\"name\":\"Ks Products\",\"url\":\"https:\\\/\\\/ksproducts.ca\\\/\",\"logo\":{\"@type\":\"ImageObject\",\"inLanguage\":\"fr-CA\",\"@id\":\"https:\\\/\\\/ksproducts.ca\\\/#\\\/schema\\\/logo\\\/image\\\/\",\"url\":\"https:\\\/\\\/ksproducts.ca\\\/wp-content\\\/uploads\\\/2023\\\/09\\\/Kennedy-Sales-Logo-header-1.png\",\"contentUrl\":\"https:\\\/\\\/ksproducts.ca\\\/wp-content\\\/uploads\\\/2023\\\/09\\\/Kennedy-Sales-Logo-header-1.png\",\"width\":150,\"height\":77,\"caption\":\"Ks Products\"},\"image\":{\"@id\":\"https:\\\/\\\/ksproducts.ca\\\/#\\\/schema\\\/logo\\\/image\\\/\"}}]}<\/script>\n<!-- \/ Yoast SEO plugin. -->","yoast_head_json":{"title":"Blackstone Professional Series Soft Cover for 36inch Griddle - Ks Products","robots":{"index":"index","follow":"follow","max-snippet":"max-snippet:-1","max-image-preview":"max-image-preview:large","max-video-preview":"max-video-preview:-1"},"canonical":"https:\/\/ksproducts.ca\/fr\/product\/blackstone-professional-series-soft-cover-for-36inch-griddle\/","og_locale":"fr_CA","og_type":"article","og_title":"Blackstone Professional Series Soft Cover for 36inch Griddle - Ks Products","og_description":"Protect your ProSeries Griddle with the custom designed 36\u2033 Deluxe Griddle Cover. This cover features easy access to the front cabinets on the Griddle, weather resistant heavy duty canvas with reinforced corners, and durable buckles made of high impact poly resin. Cinch the straps for a secure fit and you can relax about keeping your ProSeries in pristine condition.This cover fits the 36\u2033 Air Fryer, Item # 1868Dimensions: 70 1\/2\u2033 Wide x 36\u2033 Tall x 26 1\/2\u2033 Deep","og_url":"https:\/\/ksproducts.ca\/fr\/product\/blackstone-professional-series-soft-cover-for-36inch-griddle\/","og_site_name":"Ks Products","article_modified_time":"2026-03-16T14:47:26+00:00","og_image":[{"width":798,"height":580,"url":"https:\/\/ksproducts.ca\/wp-content\/uploads\/2026\/03\/Blackstone-Professional-Series-Soft-Cover-for-36inch-Griddle.jpg","type":"image\/jpeg"}],"twitter_card":"summary_large_image","twitter_misc":{"Estimation du temps de lecture":"1 minute"},"schema":{"@context":"https:\/\/schema.org","@graph":[{"@type":"WebPage","@id":"https:\/\/ksproducts.ca\/product\/blackstone-professional-series-soft-cover-for-36inch-griddle\/","url":"https:\/\/ksproducts.ca\/product\/blackstone-professional-series-soft-cover-for-36inch-griddle\/","name":"Blackstone Professional Series Soft Cover for 36inch Griddle - Ks Products","isPartOf":{"@id":"https:\/\/ksproducts.ca\/#website"},"primaryImageOfPage":{"@id":"https:\/\/ksproducts.ca\/product\/blackstone-professional-series-soft-cover-for-36inch-griddle\/#primaryimage"},"image":{"@id":"https:\/\/ksproducts.ca\/product\/blackstone-professional-series-soft-cover-for-36inch-griddle\/#primaryimage"},"thumbnailUrl":"https:\/\/ksproducts.ca\/wp-content\/uploads\/2026\/03\/Blackstone-Professional-Series-Soft-Cover-for-36inch-Griddle.jpg","datePublished":"2026-03-05T20:57:52+00:00","dateModified":"2026-03-16T14:47:26+00:00","breadcrumb":{"@id":"https:\/\/ksproducts.ca\/product\/blackstone-professional-series-soft-cover-for-36inch-griddle\/#breadcrumb"},"inLanguage":"fr-CA","potentialAction":[{"@type":"ReadAction","target":["https:\/\/ksproducts.ca\/product\/blackstone-professional-series-soft-cover-for-36inch-griddle\/"]}]},{"@type":"ImageObject","inLanguage":"fr-CA","@id":"https:\/\/ksproducts.ca\/product\/blackstone-professional-series-soft-cover-for-36inch-griddle\/#primaryimage","url":"https:\/\/ksproducts.ca\/wp-content\/uploads\/2026\/03\/Blackstone-Professional-Series-Soft-Cover-for-36inch-Griddle.jpg","contentUrl":"https:\/\/ksproducts.ca\/wp-content\/uploads\/2026\/03\/Blackstone-Professional-Series-Soft-Cover-for-36inch-Griddle.jpg","width":798,"height":580,"caption":"Blackstone Professional Series Soft Cover for 36inch Griddle"},{"@type":"BreadcrumbList","@id":"https:\/\/ksproducts.ca\/product\/blackstone-professional-series-soft-cover-for-36inch-griddle\/#breadcrumb","itemListElement":[{"@type":"ListItem","position":1,"name":"Home","item":"https:\/\/ksproducts.ca\/"},{"@type":"ListItem","position":2,"name":"Shop","item":"https:\/\/ksproducts.ca\/shop\/"},{"@type":"ListItem","position":3,"name":"Blackstone Professional Series Soft Cover for 36inch Griddle"}]},{"@type":"WebSite","@id":"https:\/\/ksproducts.ca\/#website","url":"https:\/\/ksproducts.ca\/","name":"Produits Ks","description":"Cuisiner et vivre en plein air, c'est facile au Canada","publisher":{"@id":"https:\/\/ksproducts.ca\/#organization"},"potentialAction":[{"@type":"SearchAction","target":{"@type":"EntryPoint","urlTemplate":"https:\/\/ksproducts.ca\/?s={search_term_string}"},"query-input":{"@type":"PropertyValueSpecification","valueRequired":true,"valueName":"search_term_string"}}],"inLanguage":"fr-CA"},{"@type":"Organization","@id":"https:\/\/ksproducts.ca\/#organization","name":"Produits Ks","url":"https:\/\/ksproducts.ca\/","logo":{"@type":"ImageObject","inLanguage":"fr-CA","@id":"https:\/\/ksproducts.ca\/#\/schema\/logo\/image\/","url":"https:\/\/ksproducts.ca\/wp-content\/uploads\/2023\/09\/Kennedy-Sales-Logo-header-1.png","contentUrl":"https:\/\/ksproducts.ca\/wp-content\/uploads\/2023\/09\/Kennedy-Sales-Logo-header-1.png","width":150,"height":77,"caption":"Ks Products"},"image":{"@id":"https:\/\/ksproducts.ca\/#\/schema\/logo\/image\/"}}]}},"_links":{"self":[{"href":"https:\/\/ksproducts.ca\/fr\/wp-json\/wp\/v2\/product\/11797","targetHints":{"allow":["GET"]}}],"collection":[{"href":"https:\/\/ksproducts.ca\/fr\/wp-json\/wp\/v2\/product"}],"about":[{"href":"https:\/\/ksproducts.ca\/fr\/wp-json\/wp\/v2\/types\/product"}],"replies":[{"embeddable":true,"href":"https:\/\/ksproducts.ca\/fr\/wp-json\/wp\/v2\/comments?post=11797"}],"version-history":[{"count":1,"href":"https:\/\/ksproducts.ca\/fr\/wp-json\/wp\/v2\/product\/11797\/revisions"}],"predecessor-version":[{"id":11799,"href":"https:\/\/ksproducts.ca\/fr\/wp-json\/wp\/v2\/product\/11797\/revisions\/11799"}],"wp:featuredmedia":[{"embeddable":true,"href":"https:\/\/ksproducts.ca\/fr\/wp-json\/wp\/v2\/media\/11798"}],"wp:attachment":[{"href":"https:\/\/ksproducts.ca\/fr\/wp-json\/wp\/v2\/media?parent=11797"}],"wp:term":[{"taxonomy":"product_cat","embeddable":true,"href":"https:\/\/ksproducts.ca\/fr\/wp-json\/wp\/v2\/product_cat?post=11797"},{"taxonomy":"product_tag","embeddable":true,"href":"https:\/\/ksproducts.ca\/fr\/wp-json\/wp\/v2\/product_tag?post=11797"}],"curies":[{"name":"wp","href":"https:\/\/api.w.org\/{rel}","templated":true}]}}