{"id":11803,"date":"2026-03-06T13:36:18","date_gmt":"2026-03-06T13:36:18","guid":{"rendered":"https:\/\/ksproducts.ca\/?post_type=product&#038;p=11803"},"modified":"2026-03-06T13:36:18","modified_gmt":"2026-03-06T13:36:18","slug":"kit-daccessoires-de-base-pour-pizza-4-pieces-de-la-serie-blackstone","status":"publish","type":"product","link":"https:\/\/ksproducts.ca\/fr\/product\/blackstone-pizza-series-4-piece-pizza-basics-accessory-kit\/","title":{"rendered":"Blackstone Pizza Series 4-Piece Pizza Basics Accessory Kit (Kit d'accessoires de base pour la pizza)"},"content":{"rendered":"<ul class=\"sc-eJRTFu jFgyke pf-48_ acumin\" data-pf-type=\"MetafieldValue\">\n<li class=\"sc-dtDOqo bEUZPZ metafield-list.single_line_text_field\">Comprend une Pelle \u00e0 Pizza Pliante, deux Plaques \u00e0 Pizza de 14 pouces, et une Roue \u00e0 Pizza<\/li>\n<li class=\"sc-dtDOqo bEUZPZ metafield-list.single_line_text_field\">Kit d'accessoires pour faire des pizzas maison, de la pr\u00e9paration \u00e0 la cuisson dor\u00e9e<\/li>\n<li class=\"sc-dtDOqo bEUZPZ metafield-list.single_line_text_field\">Lavage \u00e0 la main uniquement<\/li>\n<\/ul>","protected":false},"excerpt":{"rendered":"<p>Trouvez tout ce dont vous avez besoin pour commencer \u00e0 cuisiner avec votre four \u00e0 pizza Blackstone. Utilisez les deux plateaux \u00e0 pizza de marque Blackstone comme toile pour cr\u00e9er un chef-d'\u0153uvre de pizza. Transportez facilement les pizzas du plateau au four \u00e0 l'aide de la plaque \u00e0 pizza pliable. Une fois que votre pizza a atteint la perfection, utilisez le coupe-pizza pour faire autant de tranches que n\u00e9cessaire pour nourrir les masses affam\u00e9es.<\/p>","protected":false},"featured_media":11804,"comment_status":"open","ping_status":"closed","template":"","meta":[],"product_cat":[438],"product_tag":[],"class_list":{"0":"post-11803","1":"product","2":"type-product","3":"status-publish","4":"has-post-thumbnail","6":"product_cat-tools-kits","7":"product_shipping_class-class-1","9":"first","10":"instock","11":"taxable","12":"shipping-taxable","13":"purchasable","14":"product-type-simple"},"yoast_head":"<!-- This site is optimized with the Yoast SEO plugin v27.3 - https:\/\/yoast.com\/product\/yoast-seo-wordpress\/ -->\n<title>Blackstone Pizza Series 4-Piece Pizza Basics Accessory Kit - Ks Products<\/title>\n<meta name=\"robots\" content=\"index, follow, max-snippet:-1, max-image-preview:large, max-video-preview:-1\" \/>\n<link rel=\"canonical\" href=\"https:\/\/ksproducts.ca\/fr\/product\/kit-daccessoires-de-base-pour-pizza-4-pieces-de-la-serie-blackstone\/\" \/>\n<meta property=\"og:locale\" content=\"fr_CA\" \/>\n<meta property=\"og:type\" content=\"article\" \/>\n<meta property=\"og:title\" content=\"Blackstone Pizza Series 4-Piece Pizza Basics Accessory Kit - Ks Products\" \/>\n<meta property=\"og:description\" content=\"Find everything you need to start cooking with your Blackstone Pizza oven. Use the two Blackstone branded pizza trays as your canvas to create a pizza masterpiece. Easily transport pizzas from the tray to the oven using the folding Pizza Peel. Once your pizza has reached a cooked perfection, use the pizza cutter to make as many slices as needed to feed the hungry masses\" \/>\n<meta property=\"og:url\" content=\"https:\/\/ksproducts.ca\/fr\/product\/kit-daccessoires-de-base-pour-pizza-4-pieces-de-la-serie-blackstone\/\" \/>\n<meta property=\"og:site_name\" content=\"Ks Products\" \/>\n<meta property=\"og:image\" content=\"https:\/\/ksproducts.ca\/wp-content\/uploads\/2026\/03\/Blackstone-Pizza-Series-4-Piece-Pizza-Basics-Accessory-Kit.jpg\" \/>\n\t<meta property=\"og:image:width\" content=\"800\" \/>\n\t<meta property=\"og:image:height\" content=\"800\" \/>\n\t<meta property=\"og:image:type\" content=\"image\/jpeg\" \/>\n<meta name=\"twitter:card\" content=\"summary_large_image\" \/>\n<meta name=\"twitter:label1\" content=\"Estimation du temps de lecture\" \/>\n\t<meta name=\"twitter:data1\" content=\"1 minute\" \/>\n<script type=\"application\/ld+json\" class=\"yoast-schema-graph\">{\"@context\":\"https:\\\/\\\/schema.org\",\"@graph\":[{\"@type\":\"WebPage\",\"@id\":\"https:\\\/\\\/ksproducts.ca\\\/product\\\/blackstone-pizza-series-4-piece-pizza-basics-accessory-kit\\\/\",\"url\":\"https:\\\/\\\/ksproducts.ca\\\/product\\\/blackstone-pizza-series-4-piece-pizza-basics-accessory-kit\\\/\",\"name\":\"Blackstone Pizza Series 4-Piece Pizza Basics Accessory Kit - Ks Products\",\"isPartOf\":{\"@id\":\"https:\\\/\\\/ksproducts.ca\\\/#website\"},\"primaryImageOfPage\":{\"@id\":\"https:\\\/\\\/ksproducts.ca\\\/product\\\/blackstone-pizza-series-4-piece-pizza-basics-accessory-kit\\\/#primaryimage\"},\"image\":{\"@id\":\"https:\\\/\\\/ksproducts.ca\\\/product\\\/blackstone-pizza-series-4-piece-pizza-basics-accessory-kit\\\/#primaryimage\"},\"thumbnailUrl\":\"https:\\\/\\\/ksproducts.ca\\\/wp-content\\\/uploads\\\/2026\\\/03\\\/Blackstone-Pizza-Series-4-Piece-Pizza-Basics-Accessory-Kit.jpg\",\"datePublished\":\"2026-03-06T13:36:18+00:00\",\"breadcrumb\":{\"@id\":\"https:\\\/\\\/ksproducts.ca\\\/product\\\/blackstone-pizza-series-4-piece-pizza-basics-accessory-kit\\\/#breadcrumb\"},\"inLanguage\":\"fr-CA\",\"potentialAction\":[{\"@type\":\"ReadAction\",\"target\":[\"https:\\\/\\\/ksproducts.ca\\\/product\\\/blackstone-pizza-series-4-piece-pizza-basics-accessory-kit\\\/\"]}]},{\"@type\":\"ImageObject\",\"inLanguage\":\"fr-CA\",\"@id\":\"https:\\\/\\\/ksproducts.ca\\\/product\\\/blackstone-pizza-series-4-piece-pizza-basics-accessory-kit\\\/#primaryimage\",\"url\":\"https:\\\/\\\/ksproducts.ca\\\/wp-content\\\/uploads\\\/2026\\\/03\\\/Blackstone-Pizza-Series-4-Piece-Pizza-Basics-Accessory-Kit.jpg\",\"contentUrl\":\"https:\\\/\\\/ksproducts.ca\\\/wp-content\\\/uploads\\\/2026\\\/03\\\/Blackstone-Pizza-Series-4-Piece-Pizza-Basics-Accessory-Kit.jpg\",\"width\":800,\"height\":800,\"caption\":\"Blackstone Pizza Series 4 Piece Pizza Basics Accessory Kit\"},{\"@type\":\"BreadcrumbList\",\"@id\":\"https:\\\/\\\/ksproducts.ca\\\/product\\\/blackstone-pizza-series-4-piece-pizza-basics-accessory-kit\\\/#breadcrumb\",\"itemListElement\":[{\"@type\":\"ListItem\",\"position\":1,\"name\":\"Home\",\"item\":\"https:\\\/\\\/ksproducts.ca\\\/\"},{\"@type\":\"ListItem\",\"position\":2,\"name\":\"Shop\",\"item\":\"https:\\\/\\\/ksproducts.ca\\\/shop\\\/\"},{\"@type\":\"ListItem\",\"position\":3,\"name\":\"Blackstone Pizza Series 4-Piece Pizza Basics Accessory Kit\"}]},{\"@type\":\"WebSite\",\"@id\":\"https:\\\/\\\/ksproducts.ca\\\/#website\",\"url\":\"https:\\\/\\\/ksproducts.ca\\\/\",\"name\":\"Ks Products\",\"description\":\"Outdoor cooking and living, made easy in Canada\",\"publisher\":{\"@id\":\"https:\\\/\\\/ksproducts.ca\\\/#organization\"},\"potentialAction\":[{\"@type\":\"SearchAction\",\"target\":{\"@type\":\"EntryPoint\",\"urlTemplate\":\"https:\\\/\\\/ksproducts.ca\\\/?s={search_term_string}\"},\"query-input\":{\"@type\":\"PropertyValueSpecification\",\"valueRequired\":true,\"valueName\":\"search_term_string\"}}],\"inLanguage\":\"fr-CA\"},{\"@type\":\"Organization\",\"@id\":\"https:\\\/\\\/ksproducts.ca\\\/#organization\",\"name\":\"Ks Products\",\"url\":\"https:\\\/\\\/ksproducts.ca\\\/\",\"logo\":{\"@type\":\"ImageObject\",\"inLanguage\":\"fr-CA\",\"@id\":\"https:\\\/\\\/ksproducts.ca\\\/#\\\/schema\\\/logo\\\/image\\\/\",\"url\":\"https:\\\/\\\/ksproducts.ca\\\/wp-content\\\/uploads\\\/2023\\\/09\\\/Kennedy-Sales-Logo-header-1.png\",\"contentUrl\":\"https:\\\/\\\/ksproducts.ca\\\/wp-content\\\/uploads\\\/2023\\\/09\\\/Kennedy-Sales-Logo-header-1.png\",\"width\":150,\"height\":77,\"caption\":\"Ks Products\"},\"image\":{\"@id\":\"https:\\\/\\\/ksproducts.ca\\\/#\\\/schema\\\/logo\\\/image\\\/\"}}]}<\/script>\n<!-- \/ Yoast SEO plugin. -->","yoast_head_json":{"title":"Kit d'accessoires de base pour pizza Blackstone, s\u00e9rie 4 pi\u00e8ces - Produits Ks","robots":{"index":"index","follow":"follow","max-snippet":"max-snippet:-1","max-image-preview":"max-image-preview:large","max-video-preview":"max-video-preview:-1"},"canonical":"https:\/\/ksproducts.ca\/fr\/product\/kit-daccessoires-de-base-pour-pizza-4-pieces-de-la-serie-blackstone\/","og_locale":"fr_CA","og_type":"article","og_title":"Blackstone Pizza Series 4-Piece Pizza Basics Accessory Kit - Ks Products","og_description":"Find everything you need to start cooking with your Blackstone Pizza oven. Use the two Blackstone branded pizza trays as your canvas to create a pizza masterpiece. Easily transport pizzas from the tray to the oven using the folding Pizza Peel. Once your pizza has reached a cooked perfection, use the pizza cutter to make as many slices as needed to feed the hungry masses","og_url":"https:\/\/ksproducts.ca\/fr\/product\/kit-daccessoires-de-base-pour-pizza-4-pieces-de-la-serie-blackstone\/","og_site_name":"Ks Products","og_image":[{"width":800,"height":800,"url":"https:\/\/ksproducts.ca\/wp-content\/uploads\/2026\/03\/Blackstone-Pizza-Series-4-Piece-Pizza-Basics-Accessory-Kit.jpg","type":"image\/jpeg"}],"twitter_card":"summary_large_image","twitter_misc":{"Estimation du temps de lecture":"1 minute"},"schema":{"@context":"https:\/\/schema.org","@graph":[{"@type":"WebPage","@id":"https:\/\/ksproducts.ca\/product\/blackstone-pizza-series-4-piece-pizza-basics-accessory-kit\/","url":"https:\/\/ksproducts.ca\/product\/blackstone-pizza-series-4-piece-pizza-basics-accessory-kit\/","name":"Kit d'accessoires de base pour pizza Blackstone, s\u00e9rie 4 pi\u00e8ces - Produits Ks","isPartOf":{"@id":"https:\/\/ksproducts.ca\/#website"},"primaryImageOfPage":{"@id":"https:\/\/ksproducts.ca\/product\/blackstone-pizza-series-4-piece-pizza-basics-accessory-kit\/#primaryimage"},"image":{"@id":"https:\/\/ksproducts.ca\/product\/blackstone-pizza-series-4-piece-pizza-basics-accessory-kit\/#primaryimage"},"thumbnailUrl":"https:\/\/ksproducts.ca\/wp-content\/uploads\/2026\/03\/Blackstone-Pizza-Series-4-Piece-Pizza-Basics-Accessory-Kit.jpg","datePublished":"2026-03-06T13:36:18+00:00","breadcrumb":{"@id":"https:\/\/ksproducts.ca\/product\/blackstone-pizza-series-4-piece-pizza-basics-accessory-kit\/#breadcrumb"},"inLanguage":"fr-CA","potentialAction":[{"@type":"ReadAction","target":["https:\/\/ksproducts.ca\/product\/blackstone-pizza-series-4-piece-pizza-basics-accessory-kit\/"]}]},{"@type":"ImageObject","inLanguage":"fr-CA","@id":"https:\/\/ksproducts.ca\/product\/blackstone-pizza-series-4-piece-pizza-basics-accessory-kit\/#primaryimage","url":"https:\/\/ksproducts.ca\/wp-content\/uploads\/2026\/03\/Blackstone-Pizza-Series-4-Piece-Pizza-Basics-Accessory-Kit.jpg","contentUrl":"https:\/\/ksproducts.ca\/wp-content\/uploads\/2026\/03\/Blackstone-Pizza-Series-4-Piece-Pizza-Basics-Accessory-Kit.jpg","width":800,"height":800,"caption":"Blackstone Pizza Series 4 Piece Pizza Basics Accessory Kit"},{"@type":"BreadcrumbList","@id":"https:\/\/ksproducts.ca\/product\/blackstone-pizza-series-4-piece-pizza-basics-accessory-kit\/#breadcrumb","itemListElement":[{"@type":"ListItem","position":1,"name":"Home","item":"https:\/\/ksproducts.ca\/"},{"@type":"ListItem","position":2,"name":"Shop","item":"https:\/\/ksproducts.ca\/shop\/"},{"@type":"ListItem","position":3,"name":"Blackstone Pizza Series 4-Piece Pizza Basics Accessory Kit"}]},{"@type":"WebSite","@id":"https:\/\/ksproducts.ca\/#website","url":"https:\/\/ksproducts.ca\/","name":"Produits Ks","description":"Cuisiner et vivre en plein air, c'est facile au Canada","publisher":{"@id":"https:\/\/ksproducts.ca\/#organization"},"potentialAction":[{"@type":"SearchAction","target":{"@type":"EntryPoint","urlTemplate":"https:\/\/ksproducts.ca\/?s={search_term_string}"},"query-input":{"@type":"PropertyValueSpecification","valueRequired":true,"valueName":"search_term_string"}}],"inLanguage":"fr-CA"},{"@type":"Organization","@id":"https:\/\/ksproducts.ca\/#organization","name":"Produits Ks","url":"https:\/\/ksproducts.ca\/","logo":{"@type":"ImageObject","inLanguage":"fr-CA","@id":"https:\/\/ksproducts.ca\/#\/schema\/logo\/image\/","url":"https:\/\/ksproducts.ca\/wp-content\/uploads\/2023\/09\/Kennedy-Sales-Logo-header-1.png","contentUrl":"https:\/\/ksproducts.ca\/wp-content\/uploads\/2023\/09\/Kennedy-Sales-Logo-header-1.png","width":150,"height":77,"caption":"Ks Products"},"image":{"@id":"https:\/\/ksproducts.ca\/#\/schema\/logo\/image\/"}}]}},"_links":{"self":[{"href":"https:\/\/ksproducts.ca\/fr\/wp-json\/wp\/v2\/product\/11803","targetHints":{"allow":["GET"]}}],"collection":[{"href":"https:\/\/ksproducts.ca\/fr\/wp-json\/wp\/v2\/product"}],"about":[{"href":"https:\/\/ksproducts.ca\/fr\/wp-json\/wp\/v2\/types\/product"}],"replies":[{"embeddable":true,"href":"https:\/\/ksproducts.ca\/fr\/wp-json\/wp\/v2\/comments?post=11803"}],"version-history":[{"count":1,"href":"https:\/\/ksproducts.ca\/fr\/wp-json\/wp\/v2\/product\/11803\/revisions"}],"predecessor-version":[{"id":11805,"href":"https:\/\/ksproducts.ca\/fr\/wp-json\/wp\/v2\/product\/11803\/revisions\/11805"}],"wp:featuredmedia":[{"embeddable":true,"href":"https:\/\/ksproducts.ca\/fr\/wp-json\/wp\/v2\/media\/11804"}],"wp:attachment":[{"href":"https:\/\/ksproducts.ca\/fr\/wp-json\/wp\/v2\/media?parent=11803"}],"wp:term":[{"taxonomy":"product_cat","embeddable":true,"href":"https:\/\/ksproducts.ca\/fr\/wp-json\/wp\/v2\/product_cat?post=11803"},{"taxonomy":"product_tag","embeddable":true,"href":"https:\/\/ksproducts.ca\/fr\/wp-json\/wp\/v2\/product_tag?post=11803"}],"curies":[{"name":"wp","href":"https:\/\/api.w.org\/{rel}","templated":true}]}}