{"id":11806,"date":"2026-03-06T13:41:04","date_gmt":"2026-03-06T13:41:04","guid":{"rendered":"https:\/\/ksproducts.ca\/?post_type=product&#038;p=11806"},"modified":"2026-03-06T13:41:04","modified_gmt":"2026-03-06T13:41:04","slug":"blackstone-pizza-series-14inch-pizza-rocker-cutter","status":"publish","type":"product","link":"https:\/\/ksproducts.ca\/fr\/product\/blackstone-pizza-series-14inch-pizza-rocker-cutter\/","title":{"rendered":"Blackstone Pizza Series 14inch Pizza Rocker Cutter"},"content":{"rendered":"<ul class=\"sc-hcupDf iBooxU pf-47_ acumin\" data-pf-type=\"MetafieldValue\">\n<li class=\"sc-xiLah hUMvDY metafield-list.single_line_text_field\">Pizza rocker is 15 inch long, perfect for cutting up large or small pizzas<\/li>\n<li class=\"sc-xiLah hUMvDY metafield-list.single_line_text_field\">Pizza cutter is made of durable stainless steel<\/li>\n<li class=\"sc-xiLah hUMvDY metafield-list.single_line_text_field\">Heat resistant handle<\/li>\n<li class=\"sc-xiLah hUMvDY metafield-list.single_line_text_field\">Lavable au lave-vaisselle<\/li>\n<li class=\"sc-xiLah hUMvDY metafield-list.single_line_text_field\">1 an de garantie<\/li>\n<\/ul>","protected":false},"excerpt":{"rendered":"<p>Coupez la pizza comme un vrai chef avec la bascule \u00e0 pizza Blackstone. Ce nouvel accessoire coupe rapidement et efficacement votre pizza pour vous faire gagner du temps sur la d\u00e9coupe et le nettoyage. Et il est super amusant \u00e0 utiliser ! Id\u00e9al pour couper des pizzas de diff\u00e9rentes tailles.<\/p>","protected":false},"featured_media":11807,"comment_status":"open","ping_status":"closed","template":"","meta":[],"product_cat":[438],"product_tag":[],"class_list":{"0":"post-11806","1":"product","2":"type-product","3":"status-publish","4":"has-post-thumbnail","6":"product_cat-tools-kits","7":"product_shipping_class-class-1","9":"first","10":"instock","11":"taxable","12":"shipping-taxable","13":"purchasable","14":"product-type-simple"},"yoast_head":"<!-- This site is optimized with the Yoast SEO plugin v27.3 - https:\/\/yoast.com\/product\/yoast-seo-wordpress\/ -->\n<title>Blackstone Pizza Series 14inch Pizza Rocker Cutter - Ks Products<\/title>\n<meta name=\"robots\" content=\"index, follow, max-snippet:-1, max-image-preview:large, max-video-preview:-1\" \/>\n<link rel=\"canonical\" href=\"https:\/\/ksproducts.ca\/fr\/product\/blackstone-pizza-series-14inch-pizza-rocker-cutter\/\" \/>\n<meta property=\"og:locale\" content=\"fr_CA\" \/>\n<meta property=\"og:type\" content=\"article\" \/>\n<meta property=\"og:title\" content=\"Blackstone Pizza Series 14inch Pizza Rocker Cutter - Ks Products\" \/>\n<meta property=\"og:description\" content=\"Cut pizza like a true chef with the Blackstone pizza rocker. This new accessory quickly and efficiently slices up your pizza to save you time cutting and cleaning. And it is super fun to use! Great for cutting pizzas of multiple sizes.\" \/>\n<meta property=\"og:url\" content=\"https:\/\/ksproducts.ca\/fr\/product\/blackstone-pizza-series-14inch-pizza-rocker-cutter\/\" \/>\n<meta property=\"og:site_name\" content=\"Ks Products\" \/>\n<meta property=\"og:image\" content=\"https:\/\/ksproducts.ca\/wp-content\/uploads\/2026\/03\/Blackstone-Pizza-Series-14inch-Pizza-Rocker-Cutter.jpg\" \/>\n\t<meta property=\"og:image:width\" content=\"800\" \/>\n\t<meta property=\"og:image:height\" content=\"800\" \/>\n\t<meta property=\"og:image:type\" content=\"image\/jpeg\" \/>\n<meta name=\"twitter:card\" content=\"summary_large_image\" \/>\n<meta name=\"twitter:label1\" content=\"Estimation du temps de lecture\" \/>\n\t<meta name=\"twitter:data1\" content=\"1 minute\" \/>\n<script type=\"application\/ld+json\" class=\"yoast-schema-graph\">{\"@context\":\"https:\\\/\\\/schema.org\",\"@graph\":[{\"@type\":\"WebPage\",\"@id\":\"https:\\\/\\\/ksproducts.ca\\\/product\\\/blackstone-pizza-series-14inch-pizza-rocker-cutter\\\/\",\"url\":\"https:\\\/\\\/ksproducts.ca\\\/product\\\/blackstone-pizza-series-14inch-pizza-rocker-cutter\\\/\",\"name\":\"Blackstone Pizza Series 14inch Pizza Rocker Cutter - Ks Products\",\"isPartOf\":{\"@id\":\"https:\\\/\\\/ksproducts.ca\\\/#website\"},\"primaryImageOfPage\":{\"@id\":\"https:\\\/\\\/ksproducts.ca\\\/product\\\/blackstone-pizza-series-14inch-pizza-rocker-cutter\\\/#primaryimage\"},\"image\":{\"@id\":\"https:\\\/\\\/ksproducts.ca\\\/product\\\/blackstone-pizza-series-14inch-pizza-rocker-cutter\\\/#primaryimage\"},\"thumbnailUrl\":\"https:\\\/\\\/ksproducts.ca\\\/wp-content\\\/uploads\\\/2026\\\/03\\\/Blackstone-Pizza-Series-14inch-Pizza-Rocker-Cutter.jpg\",\"datePublished\":\"2026-03-06T13:41:04+00:00\",\"breadcrumb\":{\"@id\":\"https:\\\/\\\/ksproducts.ca\\\/product\\\/blackstone-pizza-series-14inch-pizza-rocker-cutter\\\/#breadcrumb\"},\"inLanguage\":\"fr-CA\",\"potentialAction\":[{\"@type\":\"ReadAction\",\"target\":[\"https:\\\/\\\/ksproducts.ca\\\/product\\\/blackstone-pizza-series-14inch-pizza-rocker-cutter\\\/\"]}]},{\"@type\":\"ImageObject\",\"inLanguage\":\"fr-CA\",\"@id\":\"https:\\\/\\\/ksproducts.ca\\\/product\\\/blackstone-pizza-series-14inch-pizza-rocker-cutter\\\/#primaryimage\",\"url\":\"https:\\\/\\\/ksproducts.ca\\\/wp-content\\\/uploads\\\/2026\\\/03\\\/Blackstone-Pizza-Series-14inch-Pizza-Rocker-Cutter.jpg\",\"contentUrl\":\"https:\\\/\\\/ksproducts.ca\\\/wp-content\\\/uploads\\\/2026\\\/03\\\/Blackstone-Pizza-Series-14inch-Pizza-Rocker-Cutter.jpg\",\"width\":800,\"height\":800,\"caption\":\"Blackstone Pizza Series 14inch Pizza Rocker Cutter\"},{\"@type\":\"BreadcrumbList\",\"@id\":\"https:\\\/\\\/ksproducts.ca\\\/product\\\/blackstone-pizza-series-14inch-pizza-rocker-cutter\\\/#breadcrumb\",\"itemListElement\":[{\"@type\":\"ListItem\",\"position\":1,\"name\":\"Home\",\"item\":\"https:\\\/\\\/ksproducts.ca\\\/\"},{\"@type\":\"ListItem\",\"position\":2,\"name\":\"Shop\",\"item\":\"https:\\\/\\\/ksproducts.ca\\\/shop\\\/\"},{\"@type\":\"ListItem\",\"position\":3,\"name\":\"Blackstone Pizza Series 14inch Pizza Rocker Cutter\"}]},{\"@type\":\"WebSite\",\"@id\":\"https:\\\/\\\/ksproducts.ca\\\/#website\",\"url\":\"https:\\\/\\\/ksproducts.ca\\\/\",\"name\":\"Ks Products\",\"description\":\"Outdoor cooking and living, made easy in Canada\",\"publisher\":{\"@id\":\"https:\\\/\\\/ksproducts.ca\\\/#organization\"},\"potentialAction\":[{\"@type\":\"SearchAction\",\"target\":{\"@type\":\"EntryPoint\",\"urlTemplate\":\"https:\\\/\\\/ksproducts.ca\\\/?s={search_term_string}\"},\"query-input\":{\"@type\":\"PropertyValueSpecification\",\"valueRequired\":true,\"valueName\":\"search_term_string\"}}],\"inLanguage\":\"fr-CA\"},{\"@type\":\"Organization\",\"@id\":\"https:\\\/\\\/ksproducts.ca\\\/#organization\",\"name\":\"Ks Products\",\"url\":\"https:\\\/\\\/ksproducts.ca\\\/\",\"logo\":{\"@type\":\"ImageObject\",\"inLanguage\":\"fr-CA\",\"@id\":\"https:\\\/\\\/ksproducts.ca\\\/#\\\/schema\\\/logo\\\/image\\\/\",\"url\":\"https:\\\/\\\/ksproducts.ca\\\/wp-content\\\/uploads\\\/2023\\\/09\\\/Kennedy-Sales-Logo-header-1.png\",\"contentUrl\":\"https:\\\/\\\/ksproducts.ca\\\/wp-content\\\/uploads\\\/2023\\\/09\\\/Kennedy-Sales-Logo-header-1.png\",\"width\":150,\"height\":77,\"caption\":\"Ks Products\"},\"image\":{\"@id\":\"https:\\\/\\\/ksproducts.ca\\\/#\\\/schema\\\/logo\\\/image\\\/\"}}]}<\/script>\n<!-- \/ Yoast SEO plugin. -->","yoast_head_json":{"title":"Blackstone Pizza Series 14inch Pizza Rocker Cutter - Ks Products","robots":{"index":"index","follow":"follow","max-snippet":"max-snippet:-1","max-image-preview":"max-image-preview:large","max-video-preview":"max-video-preview:-1"},"canonical":"https:\/\/ksproducts.ca\/fr\/product\/blackstone-pizza-series-14inch-pizza-rocker-cutter\/","og_locale":"fr_CA","og_type":"article","og_title":"Blackstone Pizza Series 14inch Pizza Rocker Cutter - Ks Products","og_description":"Cut pizza like a true chef with the Blackstone pizza rocker. This new accessory quickly and efficiently slices up your pizza to save you time cutting and cleaning. And it is super fun to use! Great for cutting pizzas of multiple sizes.","og_url":"https:\/\/ksproducts.ca\/fr\/product\/blackstone-pizza-series-14inch-pizza-rocker-cutter\/","og_site_name":"Ks Products","og_image":[{"width":800,"height":800,"url":"https:\/\/ksproducts.ca\/wp-content\/uploads\/2026\/03\/Blackstone-Pizza-Series-14inch-Pizza-Rocker-Cutter.jpg","type":"image\/jpeg"}],"twitter_card":"summary_large_image","twitter_misc":{"Estimation du temps de lecture":"1 minute"},"schema":{"@context":"https:\/\/schema.org","@graph":[{"@type":"WebPage","@id":"https:\/\/ksproducts.ca\/product\/blackstone-pizza-series-14inch-pizza-rocker-cutter\/","url":"https:\/\/ksproducts.ca\/product\/blackstone-pizza-series-14inch-pizza-rocker-cutter\/","name":"Blackstone Pizza Series 14inch Pizza Rocker Cutter - Ks Products","isPartOf":{"@id":"https:\/\/ksproducts.ca\/#website"},"primaryImageOfPage":{"@id":"https:\/\/ksproducts.ca\/product\/blackstone-pizza-series-14inch-pizza-rocker-cutter\/#primaryimage"},"image":{"@id":"https:\/\/ksproducts.ca\/product\/blackstone-pizza-series-14inch-pizza-rocker-cutter\/#primaryimage"},"thumbnailUrl":"https:\/\/ksproducts.ca\/wp-content\/uploads\/2026\/03\/Blackstone-Pizza-Series-14inch-Pizza-Rocker-Cutter.jpg","datePublished":"2026-03-06T13:41:04+00:00","breadcrumb":{"@id":"https:\/\/ksproducts.ca\/product\/blackstone-pizza-series-14inch-pizza-rocker-cutter\/#breadcrumb"},"inLanguage":"fr-CA","potentialAction":[{"@type":"ReadAction","target":["https:\/\/ksproducts.ca\/product\/blackstone-pizza-series-14inch-pizza-rocker-cutter\/"]}]},{"@type":"ImageObject","inLanguage":"fr-CA","@id":"https:\/\/ksproducts.ca\/product\/blackstone-pizza-series-14inch-pizza-rocker-cutter\/#primaryimage","url":"https:\/\/ksproducts.ca\/wp-content\/uploads\/2026\/03\/Blackstone-Pizza-Series-14inch-Pizza-Rocker-Cutter.jpg","contentUrl":"https:\/\/ksproducts.ca\/wp-content\/uploads\/2026\/03\/Blackstone-Pizza-Series-14inch-Pizza-Rocker-Cutter.jpg","width":800,"height":800,"caption":"Blackstone Pizza Series 14inch Pizza Rocker Cutter"},{"@type":"BreadcrumbList","@id":"https:\/\/ksproducts.ca\/product\/blackstone-pizza-series-14inch-pizza-rocker-cutter\/#breadcrumb","itemListElement":[{"@type":"ListItem","position":1,"name":"Home","item":"https:\/\/ksproducts.ca\/"},{"@type":"ListItem","position":2,"name":"Shop","item":"https:\/\/ksproducts.ca\/shop\/"},{"@type":"ListItem","position":3,"name":"Blackstone Pizza Series 14inch Pizza Rocker Cutter"}]},{"@type":"WebSite","@id":"https:\/\/ksproducts.ca\/#website","url":"https:\/\/ksproducts.ca\/","name":"Produits Ks","description":"Cuisiner et vivre en plein air, c'est facile au Canada","publisher":{"@id":"https:\/\/ksproducts.ca\/#organization"},"potentialAction":[{"@type":"SearchAction","target":{"@type":"EntryPoint","urlTemplate":"https:\/\/ksproducts.ca\/?s={search_term_string}"},"query-input":{"@type":"PropertyValueSpecification","valueRequired":true,"valueName":"search_term_string"}}],"inLanguage":"fr-CA"},{"@type":"Organization","@id":"https:\/\/ksproducts.ca\/#organization","name":"Produits Ks","url":"https:\/\/ksproducts.ca\/","logo":{"@type":"ImageObject","inLanguage":"fr-CA","@id":"https:\/\/ksproducts.ca\/#\/schema\/logo\/image\/","url":"https:\/\/ksproducts.ca\/wp-content\/uploads\/2023\/09\/Kennedy-Sales-Logo-header-1.png","contentUrl":"https:\/\/ksproducts.ca\/wp-content\/uploads\/2023\/09\/Kennedy-Sales-Logo-header-1.png","width":150,"height":77,"caption":"Ks Products"},"image":{"@id":"https:\/\/ksproducts.ca\/#\/schema\/logo\/image\/"}}]}},"_links":{"self":[{"href":"https:\/\/ksproducts.ca\/fr\/wp-json\/wp\/v2\/product\/11806","targetHints":{"allow":["GET"]}}],"collection":[{"href":"https:\/\/ksproducts.ca\/fr\/wp-json\/wp\/v2\/product"}],"about":[{"href":"https:\/\/ksproducts.ca\/fr\/wp-json\/wp\/v2\/types\/product"}],"replies":[{"embeddable":true,"href":"https:\/\/ksproducts.ca\/fr\/wp-json\/wp\/v2\/comments?post=11806"}],"version-history":[{"count":1,"href":"https:\/\/ksproducts.ca\/fr\/wp-json\/wp\/v2\/product\/11806\/revisions"}],"predecessor-version":[{"id":11808,"href":"https:\/\/ksproducts.ca\/fr\/wp-json\/wp\/v2\/product\/11806\/revisions\/11808"}],"wp:featuredmedia":[{"embeddable":true,"href":"https:\/\/ksproducts.ca\/fr\/wp-json\/wp\/v2\/media\/11807"}],"wp:attachment":[{"href":"https:\/\/ksproducts.ca\/fr\/wp-json\/wp\/v2\/media?parent=11806"}],"wp:term":[{"taxonomy":"product_cat","embeddable":true,"href":"https:\/\/ksproducts.ca\/fr\/wp-json\/wp\/v2\/product_cat?post=11806"},{"taxonomy":"product_tag","embeddable":true,"href":"https:\/\/ksproducts.ca\/fr\/wp-json\/wp\/v2\/product_tag?post=11806"}],"curies":[{"name":"wp","href":"https:\/\/api.w.org\/{rel}","templated":true}]}}