{"id":11809,"date":"2026-03-06T13:44:15","date_gmt":"2026-03-06T13:44:15","guid":{"rendered":"https:\/\/ksproducts.ca\/?post_type=product&#038;p=11809"},"modified":"2026-03-06T13:44:15","modified_gmt":"2026-03-06T13:44:15","slug":"blackstone-5-piece-tool-holder-set-with-1-spatula-tool-rack-grease-gate-and-3-magnetic-hooks","status":"publish","type":"product","link":"https:\/\/ksproducts.ca\/fr\/product\/blackstone-5-piece-tool-holder-set-with-1-spatula-tool-rack-grease-gate-and-3-magnetic-hooks\/","title":{"rendered":"Blackstone 5-piece Tool Holder Set with 1 Spatula Tool Rack, Grease Gate, and 3 Magnetic Hooks"},"content":{"rendered":"<ul class=\"bullets\">\n<li>Emp\u00eache les aliments de tomber accidentellement par le trou de graissage arri\u00e8re<\/li>\n<li>Permet toujours \u00e0 la graisse de s'\u00e9chapper<\/li>\n<li>Utilisez une spatule, une pince ou un grattoir pour d\u00e9placer facilement et en toute s\u00e9curit\u00e9 la protection anti-graisse arri\u00e8re \u00e0 l'endroit voulu \u00e0 l'aide de la languette de protection.<\/li>\n<\/ul>","protected":false},"excerpt":{"rendered":"<p>Cette trappe \u00e0 graisse est le compl\u00e9ment id\u00e9al de votre Blackstone. Son design simple s'harmonise avec l'aspect \u00e9l\u00e9gant des grils Blackstone tout en contribuant \u00e0 prot\u00e9ger votre repas. La trappe \u00e0 graisse emp\u00eache les gros morceaux d'aliments de tomber dans le collecteur de graisse arri\u00e8re. Il suffit de faire glisser cette trappe \u00e0 graisse sur le collecteur de graisse int\u00e9gr\u00e9 et vous \u00eates pr\u00eat \u00e0 rouler !<\/p>","protected":false},"featured_media":11810,"comment_status":"open","ping_status":"closed","template":"","meta":[],"product_cat":[438],"product_tag":[],"class_list":{"0":"post-11809","1":"product","2":"type-product","3":"status-publish","4":"has-post-thumbnail","6":"product_cat-tools-kits","7":"product_shipping_class-class-1","9":"first","10":"instock","11":"taxable","12":"shipping-taxable","13":"purchasable","14":"product-type-simple"},"yoast_head":"<!-- This site is optimized with the Yoast SEO plugin v27.3 - https:\/\/yoast.com\/product\/yoast-seo-wordpress\/ -->\n<title>Blackstone 5-piece Tool Holder Set with 1 Spatula Tool Rack, Grease Gate, and 3 Magnetic Hooks - Ks Products<\/title>\n<meta name=\"robots\" content=\"index, follow, max-snippet:-1, max-image-preview:large, max-video-preview:-1\" \/>\n<link rel=\"canonical\" href=\"https:\/\/ksproducts.ca\/fr\/product\/blackstone-5-piece-tool-holder-set-with-1-spatula-tool-rack-grease-gate-and-3-magnetic-hooks\/\" \/>\n<meta property=\"og:locale\" content=\"fr_CA\" \/>\n<meta property=\"og:type\" content=\"article\" \/>\n<meta property=\"og:title\" content=\"Blackstone 5-piece Tool Holder Set with 1 Spatula Tool Rack, Grease Gate, and 3 Magnetic Hooks - Ks Products\" \/>\n<meta property=\"og:description\" content=\"The perfect addition to your Blackstone is this grease gate. The simple design matches the sleek look of Blackstone Griddles while helping to protect your meal. The grease gate prevents larger pieces of food from falling through the rear grease trap. Just slide this grease gate over the built in grease trap and you are ready to roll!\" \/>\n<meta property=\"og:url\" content=\"https:\/\/ksproducts.ca\/fr\/product\/blackstone-5-piece-tool-holder-set-with-1-spatula-tool-rack-grease-gate-and-3-magnetic-hooks\/\" \/>\n<meta property=\"og:site_name\" content=\"Ks Products\" \/>\n<meta property=\"og:image\" content=\"https:\/\/ksproducts.ca\/wp-content\/uploads\/2026\/03\/Blackstone-5-piece-Tool-Holder-Set-with-1-Spatula-Tool-Rack-Grease-Gate-and-3-Magnetic-Hooks.jpg\" \/>\n\t<meta property=\"og:image:width\" content=\"646\" \/>\n\t<meta property=\"og:image:height\" content=\"646\" \/>\n\t<meta property=\"og:image:type\" content=\"image\/jpeg\" \/>\n<meta name=\"twitter:card\" content=\"summary_large_image\" \/>\n<meta name=\"twitter:label1\" content=\"Estimation du temps de lecture\" \/>\n\t<meta name=\"twitter:data1\" content=\"1 minute\" \/>\n<script type=\"application\/ld+json\" class=\"yoast-schema-graph\">{\"@context\":\"https:\\\/\\\/schema.org\",\"@graph\":[{\"@type\":\"WebPage\",\"@id\":\"https:\\\/\\\/ksproducts.ca\\\/product\\\/blackstone-5-piece-tool-holder-set-with-1-spatula-tool-rack-grease-gate-and-3-magnetic-hooks\\\/\",\"url\":\"https:\\\/\\\/ksproducts.ca\\\/product\\\/blackstone-5-piece-tool-holder-set-with-1-spatula-tool-rack-grease-gate-and-3-magnetic-hooks\\\/\",\"name\":\"Blackstone 5-piece Tool Holder Set with 1 Spatula Tool Rack, Grease Gate, and 3 Magnetic Hooks - Ks Products\",\"isPartOf\":{\"@id\":\"https:\\\/\\\/ksproducts.ca\\\/#website\"},\"primaryImageOfPage\":{\"@id\":\"https:\\\/\\\/ksproducts.ca\\\/product\\\/blackstone-5-piece-tool-holder-set-with-1-spatula-tool-rack-grease-gate-and-3-magnetic-hooks\\\/#primaryimage\"},\"image\":{\"@id\":\"https:\\\/\\\/ksproducts.ca\\\/product\\\/blackstone-5-piece-tool-holder-set-with-1-spatula-tool-rack-grease-gate-and-3-magnetic-hooks\\\/#primaryimage\"},\"thumbnailUrl\":\"https:\\\/\\\/ksproducts.ca\\\/wp-content\\\/uploads\\\/2026\\\/03\\\/Blackstone-5-piece-Tool-Holder-Set-with-1-Spatula-Tool-Rack-Grease-Gate-and-3-Magnetic-Hooks.jpg\",\"datePublished\":\"2026-03-06T13:44:15+00:00\",\"breadcrumb\":{\"@id\":\"https:\\\/\\\/ksproducts.ca\\\/product\\\/blackstone-5-piece-tool-holder-set-with-1-spatula-tool-rack-grease-gate-and-3-magnetic-hooks\\\/#breadcrumb\"},\"inLanguage\":\"fr-CA\",\"potentialAction\":[{\"@type\":\"ReadAction\",\"target\":[\"https:\\\/\\\/ksproducts.ca\\\/product\\\/blackstone-5-piece-tool-holder-set-with-1-spatula-tool-rack-grease-gate-and-3-magnetic-hooks\\\/\"]}]},{\"@type\":\"ImageObject\",\"inLanguage\":\"fr-CA\",\"@id\":\"https:\\\/\\\/ksproducts.ca\\\/product\\\/blackstone-5-piece-tool-holder-set-with-1-spatula-tool-rack-grease-gate-and-3-magnetic-hooks\\\/#primaryimage\",\"url\":\"https:\\\/\\\/ksproducts.ca\\\/wp-content\\\/uploads\\\/2026\\\/03\\\/Blackstone-5-piece-Tool-Holder-Set-with-1-Spatula-Tool-Rack-Grease-Gate-and-3-Magnetic-Hooks.jpg\",\"contentUrl\":\"https:\\\/\\\/ksproducts.ca\\\/wp-content\\\/uploads\\\/2026\\\/03\\\/Blackstone-5-piece-Tool-Holder-Set-with-1-Spatula-Tool-Rack-Grease-Gate-and-3-Magnetic-Hooks.jpg\",\"width\":646,\"height\":646,\"caption\":\"Blackstone 5 piece Tool Holder Set with 1 Spatula Tool Rack, Grease Gate, and 3 Magnetic Hooks\"},{\"@type\":\"BreadcrumbList\",\"@id\":\"https:\\\/\\\/ksproducts.ca\\\/product\\\/blackstone-5-piece-tool-holder-set-with-1-spatula-tool-rack-grease-gate-and-3-magnetic-hooks\\\/#breadcrumb\",\"itemListElement\":[{\"@type\":\"ListItem\",\"position\":1,\"name\":\"Home\",\"item\":\"https:\\\/\\\/ksproducts.ca\\\/\"},{\"@type\":\"ListItem\",\"position\":2,\"name\":\"Shop\",\"item\":\"https:\\\/\\\/ksproducts.ca\\\/shop\\\/\"},{\"@type\":\"ListItem\",\"position\":3,\"name\":\"Blackstone 5-piece Tool Holder Set with 1 Spatula Tool Rack, Grease Gate, and 3 Magnetic Hooks\"}]},{\"@type\":\"WebSite\",\"@id\":\"https:\\\/\\\/ksproducts.ca\\\/#website\",\"url\":\"https:\\\/\\\/ksproducts.ca\\\/\",\"name\":\"Ks Products\",\"description\":\"Outdoor cooking and living, made easy in Canada\",\"publisher\":{\"@id\":\"https:\\\/\\\/ksproducts.ca\\\/#organization\"},\"potentialAction\":[{\"@type\":\"SearchAction\",\"target\":{\"@type\":\"EntryPoint\",\"urlTemplate\":\"https:\\\/\\\/ksproducts.ca\\\/?s={search_term_string}\"},\"query-input\":{\"@type\":\"PropertyValueSpecification\",\"valueRequired\":true,\"valueName\":\"search_term_string\"}}],\"inLanguage\":\"fr-CA\"},{\"@type\":\"Organization\",\"@id\":\"https:\\\/\\\/ksproducts.ca\\\/#organization\",\"name\":\"Ks Products\",\"url\":\"https:\\\/\\\/ksproducts.ca\\\/\",\"logo\":{\"@type\":\"ImageObject\",\"inLanguage\":\"fr-CA\",\"@id\":\"https:\\\/\\\/ksproducts.ca\\\/#\\\/schema\\\/logo\\\/image\\\/\",\"url\":\"https:\\\/\\\/ksproducts.ca\\\/wp-content\\\/uploads\\\/2023\\\/09\\\/Kennedy-Sales-Logo-header-1.png\",\"contentUrl\":\"https:\\\/\\\/ksproducts.ca\\\/wp-content\\\/uploads\\\/2023\\\/09\\\/Kennedy-Sales-Logo-header-1.png\",\"width\":150,\"height\":77,\"caption\":\"Ks Products\"},\"image\":{\"@id\":\"https:\\\/\\\/ksproducts.ca\\\/#\\\/schema\\\/logo\\\/image\\\/\"}}]}<\/script>\n<!-- \/ Yoast SEO plugin. -->","yoast_head_json":{"title":"Blackstone 5-piece Tool Holder Set with 1 Spatula Tool Rack, Grease Gate, and 3 Magnetic Hooks - Ks Products","robots":{"index":"index","follow":"follow","max-snippet":"max-snippet:-1","max-image-preview":"max-image-preview:large","max-video-preview":"max-video-preview:-1"},"canonical":"https:\/\/ksproducts.ca\/fr\/product\/blackstone-5-piece-tool-holder-set-with-1-spatula-tool-rack-grease-gate-and-3-magnetic-hooks\/","og_locale":"fr_CA","og_type":"article","og_title":"Blackstone 5-piece Tool Holder Set with 1 Spatula Tool Rack, Grease Gate, and 3 Magnetic Hooks - Ks Products","og_description":"The perfect addition to your Blackstone is this grease gate. The simple design matches the sleek look of Blackstone Griddles while helping to protect your meal. The grease gate prevents larger pieces of food from falling through the rear grease trap. Just slide this grease gate over the built in grease trap and you are ready to roll!","og_url":"https:\/\/ksproducts.ca\/fr\/product\/blackstone-5-piece-tool-holder-set-with-1-spatula-tool-rack-grease-gate-and-3-magnetic-hooks\/","og_site_name":"Ks Products","og_image":[{"width":646,"height":646,"url":"https:\/\/ksproducts.ca\/wp-content\/uploads\/2026\/03\/Blackstone-5-piece-Tool-Holder-Set-with-1-Spatula-Tool-Rack-Grease-Gate-and-3-Magnetic-Hooks.jpg","type":"image\/jpeg"}],"twitter_card":"summary_large_image","twitter_misc":{"Estimation du temps de lecture":"1 minute"},"schema":{"@context":"https:\/\/schema.org","@graph":[{"@type":"WebPage","@id":"https:\/\/ksproducts.ca\/product\/blackstone-5-piece-tool-holder-set-with-1-spatula-tool-rack-grease-gate-and-3-magnetic-hooks\/","url":"https:\/\/ksproducts.ca\/product\/blackstone-5-piece-tool-holder-set-with-1-spatula-tool-rack-grease-gate-and-3-magnetic-hooks\/","name":"Blackstone 5-piece Tool Holder Set with 1 Spatula Tool Rack, Grease Gate, and 3 Magnetic Hooks - Ks Products","isPartOf":{"@id":"https:\/\/ksproducts.ca\/#website"},"primaryImageOfPage":{"@id":"https:\/\/ksproducts.ca\/product\/blackstone-5-piece-tool-holder-set-with-1-spatula-tool-rack-grease-gate-and-3-magnetic-hooks\/#primaryimage"},"image":{"@id":"https:\/\/ksproducts.ca\/product\/blackstone-5-piece-tool-holder-set-with-1-spatula-tool-rack-grease-gate-and-3-magnetic-hooks\/#primaryimage"},"thumbnailUrl":"https:\/\/ksproducts.ca\/wp-content\/uploads\/2026\/03\/Blackstone-5-piece-Tool-Holder-Set-with-1-Spatula-Tool-Rack-Grease-Gate-and-3-Magnetic-Hooks.jpg","datePublished":"2026-03-06T13:44:15+00:00","breadcrumb":{"@id":"https:\/\/ksproducts.ca\/product\/blackstone-5-piece-tool-holder-set-with-1-spatula-tool-rack-grease-gate-and-3-magnetic-hooks\/#breadcrumb"},"inLanguage":"fr-CA","potentialAction":[{"@type":"ReadAction","target":["https:\/\/ksproducts.ca\/product\/blackstone-5-piece-tool-holder-set-with-1-spatula-tool-rack-grease-gate-and-3-magnetic-hooks\/"]}]},{"@type":"ImageObject","inLanguage":"fr-CA","@id":"https:\/\/ksproducts.ca\/product\/blackstone-5-piece-tool-holder-set-with-1-spatula-tool-rack-grease-gate-and-3-magnetic-hooks\/#primaryimage","url":"https:\/\/ksproducts.ca\/wp-content\/uploads\/2026\/03\/Blackstone-5-piece-Tool-Holder-Set-with-1-Spatula-Tool-Rack-Grease-Gate-and-3-Magnetic-Hooks.jpg","contentUrl":"https:\/\/ksproducts.ca\/wp-content\/uploads\/2026\/03\/Blackstone-5-piece-Tool-Holder-Set-with-1-Spatula-Tool-Rack-Grease-Gate-and-3-Magnetic-Hooks.jpg","width":646,"height":646,"caption":"Blackstone 5 piece Tool Holder Set with 1 Spatula Tool Rack, Grease Gate, and 3 Magnetic Hooks"},{"@type":"BreadcrumbList","@id":"https:\/\/ksproducts.ca\/product\/blackstone-5-piece-tool-holder-set-with-1-spatula-tool-rack-grease-gate-and-3-magnetic-hooks\/#breadcrumb","itemListElement":[{"@type":"ListItem","position":1,"name":"Home","item":"https:\/\/ksproducts.ca\/"},{"@type":"ListItem","position":2,"name":"Shop","item":"https:\/\/ksproducts.ca\/shop\/"},{"@type":"ListItem","position":3,"name":"Blackstone 5-piece Tool Holder Set with 1 Spatula Tool Rack, Grease Gate, and 3 Magnetic Hooks"}]},{"@type":"WebSite","@id":"https:\/\/ksproducts.ca\/#website","url":"https:\/\/ksproducts.ca\/","name":"Produits Ks","description":"Cuisiner et vivre en plein air, c'est facile au Canada","publisher":{"@id":"https:\/\/ksproducts.ca\/#organization"},"potentialAction":[{"@type":"SearchAction","target":{"@type":"EntryPoint","urlTemplate":"https:\/\/ksproducts.ca\/?s={search_term_string}"},"query-input":{"@type":"PropertyValueSpecification","valueRequired":true,"valueName":"search_term_string"}}],"inLanguage":"fr-CA"},{"@type":"Organization","@id":"https:\/\/ksproducts.ca\/#organization","name":"Produits Ks","url":"https:\/\/ksproducts.ca\/","logo":{"@type":"ImageObject","inLanguage":"fr-CA","@id":"https:\/\/ksproducts.ca\/#\/schema\/logo\/image\/","url":"https:\/\/ksproducts.ca\/wp-content\/uploads\/2023\/09\/Kennedy-Sales-Logo-header-1.png","contentUrl":"https:\/\/ksproducts.ca\/wp-content\/uploads\/2023\/09\/Kennedy-Sales-Logo-header-1.png","width":150,"height":77,"caption":"Ks Products"},"image":{"@id":"https:\/\/ksproducts.ca\/#\/schema\/logo\/image\/"}}]}},"_links":{"self":[{"href":"https:\/\/ksproducts.ca\/fr\/wp-json\/wp\/v2\/product\/11809","targetHints":{"allow":["GET"]}}],"collection":[{"href":"https:\/\/ksproducts.ca\/fr\/wp-json\/wp\/v2\/product"}],"about":[{"href":"https:\/\/ksproducts.ca\/fr\/wp-json\/wp\/v2\/types\/product"}],"replies":[{"embeddable":true,"href":"https:\/\/ksproducts.ca\/fr\/wp-json\/wp\/v2\/comments?post=11809"}],"version-history":[{"count":1,"href":"https:\/\/ksproducts.ca\/fr\/wp-json\/wp\/v2\/product\/11809\/revisions"}],"predecessor-version":[{"id":11811,"href":"https:\/\/ksproducts.ca\/fr\/wp-json\/wp\/v2\/product\/11809\/revisions\/11811"}],"wp:featuredmedia":[{"embeddable":true,"href":"https:\/\/ksproducts.ca\/fr\/wp-json\/wp\/v2\/media\/11810"}],"wp:attachment":[{"href":"https:\/\/ksproducts.ca\/fr\/wp-json\/wp\/v2\/media?parent=11809"}],"wp:term":[{"taxonomy":"product_cat","embeddable":true,"href":"https:\/\/ksproducts.ca\/fr\/wp-json\/wp\/v2\/product_cat?post=11809"},{"taxonomy":"product_tag","embeddable":true,"href":"https:\/\/ksproducts.ca\/fr\/wp-json\/wp\/v2\/product_tag?post=11809"}],"curies":[{"name":"wp","href":"https:\/\/api.w.org\/{rel}","templated":true}]}}