{"id":11812,"date":"2026-03-06T13:58:29","date_gmt":"2026-03-06T13:58:29","guid":{"rendered":"https:\/\/ksproducts.ca\/?post_type=product&#038;p=11812"},"modified":"2026-03-06T14:05:13","modified_gmt":"2026-03-06T14:05:13","slug":"blackstone-original-series-protective-griddle-plate-cover-fits-28inch-and-36inch-griddle-tops","status":"publish","type":"product","link":"https:\/\/ksproducts.ca\/fr\/product\/blackstone-original-series-protective-griddle-plate-cover-fits-28inch-and-36inch-griddle-tops\/","title":{"rendered":"Couvercle protecteur de plaque de gril Blackstone Original Series - convient aux plaques de gril de 28 et 36 pouces"},"content":{"rendered":"<ul>\n<li data-section-id=\"ajuu6n\" data-start=\"332\" data-end=\"413\">\n<p data-start=\"334\" data-end=\"413\">S'adapte aux planchas de 28 pouces, 28 pouces XL et 36 pouces en se pliant \u00e0 la taille appropri\u00e9e.<\/p>\n<\/li>\n<li data-section-id=\"5j7lik\" data-start=\"414\" data-end=\"481\">\n<p data-start=\"416\" data-end=\"481\">Prot\u00e8ge la surface de la plancha des intemp\u00e9ries, de la salet\u00e9 et des d\u00e9bris<\/p>\n<\/li>\n<li data-section-id=\"1xgx455\" data-start=\"482\" data-end=\"549\">\n<p data-start=\"484\" data-end=\"549\">Les aimants int\u00e9gr\u00e9s s\u00e9curisent le tapis autour de la zone de graisse arri\u00e8re<\/p>\n<\/li>\n<li data-section-id=\"1g0208\" data-start=\"550\" data-end=\"612\">\n<p data-start=\"552\" data-end=\"612\">Permet de garder la surface de cuisson propre et pr\u00eate \u00e0 l'emploi<\/p>\n<\/li>\n<li data-section-id=\"1wc8e8w\" data-start=\"613\" data-end=\"668\">\n<p data-start=\"615\" data-end=\"668\">Facile \u00e0 placer et \u00e0 retirer pour un rangement pratique<\/p>\n<\/li>\n<\/ul>","protected":false},"excerpt":{"rendered":"<p>Prot\u00e9gez votre plan de travail avec le tapis pour plan de travail de 36\u201d, con\u00e7u pour garder votre surface de cuisson propre et \u00e0 l'abri des intemp\u00e9ries, de la poussi\u00e8re et des d\u00e9bris. Son design flexible se plie pour s'adapter aux plaques de cuisson de 28\u201d, 28\u2033 XL ou 36\u201d, ce qui en fait une solution polyvalente pour l'entretien de votre plaque de cuisson lorsqu'elle n'est pas utilis\u00e9e.<\/p>","protected":false},"featured_media":11813,"comment_status":"open","ping_status":"closed","template":"","meta":[],"product_cat":[437],"product_tag":[],"class_list":{"0":"post-11812","1":"product","2":"type-product","3":"status-publish","4":"has-post-thumbnail","6":"product_cat-covers-cases","7":"product_shipping_class-class-1","9":"first","10":"instock","11":"taxable","12":"shipping-taxable","13":"purchasable","14":"product-type-simple"},"yoast_head":"<!-- This site is optimized with the Yoast SEO plugin v27.3 - https:\/\/yoast.com\/product\/yoast-seo-wordpress\/ -->\n<title>Blackstone Original Series Protective Griddle Plate Cover - fits 28inch and 36inch Griddle Tops - Ks Products<\/title>\n<meta name=\"robots\" content=\"index, follow, max-snippet:-1, max-image-preview:large, max-video-preview:-1\" \/>\n<link rel=\"canonical\" href=\"https:\/\/ksproducts.ca\/fr\/product\/blackstone-original-series-protective-griddle-plate-cover-fits-28inch-and-36inch-griddle-tops\/\" \/>\n<meta property=\"og:locale\" content=\"fr_CA\" \/>\n<meta property=\"og:type\" content=\"article\" \/>\n<meta property=\"og:title\" content=\"Blackstone Original Series Protective Griddle Plate Cover - fits 28inch and 36inch Griddle Tops - Ks Products\" \/>\n<meta property=\"og:description\" content=\"Protect your griddle with the 36\u201d Griddle Top Mat, designed to keep your cooking surface clean and shielded from weather, dust, and debris. The flexible design folds to fit 28\u201d, 28&quot; XL, or 36\u201d griddles, making it a versatile solution for maintaining your griddle when not in use.\" \/>\n<meta property=\"og:url\" content=\"https:\/\/ksproducts.ca\/fr\/product\/blackstone-original-series-protective-griddle-plate-cover-fits-28inch-and-36inch-griddle-tops\/\" \/>\n<meta property=\"og:site_name\" content=\"Ks Products\" \/>\n<meta property=\"article:modified_time\" content=\"2026-03-06T14:05:13+00:00\" \/>\n<meta property=\"og:image\" content=\"https:\/\/ksproducts.ca\/wp-content\/uploads\/2026\/03\/Blackstone-Original-Series-Protective-Griddle-Plate-Cover-fits-28inch-and-36inch-Griddle-Tops.webp\" \/>\n\t<meta property=\"og:image:width\" content=\"640\" \/>\n\t<meta property=\"og:image:height\" content=\"640\" \/>\n\t<meta property=\"og:image:type\" content=\"image\/webp\" \/>\n<meta name=\"twitter:card\" content=\"summary_large_image\" \/>\n<meta name=\"twitter:label1\" content=\"Estimation du temps de lecture\" \/>\n\t<meta name=\"twitter:data1\" content=\"1 minute\" \/>\n<script type=\"application\/ld+json\" class=\"yoast-schema-graph\">{\"@context\":\"https:\\\/\\\/schema.org\",\"@graph\":[{\"@type\":\"WebPage\",\"@id\":\"https:\\\/\\\/ksproducts.ca\\\/product\\\/blackstone-original-series-protective-griddle-plate-cover-fits-28inch-and-36inch-griddle-tops\\\/\",\"url\":\"https:\\\/\\\/ksproducts.ca\\\/product\\\/blackstone-original-series-protective-griddle-plate-cover-fits-28inch-and-36inch-griddle-tops\\\/\",\"name\":\"Blackstone Original Series Protective Griddle Plate Cover - fits 28inch and 36inch Griddle Tops - Ks Products\",\"isPartOf\":{\"@id\":\"https:\\\/\\\/ksproducts.ca\\\/#website\"},\"primaryImageOfPage\":{\"@id\":\"https:\\\/\\\/ksproducts.ca\\\/product\\\/blackstone-original-series-protective-griddle-plate-cover-fits-28inch-and-36inch-griddle-tops\\\/#primaryimage\"},\"image\":{\"@id\":\"https:\\\/\\\/ksproducts.ca\\\/product\\\/blackstone-original-series-protective-griddle-plate-cover-fits-28inch-and-36inch-griddle-tops\\\/#primaryimage\"},\"thumbnailUrl\":\"https:\\\/\\\/ksproducts.ca\\\/wp-content\\\/uploads\\\/2026\\\/03\\\/Blackstone-Original-Series-Protective-Griddle-Plate-Cover-fits-28inch-and-36inch-Griddle-Tops.webp\",\"datePublished\":\"2026-03-06T13:58:29+00:00\",\"dateModified\":\"2026-03-06T14:05:13+00:00\",\"breadcrumb\":{\"@id\":\"https:\\\/\\\/ksproducts.ca\\\/product\\\/blackstone-original-series-protective-griddle-plate-cover-fits-28inch-and-36inch-griddle-tops\\\/#breadcrumb\"},\"inLanguage\":\"fr-CA\",\"potentialAction\":[{\"@type\":\"ReadAction\",\"target\":[\"https:\\\/\\\/ksproducts.ca\\\/product\\\/blackstone-original-series-protective-griddle-plate-cover-fits-28inch-and-36inch-griddle-tops\\\/\"]}]},{\"@type\":\"ImageObject\",\"inLanguage\":\"fr-CA\",\"@id\":\"https:\\\/\\\/ksproducts.ca\\\/product\\\/blackstone-original-series-protective-griddle-plate-cover-fits-28inch-and-36inch-griddle-tops\\\/#primaryimage\",\"url\":\"https:\\\/\\\/ksproducts.ca\\\/wp-content\\\/uploads\\\/2026\\\/03\\\/Blackstone-Original-Series-Protective-Griddle-Plate-Cover-fits-28inch-and-36inch-Griddle-Tops.webp\",\"contentUrl\":\"https:\\\/\\\/ksproducts.ca\\\/wp-content\\\/uploads\\\/2026\\\/03\\\/Blackstone-Original-Series-Protective-Griddle-Plate-Cover-fits-28inch-and-36inch-Griddle-Tops.webp\",\"width\":640,\"height\":640,\"caption\":\"Blackstone Original Series Protective Griddle Plate Cover fits 28inch and 36inch Griddle Tops\"},{\"@type\":\"BreadcrumbList\",\"@id\":\"https:\\\/\\\/ksproducts.ca\\\/product\\\/blackstone-original-series-protective-griddle-plate-cover-fits-28inch-and-36inch-griddle-tops\\\/#breadcrumb\",\"itemListElement\":[{\"@type\":\"ListItem\",\"position\":1,\"name\":\"Home\",\"item\":\"https:\\\/\\\/ksproducts.ca\\\/\"},{\"@type\":\"ListItem\",\"position\":2,\"name\":\"Shop\",\"item\":\"https:\\\/\\\/ksproducts.ca\\\/shop\\\/\"},{\"@type\":\"ListItem\",\"position\":3,\"name\":\"Blackstone Original Series Protective Griddle Plate Cover &#8211; fits 28inch and 36inch Griddle Tops\"}]},{\"@type\":\"WebSite\",\"@id\":\"https:\\\/\\\/ksproducts.ca\\\/#website\",\"url\":\"https:\\\/\\\/ksproducts.ca\\\/\",\"name\":\"Ks Products\",\"description\":\"Outdoor cooking and living, made easy in Canada\",\"publisher\":{\"@id\":\"https:\\\/\\\/ksproducts.ca\\\/#organization\"},\"potentialAction\":[{\"@type\":\"SearchAction\",\"target\":{\"@type\":\"EntryPoint\",\"urlTemplate\":\"https:\\\/\\\/ksproducts.ca\\\/?s={search_term_string}\"},\"query-input\":{\"@type\":\"PropertyValueSpecification\",\"valueRequired\":true,\"valueName\":\"search_term_string\"}}],\"inLanguage\":\"fr-CA\"},{\"@type\":\"Organization\",\"@id\":\"https:\\\/\\\/ksproducts.ca\\\/#organization\",\"name\":\"Ks Products\",\"url\":\"https:\\\/\\\/ksproducts.ca\\\/\",\"logo\":{\"@type\":\"ImageObject\",\"inLanguage\":\"fr-CA\",\"@id\":\"https:\\\/\\\/ksproducts.ca\\\/#\\\/schema\\\/logo\\\/image\\\/\",\"url\":\"https:\\\/\\\/ksproducts.ca\\\/wp-content\\\/uploads\\\/2023\\\/09\\\/Kennedy-Sales-Logo-header-1.png\",\"contentUrl\":\"https:\\\/\\\/ksproducts.ca\\\/wp-content\\\/uploads\\\/2023\\\/09\\\/Kennedy-Sales-Logo-header-1.png\",\"width\":150,\"height\":77,\"caption\":\"Ks Products\"},\"image\":{\"@id\":\"https:\\\/\\\/ksproducts.ca\\\/#\\\/schema\\\/logo\\\/image\\\/\"}}]}<\/script>\n<!-- \/ Yoast SEO plugin. -->","yoast_head_json":{"title":"Blackstone Original Series Protective Griddle Plate Cover - convient aux plaques de gril de 28 et 36 pouces - Ks Products","robots":{"index":"index","follow":"follow","max-snippet":"max-snippet:-1","max-image-preview":"max-image-preview:large","max-video-preview":"max-video-preview:-1"},"canonical":"https:\/\/ksproducts.ca\/fr\/product\/blackstone-original-series-protective-griddle-plate-cover-fits-28inch-and-36inch-griddle-tops\/","og_locale":"fr_CA","og_type":"article","og_title":"Blackstone Original Series Protective Griddle Plate Cover - fits 28inch and 36inch Griddle Tops - Ks Products","og_description":"Protect your griddle with the 36\u201d Griddle Top Mat, designed to keep your cooking surface clean and shielded from weather, dust, and debris. The flexible design folds to fit 28\u201d, 28\" XL, or 36\u201d griddles, making it a versatile solution for maintaining your griddle when not in use.","og_url":"https:\/\/ksproducts.ca\/fr\/product\/blackstone-original-series-protective-griddle-plate-cover-fits-28inch-and-36inch-griddle-tops\/","og_site_name":"Ks Products","article_modified_time":"2026-03-06T14:05:13+00:00","og_image":[{"width":640,"height":640,"url":"https:\/\/ksproducts.ca\/wp-content\/uploads\/2026\/03\/Blackstone-Original-Series-Protective-Griddle-Plate-Cover-fits-28inch-and-36inch-Griddle-Tops.webp","type":"image\/webp"}],"twitter_card":"summary_large_image","twitter_misc":{"Estimation du temps de lecture":"1 minute"},"schema":{"@context":"https:\/\/schema.org","@graph":[{"@type":"WebPage","@id":"https:\/\/ksproducts.ca\/product\/blackstone-original-series-protective-griddle-plate-cover-fits-28inch-and-36inch-griddle-tops\/","url":"https:\/\/ksproducts.ca\/product\/blackstone-original-series-protective-griddle-plate-cover-fits-28inch-and-36inch-griddle-tops\/","name":"Blackstone Original Series Protective Griddle Plate Cover - convient aux plaques de gril de 28 et 36 pouces - Ks Products","isPartOf":{"@id":"https:\/\/ksproducts.ca\/#website"},"primaryImageOfPage":{"@id":"https:\/\/ksproducts.ca\/product\/blackstone-original-series-protective-griddle-plate-cover-fits-28inch-and-36inch-griddle-tops\/#primaryimage"},"image":{"@id":"https:\/\/ksproducts.ca\/product\/blackstone-original-series-protective-griddle-plate-cover-fits-28inch-and-36inch-griddle-tops\/#primaryimage"},"thumbnailUrl":"https:\/\/ksproducts.ca\/wp-content\/uploads\/2026\/03\/Blackstone-Original-Series-Protective-Griddle-Plate-Cover-fits-28inch-and-36inch-Griddle-Tops.webp","datePublished":"2026-03-06T13:58:29+00:00","dateModified":"2026-03-06T14:05:13+00:00","breadcrumb":{"@id":"https:\/\/ksproducts.ca\/product\/blackstone-original-series-protective-griddle-plate-cover-fits-28inch-and-36inch-griddle-tops\/#breadcrumb"},"inLanguage":"fr-CA","potentialAction":[{"@type":"ReadAction","target":["https:\/\/ksproducts.ca\/product\/blackstone-original-series-protective-griddle-plate-cover-fits-28inch-and-36inch-griddle-tops\/"]}]},{"@type":"ImageObject","inLanguage":"fr-CA","@id":"https:\/\/ksproducts.ca\/product\/blackstone-original-series-protective-griddle-plate-cover-fits-28inch-and-36inch-griddle-tops\/#primaryimage","url":"https:\/\/ksproducts.ca\/wp-content\/uploads\/2026\/03\/Blackstone-Original-Series-Protective-Griddle-Plate-Cover-fits-28inch-and-36inch-Griddle-Tops.webp","contentUrl":"https:\/\/ksproducts.ca\/wp-content\/uploads\/2026\/03\/Blackstone-Original-Series-Protective-Griddle-Plate-Cover-fits-28inch-and-36inch-Griddle-Tops.webp","width":640,"height":640,"caption":"Blackstone Original Series Protective Griddle Plate Cover fits 28inch and 36inch Griddle Tops"},{"@type":"BreadcrumbList","@id":"https:\/\/ksproducts.ca\/product\/blackstone-original-series-protective-griddle-plate-cover-fits-28inch-and-36inch-griddle-tops\/#breadcrumb","itemListElement":[{"@type":"ListItem","position":1,"name":"Home","item":"https:\/\/ksproducts.ca\/"},{"@type":"ListItem","position":2,"name":"Shop","item":"https:\/\/ksproducts.ca\/shop\/"},{"@type":"ListItem","position":3,"name":"Blackstone Original Series Protective Griddle Plate Cover &#8211; fits 28inch and 36inch Griddle Tops"}]},{"@type":"WebSite","@id":"https:\/\/ksproducts.ca\/#website","url":"https:\/\/ksproducts.ca\/","name":"Produits Ks","description":"Cuisiner et vivre en plein air, c'est facile au Canada","publisher":{"@id":"https:\/\/ksproducts.ca\/#organization"},"potentialAction":[{"@type":"SearchAction","target":{"@type":"EntryPoint","urlTemplate":"https:\/\/ksproducts.ca\/?s={search_term_string}"},"query-input":{"@type":"PropertyValueSpecification","valueRequired":true,"valueName":"search_term_string"}}],"inLanguage":"fr-CA"},{"@type":"Organization","@id":"https:\/\/ksproducts.ca\/#organization","name":"Produits Ks","url":"https:\/\/ksproducts.ca\/","logo":{"@type":"ImageObject","inLanguage":"fr-CA","@id":"https:\/\/ksproducts.ca\/#\/schema\/logo\/image\/","url":"https:\/\/ksproducts.ca\/wp-content\/uploads\/2023\/09\/Kennedy-Sales-Logo-header-1.png","contentUrl":"https:\/\/ksproducts.ca\/wp-content\/uploads\/2023\/09\/Kennedy-Sales-Logo-header-1.png","width":150,"height":77,"caption":"Ks Products"},"image":{"@id":"https:\/\/ksproducts.ca\/#\/schema\/logo\/image\/"}}]}},"_links":{"self":[{"href":"https:\/\/ksproducts.ca\/fr\/wp-json\/wp\/v2\/product\/11812","targetHints":{"allow":["GET"]}}],"collection":[{"href":"https:\/\/ksproducts.ca\/fr\/wp-json\/wp\/v2\/product"}],"about":[{"href":"https:\/\/ksproducts.ca\/fr\/wp-json\/wp\/v2\/types\/product"}],"replies":[{"embeddable":true,"href":"https:\/\/ksproducts.ca\/fr\/wp-json\/wp\/v2\/comments?post=11812"}],"version-history":[{"count":1,"href":"https:\/\/ksproducts.ca\/fr\/wp-json\/wp\/v2\/product\/11812\/revisions"}],"predecessor-version":[{"id":11814,"href":"https:\/\/ksproducts.ca\/fr\/wp-json\/wp\/v2\/product\/11812\/revisions\/11814"}],"wp:featuredmedia":[{"embeddable":true,"href":"https:\/\/ksproducts.ca\/fr\/wp-json\/wp\/v2\/media\/11813"}],"wp:attachment":[{"href":"https:\/\/ksproducts.ca\/fr\/wp-json\/wp\/v2\/media?parent=11812"}],"wp:term":[{"taxonomy":"product_cat","embeddable":true,"href":"https:\/\/ksproducts.ca\/fr\/wp-json\/wp\/v2\/product_cat?post=11812"},{"taxonomy":"product_tag","embeddable":true,"href":"https:\/\/ksproducts.ca\/fr\/wp-json\/wp\/v2\/product_tag?post=11812"}],"curies":[{"name":"wp","href":"https:\/\/api.w.org\/{rel}","templated":true}]}}