{"id":11815,"date":"2026-03-06T14:04:21","date_gmt":"2026-03-06T14:04:21","guid":{"rendered":"https:\/\/ksproducts.ca\/?post_type=product&#038;p=11815"},"modified":"2026-03-16T14:48:46","modified_gmt":"2026-03-16T14:48:46","slug":"blackstone-my-first-griddle-play-set-avec-outils-et-rangement-integre","status":"publish","type":"product","link":"https:\/\/ksproducts.ca\/fr\/product\/blackstone-my-first-griddle-play-set-with-tools-and-built-in-storage\/","title":{"rendered":"Blackstone My First Griddle Play Set avec outils et rangement int\u00e9gr\u00e9"},"content":{"rendered":"<ul>\n<li data-start=\"346\" data-end=\"408\">Design interactif avec boutons tournants pour un jeu r\u00e9aliste<\/li>\n<li data-start=\"411\" data-end=\"460\">Comprend des outils et des accessoires de cuisine ludiques<\/li>\n<li data-start=\"463\" data-end=\"532\">Tablette lat\u00e9rale et crochets \u00e0 outils int\u00e9gr\u00e9s pour une meilleure fonctionnalit\u00e9 de jeu<\/li>\n<li data-start=\"535\" data-end=\"581\">Roues pour faciliter les d\u00e9placements pendant les jeux<\/li>\n<li data-start=\"584\" data-end=\"652\">Planche \u00e0 griller relevable avec espace de rangement pour garder les outils organis\u00e9s<\/li>\n<li data-start=\"655\" data-end=\"715\">Encourage le jeu imaginatif et la cuisine en famille<\/li>\n<\/ul>","protected":false},"excerpt":{"rendered":"<p>Enflammez l'imagination de votre enfant avec My First Griddle de Blackstone. Regardez votre enfant devenir un ma\u00eetre de la plancha en pr\u00e9parant de d\u00e9licieux repas fictifs. My First Griddle est dot\u00e9e de fonctions interactives telles que des boutons qui tournent, une \u00e9tag\u00e8re lat\u00e9rale, des crochets \u00e0 outils int\u00e9gr\u00e9s et des roulettes qui facilitent le d\u00e9placement de la plaque. Cette plaque comprend tous les outils n\u00e9cessaires pour que votre petit chef puisse exp\u00e9rimenter et jouer ! Une fois la r\u00e9cr\u00e9ation termin\u00e9e, il suffit de soulever le dessus de la plaque pour ranger les outils et les garder propres pour la prochaine cuisson. Votre enfant adorera cuisiner \u00e0 vos c\u00f4t\u00e9s et cr\u00e9er des repas et des souvenirs pour les ann\u00e9es \u00e0 venir !<\/p>","protected":false},"featured_media":11816,"comment_status":"open","ping_status":"closed","template":"","meta":[],"product_cat":[394],"product_tag":[],"class_list":{"0":"post-11815","1":"product","2":"type-product","3":"status-publish","4":"has-post-thumbnail","6":"product_cat-griddles-2","7":"product_shipping_class-class-1","9":"first","10":"instock","11":"taxable","12":"shipping-taxable","13":"purchasable","14":"product-type-simple"},"yoast_head":"<!-- This site is optimized with the Yoast SEO plugin v27.3 - https:\/\/yoast.com\/product\/yoast-seo-wordpress\/ -->\n<title>Blackstone My First Griddle Play Set with Tools and Built-in Storage - Ks Products<\/title>\n<meta name=\"robots\" content=\"index, follow, max-snippet:-1, max-image-preview:large, max-video-preview:-1\" \/>\n<link rel=\"canonical\" href=\"https:\/\/ksproducts.ca\/fr\/product\/blackstone-my-first-griddle-play-set-avec-outils-et-rangement-integre\/\" \/>\n<meta property=\"og:locale\" content=\"fr_CA\" \/>\n<meta property=\"og:type\" content=\"article\" \/>\n<meta property=\"og:title\" content=\"Blackstone My First Griddle Play Set with Tools and Built-in Storage - Ks Products\" \/>\n<meta property=\"og:description\" content=\"Ignite your child\u2019s imagination with Blackstone\u2019s My First Griddle. Watch your little one become a griddle master as they whip up delicious pretend meals. My First Griddle is equipped with interactive features such as knobs that turn, a side shelf, built-in tool hooks, and wheels making the griddle easy to move. This griddle includes all the tools needed for your little chef to experiment and play! When playtime winds down, simply lift the griddle top to store the tools and keep them clean for the next cook. Your child will love cooking side by side with you, creating meals and memories for years to come!\" \/>\n<meta property=\"og:url\" content=\"https:\/\/ksproducts.ca\/fr\/product\/blackstone-my-first-griddle-play-set-avec-outils-et-rangement-integre\/\" \/>\n<meta property=\"og:site_name\" content=\"Ks Products\" \/>\n<meta property=\"article:modified_time\" content=\"2026-03-16T14:48:46+00:00\" \/>\n<meta property=\"og:image\" content=\"https:\/\/ksproducts.ca\/wp-content\/uploads\/2026\/03\/Blackstone-My-First-Griddle-Play-Set-with-Tools-and-Built-in-Storage.jpg\" \/>\n\t<meta property=\"og:image:width\" content=\"800\" \/>\n\t<meta property=\"og:image:height\" content=\"800\" \/>\n\t<meta property=\"og:image:type\" content=\"image\/jpeg\" \/>\n<meta name=\"twitter:card\" content=\"summary_large_image\" \/>\n<meta name=\"twitter:label1\" content=\"Estimation du temps de lecture\" \/>\n\t<meta name=\"twitter:data1\" content=\"1 minute\" \/>\n<script type=\"application\/ld+json\" class=\"yoast-schema-graph\">{\"@context\":\"https:\\\/\\\/schema.org\",\"@graph\":[{\"@type\":\"WebPage\",\"@id\":\"https:\\\/\\\/ksproducts.ca\\\/product\\\/blackstone-my-first-griddle-play-set-with-tools-and-built-in-storage\\\/\",\"url\":\"https:\\\/\\\/ksproducts.ca\\\/product\\\/blackstone-my-first-griddle-play-set-with-tools-and-built-in-storage\\\/\",\"name\":\"Blackstone My First Griddle Play Set with Tools and Built-in Storage - Ks Products\",\"isPartOf\":{\"@id\":\"https:\\\/\\\/ksproducts.ca\\\/#website\"},\"primaryImageOfPage\":{\"@id\":\"https:\\\/\\\/ksproducts.ca\\\/product\\\/blackstone-my-first-griddle-play-set-with-tools-and-built-in-storage\\\/#primaryimage\"},\"image\":{\"@id\":\"https:\\\/\\\/ksproducts.ca\\\/product\\\/blackstone-my-first-griddle-play-set-with-tools-and-built-in-storage\\\/#primaryimage\"},\"thumbnailUrl\":\"https:\\\/\\\/ksproducts.ca\\\/wp-content\\\/uploads\\\/2026\\\/03\\\/Blackstone-My-First-Griddle-Play-Set-with-Tools-and-Built-in-Storage.jpg\",\"datePublished\":\"2026-03-06T14:04:21+00:00\",\"dateModified\":\"2026-03-16T14:48:46+00:00\",\"breadcrumb\":{\"@id\":\"https:\\\/\\\/ksproducts.ca\\\/product\\\/blackstone-my-first-griddle-play-set-with-tools-and-built-in-storage\\\/#breadcrumb\"},\"inLanguage\":\"fr-CA\",\"potentialAction\":[{\"@type\":\"ReadAction\",\"target\":[\"https:\\\/\\\/ksproducts.ca\\\/product\\\/blackstone-my-first-griddle-play-set-with-tools-and-built-in-storage\\\/\"]}]},{\"@type\":\"ImageObject\",\"inLanguage\":\"fr-CA\",\"@id\":\"https:\\\/\\\/ksproducts.ca\\\/product\\\/blackstone-my-first-griddle-play-set-with-tools-and-built-in-storage\\\/#primaryimage\",\"url\":\"https:\\\/\\\/ksproducts.ca\\\/wp-content\\\/uploads\\\/2026\\\/03\\\/Blackstone-My-First-Griddle-Play-Set-with-Tools-and-Built-in-Storage.jpg\",\"contentUrl\":\"https:\\\/\\\/ksproducts.ca\\\/wp-content\\\/uploads\\\/2026\\\/03\\\/Blackstone-My-First-Griddle-Play-Set-with-Tools-and-Built-in-Storage.jpg\",\"width\":800,\"height\":800,\"caption\":\"Blackstone My First Griddle Play Set with Tools and Built in Storage\"},{\"@type\":\"BreadcrumbList\",\"@id\":\"https:\\\/\\\/ksproducts.ca\\\/product\\\/blackstone-my-first-griddle-play-set-with-tools-and-built-in-storage\\\/#breadcrumb\",\"itemListElement\":[{\"@type\":\"ListItem\",\"position\":1,\"name\":\"Home\",\"item\":\"https:\\\/\\\/ksproducts.ca\\\/\"},{\"@type\":\"ListItem\",\"position\":2,\"name\":\"Shop\",\"item\":\"https:\\\/\\\/ksproducts.ca\\\/shop\\\/\"},{\"@type\":\"ListItem\",\"position\":3,\"name\":\"Blackstone My First Griddle Play Set with Tools and Built-in Storage\"}]},{\"@type\":\"WebSite\",\"@id\":\"https:\\\/\\\/ksproducts.ca\\\/#website\",\"url\":\"https:\\\/\\\/ksproducts.ca\\\/\",\"name\":\"Ks Products\",\"description\":\"Outdoor cooking and living, made easy in Canada\",\"publisher\":{\"@id\":\"https:\\\/\\\/ksproducts.ca\\\/#organization\"},\"potentialAction\":[{\"@type\":\"SearchAction\",\"target\":{\"@type\":\"EntryPoint\",\"urlTemplate\":\"https:\\\/\\\/ksproducts.ca\\\/?s={search_term_string}\"},\"query-input\":{\"@type\":\"PropertyValueSpecification\",\"valueRequired\":true,\"valueName\":\"search_term_string\"}}],\"inLanguage\":\"fr-CA\"},{\"@type\":\"Organization\",\"@id\":\"https:\\\/\\\/ksproducts.ca\\\/#organization\",\"name\":\"Ks Products\",\"url\":\"https:\\\/\\\/ksproducts.ca\\\/\",\"logo\":{\"@type\":\"ImageObject\",\"inLanguage\":\"fr-CA\",\"@id\":\"https:\\\/\\\/ksproducts.ca\\\/#\\\/schema\\\/logo\\\/image\\\/\",\"url\":\"https:\\\/\\\/ksproducts.ca\\\/wp-content\\\/uploads\\\/2023\\\/09\\\/Kennedy-Sales-Logo-header-1.png\",\"contentUrl\":\"https:\\\/\\\/ksproducts.ca\\\/wp-content\\\/uploads\\\/2023\\\/09\\\/Kennedy-Sales-Logo-header-1.png\",\"width\":150,\"height\":77,\"caption\":\"Ks Products\"},\"image\":{\"@id\":\"https:\\\/\\\/ksproducts.ca\\\/#\\\/schema\\\/logo\\\/image\\\/\"}}]}<\/script>\n<!-- \/ Yoast SEO plugin. -->","yoast_head_json":{"title":"Blackstone My First Griddle Play Set avec outils et rangement int\u00e9gr\u00e9 - Ks Products","robots":{"index":"index","follow":"follow","max-snippet":"max-snippet:-1","max-image-preview":"max-image-preview:large","max-video-preview":"max-video-preview:-1"},"canonical":"https:\/\/ksproducts.ca\/fr\/product\/blackstone-my-first-griddle-play-set-avec-outils-et-rangement-integre\/","og_locale":"fr_CA","og_type":"article","og_title":"Blackstone My First Griddle Play Set with Tools and Built-in Storage - Ks Products","og_description":"Ignite your child\u2019s imagination with Blackstone\u2019s My First Griddle. Watch your little one become a griddle master as they whip up delicious pretend meals. My First Griddle is equipped with interactive features such as knobs that turn, a side shelf, built-in tool hooks, and wheels making the griddle easy to move. This griddle includes all the tools needed for your little chef to experiment and play! When playtime winds down, simply lift the griddle top to store the tools and keep them clean for the next cook. Your child will love cooking side by side with you, creating meals and memories for years to come!","og_url":"https:\/\/ksproducts.ca\/fr\/product\/blackstone-my-first-griddle-play-set-avec-outils-et-rangement-integre\/","og_site_name":"Ks Products","article_modified_time":"2026-03-16T14:48:46+00:00","og_image":[{"width":800,"height":800,"url":"https:\/\/ksproducts.ca\/wp-content\/uploads\/2026\/03\/Blackstone-My-First-Griddle-Play-Set-with-Tools-and-Built-in-Storage.jpg","type":"image\/jpeg"}],"twitter_card":"summary_large_image","twitter_misc":{"Estimation du temps de lecture":"1 minute"},"schema":{"@context":"https:\/\/schema.org","@graph":[{"@type":"WebPage","@id":"https:\/\/ksproducts.ca\/product\/blackstone-my-first-griddle-play-set-with-tools-and-built-in-storage\/","url":"https:\/\/ksproducts.ca\/product\/blackstone-my-first-griddle-play-set-with-tools-and-built-in-storage\/","name":"Blackstone My First Griddle Play Set avec outils et rangement int\u00e9gr\u00e9 - Ks Products","isPartOf":{"@id":"https:\/\/ksproducts.ca\/#website"},"primaryImageOfPage":{"@id":"https:\/\/ksproducts.ca\/product\/blackstone-my-first-griddle-play-set-with-tools-and-built-in-storage\/#primaryimage"},"image":{"@id":"https:\/\/ksproducts.ca\/product\/blackstone-my-first-griddle-play-set-with-tools-and-built-in-storage\/#primaryimage"},"thumbnailUrl":"https:\/\/ksproducts.ca\/wp-content\/uploads\/2026\/03\/Blackstone-My-First-Griddle-Play-Set-with-Tools-and-Built-in-Storage.jpg","datePublished":"2026-03-06T14:04:21+00:00","dateModified":"2026-03-16T14:48:46+00:00","breadcrumb":{"@id":"https:\/\/ksproducts.ca\/product\/blackstone-my-first-griddle-play-set-with-tools-and-built-in-storage\/#breadcrumb"},"inLanguage":"fr-CA","potentialAction":[{"@type":"ReadAction","target":["https:\/\/ksproducts.ca\/product\/blackstone-my-first-griddle-play-set-with-tools-and-built-in-storage\/"]}]},{"@type":"ImageObject","inLanguage":"fr-CA","@id":"https:\/\/ksproducts.ca\/product\/blackstone-my-first-griddle-play-set-with-tools-and-built-in-storage\/#primaryimage","url":"https:\/\/ksproducts.ca\/wp-content\/uploads\/2026\/03\/Blackstone-My-First-Griddle-Play-Set-with-Tools-and-Built-in-Storage.jpg","contentUrl":"https:\/\/ksproducts.ca\/wp-content\/uploads\/2026\/03\/Blackstone-My-First-Griddle-Play-Set-with-Tools-and-Built-in-Storage.jpg","width":800,"height":800,"caption":"Blackstone My First Griddle Play Set with Tools and Built in Storage"},{"@type":"BreadcrumbList","@id":"https:\/\/ksproducts.ca\/product\/blackstone-my-first-griddle-play-set-with-tools-and-built-in-storage\/#breadcrumb","itemListElement":[{"@type":"ListItem","position":1,"name":"Home","item":"https:\/\/ksproducts.ca\/"},{"@type":"ListItem","position":2,"name":"Shop","item":"https:\/\/ksproducts.ca\/shop\/"},{"@type":"ListItem","position":3,"name":"Blackstone My First Griddle Play Set with Tools and Built-in Storage"}]},{"@type":"WebSite","@id":"https:\/\/ksproducts.ca\/#website","url":"https:\/\/ksproducts.ca\/","name":"Produits Ks","description":"Cuisiner et vivre en plein air, c'est facile au Canada","publisher":{"@id":"https:\/\/ksproducts.ca\/#organization"},"potentialAction":[{"@type":"SearchAction","target":{"@type":"EntryPoint","urlTemplate":"https:\/\/ksproducts.ca\/?s={search_term_string}"},"query-input":{"@type":"PropertyValueSpecification","valueRequired":true,"valueName":"search_term_string"}}],"inLanguage":"fr-CA"},{"@type":"Organization","@id":"https:\/\/ksproducts.ca\/#organization","name":"Produits Ks","url":"https:\/\/ksproducts.ca\/","logo":{"@type":"ImageObject","inLanguage":"fr-CA","@id":"https:\/\/ksproducts.ca\/#\/schema\/logo\/image\/","url":"https:\/\/ksproducts.ca\/wp-content\/uploads\/2023\/09\/Kennedy-Sales-Logo-header-1.png","contentUrl":"https:\/\/ksproducts.ca\/wp-content\/uploads\/2023\/09\/Kennedy-Sales-Logo-header-1.png","width":150,"height":77,"caption":"Ks Products"},"image":{"@id":"https:\/\/ksproducts.ca\/#\/schema\/logo\/image\/"}}]}},"_links":{"self":[{"href":"https:\/\/ksproducts.ca\/fr\/wp-json\/wp\/v2\/product\/11815","targetHints":{"allow":["GET"]}}],"collection":[{"href":"https:\/\/ksproducts.ca\/fr\/wp-json\/wp\/v2\/product"}],"about":[{"href":"https:\/\/ksproducts.ca\/fr\/wp-json\/wp\/v2\/types\/product"}],"replies":[{"embeddable":true,"href":"https:\/\/ksproducts.ca\/fr\/wp-json\/wp\/v2\/comments?post=11815"}],"version-history":[{"count":2,"href":"https:\/\/ksproducts.ca\/fr\/wp-json\/wp\/v2\/product\/11815\/revisions"}],"predecessor-version":[{"id":12676,"href":"https:\/\/ksproducts.ca\/fr\/wp-json\/wp\/v2\/product\/11815\/revisions\/12676"}],"wp:featuredmedia":[{"embeddable":true,"href":"https:\/\/ksproducts.ca\/fr\/wp-json\/wp\/v2\/media\/11816"}],"wp:attachment":[{"href":"https:\/\/ksproducts.ca\/fr\/wp-json\/wp\/v2\/media?parent=11815"}],"wp:term":[{"taxonomy":"product_cat","embeddable":true,"href":"https:\/\/ksproducts.ca\/fr\/wp-json\/wp\/v2\/product_cat?post=11815"},{"taxonomy":"product_tag","embeddable":true,"href":"https:\/\/ksproducts.ca\/fr\/wp-json\/wp\/v2\/product_tag?post=11815"}],"curies":[{"name":"wp","href":"https:\/\/api.w.org\/{rel}","templated":true}]}}