{"id":11818,"date":"2026-03-06T14:09:31","date_gmt":"2026-03-06T14:09:31","guid":{"rendered":"https:\/\/ksproducts.ca\/?post_type=product&#038;p=11818"},"modified":"2026-03-06T14:09:32","modified_gmt":"2026-03-06T14:09:32","slug":"blackstone-camping-series-5-piece-accessory-kit","status":"publish","type":"product","link":"https:\/\/ksproducts.ca\/fr\/product\/blackstone-camping-series-5-piece-accessory-kit\/","title":{"rendered":"Kit d'accessoires 5 pi\u00e8ces Blackstone Camping Series"},"content":{"rendered":"<ul class=\"features-specs-list\">\n<li class=\"acumin\">Comprend des spatules (Qt\u00e9 2), un grattoir (Qt\u00e9 1) et des bouteilles \u00e0 presser de 8 oz (Qt\u00e9 2).<\/li>\n<li class=\"acumin\">Con\u00e7u pour \u00eatre utilis\u00e9 sur les plaques de cuisson Blackstone dot\u00e9es d'une surface de cuisson rev\u00eatue.<\/li>\n<li class=\"acumin\">Les outils peuvent \u00eatre lav\u00e9s au lave-vaisselle. Il est recommand\u00e9 de laver les bouteilles \u00e0 la main.<\/li>\n<\/ul>","protected":false},"excerpt":{"rendered":"<p>Emportez le kit de camping Blackstone 5 Piece Griddle lors de votre prochaine aventure et disposez de tous les outils de base dont vous avez besoin pour servir de d\u00e9licieux plats sur le pouce. Le kit comprend deux spatules, un grattoir et deux bouteilles anti-fuites de 8 oz. Con\u00e7us pour \u00eatre compatibles avec les surfaces de cuisson rev\u00eatues, les outils en silicone sont indispensables pour votre plaque de camping. M\u00e9langez, retournez et retirez facilement les aliments de votre plaque \u00e0 l'aide des spatules et gardez la surface de votre plaque propre gr\u00e2ce au grattoir. Les bouteilles \u00e0 presser sont suffisamment grandes pour contenir l'huile, l'eau et les sauces dont vous avez besoin pour cuisiner, sans \u00eatre encombrantes et prendre une place pr\u00e9cieuse. Ayez tous les outils dont vous avez besoin avec le kit de camping Adventure Ready 5 Piece Griddle.<\/p>","protected":false},"featured_media":11819,"comment_status":"open","ping_status":"closed","template":"","meta":[],"product_cat":[438],"product_tag":[],"class_list":{"0":"post-11818","1":"product","2":"type-product","3":"status-publish","4":"has-post-thumbnail","6":"product_cat-tools-kits","7":"product_shipping_class-class-1","9":"first","10":"instock","11":"taxable","12":"shipping-taxable","13":"purchasable","14":"product-type-simple"},"yoast_head":"<!-- This site is optimized with the Yoast SEO plugin v27.3 - https:\/\/yoast.com\/product\/yoast-seo-wordpress\/ -->\n<title>Blackstone Camping Series 5-Piece Accessory Kit - Ks Products<\/title>\n<meta name=\"robots\" content=\"index, follow, max-snippet:-1, max-image-preview:large, max-video-preview:-1\" \/>\n<link rel=\"canonical\" href=\"https:\/\/ksproducts.ca\/fr\/product\/blackstone-camping-series-5-piece-accessory-kit\/\" \/>\n<meta property=\"og:locale\" content=\"fr_CA\" \/>\n<meta property=\"og:type\" content=\"article\" \/>\n<meta property=\"og:title\" content=\"Blackstone Camping Series 5-Piece Accessory Kit - Ks Products\" \/>\n<meta property=\"og:description\" content=\"Pack the Blackstone 5 Piece Griddle Camping Kit on your next adventure and have all the basic tools you need to serve up delicious food on the go. The kit includes two spatulas, a griddle scraper, and two 8 oz leak-resistant squeeze bottles. Designed to be compatible with coated cooking surfaces, the silicone tools are a must-have for your camping griddle. Mix, flip, and remove food from your griddle with ease using the spatulas and keep your griddle surface clean with the scraper. The squeeze bottles are big enough to hold the oil, water, and sauces you need while cooking without being bulky and taking up precious space. Have all the tools you need with the Adventure Ready 5 Piece Griddle Camping Kit.\" \/>\n<meta property=\"og:url\" content=\"https:\/\/ksproducts.ca\/fr\/product\/blackstone-camping-series-5-piece-accessory-kit\/\" \/>\n<meta property=\"og:site_name\" content=\"Ks Products\" \/>\n<meta property=\"article:modified_time\" content=\"2026-03-06T14:09:32+00:00\" \/>\n<meta property=\"og:image\" content=\"https:\/\/ksproducts.ca\/wp-content\/uploads\/2026\/03\/Blackstone-Camping-Series-5-Piece-Accessory-Kit.jpg\" \/>\n\t<meta property=\"og:image:width\" content=\"624\" \/>\n\t<meta property=\"og:image:height\" content=\"523\" \/>\n\t<meta property=\"og:image:type\" content=\"image\/jpeg\" \/>\n<meta name=\"twitter:card\" content=\"summary_large_image\" \/>\n<meta name=\"twitter:label1\" content=\"Estimation du temps de lecture\" \/>\n\t<meta name=\"twitter:data1\" content=\"1 minute\" \/>\n<script type=\"application\/ld+json\" class=\"yoast-schema-graph\">{\"@context\":\"https:\\\/\\\/schema.org\",\"@graph\":[{\"@type\":\"WebPage\",\"@id\":\"https:\\\/\\\/ksproducts.ca\\\/product\\\/blackstone-camping-series-5-piece-accessory-kit\\\/\",\"url\":\"https:\\\/\\\/ksproducts.ca\\\/product\\\/blackstone-camping-series-5-piece-accessory-kit\\\/\",\"name\":\"Blackstone Camping Series 5-Piece Accessory Kit - Ks Products\",\"isPartOf\":{\"@id\":\"https:\\\/\\\/ksproducts.ca\\\/#website\"},\"primaryImageOfPage\":{\"@id\":\"https:\\\/\\\/ksproducts.ca\\\/product\\\/blackstone-camping-series-5-piece-accessory-kit\\\/#primaryimage\"},\"image\":{\"@id\":\"https:\\\/\\\/ksproducts.ca\\\/product\\\/blackstone-camping-series-5-piece-accessory-kit\\\/#primaryimage\"},\"thumbnailUrl\":\"https:\\\/\\\/ksproducts.ca\\\/wp-content\\\/uploads\\\/2026\\\/03\\\/Blackstone-Camping-Series-5-Piece-Accessory-Kit.jpg\",\"datePublished\":\"2026-03-06T14:09:31+00:00\",\"dateModified\":\"2026-03-06T14:09:32+00:00\",\"breadcrumb\":{\"@id\":\"https:\\\/\\\/ksproducts.ca\\\/product\\\/blackstone-camping-series-5-piece-accessory-kit\\\/#breadcrumb\"},\"inLanguage\":\"fr-CA\",\"potentialAction\":[{\"@type\":\"ReadAction\",\"target\":[\"https:\\\/\\\/ksproducts.ca\\\/product\\\/blackstone-camping-series-5-piece-accessory-kit\\\/\"]}]},{\"@type\":\"ImageObject\",\"inLanguage\":\"fr-CA\",\"@id\":\"https:\\\/\\\/ksproducts.ca\\\/product\\\/blackstone-camping-series-5-piece-accessory-kit\\\/#primaryimage\",\"url\":\"https:\\\/\\\/ksproducts.ca\\\/wp-content\\\/uploads\\\/2026\\\/03\\\/Blackstone-Camping-Series-5-Piece-Accessory-Kit.jpg\",\"contentUrl\":\"https:\\\/\\\/ksproducts.ca\\\/wp-content\\\/uploads\\\/2026\\\/03\\\/Blackstone-Camping-Series-5-Piece-Accessory-Kit.jpg\",\"width\":624,\"height\":523,\"caption\":\"Blackstone Camping Series 5 Piece Accessory Kit\"},{\"@type\":\"BreadcrumbList\",\"@id\":\"https:\\\/\\\/ksproducts.ca\\\/product\\\/blackstone-camping-series-5-piece-accessory-kit\\\/#breadcrumb\",\"itemListElement\":[{\"@type\":\"ListItem\",\"position\":1,\"name\":\"Home\",\"item\":\"https:\\\/\\\/ksproducts.ca\\\/\"},{\"@type\":\"ListItem\",\"position\":2,\"name\":\"Shop\",\"item\":\"https:\\\/\\\/ksproducts.ca\\\/shop\\\/\"},{\"@type\":\"ListItem\",\"position\":3,\"name\":\"Blackstone Camping Series 5-Piece Accessory Kit\"}]},{\"@type\":\"WebSite\",\"@id\":\"https:\\\/\\\/ksproducts.ca\\\/#website\",\"url\":\"https:\\\/\\\/ksproducts.ca\\\/\",\"name\":\"Ks Products\",\"description\":\"Outdoor cooking and living, made easy in Canada\",\"publisher\":{\"@id\":\"https:\\\/\\\/ksproducts.ca\\\/#organization\"},\"potentialAction\":[{\"@type\":\"SearchAction\",\"target\":{\"@type\":\"EntryPoint\",\"urlTemplate\":\"https:\\\/\\\/ksproducts.ca\\\/?s={search_term_string}\"},\"query-input\":{\"@type\":\"PropertyValueSpecification\",\"valueRequired\":true,\"valueName\":\"search_term_string\"}}],\"inLanguage\":\"fr-CA\"},{\"@type\":\"Organization\",\"@id\":\"https:\\\/\\\/ksproducts.ca\\\/#organization\",\"name\":\"Ks Products\",\"url\":\"https:\\\/\\\/ksproducts.ca\\\/\",\"logo\":{\"@type\":\"ImageObject\",\"inLanguage\":\"fr-CA\",\"@id\":\"https:\\\/\\\/ksproducts.ca\\\/#\\\/schema\\\/logo\\\/image\\\/\",\"url\":\"https:\\\/\\\/ksproducts.ca\\\/wp-content\\\/uploads\\\/2023\\\/09\\\/Kennedy-Sales-Logo-header-1.png\",\"contentUrl\":\"https:\\\/\\\/ksproducts.ca\\\/wp-content\\\/uploads\\\/2023\\\/09\\\/Kennedy-Sales-Logo-header-1.png\",\"width\":150,\"height\":77,\"caption\":\"Ks Products\"},\"image\":{\"@id\":\"https:\\\/\\\/ksproducts.ca\\\/#\\\/schema\\\/logo\\\/image\\\/\"}}]}<\/script>\n<!-- \/ Yoast SEO plugin. -->","yoast_head_json":{"title":"Kit d'accessoires 5 pi\u00e8ces Blackstone Camping Series - Ks Products","robots":{"index":"index","follow":"follow","max-snippet":"max-snippet:-1","max-image-preview":"max-image-preview:large","max-video-preview":"max-video-preview:-1"},"canonical":"https:\/\/ksproducts.ca\/fr\/product\/blackstone-camping-series-5-piece-accessory-kit\/","og_locale":"fr_CA","og_type":"article","og_title":"Blackstone Camping Series 5-Piece Accessory Kit - Ks Products","og_description":"Pack the Blackstone 5 Piece Griddle Camping Kit on your next adventure and have all the basic tools you need to serve up delicious food on the go. The kit includes two spatulas, a griddle scraper, and two 8 oz leak-resistant squeeze bottles. Designed to be compatible with coated cooking surfaces, the silicone tools are a must-have for your camping griddle. Mix, flip, and remove food from your griddle with ease using the spatulas and keep your griddle surface clean with the scraper. The squeeze bottles are big enough to hold the oil, water, and sauces you need while cooking without being bulky and taking up precious space. Have all the tools you need with the Adventure Ready 5 Piece Griddle Camping Kit.","og_url":"https:\/\/ksproducts.ca\/fr\/product\/blackstone-camping-series-5-piece-accessory-kit\/","og_site_name":"Ks Products","article_modified_time":"2026-03-06T14:09:32+00:00","og_image":[{"width":624,"height":523,"url":"https:\/\/ksproducts.ca\/wp-content\/uploads\/2026\/03\/Blackstone-Camping-Series-5-Piece-Accessory-Kit.jpg","type":"image\/jpeg"}],"twitter_card":"summary_large_image","twitter_misc":{"Estimation du temps de lecture":"1 minute"},"schema":{"@context":"https:\/\/schema.org","@graph":[{"@type":"WebPage","@id":"https:\/\/ksproducts.ca\/product\/blackstone-camping-series-5-piece-accessory-kit\/","url":"https:\/\/ksproducts.ca\/product\/blackstone-camping-series-5-piece-accessory-kit\/","name":"Kit d'accessoires 5 pi\u00e8ces Blackstone Camping Series - Ks Products","isPartOf":{"@id":"https:\/\/ksproducts.ca\/#website"},"primaryImageOfPage":{"@id":"https:\/\/ksproducts.ca\/product\/blackstone-camping-series-5-piece-accessory-kit\/#primaryimage"},"image":{"@id":"https:\/\/ksproducts.ca\/product\/blackstone-camping-series-5-piece-accessory-kit\/#primaryimage"},"thumbnailUrl":"https:\/\/ksproducts.ca\/wp-content\/uploads\/2026\/03\/Blackstone-Camping-Series-5-Piece-Accessory-Kit.jpg","datePublished":"2026-03-06T14:09:31+00:00","dateModified":"2026-03-06T14:09:32+00:00","breadcrumb":{"@id":"https:\/\/ksproducts.ca\/product\/blackstone-camping-series-5-piece-accessory-kit\/#breadcrumb"},"inLanguage":"fr-CA","potentialAction":[{"@type":"ReadAction","target":["https:\/\/ksproducts.ca\/product\/blackstone-camping-series-5-piece-accessory-kit\/"]}]},{"@type":"ImageObject","inLanguage":"fr-CA","@id":"https:\/\/ksproducts.ca\/product\/blackstone-camping-series-5-piece-accessory-kit\/#primaryimage","url":"https:\/\/ksproducts.ca\/wp-content\/uploads\/2026\/03\/Blackstone-Camping-Series-5-Piece-Accessory-Kit.jpg","contentUrl":"https:\/\/ksproducts.ca\/wp-content\/uploads\/2026\/03\/Blackstone-Camping-Series-5-Piece-Accessory-Kit.jpg","width":624,"height":523,"caption":"Blackstone Camping Series 5 Piece Accessory Kit"},{"@type":"BreadcrumbList","@id":"https:\/\/ksproducts.ca\/product\/blackstone-camping-series-5-piece-accessory-kit\/#breadcrumb","itemListElement":[{"@type":"ListItem","position":1,"name":"Home","item":"https:\/\/ksproducts.ca\/"},{"@type":"ListItem","position":2,"name":"Shop","item":"https:\/\/ksproducts.ca\/shop\/"},{"@type":"ListItem","position":3,"name":"Blackstone Camping Series 5-Piece Accessory Kit"}]},{"@type":"WebSite","@id":"https:\/\/ksproducts.ca\/#website","url":"https:\/\/ksproducts.ca\/","name":"Produits Ks","description":"Cuisiner et vivre en plein air, c'est facile au Canada","publisher":{"@id":"https:\/\/ksproducts.ca\/#organization"},"potentialAction":[{"@type":"SearchAction","target":{"@type":"EntryPoint","urlTemplate":"https:\/\/ksproducts.ca\/?s={search_term_string}"},"query-input":{"@type":"PropertyValueSpecification","valueRequired":true,"valueName":"search_term_string"}}],"inLanguage":"fr-CA"},{"@type":"Organization","@id":"https:\/\/ksproducts.ca\/#organization","name":"Produits Ks","url":"https:\/\/ksproducts.ca\/","logo":{"@type":"ImageObject","inLanguage":"fr-CA","@id":"https:\/\/ksproducts.ca\/#\/schema\/logo\/image\/","url":"https:\/\/ksproducts.ca\/wp-content\/uploads\/2023\/09\/Kennedy-Sales-Logo-header-1.png","contentUrl":"https:\/\/ksproducts.ca\/wp-content\/uploads\/2023\/09\/Kennedy-Sales-Logo-header-1.png","width":150,"height":77,"caption":"Ks Products"},"image":{"@id":"https:\/\/ksproducts.ca\/#\/schema\/logo\/image\/"}}]}},"_links":{"self":[{"href":"https:\/\/ksproducts.ca\/fr\/wp-json\/wp\/v2\/product\/11818","targetHints":{"allow":["GET"]}}],"collection":[{"href":"https:\/\/ksproducts.ca\/fr\/wp-json\/wp\/v2\/product"}],"about":[{"href":"https:\/\/ksproducts.ca\/fr\/wp-json\/wp\/v2\/types\/product"}],"replies":[{"embeddable":true,"href":"https:\/\/ksproducts.ca\/fr\/wp-json\/wp\/v2\/comments?post=11818"}],"version-history":[{"count":1,"href":"https:\/\/ksproducts.ca\/fr\/wp-json\/wp\/v2\/product\/11818\/revisions"}],"predecessor-version":[{"id":11820,"href":"https:\/\/ksproducts.ca\/fr\/wp-json\/wp\/v2\/product\/11818\/revisions\/11820"}],"wp:featuredmedia":[{"embeddable":true,"href":"https:\/\/ksproducts.ca\/fr\/wp-json\/wp\/v2\/media\/11819"}],"wp:attachment":[{"href":"https:\/\/ksproducts.ca\/fr\/wp-json\/wp\/v2\/media?parent=11818"}],"wp:term":[{"taxonomy":"product_cat","embeddable":true,"href":"https:\/\/ksproducts.ca\/fr\/wp-json\/wp\/v2\/product_cat?post=11818"},{"taxonomy":"product_tag","embeddable":true,"href":"https:\/\/ksproducts.ca\/fr\/wp-json\/wp\/v2\/product_tag?post=11818"}],"curies":[{"name":"wp","href":"https:\/\/api.w.org\/{rel}","templated":true}]}}