{"id":11821,"date":"2026-03-06T14:14:46","date_gmt":"2026-03-06T14:14:46","guid":{"rendered":"https:\/\/ksproducts.ca\/?post_type=product&#038;p=11821"},"modified":"2026-03-06T14:14:47","modified_gmt":"2026-03-06T14:14:47","slug":"kit-de-nettoyage-blackstone-camping-series","status":"publish","type":"product","link":"https:\/\/ksproducts.ca\/fr\/product\/blackstone-camping-series-cleaning-kit\/","title":{"rendered":"Kit de nettoyage Blackstone Camping Series"},"content":{"rendered":"<p>Gardez votre plaque de cuisson propre o\u00f9 que vous soyez gr\u00e2ce au kit de nettoyage Blackstone. Le kit comprend un grattoir en acier inoxydable, deux bouteilles \u00e9tanches de 8 oz et trois tampons \u00e0 r\u00e9curer orange avec une poign\u00e9e pour les tampons \u00e0 r\u00e9curer. Le design compact vous permet d'emporter vos accessoires de nettoyage dans toutes vos aventures. Utilisez le grattoir sur les plaques de cuisson non rev\u00eatues pour enlever les aliments coll\u00e9s et les bouteilles \u00e9tanches sont parfaites pour cuisiner avec de l'huile et de l'eau lors de vos d\u00e9placements. Pour les salissures difficiles, utilisez les tampons \u00e0 r\u00e9curer et la poign\u00e9e, afin de pouvoir repartir rapidement \u00e0 l'aventure. Ne vous pr\u00e9occupez plus du d\u00e9sordre et cuisinez n'importe quoi, n'importe quand, n'importe o\u00f9\u00ae avec le kit de nettoyage Blackstone !<\/p>","protected":false},"excerpt":{"rendered":"<ul class=\"features-specs-list\">\n<li class=\"acumin\">Le kit comprend un grattoir en acier inoxydable (Qt\u00e9 1), des bouteilles de 8 oz \u00e0 couvercle rabattable r\u00e9sistant aux fuites (Qt\u00e9 2) et des tampons \u00e0 r\u00e9curer (Qt\u00e9 3) avec une poign\u00e9e pour les tampons \u00e0 r\u00e9curer (Qt\u00e9 1).<\/li>\n<li class=\"acumin\">Non compatible avec les plaques de cuisson en c\u00e9ramique rev\u00eatues de titane<\/li>\n<li class=\"acumin\">Conception compacte pour faciliter le transport et le stockage<\/li>\n<\/ul>","protected":false},"featured_media":11823,"comment_status":"open","ping_status":"closed","template":"","meta":[],"product_cat":[438],"product_tag":[],"class_list":{"0":"post-11821","1":"product","2":"type-product","3":"status-publish","4":"has-post-thumbnail","6":"product_cat-tools-kits","7":"product_shipping_class-class-1","9":"first","10":"instock","11":"taxable","12":"shipping-taxable","13":"purchasable","14":"product-type-simple"},"yoast_head":"<!-- This site is optimized with the Yoast SEO plugin v27.3 - https:\/\/yoast.com\/product\/yoast-seo-wordpress\/ -->\n<title>Blackstone Camping Series Cleaning Kit - Ks Products<\/title>\n<meta name=\"robots\" content=\"index, follow, max-snippet:-1, max-image-preview:large, max-video-preview:-1\" \/>\n<link rel=\"canonical\" href=\"https:\/\/ksproducts.ca\/fr\/product\/kit-de-nettoyage-blackstone-camping-series\/\" \/>\n<meta property=\"og:locale\" content=\"fr_CA\" \/>\n<meta property=\"og:type\" content=\"article\" \/>\n<meta property=\"og:title\" content=\"Blackstone Camping Series Cleaning Kit - Ks Products\" \/>\n<meta property=\"og:description\" content=\"Kit includes a stainless-steel griddle scraper (Qty. 1), 8 oz. leak-resistant flip top squeeze bottles (Qty. 2), and scrub pads (Qty. 3) with a scrub pad handle (Qty. 1)  Not compatible with ceramic titanium-coated griddle tops  Compact design for easier transportation and storage\" \/>\n<meta property=\"og:url\" content=\"https:\/\/ksproducts.ca\/fr\/product\/kit-de-nettoyage-blackstone-camping-series\/\" \/>\n<meta property=\"og:site_name\" content=\"Ks Products\" \/>\n<meta property=\"article:modified_time\" content=\"2026-03-06T14:14:47+00:00\" \/>\n<meta property=\"og:image\" content=\"https:\/\/ksproducts.ca\/wp-content\/uploads\/2026\/03\/Blackstone-Camping-Series-Cleaning-Kit-1.jpg\" \/>\n\t<meta property=\"og:image:width\" content=\"618\" \/>\n\t<meta property=\"og:image:height\" content=\"399\" \/>\n\t<meta property=\"og:image:type\" content=\"image\/jpeg\" \/>\n<meta name=\"twitter:card\" content=\"summary_large_image\" \/>\n<meta name=\"twitter:label1\" content=\"Estimation du temps de lecture\" \/>\n\t<meta name=\"twitter:data1\" content=\"1 minute\" \/>\n<script type=\"application\/ld+json\" class=\"yoast-schema-graph\">{\"@context\":\"https:\\\/\\\/schema.org\",\"@graph\":[{\"@type\":\"WebPage\",\"@id\":\"https:\\\/\\\/ksproducts.ca\\\/product\\\/blackstone-camping-series-cleaning-kit\\\/\",\"url\":\"https:\\\/\\\/ksproducts.ca\\\/product\\\/blackstone-camping-series-cleaning-kit\\\/\",\"name\":\"Blackstone Camping Series Cleaning Kit - Ks Products\",\"isPartOf\":{\"@id\":\"https:\\\/\\\/ksproducts.ca\\\/#website\"},\"primaryImageOfPage\":{\"@id\":\"https:\\\/\\\/ksproducts.ca\\\/product\\\/blackstone-camping-series-cleaning-kit\\\/#primaryimage\"},\"image\":{\"@id\":\"https:\\\/\\\/ksproducts.ca\\\/product\\\/blackstone-camping-series-cleaning-kit\\\/#primaryimage\"},\"thumbnailUrl\":\"https:\\\/\\\/ksproducts.ca\\\/wp-content\\\/uploads\\\/2026\\\/03\\\/Blackstone-Camping-Series-Cleaning-Kit-1.jpg\",\"datePublished\":\"2026-03-06T14:14:46+00:00\",\"dateModified\":\"2026-03-06T14:14:47+00:00\",\"breadcrumb\":{\"@id\":\"https:\\\/\\\/ksproducts.ca\\\/product\\\/blackstone-camping-series-cleaning-kit\\\/#breadcrumb\"},\"inLanguage\":\"fr-CA\",\"potentialAction\":[{\"@type\":\"ReadAction\",\"target\":[\"https:\\\/\\\/ksproducts.ca\\\/product\\\/blackstone-camping-series-cleaning-kit\\\/\"]}]},{\"@type\":\"ImageObject\",\"inLanguage\":\"fr-CA\",\"@id\":\"https:\\\/\\\/ksproducts.ca\\\/product\\\/blackstone-camping-series-cleaning-kit\\\/#primaryimage\",\"url\":\"https:\\\/\\\/ksproducts.ca\\\/wp-content\\\/uploads\\\/2026\\\/03\\\/Blackstone-Camping-Series-Cleaning-Kit-1.jpg\",\"contentUrl\":\"https:\\\/\\\/ksproducts.ca\\\/wp-content\\\/uploads\\\/2026\\\/03\\\/Blackstone-Camping-Series-Cleaning-Kit-1.jpg\",\"width\":618,\"height\":399,\"caption\":\"Blackstone Camping Series Cleaning Kit\"},{\"@type\":\"BreadcrumbList\",\"@id\":\"https:\\\/\\\/ksproducts.ca\\\/product\\\/blackstone-camping-series-cleaning-kit\\\/#breadcrumb\",\"itemListElement\":[{\"@type\":\"ListItem\",\"position\":1,\"name\":\"Home\",\"item\":\"https:\\\/\\\/ksproducts.ca\\\/\"},{\"@type\":\"ListItem\",\"position\":2,\"name\":\"Shop\",\"item\":\"https:\\\/\\\/ksproducts.ca\\\/shop\\\/\"},{\"@type\":\"ListItem\",\"position\":3,\"name\":\"Blackstone Camping Series Cleaning Kit\"}]},{\"@type\":\"WebSite\",\"@id\":\"https:\\\/\\\/ksproducts.ca\\\/#website\",\"url\":\"https:\\\/\\\/ksproducts.ca\\\/\",\"name\":\"Ks Products\",\"description\":\"Outdoor cooking and living, made easy in Canada\",\"publisher\":{\"@id\":\"https:\\\/\\\/ksproducts.ca\\\/#organization\"},\"potentialAction\":[{\"@type\":\"SearchAction\",\"target\":{\"@type\":\"EntryPoint\",\"urlTemplate\":\"https:\\\/\\\/ksproducts.ca\\\/?s={search_term_string}\"},\"query-input\":{\"@type\":\"PropertyValueSpecification\",\"valueRequired\":true,\"valueName\":\"search_term_string\"}}],\"inLanguage\":\"fr-CA\"},{\"@type\":\"Organization\",\"@id\":\"https:\\\/\\\/ksproducts.ca\\\/#organization\",\"name\":\"Ks Products\",\"url\":\"https:\\\/\\\/ksproducts.ca\\\/\",\"logo\":{\"@type\":\"ImageObject\",\"inLanguage\":\"fr-CA\",\"@id\":\"https:\\\/\\\/ksproducts.ca\\\/#\\\/schema\\\/logo\\\/image\\\/\",\"url\":\"https:\\\/\\\/ksproducts.ca\\\/wp-content\\\/uploads\\\/2023\\\/09\\\/Kennedy-Sales-Logo-header-1.png\",\"contentUrl\":\"https:\\\/\\\/ksproducts.ca\\\/wp-content\\\/uploads\\\/2023\\\/09\\\/Kennedy-Sales-Logo-header-1.png\",\"width\":150,\"height\":77,\"caption\":\"Ks Products\"},\"image\":{\"@id\":\"https:\\\/\\\/ksproducts.ca\\\/#\\\/schema\\\/logo\\\/image\\\/\"}}]}<\/script>\n<!-- \/ Yoast SEO plugin. -->","yoast_head_json":{"title":"Kit de nettoyage Blackstone Camping Series - Ks Products","robots":{"index":"index","follow":"follow","max-snippet":"max-snippet:-1","max-image-preview":"max-image-preview:large","max-video-preview":"max-video-preview:-1"},"canonical":"https:\/\/ksproducts.ca\/fr\/product\/kit-de-nettoyage-blackstone-camping-series\/","og_locale":"fr_CA","og_type":"article","og_title":"Blackstone Camping Series Cleaning Kit - Ks Products","og_description":"Kit includes a stainless-steel griddle scraper (Qty. 1), 8 oz. leak-resistant flip top squeeze bottles (Qty. 2), and scrub pads (Qty. 3) with a scrub pad handle (Qty. 1)  Not compatible with ceramic titanium-coated griddle tops  Compact design for easier transportation and storage","og_url":"https:\/\/ksproducts.ca\/fr\/product\/kit-de-nettoyage-blackstone-camping-series\/","og_site_name":"Ks Products","article_modified_time":"2026-03-06T14:14:47+00:00","og_image":[{"width":618,"height":399,"url":"https:\/\/ksproducts.ca\/wp-content\/uploads\/2026\/03\/Blackstone-Camping-Series-Cleaning-Kit-1.jpg","type":"image\/jpeg"}],"twitter_card":"summary_large_image","twitter_misc":{"Estimation du temps de lecture":"1 minute"},"schema":{"@context":"https:\/\/schema.org","@graph":[{"@type":"WebPage","@id":"https:\/\/ksproducts.ca\/product\/blackstone-camping-series-cleaning-kit\/","url":"https:\/\/ksproducts.ca\/product\/blackstone-camping-series-cleaning-kit\/","name":"Kit de nettoyage Blackstone Camping Series - Ks Products","isPartOf":{"@id":"https:\/\/ksproducts.ca\/#website"},"primaryImageOfPage":{"@id":"https:\/\/ksproducts.ca\/product\/blackstone-camping-series-cleaning-kit\/#primaryimage"},"image":{"@id":"https:\/\/ksproducts.ca\/product\/blackstone-camping-series-cleaning-kit\/#primaryimage"},"thumbnailUrl":"https:\/\/ksproducts.ca\/wp-content\/uploads\/2026\/03\/Blackstone-Camping-Series-Cleaning-Kit-1.jpg","datePublished":"2026-03-06T14:14:46+00:00","dateModified":"2026-03-06T14:14:47+00:00","breadcrumb":{"@id":"https:\/\/ksproducts.ca\/product\/blackstone-camping-series-cleaning-kit\/#breadcrumb"},"inLanguage":"fr-CA","potentialAction":[{"@type":"ReadAction","target":["https:\/\/ksproducts.ca\/product\/blackstone-camping-series-cleaning-kit\/"]}]},{"@type":"ImageObject","inLanguage":"fr-CA","@id":"https:\/\/ksproducts.ca\/product\/blackstone-camping-series-cleaning-kit\/#primaryimage","url":"https:\/\/ksproducts.ca\/wp-content\/uploads\/2026\/03\/Blackstone-Camping-Series-Cleaning-Kit-1.jpg","contentUrl":"https:\/\/ksproducts.ca\/wp-content\/uploads\/2026\/03\/Blackstone-Camping-Series-Cleaning-Kit-1.jpg","width":618,"height":399,"caption":"Blackstone Camping Series Cleaning Kit"},{"@type":"BreadcrumbList","@id":"https:\/\/ksproducts.ca\/product\/blackstone-camping-series-cleaning-kit\/#breadcrumb","itemListElement":[{"@type":"ListItem","position":1,"name":"Home","item":"https:\/\/ksproducts.ca\/"},{"@type":"ListItem","position":2,"name":"Shop","item":"https:\/\/ksproducts.ca\/shop\/"},{"@type":"ListItem","position":3,"name":"Blackstone Camping Series Cleaning Kit"}]},{"@type":"WebSite","@id":"https:\/\/ksproducts.ca\/#website","url":"https:\/\/ksproducts.ca\/","name":"Produits Ks","description":"Cuisiner et vivre en plein air, c'est facile au Canada","publisher":{"@id":"https:\/\/ksproducts.ca\/#organization"},"potentialAction":[{"@type":"SearchAction","target":{"@type":"EntryPoint","urlTemplate":"https:\/\/ksproducts.ca\/?s={search_term_string}"},"query-input":{"@type":"PropertyValueSpecification","valueRequired":true,"valueName":"search_term_string"}}],"inLanguage":"fr-CA"},{"@type":"Organization","@id":"https:\/\/ksproducts.ca\/#organization","name":"Produits Ks","url":"https:\/\/ksproducts.ca\/","logo":{"@type":"ImageObject","inLanguage":"fr-CA","@id":"https:\/\/ksproducts.ca\/#\/schema\/logo\/image\/","url":"https:\/\/ksproducts.ca\/wp-content\/uploads\/2023\/09\/Kennedy-Sales-Logo-header-1.png","contentUrl":"https:\/\/ksproducts.ca\/wp-content\/uploads\/2023\/09\/Kennedy-Sales-Logo-header-1.png","width":150,"height":77,"caption":"Ks Products"},"image":{"@id":"https:\/\/ksproducts.ca\/#\/schema\/logo\/image\/"}}]}},"_links":{"self":[{"href":"https:\/\/ksproducts.ca\/fr\/wp-json\/wp\/v2\/product\/11821","targetHints":{"allow":["GET"]}}],"collection":[{"href":"https:\/\/ksproducts.ca\/fr\/wp-json\/wp\/v2\/product"}],"about":[{"href":"https:\/\/ksproducts.ca\/fr\/wp-json\/wp\/v2\/types\/product"}],"replies":[{"embeddable":true,"href":"https:\/\/ksproducts.ca\/fr\/wp-json\/wp\/v2\/comments?post=11821"}],"version-history":[{"count":1,"href":"https:\/\/ksproducts.ca\/fr\/wp-json\/wp\/v2\/product\/11821\/revisions"}],"predecessor-version":[{"id":11824,"href":"https:\/\/ksproducts.ca\/fr\/wp-json\/wp\/v2\/product\/11821\/revisions\/11824"}],"wp:featuredmedia":[{"embeddable":true,"href":"https:\/\/ksproducts.ca\/fr\/wp-json\/wp\/v2\/media\/11823"}],"wp:attachment":[{"href":"https:\/\/ksproducts.ca\/fr\/wp-json\/wp\/v2\/media?parent=11821"}],"wp:term":[{"taxonomy":"product_cat","embeddable":true,"href":"https:\/\/ksproducts.ca\/fr\/wp-json\/wp\/v2\/product_cat?post=11821"},{"taxonomy":"product_tag","embeddable":true,"href":"https:\/\/ksproducts.ca\/fr\/wp-json\/wp\/v2\/product_tag?post=11821"}],"curies":[{"name":"wp","href":"https:\/\/api.w.org\/{rel}","templated":true}]}}