{"id":11828,"date":"2026-03-06T14:25:05","date_gmt":"2026-03-06T14:25:05","guid":{"rendered":"https:\/\/ksproducts.ca\/?post_type=product&#038;p=11828"},"modified":"2026-03-06T14:25:05","modified_gmt":"2026-03-06T14:25:05","slug":"blackstone-adventure-ready-dome-de-mouillage-pliable-en-silicone","status":"publish","type":"product","link":"https:\/\/ksproducts.ca\/fr\/product\/blackstone-adventure-ready-collapsable-silicone-basting-dome\/","title":{"rendered":"Blackstone Adventure Ready D\u00f4me \u00e0 r\u00f4tir pliable en silicone"},"content":{"rendered":"<ul class=\"sc-eJRTFu jFgyke pf-48_ acumin\" data-pf-type=\"MetafieldValue\">\n<li class=\"sc-dtDOqo bEUZPZ metafield-list.single_line_text_field\">Conception pliable en silicone et nylon pour pouvoir voyager partout.<\/li>\n<li class=\"sc-dtDOqo bEUZPZ metafield-list.single_line_text_field\">Comprend une poign\u00e9e basse qui vous permet de le d\u00e9placer facilement sans ajouter de hauteur suppl\u00e9mentaire.<\/li>\n<li class=\"sc-dtDOqo bEUZPZ metafield-list.single_line_text_field\">Retourner le plat et l'utiliser comme bol de service une fois la cuisson termin\u00e9e, afin de r\u00e9duire la quantit\u00e9 de nourriture.<\/li>\n<li class=\"sc-dtDOqo bEUZPZ metafield-list.single_line_text_field\">Aide \u00e0 garder les aliments juteux et humides en emprisonnant efficacement la chaleur<\/li>\n<li class=\"sc-dtDOqo bEUZPZ metafield-list.single_line_text_field\">Faire fondre efficacement le fromage ou cuire les l\u00e9gumes \u00e0 la vapeur<\/li>\n<li class=\"sc-dtDOqo bEUZPZ metafield-list.single_line_text_field\">Garantie limit\u00e9e de 1 an<\/li>\n<\/ul>","protected":false},"excerpt":{"rendered":"<p>Blackstone sait que les meilleurs plats ne sont pas les m\u00eames sans arrosage, mais les housses d'arrosage traditionnelles sont encombrantes \u00e0 ranger. D\u00e9sormais, gr\u00e2ce \u00e0 la technologie de pliage \u00e0 plat, vous pouvez emporter partout la housse \u00e0 badigeonner pliable Adventure Ready de Blackstone. Cette housse ne se contente pas de garder vos aliments humides, elle emp\u00eache \u00e9galement les \u00e9claboussures de graisse et peut \u00eatre retourn\u00e9e pour servir de bol de service, ce qui vous permet d'avoir moins de choses \u00e0 emporter et moins de vaisselle \u00e0 laver. Les mat\u00e9riaux en silicone et en nylon sont durables et dot\u00e9s d'une technologie peu encombrante pour un rangement facile. C'est un accessoire de cuisine que vous devez avoir dans votre trousse \u00e0 outils !<\/p>","protected":false},"featured_media":11829,"comment_status":"open","ping_status":"closed","template":"","meta":[],"product_cat":[437],"product_tag":[],"class_list":{"0":"post-11828","1":"product","2":"type-product","3":"status-publish","4":"has-post-thumbnail","6":"product_cat-covers-cases","7":"product_shipping_class-class-1","9":"first","10":"instock","11":"taxable","12":"shipping-taxable","13":"purchasable","14":"product-type-simple"},"yoast_head":"<!-- This site is optimized with the Yoast SEO plugin v27.3 - https:\/\/yoast.com\/product\/yoast-seo-wordpress\/ -->\n<title>Blackstone Adventure Ready Collapsable Silicone Basting Dome - Ks Products<\/title>\n<meta name=\"robots\" content=\"index, follow, max-snippet:-1, max-image-preview:large, max-video-preview:-1\" \/>\n<link rel=\"canonical\" href=\"https:\/\/ksproducts.ca\/fr\/product\/blackstone-adventure-ready-dome-de-mouillage-pliable-en-silicone\/\" \/>\n<meta property=\"og:locale\" content=\"fr_CA\" \/>\n<meta property=\"og:type\" content=\"article\" \/>\n<meta property=\"og:title\" content=\"Blackstone Adventure Ready Collapsable Silicone Basting Dome - Ks Products\" \/>\n<meta property=\"og:description\" content=\"Blackstone knows the best foods aren\u2019t the same without basting but traditional basting covers are bulky to store. Now you can take the Blackstone Adventure Ready Collapsible Basting Cover with you anywhere, thanks to fold-flat technology. This basting cover does more than just keep your food moist, it also prevents grease splattering and can be flipped upside down to use as a serving bowl so you have less to pack and fewer dishes to wash. The silicone and nylon materials are durable and made with space-saving technology for easy storability. This is one cooking accessory you\u2019ve got to have in your tool kit!\" \/>\n<meta property=\"og:url\" content=\"https:\/\/ksproducts.ca\/fr\/product\/blackstone-adventure-ready-dome-de-mouillage-pliable-en-silicone\/\" \/>\n<meta property=\"og:site_name\" content=\"Ks Products\" \/>\n<meta property=\"og:image\" content=\"https:\/\/ksproducts.ca\/wp-content\/uploads\/2026\/03\/Blackstone-Adventure-Ready-Collapsable-Silicone-Basting-Dome.jpg\" \/>\n\t<meta property=\"og:image:width\" content=\"800\" \/>\n\t<meta property=\"og:image:height\" content=\"800\" \/>\n\t<meta property=\"og:image:type\" content=\"image\/jpeg\" \/>\n<meta name=\"twitter:card\" content=\"summary_large_image\" \/>\n<meta name=\"twitter:label1\" content=\"Estimation du temps de lecture\" \/>\n\t<meta name=\"twitter:data1\" content=\"1 minute\" \/>\n<script type=\"application\/ld+json\" class=\"yoast-schema-graph\">{\"@context\":\"https:\\\/\\\/schema.org\",\"@graph\":[{\"@type\":\"WebPage\",\"@id\":\"https:\\\/\\\/ksproducts.ca\\\/product\\\/blackstone-adventure-ready-collapsable-silicone-basting-dome\\\/\",\"url\":\"https:\\\/\\\/ksproducts.ca\\\/product\\\/blackstone-adventure-ready-collapsable-silicone-basting-dome\\\/\",\"name\":\"Blackstone Adventure Ready Collapsable Silicone Basting Dome - Ks Products\",\"isPartOf\":{\"@id\":\"https:\\\/\\\/ksproducts.ca\\\/#website\"},\"primaryImageOfPage\":{\"@id\":\"https:\\\/\\\/ksproducts.ca\\\/product\\\/blackstone-adventure-ready-collapsable-silicone-basting-dome\\\/#primaryimage\"},\"image\":{\"@id\":\"https:\\\/\\\/ksproducts.ca\\\/product\\\/blackstone-adventure-ready-collapsable-silicone-basting-dome\\\/#primaryimage\"},\"thumbnailUrl\":\"https:\\\/\\\/ksproducts.ca\\\/wp-content\\\/uploads\\\/2026\\\/03\\\/Blackstone-Adventure-Ready-Collapsable-Silicone-Basting-Dome.jpg\",\"datePublished\":\"2026-03-06T14:25:05+00:00\",\"breadcrumb\":{\"@id\":\"https:\\\/\\\/ksproducts.ca\\\/product\\\/blackstone-adventure-ready-collapsable-silicone-basting-dome\\\/#breadcrumb\"},\"inLanguage\":\"fr-CA\",\"potentialAction\":[{\"@type\":\"ReadAction\",\"target\":[\"https:\\\/\\\/ksproducts.ca\\\/product\\\/blackstone-adventure-ready-collapsable-silicone-basting-dome\\\/\"]}]},{\"@type\":\"ImageObject\",\"inLanguage\":\"fr-CA\",\"@id\":\"https:\\\/\\\/ksproducts.ca\\\/product\\\/blackstone-adventure-ready-collapsable-silicone-basting-dome\\\/#primaryimage\",\"url\":\"https:\\\/\\\/ksproducts.ca\\\/wp-content\\\/uploads\\\/2026\\\/03\\\/Blackstone-Adventure-Ready-Collapsable-Silicone-Basting-Dome.jpg\",\"contentUrl\":\"https:\\\/\\\/ksproducts.ca\\\/wp-content\\\/uploads\\\/2026\\\/03\\\/Blackstone-Adventure-Ready-Collapsable-Silicone-Basting-Dome.jpg\",\"width\":800,\"height\":800,\"caption\":\"Blackstone Adventure Ready Collapsable Silicone Basting Dome\"},{\"@type\":\"BreadcrumbList\",\"@id\":\"https:\\\/\\\/ksproducts.ca\\\/product\\\/blackstone-adventure-ready-collapsable-silicone-basting-dome\\\/#breadcrumb\",\"itemListElement\":[{\"@type\":\"ListItem\",\"position\":1,\"name\":\"Home\",\"item\":\"https:\\\/\\\/ksproducts.ca\\\/\"},{\"@type\":\"ListItem\",\"position\":2,\"name\":\"Shop\",\"item\":\"https:\\\/\\\/ksproducts.ca\\\/shop\\\/\"},{\"@type\":\"ListItem\",\"position\":3,\"name\":\"Blackstone Adventure Ready Collapsable Silicone Basting Dome\"}]},{\"@type\":\"WebSite\",\"@id\":\"https:\\\/\\\/ksproducts.ca\\\/#website\",\"url\":\"https:\\\/\\\/ksproducts.ca\\\/\",\"name\":\"Ks Products\",\"description\":\"Outdoor cooking and living, made easy in Canada\",\"publisher\":{\"@id\":\"https:\\\/\\\/ksproducts.ca\\\/#organization\"},\"potentialAction\":[{\"@type\":\"SearchAction\",\"target\":{\"@type\":\"EntryPoint\",\"urlTemplate\":\"https:\\\/\\\/ksproducts.ca\\\/?s={search_term_string}\"},\"query-input\":{\"@type\":\"PropertyValueSpecification\",\"valueRequired\":true,\"valueName\":\"search_term_string\"}}],\"inLanguage\":\"fr-CA\"},{\"@type\":\"Organization\",\"@id\":\"https:\\\/\\\/ksproducts.ca\\\/#organization\",\"name\":\"Ks Products\",\"url\":\"https:\\\/\\\/ksproducts.ca\\\/\",\"logo\":{\"@type\":\"ImageObject\",\"inLanguage\":\"fr-CA\",\"@id\":\"https:\\\/\\\/ksproducts.ca\\\/#\\\/schema\\\/logo\\\/image\\\/\",\"url\":\"https:\\\/\\\/ksproducts.ca\\\/wp-content\\\/uploads\\\/2023\\\/09\\\/Kennedy-Sales-Logo-header-1.png\",\"contentUrl\":\"https:\\\/\\\/ksproducts.ca\\\/wp-content\\\/uploads\\\/2023\\\/09\\\/Kennedy-Sales-Logo-header-1.png\",\"width\":150,\"height\":77,\"caption\":\"Ks Products\"},\"image\":{\"@id\":\"https:\\\/\\\/ksproducts.ca\\\/#\\\/schema\\\/logo\\\/image\\\/\"}}]}<\/script>\n<!-- \/ Yoast SEO plugin. -->","yoast_head_json":{"title":"Blackstone Adventure Ready D\u00f4me \u00e0 r\u00f4tir pliable en silicone - Ks Products","robots":{"index":"index","follow":"follow","max-snippet":"max-snippet:-1","max-image-preview":"max-image-preview:large","max-video-preview":"max-video-preview:-1"},"canonical":"https:\/\/ksproducts.ca\/fr\/product\/blackstone-adventure-ready-dome-de-mouillage-pliable-en-silicone\/","og_locale":"fr_CA","og_type":"article","og_title":"Blackstone Adventure Ready Collapsable Silicone Basting Dome - Ks Products","og_description":"Blackstone knows the best foods aren\u2019t the same without basting but traditional basting covers are bulky to store. Now you can take the Blackstone Adventure Ready Collapsible Basting Cover with you anywhere, thanks to fold-flat technology. This basting cover does more than just keep your food moist, it also prevents grease splattering and can be flipped upside down to use as a serving bowl so you have less to pack and fewer dishes to wash. The silicone and nylon materials are durable and made with space-saving technology for easy storability. This is one cooking accessory you\u2019ve got to have in your tool kit!","og_url":"https:\/\/ksproducts.ca\/fr\/product\/blackstone-adventure-ready-dome-de-mouillage-pliable-en-silicone\/","og_site_name":"Ks Products","og_image":[{"width":800,"height":800,"url":"https:\/\/ksproducts.ca\/wp-content\/uploads\/2026\/03\/Blackstone-Adventure-Ready-Collapsable-Silicone-Basting-Dome.jpg","type":"image\/jpeg"}],"twitter_card":"summary_large_image","twitter_misc":{"Estimation du temps de lecture":"1 minute"},"schema":{"@context":"https:\/\/schema.org","@graph":[{"@type":"WebPage","@id":"https:\/\/ksproducts.ca\/product\/blackstone-adventure-ready-collapsable-silicone-basting-dome\/","url":"https:\/\/ksproducts.ca\/product\/blackstone-adventure-ready-collapsable-silicone-basting-dome\/","name":"Blackstone Adventure Ready D\u00f4me \u00e0 r\u00f4tir pliable en silicone - Ks Products","isPartOf":{"@id":"https:\/\/ksproducts.ca\/#website"},"primaryImageOfPage":{"@id":"https:\/\/ksproducts.ca\/product\/blackstone-adventure-ready-collapsable-silicone-basting-dome\/#primaryimage"},"image":{"@id":"https:\/\/ksproducts.ca\/product\/blackstone-adventure-ready-collapsable-silicone-basting-dome\/#primaryimage"},"thumbnailUrl":"https:\/\/ksproducts.ca\/wp-content\/uploads\/2026\/03\/Blackstone-Adventure-Ready-Collapsable-Silicone-Basting-Dome.jpg","datePublished":"2026-03-06T14:25:05+00:00","breadcrumb":{"@id":"https:\/\/ksproducts.ca\/product\/blackstone-adventure-ready-collapsable-silicone-basting-dome\/#breadcrumb"},"inLanguage":"fr-CA","potentialAction":[{"@type":"ReadAction","target":["https:\/\/ksproducts.ca\/product\/blackstone-adventure-ready-collapsable-silicone-basting-dome\/"]}]},{"@type":"ImageObject","inLanguage":"fr-CA","@id":"https:\/\/ksproducts.ca\/product\/blackstone-adventure-ready-collapsable-silicone-basting-dome\/#primaryimage","url":"https:\/\/ksproducts.ca\/wp-content\/uploads\/2026\/03\/Blackstone-Adventure-Ready-Collapsable-Silicone-Basting-Dome.jpg","contentUrl":"https:\/\/ksproducts.ca\/wp-content\/uploads\/2026\/03\/Blackstone-Adventure-Ready-Collapsable-Silicone-Basting-Dome.jpg","width":800,"height":800,"caption":"Blackstone Adventure Ready Collapsable Silicone Basting Dome"},{"@type":"BreadcrumbList","@id":"https:\/\/ksproducts.ca\/product\/blackstone-adventure-ready-collapsable-silicone-basting-dome\/#breadcrumb","itemListElement":[{"@type":"ListItem","position":1,"name":"Home","item":"https:\/\/ksproducts.ca\/"},{"@type":"ListItem","position":2,"name":"Shop","item":"https:\/\/ksproducts.ca\/shop\/"},{"@type":"ListItem","position":3,"name":"Blackstone Adventure Ready Collapsable Silicone Basting Dome"}]},{"@type":"WebSite","@id":"https:\/\/ksproducts.ca\/#website","url":"https:\/\/ksproducts.ca\/","name":"Produits Ks","description":"Cuisiner et vivre en plein air, c'est facile au Canada","publisher":{"@id":"https:\/\/ksproducts.ca\/#organization"},"potentialAction":[{"@type":"SearchAction","target":{"@type":"EntryPoint","urlTemplate":"https:\/\/ksproducts.ca\/?s={search_term_string}"},"query-input":{"@type":"PropertyValueSpecification","valueRequired":true,"valueName":"search_term_string"}}],"inLanguage":"fr-CA"},{"@type":"Organization","@id":"https:\/\/ksproducts.ca\/#organization","name":"Produits Ks","url":"https:\/\/ksproducts.ca\/","logo":{"@type":"ImageObject","inLanguage":"fr-CA","@id":"https:\/\/ksproducts.ca\/#\/schema\/logo\/image\/","url":"https:\/\/ksproducts.ca\/wp-content\/uploads\/2023\/09\/Kennedy-Sales-Logo-header-1.png","contentUrl":"https:\/\/ksproducts.ca\/wp-content\/uploads\/2023\/09\/Kennedy-Sales-Logo-header-1.png","width":150,"height":77,"caption":"Ks Products"},"image":{"@id":"https:\/\/ksproducts.ca\/#\/schema\/logo\/image\/"}}]}},"_links":{"self":[{"href":"https:\/\/ksproducts.ca\/fr\/wp-json\/wp\/v2\/product\/11828","targetHints":{"allow":["GET"]}}],"collection":[{"href":"https:\/\/ksproducts.ca\/fr\/wp-json\/wp\/v2\/product"}],"about":[{"href":"https:\/\/ksproducts.ca\/fr\/wp-json\/wp\/v2\/types\/product"}],"replies":[{"embeddable":true,"href":"https:\/\/ksproducts.ca\/fr\/wp-json\/wp\/v2\/comments?post=11828"}],"version-history":[{"count":1,"href":"https:\/\/ksproducts.ca\/fr\/wp-json\/wp\/v2\/product\/11828\/revisions"}],"predecessor-version":[{"id":11830,"href":"https:\/\/ksproducts.ca\/fr\/wp-json\/wp\/v2\/product\/11828\/revisions\/11830"}],"wp:featuredmedia":[{"embeddable":true,"href":"https:\/\/ksproducts.ca\/fr\/wp-json\/wp\/v2\/media\/11829"}],"wp:attachment":[{"href":"https:\/\/ksproducts.ca\/fr\/wp-json\/wp\/v2\/media?parent=11828"}],"wp:term":[{"taxonomy":"product_cat","embeddable":true,"href":"https:\/\/ksproducts.ca\/fr\/wp-json\/wp\/v2\/product_cat?post=11828"},{"taxonomy":"product_tag","embeddable":true,"href":"https:\/\/ksproducts.ca\/fr\/wp-json\/wp\/v2\/product_tag?post=11828"}],"curies":[{"name":"wp","href":"https:\/\/api.w.org\/{rel}","templated":true}]}}