{"id":11831,"date":"2026-03-06T14:30:07","date_gmt":"2026-03-06T14:30:07","guid":{"rendered":"https:\/\/ksproducts.ca\/?post_type=product&#038;p=11831"},"modified":"2026-03-06T14:30:07","modified_gmt":"2026-03-06T14:30:07","slug":"blackstone-adventure-ready-series-bacs-a-graisse-arriere","status":"publish","type":"product","link":"https:\/\/ksproducts.ca\/fr\/product\/blackstone-adventure-ready-series-rear-grease-cup-liners\/","title":{"rendered":"S\u00e9rie Adventure Ready de Blackstone Liners pour bacs \u00e0 graisse arri\u00e8re"},"content":{"rendered":"<ul>\n<li data-section-id=\"f2x41q\" data-start=\"262\" data-end=\"323\">\n<p data-start=\"264\" data-end=\"323\">Paquet de 10 gobelets \u00e0 graisse jetables pour un nettoyage facile<\/p>\n<\/li>\n<li data-section-id=\"762sxf\" data-start=\"324\" data-end=\"368\">\n<p data-start=\"326\" data-end=\"368\">Con\u00e7u pour les syst\u00e8mes de graissage arri\u00e8re<\/p>\n<\/li>\n<li data-section-id=\"frx72p\" data-start=\"369\" data-end=\"420\">\n<p data-start=\"371\" data-end=\"420\">Compatible avec les grils de camping Blackstone<\/p>\n<\/li>\n<li data-section-id=\"1ttjnao\" data-start=\"421\" data-end=\"477\">\n<p data-start=\"423\" data-end=\"477\">Permet de r\u00e9duire le d\u00e9sordre et le temps de nettoyage apr\u00e8s la cuisson<\/p>\n<\/li>\n<li data-section-id=\"ov4i7j\" data-start=\"478\" data-end=\"563\" data-is-last-node=\"\">\n<p data-start=\"480\" data-end=\"563\" data-is-last-node=\"\">Pratique pour le camping et la cuisine en plein air, il suffit de le remplacer et de le jeter apr\u00e8s usage.<\/p>\n<\/li>\n<\/ul>","protected":false},"excerpt":{"rendered":"<p>Le nettoyage est rapide et facile gr\u00e2ce aux rev\u00eatements pour bacs \u00e0 graisse Camp Griddle. Ces doublures jetables s'adaptent au bac \u00e0 graisse arri\u00e8re des plaques de cuisson de camping compatibles, vous aidant \u00e0 recueillir la graisse tout en r\u00e9duisant le temps de nettoyage apr\u00e8s la cuisson.<\/p>","protected":false},"featured_media":11832,"comment_status":"open","ping_status":"closed","template":"","meta":[],"product_cat":[438],"product_tag":[],"class_list":{"0":"post-11831","1":"product","2":"type-product","3":"status-publish","4":"has-post-thumbnail","6":"product_cat-tools-kits","7":"product_shipping_class-class-1","9":"first","10":"instock","11":"taxable","12":"shipping-taxable","13":"purchasable","14":"product-type-simple"},"yoast_head":"<!-- This site is optimized with the Yoast SEO plugin v27.3 - https:\/\/yoast.com\/product\/yoast-seo-wordpress\/ -->\n<title>Blackstone Adventure Ready Series Rear Grease Cup Liners - Ks Products<\/title>\n<meta name=\"robots\" content=\"index, follow, max-snippet:-1, max-image-preview:large, max-video-preview:-1\" \/>\n<link rel=\"canonical\" href=\"https:\/\/ksproducts.ca\/fr\/product\/blackstone-adventure-ready-series-bacs-a-graisse-arriere\/\" \/>\n<meta property=\"og:locale\" content=\"fr_CA\" \/>\n<meta property=\"og:type\" content=\"article\" \/>\n<meta property=\"og:title\" content=\"Blackstone Adventure Ready Series Rear Grease Cup Liners - Ks Products\" \/>\n<meta property=\"og:description\" content=\"Make cleanup quick and easy with Camp Griddle Grease Cup Liners. These disposable liners fit the rear grease cup of compatible camping griddles, helping you collect grease while reducing post-cooking cleanup time.\" \/>\n<meta property=\"og:url\" content=\"https:\/\/ksproducts.ca\/fr\/product\/blackstone-adventure-ready-series-bacs-a-graisse-arriere\/\" \/>\n<meta property=\"og:site_name\" content=\"Ks Products\" \/>\n<meta property=\"og:image\" content=\"https:\/\/ksproducts.ca\/wp-content\/uploads\/2026\/03\/Blackstone-Adventure-Ready-Series-Rear-Grease-Cup-Liners.png\" \/>\n\t<meta property=\"og:image:width\" content=\"485\" \/>\n\t<meta property=\"og:image:height\" content=\"455\" \/>\n\t<meta property=\"og:image:type\" content=\"image\/png\" \/>\n<meta name=\"twitter:card\" content=\"summary_large_image\" \/>\n<meta name=\"twitter:label1\" content=\"Estimation du temps de lecture\" \/>\n\t<meta name=\"twitter:data1\" content=\"1 minute\" \/>\n<script type=\"application\/ld+json\" class=\"yoast-schema-graph\">{\"@context\":\"https:\\\/\\\/schema.org\",\"@graph\":[{\"@type\":\"WebPage\",\"@id\":\"https:\\\/\\\/ksproducts.ca\\\/product\\\/blackstone-adventure-ready-series-rear-grease-cup-liners\\\/\",\"url\":\"https:\\\/\\\/ksproducts.ca\\\/product\\\/blackstone-adventure-ready-series-rear-grease-cup-liners\\\/\",\"name\":\"Blackstone Adventure Ready Series Rear Grease Cup Liners - Ks Products\",\"isPartOf\":{\"@id\":\"https:\\\/\\\/ksproducts.ca\\\/#website\"},\"primaryImageOfPage\":{\"@id\":\"https:\\\/\\\/ksproducts.ca\\\/product\\\/blackstone-adventure-ready-series-rear-grease-cup-liners\\\/#primaryimage\"},\"image\":{\"@id\":\"https:\\\/\\\/ksproducts.ca\\\/product\\\/blackstone-adventure-ready-series-rear-grease-cup-liners\\\/#primaryimage\"},\"thumbnailUrl\":\"https:\\\/\\\/ksproducts.ca\\\/wp-content\\\/uploads\\\/2026\\\/03\\\/Blackstone-Adventure-Ready-Series-Rear-Grease-Cup-Liners.png\",\"datePublished\":\"2026-03-06T14:30:07+00:00\",\"breadcrumb\":{\"@id\":\"https:\\\/\\\/ksproducts.ca\\\/product\\\/blackstone-adventure-ready-series-rear-grease-cup-liners\\\/#breadcrumb\"},\"inLanguage\":\"fr-CA\",\"potentialAction\":[{\"@type\":\"ReadAction\",\"target\":[\"https:\\\/\\\/ksproducts.ca\\\/product\\\/blackstone-adventure-ready-series-rear-grease-cup-liners\\\/\"]}]},{\"@type\":\"ImageObject\",\"inLanguage\":\"fr-CA\",\"@id\":\"https:\\\/\\\/ksproducts.ca\\\/product\\\/blackstone-adventure-ready-series-rear-grease-cup-liners\\\/#primaryimage\",\"url\":\"https:\\\/\\\/ksproducts.ca\\\/wp-content\\\/uploads\\\/2026\\\/03\\\/Blackstone-Adventure-Ready-Series-Rear-Grease-Cup-Liners.png\",\"contentUrl\":\"https:\\\/\\\/ksproducts.ca\\\/wp-content\\\/uploads\\\/2026\\\/03\\\/Blackstone-Adventure-Ready-Series-Rear-Grease-Cup-Liners.png\",\"width\":485,\"height\":455,\"caption\":\"Blackstone Adventure Ready Series Rear Grease Cup Liners\"},{\"@type\":\"BreadcrumbList\",\"@id\":\"https:\\\/\\\/ksproducts.ca\\\/product\\\/blackstone-adventure-ready-series-rear-grease-cup-liners\\\/#breadcrumb\",\"itemListElement\":[{\"@type\":\"ListItem\",\"position\":1,\"name\":\"Home\",\"item\":\"https:\\\/\\\/ksproducts.ca\\\/\"},{\"@type\":\"ListItem\",\"position\":2,\"name\":\"Shop\",\"item\":\"https:\\\/\\\/ksproducts.ca\\\/shop\\\/\"},{\"@type\":\"ListItem\",\"position\":3,\"name\":\"Blackstone Adventure Ready Series Rear Grease Cup Liners\"}]},{\"@type\":\"WebSite\",\"@id\":\"https:\\\/\\\/ksproducts.ca\\\/#website\",\"url\":\"https:\\\/\\\/ksproducts.ca\\\/\",\"name\":\"Ks Products\",\"description\":\"Outdoor cooking and living, made easy in Canada\",\"publisher\":{\"@id\":\"https:\\\/\\\/ksproducts.ca\\\/#organization\"},\"potentialAction\":[{\"@type\":\"SearchAction\",\"target\":{\"@type\":\"EntryPoint\",\"urlTemplate\":\"https:\\\/\\\/ksproducts.ca\\\/?s={search_term_string}\"},\"query-input\":{\"@type\":\"PropertyValueSpecification\",\"valueRequired\":true,\"valueName\":\"search_term_string\"}}],\"inLanguage\":\"fr-CA\"},{\"@type\":\"Organization\",\"@id\":\"https:\\\/\\\/ksproducts.ca\\\/#organization\",\"name\":\"Ks Products\",\"url\":\"https:\\\/\\\/ksproducts.ca\\\/\",\"logo\":{\"@type\":\"ImageObject\",\"inLanguage\":\"fr-CA\",\"@id\":\"https:\\\/\\\/ksproducts.ca\\\/#\\\/schema\\\/logo\\\/image\\\/\",\"url\":\"https:\\\/\\\/ksproducts.ca\\\/wp-content\\\/uploads\\\/2023\\\/09\\\/Kennedy-Sales-Logo-header-1.png\",\"contentUrl\":\"https:\\\/\\\/ksproducts.ca\\\/wp-content\\\/uploads\\\/2023\\\/09\\\/Kennedy-Sales-Logo-header-1.png\",\"width\":150,\"height\":77,\"caption\":\"Ks Products\"},\"image\":{\"@id\":\"https:\\\/\\\/ksproducts.ca\\\/#\\\/schema\\\/logo\\\/image\\\/\"}}]}<\/script>\n<!-- \/ Yoast SEO plugin. -->","yoast_head_json":{"title":"Bacs \u00e0 graisse arri\u00e8re Blackstone Adventure Ready Series - Ks Products","robots":{"index":"index","follow":"follow","max-snippet":"max-snippet:-1","max-image-preview":"max-image-preview:large","max-video-preview":"max-video-preview:-1"},"canonical":"https:\/\/ksproducts.ca\/fr\/product\/blackstone-adventure-ready-series-bacs-a-graisse-arriere\/","og_locale":"fr_CA","og_type":"article","og_title":"Blackstone Adventure Ready Series Rear Grease Cup Liners - Ks Products","og_description":"Make cleanup quick and easy with Camp Griddle Grease Cup Liners. These disposable liners fit the rear grease cup of compatible camping griddles, helping you collect grease while reducing post-cooking cleanup time.","og_url":"https:\/\/ksproducts.ca\/fr\/product\/blackstone-adventure-ready-series-bacs-a-graisse-arriere\/","og_site_name":"Ks Products","og_image":[{"width":485,"height":455,"url":"https:\/\/ksproducts.ca\/wp-content\/uploads\/2026\/03\/Blackstone-Adventure-Ready-Series-Rear-Grease-Cup-Liners.png","type":"image\/png"}],"twitter_card":"summary_large_image","twitter_misc":{"Estimation du temps de lecture":"1 minute"},"schema":{"@context":"https:\/\/schema.org","@graph":[{"@type":"WebPage","@id":"https:\/\/ksproducts.ca\/product\/blackstone-adventure-ready-series-rear-grease-cup-liners\/","url":"https:\/\/ksproducts.ca\/product\/blackstone-adventure-ready-series-rear-grease-cup-liners\/","name":"Bacs \u00e0 graisse arri\u00e8re Blackstone Adventure Ready Series - Ks Products","isPartOf":{"@id":"https:\/\/ksproducts.ca\/#website"},"primaryImageOfPage":{"@id":"https:\/\/ksproducts.ca\/product\/blackstone-adventure-ready-series-rear-grease-cup-liners\/#primaryimage"},"image":{"@id":"https:\/\/ksproducts.ca\/product\/blackstone-adventure-ready-series-rear-grease-cup-liners\/#primaryimage"},"thumbnailUrl":"https:\/\/ksproducts.ca\/wp-content\/uploads\/2026\/03\/Blackstone-Adventure-Ready-Series-Rear-Grease-Cup-Liners.png","datePublished":"2026-03-06T14:30:07+00:00","breadcrumb":{"@id":"https:\/\/ksproducts.ca\/product\/blackstone-adventure-ready-series-rear-grease-cup-liners\/#breadcrumb"},"inLanguage":"fr-CA","potentialAction":[{"@type":"ReadAction","target":["https:\/\/ksproducts.ca\/product\/blackstone-adventure-ready-series-rear-grease-cup-liners\/"]}]},{"@type":"ImageObject","inLanguage":"fr-CA","@id":"https:\/\/ksproducts.ca\/product\/blackstone-adventure-ready-series-rear-grease-cup-liners\/#primaryimage","url":"https:\/\/ksproducts.ca\/wp-content\/uploads\/2026\/03\/Blackstone-Adventure-Ready-Series-Rear-Grease-Cup-Liners.png","contentUrl":"https:\/\/ksproducts.ca\/wp-content\/uploads\/2026\/03\/Blackstone-Adventure-Ready-Series-Rear-Grease-Cup-Liners.png","width":485,"height":455,"caption":"Blackstone Adventure Ready Series Rear Grease Cup Liners"},{"@type":"BreadcrumbList","@id":"https:\/\/ksproducts.ca\/product\/blackstone-adventure-ready-series-rear-grease-cup-liners\/#breadcrumb","itemListElement":[{"@type":"ListItem","position":1,"name":"Home","item":"https:\/\/ksproducts.ca\/"},{"@type":"ListItem","position":2,"name":"Shop","item":"https:\/\/ksproducts.ca\/shop\/"},{"@type":"ListItem","position":3,"name":"Blackstone Adventure Ready Series Rear Grease Cup Liners"}]},{"@type":"WebSite","@id":"https:\/\/ksproducts.ca\/#website","url":"https:\/\/ksproducts.ca\/","name":"Produits Ks","description":"Cuisiner et vivre en plein air, c'est facile au Canada","publisher":{"@id":"https:\/\/ksproducts.ca\/#organization"},"potentialAction":[{"@type":"SearchAction","target":{"@type":"EntryPoint","urlTemplate":"https:\/\/ksproducts.ca\/?s={search_term_string}"},"query-input":{"@type":"PropertyValueSpecification","valueRequired":true,"valueName":"search_term_string"}}],"inLanguage":"fr-CA"},{"@type":"Organization","@id":"https:\/\/ksproducts.ca\/#organization","name":"Produits Ks","url":"https:\/\/ksproducts.ca\/","logo":{"@type":"ImageObject","inLanguage":"fr-CA","@id":"https:\/\/ksproducts.ca\/#\/schema\/logo\/image\/","url":"https:\/\/ksproducts.ca\/wp-content\/uploads\/2023\/09\/Kennedy-Sales-Logo-header-1.png","contentUrl":"https:\/\/ksproducts.ca\/wp-content\/uploads\/2023\/09\/Kennedy-Sales-Logo-header-1.png","width":150,"height":77,"caption":"Ks Products"},"image":{"@id":"https:\/\/ksproducts.ca\/#\/schema\/logo\/image\/"}}]}},"_links":{"self":[{"href":"https:\/\/ksproducts.ca\/fr\/wp-json\/wp\/v2\/product\/11831","targetHints":{"allow":["GET"]}}],"collection":[{"href":"https:\/\/ksproducts.ca\/fr\/wp-json\/wp\/v2\/product"}],"about":[{"href":"https:\/\/ksproducts.ca\/fr\/wp-json\/wp\/v2\/types\/product"}],"replies":[{"embeddable":true,"href":"https:\/\/ksproducts.ca\/fr\/wp-json\/wp\/v2\/comments?post=11831"}],"version-history":[{"count":1,"href":"https:\/\/ksproducts.ca\/fr\/wp-json\/wp\/v2\/product\/11831\/revisions"}],"predecessor-version":[{"id":11833,"href":"https:\/\/ksproducts.ca\/fr\/wp-json\/wp\/v2\/product\/11831\/revisions\/11833"}],"wp:featuredmedia":[{"embeddable":true,"href":"https:\/\/ksproducts.ca\/fr\/wp-json\/wp\/v2\/media\/11832"}],"wp:attachment":[{"href":"https:\/\/ksproducts.ca\/fr\/wp-json\/wp\/v2\/media?parent=11831"}],"wp:term":[{"taxonomy":"product_cat","embeddable":true,"href":"https:\/\/ksproducts.ca\/fr\/wp-json\/wp\/v2\/product_cat?post=11831"},{"taxonomy":"product_tag","embeddable":true,"href":"https:\/\/ksproducts.ca\/fr\/wp-json\/wp\/v2\/product_tag?post=11831"}],"curies":[{"name":"wp","href":"https:\/\/api.w.org\/{rel}","templated":true}]}}