{"id":11834,"date":"2026-03-06T14:36:36","date_gmt":"2026-03-06T14:36:36","guid":{"rendered":"https:\/\/ksproducts.ca\/?post_type=product&#038;p=11834"},"modified":"2026-03-06T14:36:37","modified_gmt":"2026-03-06T14:36:37","slug":"blackstone-36inch-select-series-griddle-with-air-fryer","status":"publish","type":"product","link":"https:\/\/ksproducts.ca\/fr\/product\/blackstone-36inch-select-series-griddle-with-air-fryer\/","title":{"rendered":"Blackstone 36inch Select Series Griddle avec Air Fryer"},"content":{"rendered":"<ul class=\"sc-eJRTFu jFgyke pf-48_ acumin\" data-pf-type=\"MetafieldValue\">\n<li class=\"sc-dtDOqo bEUZPZ metafield-list.single_line_text_field\">Le tiroir du four \u00e0 convection atteint jusqu'\u00e0 500 degr\u00e9s Fahrenheit et dispose d'une interface intuitive \u00e0 \u00e9cran tactile et d'un moteur de 1350 watts.<\/li>\n<li class=\"sc-dtDOqo bEUZPZ metafield-list.single_line_text_field\">Roues pivotantes sur\u00e9lev\u00e9es<\/li>\n<li class=\"sc-dtDOqo bEUZPZ metafield-list.single_line_text_field\">Les tables lat\u00e9rales extensibles se soul\u00e8vent et se verrouillent pour offrir un espace de pr\u00e9paration de 1500 pouces carr\u00e9s.<\/li>\n<li class=\"sc-dtDOqo bEUZPZ metafield-list.single_line_text_field\">Tiroir de rangement extra-large<\/li>\n<li class=\"sc-dtDOqo bEUZPZ metafield-list.single_line_text_field\">Nouveau syst\u00e8me de fixation des poubelles<\/li>\n<li class=\"sc-dtDOqo bEUZPZ metafield-list.single_line_text_field\">Syst\u00e8me brevet\u00e9 de gestion des graisses \u00e0 l'arri\u00e8re<\/li>\n<\/ul>","protected":false},"excerpt":{"rendered":"<p>Entrez dans une nouvelle \u00e8re de commodit\u00e9 et d'excellence culinaires. La plaque de cuisson Blackstone Select 36\u201d avec four \u00e0 convection est la fusion d'un design r\u00e9fl\u00e9chi et d'une puissance culinaire. De la plaque de gril Omnivore \u00e0 haute efficacit\u00e9 au four \u00e0 convection \u00e0 haute puissance, vous aurez la possibilit\u00e9 de cr\u00e9er les plats pr\u00e9f\u00e9r\u00e9s de la famille \u00e0 chaque repas. La polyvalence du four \u00e0 convection est compl\u00e9t\u00e9e par l'interface intuitive de l'\u00e9cran tactile, qui vous permet de contr\u00f4ler avec pr\u00e9cision la plage de chaleur de 500 degr\u00e9s Fahrenheit. \u00c9quip\u00e9 de deux tables lat\u00e9rales extensibles - con\u00e7ues pour se soulever et se verrouiller en place - qui offrent un g\u00e9n\u00e9reux espace de 1500 pouces carr\u00e9s pour la pr\u00e9paration des aliments. Transformez votre cuisine ext\u00e9rieure en un paradis culinaire avec la plaque de cuisson Blackstone Select 36\u201d avec four \u00e0 convection.<\/p>","protected":false},"featured_media":11835,"comment_status":"open","ping_status":"closed","template":"","meta":[],"product_cat":[402],"product_tag":[],"class_list":{"0":"post-11834","1":"product","2":"type-product","3":"status-publish","4":"has-post-thumbnail","6":"product_cat-36-inch-griddle","7":"product_shipping_class-class-5","9":"first","10":"instock","11":"taxable","12":"shipping-taxable","13":"purchasable","14":"product-type-simple"},"yoast_head":"<!-- This site is optimized with the Yoast SEO plugin v27.3 - https:\/\/yoast.com\/product\/yoast-seo-wordpress\/ -->\n<title>Blackstone 36inch Select Series Griddle with Air Fryer - Ks Products<\/title>\n<meta name=\"robots\" content=\"index, follow, max-snippet:-1, max-image-preview:large, max-video-preview:-1\" \/>\n<link rel=\"canonical\" href=\"https:\/\/ksproducts.ca\/fr\/product\/blackstone-36inch-select-series-griddle-with-air-fryer\/\" \/>\n<meta property=\"og:locale\" content=\"fr_CA\" \/>\n<meta property=\"og:type\" content=\"article\" \/>\n<meta property=\"og:title\" content=\"Blackstone 36inch Select Series Griddle with Air Fryer - Ks Products\" \/>\n<meta property=\"og:description\" content=\"Embrace a new era of cooking convenience and excellence. The Blackstone Select 36\u201d Griddle with Convection Oven is a fusion of thoughtful design and culinary power. From the high-efficiency Omnivore griddle plate to the high-powered convection oven you\u2019ll have the power to create family favorites at every meal. The versatility of the convection oven is complemented by the intuitive touchscreen interface, giving you precise control over the 500-degree Fahrenheit range of heat. Equipped with dual extendable side tables -designed to lift and lock into place- that provide a generous 1500 sq inches of space for food preparation. Transform your outdoor kitchen into a culinary haven with the Blackstone Select 36\u201d Griddle with Convection Oven.\" \/>\n<meta property=\"og:url\" content=\"https:\/\/ksproducts.ca\/fr\/product\/blackstone-36inch-select-series-griddle-with-air-fryer\/\" \/>\n<meta property=\"og:site_name\" content=\"Ks Products\" \/>\n<meta property=\"article:modified_time\" content=\"2026-03-06T14:36:37+00:00\" \/>\n<meta property=\"og:image\" content=\"https:\/\/ksproducts.ca\/wp-content\/uploads\/2026\/03\/Blackstone-36inch-Select-Series-Griddle-with-Air-Fryer.jpg\" \/>\n\t<meta property=\"og:image:width\" content=\"800\" \/>\n\t<meta property=\"og:image:height\" content=\"800\" \/>\n\t<meta property=\"og:image:type\" content=\"image\/jpeg\" \/>\n<meta name=\"twitter:card\" content=\"summary_large_image\" \/>\n<meta name=\"twitter:label1\" content=\"Estimation du temps de lecture\" \/>\n\t<meta name=\"twitter:data1\" content=\"1 minute\" \/>\n<script type=\"application\/ld+json\" class=\"yoast-schema-graph\">{\"@context\":\"https:\\\/\\\/schema.org\",\"@graph\":[{\"@type\":\"WebPage\",\"@id\":\"https:\\\/\\\/ksproducts.ca\\\/product\\\/blackstone-36inch-select-series-griddle-with-air-fryer\\\/\",\"url\":\"https:\\\/\\\/ksproducts.ca\\\/product\\\/blackstone-36inch-select-series-griddle-with-air-fryer\\\/\",\"name\":\"Blackstone 36inch Select Series Griddle with Air Fryer - Ks Products\",\"isPartOf\":{\"@id\":\"https:\\\/\\\/ksproducts.ca\\\/#website\"},\"primaryImageOfPage\":{\"@id\":\"https:\\\/\\\/ksproducts.ca\\\/product\\\/blackstone-36inch-select-series-griddle-with-air-fryer\\\/#primaryimage\"},\"image\":{\"@id\":\"https:\\\/\\\/ksproducts.ca\\\/product\\\/blackstone-36inch-select-series-griddle-with-air-fryer\\\/#primaryimage\"},\"thumbnailUrl\":\"https:\\\/\\\/ksproducts.ca\\\/wp-content\\\/uploads\\\/2026\\\/03\\\/Blackstone-36inch-Select-Series-Griddle-with-Air-Fryer.jpg\",\"datePublished\":\"2026-03-06T14:36:36+00:00\",\"dateModified\":\"2026-03-06T14:36:37+00:00\",\"breadcrumb\":{\"@id\":\"https:\\\/\\\/ksproducts.ca\\\/product\\\/blackstone-36inch-select-series-griddle-with-air-fryer\\\/#breadcrumb\"},\"inLanguage\":\"fr-CA\",\"potentialAction\":[{\"@type\":\"ReadAction\",\"target\":[\"https:\\\/\\\/ksproducts.ca\\\/product\\\/blackstone-36inch-select-series-griddle-with-air-fryer\\\/\"]}]},{\"@type\":\"ImageObject\",\"inLanguage\":\"fr-CA\",\"@id\":\"https:\\\/\\\/ksproducts.ca\\\/product\\\/blackstone-36inch-select-series-griddle-with-air-fryer\\\/#primaryimage\",\"url\":\"https:\\\/\\\/ksproducts.ca\\\/wp-content\\\/uploads\\\/2026\\\/03\\\/Blackstone-36inch-Select-Series-Griddle-with-Air-Fryer.jpg\",\"contentUrl\":\"https:\\\/\\\/ksproducts.ca\\\/wp-content\\\/uploads\\\/2026\\\/03\\\/Blackstone-36inch-Select-Series-Griddle-with-Air-Fryer.jpg\",\"width\":800,\"height\":800,\"caption\":\"Blackstone 36inch Select Series Griddle with Air Fryer\"},{\"@type\":\"BreadcrumbList\",\"@id\":\"https:\\\/\\\/ksproducts.ca\\\/product\\\/blackstone-36inch-select-series-griddle-with-air-fryer\\\/#breadcrumb\",\"itemListElement\":[{\"@type\":\"ListItem\",\"position\":1,\"name\":\"Home\",\"item\":\"https:\\\/\\\/ksproducts.ca\\\/\"},{\"@type\":\"ListItem\",\"position\":2,\"name\":\"Shop\",\"item\":\"https:\\\/\\\/ksproducts.ca\\\/shop\\\/\"},{\"@type\":\"ListItem\",\"position\":3,\"name\":\"Blackstone 36inch Select Series Griddle with Air Fryer\"}]},{\"@type\":\"WebSite\",\"@id\":\"https:\\\/\\\/ksproducts.ca\\\/#website\",\"url\":\"https:\\\/\\\/ksproducts.ca\\\/\",\"name\":\"Ks Products\",\"description\":\"Outdoor cooking and living, made easy in Canada\",\"publisher\":{\"@id\":\"https:\\\/\\\/ksproducts.ca\\\/#organization\"},\"potentialAction\":[{\"@type\":\"SearchAction\",\"target\":{\"@type\":\"EntryPoint\",\"urlTemplate\":\"https:\\\/\\\/ksproducts.ca\\\/?s={search_term_string}\"},\"query-input\":{\"@type\":\"PropertyValueSpecification\",\"valueRequired\":true,\"valueName\":\"search_term_string\"}}],\"inLanguage\":\"fr-CA\"},{\"@type\":\"Organization\",\"@id\":\"https:\\\/\\\/ksproducts.ca\\\/#organization\",\"name\":\"Ks Products\",\"url\":\"https:\\\/\\\/ksproducts.ca\\\/\",\"logo\":{\"@type\":\"ImageObject\",\"inLanguage\":\"fr-CA\",\"@id\":\"https:\\\/\\\/ksproducts.ca\\\/#\\\/schema\\\/logo\\\/image\\\/\",\"url\":\"https:\\\/\\\/ksproducts.ca\\\/wp-content\\\/uploads\\\/2023\\\/09\\\/Kennedy-Sales-Logo-header-1.png\",\"contentUrl\":\"https:\\\/\\\/ksproducts.ca\\\/wp-content\\\/uploads\\\/2023\\\/09\\\/Kennedy-Sales-Logo-header-1.png\",\"width\":150,\"height\":77,\"caption\":\"Ks Products\"},\"image\":{\"@id\":\"https:\\\/\\\/ksproducts.ca\\\/#\\\/schema\\\/logo\\\/image\\\/\"}}]}<\/script>\n<!-- \/ Yoast SEO plugin. -->","yoast_head_json":{"title":"Blackstone 36inch Select Series Griddle with Air Fryer - Ks Products","robots":{"index":"index","follow":"follow","max-snippet":"max-snippet:-1","max-image-preview":"max-image-preview:large","max-video-preview":"max-video-preview:-1"},"canonical":"https:\/\/ksproducts.ca\/fr\/product\/blackstone-36inch-select-series-griddle-with-air-fryer\/","og_locale":"fr_CA","og_type":"article","og_title":"Blackstone 36inch Select Series Griddle with Air Fryer - Ks Products","og_description":"Embrace a new era of cooking convenience and excellence. The Blackstone Select 36\u201d Griddle with Convection Oven is a fusion of thoughtful design and culinary power. From the high-efficiency Omnivore griddle plate to the high-powered convection oven you\u2019ll have the power to create family favorites at every meal. The versatility of the convection oven is complemented by the intuitive touchscreen interface, giving you precise control over the 500-degree Fahrenheit range of heat. Equipped with dual extendable side tables -designed to lift and lock into place- that provide a generous 1500 sq inches of space for food preparation. Transform your outdoor kitchen into a culinary haven with the Blackstone Select 36\u201d Griddle with Convection Oven.","og_url":"https:\/\/ksproducts.ca\/fr\/product\/blackstone-36inch-select-series-griddle-with-air-fryer\/","og_site_name":"Ks Products","article_modified_time":"2026-03-06T14:36:37+00:00","og_image":[{"width":800,"height":800,"url":"https:\/\/ksproducts.ca\/wp-content\/uploads\/2026\/03\/Blackstone-36inch-Select-Series-Griddle-with-Air-Fryer.jpg","type":"image\/jpeg"}],"twitter_card":"summary_large_image","twitter_misc":{"Estimation du temps de lecture":"1 minute"},"schema":{"@context":"https:\/\/schema.org","@graph":[{"@type":"WebPage","@id":"https:\/\/ksproducts.ca\/product\/blackstone-36inch-select-series-griddle-with-air-fryer\/","url":"https:\/\/ksproducts.ca\/product\/blackstone-36inch-select-series-griddle-with-air-fryer\/","name":"Blackstone 36inch Select Series Griddle with Air Fryer - Ks Products","isPartOf":{"@id":"https:\/\/ksproducts.ca\/#website"},"primaryImageOfPage":{"@id":"https:\/\/ksproducts.ca\/product\/blackstone-36inch-select-series-griddle-with-air-fryer\/#primaryimage"},"image":{"@id":"https:\/\/ksproducts.ca\/product\/blackstone-36inch-select-series-griddle-with-air-fryer\/#primaryimage"},"thumbnailUrl":"https:\/\/ksproducts.ca\/wp-content\/uploads\/2026\/03\/Blackstone-36inch-Select-Series-Griddle-with-Air-Fryer.jpg","datePublished":"2026-03-06T14:36:36+00:00","dateModified":"2026-03-06T14:36:37+00:00","breadcrumb":{"@id":"https:\/\/ksproducts.ca\/product\/blackstone-36inch-select-series-griddle-with-air-fryer\/#breadcrumb"},"inLanguage":"fr-CA","potentialAction":[{"@type":"ReadAction","target":["https:\/\/ksproducts.ca\/product\/blackstone-36inch-select-series-griddle-with-air-fryer\/"]}]},{"@type":"ImageObject","inLanguage":"fr-CA","@id":"https:\/\/ksproducts.ca\/product\/blackstone-36inch-select-series-griddle-with-air-fryer\/#primaryimage","url":"https:\/\/ksproducts.ca\/wp-content\/uploads\/2026\/03\/Blackstone-36inch-Select-Series-Griddle-with-Air-Fryer.jpg","contentUrl":"https:\/\/ksproducts.ca\/wp-content\/uploads\/2026\/03\/Blackstone-36inch-Select-Series-Griddle-with-Air-Fryer.jpg","width":800,"height":800,"caption":"Blackstone 36inch Select Series Griddle with Air Fryer"},{"@type":"BreadcrumbList","@id":"https:\/\/ksproducts.ca\/product\/blackstone-36inch-select-series-griddle-with-air-fryer\/#breadcrumb","itemListElement":[{"@type":"ListItem","position":1,"name":"Home","item":"https:\/\/ksproducts.ca\/"},{"@type":"ListItem","position":2,"name":"Shop","item":"https:\/\/ksproducts.ca\/shop\/"},{"@type":"ListItem","position":3,"name":"Blackstone 36inch Select Series Griddle with Air Fryer"}]},{"@type":"WebSite","@id":"https:\/\/ksproducts.ca\/#website","url":"https:\/\/ksproducts.ca\/","name":"Produits Ks","description":"Cuisiner et vivre en plein air, c'est facile au Canada","publisher":{"@id":"https:\/\/ksproducts.ca\/#organization"},"potentialAction":[{"@type":"SearchAction","target":{"@type":"EntryPoint","urlTemplate":"https:\/\/ksproducts.ca\/?s={search_term_string}"},"query-input":{"@type":"PropertyValueSpecification","valueRequired":true,"valueName":"search_term_string"}}],"inLanguage":"fr-CA"},{"@type":"Organization","@id":"https:\/\/ksproducts.ca\/#organization","name":"Produits Ks","url":"https:\/\/ksproducts.ca\/","logo":{"@type":"ImageObject","inLanguage":"fr-CA","@id":"https:\/\/ksproducts.ca\/#\/schema\/logo\/image\/","url":"https:\/\/ksproducts.ca\/wp-content\/uploads\/2023\/09\/Kennedy-Sales-Logo-header-1.png","contentUrl":"https:\/\/ksproducts.ca\/wp-content\/uploads\/2023\/09\/Kennedy-Sales-Logo-header-1.png","width":150,"height":77,"caption":"Ks Products"},"image":{"@id":"https:\/\/ksproducts.ca\/#\/schema\/logo\/image\/"}}]}},"_links":{"self":[{"href":"https:\/\/ksproducts.ca\/fr\/wp-json\/wp\/v2\/product\/11834","targetHints":{"allow":["GET"]}}],"collection":[{"href":"https:\/\/ksproducts.ca\/fr\/wp-json\/wp\/v2\/product"}],"about":[{"href":"https:\/\/ksproducts.ca\/fr\/wp-json\/wp\/v2\/types\/product"}],"replies":[{"embeddable":true,"href":"https:\/\/ksproducts.ca\/fr\/wp-json\/wp\/v2\/comments?post=11834"}],"version-history":[{"count":1,"href":"https:\/\/ksproducts.ca\/fr\/wp-json\/wp\/v2\/product\/11834\/revisions"}],"predecessor-version":[{"id":11836,"href":"https:\/\/ksproducts.ca\/fr\/wp-json\/wp\/v2\/product\/11834\/revisions\/11836"}],"wp:featuredmedia":[{"embeddable":true,"href":"https:\/\/ksproducts.ca\/fr\/wp-json\/wp\/v2\/media\/11835"}],"wp:attachment":[{"href":"https:\/\/ksproducts.ca\/fr\/wp-json\/wp\/v2\/media?parent=11834"}],"wp:term":[{"taxonomy":"product_cat","embeddable":true,"href":"https:\/\/ksproducts.ca\/fr\/wp-json\/wp\/v2\/product_cat?post=11834"},{"taxonomy":"product_tag","embeddable":true,"href":"https:\/\/ksproducts.ca\/fr\/wp-json\/wp\/v2\/product_tag?post=11834"}],"curies":[{"name":"wp","href":"https:\/\/api.w.org\/{rel}","templated":true}]}}