{"id":11837,"date":"2026-03-06T14:39:35","date_gmt":"2026-03-06T14:39:35","guid":{"rendered":"https:\/\/ksproducts.ca\/?post_type=product&#038;p=11837"},"modified":"2026-03-06T14:39:35","modified_gmt":"2026-03-06T14:39:35","slug":"blackstone-36inch-select-series-griddle-with-stainless-steel-cart-and-built-in-storage","status":"publish","type":"product","link":"https:\/\/ksproducts.ca\/fr\/product\/blackstone-36inch-select-series-griddle-with-stainless-steel-cart-and-built-in-storage\/","title":{"rendered":"Gril de 36 pouces de la s\u00e9rie Select de Blackstone avec chariot en acier inoxydable et rangement int\u00e9gr\u00e9"},"content":{"rendered":"<ul class=\"sc-eJRTFu jFgyke pf-48_ acumin\" data-pf-type=\"MetafieldValue\">\n<li class=\"sc-dtDOqo bEUZPZ metafield-list.single_line_text_field\">Tablettes lat\u00e9rales rabattables avec crochets lat\u00e9raux<\/li>\n<li class=\"sc-dtDOqo bEUZPZ metafield-list.single_line_text_field\">Plaque de cuisson Omnivore haute efficacit\u00e9 de 36\u201d chauff\u00e9e par 4 br\u00fbleurs \u00e0 commande ind\u00e9pendante<\/li>\n<li class=\"sc-dtDOqo bEUZPZ metafield-list.single_line_text_field\">Construction en acier inoxydable de calibre 304 avec embellissements en laiton \u00e9lectroplaqu\u00e9<\/li>\n<li class=\"sc-dtDOqo bEUZPZ metafield-list.single_line_text_field\">Allumage \u00e9lectronique aliment\u00e9 par batterie<\/li>\n<li class=\"sc-dtDOqo bEUZPZ metafield-list.single_line_text_field\">Deux tiroirs de rangement et une armoire de rangement pour le propane<\/li>\n<li class=\"sc-dtDOqo bEUZPZ metafield-list.single_line_text_field\">Roues pivotantes sur\u00e9lev\u00e9es<\/li>\n<li class=\"sc-dtDOqo bEUZPZ metafield-list.single_line_text_field\">Nouveau syst\u00e8me de fixation des poubelles<\/li>\n<\/ul>","protected":false},"excerpt":{"rendered":"<p>La plaque de cuisson Blackstone Select 36\u201d avec armoire r\u00e9volutionnera votre exp\u00e9rience de la cuisine en plein air gr\u00e2ce \u00e0 un m\u00e9lange embl\u00e9matique de pr\u00e9cision, d'\u00e9l\u00e9gance et de commodit\u00e9. La construction en acier inoxydable de calibre 304 et la conception r\u00e9fl\u00e9chie de cette plaque de cuisson de 36\u201d s'associent pour apporter une puissance culinaire pure et des possibilit\u00e9s \u00e0 votre cuisine d'ext\u00e9rieur. Les deux grands tiroirs de rangement et l'armoire de rangement pour le propane offrent un vaste espace de rangement pour tous vos accessoires et assaisonnements pr\u00e9f\u00e9r\u00e9s. La haute efficacit\u00e9 de notre nouvelle technologie de plaque de gril Omnivore et les 4 br\u00fbleurs contr\u00f4l\u00e9s ind\u00e9pendamment vous donnent la libert\u00e9 de cuisiner \u00e0 des temp\u00e9ratures multiples sur la m\u00eame surface. Vous pourrez pr\u00e9parer le petit-d\u00e9jeuner, le d\u00e9jeuner et le d\u00eener avec cette plancha polyvalente et puissante.<\/p>","protected":false},"featured_media":11838,"comment_status":"open","ping_status":"closed","template":"","meta":[],"product_cat":[402],"product_tag":[],"class_list":{"0":"post-11837","1":"product","2":"type-product","3":"status-publish","4":"has-post-thumbnail","6":"product_cat-36-inch-griddle","7":"product_shipping_class-class-5","9":"first","10":"instock","11":"taxable","12":"shipping-taxable","13":"purchasable","14":"product-type-simple"},"yoast_head":"<!-- This site is optimized with the Yoast SEO plugin v27.3 - https:\/\/yoast.com\/product\/yoast-seo-wordpress\/ -->\n<title>Blackstone 36inch Select Series Griddle with Stainless Steel Cart and Built-in Storage - Ks Products<\/title>\n<meta name=\"robots\" content=\"index, follow, max-snippet:-1, max-image-preview:large, max-video-preview:-1\" \/>\n<link rel=\"canonical\" href=\"https:\/\/ksproducts.ca\/fr\/product\/blackstone-36inch-select-series-griddle-with-stainless-steel-cart-and-built-in-storage\/\" \/>\n<meta property=\"og:locale\" content=\"fr_CA\" \/>\n<meta property=\"og:type\" content=\"article\" \/>\n<meta property=\"og:title\" content=\"Blackstone 36inch Select Series Griddle with Stainless Steel Cart and Built-in Storage - Ks Products\" \/>\n<meta property=\"og:description\" content=\"The Blackstone Select 36\u201d Griddle with Cabinet will revolutionize your outdoor cooking experience with an iconic blend of precision, elegance, and convenience. The 304-gauge stainless steel construction and thoughtful design of this 36\u201d griddle come together to bring pure culinary power and possibility to your outdoor kitchen. The two large storage drawers and a propane storage cabinet provide ample storage space for all of your favorite griddling accessories and seasonings. The high efficiency of our new Omnivore Griddle Plate Technology and the 4 independently controlled burners give you the freedom to cook at multiple temperatures across the same surface. You\u2019ll be able to make breakfast, lunch, and dinner with this versatile and powerful griddle.\" \/>\n<meta property=\"og:url\" content=\"https:\/\/ksproducts.ca\/fr\/product\/blackstone-36inch-select-series-griddle-with-stainless-steel-cart-and-built-in-storage\/\" \/>\n<meta property=\"og:site_name\" content=\"Ks Products\" \/>\n<meta property=\"og:image\" content=\"https:\/\/ksproducts.ca\/wp-content\/uploads\/2026\/03\/Blackstone-36inch-Select-Series-Griddle-with-Stainless-Steel-Cart-and-Built-in-Storage.jpg\" \/>\n\t<meta property=\"og:image:width\" content=\"800\" \/>\n\t<meta property=\"og:image:height\" content=\"800\" \/>\n\t<meta property=\"og:image:type\" content=\"image\/jpeg\" \/>\n<meta name=\"twitter:card\" content=\"summary_large_image\" \/>\n<meta name=\"twitter:label1\" content=\"Estimation du temps de lecture\" \/>\n\t<meta name=\"twitter:data1\" content=\"1 minute\" \/>\n<script type=\"application\/ld+json\" class=\"yoast-schema-graph\">{\"@context\":\"https:\\\/\\\/schema.org\",\"@graph\":[{\"@type\":\"WebPage\",\"@id\":\"https:\\\/\\\/ksproducts.ca\\\/product\\\/blackstone-36inch-select-series-griddle-with-stainless-steel-cart-and-built-in-storage\\\/\",\"url\":\"https:\\\/\\\/ksproducts.ca\\\/product\\\/blackstone-36inch-select-series-griddle-with-stainless-steel-cart-and-built-in-storage\\\/\",\"name\":\"Blackstone 36inch Select Series Griddle with Stainless Steel Cart and Built-in Storage - Ks Products\",\"isPartOf\":{\"@id\":\"https:\\\/\\\/ksproducts.ca\\\/#website\"},\"primaryImageOfPage\":{\"@id\":\"https:\\\/\\\/ksproducts.ca\\\/product\\\/blackstone-36inch-select-series-griddle-with-stainless-steel-cart-and-built-in-storage\\\/#primaryimage\"},\"image\":{\"@id\":\"https:\\\/\\\/ksproducts.ca\\\/product\\\/blackstone-36inch-select-series-griddle-with-stainless-steel-cart-and-built-in-storage\\\/#primaryimage\"},\"thumbnailUrl\":\"https:\\\/\\\/ksproducts.ca\\\/wp-content\\\/uploads\\\/2026\\\/03\\\/Blackstone-36inch-Select-Series-Griddle-with-Stainless-Steel-Cart-and-Built-in-Storage.jpg\",\"datePublished\":\"2026-03-06T14:39:35+00:00\",\"breadcrumb\":{\"@id\":\"https:\\\/\\\/ksproducts.ca\\\/product\\\/blackstone-36inch-select-series-griddle-with-stainless-steel-cart-and-built-in-storage\\\/#breadcrumb\"},\"inLanguage\":\"fr-CA\",\"potentialAction\":[{\"@type\":\"ReadAction\",\"target\":[\"https:\\\/\\\/ksproducts.ca\\\/product\\\/blackstone-36inch-select-series-griddle-with-stainless-steel-cart-and-built-in-storage\\\/\"]}]},{\"@type\":\"ImageObject\",\"inLanguage\":\"fr-CA\",\"@id\":\"https:\\\/\\\/ksproducts.ca\\\/product\\\/blackstone-36inch-select-series-griddle-with-stainless-steel-cart-and-built-in-storage\\\/#primaryimage\",\"url\":\"https:\\\/\\\/ksproducts.ca\\\/wp-content\\\/uploads\\\/2026\\\/03\\\/Blackstone-36inch-Select-Series-Griddle-with-Stainless-Steel-Cart-and-Built-in-Storage.jpg\",\"contentUrl\":\"https:\\\/\\\/ksproducts.ca\\\/wp-content\\\/uploads\\\/2026\\\/03\\\/Blackstone-36inch-Select-Series-Griddle-with-Stainless-Steel-Cart-and-Built-in-Storage.jpg\",\"width\":800,\"height\":800,\"caption\":\"Blackstone 36inch Select Series Griddle with Stainless Steel Cart and Built in Storage\"},{\"@type\":\"BreadcrumbList\",\"@id\":\"https:\\\/\\\/ksproducts.ca\\\/product\\\/blackstone-36inch-select-series-griddle-with-stainless-steel-cart-and-built-in-storage\\\/#breadcrumb\",\"itemListElement\":[{\"@type\":\"ListItem\",\"position\":1,\"name\":\"Home\",\"item\":\"https:\\\/\\\/ksproducts.ca\\\/\"},{\"@type\":\"ListItem\",\"position\":2,\"name\":\"Shop\",\"item\":\"https:\\\/\\\/ksproducts.ca\\\/shop\\\/\"},{\"@type\":\"ListItem\",\"position\":3,\"name\":\"Blackstone 36inch Select Series Griddle with Stainless Steel Cart and Built-in Storage\"}]},{\"@type\":\"WebSite\",\"@id\":\"https:\\\/\\\/ksproducts.ca\\\/#website\",\"url\":\"https:\\\/\\\/ksproducts.ca\\\/\",\"name\":\"Ks Products\",\"description\":\"Outdoor cooking and living, made easy in Canada\",\"publisher\":{\"@id\":\"https:\\\/\\\/ksproducts.ca\\\/#organization\"},\"potentialAction\":[{\"@type\":\"SearchAction\",\"target\":{\"@type\":\"EntryPoint\",\"urlTemplate\":\"https:\\\/\\\/ksproducts.ca\\\/?s={search_term_string}\"},\"query-input\":{\"@type\":\"PropertyValueSpecification\",\"valueRequired\":true,\"valueName\":\"search_term_string\"}}],\"inLanguage\":\"fr-CA\"},{\"@type\":\"Organization\",\"@id\":\"https:\\\/\\\/ksproducts.ca\\\/#organization\",\"name\":\"Ks Products\",\"url\":\"https:\\\/\\\/ksproducts.ca\\\/\",\"logo\":{\"@type\":\"ImageObject\",\"inLanguage\":\"fr-CA\",\"@id\":\"https:\\\/\\\/ksproducts.ca\\\/#\\\/schema\\\/logo\\\/image\\\/\",\"url\":\"https:\\\/\\\/ksproducts.ca\\\/wp-content\\\/uploads\\\/2023\\\/09\\\/Kennedy-Sales-Logo-header-1.png\",\"contentUrl\":\"https:\\\/\\\/ksproducts.ca\\\/wp-content\\\/uploads\\\/2023\\\/09\\\/Kennedy-Sales-Logo-header-1.png\",\"width\":150,\"height\":77,\"caption\":\"Ks Products\"},\"image\":{\"@id\":\"https:\\\/\\\/ksproducts.ca\\\/#\\\/schema\\\/logo\\\/image\\\/\"}}]}<\/script>\n<!-- \/ Yoast SEO plugin. -->","yoast_head_json":{"title":"Gril de 36 pouces Blackstone Select Series avec chariot en acier inoxydable et rangement int\u00e9gr\u00e9 - Ks Products","robots":{"index":"index","follow":"follow","max-snippet":"max-snippet:-1","max-image-preview":"max-image-preview:large","max-video-preview":"max-video-preview:-1"},"canonical":"https:\/\/ksproducts.ca\/fr\/product\/blackstone-36inch-select-series-griddle-with-stainless-steel-cart-and-built-in-storage\/","og_locale":"fr_CA","og_type":"article","og_title":"Blackstone 36inch Select Series Griddle with Stainless Steel Cart and Built-in Storage - Ks Products","og_description":"The Blackstone Select 36\u201d Griddle with Cabinet will revolutionize your outdoor cooking experience with an iconic blend of precision, elegance, and convenience. The 304-gauge stainless steel construction and thoughtful design of this 36\u201d griddle come together to bring pure culinary power and possibility to your outdoor kitchen. The two large storage drawers and a propane storage cabinet provide ample storage space for all of your favorite griddling accessories and seasonings. The high efficiency of our new Omnivore Griddle Plate Technology and the 4 independently controlled burners give you the freedom to cook at multiple temperatures across the same surface. You\u2019ll be able to make breakfast, lunch, and dinner with this versatile and powerful griddle.","og_url":"https:\/\/ksproducts.ca\/fr\/product\/blackstone-36inch-select-series-griddle-with-stainless-steel-cart-and-built-in-storage\/","og_site_name":"Ks Products","og_image":[{"width":800,"height":800,"url":"https:\/\/ksproducts.ca\/wp-content\/uploads\/2026\/03\/Blackstone-36inch-Select-Series-Griddle-with-Stainless-Steel-Cart-and-Built-in-Storage.jpg","type":"image\/jpeg"}],"twitter_card":"summary_large_image","twitter_misc":{"Estimation du temps de lecture":"1 minute"},"schema":{"@context":"https:\/\/schema.org","@graph":[{"@type":"WebPage","@id":"https:\/\/ksproducts.ca\/product\/blackstone-36inch-select-series-griddle-with-stainless-steel-cart-and-built-in-storage\/","url":"https:\/\/ksproducts.ca\/product\/blackstone-36inch-select-series-griddle-with-stainless-steel-cart-and-built-in-storage\/","name":"Gril de 36 pouces Blackstone Select Series avec chariot en acier inoxydable et rangement int\u00e9gr\u00e9 - Ks Products","isPartOf":{"@id":"https:\/\/ksproducts.ca\/#website"},"primaryImageOfPage":{"@id":"https:\/\/ksproducts.ca\/product\/blackstone-36inch-select-series-griddle-with-stainless-steel-cart-and-built-in-storage\/#primaryimage"},"image":{"@id":"https:\/\/ksproducts.ca\/product\/blackstone-36inch-select-series-griddle-with-stainless-steel-cart-and-built-in-storage\/#primaryimage"},"thumbnailUrl":"https:\/\/ksproducts.ca\/wp-content\/uploads\/2026\/03\/Blackstone-36inch-Select-Series-Griddle-with-Stainless-Steel-Cart-and-Built-in-Storage.jpg","datePublished":"2026-03-06T14:39:35+00:00","breadcrumb":{"@id":"https:\/\/ksproducts.ca\/product\/blackstone-36inch-select-series-griddle-with-stainless-steel-cart-and-built-in-storage\/#breadcrumb"},"inLanguage":"fr-CA","potentialAction":[{"@type":"ReadAction","target":["https:\/\/ksproducts.ca\/product\/blackstone-36inch-select-series-griddle-with-stainless-steel-cart-and-built-in-storage\/"]}]},{"@type":"ImageObject","inLanguage":"fr-CA","@id":"https:\/\/ksproducts.ca\/product\/blackstone-36inch-select-series-griddle-with-stainless-steel-cart-and-built-in-storage\/#primaryimage","url":"https:\/\/ksproducts.ca\/wp-content\/uploads\/2026\/03\/Blackstone-36inch-Select-Series-Griddle-with-Stainless-Steel-Cart-and-Built-in-Storage.jpg","contentUrl":"https:\/\/ksproducts.ca\/wp-content\/uploads\/2026\/03\/Blackstone-36inch-Select-Series-Griddle-with-Stainless-Steel-Cart-and-Built-in-Storage.jpg","width":800,"height":800,"caption":"Blackstone 36inch Select Series Griddle with Stainless Steel Cart and Built in Storage"},{"@type":"BreadcrumbList","@id":"https:\/\/ksproducts.ca\/product\/blackstone-36inch-select-series-griddle-with-stainless-steel-cart-and-built-in-storage\/#breadcrumb","itemListElement":[{"@type":"ListItem","position":1,"name":"Home","item":"https:\/\/ksproducts.ca\/"},{"@type":"ListItem","position":2,"name":"Shop","item":"https:\/\/ksproducts.ca\/shop\/"},{"@type":"ListItem","position":3,"name":"Blackstone 36inch Select Series Griddle with Stainless Steel Cart and Built-in Storage"}]},{"@type":"WebSite","@id":"https:\/\/ksproducts.ca\/#website","url":"https:\/\/ksproducts.ca\/","name":"Produits Ks","description":"Cuisiner et vivre en plein air, c'est facile au Canada","publisher":{"@id":"https:\/\/ksproducts.ca\/#organization"},"potentialAction":[{"@type":"SearchAction","target":{"@type":"EntryPoint","urlTemplate":"https:\/\/ksproducts.ca\/?s={search_term_string}"},"query-input":{"@type":"PropertyValueSpecification","valueRequired":true,"valueName":"search_term_string"}}],"inLanguage":"fr-CA"},{"@type":"Organization","@id":"https:\/\/ksproducts.ca\/#organization","name":"Produits Ks","url":"https:\/\/ksproducts.ca\/","logo":{"@type":"ImageObject","inLanguage":"fr-CA","@id":"https:\/\/ksproducts.ca\/#\/schema\/logo\/image\/","url":"https:\/\/ksproducts.ca\/wp-content\/uploads\/2023\/09\/Kennedy-Sales-Logo-header-1.png","contentUrl":"https:\/\/ksproducts.ca\/wp-content\/uploads\/2023\/09\/Kennedy-Sales-Logo-header-1.png","width":150,"height":77,"caption":"Ks Products"},"image":{"@id":"https:\/\/ksproducts.ca\/#\/schema\/logo\/image\/"}}]}},"_links":{"self":[{"href":"https:\/\/ksproducts.ca\/fr\/wp-json\/wp\/v2\/product\/11837","targetHints":{"allow":["GET"]}}],"collection":[{"href":"https:\/\/ksproducts.ca\/fr\/wp-json\/wp\/v2\/product"}],"about":[{"href":"https:\/\/ksproducts.ca\/fr\/wp-json\/wp\/v2\/types\/product"}],"replies":[{"embeddable":true,"href":"https:\/\/ksproducts.ca\/fr\/wp-json\/wp\/v2\/comments?post=11837"}],"version-history":[{"count":1,"href":"https:\/\/ksproducts.ca\/fr\/wp-json\/wp\/v2\/product\/11837\/revisions"}],"predecessor-version":[{"id":11839,"href":"https:\/\/ksproducts.ca\/fr\/wp-json\/wp\/v2\/product\/11837\/revisions\/11839"}],"wp:featuredmedia":[{"embeddable":true,"href":"https:\/\/ksproducts.ca\/fr\/wp-json\/wp\/v2\/media\/11838"}],"wp:attachment":[{"href":"https:\/\/ksproducts.ca\/fr\/wp-json\/wp\/v2\/media?parent=11837"}],"wp:term":[{"taxonomy":"product_cat","embeddable":true,"href":"https:\/\/ksproducts.ca\/fr\/wp-json\/wp\/v2\/product_cat?post=11837"},{"taxonomy":"product_tag","embeddable":true,"href":"https:\/\/ksproducts.ca\/fr\/wp-json\/wp\/v2\/product_tag?post=11837"}],"curies":[{"name":"wp","href":"https:\/\/api.w.org\/{rel}","templated":true}]}}