{"id":11840,"date":"2026-03-06T14:42:15","date_gmt":"2026-03-06T14:42:15","guid":{"rendered":"https:\/\/ksproducts.ca\/?post_type=product&#038;p=11840"},"modified":"2026-03-06T14:42:15","modified_gmt":"2026-03-06T14:42:15","slug":"blackstone-28inch-select-series-griddle-with-stainless-steel-cart-and-built-in-storage","status":"publish","type":"product","link":"https:\/\/ksproducts.ca\/fr\/product\/blackstone-28inch-select-series-griddle-with-stainless-steel-cart-and-built-in-storage\/","title":{"rendered":"Gril de 28 pouces de la s\u00e9rie Select de Blackstone avec chariot en acier inoxydable et rangement int\u00e9gr\u00e9"},"content":{"rendered":"<ul class=\"sc-eJRTFu jFgyke pf-48_ acumin\" data-pf-type=\"MetafieldValue\">\n<li class=\"sc-dtDOqo bEUZPZ metafield-list.single_line_text_field\">Tablettes lat\u00e9rales rabattables avec crochets lat\u00e9raux<\/li>\n<li class=\"sc-dtDOqo bEUZPZ metafield-list.single_line_text_field\">Plaque de cuisson Omnivore de 28\u201d \u00e0 haut rendement, chauff\u00e9e par 3 br\u00fbleurs \u00e0 commande ind\u00e9pendante<\/li>\n<li class=\"sc-dtDOqo bEUZPZ metafield-list.single_line_text_field\">Construction en acier inoxydable de calibre 304 avec embellissements en laiton \u00e9lectroplaqu\u00e9<\/li>\n<li class=\"sc-dtDOqo bEUZPZ metafield-list.single_line_text_field\">Allumage \u00e9lectronique aliment\u00e9 par batterie<\/li>\n<li class=\"sc-dtDOqo bEUZPZ metafield-list.single_line_text_field\">Armoire de stockage de propane<\/li>\n<\/ul>","protected":false},"excerpt":{"rendered":"<p>Transformez votre cuisine d'ext\u00e9rieur avec la plaque de cuisson Blackstone Select 28\u201d, qui allie pr\u00e9cision, sophistication et facilit\u00e9. Fabriqu\u00e9e en acier inoxydable durable de calibre 304, cette plaque de cuisson de 28 pouces pr\u00e9sente un design qui \u00e9largit la polyvalence de votre cuisine ext\u00e9rieure. Son rangement int\u00e9gr\u00e9 pour le propane offre suffisamment d'espace pour ranger tous les ingr\u00e9dients essentiels \u00e0 la cuisson et les assaisonnements. Faites l'exp\u00e9rience d'une pr\u00e9cision accrue gr\u00e2ce \u00e0 la technologie innovante de la plaque de gril Omnivore et aux 3 br\u00fbleurs \u00e0 commande ind\u00e9pendante, qui vous permettent de cr\u00e9er une vari\u00e9t\u00e9 de plats simultan\u00e9ment. Des cr\u00eapes du matin aux barbecues du soir, cette plancha dynamique et efficace est une championne de l'arri\u00e8re-cour.<\/p>","protected":false},"featured_media":11841,"comment_status":"open","ping_status":"closed","template":"","meta":[],"product_cat":[405],"product_tag":[],"class_list":{"0":"post-11840","1":"product","2":"type-product","3":"status-publish","4":"has-post-thumbnail","6":"product_cat-28-inch-griddle","7":"product_shipping_class-class-5","9":"first","10":"instock","11":"taxable","12":"shipping-taxable","13":"purchasable","14":"product-type-simple"},"yoast_head":"<!-- This site is optimized with the Yoast SEO plugin v27.3 - https:\/\/yoast.com\/product\/yoast-seo-wordpress\/ -->\n<title>Blackstone 28inch Select Series Griddle with Stainless Steel Cart and Built-in Storage - Ks Products<\/title>\n<meta name=\"robots\" content=\"index, follow, max-snippet:-1, max-image-preview:large, max-video-preview:-1\" \/>\n<link rel=\"canonical\" href=\"https:\/\/ksproducts.ca\/fr\/product\/blackstone-28inch-select-series-griddle-with-stainless-steel-cart-and-built-in-storage\/\" \/>\n<meta property=\"og:locale\" content=\"fr_CA\" \/>\n<meta property=\"og:type\" content=\"article\" \/>\n<meta property=\"og:title\" content=\"Blackstone 28inch Select Series Griddle with Stainless Steel Cart and Built-in Storage - Ks Products\" \/>\n<meta property=\"og:description\" content=\"Transform your outdoor cooking with the Blackstone Select 28\u201d Griddle featuring a sleek fusion of accuracy, sophistication, and ease. Crafted from durable 304-gauge stainless steel, this 28\u201d griddle boasts a design that expands the versatility of your outdoor kitchen. Its integrated propane storage cabinet offers ample room for all your griddling essentials and seasonings. Experience enhanced accuracy with the innovative Omnivore Griddle Plate Technology and 3 independently controlled burners, allowing you to create a variety of dishes simultaneously. From morning pancakes to evening barbecues, this dynamic and efficient griddle is a backyard champion.\" \/>\n<meta property=\"og:url\" content=\"https:\/\/ksproducts.ca\/fr\/product\/blackstone-28inch-select-series-griddle-with-stainless-steel-cart-and-built-in-storage\/\" \/>\n<meta property=\"og:site_name\" content=\"Ks Products\" \/>\n<meta property=\"og:image\" content=\"https:\/\/ksproducts.ca\/wp-content\/uploads\/2026\/03\/Blackstone-28inch-Select-Series-Griddle-with-Stainless-Steel-Cart-and-Built-in-Storage.jpg\" \/>\n\t<meta property=\"og:image:width\" content=\"800\" \/>\n\t<meta property=\"og:image:height\" content=\"800\" \/>\n\t<meta property=\"og:image:type\" content=\"image\/jpeg\" \/>\n<meta name=\"twitter:card\" content=\"summary_large_image\" \/>\n<meta name=\"twitter:label1\" content=\"Estimation du temps de lecture\" \/>\n\t<meta name=\"twitter:data1\" content=\"1 minute\" \/>\n<script type=\"application\/ld+json\" class=\"yoast-schema-graph\">{\"@context\":\"https:\\\/\\\/schema.org\",\"@graph\":[{\"@type\":\"WebPage\",\"@id\":\"https:\\\/\\\/ksproducts.ca\\\/product\\\/blackstone-28inch-select-series-griddle-with-stainless-steel-cart-and-built-in-storage\\\/\",\"url\":\"https:\\\/\\\/ksproducts.ca\\\/product\\\/blackstone-28inch-select-series-griddle-with-stainless-steel-cart-and-built-in-storage\\\/\",\"name\":\"Blackstone 28inch Select Series Griddle with Stainless Steel Cart and Built-in Storage - Ks Products\",\"isPartOf\":{\"@id\":\"https:\\\/\\\/ksproducts.ca\\\/#website\"},\"primaryImageOfPage\":{\"@id\":\"https:\\\/\\\/ksproducts.ca\\\/product\\\/blackstone-28inch-select-series-griddle-with-stainless-steel-cart-and-built-in-storage\\\/#primaryimage\"},\"image\":{\"@id\":\"https:\\\/\\\/ksproducts.ca\\\/product\\\/blackstone-28inch-select-series-griddle-with-stainless-steel-cart-and-built-in-storage\\\/#primaryimage\"},\"thumbnailUrl\":\"https:\\\/\\\/ksproducts.ca\\\/wp-content\\\/uploads\\\/2026\\\/03\\\/Blackstone-28inch-Select-Series-Griddle-with-Stainless-Steel-Cart-and-Built-in-Storage.jpg\",\"datePublished\":\"2026-03-06T14:42:15+00:00\",\"breadcrumb\":{\"@id\":\"https:\\\/\\\/ksproducts.ca\\\/product\\\/blackstone-28inch-select-series-griddle-with-stainless-steel-cart-and-built-in-storage\\\/#breadcrumb\"},\"inLanguage\":\"fr-CA\",\"potentialAction\":[{\"@type\":\"ReadAction\",\"target\":[\"https:\\\/\\\/ksproducts.ca\\\/product\\\/blackstone-28inch-select-series-griddle-with-stainless-steel-cart-and-built-in-storage\\\/\"]}]},{\"@type\":\"ImageObject\",\"inLanguage\":\"fr-CA\",\"@id\":\"https:\\\/\\\/ksproducts.ca\\\/product\\\/blackstone-28inch-select-series-griddle-with-stainless-steel-cart-and-built-in-storage\\\/#primaryimage\",\"url\":\"https:\\\/\\\/ksproducts.ca\\\/wp-content\\\/uploads\\\/2026\\\/03\\\/Blackstone-28inch-Select-Series-Griddle-with-Stainless-Steel-Cart-and-Built-in-Storage.jpg\",\"contentUrl\":\"https:\\\/\\\/ksproducts.ca\\\/wp-content\\\/uploads\\\/2026\\\/03\\\/Blackstone-28inch-Select-Series-Griddle-with-Stainless-Steel-Cart-and-Built-in-Storage.jpg\",\"width\":800,\"height\":800,\"caption\":\"Blackstone 28inch Select Series Griddle with Stainless Steel Cart and Built in Storage\"},{\"@type\":\"BreadcrumbList\",\"@id\":\"https:\\\/\\\/ksproducts.ca\\\/product\\\/blackstone-28inch-select-series-griddle-with-stainless-steel-cart-and-built-in-storage\\\/#breadcrumb\",\"itemListElement\":[{\"@type\":\"ListItem\",\"position\":1,\"name\":\"Home\",\"item\":\"https:\\\/\\\/ksproducts.ca\\\/\"},{\"@type\":\"ListItem\",\"position\":2,\"name\":\"Shop\",\"item\":\"https:\\\/\\\/ksproducts.ca\\\/shop\\\/\"},{\"@type\":\"ListItem\",\"position\":3,\"name\":\"Blackstone 28inch Select Series Griddle with Stainless Steel Cart and Built-in Storage\"}]},{\"@type\":\"WebSite\",\"@id\":\"https:\\\/\\\/ksproducts.ca\\\/#website\",\"url\":\"https:\\\/\\\/ksproducts.ca\\\/\",\"name\":\"Ks Products\",\"description\":\"Outdoor cooking and living, made easy in Canada\",\"publisher\":{\"@id\":\"https:\\\/\\\/ksproducts.ca\\\/#organization\"},\"potentialAction\":[{\"@type\":\"SearchAction\",\"target\":{\"@type\":\"EntryPoint\",\"urlTemplate\":\"https:\\\/\\\/ksproducts.ca\\\/?s={search_term_string}\"},\"query-input\":{\"@type\":\"PropertyValueSpecification\",\"valueRequired\":true,\"valueName\":\"search_term_string\"}}],\"inLanguage\":\"fr-CA\"},{\"@type\":\"Organization\",\"@id\":\"https:\\\/\\\/ksproducts.ca\\\/#organization\",\"name\":\"Ks Products\",\"url\":\"https:\\\/\\\/ksproducts.ca\\\/\",\"logo\":{\"@type\":\"ImageObject\",\"inLanguage\":\"fr-CA\",\"@id\":\"https:\\\/\\\/ksproducts.ca\\\/#\\\/schema\\\/logo\\\/image\\\/\",\"url\":\"https:\\\/\\\/ksproducts.ca\\\/wp-content\\\/uploads\\\/2023\\\/09\\\/Kennedy-Sales-Logo-header-1.png\",\"contentUrl\":\"https:\\\/\\\/ksproducts.ca\\\/wp-content\\\/uploads\\\/2023\\\/09\\\/Kennedy-Sales-Logo-header-1.png\",\"width\":150,\"height\":77,\"caption\":\"Ks Products\"},\"image\":{\"@id\":\"https:\\\/\\\/ksproducts.ca\\\/#\\\/schema\\\/logo\\\/image\\\/\"}}]}<\/script>\n<!-- \/ Yoast SEO plugin. -->","yoast_head_json":{"title":"Gril Blackstone 28inch Select Series avec chariot en acier inoxydable et rangement int\u00e9gr\u00e9 - Ks Products","robots":{"index":"index","follow":"follow","max-snippet":"max-snippet:-1","max-image-preview":"max-image-preview:large","max-video-preview":"max-video-preview:-1"},"canonical":"https:\/\/ksproducts.ca\/fr\/product\/blackstone-28inch-select-series-griddle-with-stainless-steel-cart-and-built-in-storage\/","og_locale":"fr_CA","og_type":"article","og_title":"Blackstone 28inch Select Series Griddle with Stainless Steel Cart and Built-in Storage - Ks Products","og_description":"Transform your outdoor cooking with the Blackstone Select 28\u201d Griddle featuring a sleek fusion of accuracy, sophistication, and ease. Crafted from durable 304-gauge stainless steel, this 28\u201d griddle boasts a design that expands the versatility of your outdoor kitchen. Its integrated propane storage cabinet offers ample room for all your griddling essentials and seasonings. Experience enhanced accuracy with the innovative Omnivore Griddle Plate Technology and 3 independently controlled burners, allowing you to create a variety of dishes simultaneously. From morning pancakes to evening barbecues, this dynamic and efficient griddle is a backyard champion.","og_url":"https:\/\/ksproducts.ca\/fr\/product\/blackstone-28inch-select-series-griddle-with-stainless-steel-cart-and-built-in-storage\/","og_site_name":"Ks Products","og_image":[{"width":800,"height":800,"url":"https:\/\/ksproducts.ca\/wp-content\/uploads\/2026\/03\/Blackstone-28inch-Select-Series-Griddle-with-Stainless-Steel-Cart-and-Built-in-Storage.jpg","type":"image\/jpeg"}],"twitter_card":"summary_large_image","twitter_misc":{"Estimation du temps de lecture":"1 minute"},"schema":{"@context":"https:\/\/schema.org","@graph":[{"@type":"WebPage","@id":"https:\/\/ksproducts.ca\/product\/blackstone-28inch-select-series-griddle-with-stainless-steel-cart-and-built-in-storage\/","url":"https:\/\/ksproducts.ca\/product\/blackstone-28inch-select-series-griddle-with-stainless-steel-cart-and-built-in-storage\/","name":"Gril Blackstone 28inch Select Series avec chariot en acier inoxydable et rangement int\u00e9gr\u00e9 - Ks Products","isPartOf":{"@id":"https:\/\/ksproducts.ca\/#website"},"primaryImageOfPage":{"@id":"https:\/\/ksproducts.ca\/product\/blackstone-28inch-select-series-griddle-with-stainless-steel-cart-and-built-in-storage\/#primaryimage"},"image":{"@id":"https:\/\/ksproducts.ca\/product\/blackstone-28inch-select-series-griddle-with-stainless-steel-cart-and-built-in-storage\/#primaryimage"},"thumbnailUrl":"https:\/\/ksproducts.ca\/wp-content\/uploads\/2026\/03\/Blackstone-28inch-Select-Series-Griddle-with-Stainless-Steel-Cart-and-Built-in-Storage.jpg","datePublished":"2026-03-06T14:42:15+00:00","breadcrumb":{"@id":"https:\/\/ksproducts.ca\/product\/blackstone-28inch-select-series-griddle-with-stainless-steel-cart-and-built-in-storage\/#breadcrumb"},"inLanguage":"fr-CA","potentialAction":[{"@type":"ReadAction","target":["https:\/\/ksproducts.ca\/product\/blackstone-28inch-select-series-griddle-with-stainless-steel-cart-and-built-in-storage\/"]}]},{"@type":"ImageObject","inLanguage":"fr-CA","@id":"https:\/\/ksproducts.ca\/product\/blackstone-28inch-select-series-griddle-with-stainless-steel-cart-and-built-in-storage\/#primaryimage","url":"https:\/\/ksproducts.ca\/wp-content\/uploads\/2026\/03\/Blackstone-28inch-Select-Series-Griddle-with-Stainless-Steel-Cart-and-Built-in-Storage.jpg","contentUrl":"https:\/\/ksproducts.ca\/wp-content\/uploads\/2026\/03\/Blackstone-28inch-Select-Series-Griddle-with-Stainless-Steel-Cart-and-Built-in-Storage.jpg","width":800,"height":800,"caption":"Blackstone 28inch Select Series Griddle with Stainless Steel Cart and Built in Storage"},{"@type":"BreadcrumbList","@id":"https:\/\/ksproducts.ca\/product\/blackstone-28inch-select-series-griddle-with-stainless-steel-cart-and-built-in-storage\/#breadcrumb","itemListElement":[{"@type":"ListItem","position":1,"name":"Home","item":"https:\/\/ksproducts.ca\/"},{"@type":"ListItem","position":2,"name":"Shop","item":"https:\/\/ksproducts.ca\/shop\/"},{"@type":"ListItem","position":3,"name":"Blackstone 28inch Select Series Griddle with Stainless Steel Cart and Built-in Storage"}]},{"@type":"WebSite","@id":"https:\/\/ksproducts.ca\/#website","url":"https:\/\/ksproducts.ca\/","name":"Produits Ks","description":"Cuisiner et vivre en plein air, c'est facile au Canada","publisher":{"@id":"https:\/\/ksproducts.ca\/#organization"},"potentialAction":[{"@type":"SearchAction","target":{"@type":"EntryPoint","urlTemplate":"https:\/\/ksproducts.ca\/?s={search_term_string}"},"query-input":{"@type":"PropertyValueSpecification","valueRequired":true,"valueName":"search_term_string"}}],"inLanguage":"fr-CA"},{"@type":"Organization","@id":"https:\/\/ksproducts.ca\/#organization","name":"Produits Ks","url":"https:\/\/ksproducts.ca\/","logo":{"@type":"ImageObject","inLanguage":"fr-CA","@id":"https:\/\/ksproducts.ca\/#\/schema\/logo\/image\/","url":"https:\/\/ksproducts.ca\/wp-content\/uploads\/2023\/09\/Kennedy-Sales-Logo-header-1.png","contentUrl":"https:\/\/ksproducts.ca\/wp-content\/uploads\/2023\/09\/Kennedy-Sales-Logo-header-1.png","width":150,"height":77,"caption":"Ks Products"},"image":{"@id":"https:\/\/ksproducts.ca\/#\/schema\/logo\/image\/"}}]}},"_links":{"self":[{"href":"https:\/\/ksproducts.ca\/fr\/wp-json\/wp\/v2\/product\/11840","targetHints":{"allow":["GET"]}}],"collection":[{"href":"https:\/\/ksproducts.ca\/fr\/wp-json\/wp\/v2\/product"}],"about":[{"href":"https:\/\/ksproducts.ca\/fr\/wp-json\/wp\/v2\/types\/product"}],"replies":[{"embeddable":true,"href":"https:\/\/ksproducts.ca\/fr\/wp-json\/wp\/v2\/comments?post=11840"}],"version-history":[{"count":1,"href":"https:\/\/ksproducts.ca\/fr\/wp-json\/wp\/v2\/product\/11840\/revisions"}],"predecessor-version":[{"id":11842,"href":"https:\/\/ksproducts.ca\/fr\/wp-json\/wp\/v2\/product\/11840\/revisions\/11842"}],"wp:featuredmedia":[{"embeddable":true,"href":"https:\/\/ksproducts.ca\/fr\/wp-json\/wp\/v2\/media\/11841"}],"wp:attachment":[{"href":"https:\/\/ksproducts.ca\/fr\/wp-json\/wp\/v2\/media?parent=11840"}],"wp:term":[{"taxonomy":"product_cat","embeddable":true,"href":"https:\/\/ksproducts.ca\/fr\/wp-json\/wp\/v2\/product_cat?post=11840"},{"taxonomy":"product_tag","embeddable":true,"href":"https:\/\/ksproducts.ca\/fr\/wp-json\/wp\/v2\/product_tag?post=11840"}],"curies":[{"name":"wp","href":"https:\/\/api.w.org\/{rel}","templated":true}]}}