{"id":11843,"date":"2026-03-06T14:45:29","date_gmt":"2026-03-06T14:45:29","guid":{"rendered":"https:\/\/ksproducts.ca\/?post_type=product&#038;p=11843"},"modified":"2026-03-06T14:45:29","modified_gmt":"2026-03-06T14:45:29","slug":"sac-de-transport-dorigine-blackstone-pour-plancha-de-table-de-17-pouces","status":"publish","type":"product","link":"https:\/\/ksproducts.ca\/fr\/product\/blackstone-original-series-carrying-bag-for-17inch-tabletop-griddle\/","title":{"rendered":"Blackstone Original Series Carrying Bag for 17inch Tabletop Griddle (sac de transport pour gril de table de 17 pouces)"},"content":{"rendered":"<ul class=\"title-block_features__oR3xh\" data-testid=\"product-features\">\n<li>Prot\u00e9gez votre plaque de cuisson de 17 pouces avec le sac de transport pour plaque de cuisson de 17 pouces. Gr\u00e2ce \u00e0 la bandouli\u00e8re rembourr\u00e9e et \u00e0 la poign\u00e9e, vous pourrez facilement emporter votre plaque de cuisson lors de votre prochaine aventure !<\/li>\n<li>Con\u00e7ue pour s'adapter aux plaques de cuisson Blackstone de 17\u201d, aux plaques de cuisson de 17\u201d avec couvercle rigide et aux plaques de cuisson de 17\u201d avec capot.<\/li>\n<li>Fabriqu\u00e9 avec des mat\u00e9riaux robustes et r\u00e9sistants aux intemp\u00e9ries avec une doublure en PVC et des fermetures \u00e9clair renforc\u00e9es pour prot\u00e9ger votre investissement des \u00e9l\u00e9ments.<\/li>\n<li>Comprend une bandouli\u00e8re r\u00e9glable et rembourr\u00e9e ainsi qu'une poign\u00e9e pour emporter facilement et commod\u00e9ment votre plancha lors de votre prochaine aventure.<\/li>\n<\/ul>","protected":false},"excerpt":{"rendered":"<p>Prot\u00e9gez votre plaque de cuisson de table o\u00f9 que vous alliez gr\u00e2ce au sac de transport pour plaque de cuisson. Con\u00e7u pour s'adapter aux plaques de cuisson Blackstone de 17 pouces (avec ou sans couvercle rigide ou capot), ce sac durable est fabriqu\u00e9 \u00e0 partir de mat\u00e9riaux robustes et r\u00e9sistants aux intemp\u00e9ries, avec une doublure en PVC et des fermetures \u00e0 glissi\u00e8re renforc\u00e9es pour prot\u00e9ger votre plaque contre les \u00e9l\u00e9ments. Une bandouli\u00e8re r\u00e9glable et rembourr\u00e9e ainsi qu'une poign\u00e9e robuste permettent de transporter votre plaque de cuisson facilement et de mani\u00e8re pratique pour toutes les aventures.<\/p>","protected":false},"featured_media":11844,"comment_status":"open","ping_status":"closed","template":"","meta":[],"product_cat":[437],"product_tag":[],"class_list":{"0":"post-11843","1":"product","2":"type-product","3":"status-publish","4":"has-post-thumbnail","6":"product_cat-covers-cases","7":"product_shipping_class-class-1","9":"first","10":"instock","11":"taxable","12":"shipping-taxable","13":"purchasable","14":"product-type-simple"},"yoast_head":"<!-- This site is optimized with the Yoast SEO plugin v27.4 - https:\/\/yoast.com\/product\/yoast-seo-wordpress\/ -->\n<title>Blackstone Original Series Carrying Bag for 17inch Tabletop Griddle - Ks Products<\/title>\n<meta name=\"robots\" content=\"index, follow, max-snippet:-1, max-image-preview:large, max-video-preview:-1\" \/>\n<link rel=\"canonical\" href=\"https:\/\/ksproducts.ca\/fr\/product\/sac-de-transport-dorigine-blackstone-pour-plancha-de-table-de-17-pouces\/\" \/>\n<meta property=\"og:locale\" content=\"fr_CA\" \/>\n<meta property=\"og:type\" content=\"article\" \/>\n<meta property=\"og:title\" content=\"Blackstone Original Series Carrying Bag for 17inch Tabletop Griddle - Ks Products\" \/>\n<meta property=\"og:description\" content=\"Protect your tabletop griddle wherever you go with the Griddle Carry Bag. Designed to fit Blackstone 17\u201d tabletop griddles (with or without a hard cover or hood), this durable bag is made from heavy-duty, weather-resistant materials with a PVC lining and reinforced zippers to shield your griddle from the elements. An adjustable, padded shoulder strap and sturdy handle make transporting your griddle easy and convenient for any adventure.\" \/>\n<meta property=\"og:url\" content=\"https:\/\/ksproducts.ca\/fr\/product\/sac-de-transport-dorigine-blackstone-pour-plancha-de-table-de-17-pouces\/\" \/>\n<meta property=\"og:site_name\" content=\"Ks Products\" \/>\n<meta property=\"og:image\" content=\"https:\/\/ksproducts.ca\/wp-content\/uploads\/2026\/03\/Blackstone-Original-Series-Carrying-Bag-for-17inch-Tabletop-Griddle.jpg\" \/>\n\t<meta property=\"og:image:width\" content=\"600\" \/>\n\t<meta property=\"og:image:height\" content=\"701\" \/>\n\t<meta property=\"og:image:type\" content=\"image\/jpeg\" \/>\n<meta name=\"twitter:card\" content=\"summary_large_image\" \/>\n<meta name=\"twitter:label1\" content=\"Estimation du temps de lecture\" \/>\n\t<meta name=\"twitter:data1\" content=\"1 minute\" \/>\n<script type=\"application\/ld+json\" class=\"yoast-schema-graph\">{\"@context\":\"https:\\\/\\\/schema.org\",\"@graph\":[{\"@type\":\"WebPage\",\"@id\":\"https:\\\/\\\/ksproducts.ca\\\/product\\\/blackstone-original-series-carrying-bag-for-17inch-tabletop-griddle\\\/\",\"url\":\"https:\\\/\\\/ksproducts.ca\\\/product\\\/blackstone-original-series-carrying-bag-for-17inch-tabletop-griddle\\\/\",\"name\":\"Blackstone Original Series Carrying Bag for 17inch Tabletop Griddle - Ks Products\",\"isPartOf\":{\"@id\":\"https:\\\/\\\/ksproducts.ca\\\/#website\"},\"primaryImageOfPage\":{\"@id\":\"https:\\\/\\\/ksproducts.ca\\\/product\\\/blackstone-original-series-carrying-bag-for-17inch-tabletop-griddle\\\/#primaryimage\"},\"image\":{\"@id\":\"https:\\\/\\\/ksproducts.ca\\\/product\\\/blackstone-original-series-carrying-bag-for-17inch-tabletop-griddle\\\/#primaryimage\"},\"thumbnailUrl\":\"https:\\\/\\\/ksproducts.ca\\\/wp-content\\\/uploads\\\/2026\\\/03\\\/Blackstone-Original-Series-Carrying-Bag-for-17inch-Tabletop-Griddle.jpg\",\"datePublished\":\"2026-03-06T14:45:29+00:00\",\"breadcrumb\":{\"@id\":\"https:\\\/\\\/ksproducts.ca\\\/product\\\/blackstone-original-series-carrying-bag-for-17inch-tabletop-griddle\\\/#breadcrumb\"},\"inLanguage\":\"fr-CA\",\"potentialAction\":[{\"@type\":\"ReadAction\",\"target\":[\"https:\\\/\\\/ksproducts.ca\\\/product\\\/blackstone-original-series-carrying-bag-for-17inch-tabletop-griddle\\\/\"]}]},{\"@type\":\"ImageObject\",\"inLanguage\":\"fr-CA\",\"@id\":\"https:\\\/\\\/ksproducts.ca\\\/product\\\/blackstone-original-series-carrying-bag-for-17inch-tabletop-griddle\\\/#primaryimage\",\"url\":\"https:\\\/\\\/ksproducts.ca\\\/wp-content\\\/uploads\\\/2026\\\/03\\\/Blackstone-Original-Series-Carrying-Bag-for-17inch-Tabletop-Griddle.jpg\",\"contentUrl\":\"https:\\\/\\\/ksproducts.ca\\\/wp-content\\\/uploads\\\/2026\\\/03\\\/Blackstone-Original-Series-Carrying-Bag-for-17inch-Tabletop-Griddle.jpg\",\"width\":600,\"height\":701,\"caption\":\"Blackstone Original Series Carrying Bag for 17inch Tabletop Griddle\"},{\"@type\":\"BreadcrumbList\",\"@id\":\"https:\\\/\\\/ksproducts.ca\\\/product\\\/blackstone-original-series-carrying-bag-for-17inch-tabletop-griddle\\\/#breadcrumb\",\"itemListElement\":[{\"@type\":\"ListItem\",\"position\":1,\"name\":\"Home\",\"item\":\"https:\\\/\\\/ksproducts.ca\\\/\"},{\"@type\":\"ListItem\",\"position\":2,\"name\":\"Shop\",\"item\":\"https:\\\/\\\/ksproducts.ca\\\/shop\\\/\"},{\"@type\":\"ListItem\",\"position\":3,\"name\":\"Blackstone Original Series Carrying Bag for 17inch Tabletop Griddle\"}]},{\"@type\":\"WebSite\",\"@id\":\"https:\\\/\\\/ksproducts.ca\\\/#website\",\"url\":\"https:\\\/\\\/ksproducts.ca\\\/\",\"name\":\"Ks Products\",\"description\":\"Outdoor cooking and living, made easy in Canada\",\"publisher\":{\"@id\":\"https:\\\/\\\/ksproducts.ca\\\/#organization\"},\"potentialAction\":[{\"@type\":\"SearchAction\",\"target\":{\"@type\":\"EntryPoint\",\"urlTemplate\":\"https:\\\/\\\/ksproducts.ca\\\/?s={search_term_string}\"},\"query-input\":{\"@type\":\"PropertyValueSpecification\",\"valueRequired\":true,\"valueName\":\"search_term_string\"}}],\"inLanguage\":\"fr-CA\"},{\"@type\":\"Organization\",\"@id\":\"https:\\\/\\\/ksproducts.ca\\\/#organization\",\"name\":\"Ks Products\",\"url\":\"https:\\\/\\\/ksproducts.ca\\\/\",\"logo\":{\"@type\":\"ImageObject\",\"inLanguage\":\"fr-CA\",\"@id\":\"https:\\\/\\\/ksproducts.ca\\\/#\\\/schema\\\/logo\\\/image\\\/\",\"url\":\"https:\\\/\\\/ksproducts.ca\\\/wp-content\\\/uploads\\\/2023\\\/09\\\/Kennedy-Sales-Logo-header-1.png\",\"contentUrl\":\"https:\\\/\\\/ksproducts.ca\\\/wp-content\\\/uploads\\\/2023\\\/09\\\/Kennedy-Sales-Logo-header-1.png\",\"width\":150,\"height\":77,\"caption\":\"Ks Products\"},\"image\":{\"@id\":\"https:\\\/\\\/ksproducts.ca\\\/#\\\/schema\\\/logo\\\/image\\\/\"}}]}<\/script>\n<!-- \/ Yoast SEO plugin. -->","yoast_head_json":{"title":"Sac de transport Blackstone Original Series pour gril de table de 17 pouces - Ks Products","robots":{"index":"index","follow":"follow","max-snippet":"max-snippet:-1","max-image-preview":"max-image-preview:large","max-video-preview":"max-video-preview:-1"},"canonical":"https:\/\/ksproducts.ca\/fr\/product\/sac-de-transport-dorigine-blackstone-pour-plancha-de-table-de-17-pouces\/","og_locale":"fr_CA","og_type":"article","og_title":"Blackstone Original Series Carrying Bag for 17inch Tabletop Griddle - Ks Products","og_description":"Protect your tabletop griddle wherever you go with the Griddle Carry Bag. Designed to fit Blackstone 17\u201d tabletop griddles (with or without a hard cover or hood), this durable bag is made from heavy-duty, weather-resistant materials with a PVC lining and reinforced zippers to shield your griddle from the elements. An adjustable, padded shoulder strap and sturdy handle make transporting your griddle easy and convenient for any adventure.","og_url":"https:\/\/ksproducts.ca\/fr\/product\/sac-de-transport-dorigine-blackstone-pour-plancha-de-table-de-17-pouces\/","og_site_name":"Ks Products","og_image":[{"width":600,"height":701,"url":"https:\/\/ksproducts.ca\/wp-content\/uploads\/2026\/03\/Blackstone-Original-Series-Carrying-Bag-for-17inch-Tabletop-Griddle.jpg","type":"image\/jpeg"}],"twitter_card":"summary_large_image","twitter_misc":{"Estimation du temps de lecture":"1 minute"},"schema":{"@context":"https:\/\/schema.org","@graph":[{"@type":"WebPage","@id":"https:\/\/ksproducts.ca\/product\/blackstone-original-series-carrying-bag-for-17inch-tabletop-griddle\/","url":"https:\/\/ksproducts.ca\/product\/blackstone-original-series-carrying-bag-for-17inch-tabletop-griddle\/","name":"Sac de transport Blackstone Original Series pour gril de table de 17 pouces - Ks Products","isPartOf":{"@id":"https:\/\/ksproducts.ca\/#website"},"primaryImageOfPage":{"@id":"https:\/\/ksproducts.ca\/product\/blackstone-original-series-carrying-bag-for-17inch-tabletop-griddle\/#primaryimage"},"image":{"@id":"https:\/\/ksproducts.ca\/product\/blackstone-original-series-carrying-bag-for-17inch-tabletop-griddle\/#primaryimage"},"thumbnailUrl":"https:\/\/ksproducts.ca\/wp-content\/uploads\/2026\/03\/Blackstone-Original-Series-Carrying-Bag-for-17inch-Tabletop-Griddle.jpg","datePublished":"2026-03-06T14:45:29+00:00","breadcrumb":{"@id":"https:\/\/ksproducts.ca\/product\/blackstone-original-series-carrying-bag-for-17inch-tabletop-griddle\/#breadcrumb"},"inLanguage":"fr-CA","potentialAction":[{"@type":"ReadAction","target":["https:\/\/ksproducts.ca\/product\/blackstone-original-series-carrying-bag-for-17inch-tabletop-griddle\/"]}]},{"@type":"ImageObject","inLanguage":"fr-CA","@id":"https:\/\/ksproducts.ca\/product\/blackstone-original-series-carrying-bag-for-17inch-tabletop-griddle\/#primaryimage","url":"https:\/\/ksproducts.ca\/wp-content\/uploads\/2026\/03\/Blackstone-Original-Series-Carrying-Bag-for-17inch-Tabletop-Griddle.jpg","contentUrl":"https:\/\/ksproducts.ca\/wp-content\/uploads\/2026\/03\/Blackstone-Original-Series-Carrying-Bag-for-17inch-Tabletop-Griddle.jpg","width":600,"height":701,"caption":"Blackstone Original Series Carrying Bag for 17inch Tabletop Griddle"},{"@type":"BreadcrumbList","@id":"https:\/\/ksproducts.ca\/product\/blackstone-original-series-carrying-bag-for-17inch-tabletop-griddle\/#breadcrumb","itemListElement":[{"@type":"ListItem","position":1,"name":"Home","item":"https:\/\/ksproducts.ca\/"},{"@type":"ListItem","position":2,"name":"Shop","item":"https:\/\/ksproducts.ca\/shop\/"},{"@type":"ListItem","position":3,"name":"Blackstone Original Series Carrying Bag for 17inch Tabletop Griddle"}]},{"@type":"WebSite","@id":"https:\/\/ksproducts.ca\/#website","url":"https:\/\/ksproducts.ca\/","name":"Produits Ks","description":"Cuisiner et vivre en plein air, c'est facile au Canada","publisher":{"@id":"https:\/\/ksproducts.ca\/#organization"},"potentialAction":[{"@type":"SearchAction","target":{"@type":"EntryPoint","urlTemplate":"https:\/\/ksproducts.ca\/?s={search_term_string}"},"query-input":{"@type":"PropertyValueSpecification","valueRequired":true,"valueName":"search_term_string"}}],"inLanguage":"fr-CA"},{"@type":"Organization","@id":"https:\/\/ksproducts.ca\/#organization","name":"Produits Ks","url":"https:\/\/ksproducts.ca\/","logo":{"@type":"ImageObject","inLanguage":"fr-CA","@id":"https:\/\/ksproducts.ca\/#\/schema\/logo\/image\/","url":"https:\/\/ksproducts.ca\/wp-content\/uploads\/2023\/09\/Kennedy-Sales-Logo-header-1.png","contentUrl":"https:\/\/ksproducts.ca\/wp-content\/uploads\/2023\/09\/Kennedy-Sales-Logo-header-1.png","width":150,"height":77,"caption":"Ks Products"},"image":{"@id":"https:\/\/ksproducts.ca\/#\/schema\/logo\/image\/"}}]}},"_links":{"self":[{"href":"https:\/\/ksproducts.ca\/fr\/wp-json\/wp\/v2\/product\/11843","targetHints":{"allow":["GET"]}}],"collection":[{"href":"https:\/\/ksproducts.ca\/fr\/wp-json\/wp\/v2\/product"}],"about":[{"href":"https:\/\/ksproducts.ca\/fr\/wp-json\/wp\/v2\/types\/product"}],"replies":[{"embeddable":true,"href":"https:\/\/ksproducts.ca\/fr\/wp-json\/wp\/v2\/comments?post=11843"}],"version-history":[{"count":1,"href":"https:\/\/ksproducts.ca\/fr\/wp-json\/wp\/v2\/product\/11843\/revisions"}],"predecessor-version":[{"id":11845,"href":"https:\/\/ksproducts.ca\/fr\/wp-json\/wp\/v2\/product\/11843\/revisions\/11845"}],"wp:featuredmedia":[{"embeddable":true,"href":"https:\/\/ksproducts.ca\/fr\/wp-json\/wp\/v2\/media\/11844"}],"wp:attachment":[{"href":"https:\/\/ksproducts.ca\/fr\/wp-json\/wp\/v2\/media?parent=11843"}],"wp:term":[{"taxonomy":"product_cat","embeddable":true,"href":"https:\/\/ksproducts.ca\/fr\/wp-json\/wp\/v2\/product_cat?post=11843"},{"taxonomy":"product_tag","embeddable":true,"href":"https:\/\/ksproducts.ca\/fr\/wp-json\/wp\/v2\/product_tag?post=11843"}],"curies":[{"name":"wp","href":"https:\/\/api.w.org\/{rel}","templated":true}]}}