{"id":11850,"date":"2026-03-06T14:53:17","date_gmt":"2026-03-06T14:53:17","guid":{"rendered":"https:\/\/ksproducts.ca\/?post_type=product&#038;p=11850"},"modified":"2026-03-06T14:53:17","modified_gmt":"2026-03-06T14:53:17","slug":"blackstone-original-series-soft-cover-for-22inch-tabletop-griddle","status":"publish","type":"product","link":"https:\/\/ksproducts.ca\/fr\/product\/blackstone-original-series-soft-cover-for-22inch-tabletop-griddle\/","title":{"rendered":"Blackstone Original Series Soft Cover for 22inch Tabletop Griddle (housse souple pour gril de table de 22 pouces)"},"content":{"rendered":"<ul class=\"title-block_features__oR3xh\" data-testid=\"product-features\">\n<li>Con\u00e7u pour s'adapter aux grils Blackstone 22 pouces, aux grils 22 pouces avec couvercle et aux grils 22 pouces avec couvercle rigide.<\/li>\n<li>Fabriqu\u00e9 dans des mat\u00e9riaux r\u00e9sistants aux intemp\u00e9ries avec des coutures renforc\u00e9es.<\/li>\n<li>Comprend une base resserr\u00e9e pour un ajustement s\u00fbr.<\/li>\n<\/ul>","protected":false},"excerpt":{"rendered":"<p>Con\u00e7ue pour s'adapter \u00e0 la plaque de cuisson Blackstone 22\u201d, y compris les mod\u00e8les dot\u00e9s d'un capot ou d'un couvercle rigide, cette housse est fabriqu\u00e9e \u00e0 partir de mat\u00e9riaux durables et r\u00e9sistants aux intemp\u00e9ries, avec des coutures renforc\u00e9es pour une protection durable. Une base cintr\u00e9e garantit un ajustement s\u00fbr pour prot\u00e9ger votre plaque de cuisson des intemp\u00e9ries.<\/p>","protected":false},"featured_media":11851,"comment_status":"open","ping_status":"closed","template":"","meta":[],"product_cat":[437],"product_tag":[],"class_list":{"0":"post-11850","1":"product","2":"type-product","3":"status-publish","4":"has-post-thumbnail","6":"product_cat-covers-cases","7":"product_shipping_class-class-1","9":"first","10":"instock","11":"taxable","12":"shipping-taxable","13":"purchasable","14":"product-type-simple"},"yoast_head":"<!-- This site is optimized with the Yoast SEO plugin v27.3 - https:\/\/yoast.com\/product\/yoast-seo-wordpress\/ -->\n<title>Blackstone Original Series Soft Cover for 22inch Tabletop Griddle - Ks Products<\/title>\n<meta name=\"robots\" content=\"index, follow, max-snippet:-1, max-image-preview:large, max-video-preview:-1\" \/>\n<link rel=\"canonical\" href=\"https:\/\/ksproducts.ca\/fr\/product\/blackstone-original-series-soft-cover-for-22inch-tabletop-griddle\/\" \/>\n<meta property=\"og:locale\" content=\"fr_CA\" \/>\n<meta property=\"og:type\" content=\"article\" \/>\n<meta property=\"og:title\" content=\"Blackstone Original Series Soft Cover for 22inch Tabletop Griddle - Ks Products\" \/>\n<meta property=\"og:description\" content=\"Designed to fit the Blackstone 22\u201d Griddle, including models with a hood or hard cover, this cover is made from durable, weather-resistant materials with reinforced stitching for long-lasting protection. A cinched base ensures a secure fit to keep your griddle protected from the elements.\" \/>\n<meta property=\"og:url\" content=\"https:\/\/ksproducts.ca\/fr\/product\/blackstone-original-series-soft-cover-for-22inch-tabletop-griddle\/\" \/>\n<meta property=\"og:site_name\" content=\"Ks Products\" \/>\n<meta property=\"og:image\" content=\"https:\/\/ksproducts.ca\/wp-content\/uploads\/2026\/03\/Blackstone-Original-Series-Soft-Cover-for-22inch-Tabletop-Griddle.jpg\" \/>\n\t<meta property=\"og:image:width\" content=\"768\" \/>\n\t<meta property=\"og:image:height\" content=\"505\" \/>\n\t<meta property=\"og:image:type\" content=\"image\/jpeg\" \/>\n<meta name=\"twitter:card\" content=\"summary_large_image\" \/>\n<meta name=\"twitter:label1\" content=\"Estimation du temps de lecture\" \/>\n\t<meta name=\"twitter:data1\" content=\"1 minute\" \/>\n<script type=\"application\/ld+json\" class=\"yoast-schema-graph\">{\"@context\":\"https:\\\/\\\/schema.org\",\"@graph\":[{\"@type\":\"WebPage\",\"@id\":\"https:\\\/\\\/ksproducts.ca\\\/product\\\/blackstone-original-series-soft-cover-for-22inch-tabletop-griddle\\\/\",\"url\":\"https:\\\/\\\/ksproducts.ca\\\/product\\\/blackstone-original-series-soft-cover-for-22inch-tabletop-griddle\\\/\",\"name\":\"Blackstone Original Series Soft Cover for 22inch Tabletop Griddle - Ks Products\",\"isPartOf\":{\"@id\":\"https:\\\/\\\/ksproducts.ca\\\/#website\"},\"primaryImageOfPage\":{\"@id\":\"https:\\\/\\\/ksproducts.ca\\\/product\\\/blackstone-original-series-soft-cover-for-22inch-tabletop-griddle\\\/#primaryimage\"},\"image\":{\"@id\":\"https:\\\/\\\/ksproducts.ca\\\/product\\\/blackstone-original-series-soft-cover-for-22inch-tabletop-griddle\\\/#primaryimage\"},\"thumbnailUrl\":\"https:\\\/\\\/ksproducts.ca\\\/wp-content\\\/uploads\\\/2026\\\/03\\\/Blackstone-Original-Series-Soft-Cover-for-22inch-Tabletop-Griddle.jpg\",\"datePublished\":\"2026-03-06T14:53:17+00:00\",\"breadcrumb\":{\"@id\":\"https:\\\/\\\/ksproducts.ca\\\/product\\\/blackstone-original-series-soft-cover-for-22inch-tabletop-griddle\\\/#breadcrumb\"},\"inLanguage\":\"fr-CA\",\"potentialAction\":[{\"@type\":\"ReadAction\",\"target\":[\"https:\\\/\\\/ksproducts.ca\\\/product\\\/blackstone-original-series-soft-cover-for-22inch-tabletop-griddle\\\/\"]}]},{\"@type\":\"ImageObject\",\"inLanguage\":\"fr-CA\",\"@id\":\"https:\\\/\\\/ksproducts.ca\\\/product\\\/blackstone-original-series-soft-cover-for-22inch-tabletop-griddle\\\/#primaryimage\",\"url\":\"https:\\\/\\\/ksproducts.ca\\\/wp-content\\\/uploads\\\/2026\\\/03\\\/Blackstone-Original-Series-Soft-Cover-for-22inch-Tabletop-Griddle.jpg\",\"contentUrl\":\"https:\\\/\\\/ksproducts.ca\\\/wp-content\\\/uploads\\\/2026\\\/03\\\/Blackstone-Original-Series-Soft-Cover-for-22inch-Tabletop-Griddle.jpg\",\"width\":768,\"height\":505,\"caption\":\"Blackstone Original Series Soft Cover for 22inch Tabletop Griddle\"},{\"@type\":\"BreadcrumbList\",\"@id\":\"https:\\\/\\\/ksproducts.ca\\\/product\\\/blackstone-original-series-soft-cover-for-22inch-tabletop-griddle\\\/#breadcrumb\",\"itemListElement\":[{\"@type\":\"ListItem\",\"position\":1,\"name\":\"Home\",\"item\":\"https:\\\/\\\/ksproducts.ca\\\/\"},{\"@type\":\"ListItem\",\"position\":2,\"name\":\"Shop\",\"item\":\"https:\\\/\\\/ksproducts.ca\\\/shop\\\/\"},{\"@type\":\"ListItem\",\"position\":3,\"name\":\"Blackstone Original Series Soft Cover for 22inch Tabletop Griddle\"}]},{\"@type\":\"WebSite\",\"@id\":\"https:\\\/\\\/ksproducts.ca\\\/#website\",\"url\":\"https:\\\/\\\/ksproducts.ca\\\/\",\"name\":\"Ks Products\",\"description\":\"Outdoor cooking and living, made easy in Canada\",\"publisher\":{\"@id\":\"https:\\\/\\\/ksproducts.ca\\\/#organization\"},\"potentialAction\":[{\"@type\":\"SearchAction\",\"target\":{\"@type\":\"EntryPoint\",\"urlTemplate\":\"https:\\\/\\\/ksproducts.ca\\\/?s={search_term_string}\"},\"query-input\":{\"@type\":\"PropertyValueSpecification\",\"valueRequired\":true,\"valueName\":\"search_term_string\"}}],\"inLanguage\":\"fr-CA\"},{\"@type\":\"Organization\",\"@id\":\"https:\\\/\\\/ksproducts.ca\\\/#organization\",\"name\":\"Ks Products\",\"url\":\"https:\\\/\\\/ksproducts.ca\\\/\",\"logo\":{\"@type\":\"ImageObject\",\"inLanguage\":\"fr-CA\",\"@id\":\"https:\\\/\\\/ksproducts.ca\\\/#\\\/schema\\\/logo\\\/image\\\/\",\"url\":\"https:\\\/\\\/ksproducts.ca\\\/wp-content\\\/uploads\\\/2023\\\/09\\\/Kennedy-Sales-Logo-header-1.png\",\"contentUrl\":\"https:\\\/\\\/ksproducts.ca\\\/wp-content\\\/uploads\\\/2023\\\/09\\\/Kennedy-Sales-Logo-header-1.png\",\"width\":150,\"height\":77,\"caption\":\"Ks Products\"},\"image\":{\"@id\":\"https:\\\/\\\/ksproducts.ca\\\/#\\\/schema\\\/logo\\\/image\\\/\"}}]}<\/script>\n<!-- \/ Yoast SEO plugin. -->","yoast_head_json":{"title":"Blackstone Original Series Soft Cover for 22inch Tabletop Griddle - Ks Products","robots":{"index":"index","follow":"follow","max-snippet":"max-snippet:-1","max-image-preview":"max-image-preview:large","max-video-preview":"max-video-preview:-1"},"canonical":"https:\/\/ksproducts.ca\/fr\/product\/blackstone-original-series-soft-cover-for-22inch-tabletop-griddle\/","og_locale":"fr_CA","og_type":"article","og_title":"Blackstone Original Series Soft Cover for 22inch Tabletop Griddle - Ks Products","og_description":"Designed to fit the Blackstone 22\u201d Griddle, including models with a hood or hard cover, this cover is made from durable, weather-resistant materials with reinforced stitching for long-lasting protection. A cinched base ensures a secure fit to keep your griddle protected from the elements.","og_url":"https:\/\/ksproducts.ca\/fr\/product\/blackstone-original-series-soft-cover-for-22inch-tabletop-griddle\/","og_site_name":"Ks Products","og_image":[{"width":768,"height":505,"url":"https:\/\/ksproducts.ca\/wp-content\/uploads\/2026\/03\/Blackstone-Original-Series-Soft-Cover-for-22inch-Tabletop-Griddle.jpg","type":"image\/jpeg"}],"twitter_card":"summary_large_image","twitter_misc":{"Estimation du temps de lecture":"1 minute"},"schema":{"@context":"https:\/\/schema.org","@graph":[{"@type":"WebPage","@id":"https:\/\/ksproducts.ca\/product\/blackstone-original-series-soft-cover-for-22inch-tabletop-griddle\/","url":"https:\/\/ksproducts.ca\/product\/blackstone-original-series-soft-cover-for-22inch-tabletop-griddle\/","name":"Blackstone Original Series Soft Cover for 22inch Tabletop Griddle - Ks Products","isPartOf":{"@id":"https:\/\/ksproducts.ca\/#website"},"primaryImageOfPage":{"@id":"https:\/\/ksproducts.ca\/product\/blackstone-original-series-soft-cover-for-22inch-tabletop-griddle\/#primaryimage"},"image":{"@id":"https:\/\/ksproducts.ca\/product\/blackstone-original-series-soft-cover-for-22inch-tabletop-griddle\/#primaryimage"},"thumbnailUrl":"https:\/\/ksproducts.ca\/wp-content\/uploads\/2026\/03\/Blackstone-Original-Series-Soft-Cover-for-22inch-Tabletop-Griddle.jpg","datePublished":"2026-03-06T14:53:17+00:00","breadcrumb":{"@id":"https:\/\/ksproducts.ca\/product\/blackstone-original-series-soft-cover-for-22inch-tabletop-griddle\/#breadcrumb"},"inLanguage":"fr-CA","potentialAction":[{"@type":"ReadAction","target":["https:\/\/ksproducts.ca\/product\/blackstone-original-series-soft-cover-for-22inch-tabletop-griddle\/"]}]},{"@type":"ImageObject","inLanguage":"fr-CA","@id":"https:\/\/ksproducts.ca\/product\/blackstone-original-series-soft-cover-for-22inch-tabletop-griddle\/#primaryimage","url":"https:\/\/ksproducts.ca\/wp-content\/uploads\/2026\/03\/Blackstone-Original-Series-Soft-Cover-for-22inch-Tabletop-Griddle.jpg","contentUrl":"https:\/\/ksproducts.ca\/wp-content\/uploads\/2026\/03\/Blackstone-Original-Series-Soft-Cover-for-22inch-Tabletop-Griddle.jpg","width":768,"height":505,"caption":"Blackstone Original Series Soft Cover for 22inch Tabletop Griddle"},{"@type":"BreadcrumbList","@id":"https:\/\/ksproducts.ca\/product\/blackstone-original-series-soft-cover-for-22inch-tabletop-griddle\/#breadcrumb","itemListElement":[{"@type":"ListItem","position":1,"name":"Home","item":"https:\/\/ksproducts.ca\/"},{"@type":"ListItem","position":2,"name":"Shop","item":"https:\/\/ksproducts.ca\/shop\/"},{"@type":"ListItem","position":3,"name":"Blackstone Original Series Soft Cover for 22inch Tabletop Griddle"}]},{"@type":"WebSite","@id":"https:\/\/ksproducts.ca\/#website","url":"https:\/\/ksproducts.ca\/","name":"Produits Ks","description":"Cuisiner et vivre en plein air, c'est facile au Canada","publisher":{"@id":"https:\/\/ksproducts.ca\/#organization"},"potentialAction":[{"@type":"SearchAction","target":{"@type":"EntryPoint","urlTemplate":"https:\/\/ksproducts.ca\/?s={search_term_string}"},"query-input":{"@type":"PropertyValueSpecification","valueRequired":true,"valueName":"search_term_string"}}],"inLanguage":"fr-CA"},{"@type":"Organization","@id":"https:\/\/ksproducts.ca\/#organization","name":"Produits Ks","url":"https:\/\/ksproducts.ca\/","logo":{"@type":"ImageObject","inLanguage":"fr-CA","@id":"https:\/\/ksproducts.ca\/#\/schema\/logo\/image\/","url":"https:\/\/ksproducts.ca\/wp-content\/uploads\/2023\/09\/Kennedy-Sales-Logo-header-1.png","contentUrl":"https:\/\/ksproducts.ca\/wp-content\/uploads\/2023\/09\/Kennedy-Sales-Logo-header-1.png","width":150,"height":77,"caption":"Ks Products"},"image":{"@id":"https:\/\/ksproducts.ca\/#\/schema\/logo\/image\/"}}]}},"_links":{"self":[{"href":"https:\/\/ksproducts.ca\/fr\/wp-json\/wp\/v2\/product\/11850","targetHints":{"allow":["GET"]}}],"collection":[{"href":"https:\/\/ksproducts.ca\/fr\/wp-json\/wp\/v2\/product"}],"about":[{"href":"https:\/\/ksproducts.ca\/fr\/wp-json\/wp\/v2\/types\/product"}],"replies":[{"embeddable":true,"href":"https:\/\/ksproducts.ca\/fr\/wp-json\/wp\/v2\/comments?post=11850"}],"version-history":[{"count":1,"href":"https:\/\/ksproducts.ca\/fr\/wp-json\/wp\/v2\/product\/11850\/revisions"}],"predecessor-version":[{"id":11852,"href":"https:\/\/ksproducts.ca\/fr\/wp-json\/wp\/v2\/product\/11850\/revisions\/11852"}],"wp:featuredmedia":[{"embeddable":true,"href":"https:\/\/ksproducts.ca\/fr\/wp-json\/wp\/v2\/media\/11851"}],"wp:attachment":[{"href":"https:\/\/ksproducts.ca\/fr\/wp-json\/wp\/v2\/media?parent=11850"}],"wp:term":[{"taxonomy":"product_cat","embeddable":true,"href":"https:\/\/ksproducts.ca\/fr\/wp-json\/wp\/v2\/product_cat?post=11850"},{"taxonomy":"product_tag","embeddable":true,"href":"https:\/\/ksproducts.ca\/fr\/wp-json\/wp\/v2\/product_tag?post=11850"}],"curies":[{"name":"wp","href":"https:\/\/api.w.org\/{rel}","templated":true}]}}