{"id":11853,"date":"2026-03-06T14:56:41","date_gmt":"2026-03-06T14:56:41","guid":{"rendered":"https:\/\/ksproducts.ca\/?post_type=product&#038;p=11853"},"modified":"2026-03-06T14:56:41","modified_gmt":"2026-03-06T14:56:41","slug":"tapis-de-protection-en-silicone-original-series-blackstone-pour-plancha-jusqua-22-pouces","status":"publish","type":"product","link":"https:\/\/ksproducts.ca\/fr\/product\/blackstone-original-series-silicone-griddle-top-protection-mat-for-up-to-22inch-griddle\/","title":{"rendered":"Blackstone Original Series Silicone Griddle Top Protection Mat for up to 22inch Griddle (tapis de protection du dessus de gril en silicone pour gril jusqu'\u00e0 22 pouces)"},"content":{"rendered":"<ul class=\"title-block_features__oR3xh\" data-testid=\"product-features\">\n<li>Tapis sup\u00e9rieur robuste en silicone con\u00e7u pour s'adapter aux dessus de plancha de 17\u201d et 22\u201d en pliant le tapis \u00e0 la bonne taille.<\/li>\n<li>Couvre le dessus de la plancha, assurant qu'il reste propre et prot\u00e9g\u00e9 lorsqu'il n'est pas utilis\u00e9.<\/li>\n<li>Comprend des aimants int\u00e9gr\u00e9s pour maintenir le tapis en place sur la plaque \u00e0 griller. Graisse arri\u00e8re.<\/li>\n<li>Ne pas placer sur des surfaces chaudes ou ti\u00e8des.<\/li>\n<li>Garantie d'un an.<\/li>\n<\/ul>","protected":false},"excerpt":{"rendered":"<p>Le tapis de protection du dessus de la plaque de cuisson de 22 pouces est con\u00e7u pour \u00eatre pli\u00e9 afin de s'adapter aux plaques de cuisson Blackstone de 17 ou 22 pouces et de prot\u00e9ger la plaque de cuisson contre les \u00e9l\u00e9ments et les d\u00e9bris. Veillez \u00e0 ce que votre investissement soit bien prot\u00e9g\u00e9 !<\/p>","protected":false},"featured_media":11854,"comment_status":"open","ping_status":"closed","template":"","meta":[],"product_cat":[437],"product_tag":[],"class_list":{"0":"post-11853","1":"product","2":"type-product","3":"status-publish","4":"has-post-thumbnail","6":"product_cat-covers-cases","7":"product_shipping_class-class-1","9":"first","10":"instock","11":"taxable","12":"shipping-taxable","13":"purchasable","14":"product-type-simple"},"yoast_head":"<!-- This site is optimized with the Yoast SEO plugin v27.3 - https:\/\/yoast.com\/product\/yoast-seo-wordpress\/ -->\n<title>Blackstone Original Series Silicone Griddle Top Protection Mat for up to 22inch Griddle - Ks Products<\/title>\n<meta name=\"robots\" content=\"index, follow, max-snippet:-1, max-image-preview:large, max-video-preview:-1\" \/>\n<link rel=\"canonical\" href=\"https:\/\/ksproducts.ca\/fr\/product\/tapis-de-protection-en-silicone-original-series-blackstone-pour-plancha-jusqua-22-pouces\/\" \/>\n<meta property=\"og:locale\" content=\"fr_CA\" \/>\n<meta property=\"og:type\" content=\"article\" \/>\n<meta property=\"og:title\" content=\"Blackstone Original Series Silicone Griddle Top Protection Mat for up to 22inch Griddle - Ks Products\" \/>\n<meta property=\"og:description\" content=\"The 22\u201d Griddle Top Protection Mat is designed to be folded to fit 17\u201d or 22\u201d Blackstone griddles to protect the griddle plate from the elements and debris. Ensure your investment is well-protected!\" \/>\n<meta property=\"og:url\" content=\"https:\/\/ksproducts.ca\/fr\/product\/tapis-de-protection-en-silicone-original-series-blackstone-pour-plancha-jusqua-22-pouces\/\" \/>\n<meta property=\"og:site_name\" content=\"Ks Products\" \/>\n<meta property=\"og:image\" content=\"https:\/\/ksproducts.ca\/wp-content\/uploads\/2026\/03\/Blackstone-Original-Series-Silicone-Griddle-Top-Protection-Mat-for-up-to-22inch-Griddle.jpg\" \/>\n\t<meta property=\"og:image:width\" content=\"702\" \/>\n\t<meta property=\"og:image:height\" content=\"655\" \/>\n\t<meta property=\"og:image:type\" content=\"image\/jpeg\" \/>\n<meta name=\"twitter:card\" content=\"summary_large_image\" \/>\n<meta name=\"twitter:label1\" content=\"Estimation du temps de lecture\" \/>\n\t<meta name=\"twitter:data1\" content=\"1 minute\" \/>\n<script type=\"application\/ld+json\" class=\"yoast-schema-graph\">{\"@context\":\"https:\\\/\\\/schema.org\",\"@graph\":[{\"@type\":\"WebPage\",\"@id\":\"https:\\\/\\\/ksproducts.ca\\\/product\\\/blackstone-original-series-silicone-griddle-top-protection-mat-for-up-to-22inch-griddle\\\/\",\"url\":\"https:\\\/\\\/ksproducts.ca\\\/product\\\/blackstone-original-series-silicone-griddle-top-protection-mat-for-up-to-22inch-griddle\\\/\",\"name\":\"Blackstone Original Series Silicone Griddle Top Protection Mat for up to 22inch Griddle - Ks Products\",\"isPartOf\":{\"@id\":\"https:\\\/\\\/ksproducts.ca\\\/#website\"},\"primaryImageOfPage\":{\"@id\":\"https:\\\/\\\/ksproducts.ca\\\/product\\\/blackstone-original-series-silicone-griddle-top-protection-mat-for-up-to-22inch-griddle\\\/#primaryimage\"},\"image\":{\"@id\":\"https:\\\/\\\/ksproducts.ca\\\/product\\\/blackstone-original-series-silicone-griddle-top-protection-mat-for-up-to-22inch-griddle\\\/#primaryimage\"},\"thumbnailUrl\":\"https:\\\/\\\/ksproducts.ca\\\/wp-content\\\/uploads\\\/2026\\\/03\\\/Blackstone-Original-Series-Silicone-Griddle-Top-Protection-Mat-for-up-to-22inch-Griddle.jpg\",\"datePublished\":\"2026-03-06T14:56:41+00:00\",\"breadcrumb\":{\"@id\":\"https:\\\/\\\/ksproducts.ca\\\/product\\\/blackstone-original-series-silicone-griddle-top-protection-mat-for-up-to-22inch-griddle\\\/#breadcrumb\"},\"inLanguage\":\"fr-CA\",\"potentialAction\":[{\"@type\":\"ReadAction\",\"target\":[\"https:\\\/\\\/ksproducts.ca\\\/product\\\/blackstone-original-series-silicone-griddle-top-protection-mat-for-up-to-22inch-griddle\\\/\"]}]},{\"@type\":\"ImageObject\",\"inLanguage\":\"fr-CA\",\"@id\":\"https:\\\/\\\/ksproducts.ca\\\/product\\\/blackstone-original-series-silicone-griddle-top-protection-mat-for-up-to-22inch-griddle\\\/#primaryimage\",\"url\":\"https:\\\/\\\/ksproducts.ca\\\/wp-content\\\/uploads\\\/2026\\\/03\\\/Blackstone-Original-Series-Silicone-Griddle-Top-Protection-Mat-for-up-to-22inch-Griddle.jpg\",\"contentUrl\":\"https:\\\/\\\/ksproducts.ca\\\/wp-content\\\/uploads\\\/2026\\\/03\\\/Blackstone-Original-Series-Silicone-Griddle-Top-Protection-Mat-for-up-to-22inch-Griddle.jpg\",\"width\":702,\"height\":655,\"caption\":\"Blackstone Original Series Silicone Griddle Top Protection Mat for up to 22inch Griddle\"},{\"@type\":\"BreadcrumbList\",\"@id\":\"https:\\\/\\\/ksproducts.ca\\\/product\\\/blackstone-original-series-silicone-griddle-top-protection-mat-for-up-to-22inch-griddle\\\/#breadcrumb\",\"itemListElement\":[{\"@type\":\"ListItem\",\"position\":1,\"name\":\"Home\",\"item\":\"https:\\\/\\\/ksproducts.ca\\\/\"},{\"@type\":\"ListItem\",\"position\":2,\"name\":\"Shop\",\"item\":\"https:\\\/\\\/ksproducts.ca\\\/shop\\\/\"},{\"@type\":\"ListItem\",\"position\":3,\"name\":\"Blackstone Original Series Silicone Griddle Top Protection Mat for up to 22inch Griddle\"}]},{\"@type\":\"WebSite\",\"@id\":\"https:\\\/\\\/ksproducts.ca\\\/#website\",\"url\":\"https:\\\/\\\/ksproducts.ca\\\/\",\"name\":\"Ks Products\",\"description\":\"Outdoor cooking and living, made easy in Canada\",\"publisher\":{\"@id\":\"https:\\\/\\\/ksproducts.ca\\\/#organization\"},\"potentialAction\":[{\"@type\":\"SearchAction\",\"target\":{\"@type\":\"EntryPoint\",\"urlTemplate\":\"https:\\\/\\\/ksproducts.ca\\\/?s={search_term_string}\"},\"query-input\":{\"@type\":\"PropertyValueSpecification\",\"valueRequired\":true,\"valueName\":\"search_term_string\"}}],\"inLanguage\":\"fr-CA\"},{\"@type\":\"Organization\",\"@id\":\"https:\\\/\\\/ksproducts.ca\\\/#organization\",\"name\":\"Ks Products\",\"url\":\"https:\\\/\\\/ksproducts.ca\\\/\",\"logo\":{\"@type\":\"ImageObject\",\"inLanguage\":\"fr-CA\",\"@id\":\"https:\\\/\\\/ksproducts.ca\\\/#\\\/schema\\\/logo\\\/image\\\/\",\"url\":\"https:\\\/\\\/ksproducts.ca\\\/wp-content\\\/uploads\\\/2023\\\/09\\\/Kennedy-Sales-Logo-header-1.png\",\"contentUrl\":\"https:\\\/\\\/ksproducts.ca\\\/wp-content\\\/uploads\\\/2023\\\/09\\\/Kennedy-Sales-Logo-header-1.png\",\"width\":150,\"height\":77,\"caption\":\"Ks Products\"},\"image\":{\"@id\":\"https:\\\/\\\/ksproducts.ca\\\/#\\\/schema\\\/logo\\\/image\\\/\"}}]}<\/script>\n<!-- \/ Yoast SEO plugin. -->","yoast_head_json":{"title":"Tapis de protection en silicone pour plaque chauffante Blackstone - S\u00e9rie originale, pour plaques jusqu'\u00e0 22 pouces - Ks Products","robots":{"index":"index","follow":"follow","max-snippet":"max-snippet:-1","max-image-preview":"max-image-preview:large","max-video-preview":"max-video-preview:-1"},"canonical":"https:\/\/ksproducts.ca\/fr\/product\/tapis-de-protection-en-silicone-original-series-blackstone-pour-plancha-jusqua-22-pouces\/","og_locale":"fr_CA","og_type":"article","og_title":"Blackstone Original Series Silicone Griddle Top Protection Mat for up to 22inch Griddle - Ks Products","og_description":"The 22\u201d Griddle Top Protection Mat is designed to be folded to fit 17\u201d or 22\u201d Blackstone griddles to protect the griddle plate from the elements and debris. Ensure your investment is well-protected!","og_url":"https:\/\/ksproducts.ca\/fr\/product\/tapis-de-protection-en-silicone-original-series-blackstone-pour-plancha-jusqua-22-pouces\/","og_site_name":"Ks Products","og_image":[{"width":702,"height":655,"url":"https:\/\/ksproducts.ca\/wp-content\/uploads\/2026\/03\/Blackstone-Original-Series-Silicone-Griddle-Top-Protection-Mat-for-up-to-22inch-Griddle.jpg","type":"image\/jpeg"}],"twitter_card":"summary_large_image","twitter_misc":{"Estimation du temps de lecture":"1 minute"},"schema":{"@context":"https:\/\/schema.org","@graph":[{"@type":"WebPage","@id":"https:\/\/ksproducts.ca\/product\/blackstone-original-series-silicone-griddle-top-protection-mat-for-up-to-22inch-griddle\/","url":"https:\/\/ksproducts.ca\/product\/blackstone-original-series-silicone-griddle-top-protection-mat-for-up-to-22inch-griddle\/","name":"Tapis de protection en silicone pour plaque chauffante Blackstone - S\u00e9rie originale, pour plaques jusqu'\u00e0 22 pouces - Ks Products","isPartOf":{"@id":"https:\/\/ksproducts.ca\/#website"},"primaryImageOfPage":{"@id":"https:\/\/ksproducts.ca\/product\/blackstone-original-series-silicone-griddle-top-protection-mat-for-up-to-22inch-griddle\/#primaryimage"},"image":{"@id":"https:\/\/ksproducts.ca\/product\/blackstone-original-series-silicone-griddle-top-protection-mat-for-up-to-22inch-griddle\/#primaryimage"},"thumbnailUrl":"https:\/\/ksproducts.ca\/wp-content\/uploads\/2026\/03\/Blackstone-Original-Series-Silicone-Griddle-Top-Protection-Mat-for-up-to-22inch-Griddle.jpg","datePublished":"2026-03-06T14:56:41+00:00","breadcrumb":{"@id":"https:\/\/ksproducts.ca\/product\/blackstone-original-series-silicone-griddle-top-protection-mat-for-up-to-22inch-griddle\/#breadcrumb"},"inLanguage":"fr-CA","potentialAction":[{"@type":"ReadAction","target":["https:\/\/ksproducts.ca\/product\/blackstone-original-series-silicone-griddle-top-protection-mat-for-up-to-22inch-griddle\/"]}]},{"@type":"ImageObject","inLanguage":"fr-CA","@id":"https:\/\/ksproducts.ca\/product\/blackstone-original-series-silicone-griddle-top-protection-mat-for-up-to-22inch-griddle\/#primaryimage","url":"https:\/\/ksproducts.ca\/wp-content\/uploads\/2026\/03\/Blackstone-Original-Series-Silicone-Griddle-Top-Protection-Mat-for-up-to-22inch-Griddle.jpg","contentUrl":"https:\/\/ksproducts.ca\/wp-content\/uploads\/2026\/03\/Blackstone-Original-Series-Silicone-Griddle-Top-Protection-Mat-for-up-to-22inch-Griddle.jpg","width":702,"height":655,"caption":"Blackstone Original Series Silicone Griddle Top Protection Mat for up to 22inch Griddle"},{"@type":"BreadcrumbList","@id":"https:\/\/ksproducts.ca\/product\/blackstone-original-series-silicone-griddle-top-protection-mat-for-up-to-22inch-griddle\/#breadcrumb","itemListElement":[{"@type":"ListItem","position":1,"name":"Home","item":"https:\/\/ksproducts.ca\/"},{"@type":"ListItem","position":2,"name":"Shop","item":"https:\/\/ksproducts.ca\/shop\/"},{"@type":"ListItem","position":3,"name":"Blackstone Original Series Silicone Griddle Top Protection Mat for up to 22inch Griddle"}]},{"@type":"WebSite","@id":"https:\/\/ksproducts.ca\/#website","url":"https:\/\/ksproducts.ca\/","name":"Produits Ks","description":"Cuisiner et vivre en plein air, c'est facile au Canada","publisher":{"@id":"https:\/\/ksproducts.ca\/#organization"},"potentialAction":[{"@type":"SearchAction","target":{"@type":"EntryPoint","urlTemplate":"https:\/\/ksproducts.ca\/?s={search_term_string}"},"query-input":{"@type":"PropertyValueSpecification","valueRequired":true,"valueName":"search_term_string"}}],"inLanguage":"fr-CA"},{"@type":"Organization","@id":"https:\/\/ksproducts.ca\/#organization","name":"Produits Ks","url":"https:\/\/ksproducts.ca\/","logo":{"@type":"ImageObject","inLanguage":"fr-CA","@id":"https:\/\/ksproducts.ca\/#\/schema\/logo\/image\/","url":"https:\/\/ksproducts.ca\/wp-content\/uploads\/2023\/09\/Kennedy-Sales-Logo-header-1.png","contentUrl":"https:\/\/ksproducts.ca\/wp-content\/uploads\/2023\/09\/Kennedy-Sales-Logo-header-1.png","width":150,"height":77,"caption":"Ks Products"},"image":{"@id":"https:\/\/ksproducts.ca\/#\/schema\/logo\/image\/"}}]}},"_links":{"self":[{"href":"https:\/\/ksproducts.ca\/fr\/wp-json\/wp\/v2\/product\/11853","targetHints":{"allow":["GET"]}}],"collection":[{"href":"https:\/\/ksproducts.ca\/fr\/wp-json\/wp\/v2\/product"}],"about":[{"href":"https:\/\/ksproducts.ca\/fr\/wp-json\/wp\/v2\/types\/product"}],"replies":[{"embeddable":true,"href":"https:\/\/ksproducts.ca\/fr\/wp-json\/wp\/v2\/comments?post=11853"}],"version-history":[{"count":1,"href":"https:\/\/ksproducts.ca\/fr\/wp-json\/wp\/v2\/product\/11853\/revisions"}],"predecessor-version":[{"id":11855,"href":"https:\/\/ksproducts.ca\/fr\/wp-json\/wp\/v2\/product\/11853\/revisions\/11855"}],"wp:featuredmedia":[{"embeddable":true,"href":"https:\/\/ksproducts.ca\/fr\/wp-json\/wp\/v2\/media\/11854"}],"wp:attachment":[{"href":"https:\/\/ksproducts.ca\/fr\/wp-json\/wp\/v2\/media?parent=11853"}],"wp:term":[{"taxonomy":"product_cat","embeddable":true,"href":"https:\/\/ksproducts.ca\/fr\/wp-json\/wp\/v2\/product_cat?post=11853"},{"taxonomy":"product_tag","embeddable":true,"href":"https:\/\/ksproducts.ca\/fr\/wp-json\/wp\/v2\/product_tag?post=11853"}],"curies":[{"name":"wp","href":"https:\/\/api.w.org\/{rel}","templated":true}]}}