{"id":11856,"date":"2026-03-06T14:59:51","date_gmt":"2026-03-06T14:59:51","guid":{"rendered":"https:\/\/ksproducts.ca\/?post_type=product&#038;p=11856"},"modified":"2026-03-06T15:06:51","modified_gmt":"2026-03-06T15:06:51","slug":"blackstone-28inch-3-burner-drop-in-griddle-with-hood-and-propane-ready-configuration","status":"publish","type":"product","link":"https:\/\/ksproducts.ca\/fr\/product\/blackstone-28inch-3-burner-drop-in-griddle-with-hood-and-propane-ready-configuration\/","title":{"rendered":"Gril de 28 pouces \u00e0 3 br\u00fbleurs avec hotte et configuration pr\u00eate pour le propane"},"content":{"rendered":"<ul>\n<li data-section-id=\"1rxc39v\" data-start=\"329\" data-end=\"441\">\n<p data-start=\"331\" data-end=\"441\">Technologie de plaque de gril Omnivore pour une mont\u00e9e en temp\u00e9rature plus rapide, une meilleure r\u00e9cup\u00e9ration de la chaleur et un meilleur rendement \u00e9nerg\u00e9tique.<\/p>\n<\/li>\n<li data-section-id=\"urxhws\" data-start=\"442\" data-end=\"508\">\n<p data-start=\"444\" data-end=\"508\">La hotte int\u00e9gr\u00e9e prot\u00e8ge la surface de la plaque de cuisson lorsqu'elle n'est pas utilis\u00e9e<\/p>\n<\/li>\n<li data-section-id=\"1vrx57u\" data-start=\"509\" data-end=\"607\">\n<p data-start=\"511\" data-end=\"607\">L'allumage \u00e9lectrique automatique \u201cSafe Start\u201d coupe le gaz si l'allumage ne fonctionne pas afin d'\u00e9viter l'accumulation de gaz.<\/p>\n<\/li>\n<li data-section-id=\"1szefpz\" data-start=\"608\" data-end=\"710\">\n<p data-start=\"610\" data-end=\"710\">Trois zones de chaleur contr\u00f4l\u00e9es ind\u00e9pendamment pour la cuisson de plusieurs aliments \u00e0 des temp\u00e9ratures diff\u00e9rentes<\/p>\n<\/li>\n<li data-section-id=\"1wfw1dp\" data-start=\"711\" data-end=\"779\">\n<p data-start=\"713\" data-end=\"779\">Gestion des graisses \u00e0 l'arri\u00e8re par acc\u00e8s frontal pour une \u00e9limination facile des graisses<\/p>\n<\/li>\n<li data-section-id=\"1xa0cjl\" data-start=\"780\" data-end=\"834\">\n<p data-start=\"782\" data-end=\"834\">\u00c9clairage de la zone de cuisson par des flaques d'eau<\/p>\n<\/li>\n<li data-section-id=\"k9orbd\" data-start=\"835\" data-end=\"870\">\n<p data-start=\"837\" data-end=\"870\">Configuration pr\u00eate pour le propane<\/p>\n<\/li>\n<li data-section-id=\"bihovv\" data-start=\"871\" data-end=\"966\" data-is-last-node=\"\">\n<p data-start=\"873\" data-end=\"966\" data-is-last-node=\"\">Gaine isolante requise pour l'installation dans des environnements combustibles (vendue s\u00e9par\u00e9ment)<\/p>\n<\/li>\n<\/ul>","protected":false},"excerpt":{"rendered":"<p>Am\u00e9liorez votre exp\u00e9rience culinaire en plein air avec la plaque de cuisson Blackstone 28\u201d avec hotte. Cette plaque robuste est pr\u00eate \u00e0 fonctionner, que vous pr\u00e9pariez le petit d\u00e9jeuner, le d\u00e9jeuner ou le d\u00eener. Dot\u00e9e de caract\u00e9ristiques de pointe telles que des voyants DEL sur les boutons pour l'allumage et l'\u00e9tat de la flamme, un \u00e9clairage ambiant des flaques d'eau, un allumage s\u00fbr et trois zones de chaleur contr\u00f4l\u00e9es ind\u00e9pendamment, cette plaque est le premier choix. Le syst\u00e8me de gestion de la graisse arri\u00e8re \u00e0 acc\u00e8s frontal ajoute \u00e0 la commodit\u00e9 en permettant d'acc\u00e9der facilement au bac \u00e0 graisse arri\u00e8re depuis l'avant de la plancha. Que vous construisiez votre cuisine ext\u00e9rieure personnalis\u00e9e ou un \u00eelot de barbecue, cette plaque est le choix ultime pour faire de vos r\u00eaves culinaires une r\u00e9alit\u00e9.<\/p>","protected":false},"featured_media":11857,"comment_status":"open","ping_status":"closed","template":"","meta":[],"product_cat":[405],"product_tag":[],"class_list":{"0":"post-11856","1":"product","2":"type-product","3":"status-publish","4":"has-post-thumbnail","6":"product_cat-28-inch-griddle","7":"product_shipping_class-class-5","9":"first","10":"instock","11":"taxable","12":"shipping-taxable","13":"purchasable","14":"product-type-simple"},"yoast_head":"<!-- This site is optimized with the Yoast SEO plugin v27.3 - https:\/\/yoast.com\/product\/yoast-seo-wordpress\/ -->\n<title>Blackstone 28inch 3-Burner Drop-In Griddle with Hood and Propane-Ready Configuration - Ks Products<\/title>\n<meta name=\"robots\" content=\"index, follow, max-snippet:-1, max-image-preview:large, max-video-preview:-1\" \/>\n<link rel=\"canonical\" href=\"https:\/\/ksproducts.ca\/fr\/product\/blackstone-28inch-3-burner-drop-in-griddle-with-hood-and-propane-ready-configuration\/\" \/>\n<meta property=\"og:locale\" content=\"fr_CA\" \/>\n<meta property=\"og:type\" content=\"article\" \/>\n<meta property=\"og:title\" content=\"Blackstone 28inch 3-Burner Drop-In Griddle with Hood and Propane-Ready Configuration - Ks Products\" \/>\n<meta property=\"og:description\" content=\"Elevate your outdoor culinary experience with the Blackstone 28\u201d Drop-in Griddle with Hood. This robust griddle is ready to roll, whether you\u2019re making breakfast, lunch, or dinner. Equipped with cutting-edge features such as LED lights on the knobs for ignition and flame status, ambient puddle lighting, safe start ignition, and three independently controlled heat zones, this griddle is the premier choice. The front access Rear Grease Management adds convenience by allowing easy access to the rear grease cup from the front of the griddle. Whether you\u2019re building your personalized outdoor kitchen or a BBQ island, this griddle is the ultimate selection for turning your culinary dreams into reality.\" \/>\n<meta property=\"og:url\" content=\"https:\/\/ksproducts.ca\/fr\/product\/blackstone-28inch-3-burner-drop-in-griddle-with-hood-and-propane-ready-configuration\/\" \/>\n<meta property=\"og:site_name\" content=\"Ks Products\" \/>\n<meta property=\"article:modified_time\" content=\"2026-03-06T15:06:51+00:00\" \/>\n<meta property=\"og:image\" content=\"https:\/\/ksproducts.ca\/wp-content\/uploads\/2026\/03\/Blackstone-28inch-3-Burner-Drop-In-Griddle-with-Hood-and-Propane-Ready-Configuration.jpg\" \/>\n\t<meta property=\"og:image:width\" content=\"800\" \/>\n\t<meta property=\"og:image:height\" content=\"800\" \/>\n\t<meta property=\"og:image:type\" content=\"image\/jpeg\" \/>\n<meta name=\"twitter:card\" content=\"summary_large_image\" \/>\n<meta name=\"twitter:label1\" content=\"Estimation du temps de lecture\" \/>\n\t<meta name=\"twitter:data1\" content=\"1 minute\" \/>\n<script type=\"application\/ld+json\" class=\"yoast-schema-graph\">{\"@context\":\"https:\\\/\\\/schema.org\",\"@graph\":[{\"@type\":\"WebPage\",\"@id\":\"https:\\\/\\\/ksproducts.ca\\\/product\\\/blackstone-28inch-3-burner-drop-in-griddle-with-hood-and-propane-ready-configuration\\\/\",\"url\":\"https:\\\/\\\/ksproducts.ca\\\/product\\\/blackstone-28inch-3-burner-drop-in-griddle-with-hood-and-propane-ready-configuration\\\/\",\"name\":\"Blackstone 28inch 3-Burner Drop-In Griddle with Hood and Propane-Ready Configuration - Ks Products\",\"isPartOf\":{\"@id\":\"https:\\\/\\\/ksproducts.ca\\\/#website\"},\"primaryImageOfPage\":{\"@id\":\"https:\\\/\\\/ksproducts.ca\\\/product\\\/blackstone-28inch-3-burner-drop-in-griddle-with-hood-and-propane-ready-configuration\\\/#primaryimage\"},\"image\":{\"@id\":\"https:\\\/\\\/ksproducts.ca\\\/product\\\/blackstone-28inch-3-burner-drop-in-griddle-with-hood-and-propane-ready-configuration\\\/#primaryimage\"},\"thumbnailUrl\":\"https:\\\/\\\/ksproducts.ca\\\/wp-content\\\/uploads\\\/2026\\\/03\\\/Blackstone-28inch-3-Burner-Drop-In-Griddle-with-Hood-and-Propane-Ready-Configuration.jpg\",\"datePublished\":\"2026-03-06T14:59:51+00:00\",\"dateModified\":\"2026-03-06T15:06:51+00:00\",\"breadcrumb\":{\"@id\":\"https:\\\/\\\/ksproducts.ca\\\/product\\\/blackstone-28inch-3-burner-drop-in-griddle-with-hood-and-propane-ready-configuration\\\/#breadcrumb\"},\"inLanguage\":\"fr-CA\",\"potentialAction\":[{\"@type\":\"ReadAction\",\"target\":[\"https:\\\/\\\/ksproducts.ca\\\/product\\\/blackstone-28inch-3-burner-drop-in-griddle-with-hood-and-propane-ready-configuration\\\/\"]}]},{\"@type\":\"ImageObject\",\"inLanguage\":\"fr-CA\",\"@id\":\"https:\\\/\\\/ksproducts.ca\\\/product\\\/blackstone-28inch-3-burner-drop-in-griddle-with-hood-and-propane-ready-configuration\\\/#primaryimage\",\"url\":\"https:\\\/\\\/ksproducts.ca\\\/wp-content\\\/uploads\\\/2026\\\/03\\\/Blackstone-28inch-3-Burner-Drop-In-Griddle-with-Hood-and-Propane-Ready-Configuration.jpg\",\"contentUrl\":\"https:\\\/\\\/ksproducts.ca\\\/wp-content\\\/uploads\\\/2026\\\/03\\\/Blackstone-28inch-3-Burner-Drop-In-Griddle-with-Hood-and-Propane-Ready-Configuration.jpg\",\"width\":800,\"height\":800,\"caption\":\"Blackstone 28inch 3 Burner Drop In Griddle with Hood and Propane Ready Configuration\"},{\"@type\":\"BreadcrumbList\",\"@id\":\"https:\\\/\\\/ksproducts.ca\\\/product\\\/blackstone-28inch-3-burner-drop-in-griddle-with-hood-and-propane-ready-configuration\\\/#breadcrumb\",\"itemListElement\":[{\"@type\":\"ListItem\",\"position\":1,\"name\":\"Home\",\"item\":\"https:\\\/\\\/ksproducts.ca\\\/\"},{\"@type\":\"ListItem\",\"position\":2,\"name\":\"Shop\",\"item\":\"https:\\\/\\\/ksproducts.ca\\\/shop\\\/\"},{\"@type\":\"ListItem\",\"position\":3,\"name\":\"Blackstone 28inch 3-Burner Drop-In Griddle with Hood and Propane-Ready Configuration\"}]},{\"@type\":\"WebSite\",\"@id\":\"https:\\\/\\\/ksproducts.ca\\\/#website\",\"url\":\"https:\\\/\\\/ksproducts.ca\\\/\",\"name\":\"Ks Products\",\"description\":\"Outdoor cooking and living, made easy in Canada\",\"publisher\":{\"@id\":\"https:\\\/\\\/ksproducts.ca\\\/#organization\"},\"potentialAction\":[{\"@type\":\"SearchAction\",\"target\":{\"@type\":\"EntryPoint\",\"urlTemplate\":\"https:\\\/\\\/ksproducts.ca\\\/?s={search_term_string}\"},\"query-input\":{\"@type\":\"PropertyValueSpecification\",\"valueRequired\":true,\"valueName\":\"search_term_string\"}}],\"inLanguage\":\"fr-CA\"},{\"@type\":\"Organization\",\"@id\":\"https:\\\/\\\/ksproducts.ca\\\/#organization\",\"name\":\"Ks Products\",\"url\":\"https:\\\/\\\/ksproducts.ca\\\/\",\"logo\":{\"@type\":\"ImageObject\",\"inLanguage\":\"fr-CA\",\"@id\":\"https:\\\/\\\/ksproducts.ca\\\/#\\\/schema\\\/logo\\\/image\\\/\",\"url\":\"https:\\\/\\\/ksproducts.ca\\\/wp-content\\\/uploads\\\/2023\\\/09\\\/Kennedy-Sales-Logo-header-1.png\",\"contentUrl\":\"https:\\\/\\\/ksproducts.ca\\\/wp-content\\\/uploads\\\/2023\\\/09\\\/Kennedy-Sales-Logo-header-1.png\",\"width\":150,\"height\":77,\"caption\":\"Ks Products\"},\"image\":{\"@id\":\"https:\\\/\\\/ksproducts.ca\\\/#\\\/schema\\\/logo\\\/image\\\/\"}}]}<\/script>\n<!-- \/ Yoast SEO plugin. -->","yoast_head_json":{"title":"Blackstone 28inch 3-Burner Drop-In Griddle with Hood and Propane-Ready Configuration - Ks Products","robots":{"index":"index","follow":"follow","max-snippet":"max-snippet:-1","max-image-preview":"max-image-preview:large","max-video-preview":"max-video-preview:-1"},"canonical":"https:\/\/ksproducts.ca\/fr\/product\/blackstone-28inch-3-burner-drop-in-griddle-with-hood-and-propane-ready-configuration\/","og_locale":"fr_CA","og_type":"article","og_title":"Blackstone 28inch 3-Burner Drop-In Griddle with Hood and Propane-Ready Configuration - Ks Products","og_description":"Elevate your outdoor culinary experience with the Blackstone 28\u201d Drop-in Griddle with Hood. This robust griddle is ready to roll, whether you\u2019re making breakfast, lunch, or dinner. Equipped with cutting-edge features such as LED lights on the knobs for ignition and flame status, ambient puddle lighting, safe start ignition, and three independently controlled heat zones, this griddle is the premier choice. The front access Rear Grease Management adds convenience by allowing easy access to the rear grease cup from the front of the griddle. Whether you\u2019re building your personalized outdoor kitchen or a BBQ island, this griddle is the ultimate selection for turning your culinary dreams into reality.","og_url":"https:\/\/ksproducts.ca\/fr\/product\/blackstone-28inch-3-burner-drop-in-griddle-with-hood-and-propane-ready-configuration\/","og_site_name":"Ks Products","article_modified_time":"2026-03-06T15:06:51+00:00","og_image":[{"width":800,"height":800,"url":"https:\/\/ksproducts.ca\/wp-content\/uploads\/2026\/03\/Blackstone-28inch-3-Burner-Drop-In-Griddle-with-Hood-and-Propane-Ready-Configuration.jpg","type":"image\/jpeg"}],"twitter_card":"summary_large_image","twitter_misc":{"Estimation du temps de lecture":"1 minute"},"schema":{"@context":"https:\/\/schema.org","@graph":[{"@type":"WebPage","@id":"https:\/\/ksproducts.ca\/product\/blackstone-28inch-3-burner-drop-in-griddle-with-hood-and-propane-ready-configuration\/","url":"https:\/\/ksproducts.ca\/product\/blackstone-28inch-3-burner-drop-in-griddle-with-hood-and-propane-ready-configuration\/","name":"Blackstone 28inch 3-Burner Drop-In Griddle with Hood and Propane-Ready Configuration - Ks Products","isPartOf":{"@id":"https:\/\/ksproducts.ca\/#website"},"primaryImageOfPage":{"@id":"https:\/\/ksproducts.ca\/product\/blackstone-28inch-3-burner-drop-in-griddle-with-hood-and-propane-ready-configuration\/#primaryimage"},"image":{"@id":"https:\/\/ksproducts.ca\/product\/blackstone-28inch-3-burner-drop-in-griddle-with-hood-and-propane-ready-configuration\/#primaryimage"},"thumbnailUrl":"https:\/\/ksproducts.ca\/wp-content\/uploads\/2026\/03\/Blackstone-28inch-3-Burner-Drop-In-Griddle-with-Hood-and-Propane-Ready-Configuration.jpg","datePublished":"2026-03-06T14:59:51+00:00","dateModified":"2026-03-06T15:06:51+00:00","breadcrumb":{"@id":"https:\/\/ksproducts.ca\/product\/blackstone-28inch-3-burner-drop-in-griddle-with-hood-and-propane-ready-configuration\/#breadcrumb"},"inLanguage":"fr-CA","potentialAction":[{"@type":"ReadAction","target":["https:\/\/ksproducts.ca\/product\/blackstone-28inch-3-burner-drop-in-griddle-with-hood-and-propane-ready-configuration\/"]}]},{"@type":"ImageObject","inLanguage":"fr-CA","@id":"https:\/\/ksproducts.ca\/product\/blackstone-28inch-3-burner-drop-in-griddle-with-hood-and-propane-ready-configuration\/#primaryimage","url":"https:\/\/ksproducts.ca\/wp-content\/uploads\/2026\/03\/Blackstone-28inch-3-Burner-Drop-In-Griddle-with-Hood-and-Propane-Ready-Configuration.jpg","contentUrl":"https:\/\/ksproducts.ca\/wp-content\/uploads\/2026\/03\/Blackstone-28inch-3-Burner-Drop-In-Griddle-with-Hood-and-Propane-Ready-Configuration.jpg","width":800,"height":800,"caption":"Blackstone 28inch 3 Burner Drop In Griddle with Hood and Propane Ready Configuration"},{"@type":"BreadcrumbList","@id":"https:\/\/ksproducts.ca\/product\/blackstone-28inch-3-burner-drop-in-griddle-with-hood-and-propane-ready-configuration\/#breadcrumb","itemListElement":[{"@type":"ListItem","position":1,"name":"Home","item":"https:\/\/ksproducts.ca\/"},{"@type":"ListItem","position":2,"name":"Shop","item":"https:\/\/ksproducts.ca\/shop\/"},{"@type":"ListItem","position":3,"name":"Blackstone 28inch 3-Burner Drop-In Griddle with Hood and Propane-Ready Configuration"}]},{"@type":"WebSite","@id":"https:\/\/ksproducts.ca\/#website","url":"https:\/\/ksproducts.ca\/","name":"Produits Ks","description":"Cuisiner et vivre en plein air, c'est facile au Canada","publisher":{"@id":"https:\/\/ksproducts.ca\/#organization"},"potentialAction":[{"@type":"SearchAction","target":{"@type":"EntryPoint","urlTemplate":"https:\/\/ksproducts.ca\/?s={search_term_string}"},"query-input":{"@type":"PropertyValueSpecification","valueRequired":true,"valueName":"search_term_string"}}],"inLanguage":"fr-CA"},{"@type":"Organization","@id":"https:\/\/ksproducts.ca\/#organization","name":"Produits Ks","url":"https:\/\/ksproducts.ca\/","logo":{"@type":"ImageObject","inLanguage":"fr-CA","@id":"https:\/\/ksproducts.ca\/#\/schema\/logo\/image\/","url":"https:\/\/ksproducts.ca\/wp-content\/uploads\/2023\/09\/Kennedy-Sales-Logo-header-1.png","contentUrl":"https:\/\/ksproducts.ca\/wp-content\/uploads\/2023\/09\/Kennedy-Sales-Logo-header-1.png","width":150,"height":77,"caption":"Ks Products"},"image":{"@id":"https:\/\/ksproducts.ca\/#\/schema\/logo\/image\/"}}]}},"_links":{"self":[{"href":"https:\/\/ksproducts.ca\/fr\/wp-json\/wp\/v2\/product\/11856","targetHints":{"allow":["GET"]}}],"collection":[{"href":"https:\/\/ksproducts.ca\/fr\/wp-json\/wp\/v2\/product"}],"about":[{"href":"https:\/\/ksproducts.ca\/fr\/wp-json\/wp\/v2\/types\/product"}],"replies":[{"embeddable":true,"href":"https:\/\/ksproducts.ca\/fr\/wp-json\/wp\/v2\/comments?post=11856"}],"version-history":[{"count":1,"href":"https:\/\/ksproducts.ca\/fr\/wp-json\/wp\/v2\/product\/11856\/revisions"}],"predecessor-version":[{"id":11858,"href":"https:\/\/ksproducts.ca\/fr\/wp-json\/wp\/v2\/product\/11856\/revisions\/11858"}],"wp:featuredmedia":[{"embeddable":true,"href":"https:\/\/ksproducts.ca\/fr\/wp-json\/wp\/v2\/media\/11857"}],"wp:attachment":[{"href":"https:\/\/ksproducts.ca\/fr\/wp-json\/wp\/v2\/media?parent=11856"}],"wp:term":[{"taxonomy":"product_cat","embeddable":true,"href":"https:\/\/ksproducts.ca\/fr\/wp-json\/wp\/v2\/product_cat?post=11856"},{"taxonomy":"product_tag","embeddable":true,"href":"https:\/\/ksproducts.ca\/fr\/wp-json\/wp\/v2\/product_tag?post=11856"}],"curies":[{"name":"wp","href":"https:\/\/api.w.org\/{rel}","templated":true}]}}