{"id":11862,"date":"2026-03-06T15:06:03","date_gmt":"2026-03-06T15:06:03","guid":{"rendered":"https:\/\/ksproducts.ca\/?post_type=product&#038;p=11862"},"modified":"2026-03-06T15:06:03","modified_gmt":"2026-03-06T15:06:03","slug":"blackstone-bronco-series-soft-cover-for-28inch-xl-vertical-pellet-smoker-combo","status":"publish","type":"product","link":"https:\/\/ksproducts.ca\/fr\/product\/blackstone-bronco-series-soft-cover-for-28inch-xl-vertical-pellet-smoker-combo\/","title":{"rendered":"Blackstone Bronco Series Soft Cover pour 28inch XL Vertical Pellet Smoker Combo"},"content":{"rendered":"<ul class=\"features-specs-list\">\n<li class=\"acumin\">Con\u00e7u pour s'adapter au Bronco 28\u201d XL Griddle Vertical Pellet Smoker Combo Griddle<\/li>\n<li class=\"acumin\">Fabriqu\u00e9 avec des mat\u00e9riaux r\u00e9sistants aux intemp\u00e9ries et des coutures renforc\u00e9es pour prot\u00e9ger votre investissement du vent, de la pluie et des rayons UV.<\/li>\n<li class=\"acumin\">Comprend des boucles lat\u00e9rales pour garantir que la housse reste en place m\u00eame en cas de vents violents.<\/li>\n<li class=\"acumin\">Garantie d'un an<\/li>\n<\/ul>","protected":false},"excerpt":{"rendered":"<p>Profitez de votre plancha toute l'ann\u00e9e avec la housse Blackstone 28\u201d XL Griddle Vertical Pellet Smoker Combo ! Les mat\u00e9riaux r\u00e9sistants aux intemp\u00e9ries prot\u00e8gent des UV et de l'eau, tandis que les boucles lat\u00e9rales maintiennent la housse bien en place sur votre appareil en cas de vent. Cuisinez de d\u00e9licieux petits d\u00e9jeuners, d\u00e9jeuners et d\u00eeners pour les ann\u00e9es \u00e0 venir avec l'aide de la housse Bronco 28\u201d XL Griddle Vertical Pellet Smoker Combo Cover !<\/p>","protected":false},"featured_media":11863,"comment_status":"open","ping_status":"closed","template":"","meta":[],"product_cat":[405],"product_tag":[],"class_list":{"0":"post-11862","1":"product","2":"type-product","3":"status-publish","4":"has-post-thumbnail","6":"product_cat-28-inch-griddle","7":"product_shipping_class-class-1","9":"first","10":"instock","11":"taxable","12":"shipping-taxable","13":"purchasable","14":"product-type-simple"},"yoast_head":"<!-- This site is optimized with the Yoast SEO plugin v27.3 - https:\/\/yoast.com\/product\/yoast-seo-wordpress\/ -->\n<title>Blackstone Bronco Series Soft Cover for 28inch XL Vertical Pellet Smoker Combo - Ks Products<\/title>\n<meta name=\"robots\" content=\"index, follow, max-snippet:-1, max-image-preview:large, max-video-preview:-1\" \/>\n<link rel=\"canonical\" href=\"https:\/\/ksproducts.ca\/fr\/product\/blackstone-bronco-series-soft-cover-for-28inch-xl-vertical-pellet-smoker-combo\/\" \/>\n<meta property=\"og:locale\" content=\"fr_CA\" \/>\n<meta property=\"og:type\" content=\"article\" \/>\n<meta property=\"og:title\" content=\"Blackstone Bronco Series Soft Cover for 28inch XL Vertical Pellet Smoker Combo - Ks Products\" \/>\n<meta property=\"og:description\" content=\"Enjoy your griddle year-round with the Blackstone 28\u201d XL Griddle Vertical Pellet Smoker Combo Cover! Weather-resistant materials keep out harsh UV and water while the side buckles keep the cover secure to your unit in windy conditions. Cook delicious breakfast, lunch, and dinner for years to come with the help of the Bronco 28\u201d XL Griddle Vertical Pellet Smoker Combo Cover!\" \/>\n<meta property=\"og:url\" content=\"https:\/\/ksproducts.ca\/fr\/product\/blackstone-bronco-series-soft-cover-for-28inch-xl-vertical-pellet-smoker-combo\/\" \/>\n<meta property=\"og:site_name\" content=\"Ks Products\" \/>\n<meta property=\"og:image\" content=\"https:\/\/ksproducts.ca\/wp-content\/uploads\/2026\/03\/Blackstone-Bronco-Series-Soft-Cover-for-28inch-XL-Vertical-Pellet-Smoker-Combo.jpg\" \/>\n\t<meta property=\"og:image:width\" content=\"580\" \/>\n\t<meta property=\"og:image:height\" content=\"293\" \/>\n\t<meta property=\"og:image:type\" content=\"image\/jpeg\" \/>\n<meta name=\"twitter:card\" content=\"summary_large_image\" \/>\n<meta name=\"twitter:label1\" content=\"Estimation du temps de lecture\" \/>\n\t<meta name=\"twitter:data1\" content=\"1 minute\" \/>\n<script type=\"application\/ld+json\" class=\"yoast-schema-graph\">{\"@context\":\"https:\\\/\\\/schema.org\",\"@graph\":[{\"@type\":\"WebPage\",\"@id\":\"https:\\\/\\\/ksproducts.ca\\\/product\\\/blackstone-bronco-series-soft-cover-for-28inch-xl-vertical-pellet-smoker-combo\\\/\",\"url\":\"https:\\\/\\\/ksproducts.ca\\\/product\\\/blackstone-bronco-series-soft-cover-for-28inch-xl-vertical-pellet-smoker-combo\\\/\",\"name\":\"Blackstone Bronco Series Soft Cover for 28inch XL Vertical Pellet Smoker Combo - Ks Products\",\"isPartOf\":{\"@id\":\"https:\\\/\\\/ksproducts.ca\\\/#website\"},\"primaryImageOfPage\":{\"@id\":\"https:\\\/\\\/ksproducts.ca\\\/product\\\/blackstone-bronco-series-soft-cover-for-28inch-xl-vertical-pellet-smoker-combo\\\/#primaryimage\"},\"image\":{\"@id\":\"https:\\\/\\\/ksproducts.ca\\\/product\\\/blackstone-bronco-series-soft-cover-for-28inch-xl-vertical-pellet-smoker-combo\\\/#primaryimage\"},\"thumbnailUrl\":\"https:\\\/\\\/ksproducts.ca\\\/wp-content\\\/uploads\\\/2026\\\/03\\\/Blackstone-Bronco-Series-Soft-Cover-for-28inch-XL-Vertical-Pellet-Smoker-Combo.jpg\",\"datePublished\":\"2026-03-06T15:06:03+00:00\",\"breadcrumb\":{\"@id\":\"https:\\\/\\\/ksproducts.ca\\\/product\\\/blackstone-bronco-series-soft-cover-for-28inch-xl-vertical-pellet-smoker-combo\\\/#breadcrumb\"},\"inLanguage\":\"fr-CA\",\"potentialAction\":[{\"@type\":\"ReadAction\",\"target\":[\"https:\\\/\\\/ksproducts.ca\\\/product\\\/blackstone-bronco-series-soft-cover-for-28inch-xl-vertical-pellet-smoker-combo\\\/\"]}]},{\"@type\":\"ImageObject\",\"inLanguage\":\"fr-CA\",\"@id\":\"https:\\\/\\\/ksproducts.ca\\\/product\\\/blackstone-bronco-series-soft-cover-for-28inch-xl-vertical-pellet-smoker-combo\\\/#primaryimage\",\"url\":\"https:\\\/\\\/ksproducts.ca\\\/wp-content\\\/uploads\\\/2026\\\/03\\\/Blackstone-Bronco-Series-Soft-Cover-for-28inch-XL-Vertical-Pellet-Smoker-Combo.jpg\",\"contentUrl\":\"https:\\\/\\\/ksproducts.ca\\\/wp-content\\\/uploads\\\/2026\\\/03\\\/Blackstone-Bronco-Series-Soft-Cover-for-28inch-XL-Vertical-Pellet-Smoker-Combo.jpg\",\"width\":580,\"height\":293,\"caption\":\"Blackstone Bronco Series Soft Cover for 28inch XL Vertical Pellet Smoker Combo\"},{\"@type\":\"BreadcrumbList\",\"@id\":\"https:\\\/\\\/ksproducts.ca\\\/product\\\/blackstone-bronco-series-soft-cover-for-28inch-xl-vertical-pellet-smoker-combo\\\/#breadcrumb\",\"itemListElement\":[{\"@type\":\"ListItem\",\"position\":1,\"name\":\"Home\",\"item\":\"https:\\\/\\\/ksproducts.ca\\\/\"},{\"@type\":\"ListItem\",\"position\":2,\"name\":\"Shop\",\"item\":\"https:\\\/\\\/ksproducts.ca\\\/shop\\\/\"},{\"@type\":\"ListItem\",\"position\":3,\"name\":\"Blackstone Bronco Series Soft Cover for 28inch XL Vertical Pellet Smoker Combo\"}]},{\"@type\":\"WebSite\",\"@id\":\"https:\\\/\\\/ksproducts.ca\\\/#website\",\"url\":\"https:\\\/\\\/ksproducts.ca\\\/\",\"name\":\"Ks Products\",\"description\":\"Outdoor cooking and living, made easy in Canada\",\"publisher\":{\"@id\":\"https:\\\/\\\/ksproducts.ca\\\/#organization\"},\"potentialAction\":[{\"@type\":\"SearchAction\",\"target\":{\"@type\":\"EntryPoint\",\"urlTemplate\":\"https:\\\/\\\/ksproducts.ca\\\/?s={search_term_string}\"},\"query-input\":{\"@type\":\"PropertyValueSpecification\",\"valueRequired\":true,\"valueName\":\"search_term_string\"}}],\"inLanguage\":\"fr-CA\"},{\"@type\":\"Organization\",\"@id\":\"https:\\\/\\\/ksproducts.ca\\\/#organization\",\"name\":\"Ks Products\",\"url\":\"https:\\\/\\\/ksproducts.ca\\\/\",\"logo\":{\"@type\":\"ImageObject\",\"inLanguage\":\"fr-CA\",\"@id\":\"https:\\\/\\\/ksproducts.ca\\\/#\\\/schema\\\/logo\\\/image\\\/\",\"url\":\"https:\\\/\\\/ksproducts.ca\\\/wp-content\\\/uploads\\\/2023\\\/09\\\/Kennedy-Sales-Logo-header-1.png\",\"contentUrl\":\"https:\\\/\\\/ksproducts.ca\\\/wp-content\\\/uploads\\\/2023\\\/09\\\/Kennedy-Sales-Logo-header-1.png\",\"width\":150,\"height\":77,\"caption\":\"Ks Products\"},\"image\":{\"@id\":\"https:\\\/\\\/ksproducts.ca\\\/#\\\/schema\\\/logo\\\/image\\\/\"}}]}<\/script>\n<!-- \/ Yoast SEO plugin. -->","yoast_head_json":{"title":"Blackstone Bronco Series Soft Cover for 28inch XL Vertical Pellet Smoker Combo - Ks Products","robots":{"index":"index","follow":"follow","max-snippet":"max-snippet:-1","max-image-preview":"max-image-preview:large","max-video-preview":"max-video-preview:-1"},"canonical":"https:\/\/ksproducts.ca\/fr\/product\/blackstone-bronco-series-soft-cover-for-28inch-xl-vertical-pellet-smoker-combo\/","og_locale":"fr_CA","og_type":"article","og_title":"Blackstone Bronco Series Soft Cover for 28inch XL Vertical Pellet Smoker Combo - Ks Products","og_description":"Enjoy your griddle year-round with the Blackstone 28\u201d XL Griddle Vertical Pellet Smoker Combo Cover! Weather-resistant materials keep out harsh UV and water while the side buckles keep the cover secure to your unit in windy conditions. Cook delicious breakfast, lunch, and dinner for years to come with the help of the Bronco 28\u201d XL Griddle Vertical Pellet Smoker Combo Cover!","og_url":"https:\/\/ksproducts.ca\/fr\/product\/blackstone-bronco-series-soft-cover-for-28inch-xl-vertical-pellet-smoker-combo\/","og_site_name":"Ks Products","og_image":[{"width":580,"height":293,"url":"https:\/\/ksproducts.ca\/wp-content\/uploads\/2026\/03\/Blackstone-Bronco-Series-Soft-Cover-for-28inch-XL-Vertical-Pellet-Smoker-Combo.jpg","type":"image\/jpeg"}],"twitter_card":"summary_large_image","twitter_misc":{"Estimation du temps de lecture":"1 minute"},"schema":{"@context":"https:\/\/schema.org","@graph":[{"@type":"WebPage","@id":"https:\/\/ksproducts.ca\/product\/blackstone-bronco-series-soft-cover-for-28inch-xl-vertical-pellet-smoker-combo\/","url":"https:\/\/ksproducts.ca\/product\/blackstone-bronco-series-soft-cover-for-28inch-xl-vertical-pellet-smoker-combo\/","name":"Blackstone Bronco Series Soft Cover for 28inch XL Vertical Pellet Smoker Combo - Ks Products","isPartOf":{"@id":"https:\/\/ksproducts.ca\/#website"},"primaryImageOfPage":{"@id":"https:\/\/ksproducts.ca\/product\/blackstone-bronco-series-soft-cover-for-28inch-xl-vertical-pellet-smoker-combo\/#primaryimage"},"image":{"@id":"https:\/\/ksproducts.ca\/product\/blackstone-bronco-series-soft-cover-for-28inch-xl-vertical-pellet-smoker-combo\/#primaryimage"},"thumbnailUrl":"https:\/\/ksproducts.ca\/wp-content\/uploads\/2026\/03\/Blackstone-Bronco-Series-Soft-Cover-for-28inch-XL-Vertical-Pellet-Smoker-Combo.jpg","datePublished":"2026-03-06T15:06:03+00:00","breadcrumb":{"@id":"https:\/\/ksproducts.ca\/product\/blackstone-bronco-series-soft-cover-for-28inch-xl-vertical-pellet-smoker-combo\/#breadcrumb"},"inLanguage":"fr-CA","potentialAction":[{"@type":"ReadAction","target":["https:\/\/ksproducts.ca\/product\/blackstone-bronco-series-soft-cover-for-28inch-xl-vertical-pellet-smoker-combo\/"]}]},{"@type":"ImageObject","inLanguage":"fr-CA","@id":"https:\/\/ksproducts.ca\/product\/blackstone-bronco-series-soft-cover-for-28inch-xl-vertical-pellet-smoker-combo\/#primaryimage","url":"https:\/\/ksproducts.ca\/wp-content\/uploads\/2026\/03\/Blackstone-Bronco-Series-Soft-Cover-for-28inch-XL-Vertical-Pellet-Smoker-Combo.jpg","contentUrl":"https:\/\/ksproducts.ca\/wp-content\/uploads\/2026\/03\/Blackstone-Bronco-Series-Soft-Cover-for-28inch-XL-Vertical-Pellet-Smoker-Combo.jpg","width":580,"height":293,"caption":"Blackstone Bronco Series Soft Cover for 28inch XL Vertical Pellet Smoker Combo"},{"@type":"BreadcrumbList","@id":"https:\/\/ksproducts.ca\/product\/blackstone-bronco-series-soft-cover-for-28inch-xl-vertical-pellet-smoker-combo\/#breadcrumb","itemListElement":[{"@type":"ListItem","position":1,"name":"Home","item":"https:\/\/ksproducts.ca\/"},{"@type":"ListItem","position":2,"name":"Shop","item":"https:\/\/ksproducts.ca\/shop\/"},{"@type":"ListItem","position":3,"name":"Blackstone Bronco Series Soft Cover for 28inch XL Vertical Pellet Smoker Combo"}]},{"@type":"WebSite","@id":"https:\/\/ksproducts.ca\/#website","url":"https:\/\/ksproducts.ca\/","name":"Produits Ks","description":"Cuisiner et vivre en plein air, c'est facile au Canada","publisher":{"@id":"https:\/\/ksproducts.ca\/#organization"},"potentialAction":[{"@type":"SearchAction","target":{"@type":"EntryPoint","urlTemplate":"https:\/\/ksproducts.ca\/?s={search_term_string}"},"query-input":{"@type":"PropertyValueSpecification","valueRequired":true,"valueName":"search_term_string"}}],"inLanguage":"fr-CA"},{"@type":"Organization","@id":"https:\/\/ksproducts.ca\/#organization","name":"Produits Ks","url":"https:\/\/ksproducts.ca\/","logo":{"@type":"ImageObject","inLanguage":"fr-CA","@id":"https:\/\/ksproducts.ca\/#\/schema\/logo\/image\/","url":"https:\/\/ksproducts.ca\/wp-content\/uploads\/2023\/09\/Kennedy-Sales-Logo-header-1.png","contentUrl":"https:\/\/ksproducts.ca\/wp-content\/uploads\/2023\/09\/Kennedy-Sales-Logo-header-1.png","width":150,"height":77,"caption":"Ks Products"},"image":{"@id":"https:\/\/ksproducts.ca\/#\/schema\/logo\/image\/"}}]}},"_links":{"self":[{"href":"https:\/\/ksproducts.ca\/fr\/wp-json\/wp\/v2\/product\/11862","targetHints":{"allow":["GET"]}}],"collection":[{"href":"https:\/\/ksproducts.ca\/fr\/wp-json\/wp\/v2\/product"}],"about":[{"href":"https:\/\/ksproducts.ca\/fr\/wp-json\/wp\/v2\/types\/product"}],"replies":[{"embeddable":true,"href":"https:\/\/ksproducts.ca\/fr\/wp-json\/wp\/v2\/comments?post=11862"}],"version-history":[{"count":1,"href":"https:\/\/ksproducts.ca\/fr\/wp-json\/wp\/v2\/product\/11862\/revisions"}],"predecessor-version":[{"id":11864,"href":"https:\/\/ksproducts.ca\/fr\/wp-json\/wp\/v2\/product\/11862\/revisions\/11864"}],"wp:featuredmedia":[{"embeddable":true,"href":"https:\/\/ksproducts.ca\/fr\/wp-json\/wp\/v2\/media\/11863"}],"wp:attachment":[{"href":"https:\/\/ksproducts.ca\/fr\/wp-json\/wp\/v2\/media?parent=11862"}],"wp:term":[{"taxonomy":"product_cat","embeddable":true,"href":"https:\/\/ksproducts.ca\/fr\/wp-json\/wp\/v2\/product_cat?post=11862"},{"taxonomy":"product_tag","embeddable":true,"href":"https:\/\/ksproducts.ca\/fr\/wp-json\/wp\/v2\/product_tag?post=11862"}],"curies":[{"name":"wp","href":"https:\/\/api.w.org\/{rel}","templated":true}]}}