{"id":11865,"date":"2026-03-06T15:15:38","date_gmt":"2026-03-06T15:15:38","guid":{"rendered":"https:\/\/ksproducts.ca\/?post_type=product&#038;p=11865"},"modified":"2026-03-16T17:17:47","modified_gmt":"2026-03-16T17:17:47","slug":"powerbuilt-2-ton-unijack-combination-hydraulic-bottle-jack-jackstand","status":"publish","type":"product","link":"https:\/\/ksproducts.ca\/fr\/product\/powerbuilt-2-ton-unijack-combination-hydraulic-bottle-jack-jackstand\/","title":{"rendered":"Powerbuilt 2 Ton UniJack Combination Hydraulique Bottle Jack\/Jackstand"},"content":{"rendered":"<ul class=\"a-unordered-list a-vertical a-spacing-mini\">\n<li class=\"a-spacing-mini\"><span class=\"a-list-item\">Soulever et maintenir en toute s\u00e9curit\u00e9 les v\u00e9hicules monocoques et les v\u00e9hicules \u00e0 carrosserie sur ch\u00e2ssis.<\/span><\/li>\n<li class=\"a-spacing-mini\"><span class=\"a-list-item\">Combine la b\u00e9quille et le cric bouteille hydraulique en une seule unit\u00e9, \u00e9liminant ainsi le besoin d'une b\u00e9quille s\u00e9par\u00e9e.<\/span><\/li>\n<li class=\"a-spacing-mini\"><span class=\"a-list-item\">La barre de s\u00e9curit\u00e9 bloque l'unit\u00e9 \u00e0 la hauteur souhait\u00e9e<\/span><\/li>\n<li class=\"a-spacing-mini\"><span class=\"a-list-item\">Large base en acier pour plus de stabilit\u00e9<\/span><\/li>\n<li class=\"a-spacing-mini\"><span class=\"a-list-item\">Plage de hauteur : 8-5\/8 pouces \u00e0 18-3\/8 pouces<\/span><\/li>\n<li class=\"a-spacing-mini\"><span class=\"a-list-item\">Con\u00e7us pour \u00eatre les outils les plus fiables du march\u00e9 actuel<\/span><\/li>\n<li class=\"a-spacing-mini\"><span class=\"a-list-item\">Des solutions d'outils pour la plupart des situations<\/span><\/li>\n<\/ul>","protected":false},"excerpt":{"rendered":"<p>Le Powerbuilt Unijack est un cric innovant et une b\u00e9quille en un, con\u00e7u pour soulever et maintenir en toute s\u00e9curit\u00e9 les v\u00e9hicules monocoques \u00e0 l'aide d'un seul point de levage. Avec une capacit\u00e9 de 4 000 livres et des surfaces de levage polyvalentes, il s'agit d'une solution compacte et pratique pour soulever des berlines, des monospaces et des crossovers.<\/p>","protected":false},"featured_media":11866,"comment_status":"open","ping_status":"closed","template":"","meta":[],"product_cat":[430],"product_tag":[],"class_list":{"0":"post-11865","1":"product","2":"type-product","3":"status-publish","4":"has-post-thumbnail","6":"product_cat-automotive-gear","7":"product_shipping_class-class-1","9":"first","10":"instock","11":"taxable","12":"shipping-taxable","13":"purchasable","14":"product-type-simple"},"yoast_head":"<!-- This site is optimized with the Yoast SEO plugin v27.3 - https:\/\/yoast.com\/product\/yoast-seo-wordpress\/ -->\n<title>Powerbuilt 2 Ton UniJack Combination Hydraulic Bottle Jack\/Jackstand - Ks Products<\/title>\n<meta name=\"robots\" content=\"index, follow, max-snippet:-1, max-image-preview:large, max-video-preview:-1\" \/>\n<link rel=\"canonical\" href=\"https:\/\/ksproducts.ca\/fr\/product\/powerbuilt-2-ton-unijack-combination-hydraulic-bottle-jack-jackstand\/\" \/>\n<meta property=\"og:locale\" content=\"fr_CA\" \/>\n<meta property=\"og:type\" content=\"article\" \/>\n<meta property=\"og:title\" content=\"Powerbuilt 2 Ton UniJack Combination Hydraulic Bottle Jack\/Jackstand - Ks Products\" \/>\n<meta property=\"og:description\" content=\"The Powerbuilt Unijack is an innovative jack and jack stand in one, designed to safely lift and hold unibody vehicles using a single lifting point. With a 4,000 lb capacity and versatile lifting surfaces, it\u2019s a compact and convenient solution for lifting sedans, minivans, and crossovers.\" \/>\n<meta property=\"og:url\" content=\"https:\/\/ksproducts.ca\/fr\/product\/powerbuilt-2-ton-unijack-combination-hydraulic-bottle-jack-jackstand\/\" \/>\n<meta property=\"og:site_name\" content=\"Ks Products\" \/>\n<meta property=\"article:modified_time\" content=\"2026-03-16T17:17:47+00:00\" \/>\n<meta property=\"og:image\" content=\"https:\/\/ksproducts.ca\/wp-content\/uploads\/2026\/03\/Powerbuilt-2-Ton-UniJack-Combination-Hydraulic-Bottle-JackJackstand.jpg\" \/>\n\t<meta property=\"og:image:width\" content=\"622\" \/>\n\t<meta property=\"og:image:height\" content=\"800\" \/>\n\t<meta property=\"og:image:type\" content=\"image\/jpeg\" \/>\n<meta name=\"twitter:card\" content=\"summary_large_image\" \/>\n<meta name=\"twitter:label1\" content=\"Estimation du temps de lecture\" \/>\n\t<meta name=\"twitter:data1\" content=\"1 minute\" \/>\n<script type=\"application\/ld+json\" class=\"yoast-schema-graph\">{\"@context\":\"https:\\\/\\\/schema.org\",\"@graph\":[{\"@type\":\"WebPage\",\"@id\":\"https:\\\/\\\/ksproducts.ca\\\/product\\\/powerbuilt-2-ton-unijack-combination-hydraulic-bottle-jack-jackstand\\\/\",\"url\":\"https:\\\/\\\/ksproducts.ca\\\/product\\\/powerbuilt-2-ton-unijack-combination-hydraulic-bottle-jack-jackstand\\\/\",\"name\":\"Powerbuilt 2 Ton UniJack Combination Hydraulic Bottle Jack\\\/Jackstand - Ks Products\",\"isPartOf\":{\"@id\":\"https:\\\/\\\/ksproducts.ca\\\/#website\"},\"primaryImageOfPage\":{\"@id\":\"https:\\\/\\\/ksproducts.ca\\\/product\\\/powerbuilt-2-ton-unijack-combination-hydraulic-bottle-jack-jackstand\\\/#primaryimage\"},\"image\":{\"@id\":\"https:\\\/\\\/ksproducts.ca\\\/product\\\/powerbuilt-2-ton-unijack-combination-hydraulic-bottle-jack-jackstand\\\/#primaryimage\"},\"thumbnailUrl\":\"https:\\\/\\\/ksproducts.ca\\\/wp-content\\\/uploads\\\/2026\\\/03\\\/Powerbuilt-2-Ton-UniJack-Combination-Hydraulic-Bottle-JackJackstand.jpg\",\"datePublished\":\"2026-03-06T15:15:38+00:00\",\"dateModified\":\"2026-03-16T17:17:47+00:00\",\"breadcrumb\":{\"@id\":\"https:\\\/\\\/ksproducts.ca\\\/product\\\/powerbuilt-2-ton-unijack-combination-hydraulic-bottle-jack-jackstand\\\/#breadcrumb\"},\"inLanguage\":\"fr-CA\",\"potentialAction\":[{\"@type\":\"ReadAction\",\"target\":[\"https:\\\/\\\/ksproducts.ca\\\/product\\\/powerbuilt-2-ton-unijack-combination-hydraulic-bottle-jack-jackstand\\\/\"]}]},{\"@type\":\"ImageObject\",\"inLanguage\":\"fr-CA\",\"@id\":\"https:\\\/\\\/ksproducts.ca\\\/product\\\/powerbuilt-2-ton-unijack-combination-hydraulic-bottle-jack-jackstand\\\/#primaryimage\",\"url\":\"https:\\\/\\\/ksproducts.ca\\\/wp-content\\\/uploads\\\/2026\\\/03\\\/Powerbuilt-2-Ton-UniJack-Combination-Hydraulic-Bottle-JackJackstand.jpg\",\"contentUrl\":\"https:\\\/\\\/ksproducts.ca\\\/wp-content\\\/uploads\\\/2026\\\/03\\\/Powerbuilt-2-Ton-UniJack-Combination-Hydraulic-Bottle-JackJackstand.jpg\",\"width\":622,\"height\":800,\"caption\":\"Powerbuilt 2 Ton UniJack Combination Hydraulic Bottle JackJackstand\"},{\"@type\":\"BreadcrumbList\",\"@id\":\"https:\\\/\\\/ksproducts.ca\\\/product\\\/powerbuilt-2-ton-unijack-combination-hydraulic-bottle-jack-jackstand\\\/#breadcrumb\",\"itemListElement\":[{\"@type\":\"ListItem\",\"position\":1,\"name\":\"Home\",\"item\":\"https:\\\/\\\/ksproducts.ca\\\/\"},{\"@type\":\"ListItem\",\"position\":2,\"name\":\"Shop\",\"item\":\"https:\\\/\\\/ksproducts.ca\\\/shop\\\/\"},{\"@type\":\"ListItem\",\"position\":3,\"name\":\"Powerbuilt 2 Ton UniJack Combination Hydraulic Bottle Jack\\\/Jackstand\"}]},{\"@type\":\"WebSite\",\"@id\":\"https:\\\/\\\/ksproducts.ca\\\/#website\",\"url\":\"https:\\\/\\\/ksproducts.ca\\\/\",\"name\":\"Ks Products\",\"description\":\"Outdoor cooking and living, made easy in Canada\",\"publisher\":{\"@id\":\"https:\\\/\\\/ksproducts.ca\\\/#organization\"},\"potentialAction\":[{\"@type\":\"SearchAction\",\"target\":{\"@type\":\"EntryPoint\",\"urlTemplate\":\"https:\\\/\\\/ksproducts.ca\\\/?s={search_term_string}\"},\"query-input\":{\"@type\":\"PropertyValueSpecification\",\"valueRequired\":true,\"valueName\":\"search_term_string\"}}],\"inLanguage\":\"fr-CA\"},{\"@type\":\"Organization\",\"@id\":\"https:\\\/\\\/ksproducts.ca\\\/#organization\",\"name\":\"Ks Products\",\"url\":\"https:\\\/\\\/ksproducts.ca\\\/\",\"logo\":{\"@type\":\"ImageObject\",\"inLanguage\":\"fr-CA\",\"@id\":\"https:\\\/\\\/ksproducts.ca\\\/#\\\/schema\\\/logo\\\/image\\\/\",\"url\":\"https:\\\/\\\/ksproducts.ca\\\/wp-content\\\/uploads\\\/2023\\\/09\\\/Kennedy-Sales-Logo-header-1.png\",\"contentUrl\":\"https:\\\/\\\/ksproducts.ca\\\/wp-content\\\/uploads\\\/2023\\\/09\\\/Kennedy-Sales-Logo-header-1.png\",\"width\":150,\"height\":77,\"caption\":\"Ks Products\"},\"image\":{\"@id\":\"https:\\\/\\\/ksproducts.ca\\\/#\\\/schema\\\/logo\\\/image\\\/\"}}]}<\/script>\n<!-- \/ Yoast SEO plugin. -->","yoast_head_json":{"title":"Powerbuilt 2 Ton UniJack Combination Hydraulique Bottle Jack\/Jackstand - Ks Products","robots":{"index":"index","follow":"follow","max-snippet":"max-snippet:-1","max-image-preview":"max-image-preview:large","max-video-preview":"max-video-preview:-1"},"canonical":"https:\/\/ksproducts.ca\/fr\/product\/powerbuilt-2-ton-unijack-combination-hydraulic-bottle-jack-jackstand\/","og_locale":"fr_CA","og_type":"article","og_title":"Powerbuilt 2 Ton UniJack Combination Hydraulic Bottle Jack\/Jackstand - Ks Products","og_description":"The Powerbuilt Unijack is an innovative jack and jack stand in one, designed to safely lift and hold unibody vehicles using a single lifting point. With a 4,000 lb capacity and versatile lifting surfaces, it\u2019s a compact and convenient solution for lifting sedans, minivans, and crossovers.","og_url":"https:\/\/ksproducts.ca\/fr\/product\/powerbuilt-2-ton-unijack-combination-hydraulic-bottle-jack-jackstand\/","og_site_name":"Ks Products","article_modified_time":"2026-03-16T17:17:47+00:00","og_image":[{"width":622,"height":800,"url":"https:\/\/ksproducts.ca\/wp-content\/uploads\/2026\/03\/Powerbuilt-2-Ton-UniJack-Combination-Hydraulic-Bottle-JackJackstand.jpg","type":"image\/jpeg"}],"twitter_card":"summary_large_image","twitter_misc":{"Estimation du temps de lecture":"1 minute"},"schema":{"@context":"https:\/\/schema.org","@graph":[{"@type":"WebPage","@id":"https:\/\/ksproducts.ca\/product\/powerbuilt-2-ton-unijack-combination-hydraulic-bottle-jack-jackstand\/","url":"https:\/\/ksproducts.ca\/product\/powerbuilt-2-ton-unijack-combination-hydraulic-bottle-jack-jackstand\/","name":"Powerbuilt 2 Ton UniJack Combination Hydraulique Bottle Jack\/Jackstand - Ks Products","isPartOf":{"@id":"https:\/\/ksproducts.ca\/#website"},"primaryImageOfPage":{"@id":"https:\/\/ksproducts.ca\/product\/powerbuilt-2-ton-unijack-combination-hydraulic-bottle-jack-jackstand\/#primaryimage"},"image":{"@id":"https:\/\/ksproducts.ca\/product\/powerbuilt-2-ton-unijack-combination-hydraulic-bottle-jack-jackstand\/#primaryimage"},"thumbnailUrl":"https:\/\/ksproducts.ca\/wp-content\/uploads\/2026\/03\/Powerbuilt-2-Ton-UniJack-Combination-Hydraulic-Bottle-JackJackstand.jpg","datePublished":"2026-03-06T15:15:38+00:00","dateModified":"2026-03-16T17:17:47+00:00","breadcrumb":{"@id":"https:\/\/ksproducts.ca\/product\/powerbuilt-2-ton-unijack-combination-hydraulic-bottle-jack-jackstand\/#breadcrumb"},"inLanguage":"fr-CA","potentialAction":[{"@type":"ReadAction","target":["https:\/\/ksproducts.ca\/product\/powerbuilt-2-ton-unijack-combination-hydraulic-bottle-jack-jackstand\/"]}]},{"@type":"ImageObject","inLanguage":"fr-CA","@id":"https:\/\/ksproducts.ca\/product\/powerbuilt-2-ton-unijack-combination-hydraulic-bottle-jack-jackstand\/#primaryimage","url":"https:\/\/ksproducts.ca\/wp-content\/uploads\/2026\/03\/Powerbuilt-2-Ton-UniJack-Combination-Hydraulic-Bottle-JackJackstand.jpg","contentUrl":"https:\/\/ksproducts.ca\/wp-content\/uploads\/2026\/03\/Powerbuilt-2-Ton-UniJack-Combination-Hydraulic-Bottle-JackJackstand.jpg","width":622,"height":800,"caption":"Powerbuilt 2 Ton UniJack Combination Hydraulic Bottle JackJackstand"},{"@type":"BreadcrumbList","@id":"https:\/\/ksproducts.ca\/product\/powerbuilt-2-ton-unijack-combination-hydraulic-bottle-jack-jackstand\/#breadcrumb","itemListElement":[{"@type":"ListItem","position":1,"name":"Home","item":"https:\/\/ksproducts.ca\/"},{"@type":"ListItem","position":2,"name":"Shop","item":"https:\/\/ksproducts.ca\/shop\/"},{"@type":"ListItem","position":3,"name":"Powerbuilt 2 Ton UniJack Combination Hydraulic Bottle Jack\/Jackstand"}]},{"@type":"WebSite","@id":"https:\/\/ksproducts.ca\/#website","url":"https:\/\/ksproducts.ca\/","name":"Produits Ks","description":"Cuisiner et vivre en plein air, c'est facile au Canada","publisher":{"@id":"https:\/\/ksproducts.ca\/#organization"},"potentialAction":[{"@type":"SearchAction","target":{"@type":"EntryPoint","urlTemplate":"https:\/\/ksproducts.ca\/?s={search_term_string}"},"query-input":{"@type":"PropertyValueSpecification","valueRequired":true,"valueName":"search_term_string"}}],"inLanguage":"fr-CA"},{"@type":"Organization","@id":"https:\/\/ksproducts.ca\/#organization","name":"Produits Ks","url":"https:\/\/ksproducts.ca\/","logo":{"@type":"ImageObject","inLanguage":"fr-CA","@id":"https:\/\/ksproducts.ca\/#\/schema\/logo\/image\/","url":"https:\/\/ksproducts.ca\/wp-content\/uploads\/2023\/09\/Kennedy-Sales-Logo-header-1.png","contentUrl":"https:\/\/ksproducts.ca\/wp-content\/uploads\/2023\/09\/Kennedy-Sales-Logo-header-1.png","width":150,"height":77,"caption":"Ks Products"},"image":{"@id":"https:\/\/ksproducts.ca\/#\/schema\/logo\/image\/"}}]}},"_links":{"self":[{"href":"https:\/\/ksproducts.ca\/fr\/wp-json\/wp\/v2\/product\/11865","targetHints":{"allow":["GET"]}}],"collection":[{"href":"https:\/\/ksproducts.ca\/fr\/wp-json\/wp\/v2\/product"}],"about":[{"href":"https:\/\/ksproducts.ca\/fr\/wp-json\/wp\/v2\/types\/product"}],"replies":[{"embeddable":true,"href":"https:\/\/ksproducts.ca\/fr\/wp-json\/wp\/v2\/comments?post=11865"}],"version-history":[{"count":2,"href":"https:\/\/ksproducts.ca\/fr\/wp-json\/wp\/v2\/product\/11865\/revisions"}],"predecessor-version":[{"id":11869,"href":"https:\/\/ksproducts.ca\/fr\/wp-json\/wp\/v2\/product\/11865\/revisions\/11869"}],"wp:featuredmedia":[{"embeddable":true,"href":"https:\/\/ksproducts.ca\/fr\/wp-json\/wp\/v2\/media\/11866"}],"wp:attachment":[{"href":"https:\/\/ksproducts.ca\/fr\/wp-json\/wp\/v2\/media?parent=11865"}],"wp:term":[{"taxonomy":"product_cat","embeddable":true,"href":"https:\/\/ksproducts.ca\/fr\/wp-json\/wp\/v2\/product_cat?post=11865"},{"taxonomy":"product_tag","embeddable":true,"href":"https:\/\/ksproducts.ca\/fr\/wp-json\/wp\/v2\/product_tag?post=11865"}],"curies":[{"name":"wp","href":"https:\/\/api.w.org\/{rel}","templated":true}]}}