{"id":11868,"date":"2026-03-06T15:19:29","date_gmt":"2026-03-06T15:19:29","guid":{"rendered":"https:\/\/ksproducts.ca\/?post_type=product&#038;p=11868"},"modified":"2026-03-16T17:18:52","modified_gmt":"2026-03-16T17:18:52","slug":"powerbuilt-rolling-mechanics-seat-with-casters-250lb-weight-capacity","status":"publish","type":"product","link":"https:\/\/ksproducts.ca\/fr\/product\/powerbuilt-rolling-mechanics-seat-with-casters-250lb-weight-capacity\/","title":{"rendered":"Si\u00e8ge de m\u00e9canicien roulant Powerbuilt avec roulettes - capacit\u00e9 de poids de 250 lb"},"content":{"rendered":"<ul>\n<li>Strong heavy-duty square steel tubing coated with a stylish black powder coat finish<\/li>\n<li>Stylish padded seat offers extended comfort<\/li>\n<li>Load capacity : 250 pound<\/li>\n<\/ul>","protected":false},"excerpt":{"rendered":"<p>Vous avez une op\u00e9ration de freinage \u00e0 effectuer ? Vous avez besoin de polir vos roues ou de faire briller vos pneus ? D\u00e9chargez-vous avec ce tabouret de frein \u00e0 roulettes pour m\u00e9canicien. Construit en tube d'acier carr\u00e9 robuste recouvert d'une \u00e9l\u00e9gante couche de poudre noire, ce tabouret roulant est assez solide pour supporter 250 livres. Un si\u00e8ge confortable recouvert de vinyle fait de l'assise un v\u00e9ritable plaisir, tandis qu'un plateau inf\u00e9rieur permet de ranger les pi\u00e8ces, les outils, les nettoyants, les chiffons ou tout ce dont vous avez besoin pour travailler. Des roulettes pivotantes robustes de 2 pouces roulent sans probl\u00e8me, vous permettant de man\u0153uvrer avec facilit\u00e9. Les si\u00e8ges roulants Power built sont innovants et con\u00e7us pour durer.<\/p>","protected":false},"featured_media":11870,"comment_status":"open","ping_status":"closed","template":"","meta":[],"product_cat":[430],"product_tag":[],"class_list":{"0":"post-11868","1":"product","2":"type-product","3":"status-publish","4":"has-post-thumbnail","6":"product_cat-automotive-gear","7":"product_shipping_class-class-1","9":"first","10":"instock","11":"taxable","12":"shipping-taxable","13":"purchasable","14":"product-type-simple"},"yoast_head":"<!-- This site is optimized with the Yoast SEO plugin v27.3 - https:\/\/yoast.com\/product\/yoast-seo-wordpress\/ -->\n<title>Powerbuilt Rolling Mechanic&#039;s Seat with Casters - 250lb Weight Capacity - Ks Products<\/title>\n<meta name=\"robots\" content=\"index, follow, max-snippet:-1, max-image-preview:large, max-video-preview:-1\" \/>\n<link rel=\"canonical\" href=\"https:\/\/ksproducts.ca\/fr\/product\/powerbuilt-rolling-mechanics-seat-with-casters-250lb-weight-capacity\/\" \/>\n<meta property=\"og:locale\" content=\"fr_CA\" \/>\n<meta property=\"og:type\" content=\"article\" \/>\n<meta property=\"og:title\" content=\"Powerbuilt Rolling Mechanic&#039;s Seat with Casters - 250lb Weight Capacity - Ks Products\" \/>\n<meta property=\"og:description\" content=\"Got a brake job to do? Need to polish your wheels or shine those tires? Take a load off with this smooth rolling mechanic&#039;s seat brake stool. Built of heavy-duty square steel tubing coated with a stylish black powder coat finish, this rolling stool is strong enough to support 250 pounds. A comfy vinyl-covered padded seat makes sitting down on the job a real pleasure while a bottom tray holds parts, tools, cleaners, rags or whatever you need to work. Heavy-duty 2-inch swivel casters roll without a hitch, letting you maneuver with ease. Power built rolling seats are innovative and built to last.\" \/>\n<meta property=\"og:url\" content=\"https:\/\/ksproducts.ca\/fr\/product\/powerbuilt-rolling-mechanics-seat-with-casters-250lb-weight-capacity\/\" \/>\n<meta property=\"og:site_name\" content=\"Ks Products\" \/>\n<meta property=\"article:modified_time\" content=\"2026-03-16T17:18:52+00:00\" \/>\n<meta property=\"og:image\" content=\"https:\/\/ksproducts.ca\/wp-content\/uploads\/2026\/03\/Powerbuilt-Rolling-Mechanics-Seat-with-Casters-250lb-Weight-Capacity.jpg\" \/>\n\t<meta property=\"og:image:width\" content=\"600\" \/>\n\t<meta property=\"og:image:height\" content=\"600\" \/>\n\t<meta property=\"og:image:type\" content=\"image\/jpeg\" \/>\n<meta name=\"twitter:card\" content=\"summary_large_image\" \/>\n<meta name=\"twitter:label1\" content=\"Estimation du temps de lecture\" \/>\n\t<meta name=\"twitter:data1\" content=\"1 minute\" \/>\n<script type=\"application\/ld+json\" class=\"yoast-schema-graph\">{\"@context\":\"https:\\\/\\\/schema.org\",\"@graph\":[{\"@type\":\"WebPage\",\"@id\":\"https:\\\/\\\/ksproducts.ca\\\/product\\\/powerbuilt-rolling-mechanics-seat-with-casters-250lb-weight-capacity\\\/\",\"url\":\"https:\\\/\\\/ksproducts.ca\\\/product\\\/powerbuilt-rolling-mechanics-seat-with-casters-250lb-weight-capacity\\\/\",\"name\":\"Powerbuilt Rolling Mechanic's Seat with Casters - 250lb Weight Capacity - Ks Products\",\"isPartOf\":{\"@id\":\"https:\\\/\\\/ksproducts.ca\\\/#website\"},\"primaryImageOfPage\":{\"@id\":\"https:\\\/\\\/ksproducts.ca\\\/product\\\/powerbuilt-rolling-mechanics-seat-with-casters-250lb-weight-capacity\\\/#primaryimage\"},\"image\":{\"@id\":\"https:\\\/\\\/ksproducts.ca\\\/product\\\/powerbuilt-rolling-mechanics-seat-with-casters-250lb-weight-capacity\\\/#primaryimage\"},\"thumbnailUrl\":\"https:\\\/\\\/ksproducts.ca\\\/wp-content\\\/uploads\\\/2026\\\/03\\\/Powerbuilt-Rolling-Mechanics-Seat-with-Casters-250lb-Weight-Capacity.jpg\",\"datePublished\":\"2026-03-06T15:19:29+00:00\",\"dateModified\":\"2026-03-16T17:18:52+00:00\",\"breadcrumb\":{\"@id\":\"https:\\\/\\\/ksproducts.ca\\\/product\\\/powerbuilt-rolling-mechanics-seat-with-casters-250lb-weight-capacity\\\/#breadcrumb\"},\"inLanguage\":\"fr-CA\",\"potentialAction\":[{\"@type\":\"ReadAction\",\"target\":[\"https:\\\/\\\/ksproducts.ca\\\/product\\\/powerbuilt-rolling-mechanics-seat-with-casters-250lb-weight-capacity\\\/\"]}]},{\"@type\":\"ImageObject\",\"inLanguage\":\"fr-CA\",\"@id\":\"https:\\\/\\\/ksproducts.ca\\\/product\\\/powerbuilt-rolling-mechanics-seat-with-casters-250lb-weight-capacity\\\/#primaryimage\",\"url\":\"https:\\\/\\\/ksproducts.ca\\\/wp-content\\\/uploads\\\/2026\\\/03\\\/Powerbuilt-Rolling-Mechanics-Seat-with-Casters-250lb-Weight-Capacity.jpg\",\"contentUrl\":\"https:\\\/\\\/ksproducts.ca\\\/wp-content\\\/uploads\\\/2026\\\/03\\\/Powerbuilt-Rolling-Mechanics-Seat-with-Casters-250lb-Weight-Capacity.jpg\",\"width\":600,\"height\":600,\"caption\":\"Powerbuilt Rolling Mechanic's Seat with Casters 250lb Weight Capacity\"},{\"@type\":\"BreadcrumbList\",\"@id\":\"https:\\\/\\\/ksproducts.ca\\\/product\\\/powerbuilt-rolling-mechanics-seat-with-casters-250lb-weight-capacity\\\/#breadcrumb\",\"itemListElement\":[{\"@type\":\"ListItem\",\"position\":1,\"name\":\"Home\",\"item\":\"https:\\\/\\\/ksproducts.ca\\\/\"},{\"@type\":\"ListItem\",\"position\":2,\"name\":\"Shop\",\"item\":\"https:\\\/\\\/ksproducts.ca\\\/shop\\\/\"},{\"@type\":\"ListItem\",\"position\":3,\"name\":\"Powerbuilt Rolling Mechanic&#8217;s Seat with Casters &#8211; 250lb Weight Capacity\"}]},{\"@type\":\"WebSite\",\"@id\":\"https:\\\/\\\/ksproducts.ca\\\/#website\",\"url\":\"https:\\\/\\\/ksproducts.ca\\\/\",\"name\":\"Ks Products\",\"description\":\"Outdoor cooking and living, made easy in Canada\",\"publisher\":{\"@id\":\"https:\\\/\\\/ksproducts.ca\\\/#organization\"},\"potentialAction\":[{\"@type\":\"SearchAction\",\"target\":{\"@type\":\"EntryPoint\",\"urlTemplate\":\"https:\\\/\\\/ksproducts.ca\\\/?s={search_term_string}\"},\"query-input\":{\"@type\":\"PropertyValueSpecification\",\"valueRequired\":true,\"valueName\":\"search_term_string\"}}],\"inLanguage\":\"fr-CA\"},{\"@type\":\"Organization\",\"@id\":\"https:\\\/\\\/ksproducts.ca\\\/#organization\",\"name\":\"Ks Products\",\"url\":\"https:\\\/\\\/ksproducts.ca\\\/\",\"logo\":{\"@type\":\"ImageObject\",\"inLanguage\":\"fr-CA\",\"@id\":\"https:\\\/\\\/ksproducts.ca\\\/#\\\/schema\\\/logo\\\/image\\\/\",\"url\":\"https:\\\/\\\/ksproducts.ca\\\/wp-content\\\/uploads\\\/2023\\\/09\\\/Kennedy-Sales-Logo-header-1.png\",\"contentUrl\":\"https:\\\/\\\/ksproducts.ca\\\/wp-content\\\/uploads\\\/2023\\\/09\\\/Kennedy-Sales-Logo-header-1.png\",\"width\":150,\"height\":77,\"caption\":\"Ks Products\"},\"image\":{\"@id\":\"https:\\\/\\\/ksproducts.ca\\\/#\\\/schema\\\/logo\\\/image\\\/\"}}]}<\/script>\n<!-- \/ Yoast SEO plugin. -->","yoast_head_json":{"title":"Powerbuilt Rolling Mechanic's Seat with Casters - 250lb Weight Capacity - Ks Products","robots":{"index":"index","follow":"follow","max-snippet":"max-snippet:-1","max-image-preview":"max-image-preview:large","max-video-preview":"max-video-preview:-1"},"canonical":"https:\/\/ksproducts.ca\/fr\/product\/powerbuilt-rolling-mechanics-seat-with-casters-250lb-weight-capacity\/","og_locale":"fr_CA","og_type":"article","og_title":"Powerbuilt Rolling Mechanic's Seat with Casters - 250lb Weight Capacity - Ks Products","og_description":"Got a brake job to do? Need to polish your wheels or shine those tires? Take a load off with this smooth rolling mechanic's seat brake stool. Built of heavy-duty square steel tubing coated with a stylish black powder coat finish, this rolling stool is strong enough to support 250 pounds. A comfy vinyl-covered padded seat makes sitting down on the job a real pleasure while a bottom tray holds parts, tools, cleaners, rags or whatever you need to work. Heavy-duty 2-inch swivel casters roll without a hitch, letting you maneuver with ease. Power built rolling seats are innovative and built to last.","og_url":"https:\/\/ksproducts.ca\/fr\/product\/powerbuilt-rolling-mechanics-seat-with-casters-250lb-weight-capacity\/","og_site_name":"Ks Products","article_modified_time":"2026-03-16T17:18:52+00:00","og_image":[{"width":600,"height":600,"url":"https:\/\/ksproducts.ca\/wp-content\/uploads\/2026\/03\/Powerbuilt-Rolling-Mechanics-Seat-with-Casters-250lb-Weight-Capacity.jpg","type":"image\/jpeg"}],"twitter_card":"summary_large_image","twitter_misc":{"Estimation du temps de lecture":"1 minute"},"schema":{"@context":"https:\/\/schema.org","@graph":[{"@type":"WebPage","@id":"https:\/\/ksproducts.ca\/product\/powerbuilt-rolling-mechanics-seat-with-casters-250lb-weight-capacity\/","url":"https:\/\/ksproducts.ca\/product\/powerbuilt-rolling-mechanics-seat-with-casters-250lb-weight-capacity\/","name":"Powerbuilt Rolling Mechanic's Seat with Casters - 250lb Weight Capacity - Ks Products","isPartOf":{"@id":"https:\/\/ksproducts.ca\/#website"},"primaryImageOfPage":{"@id":"https:\/\/ksproducts.ca\/product\/powerbuilt-rolling-mechanics-seat-with-casters-250lb-weight-capacity\/#primaryimage"},"image":{"@id":"https:\/\/ksproducts.ca\/product\/powerbuilt-rolling-mechanics-seat-with-casters-250lb-weight-capacity\/#primaryimage"},"thumbnailUrl":"https:\/\/ksproducts.ca\/wp-content\/uploads\/2026\/03\/Powerbuilt-Rolling-Mechanics-Seat-with-Casters-250lb-Weight-Capacity.jpg","datePublished":"2026-03-06T15:19:29+00:00","dateModified":"2026-03-16T17:18:52+00:00","breadcrumb":{"@id":"https:\/\/ksproducts.ca\/product\/powerbuilt-rolling-mechanics-seat-with-casters-250lb-weight-capacity\/#breadcrumb"},"inLanguage":"fr-CA","potentialAction":[{"@type":"ReadAction","target":["https:\/\/ksproducts.ca\/product\/powerbuilt-rolling-mechanics-seat-with-casters-250lb-weight-capacity\/"]}]},{"@type":"ImageObject","inLanguage":"fr-CA","@id":"https:\/\/ksproducts.ca\/product\/powerbuilt-rolling-mechanics-seat-with-casters-250lb-weight-capacity\/#primaryimage","url":"https:\/\/ksproducts.ca\/wp-content\/uploads\/2026\/03\/Powerbuilt-Rolling-Mechanics-Seat-with-Casters-250lb-Weight-Capacity.jpg","contentUrl":"https:\/\/ksproducts.ca\/wp-content\/uploads\/2026\/03\/Powerbuilt-Rolling-Mechanics-Seat-with-Casters-250lb-Weight-Capacity.jpg","width":600,"height":600,"caption":"Powerbuilt Rolling Mechanic's Seat with Casters 250lb Weight Capacity"},{"@type":"BreadcrumbList","@id":"https:\/\/ksproducts.ca\/product\/powerbuilt-rolling-mechanics-seat-with-casters-250lb-weight-capacity\/#breadcrumb","itemListElement":[{"@type":"ListItem","position":1,"name":"Home","item":"https:\/\/ksproducts.ca\/"},{"@type":"ListItem","position":2,"name":"Shop","item":"https:\/\/ksproducts.ca\/shop\/"},{"@type":"ListItem","position":3,"name":"Powerbuilt Rolling Mechanic&#8217;s Seat with Casters &#8211; 250lb Weight Capacity"}]},{"@type":"WebSite","@id":"https:\/\/ksproducts.ca\/#website","url":"https:\/\/ksproducts.ca\/","name":"Produits Ks","description":"Cuisiner et vivre en plein air, c'est facile au Canada","publisher":{"@id":"https:\/\/ksproducts.ca\/#organization"},"potentialAction":[{"@type":"SearchAction","target":{"@type":"EntryPoint","urlTemplate":"https:\/\/ksproducts.ca\/?s={search_term_string}"},"query-input":{"@type":"PropertyValueSpecification","valueRequired":true,"valueName":"search_term_string"}}],"inLanguage":"fr-CA"},{"@type":"Organization","@id":"https:\/\/ksproducts.ca\/#organization","name":"Produits Ks","url":"https:\/\/ksproducts.ca\/","logo":{"@type":"ImageObject","inLanguage":"fr-CA","@id":"https:\/\/ksproducts.ca\/#\/schema\/logo\/image\/","url":"https:\/\/ksproducts.ca\/wp-content\/uploads\/2023\/09\/Kennedy-Sales-Logo-header-1.png","contentUrl":"https:\/\/ksproducts.ca\/wp-content\/uploads\/2023\/09\/Kennedy-Sales-Logo-header-1.png","width":150,"height":77,"caption":"Ks Products"},"image":{"@id":"https:\/\/ksproducts.ca\/#\/schema\/logo\/image\/"}}]}},"_links":{"self":[{"href":"https:\/\/ksproducts.ca\/fr\/wp-json\/wp\/v2\/product\/11868","targetHints":{"allow":["GET"]}}],"collection":[{"href":"https:\/\/ksproducts.ca\/fr\/wp-json\/wp\/v2\/product"}],"about":[{"href":"https:\/\/ksproducts.ca\/fr\/wp-json\/wp\/v2\/types\/product"}],"replies":[{"embeddable":true,"href":"https:\/\/ksproducts.ca\/fr\/wp-json\/wp\/v2\/comments?post=11868"}],"version-history":[{"count":1,"href":"https:\/\/ksproducts.ca\/fr\/wp-json\/wp\/v2\/product\/11868\/revisions"}],"predecessor-version":[{"id":11871,"href":"https:\/\/ksproducts.ca\/fr\/wp-json\/wp\/v2\/product\/11868\/revisions\/11871"}],"wp:featuredmedia":[{"embeddable":true,"href":"https:\/\/ksproducts.ca\/fr\/wp-json\/wp\/v2\/media\/11870"}],"wp:attachment":[{"href":"https:\/\/ksproducts.ca\/fr\/wp-json\/wp\/v2\/media?parent=11868"}],"wp:term":[{"taxonomy":"product_cat","embeddable":true,"href":"https:\/\/ksproducts.ca\/fr\/wp-json\/wp\/v2\/product_cat?post=11868"},{"taxonomy":"product_tag","embeddable":true,"href":"https:\/\/ksproducts.ca\/fr\/wp-json\/wp\/v2\/product_tag?post=11868"}],"curies":[{"name":"wp","href":"https:\/\/api.w.org\/{rel}","templated":true}]}}