{"id":11872,"date":"2026-03-06T15:23:05","date_gmt":"2026-03-06T15:23:05","guid":{"rendered":"https:\/\/ksproducts.ca\/?post_type=product&#038;p=11872"},"modified":"2026-03-06T15:23:05","modified_gmt":"2026-03-06T15:23:05","slug":"veste-isolante-pour-plancha-encastrable-blackstone-36-pouces","status":"publish","type":"product","link":"https:\/\/ksproducts.ca\/fr\/product\/blackstone-36inch-drop-in-griddle-insulating-jacket\/","title":{"rendered":"Veste isolante Blackstone 36inch Drop-In Griddle"},"content":{"rendered":"<ul class=\"features-specs-list\">\n<li class=\"acumin\">La veste isolante est configur\u00e9e pour s'adapter \u00e0 la plancha Blackstone 4 br\u00fbleurs (compatible avec les configurations au gaz naturel et au propane pr\u00e9vues de la plancha)<\/li>\n<li class=\"acumin\">Fabriqu\u00e9 en acier inoxydable 304<\/li>\n<li class=\"acumin\">\u00c9quip\u00e9 d'un syst\u00e8me de drainage de l'eau et d'un port pour le passage des c\u00e2bles et des services publics.<\/li>\n<li class=\"acumin\">Bride de comptoir incluse pour une int\u00e9gration transparente dans votre comptoir<\/li>\n<li class=\"acumin\">N\u00e9cessite un soutien de sous-structure<\/li>\n<li class=\"acumin\">Requis pour l'installation d'une plaque de cuisson Blackstone 4 Burner Drop-in Griddle dans un environnement combustible.<\/li>\n<li class=\"acumin\">Garantie de 3 ans<\/li>\n<li class=\"acumin\">Dimensions : Hauteur : 9,16 pouces Largeur : 43,344 pouces Profondeur : 26,09 pouces\u201d<\/li>\n<\/ul>","protected":false},"excerpt":{"rendered":"<p>Cette gaine isolante de 36 pouces est essentielle \u00e0 la s\u00e9curit\u00e9. Con\u00e7ue pour le gril encastrable \u00e0 4 br\u00fbleurs Blackstone, cette gaine isolante est n\u00e9cessaire lors de l'installation du gril encastrable dans une enceinte combustible telle qu'une cuisine ext\u00e9rieure ou un \u00eelot de barbecue. Construite en acier inoxydable 304 durable, elle est dot\u00e9e d'un syst\u00e8me d'\u00e9vacuation de l'eau et d'un port d'acheminement des c\u00e2bles. Cette gaine isolante n\u00e9cessite un support de sous-structure. Cr\u00e9ez la cuisine ext\u00e9rieure de vos r\u00eaves et prot\u00e9gez-la avec l'enveloppe isolante de 36\u201d.<\/p>","protected":false},"featured_media":11873,"comment_status":"open","ping_status":"closed","template":"","meta":[],"product_cat":[437],"product_tag":[],"class_list":{"0":"post-11872","1":"product","2":"type-product","3":"status-publish","4":"has-post-thumbnail","6":"product_cat-covers-cases","7":"product_shipping_class-class-4","9":"first","10":"instock","11":"taxable","12":"shipping-taxable","13":"purchasable","14":"product-type-simple"},"yoast_head":"<!-- This site is optimized with the Yoast SEO plugin v27.3 - https:\/\/yoast.com\/product\/yoast-seo-wordpress\/ -->\n<title>Blackstone 36inch Drop-In Griddle Insulating Jacket - Ks Products<\/title>\n<meta name=\"robots\" content=\"index, follow, max-snippet:-1, max-image-preview:large, max-video-preview:-1\" \/>\n<link rel=\"canonical\" href=\"https:\/\/ksproducts.ca\/fr\/product\/veste-isolante-pour-plancha-encastrable-blackstone-36-pouces\/\" \/>\n<meta property=\"og:locale\" content=\"fr_CA\" \/>\n<meta property=\"og:type\" content=\"article\" \/>\n<meta property=\"og:title\" content=\"Blackstone 36inch Drop-In Griddle Insulating Jacket - Ks Products\" \/>\n<meta property=\"og:description\" content=\"This 36\u201d Insulating Jacket is a safety essential. Designed for the Blackstone 4 Burner Drop-In Griddle, this Insulated Jacket is required when installing the Drop-In Griddle into a combustible enclosure such as an outdoor kitchen or BBQ Island. Constructed of durable 304 Stainless Steel with a water drainage system and cable utility routing port. This Insulating Jacket requires substructure support. Create the outdoor kitchen of your dreams and protect it with the 36\u201d Insulating Jacket\" \/>\n<meta property=\"og:url\" content=\"https:\/\/ksproducts.ca\/fr\/product\/veste-isolante-pour-plancha-encastrable-blackstone-36-pouces\/\" \/>\n<meta property=\"og:site_name\" content=\"Ks Products\" \/>\n<meta property=\"og:image\" content=\"https:\/\/ksproducts.ca\/wp-content\/uploads\/2026\/03\/Blackstone-36inch-Drop-In-Griddle-Insulating-Jacket.webp\" \/>\n\t<meta property=\"og:image:width\" content=\"800\" \/>\n\t<meta property=\"og:image:height\" content=\"358\" \/>\n\t<meta property=\"og:image:type\" content=\"image\/webp\" \/>\n<meta name=\"twitter:card\" content=\"summary_large_image\" \/>\n<meta name=\"twitter:label1\" content=\"Estimation du temps de lecture\" \/>\n\t<meta name=\"twitter:data1\" content=\"1 minute\" \/>\n<script type=\"application\/ld+json\" class=\"yoast-schema-graph\">{\"@context\":\"https:\\\/\\\/schema.org\",\"@graph\":[{\"@type\":\"WebPage\",\"@id\":\"https:\\\/\\\/ksproducts.ca\\\/product\\\/blackstone-36inch-drop-in-griddle-insulating-jacket\\\/\",\"url\":\"https:\\\/\\\/ksproducts.ca\\\/product\\\/blackstone-36inch-drop-in-griddle-insulating-jacket\\\/\",\"name\":\"Blackstone 36inch Drop-In Griddle Insulating Jacket - Ks Products\",\"isPartOf\":{\"@id\":\"https:\\\/\\\/ksproducts.ca\\\/#website\"},\"primaryImageOfPage\":{\"@id\":\"https:\\\/\\\/ksproducts.ca\\\/product\\\/blackstone-36inch-drop-in-griddle-insulating-jacket\\\/#primaryimage\"},\"image\":{\"@id\":\"https:\\\/\\\/ksproducts.ca\\\/product\\\/blackstone-36inch-drop-in-griddle-insulating-jacket\\\/#primaryimage\"},\"thumbnailUrl\":\"https:\\\/\\\/ksproducts.ca\\\/wp-content\\\/uploads\\\/2026\\\/03\\\/Blackstone-36inch-Drop-In-Griddle-Insulating-Jacket.webp\",\"datePublished\":\"2026-03-06T15:23:05+00:00\",\"breadcrumb\":{\"@id\":\"https:\\\/\\\/ksproducts.ca\\\/product\\\/blackstone-36inch-drop-in-griddle-insulating-jacket\\\/#breadcrumb\"},\"inLanguage\":\"fr-CA\",\"potentialAction\":[{\"@type\":\"ReadAction\",\"target\":[\"https:\\\/\\\/ksproducts.ca\\\/product\\\/blackstone-36inch-drop-in-griddle-insulating-jacket\\\/\"]}]},{\"@type\":\"ImageObject\",\"inLanguage\":\"fr-CA\",\"@id\":\"https:\\\/\\\/ksproducts.ca\\\/product\\\/blackstone-36inch-drop-in-griddle-insulating-jacket\\\/#primaryimage\",\"url\":\"https:\\\/\\\/ksproducts.ca\\\/wp-content\\\/uploads\\\/2026\\\/03\\\/Blackstone-36inch-Drop-In-Griddle-Insulating-Jacket.webp\",\"contentUrl\":\"https:\\\/\\\/ksproducts.ca\\\/wp-content\\\/uploads\\\/2026\\\/03\\\/Blackstone-36inch-Drop-In-Griddle-Insulating-Jacket.webp\",\"width\":800,\"height\":358,\"caption\":\"Blackstone 36inch Drop In Griddle Insulating Jacket\"},{\"@type\":\"BreadcrumbList\",\"@id\":\"https:\\\/\\\/ksproducts.ca\\\/product\\\/blackstone-36inch-drop-in-griddle-insulating-jacket\\\/#breadcrumb\",\"itemListElement\":[{\"@type\":\"ListItem\",\"position\":1,\"name\":\"Home\",\"item\":\"https:\\\/\\\/ksproducts.ca\\\/\"},{\"@type\":\"ListItem\",\"position\":2,\"name\":\"Shop\",\"item\":\"https:\\\/\\\/ksproducts.ca\\\/shop\\\/\"},{\"@type\":\"ListItem\",\"position\":3,\"name\":\"Blackstone 36inch Drop-In Griddle Insulating Jacket\"}]},{\"@type\":\"WebSite\",\"@id\":\"https:\\\/\\\/ksproducts.ca\\\/#website\",\"url\":\"https:\\\/\\\/ksproducts.ca\\\/\",\"name\":\"Ks Products\",\"description\":\"Outdoor cooking and living, made easy in Canada\",\"publisher\":{\"@id\":\"https:\\\/\\\/ksproducts.ca\\\/#organization\"},\"potentialAction\":[{\"@type\":\"SearchAction\",\"target\":{\"@type\":\"EntryPoint\",\"urlTemplate\":\"https:\\\/\\\/ksproducts.ca\\\/?s={search_term_string}\"},\"query-input\":{\"@type\":\"PropertyValueSpecification\",\"valueRequired\":true,\"valueName\":\"search_term_string\"}}],\"inLanguage\":\"fr-CA\"},{\"@type\":\"Organization\",\"@id\":\"https:\\\/\\\/ksproducts.ca\\\/#organization\",\"name\":\"Ks Products\",\"url\":\"https:\\\/\\\/ksproducts.ca\\\/\",\"logo\":{\"@type\":\"ImageObject\",\"inLanguage\":\"fr-CA\",\"@id\":\"https:\\\/\\\/ksproducts.ca\\\/#\\\/schema\\\/logo\\\/image\\\/\",\"url\":\"https:\\\/\\\/ksproducts.ca\\\/wp-content\\\/uploads\\\/2023\\\/09\\\/Kennedy-Sales-Logo-header-1.png\",\"contentUrl\":\"https:\\\/\\\/ksproducts.ca\\\/wp-content\\\/uploads\\\/2023\\\/09\\\/Kennedy-Sales-Logo-header-1.png\",\"width\":150,\"height\":77,\"caption\":\"Ks Products\"},\"image\":{\"@id\":\"https:\\\/\\\/ksproducts.ca\\\/#\\\/schema\\\/logo\\\/image\\\/\"}}]}<\/script>\n<!-- \/ Yoast SEO plugin. -->","yoast_head_json":{"title":"Garniture isolante pour plaque de cuisson Blackstone 36 pouces - Ks Products","robots":{"index":"index","follow":"follow","max-snippet":"max-snippet:-1","max-image-preview":"max-image-preview:large","max-video-preview":"max-video-preview:-1"},"canonical":"https:\/\/ksproducts.ca\/fr\/product\/veste-isolante-pour-plancha-encastrable-blackstone-36-pouces\/","og_locale":"fr_CA","og_type":"article","og_title":"Blackstone 36inch Drop-In Griddle Insulating Jacket - Ks Products","og_description":"This 36\u201d Insulating Jacket is a safety essential. Designed for the Blackstone 4 Burner Drop-In Griddle, this Insulated Jacket is required when installing the Drop-In Griddle into a combustible enclosure such as an outdoor kitchen or BBQ Island. Constructed of durable 304 Stainless Steel with a water drainage system and cable utility routing port. This Insulating Jacket requires substructure support. Create the outdoor kitchen of your dreams and protect it with the 36\u201d Insulating Jacket","og_url":"https:\/\/ksproducts.ca\/fr\/product\/veste-isolante-pour-plancha-encastrable-blackstone-36-pouces\/","og_site_name":"Ks Products","og_image":[{"width":800,"height":358,"url":"https:\/\/ksproducts.ca\/wp-content\/uploads\/2026\/03\/Blackstone-36inch-Drop-In-Griddle-Insulating-Jacket.webp","type":"image\/webp"}],"twitter_card":"summary_large_image","twitter_misc":{"Estimation du temps de lecture":"1 minute"},"schema":{"@context":"https:\/\/schema.org","@graph":[{"@type":"WebPage","@id":"https:\/\/ksproducts.ca\/product\/blackstone-36inch-drop-in-griddle-insulating-jacket\/","url":"https:\/\/ksproducts.ca\/product\/blackstone-36inch-drop-in-griddle-insulating-jacket\/","name":"Garniture isolante pour plaque de cuisson Blackstone 36 pouces - Ks Products","isPartOf":{"@id":"https:\/\/ksproducts.ca\/#website"},"primaryImageOfPage":{"@id":"https:\/\/ksproducts.ca\/product\/blackstone-36inch-drop-in-griddle-insulating-jacket\/#primaryimage"},"image":{"@id":"https:\/\/ksproducts.ca\/product\/blackstone-36inch-drop-in-griddle-insulating-jacket\/#primaryimage"},"thumbnailUrl":"https:\/\/ksproducts.ca\/wp-content\/uploads\/2026\/03\/Blackstone-36inch-Drop-In-Griddle-Insulating-Jacket.webp","datePublished":"2026-03-06T15:23:05+00:00","breadcrumb":{"@id":"https:\/\/ksproducts.ca\/product\/blackstone-36inch-drop-in-griddle-insulating-jacket\/#breadcrumb"},"inLanguage":"fr-CA","potentialAction":[{"@type":"ReadAction","target":["https:\/\/ksproducts.ca\/product\/blackstone-36inch-drop-in-griddle-insulating-jacket\/"]}]},{"@type":"ImageObject","inLanguage":"fr-CA","@id":"https:\/\/ksproducts.ca\/product\/blackstone-36inch-drop-in-griddle-insulating-jacket\/#primaryimage","url":"https:\/\/ksproducts.ca\/wp-content\/uploads\/2026\/03\/Blackstone-36inch-Drop-In-Griddle-Insulating-Jacket.webp","contentUrl":"https:\/\/ksproducts.ca\/wp-content\/uploads\/2026\/03\/Blackstone-36inch-Drop-In-Griddle-Insulating-Jacket.webp","width":800,"height":358,"caption":"Blackstone 36inch Drop In Griddle Insulating Jacket"},{"@type":"BreadcrumbList","@id":"https:\/\/ksproducts.ca\/product\/blackstone-36inch-drop-in-griddle-insulating-jacket\/#breadcrumb","itemListElement":[{"@type":"ListItem","position":1,"name":"Home","item":"https:\/\/ksproducts.ca\/"},{"@type":"ListItem","position":2,"name":"Shop","item":"https:\/\/ksproducts.ca\/shop\/"},{"@type":"ListItem","position":3,"name":"Blackstone 36inch Drop-In Griddle Insulating Jacket"}]},{"@type":"WebSite","@id":"https:\/\/ksproducts.ca\/#website","url":"https:\/\/ksproducts.ca\/","name":"Produits Ks","description":"Cuisiner et vivre en plein air, c'est facile au Canada","publisher":{"@id":"https:\/\/ksproducts.ca\/#organization"},"potentialAction":[{"@type":"SearchAction","target":{"@type":"EntryPoint","urlTemplate":"https:\/\/ksproducts.ca\/?s={search_term_string}"},"query-input":{"@type":"PropertyValueSpecification","valueRequired":true,"valueName":"search_term_string"}}],"inLanguage":"fr-CA"},{"@type":"Organization","@id":"https:\/\/ksproducts.ca\/#organization","name":"Produits Ks","url":"https:\/\/ksproducts.ca\/","logo":{"@type":"ImageObject","inLanguage":"fr-CA","@id":"https:\/\/ksproducts.ca\/#\/schema\/logo\/image\/","url":"https:\/\/ksproducts.ca\/wp-content\/uploads\/2023\/09\/Kennedy-Sales-Logo-header-1.png","contentUrl":"https:\/\/ksproducts.ca\/wp-content\/uploads\/2023\/09\/Kennedy-Sales-Logo-header-1.png","width":150,"height":77,"caption":"Ks Products"},"image":{"@id":"https:\/\/ksproducts.ca\/#\/schema\/logo\/image\/"}}]}},"_links":{"self":[{"href":"https:\/\/ksproducts.ca\/fr\/wp-json\/wp\/v2\/product\/11872","targetHints":{"allow":["GET"]}}],"collection":[{"href":"https:\/\/ksproducts.ca\/fr\/wp-json\/wp\/v2\/product"}],"about":[{"href":"https:\/\/ksproducts.ca\/fr\/wp-json\/wp\/v2\/types\/product"}],"replies":[{"embeddable":true,"href":"https:\/\/ksproducts.ca\/fr\/wp-json\/wp\/v2\/comments?post=11872"}],"version-history":[{"count":1,"href":"https:\/\/ksproducts.ca\/fr\/wp-json\/wp\/v2\/product\/11872\/revisions"}],"predecessor-version":[{"id":11874,"href":"https:\/\/ksproducts.ca\/fr\/wp-json\/wp\/v2\/product\/11872\/revisions\/11874"}],"wp:featuredmedia":[{"embeddable":true,"href":"https:\/\/ksproducts.ca\/fr\/wp-json\/wp\/v2\/media\/11873"}],"wp:attachment":[{"href":"https:\/\/ksproducts.ca\/fr\/wp-json\/wp\/v2\/media?parent=11872"}],"wp:term":[{"taxonomy":"product_cat","embeddable":true,"href":"https:\/\/ksproducts.ca\/fr\/wp-json\/wp\/v2\/product_cat?post=11872"},{"taxonomy":"product_tag","embeddable":true,"href":"https:\/\/ksproducts.ca\/fr\/wp-json\/wp\/v2\/product_tag?post=11872"}],"curies":[{"name":"wp","href":"https:\/\/api.w.org\/{rel}","templated":true}]}}